{"id":271,"date":"2025-04-19T16:52:58","date_gmt":"2025-04-19T16:52:58","guid":{"rendered":"https:\/\/vitablanca.ma\/?post_type=product&#038;p=271"},"modified":"2025-08-30T21:28:59","modified_gmt":"2025-08-30T21:28:59","slug":"now-foods-coques-de-psyllium-entieres-454-g","status":"publish","type":"product","link":"https:\/\/vitablanca.ma\/en\/product\/now-foods-coques-de-psyllium-entieres-454-g\/","title":{"rendered":"Now Foods Glucomannan, Pure Powder, 227 g"},"content":{"rendered":"<p><a href=\"https:\/\/www.jumia.ma\/customer\/account\/login\/?tkWl=NO879DV0JNQPSNAFAMZ-62710368&return=%2Fnow-foods-glucomannane-poudre-pure-227-g-61402033.html\"><\/a><\/p>\n\n\n<p><strong>Glucomannan<\/strong>\u00a0est une fibre soluble et volumineuse d\u00e9riv\u00e9e de la racine de konjac qui peut aider \u00e0 favoriser la r\u00e9gularit\u00e9 intestinale. Le glucomannane peut \u00e9galement aider \u00e0 maintenir des taux normaux de lipides s\u00e9riques. De plus, en favorisant la sati\u00e9t\u00e9 (sensation d\u2019avoir suffisamment mang\u00e9), le glucomannane peut \u00eatre un compl\u00e9ment efficace \u00e0 un programme de contr\u00f4le du poids qui comprend une alimentation saine et un programme d\u2019exercice.<\/p>","protected":false},"excerpt":{"rendered":"<ul>\n<li>Derived from konjac root<\/li>\n<li>Healthy Weight Control<\/li>\n<li>Promotes normal cholesterol levels in healthy people<\/li>\n<li>Promotes regularity<\/li>\n<li>GMO-free<\/li>\n<li>Food supplement<\/li>\n<li>Vegetarian \u2013 Vegan<\/li>\n<li>Kosher<\/li>\n<li>Probiotics\/Enzymes\/Digestion<\/li>\n<li>Family business since 1968<\/li>\n<li>GMP quality guaranteed<\/li>\n<\/ul>","protected":false},"featured_media":274,"template":"","meta":{"om_disable_all_campaigns":false},"product_brand":[83],"product_cat":[18,3366,281,20,280,19],"product_tag":[3207,3205,3203,88,126,91,388,726,92,3204],"class_list":{"0":"post-271","1":"product","2":"type-product","3":"status-publish","4":"has-post-thumbnail","6":"product_brand-now-foods-maroc-prix","7":"product_cat-beaute-sante","8":"product_cat-complements-alimentaires-au-maroc-vitablanca","9":"product_cat-psyllium","10":"product_cat-supplements","11":"product_cat-supplements-digestifs","12":"product_cat-vitamines-supplements-dietetiques","13":"product_tag-complement-perte-de-poids-naturel","14":"product_tag-coupe-faim-naturel-efficace","15":"product_tag-glucomannane-now-foods","16":"product_tag-now-foods","17":"product_tag-now-foods-iherb","18":"product_tag-now-foods-maroc","19":"product_tag-now-foods-maroc-avis","20":"product_tag-now-foods-maroc-prix","21":"product_tag-now-foods-prix","22":"product_tag-poudre-de-konjac-pur","24":"first","25":"instock","26":"sale","27":"taxable","28":"shipping-taxable","29":"purchasable","30":"product-type-simple"},"yoast_head":"<!-- This site is optimized with the Yoast SEO plugin v27.5 - https:\/\/yoast.com\/product\/yoast-seo-wordpress\/ -->\n<title>Now Foods Glucomannane Poudre Pure 227\u202fg - Maroc Prix<\/title>\n<meta name=\"description\" content=\"Now Foods Glucomannane en poudre \u2013 227\u202fg. Fibre soluble extraite du konjac, id\u00e9ale pour la perte de poids, la sati\u00e9t\u00e9, et un transit intestinal sain.\" \/>\n<meta name=\"robots\" content=\"index, follow, max-snippet:-1, max-image-preview:large, max-video-preview:-1\" \/>\n<link rel=\"canonical\" href=\"https:\/\/vitablanca.ma\/en\/product\/now-foods-coques-de-psyllium-entieres-454-g\/\" \/>\n<meta property=\"og:locale\" content=\"en_US\" \/>\n<meta property=\"og:type\" content=\"article\" \/>\n<meta property=\"og:title\" content=\"Now Foods Glucomannane Poudre Pure 227\u202fg - Maroc Prix\" \/>\n<meta property=\"og:description\" content=\"Now Foods Glucomannane en poudre \u2013 227\u202fg. Fibre soluble extraite du konjac, id\u00e9ale pour la perte de poids, la sati\u00e9t\u00e9, et un transit intestinal sain.\" \/>\n<meta property=\"og:url\" content=\"https:\/\/vitablanca.ma\/en\/product\/now-foods-coques-de-psyllium-entieres-454-g\/\" \/>\n<meta property=\"og:site_name\" content=\"Vitablanca.ma &ndash; Sant&eacute;, vitalit&eacute; et bien-&ecirc;tre pour tous les Marocains\" \/>\n<meta property=\"article:publisher\" content=\"https:\/\/www.facebook.com\/profile.php?id=61576678196717\" \/>\n<meta property=\"article:modified_time\" content=\"2025-08-30T21:28:59+00:00\" \/>\n<meta property=\"og:image\" content=\"https:\/\/vitablanca.ma\/wp-content\/uploads\/2025\/04\/Issu-de-racine-de-konjac-iherb.jpg\" \/>\n\t<meta property=\"og:image:width\" content=\"680\" \/>\n\t<meta property=\"og:image:height\" content=\"680\" \/>\n\t<meta property=\"og:image:type\" content=\"image\/jpeg\" \/>\n<meta name=\"twitter:card\" content=\"summary_large_image\" \/>\n<meta name=\"twitter:label1\" content=\"Est. reading time\" \/>\n\t<meta name=\"twitter:data1\" content=\"1 minute\" \/>\n<script type=\"application\/ld+json\" class=\"yoast-schema-graph\">{\"@context\":\"https:\\\/\\\/schema.org\",\"@graph\":[{\"@type\":[\"WebPage\",\"ItemPage\"],\"@id\":\"https:\\\/\\\/vitablanca.ma\\\/produit\\\/now-foods-coques-de-psyllium-entieres-454-g\\\/\",\"url\":\"https:\\\/\\\/vitablanca.ma\\\/produit\\\/now-foods-coques-de-psyllium-entieres-454-g\\\/\",\"name\":\"Now Foods Glucomannane Poudre Pure 227\u202fg - Maroc Prix\",\"isPartOf\":{\"@id\":\"https:\\\/\\\/vitablanca.ma\\\/#website\"},\"primaryImageOfPage\":{\"@id\":\"https:\\\/\\\/vitablanca.ma\\\/produit\\\/now-foods-coques-de-psyllium-entieres-454-g\\\/#primaryimage\"},\"image\":{\"@id\":\"https:\\\/\\\/vitablanca.ma\\\/produit\\\/now-foods-coques-de-psyllium-entieres-454-g\\\/#primaryimage\"},\"thumbnailUrl\":\"https:\\\/\\\/vitablanca.ma\\\/wp-content\\\/uploads\\\/2025\\\/04\\\/Issu-de-racine-de-konjac-iherb.jpg\",\"datePublished\":\"2025-04-19T16:52:58+00:00\",\"dateModified\":\"2025-08-30T21:28:59+00:00\",\"description\":\"Now Foods Glucomannane en poudre \u2013 227\u202fg. Fibre soluble extraite du konjac, id\u00e9ale pour la perte de poids, la sati\u00e9t\u00e9, et un transit intestinal sain.\",\"breadcrumb\":{\"@id\":\"https:\\\/\\\/vitablanca.ma\\\/produit\\\/now-foods-coques-de-psyllium-entieres-454-g\\\/#breadcrumb\"},\"inLanguage\":\"en-US\",\"potentialAction\":[{\"@type\":\"ReadAction\",\"target\":[\"https:\\\/\\\/vitablanca.ma\\\/produit\\\/now-foods-coques-de-psyllium-entieres-454-g\\\/\"]}]},{\"@type\":\"ImageObject\",\"inLanguage\":\"en-US\",\"@id\":\"https:\\\/\\\/vitablanca.ma\\\/produit\\\/now-foods-coques-de-psyllium-entieres-454-g\\\/#primaryimage\",\"url\":\"https:\\\/\\\/vitablanca.ma\\\/wp-content\\\/uploads\\\/2025\\\/04\\\/Issu-de-racine-de-konjac-iherb.jpg\",\"contentUrl\":\"https:\\\/\\\/vitablanca.ma\\\/wp-content\\\/uploads\\\/2025\\\/04\\\/Issu-de-racine-de-konjac-iherb.jpg\",\"width\":680,\"height\":680},{\"@type\":\"BreadcrumbList\",\"@id\":\"https:\\\/\\\/vitablanca.ma\\\/produit\\\/now-foods-coques-de-psyllium-entieres-454-g\\\/#breadcrumb\",\"itemListElement\":[{\"@type\":\"ListItem\",\"position\":1,\"name\":\"Home\",\"item\":\"https:\\\/\\\/vitablanca.ma\\\/\"},{\"@type\":\"ListItem\",\"position\":2,\"name\":\"Tous Les Produits\",\"item\":\"https:\\\/\\\/vitablanca.ma\\\/tous-les-produits\\\/\"},{\"@type\":\"ListItem\",\"position\":3,\"name\":\"Now Foods Glucomannane, Poudre pure, 227 g\"}]},{\"@type\":\"WebSite\",\"@id\":\"https:\\\/\\\/vitablanca.ma\\\/#website\",\"url\":\"https:\\\/\\\/vitablanca.ma\\\/\",\"name\":\"VitaBlanca.ma | Compl\u00e9ments alimentaires, sant\u00e9 & beaut\u00e9 au Maroc\",\"description\":\"vendre vitamines et compl\u00e9ments premium des USA &amp; Canada, Nouvelle Z\u00e9lande,Maroc (NOW Foods, Solgar, Manuka). Livraison rapide partout au Maroc.\",\"publisher\":{\"@id\":\"https:\\\/\\\/vitablanca.ma\\\/#organization\"},\"alternateName\":\"VitaBlanca.ma\",\"potentialAction\":[{\"@type\":\"SearchAction\",\"target\":{\"@type\":\"EntryPoint\",\"urlTemplate\":\"https:\\\/\\\/vitablanca.ma\\\/?s={search_term_string}\"},\"query-input\":{\"@type\":\"PropertyValueSpecification\",\"valueRequired\":true,\"valueName\":\"search_term_string\"}}],\"inLanguage\":\"en-US\"},{\"@type\":\"Organization\",\"@id\":\"https:\\\/\\\/vitablanca.ma\\\/#organization\",\"name\":\"VitaBlanca\",\"url\":\"https:\\\/\\\/vitablanca.ma\\\/\",\"logo\":{\"@type\":\"ImageObject\",\"inLanguage\":\"en-US\",\"@id\":\"https:\\\/\\\/vitablanca.ma\\\/#\\\/schema\\\/logo\\\/image\\\/\",\"url\":\"https:\\\/\\\/vitablanca.ma\\\/wp-content\\\/uploads\\\/2025\\\/05\\\/cropped-vitablanca.png\",\"contentUrl\":\"https:\\\/\\\/vitablanca.ma\\\/wp-content\\\/uploads\\\/2025\\\/05\\\/cropped-vitablanca.png\",\"width\":360,\"height\":67,\"caption\":\"VitaBlanca\"},\"image\":{\"@id\":\"https:\\\/\\\/vitablanca.ma\\\/#\\\/schema\\\/logo\\\/image\\\/\"},\"sameAs\":[\"https:\\\/\\\/www.facebook.com\\\/profile.php?id=61576678196717\",\"https:\\\/\\\/www.tiktok.com\\\/@vitablanca.ma\",\"https:\\\/\\\/www.instagram.com\\\/vitablanca.ma\\\/\"]}]}<\/script>\n<!-- \/ Yoast SEO plugin. -->","yoast_head_json":{"title":"Now Foods Glucomannan Powder Pure 227g - Morocco Price","description":"Now Foods Glucomannan Powder \u2013 227g. Soluble fiber extracted from konjac, ideal for weight loss, satiety, and healthy bowel movements.","robots":{"index":"index","follow":"follow","max-snippet":"max-snippet:-1","max-image-preview":"max-image-preview:large","max-video-preview":"max-video-preview:-1"},"canonical":"https:\/\/vitablanca.ma\/en\/product\/now-foods-coques-de-psyllium-entieres-454-g\/","og_locale":"en_US","og_type":"article","og_title":"Now Foods Glucomannane Poudre Pure 227\u202fg - Maroc Prix","og_description":"Now Foods Glucomannane en poudre \u2013 227\u202fg. Fibre soluble extraite du konjac, id\u00e9ale pour la perte de poids, la sati\u00e9t\u00e9, et un transit intestinal sain.","og_url":"https:\/\/vitablanca.ma\/en\/product\/now-foods-coques-de-psyllium-entieres-454-g\/","og_site_name":"Vitablanca.ma &ndash; Sant&eacute;, vitalit&eacute; et bien-&ecirc;tre pour tous les Marocains","article_publisher":"https:\/\/www.facebook.com\/profile.php?id=61576678196717","article_modified_time":"2025-08-30T21:28:59+00:00","og_image":[{"width":680,"height":680,"url":"https:\/\/vitablanca.ma\/wp-content\/uploads\/2025\/04\/Issu-de-racine-de-konjac-iherb.jpg","type":"image\/jpeg"}],"twitter_card":"summary_large_image","twitter_misc":{"Est. reading time":"1 minute"},"schema":{"@context":"https:\/\/schema.org","@graph":[{"@type":["WebPage","ItemPage"],"@id":"https:\/\/vitablanca.ma\/produit\/now-foods-coques-de-psyllium-entieres-454-g\/","url":"https:\/\/vitablanca.ma\/produit\/now-foods-coques-de-psyllium-entieres-454-g\/","name":"Now Foods Glucomannan Powder Pure 227g - Morocco Price","isPartOf":{"@id":"https:\/\/vitablanca.ma\/#website"},"primaryImageOfPage":{"@id":"https:\/\/vitablanca.ma\/produit\/now-foods-coques-de-psyllium-entieres-454-g\/#primaryimage"},"image":{"@id":"https:\/\/vitablanca.ma\/produit\/now-foods-coques-de-psyllium-entieres-454-g\/#primaryimage"},"thumbnailUrl":"https:\/\/vitablanca.ma\/wp-content\/uploads\/2025\/04\/Issu-de-racine-de-konjac-iherb.jpg","datePublished":"2025-04-19T16:52:58+00:00","dateModified":"2025-08-30T21:28:59+00:00","description":"Now Foods Glucomannan Powder \u2013 227g. Soluble fiber extracted from konjac, ideal for weight loss, satiety, and healthy bowel movements.","breadcrumb":{"@id":"https:\/\/vitablanca.ma\/produit\/now-foods-coques-de-psyllium-entieres-454-g\/#breadcrumb"},"inLanguage":"en-US","potentialAction":[{"@type":"ReadAction","target":["https:\/\/vitablanca.ma\/produit\/now-foods-coques-de-psyllium-entieres-454-g\/"]}]},{"@type":"ImageObject","inLanguage":"en-US","@id":"https:\/\/vitablanca.ma\/produit\/now-foods-coques-de-psyllium-entieres-454-g\/#primaryimage","url":"https:\/\/vitablanca.ma\/wp-content\/uploads\/2025\/04\/Issu-de-racine-de-konjac-iherb.jpg","contentUrl":"https:\/\/vitablanca.ma\/wp-content\/uploads\/2025\/04\/Issu-de-racine-de-konjac-iherb.jpg","width":680,"height":680},{"@type":"BreadcrumbList","@id":"https:\/\/vitablanca.ma\/produit\/now-foods-coques-de-psyllium-entieres-454-g\/#breadcrumb","itemListElement":[{"@type":"ListItem","position":1,"name":"Home","item":"https:\/\/vitablanca.ma\/"},{"@type":"ListItem","position":2,"name":"Tous Les Produits","item":"https:\/\/vitablanca.ma\/tous-les-produits\/"},{"@type":"ListItem","position":3,"name":"Now Foods Glucomannane, Poudre pure, 227 g"}]},{"@type":"WebSite","@id":"https:\/\/vitablanca.ma\/#website","url":"https:\/\/vitablanca.ma\/","name":"VitaBlanca.ma | Food supplements, health &amp; beauty in Morocco","description":"sell premium vitamins and supplements from USA &amp; Canada, New Zealand, Morocco (NOW Foods, Solgar, Manuka). Fast delivery anywhere in Morocco.","publisher":{"@id":"https:\/\/vitablanca.ma\/#organization"},"alternateName":"VitaBlanca.ma","potentialAction":[{"@type":"SearchAction","target":{"@type":"EntryPoint","urlTemplate":"https:\/\/vitablanca.ma\/?s={search_term_string}"},"query-input":{"@type":"PropertyValueSpecification","valueRequired":true,"valueName":"search_term_string"}}],"inLanguage":"en-US"},{"@type":"Organization","@id":"https:\/\/vitablanca.ma\/#organization","name":"VitaBlanca","url":"https:\/\/vitablanca.ma\/","logo":{"@type":"ImageObject","inLanguage":"en-US","@id":"https:\/\/vitablanca.ma\/#\/schema\/logo\/image\/","url":"https:\/\/vitablanca.ma\/wp-content\/uploads\/2025\/05\/cropped-vitablanca.png","contentUrl":"https:\/\/vitablanca.ma\/wp-content\/uploads\/2025\/05\/cropped-vitablanca.png","width":360,"height":67,"caption":"VitaBlanca"},"image":{"@id":"https:\/\/vitablanca.ma\/#\/schema\/logo\/image\/"},"sameAs":["https:\/\/www.facebook.com\/profile.php?id=61576678196717","https:\/\/www.tiktok.com\/@vitablanca.ma","https:\/\/www.instagram.com\/vitablanca.ma\/"]}]}},"jetpack_sharing_enabled":true,"_links":{"self":[{"href":"https:\/\/vitablanca.ma\/en\/wp-json\/wp\/v2\/product\/271","targetHints":{"allow":["GET"]}}],"collection":[{"href":"https:\/\/vitablanca.ma\/en\/wp-json\/wp\/v2\/product"}],"about":[{"href":"https:\/\/vitablanca.ma\/en\/wp-json\/wp\/v2\/types\/product"}],"wp:featuredmedia":[{"embeddable":true,"href":"https:\/\/vitablanca.ma\/en\/wp-json\/wp\/v2\/media\/274"}],"wp:attachment":[{"href":"https:\/\/vitablanca.ma\/en\/wp-json\/wp\/v2\/media?parent=271"}],"wp:term":[{"taxonomy":"product_brand","embeddable":true,"href":"https:\/\/vitablanca.ma\/en\/wp-json\/wp\/v2\/product_brand?post=271"},{"taxonomy":"product_cat","embeddable":true,"href":"https:\/\/vitablanca.ma\/en\/wp-json\/wp\/v2\/product_cat?post=271"},{"taxonomy":"product_tag","embeddable":true,"href":"https:\/\/vitablanca.ma\/en\/wp-json\/wp\/v2\/product_tag?post=271"}],"curies":[{"name":"wp","href":"https:\/\/api.w.org\/{rel}","templated":true}]}}