{"id":27043,"date":"2025-12-02T20:49:43","date_gmt":"2025-12-02T20:49:43","guid":{"rendered":"https:\/\/vitablanca.ma\/?post_type=product&#038;p=27043"},"modified":"2026-02-20T02:50:23","modified_gmt":"2026-02-20T02:50:23","slug":"solgar-glucosamine-chondroitine-msm-puissance-triple-120-comprimes-maroc-prix","status":"publish","type":"product","link":"https:\/\/vitablanca.ma\/en\/product\/solgar-glucosamine-chondroitine-msm-puissance-triple-120-comprimes-maroc-prix\/","title":{"rendered":"Solgar Glucosamine Chondro\u00eftine MSM, Puissance triple, 120 comprim\u00e9s"},"content":{"rendered":"<p>La glucosamine favorise la sant\u00e9 des articulations et agit nutritionnellement pour promouvoir le cadre structurel des articulations saines. La glucosamine et la chondro\u00eftine fournissent toutes deux des glycosaminoglycanes, un mat\u00e9riau structurel essentiel \u00e0 la sant\u00e9 du cartilage qui favorise la mobilit\u00e9, l\u2019amplitude des mouvements et la flexibilit\u00e9 et qui soulage le stress articulaire occasionnel d\u00fb \u00e0 l\u2019effort ou \u00e0 l\u2019activit\u00e9 physique. Le MSM (m\u00e9thyl-sulfonyl-m\u00e9thane) fournit une source naturelle et biodisponible de soufre.<\/p>\r\n\r\n\r\n\r\n<p>Suggested Use<\/p>\r\n\r\n\r\n\r\n<p>Indications pour adultes : prendre deux (2) comprim\u00e9s par jour comme compl\u00e9ment alimentaire, de pr\u00e9f\u00e9rence pendant les repas<\/p>","protected":false},"excerpt":{"rendered":"<p>Sans fruits de mer Favorise la sant\u00e9 des articulations Contribue au confort des mouvements Sans bl\u00e9 ni produits laitiers Certifi\u00e9 sans gluten Compl\u00e9ment alimentaire OptiMSM\u00ae La glucosamine favorise la sant\u00e9 des articulations et agit nutritionnellement pour promouvoir le cadre structurel des articulations saines.<\/p>","protected":false},"featured_media":27045,"template":"","meta":{"om_disable_all_campaigns":false},"product_brand":[42],"product_cat":[18,40,41,20,19],"product_tag":[5079,5176,5171,895,5175,1853,5173,5174,3882,5172,522,208,5170,1067],"class_list":{"0":"post-27043","1":"product","2":"type-product","3":"status-publish","4":"has-post-thumbnail","6":"product_brand-solgar-prix-maroc","7":"product_cat-beaute-sante","8":"product_cat-chondroitine-glucosamine","9":"product_cat-glucosamine","10":"product_cat-supplements","11":"product_cat-vitamines-supplements-dietetiques","12":"product_tag-articulations","13":"product_tag-cartilage","14":"product_tag-chondroitine","15":"product_tag-complement-articulations","16":"product_tag-confort-articulaire","17":"product_tag-douleurs-articulaires","18":"product_tag-glucosamine","19":"product_tag-joint-support","20":"product_tag-mobilite","21":"product_tag-msm","22":"product_tag-sante-des-articulations","23":"product_tag-solgar","24":"product_tag-triple-puissance","25":"product_tag-vitamines-solgar","27":"first","28":"instock","29":"sale","30":"taxable","31":"shipping-taxable","32":"purchasable","33":"product-type-simple"},"yoast_head":"<!-- This site is optimized with the Yoast SEO plugin v27.5 - https:\/\/yoast.com\/product\/yoast-seo-wordpress\/ -->\n<title>Solgar Glucosamine Chondro\u00eftine MSM 120 Comprimes - Maroc<\/title>\n<meta name=\"description\" content=\"Solgar Glucosamine Chondro\u00eftine MSM Puissance Triple Formule avanc\u00e9e pour articulations, cartilage et mobilit\u00e9. Soutien naturel pour confort quotidien\" \/>\n<meta name=\"robots\" content=\"index, follow, max-snippet:-1, max-image-preview:large, max-video-preview:-1\" \/>\n<link rel=\"canonical\" href=\"https:\/\/vitablanca.ma\/en\/product\/solgar-glucosamine-chondroitine-msm-puissance-triple-120-comprimes-maroc-prix\/\" \/>\n<meta property=\"og:locale\" content=\"en_US\" \/>\n<meta property=\"og:type\" content=\"article\" \/>\n<meta property=\"og:title\" content=\"Solgar Glucosamine Chondro\u00eftine MSM 120 Comprimes - Maroc\" \/>\n<meta property=\"og:description\" content=\"Solgar Glucosamine Chondro\u00eftine MSM Puissance Triple Formule avanc\u00e9e pour articulations, cartilage et mobilit\u00e9. Soutien naturel pour confort quotidien\" \/>\n<meta property=\"og:url\" content=\"https:\/\/vitablanca.ma\/en\/product\/solgar-glucosamine-chondroitine-msm-puissance-triple-120-comprimes-maroc-prix\/\" \/>\n<meta property=\"og:site_name\" content=\"Vitablanca.ma &ndash; Sant&eacute;, vitalit&eacute; et bien-&ecirc;tre pour tous les Marocains\" \/>\n<meta property=\"article:publisher\" content=\"https:\/\/www.facebook.com\/profile.php?id=61576678196717\" \/>\n<meta property=\"article:modified_time\" content=\"2026-02-20T02:50:23+00:00\" \/>\n<meta property=\"og:image\" content=\"https:\/\/vitablanca.ma\/wp-content\/uploads\/2025\/12\/solgar-glucosamine-chondroitine-msm-puissance-triple-120-comprimes.jpg\" \/>\n\t<meta property=\"og:image:width\" content=\"680\" \/>\n\t<meta property=\"og:image:height\" content=\"680\" \/>\n\t<meta property=\"og:image:type\" content=\"image\/jpeg\" \/>\n<meta name=\"twitter:card\" content=\"summary_large_image\" \/>\n<meta name=\"twitter:label1\" content=\"Est. reading time\" \/>\n\t<meta name=\"twitter:data1\" content=\"1 minute\" \/>\n<script type=\"application\/ld+json\" class=\"yoast-schema-graph\">{\"@context\":\"https:\\\/\\\/schema.org\",\"@graph\":[{\"@type\":[\"WebPage\",\"ItemPage\"],\"@id\":\"https:\\\/\\\/vitablanca.ma\\\/produit\\\/solgar-glucosamine-chondroitine-msm-puissance-triple-120-comprimes-maroc-prix\\\/\",\"url\":\"https:\\\/\\\/vitablanca.ma\\\/produit\\\/solgar-glucosamine-chondroitine-msm-puissance-triple-120-comprimes-maroc-prix\\\/\",\"name\":\"Solgar Glucosamine Chondro\u00eftine MSM 120 Comprimes - Maroc\",\"isPartOf\":{\"@id\":\"https:\\\/\\\/vitablanca.ma\\\/#website\"},\"primaryImageOfPage\":{\"@id\":\"https:\\\/\\\/vitablanca.ma\\\/produit\\\/solgar-glucosamine-chondroitine-msm-puissance-triple-120-comprimes-maroc-prix\\\/#primaryimage\"},\"image\":{\"@id\":\"https:\\\/\\\/vitablanca.ma\\\/produit\\\/solgar-glucosamine-chondroitine-msm-puissance-triple-120-comprimes-maroc-prix\\\/#primaryimage\"},\"thumbnailUrl\":\"https:\\\/\\\/vitablanca.ma\\\/wp-content\\\/uploads\\\/2025\\\/12\\\/solgar-glucosamine-chondroitine-msm-puissance-triple-120-comprimes.jpg\",\"datePublished\":\"2025-12-02T20:49:43+00:00\",\"dateModified\":\"2026-02-20T02:50:23+00:00\",\"description\":\"Solgar Glucosamine Chondro\u00eftine MSM Puissance Triple Formule avanc\u00e9e pour articulations, cartilage et mobilit\u00e9. Soutien naturel pour confort quotidien\",\"breadcrumb\":{\"@id\":\"https:\\\/\\\/vitablanca.ma\\\/produit\\\/solgar-glucosamine-chondroitine-msm-puissance-triple-120-comprimes-maroc-prix\\\/#breadcrumb\"},\"inLanguage\":\"en-US\",\"potentialAction\":[{\"@type\":\"ReadAction\",\"target\":[\"https:\\\/\\\/vitablanca.ma\\\/produit\\\/solgar-glucosamine-chondroitine-msm-puissance-triple-120-comprimes-maroc-prix\\\/\"]}]},{\"@type\":\"ImageObject\",\"inLanguage\":\"en-US\",\"@id\":\"https:\\\/\\\/vitablanca.ma\\\/produit\\\/solgar-glucosamine-chondroitine-msm-puissance-triple-120-comprimes-maroc-prix\\\/#primaryimage\",\"url\":\"https:\\\/\\\/vitablanca.ma\\\/wp-content\\\/uploads\\\/2025\\\/12\\\/solgar-glucosamine-chondroitine-msm-puissance-triple-120-comprimes.jpg\",\"contentUrl\":\"https:\\\/\\\/vitablanca.ma\\\/wp-content\\\/uploads\\\/2025\\\/12\\\/solgar-glucosamine-chondroitine-msm-puissance-triple-120-comprimes.jpg\",\"width\":680,\"height\":680},{\"@type\":\"BreadcrumbList\",\"@id\":\"https:\\\/\\\/vitablanca.ma\\\/produit\\\/solgar-glucosamine-chondroitine-msm-puissance-triple-120-comprimes-maroc-prix\\\/#breadcrumb\",\"itemListElement\":[{\"@type\":\"ListItem\",\"position\":1,\"name\":\"Home\",\"item\":\"https:\\\/\\\/vitablanca.ma\\\/\"},{\"@type\":\"ListItem\",\"position\":2,\"name\":\"Tous Les Produits\",\"item\":\"https:\\\/\\\/vitablanca.ma\\\/tous-les-produits\\\/\"},{\"@type\":\"ListItem\",\"position\":3,\"name\":\"Solgar Glucosamine Chondro\u00eftine MSM, Puissance triple, 120 comprim\u00e9s\"}]},{\"@type\":\"WebSite\",\"@id\":\"https:\\\/\\\/vitablanca.ma\\\/#website\",\"url\":\"https:\\\/\\\/vitablanca.ma\\\/\",\"name\":\"VitaBlanca.ma | Compl\u00e9ments alimentaires, sant\u00e9 & beaut\u00e9 au Maroc\",\"description\":\"vendre vitamines et compl\u00e9ments premium des USA &amp; Canada, Nouvelle Z\u00e9lande,Maroc (NOW Foods, Solgar, Manuka). Livraison rapide partout au Maroc.\",\"publisher\":{\"@id\":\"https:\\\/\\\/vitablanca.ma\\\/#organization\"},\"alternateName\":\"VitaBlanca.ma\",\"potentialAction\":[{\"@type\":\"SearchAction\",\"target\":{\"@type\":\"EntryPoint\",\"urlTemplate\":\"https:\\\/\\\/vitablanca.ma\\\/?s={search_term_string}\"},\"query-input\":{\"@type\":\"PropertyValueSpecification\",\"valueRequired\":true,\"valueName\":\"search_term_string\"}}],\"inLanguage\":\"en-US\"},{\"@type\":\"Organization\",\"@id\":\"https:\\\/\\\/vitablanca.ma\\\/#organization\",\"name\":\"VitaBlanca\",\"url\":\"https:\\\/\\\/vitablanca.ma\\\/\",\"logo\":{\"@type\":\"ImageObject\",\"inLanguage\":\"en-US\",\"@id\":\"https:\\\/\\\/vitablanca.ma\\\/#\\\/schema\\\/logo\\\/image\\\/\",\"url\":\"https:\\\/\\\/vitablanca.ma\\\/wp-content\\\/uploads\\\/2025\\\/05\\\/cropped-vitablanca.png\",\"contentUrl\":\"https:\\\/\\\/vitablanca.ma\\\/wp-content\\\/uploads\\\/2025\\\/05\\\/cropped-vitablanca.png\",\"width\":360,\"height\":67,\"caption\":\"VitaBlanca\"},\"image\":{\"@id\":\"https:\\\/\\\/vitablanca.ma\\\/#\\\/schema\\\/logo\\\/image\\\/\"},\"sameAs\":[\"https:\\\/\\\/www.facebook.com\\\/profile.php?id=61576678196717\",\"https:\\\/\\\/www.tiktok.com\\\/@vitablanca.ma\",\"https:\\\/\\\/www.instagram.com\\\/vitablanca.ma\\\/\"]}]}<\/script>\n<!-- \/ Yoast SEO plugin. -->","yoast_head_json":{"title":"Solgar Glucosamine Chondro\u00eftine MSM 120 Comprimes - Maroc","description":"Solgar Glucosamine Chondro\u00eftine MSM Puissance Triple Formule avanc\u00e9e pour articulations, cartilage et mobilit\u00e9. Soutien naturel pour confort quotidien","robots":{"index":"index","follow":"follow","max-snippet":"max-snippet:-1","max-image-preview":"max-image-preview:large","max-video-preview":"max-video-preview:-1"},"canonical":"https:\/\/vitablanca.ma\/en\/product\/solgar-glucosamine-chondroitine-msm-puissance-triple-120-comprimes-maroc-prix\/","og_locale":"en_US","og_type":"article","og_title":"Solgar Glucosamine Chondro\u00eftine MSM 120 Comprimes - Maroc","og_description":"Solgar Glucosamine Chondro\u00eftine MSM Puissance Triple Formule avanc\u00e9e pour articulations, cartilage et mobilit\u00e9. Soutien naturel pour confort quotidien","og_url":"https:\/\/vitablanca.ma\/en\/product\/solgar-glucosamine-chondroitine-msm-puissance-triple-120-comprimes-maroc-prix\/","og_site_name":"Vitablanca.ma &ndash; Sant&eacute;, vitalit&eacute; et bien-&ecirc;tre pour tous les Marocains","article_publisher":"https:\/\/www.facebook.com\/profile.php?id=61576678196717","article_modified_time":"2026-02-20T02:50:23+00:00","og_image":[{"width":680,"height":680,"url":"https:\/\/vitablanca.ma\/wp-content\/uploads\/2025\/12\/solgar-glucosamine-chondroitine-msm-puissance-triple-120-comprimes.jpg","type":"image\/jpeg"}],"twitter_card":"summary_large_image","twitter_misc":{"Est. reading time":"1 minute"},"schema":{"@context":"https:\/\/schema.org","@graph":[{"@type":["WebPage","ItemPage"],"@id":"https:\/\/vitablanca.ma\/produit\/solgar-glucosamine-chondroitine-msm-puissance-triple-120-comprimes-maroc-prix\/","url":"https:\/\/vitablanca.ma\/produit\/solgar-glucosamine-chondroitine-msm-puissance-triple-120-comprimes-maroc-prix\/","name":"Solgar Glucosamine Chondro\u00eftine MSM 120 Comprimes - Maroc","isPartOf":{"@id":"https:\/\/vitablanca.ma\/#website"},"primaryImageOfPage":{"@id":"https:\/\/vitablanca.ma\/produit\/solgar-glucosamine-chondroitine-msm-puissance-triple-120-comprimes-maroc-prix\/#primaryimage"},"image":{"@id":"https:\/\/vitablanca.ma\/produit\/solgar-glucosamine-chondroitine-msm-puissance-triple-120-comprimes-maroc-prix\/#primaryimage"},"thumbnailUrl":"https:\/\/vitablanca.ma\/wp-content\/uploads\/2025\/12\/solgar-glucosamine-chondroitine-msm-puissance-triple-120-comprimes.jpg","datePublished":"2025-12-02T20:49:43+00:00","dateModified":"2026-02-20T02:50:23+00:00","description":"Solgar Glucosamine Chondro\u00eftine MSM Puissance Triple Formule avanc\u00e9e pour articulations, cartilage et mobilit\u00e9. Soutien naturel pour confort quotidien","breadcrumb":{"@id":"https:\/\/vitablanca.ma\/produit\/solgar-glucosamine-chondroitine-msm-puissance-triple-120-comprimes-maroc-prix\/#breadcrumb"},"inLanguage":"en-US","potentialAction":[{"@type":"ReadAction","target":["https:\/\/vitablanca.ma\/produit\/solgar-glucosamine-chondroitine-msm-puissance-triple-120-comprimes-maroc-prix\/"]}]},{"@type":"ImageObject","inLanguage":"en-US","@id":"https:\/\/vitablanca.ma\/produit\/solgar-glucosamine-chondroitine-msm-puissance-triple-120-comprimes-maroc-prix\/#primaryimage","url":"https:\/\/vitablanca.ma\/wp-content\/uploads\/2025\/12\/solgar-glucosamine-chondroitine-msm-puissance-triple-120-comprimes.jpg","contentUrl":"https:\/\/vitablanca.ma\/wp-content\/uploads\/2025\/12\/solgar-glucosamine-chondroitine-msm-puissance-triple-120-comprimes.jpg","width":680,"height":680},{"@type":"BreadcrumbList","@id":"https:\/\/vitablanca.ma\/produit\/solgar-glucosamine-chondroitine-msm-puissance-triple-120-comprimes-maroc-prix\/#breadcrumb","itemListElement":[{"@type":"ListItem","position":1,"name":"Home","item":"https:\/\/vitablanca.ma\/"},{"@type":"ListItem","position":2,"name":"Tous Les Produits","item":"https:\/\/vitablanca.ma\/tous-les-produits\/"},{"@type":"ListItem","position":3,"name":"Solgar Glucosamine Chondro\u00eftine MSM, Puissance triple, 120 comprim\u00e9s"}]},{"@type":"WebSite","@id":"https:\/\/vitablanca.ma\/#website","url":"https:\/\/vitablanca.ma\/","name":"VitaBlanca.ma | Food supplements, health &amp; beauty in Morocco","description":"sell premium vitamins and supplements from USA &amp; Canada, New Zealand, Morocco (NOW Foods, Solgar, Manuka). Fast delivery anywhere in Morocco.","publisher":{"@id":"https:\/\/vitablanca.ma\/#organization"},"alternateName":"VitaBlanca.ma","potentialAction":[{"@type":"SearchAction","target":{"@type":"EntryPoint","urlTemplate":"https:\/\/vitablanca.ma\/?s={search_term_string}"},"query-input":{"@type":"PropertyValueSpecification","valueRequired":true,"valueName":"search_term_string"}}],"inLanguage":"en-US"},{"@type":"Organization","@id":"https:\/\/vitablanca.ma\/#organization","name":"VitaBlanca","url":"https:\/\/vitablanca.ma\/","logo":{"@type":"ImageObject","inLanguage":"en-US","@id":"https:\/\/vitablanca.ma\/#\/schema\/logo\/image\/","url":"https:\/\/vitablanca.ma\/wp-content\/uploads\/2025\/05\/cropped-vitablanca.png","contentUrl":"https:\/\/vitablanca.ma\/wp-content\/uploads\/2025\/05\/cropped-vitablanca.png","width":360,"height":67,"caption":"VitaBlanca"},"image":{"@id":"https:\/\/vitablanca.ma\/#\/schema\/logo\/image\/"},"sameAs":["https:\/\/www.facebook.com\/profile.php?id=61576678196717","https:\/\/www.tiktok.com\/@vitablanca.ma","https:\/\/www.instagram.com\/vitablanca.ma\/"]}]}},"jetpack_sharing_enabled":true,"_links":{"self":[{"href":"https:\/\/vitablanca.ma\/en\/wp-json\/wp\/v2\/product\/27043","targetHints":{"allow":["GET"]}}],"collection":[{"href":"https:\/\/vitablanca.ma\/en\/wp-json\/wp\/v2\/product"}],"about":[{"href":"https:\/\/vitablanca.ma\/en\/wp-json\/wp\/v2\/types\/product"}],"wp:featuredmedia":[{"embeddable":true,"href":"https:\/\/vitablanca.ma\/en\/wp-json\/wp\/v2\/media\/27045"}],"wp:attachment":[{"href":"https:\/\/vitablanca.ma\/en\/wp-json\/wp\/v2\/media?parent=27043"}],"wp:term":[{"taxonomy":"product_brand","embeddable":true,"href":"https:\/\/vitablanca.ma\/en\/wp-json\/wp\/v2\/product_brand?post=27043"},{"taxonomy":"product_cat","embeddable":true,"href":"https:\/\/vitablanca.ma\/en\/wp-json\/wp\/v2\/product_cat?post=27043"},{"taxonomy":"product_tag","embeddable":true,"href":"https:\/\/vitablanca.ma\/en\/wp-json\/wp\/v2\/product_tag?post=27043"}],"curies":[{"name":"wp","href":"https:\/\/api.w.org\/{rel}","templated":true}]}}