{"id":26921,"date":"2025-11-25T23:04:56","date_gmt":"2025-11-25T23:04:56","guid":{"rendered":"https:\/\/vitablanca.ma\/?post_type=product&#038;p=26921"},"modified":"2026-01-21T13:56:07","modified_gmt":"2026-01-21T13:56:07","slug":"nutricost-alpha-gpc-600-mgdeveloppement-du-cerveau-60-capsules-prix-maroc","status":"publish","type":"product","link":"https:\/\/vitablanca.ma\/en\/product\/nutricost-alpha-gpc-600-mgdeveloppement-du-cerveau-60-capsules-prix-maroc\/","title":{"rendered":"Nutricost Alpha GPC, 600 mg,D\u00e9veloppement du Cerveau 60 capsules"},"content":{"rendered":"<p>L&rsquo;alpha-GPC est un compos\u00e9 de choline naturel qui favorise une meilleure fonction c\u00e9r\u00e9brale. Bien que la choline soit un nutriment essentiel, de nombreuses personnes n&rsquo;en consomment pas suffisamment. Comme la choline est n\u00e9cessaire pour \u00eatre en bonne sant\u00e9, un faible taux de choline peut avoir un impact sur la fonction h\u00e9patique, le d\u00e9veloppement du cerveau, les mouvements musculaires, le syst\u00e8me nerveux et la fonction m\u00e9tabolique.<\/p>","protected":false},"excerpt":{"rendered":"<p>L&rsquo;alpha-GPC est un compos\u00e9 de choline naturel qui favorise une meilleure fonction c\u00e9r\u00e9brale. Bien que la choline soit un nutriment essentiel, de nombreuses personnes n&rsquo;en consomment pas suffisamment. Comme la choline est n\u00e9cessaire pour \u00eatre en bonne sant\u00e9, un faible taux de choline peut avoir un impact sur la fonction h\u00e9patique, le d\u00e9veloppement du cerveau, [&hellip;]<\/p>\n","protected":false},"featured_media":26923,"template":"","meta":{"om_disable_all_campaigns":false},"product_brand":[3310],"product_cat":[95,18,20,19],"product_tag":[5049,5043,5048,3911,5045,5047,5044,872,5046,5038],"class_list":{"0":"post-26921","1":"product","2":"type-product","3":"status-publish","4":"has-post-thumbnail","6":"product_brand-nutricost-maroc-prix","7":"product_cat-antioxydants","8":"product_cat-beaute-sante","9":"product_cat-supplements","10":"product_cat-vitamines-supplements-dietetiques","11":"product_tag-acetylcholine","12":"product_tag-alpha-gpc-600-mg","13":"product_tag-alpha-gpc-nutricost","14":"product_tag-clarte-mentale","15":"product_tag-complement-cerebral","16":"product_tag-developpement-du-cerveau","17":"product_tag-fonction-cognitive","18":"product_tag-memoire-et-concentration","19":"product_tag-performance-mentale","20":"product_tag-sante-cerebrale","22":"first","23":"instock","24":"taxable","25":"shipping-taxable","26":"purchasable","27":"product-type-simple"},"yoast_head":"<!-- This site is optimized with the Yoast SEO plugin v27.3 - https:\/\/yoast.com\/product\/yoast-seo-wordpress\/ -->\n<title>Nutricost Alpha GPC 600 mg 60 capsules - Maroc Prix<\/title>\n<meta name=\"description\" content=\"Nutricost Alpha GPC 600 mg, 60 capsules. Soutien m\u00e9moire, concentration et d\u00e9veloppement c\u00e9r\u00e9bral pour performance mentale et clart\u00e9 mentale.\" \/>\n<meta name=\"robots\" content=\"index, follow, max-snippet:-1, max-image-preview:large, max-video-preview:-1\" \/>\n<link rel=\"canonical\" href=\"https:\/\/vitablanca.ma\/en\/product\/nutricost-alpha-gpc-600-mgdeveloppement-du-cerveau-60-capsules-prix-maroc\/\" \/>\n<meta property=\"og:locale\" content=\"en_US\" \/>\n<meta property=\"og:type\" content=\"article\" \/>\n<meta property=\"og:title\" content=\"Nutricost Alpha GPC 600 mg 60 capsules - Maroc Prix\" \/>\n<meta property=\"og:description\" content=\"Nutricost Alpha GPC 600 mg, 60 capsules. Soutien m\u00e9moire, concentration et d\u00e9veloppement c\u00e9r\u00e9bral pour performance mentale et clart\u00e9 mentale.\" \/>\n<meta property=\"og:url\" content=\"https:\/\/vitablanca.ma\/en\/product\/nutricost-alpha-gpc-600-mgdeveloppement-du-cerveau-60-capsules-prix-maroc\/\" \/>\n<meta property=\"og:site_name\" content=\"Vitablanca.ma &ndash; Sant&eacute;, vitalit&eacute; et bien-&ecirc;tre pour tous les Marocains\" \/>\n<meta property=\"article:publisher\" content=\"https:\/\/www.facebook.com\/profile.php?id=61576678196717\" \/>\n<meta property=\"article:modified_time\" content=\"2026-01-21T13:56:07+00:00\" \/>\n<meta property=\"og:image\" content=\"https:\/\/vitablanca.ma\/wp-content\/uploads\/2025\/11\/nutricost-alpha-gpc-600-mgdeveloppement-du-cerveau-60-capsules.jpg\" \/>\n\t<meta property=\"og:image:width\" content=\"680\" \/>\n\t<meta property=\"og:image:height\" content=\"680\" \/>\n\t<meta property=\"og:image:type\" content=\"image\/jpeg\" \/>\n<meta name=\"twitter:card\" content=\"summary_large_image\" \/>\n<meta name=\"twitter:label1\" content=\"Est. reading time\" \/>\n\t<meta name=\"twitter:data1\" content=\"1 minute\" \/>\n<script type=\"application\/ld+json\" class=\"yoast-schema-graph\">{\"@context\":\"https:\\\/\\\/schema.org\",\"@graph\":[{\"@type\":[\"WebPage\",\"ItemPage\"],\"@id\":\"https:\\\/\\\/vitablanca.ma\\\/produit\\\/nutricost-alpha-gpc-600-mgdeveloppement-du-cerveau-60-capsules-prix-maroc\\\/\",\"url\":\"https:\\\/\\\/vitablanca.ma\\\/produit\\\/nutricost-alpha-gpc-600-mgdeveloppement-du-cerveau-60-capsules-prix-maroc\\\/\",\"name\":\"Nutricost Alpha GPC 600 mg 60 capsules - Maroc Prix\",\"isPartOf\":{\"@id\":\"https:\\\/\\\/vitablanca.ma\\\/#website\"},\"primaryImageOfPage\":{\"@id\":\"https:\\\/\\\/vitablanca.ma\\\/produit\\\/nutricost-alpha-gpc-600-mgdeveloppement-du-cerveau-60-capsules-prix-maroc\\\/#primaryimage\"},\"image\":{\"@id\":\"https:\\\/\\\/vitablanca.ma\\\/produit\\\/nutricost-alpha-gpc-600-mgdeveloppement-du-cerveau-60-capsules-prix-maroc\\\/#primaryimage\"},\"thumbnailUrl\":\"https:\\\/\\\/vitablanca.ma\\\/wp-content\\\/uploads\\\/2025\\\/11\\\/nutricost-alpha-gpc-600-mgdeveloppement-du-cerveau-60-capsules.jpg\",\"datePublished\":\"2025-11-25T23:04:56+00:00\",\"dateModified\":\"2026-01-21T13:56:07+00:00\",\"description\":\"Nutricost Alpha GPC 600 mg, 60 capsules. Soutien m\u00e9moire, concentration et d\u00e9veloppement c\u00e9r\u00e9bral pour performance mentale et clart\u00e9 mentale.\",\"breadcrumb\":{\"@id\":\"https:\\\/\\\/vitablanca.ma\\\/produit\\\/nutricost-alpha-gpc-600-mgdeveloppement-du-cerveau-60-capsules-prix-maroc\\\/#breadcrumb\"},\"inLanguage\":\"en-US\",\"potentialAction\":[{\"@type\":\"ReadAction\",\"target\":[\"https:\\\/\\\/vitablanca.ma\\\/produit\\\/nutricost-alpha-gpc-600-mgdeveloppement-du-cerveau-60-capsules-prix-maroc\\\/\"]}]},{\"@type\":\"ImageObject\",\"inLanguage\":\"en-US\",\"@id\":\"https:\\\/\\\/vitablanca.ma\\\/produit\\\/nutricost-alpha-gpc-600-mgdeveloppement-du-cerveau-60-capsules-prix-maroc\\\/#primaryimage\",\"url\":\"https:\\\/\\\/vitablanca.ma\\\/wp-content\\\/uploads\\\/2025\\\/11\\\/nutricost-alpha-gpc-600-mgdeveloppement-du-cerveau-60-capsules.jpg\",\"contentUrl\":\"https:\\\/\\\/vitablanca.ma\\\/wp-content\\\/uploads\\\/2025\\\/11\\\/nutricost-alpha-gpc-600-mgdeveloppement-du-cerveau-60-capsules.jpg\",\"width\":680,\"height\":680},{\"@type\":\"BreadcrumbList\",\"@id\":\"https:\\\/\\\/vitablanca.ma\\\/produit\\\/nutricost-alpha-gpc-600-mgdeveloppement-du-cerveau-60-capsules-prix-maroc\\\/#breadcrumb\",\"itemListElement\":[{\"@type\":\"ListItem\",\"position\":1,\"name\":\"Home\",\"item\":\"https:\\\/\\\/vitablanca.ma\\\/\"},{\"@type\":\"ListItem\",\"position\":2,\"name\":\"Tous Les Produits\",\"item\":\"https:\\\/\\\/vitablanca.ma\\\/tous-les-produits\\\/\"},{\"@type\":\"ListItem\",\"position\":3,\"name\":\"Nutricost Alpha GPC, 600 mg,D\u00e9veloppement du Cerveau 60 capsules\"}]},{\"@type\":\"WebSite\",\"@id\":\"https:\\\/\\\/vitablanca.ma\\\/#website\",\"url\":\"https:\\\/\\\/vitablanca.ma\\\/\",\"name\":\"VitaBlanca.ma | Compl\u00e9ments alimentaires, sant\u00e9 & beaut\u00e9 au Maroc\",\"description\":\"vendre vitamines et compl\u00e9ments premium des USA &amp; Canada, Nouvelle Z\u00e9lande,Maroc (NOW Foods, Solgar, Manuka). Livraison rapide partout au Maroc.\",\"publisher\":{\"@id\":\"https:\\\/\\\/vitablanca.ma\\\/#organization\"},\"alternateName\":\"VitaBlanca.ma\",\"potentialAction\":[{\"@type\":\"SearchAction\",\"target\":{\"@type\":\"EntryPoint\",\"urlTemplate\":\"https:\\\/\\\/vitablanca.ma\\\/?s={search_term_string}\"},\"query-input\":{\"@type\":\"PropertyValueSpecification\",\"valueRequired\":true,\"valueName\":\"search_term_string\"}}],\"inLanguage\":\"en-US\"},{\"@type\":\"Organization\",\"@id\":\"https:\\\/\\\/vitablanca.ma\\\/#organization\",\"name\":\"VitaBlanca\",\"url\":\"https:\\\/\\\/vitablanca.ma\\\/\",\"logo\":{\"@type\":\"ImageObject\",\"inLanguage\":\"en-US\",\"@id\":\"https:\\\/\\\/vitablanca.ma\\\/#\\\/schema\\\/logo\\\/image\\\/\",\"url\":\"https:\\\/\\\/vitablanca.ma\\\/wp-content\\\/uploads\\\/2025\\\/05\\\/cropped-vitablanca.png\",\"contentUrl\":\"https:\\\/\\\/vitablanca.ma\\\/wp-content\\\/uploads\\\/2025\\\/05\\\/cropped-vitablanca.png\",\"width\":360,\"height\":67,\"caption\":\"VitaBlanca\"},\"image\":{\"@id\":\"https:\\\/\\\/vitablanca.ma\\\/#\\\/schema\\\/logo\\\/image\\\/\"},\"sameAs\":[\"https:\\\/\\\/www.facebook.com\\\/profile.php?id=61576678196717\",\"https:\\\/\\\/www.tiktok.com\\\/@vitablanca.ma\",\"https:\\\/\\\/www.instagram.com\\\/vitablanca.ma\\\/\"]}]}<\/script>\n<!-- \/ Yoast SEO plugin. -->","yoast_head_json":{"title":"Nutricost Alpha GPC 600 mg 60 capsules - Maroc Prix","description":"Nutricost Alpha GPC 600 mg, 60 capsules. Soutien m\u00e9moire, concentration et d\u00e9veloppement c\u00e9r\u00e9bral pour performance mentale et clart\u00e9 mentale.","robots":{"index":"index","follow":"follow","max-snippet":"max-snippet:-1","max-image-preview":"max-image-preview:large","max-video-preview":"max-video-preview:-1"},"canonical":"https:\/\/vitablanca.ma\/en\/product\/nutricost-alpha-gpc-600-mgdeveloppement-du-cerveau-60-capsules-prix-maroc\/","og_locale":"en_US","og_type":"article","og_title":"Nutricost Alpha GPC 600 mg 60 capsules - Maroc Prix","og_description":"Nutricost Alpha GPC 600 mg, 60 capsules. Soutien m\u00e9moire, concentration et d\u00e9veloppement c\u00e9r\u00e9bral pour performance mentale et clart\u00e9 mentale.","og_url":"https:\/\/vitablanca.ma\/en\/product\/nutricost-alpha-gpc-600-mgdeveloppement-du-cerveau-60-capsules-prix-maroc\/","og_site_name":"Vitablanca.ma &ndash; Sant&eacute;, vitalit&eacute; et bien-&ecirc;tre pour tous les Marocains","article_publisher":"https:\/\/www.facebook.com\/profile.php?id=61576678196717","article_modified_time":"2026-01-21T13:56:07+00:00","og_image":[{"width":680,"height":680,"url":"https:\/\/vitablanca.ma\/wp-content\/uploads\/2025\/11\/nutricost-alpha-gpc-600-mgdeveloppement-du-cerveau-60-capsules.jpg","type":"image\/jpeg"}],"twitter_card":"summary_large_image","twitter_misc":{"Est. reading time":"1 minute"},"schema":{"@context":"https:\/\/schema.org","@graph":[{"@type":["WebPage","ItemPage"],"@id":"https:\/\/vitablanca.ma\/produit\/nutricost-alpha-gpc-600-mgdeveloppement-du-cerveau-60-capsules-prix-maroc\/","url":"https:\/\/vitablanca.ma\/produit\/nutricost-alpha-gpc-600-mgdeveloppement-du-cerveau-60-capsules-prix-maroc\/","name":"Nutricost Alpha GPC 600 mg 60 capsules - Maroc Prix","isPartOf":{"@id":"https:\/\/vitablanca.ma\/#website"},"primaryImageOfPage":{"@id":"https:\/\/vitablanca.ma\/produit\/nutricost-alpha-gpc-600-mgdeveloppement-du-cerveau-60-capsules-prix-maroc\/#primaryimage"},"image":{"@id":"https:\/\/vitablanca.ma\/produit\/nutricost-alpha-gpc-600-mgdeveloppement-du-cerveau-60-capsules-prix-maroc\/#primaryimage"},"thumbnailUrl":"https:\/\/vitablanca.ma\/wp-content\/uploads\/2025\/11\/nutricost-alpha-gpc-600-mgdeveloppement-du-cerveau-60-capsules.jpg","datePublished":"2025-11-25T23:04:56+00:00","dateModified":"2026-01-21T13:56:07+00:00","description":"Nutricost Alpha GPC 600 mg, 60 capsules. Soutien m\u00e9moire, concentration et d\u00e9veloppement c\u00e9r\u00e9bral pour performance mentale et clart\u00e9 mentale.","breadcrumb":{"@id":"https:\/\/vitablanca.ma\/produit\/nutricost-alpha-gpc-600-mgdeveloppement-du-cerveau-60-capsules-prix-maroc\/#breadcrumb"},"inLanguage":"en-US","potentialAction":[{"@type":"ReadAction","target":["https:\/\/vitablanca.ma\/produit\/nutricost-alpha-gpc-600-mgdeveloppement-du-cerveau-60-capsules-prix-maroc\/"]}]},{"@type":"ImageObject","inLanguage":"en-US","@id":"https:\/\/vitablanca.ma\/produit\/nutricost-alpha-gpc-600-mgdeveloppement-du-cerveau-60-capsules-prix-maroc\/#primaryimage","url":"https:\/\/vitablanca.ma\/wp-content\/uploads\/2025\/11\/nutricost-alpha-gpc-600-mgdeveloppement-du-cerveau-60-capsules.jpg","contentUrl":"https:\/\/vitablanca.ma\/wp-content\/uploads\/2025\/11\/nutricost-alpha-gpc-600-mgdeveloppement-du-cerveau-60-capsules.jpg","width":680,"height":680},{"@type":"BreadcrumbList","@id":"https:\/\/vitablanca.ma\/produit\/nutricost-alpha-gpc-600-mgdeveloppement-du-cerveau-60-capsules-prix-maroc\/#breadcrumb","itemListElement":[{"@type":"ListItem","position":1,"name":"Home","item":"https:\/\/vitablanca.ma\/"},{"@type":"ListItem","position":2,"name":"Tous Les Produits","item":"https:\/\/vitablanca.ma\/tous-les-produits\/"},{"@type":"ListItem","position":3,"name":"Nutricost Alpha GPC, 600 mg,D\u00e9veloppement du Cerveau 60 capsules"}]},{"@type":"WebSite","@id":"https:\/\/vitablanca.ma\/#website","url":"https:\/\/vitablanca.ma\/","name":"VitaBlanca.ma | Food supplements, health &amp; beauty in Morocco","description":"sell premium vitamins and supplements from USA &amp; Canada, New Zealand, Morocco (NOW Foods, Solgar, Manuka). Fast delivery anywhere in Morocco.","publisher":{"@id":"https:\/\/vitablanca.ma\/#organization"},"alternateName":"VitaBlanca.ma","potentialAction":[{"@type":"SearchAction","target":{"@type":"EntryPoint","urlTemplate":"https:\/\/vitablanca.ma\/?s={search_term_string}"},"query-input":{"@type":"PropertyValueSpecification","valueRequired":true,"valueName":"search_term_string"}}],"inLanguage":"en-US"},{"@type":"Organization","@id":"https:\/\/vitablanca.ma\/#organization","name":"VitaBlanca","url":"https:\/\/vitablanca.ma\/","logo":{"@type":"ImageObject","inLanguage":"en-US","@id":"https:\/\/vitablanca.ma\/#\/schema\/logo\/image\/","url":"https:\/\/vitablanca.ma\/wp-content\/uploads\/2025\/05\/cropped-vitablanca.png","contentUrl":"https:\/\/vitablanca.ma\/wp-content\/uploads\/2025\/05\/cropped-vitablanca.png","width":360,"height":67,"caption":"VitaBlanca"},"image":{"@id":"https:\/\/vitablanca.ma\/#\/schema\/logo\/image\/"},"sameAs":["https:\/\/www.facebook.com\/profile.php?id=61576678196717","https:\/\/www.tiktok.com\/@vitablanca.ma","https:\/\/www.instagram.com\/vitablanca.ma\/"]}]}},"jetpack_sharing_enabled":true,"_links":{"self":[{"href":"https:\/\/vitablanca.ma\/en\/wp-json\/wp\/v2\/product\/26921","targetHints":{"allow":["GET"]}}],"collection":[{"href":"https:\/\/vitablanca.ma\/en\/wp-json\/wp\/v2\/product"}],"about":[{"href":"https:\/\/vitablanca.ma\/en\/wp-json\/wp\/v2\/types\/product"}],"wp:featuredmedia":[{"embeddable":true,"href":"https:\/\/vitablanca.ma\/en\/wp-json\/wp\/v2\/media\/26923"}],"wp:attachment":[{"href":"https:\/\/vitablanca.ma\/en\/wp-json\/wp\/v2\/media?parent=26921"}],"wp:term":[{"taxonomy":"product_brand","embeddable":true,"href":"https:\/\/vitablanca.ma\/en\/wp-json\/wp\/v2\/product_brand?post=26921"},{"taxonomy":"product_cat","embeddable":true,"href":"https:\/\/vitablanca.ma\/en\/wp-json\/wp\/v2\/product_cat?post=26921"},{"taxonomy":"product_tag","embeddable":true,"href":"https:\/\/vitablanca.ma\/en\/wp-json\/wp\/v2\/product_tag?post=26921"}],"curies":[{"name":"wp","href":"https:\/\/api.w.org\/{rel}","templated":true}]}}