{"id":26911,"date":"2025-11-25T22:36:40","date_gmt":"2025-11-25T22:36:40","guid":{"rendered":"https:\/\/vitablanca.ma\/?post_type=product&#038;p=26911"},"modified":"2025-12-16T19:28:39","modified_gmt":"2025-12-16T19:28:39","slug":"now-foods-chlorella-1000-mg-120-comprimes-prix-maroc","status":"publish","type":"product","link":"https:\/\/vitablanca.ma\/en\/product\/now-foods-chlorella-1000-mg-120-comprimes-prix-maroc\/","title":{"rendered":"Now Foods Chlorella, 1000 mg -120 comprim\u00e9s"},"content":{"rendered":"<p>La chlorelle de NOW offre le profil nutritif naturel pr\u00e9sent dans les aliments entiers authentiques.<\/p>\n\n\n\n<p>La chlorelle est une microalgue verte unicellulaire qui contient de la chlorophylle naturelle ainsi que du b\u00eata-carot\u00e8ne, des carot\u00e9no\u00efdes mixtes, de la vitamine&nbsp;C, du fer et des prot\u00e9ines. La paroi cellulaire de cette chlorelle de haute qualit\u00e9 a \u00e9t\u00e9 d\u00e9compos\u00e9e m\u00e9caniquement afin d&rsquo;en faciliter la digestibilit\u00e9.<\/p>\n\n\n\n<h3 class=\"wp-block-heading\">Suggested Use<\/h3>\n\n\n\n<p>Prenez 3&nbsp;comprim\u00e9s par jour.<\/p>","protected":false},"excerpt":{"rendered":"<p>La chlorelle de NOW offre le profil nutritif naturel pr\u00e9sent dans les aliments entiers authentiques. La chlorelle est une microalgue verte unicellulaire qui contient de la chlorophylle naturelle ainsi que du b\u00eata-carot\u00e8ne, des carot\u00e9no\u00efdes mixtes, de la vitamine&nbsp;C, du fer et des prot\u00e9ines. La paroi cellulaire de cette chlorelle de haute qualit\u00e9 a \u00e9t\u00e9 d\u00e9compos\u00e9e [&hellip;]<\/p>\n","protected":false},"featured_media":26913,"template":"","meta":{"om_disable_all_campaigns":false},"product_brand":[83],"product_cat":[18,5021,104,19],"product_tag":[748,5026,5023,5030,5022,5025,181,5024,5029,956,5028,5027,955,1691],"class_list":{"0":"post-26911","1":"product","2":"type-product","3":"status-publish","4":"has-post-thumbnail","6":"product_brand-now-foods-maroc-prix","7":"product_cat-beaute-sante","8":"product_cat-chlorella-2","9":"product_cat-supplements-a-base-de-plantes","10":"product_cat-vitamines-supplements-dietetiques","11":"product_tag-antioxydant-naturel","12":"product_tag-bien-etre-digestif","13":"product_tag-chlorella-1000-mg","14":"product_tag-chlorella-120-comprimes","15":"product_tag-chlorella-now-foods","16":"product_tag-chlorella-vegetarienne","17":"product_tag-complement-alimentaire","18":"product_tag-complement-detox","19":"product_tag-complement-vegetal","20":"product_tag-detox-naturelle","21":"product_tag-energie-et-vitalite","22":"product_tag-micro-algue-verte","23":"product_tag-sante-intestinale","24":"product_tag-vitamines-et-mineraux","26":"first","27":"instock","28":"taxable","29":"shipping-taxable","30":"purchasable","31":"product-type-simple"},"yoast_head":"<!-- This site is optimized with the Yoast SEO plugin v27.4 - https:\/\/yoast.com\/product\/yoast-seo-wordpress\/ -->\n<title>Maroc Prix<\/title>\n<meta name=\"description\" content=\"Now Foods Chlorella 1000 mg, 120 comprim\u00e9s. D\u00e9tox naturelle, soutien digestif, antioxydants et \u00e9nergie pour vitalit\u00e9 et bien-\u00eatre quotidien.\" \/>\n<meta name=\"robots\" content=\"index, follow, max-snippet:-1, max-image-preview:large, max-video-preview:-1\" \/>\n<link rel=\"canonical\" href=\"https:\/\/vitablanca.ma\/en\/product\/now-foods-chlorella-1000-mg-120-comprimes-prix-maroc\/\" \/>\n<meta property=\"og:locale\" content=\"en_US\" \/>\n<meta property=\"og:type\" content=\"article\" \/>\n<meta property=\"og:title\" content=\"Maroc Prix\" \/>\n<meta property=\"og:description\" content=\"Now Foods Chlorella 1000 mg, 120 comprim\u00e9s. D\u00e9tox naturelle, soutien digestif, antioxydants et \u00e9nergie pour vitalit\u00e9 et bien-\u00eatre quotidien.\" \/>\n<meta property=\"og:url\" content=\"https:\/\/vitablanca.ma\/en\/product\/now-foods-chlorella-1000-mg-120-comprimes-prix-maroc\/\" \/>\n<meta property=\"og:site_name\" content=\"Vitablanca.ma &ndash; Sant&eacute;, vitalit&eacute; et bien-&ecirc;tre pour tous les Marocains\" \/>\n<meta property=\"article:publisher\" content=\"https:\/\/www.facebook.com\/profile.php?id=61576678196717\" \/>\n<meta property=\"article:modified_time\" content=\"2025-12-16T19:28:39+00:00\" \/>\n<meta property=\"og:image\" content=\"https:\/\/vitablanca.ma\/wp-content\/uploads\/2025\/11\/chlorella-1000-mg-120-comprimes-detox-et-soutient-de-limmunite-now.jpg\" \/>\n\t<meta property=\"og:image:width\" content=\"680\" \/>\n\t<meta property=\"og:image:height\" content=\"680\" \/>\n\t<meta property=\"og:image:type\" content=\"image\/jpeg\" \/>\n<meta name=\"twitter:card\" content=\"summary_large_image\" \/>\n<meta name=\"twitter:label1\" content=\"Est. reading time\" \/>\n\t<meta name=\"twitter:data1\" content=\"1 minute\" \/>\n<script type=\"application\/ld+json\" class=\"yoast-schema-graph\">{\"@context\":\"https:\\\/\\\/schema.org\",\"@graph\":[{\"@type\":[\"WebPage\",\"ItemPage\"],\"@id\":\"https:\\\/\\\/vitablanca.ma\\\/produit\\\/now-foods-chlorella-1000-mg-120-comprimes-prix-maroc\\\/\",\"url\":\"https:\\\/\\\/vitablanca.ma\\\/produit\\\/now-foods-chlorella-1000-mg-120-comprimes-prix-maroc\\\/\",\"name\":\"Maroc Prix\",\"isPartOf\":{\"@id\":\"https:\\\/\\\/vitablanca.ma\\\/#website\"},\"primaryImageOfPage\":{\"@id\":\"https:\\\/\\\/vitablanca.ma\\\/produit\\\/now-foods-chlorella-1000-mg-120-comprimes-prix-maroc\\\/#primaryimage\"},\"image\":{\"@id\":\"https:\\\/\\\/vitablanca.ma\\\/produit\\\/now-foods-chlorella-1000-mg-120-comprimes-prix-maroc\\\/#primaryimage\"},\"thumbnailUrl\":\"https:\\\/\\\/vitablanca.ma\\\/wp-content\\\/uploads\\\/2025\\\/11\\\/chlorella-1000-mg-120-comprimes-detox-et-soutient-de-limmunite-now.jpg\",\"datePublished\":\"2025-11-25T22:36:40+00:00\",\"dateModified\":\"2025-12-16T19:28:39+00:00\",\"description\":\"Now Foods Chlorella 1000 mg, 120 comprim\u00e9s. D\u00e9tox naturelle, soutien digestif, antioxydants et \u00e9nergie pour vitalit\u00e9 et bien-\u00eatre quotidien.\",\"breadcrumb\":{\"@id\":\"https:\\\/\\\/vitablanca.ma\\\/produit\\\/now-foods-chlorella-1000-mg-120-comprimes-prix-maroc\\\/#breadcrumb\"},\"inLanguage\":\"en-US\",\"potentialAction\":[{\"@type\":\"ReadAction\",\"target\":[\"https:\\\/\\\/vitablanca.ma\\\/produit\\\/now-foods-chlorella-1000-mg-120-comprimes-prix-maroc\\\/\"]}]},{\"@type\":\"ImageObject\",\"inLanguage\":\"en-US\",\"@id\":\"https:\\\/\\\/vitablanca.ma\\\/produit\\\/now-foods-chlorella-1000-mg-120-comprimes-prix-maroc\\\/#primaryimage\",\"url\":\"https:\\\/\\\/vitablanca.ma\\\/wp-content\\\/uploads\\\/2025\\\/11\\\/chlorella-1000-mg-120-comprimes-detox-et-soutient-de-limmunite-now.jpg\",\"contentUrl\":\"https:\\\/\\\/vitablanca.ma\\\/wp-content\\\/uploads\\\/2025\\\/11\\\/chlorella-1000-mg-120-comprimes-detox-et-soutient-de-limmunite-now.jpg\",\"width\":680,\"height\":680},{\"@type\":\"BreadcrumbList\",\"@id\":\"https:\\\/\\\/vitablanca.ma\\\/produit\\\/now-foods-chlorella-1000-mg-120-comprimes-prix-maroc\\\/#breadcrumb\",\"itemListElement\":[{\"@type\":\"ListItem\",\"position\":1,\"name\":\"Home\",\"item\":\"https:\\\/\\\/vitablanca.ma\\\/\"},{\"@type\":\"ListItem\",\"position\":2,\"name\":\"Tous Les Produits\",\"item\":\"https:\\\/\\\/vitablanca.ma\\\/tous-les-produits\\\/\"},{\"@type\":\"ListItem\",\"position\":3,\"name\":\"Now Foods Chlorella, 1000 mg -120 comprim\u00e9s\"}]},{\"@type\":\"WebSite\",\"@id\":\"https:\\\/\\\/vitablanca.ma\\\/#website\",\"url\":\"https:\\\/\\\/vitablanca.ma\\\/\",\"name\":\"VitaBlanca.ma | Compl\u00e9ments alimentaires, sant\u00e9 & beaut\u00e9 au Maroc\",\"description\":\"vendre vitamines et compl\u00e9ments premium des USA &amp; Canada, Nouvelle Z\u00e9lande,Maroc (NOW Foods, Solgar, Manuka). Livraison rapide partout au Maroc.\",\"publisher\":{\"@id\":\"https:\\\/\\\/vitablanca.ma\\\/#organization\"},\"alternateName\":\"VitaBlanca.ma\",\"potentialAction\":[{\"@type\":\"SearchAction\",\"target\":{\"@type\":\"EntryPoint\",\"urlTemplate\":\"https:\\\/\\\/vitablanca.ma\\\/?s={search_term_string}\"},\"query-input\":{\"@type\":\"PropertyValueSpecification\",\"valueRequired\":true,\"valueName\":\"search_term_string\"}}],\"inLanguage\":\"en-US\"},{\"@type\":\"Organization\",\"@id\":\"https:\\\/\\\/vitablanca.ma\\\/#organization\",\"name\":\"VitaBlanca\",\"url\":\"https:\\\/\\\/vitablanca.ma\\\/\",\"logo\":{\"@type\":\"ImageObject\",\"inLanguage\":\"en-US\",\"@id\":\"https:\\\/\\\/vitablanca.ma\\\/#\\\/schema\\\/logo\\\/image\\\/\",\"url\":\"https:\\\/\\\/vitablanca.ma\\\/wp-content\\\/uploads\\\/2025\\\/05\\\/cropped-vitablanca.png\",\"contentUrl\":\"https:\\\/\\\/vitablanca.ma\\\/wp-content\\\/uploads\\\/2025\\\/05\\\/cropped-vitablanca.png\",\"width\":360,\"height\":67,\"caption\":\"VitaBlanca\"},\"image\":{\"@id\":\"https:\\\/\\\/vitablanca.ma\\\/#\\\/schema\\\/logo\\\/image\\\/\"},\"sameAs\":[\"https:\\\/\\\/www.facebook.com\\\/profile.php?id=61576678196717\",\"https:\\\/\\\/www.tiktok.com\\\/@vitablanca.ma\",\"https:\\\/\\\/www.instagram.com\\\/vitablanca.ma\\\/\"]}]}<\/script>\n<!-- \/ Yoast SEO plugin. -->","yoast_head_json":{"title":"Morocco Price","description":"Now Foods Chlorella 1000 mg, 120 comprim\u00e9s. D\u00e9tox naturelle, soutien digestif, antioxydants et \u00e9nergie pour vitalit\u00e9 et bien-\u00eatre quotidien.","robots":{"index":"index","follow":"follow","max-snippet":"max-snippet:-1","max-image-preview":"max-image-preview:large","max-video-preview":"max-video-preview:-1"},"canonical":"https:\/\/vitablanca.ma\/en\/product\/now-foods-chlorella-1000-mg-120-comprimes-prix-maroc\/","og_locale":"en_US","og_type":"article","og_title":"Maroc Prix","og_description":"Now Foods Chlorella 1000 mg, 120 comprim\u00e9s. D\u00e9tox naturelle, soutien digestif, antioxydants et \u00e9nergie pour vitalit\u00e9 et bien-\u00eatre quotidien.","og_url":"https:\/\/vitablanca.ma\/en\/product\/now-foods-chlorella-1000-mg-120-comprimes-prix-maroc\/","og_site_name":"Vitablanca.ma &ndash; Sant&eacute;, vitalit&eacute; et bien-&ecirc;tre pour tous les Marocains","article_publisher":"https:\/\/www.facebook.com\/profile.php?id=61576678196717","article_modified_time":"2025-12-16T19:28:39+00:00","og_image":[{"width":680,"height":680,"url":"https:\/\/vitablanca.ma\/wp-content\/uploads\/2025\/11\/chlorella-1000-mg-120-comprimes-detox-et-soutient-de-limmunite-now.jpg","type":"image\/jpeg"}],"twitter_card":"summary_large_image","twitter_misc":{"Est. reading time":"1 minute"},"schema":{"@context":"https:\/\/schema.org","@graph":[{"@type":["WebPage","ItemPage"],"@id":"https:\/\/vitablanca.ma\/produit\/now-foods-chlorella-1000-mg-120-comprimes-prix-maroc\/","url":"https:\/\/vitablanca.ma\/produit\/now-foods-chlorella-1000-mg-120-comprimes-prix-maroc\/","name":"Morocco Price","isPartOf":{"@id":"https:\/\/vitablanca.ma\/#website"},"primaryImageOfPage":{"@id":"https:\/\/vitablanca.ma\/produit\/now-foods-chlorella-1000-mg-120-comprimes-prix-maroc\/#primaryimage"},"image":{"@id":"https:\/\/vitablanca.ma\/produit\/now-foods-chlorella-1000-mg-120-comprimes-prix-maroc\/#primaryimage"},"thumbnailUrl":"https:\/\/vitablanca.ma\/wp-content\/uploads\/2025\/11\/chlorella-1000-mg-120-comprimes-detox-et-soutient-de-limmunite-now.jpg","datePublished":"2025-11-25T22:36:40+00:00","dateModified":"2025-12-16T19:28:39+00:00","description":"Now Foods Chlorella 1000 mg, 120 comprim\u00e9s. D\u00e9tox naturelle, soutien digestif, antioxydants et \u00e9nergie pour vitalit\u00e9 et bien-\u00eatre quotidien.","breadcrumb":{"@id":"https:\/\/vitablanca.ma\/produit\/now-foods-chlorella-1000-mg-120-comprimes-prix-maroc\/#breadcrumb"},"inLanguage":"en-US","potentialAction":[{"@type":"ReadAction","target":["https:\/\/vitablanca.ma\/produit\/now-foods-chlorella-1000-mg-120-comprimes-prix-maroc\/"]}]},{"@type":"ImageObject","inLanguage":"en-US","@id":"https:\/\/vitablanca.ma\/produit\/now-foods-chlorella-1000-mg-120-comprimes-prix-maroc\/#primaryimage","url":"https:\/\/vitablanca.ma\/wp-content\/uploads\/2025\/11\/chlorella-1000-mg-120-comprimes-detox-et-soutient-de-limmunite-now.jpg","contentUrl":"https:\/\/vitablanca.ma\/wp-content\/uploads\/2025\/11\/chlorella-1000-mg-120-comprimes-detox-et-soutient-de-limmunite-now.jpg","width":680,"height":680},{"@type":"BreadcrumbList","@id":"https:\/\/vitablanca.ma\/produit\/now-foods-chlorella-1000-mg-120-comprimes-prix-maroc\/#breadcrumb","itemListElement":[{"@type":"ListItem","position":1,"name":"Home","item":"https:\/\/vitablanca.ma\/"},{"@type":"ListItem","position":2,"name":"Tous Les Produits","item":"https:\/\/vitablanca.ma\/tous-les-produits\/"},{"@type":"ListItem","position":3,"name":"Now Foods Chlorella, 1000 mg -120 comprim\u00e9s"}]},{"@type":"WebSite","@id":"https:\/\/vitablanca.ma\/#website","url":"https:\/\/vitablanca.ma\/","name":"VitaBlanca.ma | Food supplements, health &amp; beauty in Morocco","description":"sell premium vitamins and supplements from USA &amp; Canada, New Zealand, Morocco (NOW Foods, Solgar, Manuka). Fast delivery anywhere in Morocco.","publisher":{"@id":"https:\/\/vitablanca.ma\/#organization"},"alternateName":"VitaBlanca.ma","potentialAction":[{"@type":"SearchAction","target":{"@type":"EntryPoint","urlTemplate":"https:\/\/vitablanca.ma\/?s={search_term_string}"},"query-input":{"@type":"PropertyValueSpecification","valueRequired":true,"valueName":"search_term_string"}}],"inLanguage":"en-US"},{"@type":"Organization","@id":"https:\/\/vitablanca.ma\/#organization","name":"VitaBlanca","url":"https:\/\/vitablanca.ma\/","logo":{"@type":"ImageObject","inLanguage":"en-US","@id":"https:\/\/vitablanca.ma\/#\/schema\/logo\/image\/","url":"https:\/\/vitablanca.ma\/wp-content\/uploads\/2025\/05\/cropped-vitablanca.png","contentUrl":"https:\/\/vitablanca.ma\/wp-content\/uploads\/2025\/05\/cropped-vitablanca.png","width":360,"height":67,"caption":"VitaBlanca"},"image":{"@id":"https:\/\/vitablanca.ma\/#\/schema\/logo\/image\/"},"sameAs":["https:\/\/www.facebook.com\/profile.php?id=61576678196717","https:\/\/www.tiktok.com\/@vitablanca.ma","https:\/\/www.instagram.com\/vitablanca.ma\/"]}]}},"jetpack_sharing_enabled":true,"_links":{"self":[{"href":"https:\/\/vitablanca.ma\/en\/wp-json\/wp\/v2\/product\/26911","targetHints":{"allow":["GET"]}}],"collection":[{"href":"https:\/\/vitablanca.ma\/en\/wp-json\/wp\/v2\/product"}],"about":[{"href":"https:\/\/vitablanca.ma\/en\/wp-json\/wp\/v2\/types\/product"}],"wp:featuredmedia":[{"embeddable":true,"href":"https:\/\/vitablanca.ma\/en\/wp-json\/wp\/v2\/media\/26913"}],"wp:attachment":[{"href":"https:\/\/vitablanca.ma\/en\/wp-json\/wp\/v2\/media?parent=26911"}],"wp:term":[{"taxonomy":"product_brand","embeddable":true,"href":"https:\/\/vitablanca.ma\/en\/wp-json\/wp\/v2\/product_brand?post=26911"},{"taxonomy":"product_cat","embeddable":true,"href":"https:\/\/vitablanca.ma\/en\/wp-json\/wp\/v2\/product_cat?post=26911"},{"taxonomy":"product_tag","embeddable":true,"href":"https:\/\/vitablanca.ma\/en\/wp-json\/wp\/v2\/product_tag?post=26911"}],"curies":[{"name":"wp","href":"https:\/\/api.w.org\/{rel}","templated":true}]}}