{"id":26898,"date":"2025-11-25T21:42:48","date_gmt":"2025-11-25T21:42:48","guid":{"rendered":"https:\/\/vitablanca.ma\/?post_type=product&#038;p=26898"},"modified":"2026-04-14T11:16:22","modified_gmt":"2026-04-14T11:16:22","slug":"sports-research-astaxanthin-triple-force-12mg-60-softgels-prix-maroc","status":"publish","type":"product","link":"https:\/\/vitablanca.ma\/en\/product\/sports-research-astaxanthin-triple-force-12mg-60-softgels-prix-maroc\/","title":{"rendered":"Sports Research Astaxanthin Triple force 12mg\u00a060 Softgels"},"content":{"rendered":"<p>ACTIVIT\u00c9 ANTIOXYDANTE : B\u00e9n\u00e9ficiez d&rsquo;un soutien bien-\u00eatre de qualit\u00e9 gr\u00e2ce \u00e0 l&rsquo;astaxanthine, un carot\u00e9no\u00efde naturel qui soutient l&rsquo;activit\u00e9 antioxydante*. Fabriqu\u00e9e avec de l&rsquo;Astalif, une source pure et concentr\u00e9e d&rsquo;algues islandaises, cette formule fait partie des plus puissantes disponibles.<\/p>\r\n\r\n\r\n\r\n<p>SOUTIEN \u00c0 LA SANT\u00c9 DE LA PEAU ET DES YEUX : Une capsule quotidienne de 12 mg, press\u00e9e \u00e0 froid avec de l&rsquo;huile de coco biologique pour une exp\u00e9rience sup\u00e9rieure, favorise votre meilleure sant\u00e9 cellulaire, cutan\u00e9e et oculaire*<\/p>\r\n\r\n\r\n\r\n<p>SOURCE DURABLE\u00a0: Fabriqu\u00e9 aux \u00c9tats-Unis avec des ingr\u00e9dients test\u00e9s par des organismes tiers auxquels vous pouvez faire confiance, de notre famille \u00e0 la v\u00f4tre. Notre astaxanthine est issue de sources durables et produite gr\u00e2ce \u00e0 des pratiques d&rsquo;\u00e9nergie g\u00e9othermique propre, r\u00e9duisant ainsi la consommation d&rsquo;\u00e9nergie de 50\u00a0%.<\/p>","protected":false},"excerpt":{"rendered":"<p>ACTIVIT\u00c9 ANTIOXYDANTE : B\u00e9n\u00e9ficiez d&rsquo;un soutien bien-\u00eatre de qualit\u00e9 gr\u00e2ce \u00e0 l&rsquo;astaxanthine, un carot\u00e9no\u00efde naturel qui soutient l&rsquo;activit\u00e9 antioxydante*. Fabriqu\u00e9e avec de l&rsquo;Astalif, une source pure et concentr\u00e9e d&rsquo;algues islandaises, cette formule fait partie des plus puissantes disponibles. SOUTIEN \u00c0 LA SANT\u00c9 DE LA PEAU ET DES YEUX : Une capsule quotidienne de 12 mg, [&hellip;]<\/p>\n","protected":false},"featured_media":26900,"template":"","meta":{"om_disable_all_campaigns":false},"product_brand":[3628],"product_cat":[95,4996,18,20,19],"product_tag":[987,5002,4999,5005,4998,5003,4997,5000,5004,5001],"class_list":{"0":"post-26898","1":"product","2":"type-product","3":"status-publish","4":"has-post-thumbnail","6":"product_brand-sports-research","7":"product_cat-antioxydants","8":"product_cat-astaxanthine","9":"product_cat-beaute-sante","10":"product_cat-supplements","11":"product_cat-vitamines-supplements-dietetiques","12":"product_tag-antioxydant-puissant","13":"product_tag-astaxanthine-12-mg","14":"product_tag-astaxanthine-maroc","15":"product_tag-astaxanthine-naturelle","16":"product_tag-astaxanthine-peau","17":"product_tag-astaxanthine-recuperation","18":"product_tag-astaxanthine-triple-force","19":"product_tag-astaxanthine-yeux","20":"product_tag-haematococcus-pluvialis","21":"product_tag-sports-research-astaxanthin","23":"first","24":"instock","25":"sale","26":"taxable","27":"shipping-taxable","28":"purchasable","29":"product-type-simple"},"yoast_head":"<!-- This site is optimized with the Yoast SEO plugin v27.4 - https:\/\/yoast.com\/product\/yoast-seo-wordpress\/ -->\n<title>Sports Research Astaxanthin Triple force 12mg\u00a0- Maroc Prix<\/title>\n<meta name=\"description\" content=\"Astaxanthine Sports Research 12 mg Triple Force. Puissant antioxydant pour peau, yeux et \u00e9nergie. Formule propre, absorption optimale. 60 softgels.\" \/>\n<meta name=\"robots\" content=\"index, follow, max-snippet:-1, max-image-preview:large, max-video-preview:-1\" \/>\n<link rel=\"canonical\" href=\"https:\/\/vitablanca.ma\/en\/product\/sports-research-astaxanthin-triple-force-12mg-60-softgels-prix-maroc\/\" \/>\n<meta property=\"og:locale\" content=\"en_US\" \/>\n<meta property=\"og:type\" content=\"article\" \/>\n<meta property=\"og:title\" content=\"Sports Research Astaxanthin Triple force 12mg\u00a0- Maroc Prix\" \/>\n<meta property=\"og:description\" content=\"Astaxanthine Sports Research 12 mg Triple Force. Puissant antioxydant pour peau, yeux et \u00e9nergie. Formule propre, absorption optimale. 60 softgels.\" \/>\n<meta property=\"og:url\" content=\"https:\/\/vitablanca.ma\/en\/product\/sports-research-astaxanthin-triple-force-12mg-60-softgels-prix-maroc\/\" \/>\n<meta property=\"og:site_name\" content=\"Vitablanca.ma &ndash; Sant&eacute;, vitalit&eacute; et bien-&ecirc;tre pour tous les Marocains\" \/>\n<meta property=\"article:publisher\" content=\"https:\/\/www.facebook.com\/profile.php?id=61576678196717\" \/>\n<meta property=\"article:modified_time\" content=\"2026-04-14T11:16:22+00:00\" \/>\n<meta property=\"og:image\" content=\"https:\/\/vitablanca.ma\/wp-content\/uploads\/2025\/11\/sports-research-astaxanthin-triple-force-12mg-antioxidant-supplement-gluten-free.jpg\" \/>\n\t<meta property=\"og:image:width\" content=\"680\" \/>\n\t<meta property=\"og:image:height\" content=\"680\" \/>\n\t<meta property=\"og:image:type\" content=\"image\/jpeg\" \/>\n<meta name=\"twitter:card\" content=\"summary_large_image\" \/>\n<meta name=\"twitter:label1\" content=\"Est. reading time\" \/>\n\t<meta name=\"twitter:data1\" content=\"1 minute\" \/>\n<script type=\"application\/ld+json\" class=\"yoast-schema-graph\">{\"@context\":\"https:\\\/\\\/schema.org\",\"@graph\":[{\"@type\":[\"WebPage\",\"ItemPage\"],\"@id\":\"https:\\\/\\\/vitablanca.ma\\\/produit\\\/sports-research-astaxanthin-triple-force-12mg-60-softgels-prix-maroc\\\/\",\"url\":\"https:\\\/\\\/vitablanca.ma\\\/produit\\\/sports-research-astaxanthin-triple-force-12mg-60-softgels-prix-maroc\\\/\",\"name\":\"Sports Research Astaxanthin Triple force 12mg\u00a0- Maroc Prix\",\"isPartOf\":{\"@id\":\"https:\\\/\\\/vitablanca.ma\\\/#website\"},\"primaryImageOfPage\":{\"@id\":\"https:\\\/\\\/vitablanca.ma\\\/produit\\\/sports-research-astaxanthin-triple-force-12mg-60-softgels-prix-maroc\\\/#primaryimage\"},\"image\":{\"@id\":\"https:\\\/\\\/vitablanca.ma\\\/produit\\\/sports-research-astaxanthin-triple-force-12mg-60-softgels-prix-maroc\\\/#primaryimage\"},\"thumbnailUrl\":\"https:\\\/\\\/vitablanca.ma\\\/wp-content\\\/uploads\\\/2025\\\/11\\\/sports-research-astaxanthin-triple-force-12mg-antioxidant-supplement-gluten-free.jpg\",\"datePublished\":\"2025-11-25T21:42:48+00:00\",\"dateModified\":\"2026-04-14T11:16:22+00:00\",\"description\":\"Astaxanthine Sports Research 12 mg Triple Force. Puissant antioxydant pour peau, yeux et \u00e9nergie. Formule propre, absorption optimale. 60 softgels.\",\"breadcrumb\":{\"@id\":\"https:\\\/\\\/vitablanca.ma\\\/produit\\\/sports-research-astaxanthin-triple-force-12mg-60-softgels-prix-maroc\\\/#breadcrumb\"},\"inLanguage\":\"en-US\",\"potentialAction\":[{\"@type\":\"ReadAction\",\"target\":[\"https:\\\/\\\/vitablanca.ma\\\/produit\\\/sports-research-astaxanthin-triple-force-12mg-60-softgels-prix-maroc\\\/\"]}]},{\"@type\":\"ImageObject\",\"inLanguage\":\"en-US\",\"@id\":\"https:\\\/\\\/vitablanca.ma\\\/produit\\\/sports-research-astaxanthin-triple-force-12mg-60-softgels-prix-maroc\\\/#primaryimage\",\"url\":\"https:\\\/\\\/vitablanca.ma\\\/wp-content\\\/uploads\\\/2025\\\/11\\\/sports-research-astaxanthin-triple-force-12mg-antioxidant-supplement-gluten-free.jpg\",\"contentUrl\":\"https:\\\/\\\/vitablanca.ma\\\/wp-content\\\/uploads\\\/2025\\\/11\\\/sports-research-astaxanthin-triple-force-12mg-antioxidant-supplement-gluten-free.jpg\",\"width\":680,\"height\":680},{\"@type\":\"BreadcrumbList\",\"@id\":\"https:\\\/\\\/vitablanca.ma\\\/produit\\\/sports-research-astaxanthin-triple-force-12mg-60-softgels-prix-maroc\\\/#breadcrumb\",\"itemListElement\":[{\"@type\":\"ListItem\",\"position\":1,\"name\":\"Home\",\"item\":\"https:\\\/\\\/vitablanca.ma\\\/\"},{\"@type\":\"ListItem\",\"position\":2,\"name\":\"Tous Les Produits\",\"item\":\"https:\\\/\\\/vitablanca.ma\\\/tous-les-produits\\\/\"},{\"@type\":\"ListItem\",\"position\":3,\"name\":\"Sports Research Astaxanthin Triple force 12mg\u00a060 Softgels\"}]},{\"@type\":\"WebSite\",\"@id\":\"https:\\\/\\\/vitablanca.ma\\\/#website\",\"url\":\"https:\\\/\\\/vitablanca.ma\\\/\",\"name\":\"VitaBlanca.ma | Compl\u00e9ments alimentaires, sant\u00e9 & beaut\u00e9 au Maroc\",\"description\":\"vendre vitamines et compl\u00e9ments premium des USA &amp; Canada, Nouvelle Z\u00e9lande,Maroc (NOW Foods, Solgar, Manuka). Livraison rapide partout au Maroc.\",\"publisher\":{\"@id\":\"https:\\\/\\\/vitablanca.ma\\\/#organization\"},\"alternateName\":\"VitaBlanca.ma\",\"potentialAction\":[{\"@type\":\"SearchAction\",\"target\":{\"@type\":\"EntryPoint\",\"urlTemplate\":\"https:\\\/\\\/vitablanca.ma\\\/?s={search_term_string}\"},\"query-input\":{\"@type\":\"PropertyValueSpecification\",\"valueRequired\":true,\"valueName\":\"search_term_string\"}}],\"inLanguage\":\"en-US\"},{\"@type\":\"Organization\",\"@id\":\"https:\\\/\\\/vitablanca.ma\\\/#organization\",\"name\":\"VitaBlanca\",\"url\":\"https:\\\/\\\/vitablanca.ma\\\/\",\"logo\":{\"@type\":\"ImageObject\",\"inLanguage\":\"en-US\",\"@id\":\"https:\\\/\\\/vitablanca.ma\\\/#\\\/schema\\\/logo\\\/image\\\/\",\"url\":\"https:\\\/\\\/vitablanca.ma\\\/wp-content\\\/uploads\\\/2025\\\/05\\\/cropped-vitablanca.png\",\"contentUrl\":\"https:\\\/\\\/vitablanca.ma\\\/wp-content\\\/uploads\\\/2025\\\/05\\\/cropped-vitablanca.png\",\"width\":360,\"height\":67,\"caption\":\"VitaBlanca\"},\"image\":{\"@id\":\"https:\\\/\\\/vitablanca.ma\\\/#\\\/schema\\\/logo\\\/image\\\/\"},\"sameAs\":[\"https:\\\/\\\/www.facebook.com\\\/profile.php?id=61576678196717\",\"https:\\\/\\\/www.tiktok.com\\\/@vitablanca.ma\",\"https:\\\/\\\/www.instagram.com\\\/vitablanca.ma\\\/\"]}]}<\/script>\n<!-- \/ Yoast SEO plugin. -->","yoast_head_json":{"title":"Sports Research Astaxanthin Triple force 12mg\u00a0- Maroc Prix","description":"Astaxanthine Sports Research 12 mg Triple Force. Puissant antioxydant pour peau, yeux et \u00e9nergie. Formule propre, absorption optimale. 60 softgels.","robots":{"index":"index","follow":"follow","max-snippet":"max-snippet:-1","max-image-preview":"max-image-preview:large","max-video-preview":"max-video-preview:-1"},"canonical":"https:\/\/vitablanca.ma\/en\/product\/sports-research-astaxanthin-triple-force-12mg-60-softgels-prix-maroc\/","og_locale":"en_US","og_type":"article","og_title":"Sports Research Astaxanthin Triple force 12mg\u00a0- Maroc Prix","og_description":"Astaxanthine Sports Research 12 mg Triple Force. Puissant antioxydant pour peau, yeux et \u00e9nergie. Formule propre, absorption optimale. 60 softgels.","og_url":"https:\/\/vitablanca.ma\/en\/product\/sports-research-astaxanthin-triple-force-12mg-60-softgels-prix-maroc\/","og_site_name":"Vitablanca.ma &ndash; Sant&eacute;, vitalit&eacute; et bien-&ecirc;tre pour tous les Marocains","article_publisher":"https:\/\/www.facebook.com\/profile.php?id=61576678196717","article_modified_time":"2026-04-14T11:16:22+00:00","og_image":[{"width":680,"height":680,"url":"https:\/\/vitablanca.ma\/wp-content\/uploads\/2025\/11\/sports-research-astaxanthin-triple-force-12mg-antioxidant-supplement-gluten-free.jpg","type":"image\/jpeg"}],"twitter_card":"summary_large_image","twitter_misc":{"Est. reading time":"1 minute"},"schema":{"@context":"https:\/\/schema.org","@graph":[{"@type":["WebPage","ItemPage"],"@id":"https:\/\/vitablanca.ma\/produit\/sports-research-astaxanthin-triple-force-12mg-60-softgels-prix-maroc\/","url":"https:\/\/vitablanca.ma\/produit\/sports-research-astaxanthin-triple-force-12mg-60-softgels-prix-maroc\/","name":"Sports Research Astaxanthin Triple force 12mg\u00a0- Maroc Prix","isPartOf":{"@id":"https:\/\/vitablanca.ma\/#website"},"primaryImageOfPage":{"@id":"https:\/\/vitablanca.ma\/produit\/sports-research-astaxanthin-triple-force-12mg-60-softgels-prix-maroc\/#primaryimage"},"image":{"@id":"https:\/\/vitablanca.ma\/produit\/sports-research-astaxanthin-triple-force-12mg-60-softgels-prix-maroc\/#primaryimage"},"thumbnailUrl":"https:\/\/vitablanca.ma\/wp-content\/uploads\/2025\/11\/sports-research-astaxanthin-triple-force-12mg-antioxidant-supplement-gluten-free.jpg","datePublished":"2025-11-25T21:42:48+00:00","dateModified":"2026-04-14T11:16:22+00:00","description":"Astaxanthine Sports Research 12 mg Triple Force. Puissant antioxydant pour peau, yeux et \u00e9nergie. Formule propre, absorption optimale. 60 softgels.","breadcrumb":{"@id":"https:\/\/vitablanca.ma\/produit\/sports-research-astaxanthin-triple-force-12mg-60-softgels-prix-maroc\/#breadcrumb"},"inLanguage":"en-US","potentialAction":[{"@type":"ReadAction","target":["https:\/\/vitablanca.ma\/produit\/sports-research-astaxanthin-triple-force-12mg-60-softgels-prix-maroc\/"]}]},{"@type":"ImageObject","inLanguage":"en-US","@id":"https:\/\/vitablanca.ma\/produit\/sports-research-astaxanthin-triple-force-12mg-60-softgels-prix-maroc\/#primaryimage","url":"https:\/\/vitablanca.ma\/wp-content\/uploads\/2025\/11\/sports-research-astaxanthin-triple-force-12mg-antioxidant-supplement-gluten-free.jpg","contentUrl":"https:\/\/vitablanca.ma\/wp-content\/uploads\/2025\/11\/sports-research-astaxanthin-triple-force-12mg-antioxidant-supplement-gluten-free.jpg","width":680,"height":680},{"@type":"BreadcrumbList","@id":"https:\/\/vitablanca.ma\/produit\/sports-research-astaxanthin-triple-force-12mg-60-softgels-prix-maroc\/#breadcrumb","itemListElement":[{"@type":"ListItem","position":1,"name":"Home","item":"https:\/\/vitablanca.ma\/"},{"@type":"ListItem","position":2,"name":"Tous Les Produits","item":"https:\/\/vitablanca.ma\/tous-les-produits\/"},{"@type":"ListItem","position":3,"name":"Sports Research Astaxanthin Triple force 12mg\u00a060 Softgels"}]},{"@type":"WebSite","@id":"https:\/\/vitablanca.ma\/#website","url":"https:\/\/vitablanca.ma\/","name":"VitaBlanca.ma | Food supplements, health &amp; beauty in Morocco","description":"sell premium vitamins and supplements from USA &amp; Canada, New Zealand, Morocco (NOW Foods, Solgar, Manuka). Fast delivery anywhere in Morocco.","publisher":{"@id":"https:\/\/vitablanca.ma\/#organization"},"alternateName":"VitaBlanca.ma","potentialAction":[{"@type":"SearchAction","target":{"@type":"EntryPoint","urlTemplate":"https:\/\/vitablanca.ma\/?s={search_term_string}"},"query-input":{"@type":"PropertyValueSpecification","valueRequired":true,"valueName":"search_term_string"}}],"inLanguage":"en-US"},{"@type":"Organization","@id":"https:\/\/vitablanca.ma\/#organization","name":"VitaBlanca","url":"https:\/\/vitablanca.ma\/","logo":{"@type":"ImageObject","inLanguage":"en-US","@id":"https:\/\/vitablanca.ma\/#\/schema\/logo\/image\/","url":"https:\/\/vitablanca.ma\/wp-content\/uploads\/2025\/05\/cropped-vitablanca.png","contentUrl":"https:\/\/vitablanca.ma\/wp-content\/uploads\/2025\/05\/cropped-vitablanca.png","width":360,"height":67,"caption":"VitaBlanca"},"image":{"@id":"https:\/\/vitablanca.ma\/#\/schema\/logo\/image\/"},"sameAs":["https:\/\/www.facebook.com\/profile.php?id=61576678196717","https:\/\/www.tiktok.com\/@vitablanca.ma","https:\/\/www.instagram.com\/vitablanca.ma\/"]}]}},"jetpack_sharing_enabled":true,"_links":{"self":[{"href":"https:\/\/vitablanca.ma\/en\/wp-json\/wp\/v2\/product\/26898","targetHints":{"allow":["GET"]}}],"collection":[{"href":"https:\/\/vitablanca.ma\/en\/wp-json\/wp\/v2\/product"}],"about":[{"href":"https:\/\/vitablanca.ma\/en\/wp-json\/wp\/v2\/types\/product"}],"wp:featuredmedia":[{"embeddable":true,"href":"https:\/\/vitablanca.ma\/en\/wp-json\/wp\/v2\/media\/26900"}],"wp:attachment":[{"href":"https:\/\/vitablanca.ma\/en\/wp-json\/wp\/v2\/media?parent=26898"}],"wp:term":[{"taxonomy":"product_brand","embeddable":true,"href":"https:\/\/vitablanca.ma\/en\/wp-json\/wp\/v2\/product_brand?post=26898"},{"taxonomy":"product_cat","embeddable":true,"href":"https:\/\/vitablanca.ma\/en\/wp-json\/wp\/v2\/product_cat?post=26898"},{"taxonomy":"product_tag","embeddable":true,"href":"https:\/\/vitablanca.ma\/en\/wp-json\/wp\/v2\/product_tag?post=26898"}],"curies":[{"name":"wp","href":"https:\/\/api.w.org\/{rel}","templated":true}]}}