{"id":26854,"date":"2025-11-24T14:30:36","date_gmt":"2025-11-24T14:30:36","guid":{"rendered":"https:\/\/vitablanca.ma\/?post_type=product&#038;p=26854"},"modified":"2025-12-16T19:28:41","modified_gmt":"2025-12-16T19:28:41","slug":"nordic-naturals-ultimate-omega-citron-60-capsules-prix-maroc","status":"publish","type":"product","link":"https:\/\/vitablanca.ma\/en\/product\/nordic-naturals-ultimate-omega-citron-60-capsules-prix-maroc\/","title":{"rendered":"Nordic Naturals Ultimate Omega Citron 60 capsules"},"content":{"rendered":"<p>At Nordic Naturals, we make all our fish oils from fresh wild-caught fish to provide omega-3s in triglyceride form for better results. Certified sustainable and consistently exceeding the highest purity standards, our award-winning fish oils reflect our commitment to human health and our oceans.<\/p>\n\n\n\n<p>\u2021Sur la base des donn\u00e9es de ventes annuelles de ClearCut, Nielsen et SPINS aux \u00c9tats-Unis pour l&rsquo;huile de poisson et les produits associ\u00e9s.<br>&nbsp;<\/p>\n\n\n\n<h3 class=\"wp-block-heading\"><strong>Suggested Use<\/strong><\/h3>\n\n\n\n<p>Prenez deux&nbsp;capsules \u00e0 enveloppe molle par jour au moment du repas, ou suivez les recommandations d&rsquo;un professionnel de la sant\u00e9. Pour un soutien optimal, prenez deux&nbsp;capsules \u00e0 enveloppe molle avec de la nourriture deux&nbsp;fois par jour.<a href=\"https:\/\/www.jumia.ma\/customer\/account\/login\/?tkWl=NO752DV0NTU8GNAFAMZ-69777565&amp;return=%2Fnordic-naturals-ultimate-omega-citron-60-capsules-a-enveloppe-molle-a-base-de-gelatine-de-poisson-67332004.html\"><\/a><\/p>","protected":false},"excerpt":{"rendered":"<p>Chez Nordic&nbsp;Naturals, nous fabriquons toutes nos huiles de poisson \u00e0 partir de poisson sauvage frais afin de fournir des om\u00e9ga-3 sous forme de triglyc\u00e9rides pour produire de meilleurs r\u00e9sultats. Certifi\u00e9es durables et surpassant toujours les normes de puret\u00e9 les plus strictes, nos huiles de poisson prim\u00e9es traduisent notre engagement envers la sant\u00e9 des personnes et [&hellip;]<\/p>\n","protected":false},"featured_media":26856,"template":"","meta":{"om_disable_all_campaigns":false},"product_brand":[17],"product_cat":[21,18,3366,22,175],"product_tag":[4978,4976,4974,23,33,4975,4979,4977],"class_list":{"0":"post-26854","1":"product","2":"type-product","3":"status-publish","4":"has-post-thumbnail","6":"product_brand-nordic-naturals-maroc","7":"product_cat-acides-gras-essentiels","8":"product_cat-beaute-sante","9":"product_cat-complements-alimentaires-au-maroc-vitablanca","10":"product_cat-huiles-omega","11":"product_cat-omega-3","12":"product_tag-capsules-gelatine-de-poisson","13":"product_tag-epa-dha","14":"product_tag-huile-de-poisson-sauvage","15":"product_tag-nordic-naturals","16":"product_tag-omega-3-maroc","17":"product_tag-omega-3-haute-concentration","18":"product_tag-omega-3-pour-coeur-et-cerveau","19":"product_tag-ultimate-omega-citron","21":"first","22":"instock","23":"taxable","24":"shipping-taxable","25":"purchasable","26":"product-type-simple"},"yoast_head":"<!-- This site is optimized with the Yoast SEO plugin v27.4 - https:\/\/yoast.com\/product\/yoast-seo-wordpress\/ -->\n<title>Nordic Naturals Ultimate Omega Citron 60 Capsules Maroc Prix<\/title>\n<meta name=\"description\" content=\"Nordic Naturals Ultimate Omega Citron 60 capsules : om\u00e9ga-3 hautement dos\u00e9s (EPA &amp; DHA), huile de poisson purifi\u00e9e, go\u00fbt citron,\" \/>\n<meta name=\"robots\" content=\"index, follow, max-snippet:-1, max-image-preview:large, max-video-preview:-1\" \/>\n<link rel=\"canonical\" href=\"https:\/\/vitablanca.ma\/en\/product\/nordic-naturals-ultimate-omega-citron-60-capsules-prix-maroc\/\" \/>\n<meta property=\"og:locale\" content=\"en_US\" \/>\n<meta property=\"og:type\" content=\"article\" \/>\n<meta property=\"og:title\" content=\"Nordic Naturals Ultimate Omega Citron 60 Capsules Maroc Prix\" \/>\n<meta property=\"og:description\" content=\"Nordic Naturals Ultimate Omega Citron 60 capsules : om\u00e9ga-3 hautement dos\u00e9s (EPA &amp; DHA), huile de poisson purifi\u00e9e, go\u00fbt citron,\" \/>\n<meta property=\"og:url\" content=\"https:\/\/vitablanca.ma\/en\/product\/nordic-naturals-ultimate-omega-citron-60-capsules-prix-maroc\/\" \/>\n<meta property=\"og:site_name\" content=\"Vitablanca.ma &ndash; Sant&eacute;, vitalit&eacute; et bien-&ecirc;tre pour tous les Marocains\" \/>\n<meta property=\"article:publisher\" content=\"https:\/\/www.facebook.com\/profile.php?id=61576678196717\" \/>\n<meta property=\"article:modified_time\" content=\"2025-12-16T19:28:41+00:00\" \/>\n<meta property=\"og:image\" content=\"https:\/\/vitablanca.ma\/wp-content\/uploads\/2025\/11\/nordic-naturals-ultimate-omega-citron-60-capsules-a-enveloppe-molle-a-base-de-gelatine-de-poisson.jpg\" \/>\n\t<meta property=\"og:image:width\" content=\"680\" \/>\n\t<meta property=\"og:image:height\" content=\"680\" \/>\n\t<meta property=\"og:image:type\" content=\"image\/jpeg\" \/>\n<meta name=\"twitter:card\" content=\"summary_large_image\" \/>\n<meta name=\"twitter:label1\" content=\"Est. reading time\" \/>\n\t<meta name=\"twitter:data1\" content=\"1 minute\" \/>\n<script type=\"application\/ld+json\" class=\"yoast-schema-graph\">{\"@context\":\"https:\\\/\\\/schema.org\",\"@graph\":[{\"@type\":[\"WebPage\",\"ItemPage\"],\"@id\":\"https:\\\/\\\/vitablanca.ma\\\/produit\\\/nordic-naturals-ultimate-omega-citron-60-capsules-prix-maroc\\\/\",\"url\":\"https:\\\/\\\/vitablanca.ma\\\/produit\\\/nordic-naturals-ultimate-omega-citron-60-capsules-prix-maroc\\\/\",\"name\":\"Nordic Naturals Ultimate Omega Citron 60 Capsules Maroc Prix\",\"isPartOf\":{\"@id\":\"https:\\\/\\\/vitablanca.ma\\\/#website\"},\"primaryImageOfPage\":{\"@id\":\"https:\\\/\\\/vitablanca.ma\\\/produit\\\/nordic-naturals-ultimate-omega-citron-60-capsules-prix-maroc\\\/#primaryimage\"},\"image\":{\"@id\":\"https:\\\/\\\/vitablanca.ma\\\/produit\\\/nordic-naturals-ultimate-omega-citron-60-capsules-prix-maroc\\\/#primaryimage\"},\"thumbnailUrl\":\"https:\\\/\\\/vitablanca.ma\\\/wp-content\\\/uploads\\\/2025\\\/11\\\/nordic-naturals-ultimate-omega-citron-60-capsules-a-enveloppe-molle-a-base-de-gelatine-de-poisson.jpg\",\"datePublished\":\"2025-11-24T14:30:36+00:00\",\"dateModified\":\"2025-12-16T19:28:41+00:00\",\"description\":\"Nordic Naturals Ultimate Omega Citron 60 capsules : om\u00e9ga-3 hautement dos\u00e9s (EPA & DHA), huile de poisson purifi\u00e9e, go\u00fbt citron,\",\"breadcrumb\":{\"@id\":\"https:\\\/\\\/vitablanca.ma\\\/produit\\\/nordic-naturals-ultimate-omega-citron-60-capsules-prix-maroc\\\/#breadcrumb\"},\"inLanguage\":\"en-US\",\"potentialAction\":[{\"@type\":\"ReadAction\",\"target\":[\"https:\\\/\\\/vitablanca.ma\\\/produit\\\/nordic-naturals-ultimate-omega-citron-60-capsules-prix-maroc\\\/\"]}]},{\"@type\":\"ImageObject\",\"inLanguage\":\"en-US\",\"@id\":\"https:\\\/\\\/vitablanca.ma\\\/produit\\\/nordic-naturals-ultimate-omega-citron-60-capsules-prix-maroc\\\/#primaryimage\",\"url\":\"https:\\\/\\\/vitablanca.ma\\\/wp-content\\\/uploads\\\/2025\\\/11\\\/nordic-naturals-ultimate-omega-citron-60-capsules-a-enveloppe-molle-a-base-de-gelatine-de-poisson.jpg\",\"contentUrl\":\"https:\\\/\\\/vitablanca.ma\\\/wp-content\\\/uploads\\\/2025\\\/11\\\/nordic-naturals-ultimate-omega-citron-60-capsules-a-enveloppe-molle-a-base-de-gelatine-de-poisson.jpg\",\"width\":680,\"height\":680},{\"@type\":\"BreadcrumbList\",\"@id\":\"https:\\\/\\\/vitablanca.ma\\\/produit\\\/nordic-naturals-ultimate-omega-citron-60-capsules-prix-maroc\\\/#breadcrumb\",\"itemListElement\":[{\"@type\":\"ListItem\",\"position\":1,\"name\":\"Home\",\"item\":\"https:\\\/\\\/vitablanca.ma\\\/\"},{\"@type\":\"ListItem\",\"position\":2,\"name\":\"Tous Les Produits\",\"item\":\"https:\\\/\\\/vitablanca.ma\\\/tous-les-produits\\\/\"},{\"@type\":\"ListItem\",\"position\":3,\"name\":\"Nordic Naturals Ultimate Omega Citron 60 capsules\"}]},{\"@type\":\"WebSite\",\"@id\":\"https:\\\/\\\/vitablanca.ma\\\/#website\",\"url\":\"https:\\\/\\\/vitablanca.ma\\\/\",\"name\":\"VitaBlanca.ma | Compl\u00e9ments alimentaires, sant\u00e9 & beaut\u00e9 au Maroc\",\"description\":\"vendre vitamines et compl\u00e9ments premium des USA &amp; Canada, Nouvelle Z\u00e9lande,Maroc (NOW Foods, Solgar, Manuka). Livraison rapide partout au Maroc.\",\"publisher\":{\"@id\":\"https:\\\/\\\/vitablanca.ma\\\/#organization\"},\"alternateName\":\"VitaBlanca.ma\",\"potentialAction\":[{\"@type\":\"SearchAction\",\"target\":{\"@type\":\"EntryPoint\",\"urlTemplate\":\"https:\\\/\\\/vitablanca.ma\\\/?s={search_term_string}\"},\"query-input\":{\"@type\":\"PropertyValueSpecification\",\"valueRequired\":true,\"valueName\":\"search_term_string\"}}],\"inLanguage\":\"en-US\"},{\"@type\":\"Organization\",\"@id\":\"https:\\\/\\\/vitablanca.ma\\\/#organization\",\"name\":\"VitaBlanca\",\"url\":\"https:\\\/\\\/vitablanca.ma\\\/\",\"logo\":{\"@type\":\"ImageObject\",\"inLanguage\":\"en-US\",\"@id\":\"https:\\\/\\\/vitablanca.ma\\\/#\\\/schema\\\/logo\\\/image\\\/\",\"url\":\"https:\\\/\\\/vitablanca.ma\\\/wp-content\\\/uploads\\\/2025\\\/05\\\/cropped-vitablanca.png\",\"contentUrl\":\"https:\\\/\\\/vitablanca.ma\\\/wp-content\\\/uploads\\\/2025\\\/05\\\/cropped-vitablanca.png\",\"width\":360,\"height\":67,\"caption\":\"VitaBlanca\"},\"image\":{\"@id\":\"https:\\\/\\\/vitablanca.ma\\\/#\\\/schema\\\/logo\\\/image\\\/\"},\"sameAs\":[\"https:\\\/\\\/www.facebook.com\\\/profile.php?id=61576678196717\",\"https:\\\/\\\/www.tiktok.com\\\/@vitablanca.ma\",\"https:\\\/\\\/www.instagram.com\\\/vitablanca.ma\\\/\"]}]}<\/script>\n<!-- \/ Yoast SEO plugin. -->","yoast_head_json":{"title":"Nordic Naturals Ultimate Omega Citron 60 Capsules Maroc Prix","description":"Nordic Naturals Ultimate Omega Citron 60 capsules : om\u00e9ga-3 hautement dos\u00e9s (EPA & DHA), huile de poisson purifi\u00e9e, go\u00fbt citron,","robots":{"index":"index","follow":"follow","max-snippet":"max-snippet:-1","max-image-preview":"max-image-preview:large","max-video-preview":"max-video-preview:-1"},"canonical":"https:\/\/vitablanca.ma\/en\/product\/nordic-naturals-ultimate-omega-citron-60-capsules-prix-maroc\/","og_locale":"en_US","og_type":"article","og_title":"Nordic Naturals Ultimate Omega Citron 60 Capsules Maroc Prix","og_description":"Nordic Naturals Ultimate Omega Citron 60 capsules : om\u00e9ga-3 hautement dos\u00e9s (EPA & DHA), huile de poisson purifi\u00e9e, go\u00fbt citron,","og_url":"https:\/\/vitablanca.ma\/en\/product\/nordic-naturals-ultimate-omega-citron-60-capsules-prix-maroc\/","og_site_name":"Vitablanca.ma &ndash; Sant&eacute;, vitalit&eacute; et bien-&ecirc;tre pour tous les Marocains","article_publisher":"https:\/\/www.facebook.com\/profile.php?id=61576678196717","article_modified_time":"2025-12-16T19:28:41+00:00","og_image":[{"width":680,"height":680,"url":"https:\/\/vitablanca.ma\/wp-content\/uploads\/2025\/11\/nordic-naturals-ultimate-omega-citron-60-capsules-a-enveloppe-molle-a-base-de-gelatine-de-poisson.jpg","type":"image\/jpeg"}],"twitter_card":"summary_large_image","twitter_misc":{"Est. reading time":"1 minute"},"schema":{"@context":"https:\/\/schema.org","@graph":[{"@type":["WebPage","ItemPage"],"@id":"https:\/\/vitablanca.ma\/produit\/nordic-naturals-ultimate-omega-citron-60-capsules-prix-maroc\/","url":"https:\/\/vitablanca.ma\/produit\/nordic-naturals-ultimate-omega-citron-60-capsules-prix-maroc\/","name":"Nordic Naturals Ultimate Omega Citron 60 Capsules Maroc Prix","isPartOf":{"@id":"https:\/\/vitablanca.ma\/#website"},"primaryImageOfPage":{"@id":"https:\/\/vitablanca.ma\/produit\/nordic-naturals-ultimate-omega-citron-60-capsules-prix-maroc\/#primaryimage"},"image":{"@id":"https:\/\/vitablanca.ma\/produit\/nordic-naturals-ultimate-omega-citron-60-capsules-prix-maroc\/#primaryimage"},"thumbnailUrl":"https:\/\/vitablanca.ma\/wp-content\/uploads\/2025\/11\/nordic-naturals-ultimate-omega-citron-60-capsules-a-enveloppe-molle-a-base-de-gelatine-de-poisson.jpg","datePublished":"2025-11-24T14:30:36+00:00","dateModified":"2025-12-16T19:28:41+00:00","description":"Nordic Naturals Ultimate Omega Citron 60 capsules : om\u00e9ga-3 hautement dos\u00e9s (EPA & DHA), huile de poisson purifi\u00e9e, go\u00fbt citron,","breadcrumb":{"@id":"https:\/\/vitablanca.ma\/produit\/nordic-naturals-ultimate-omega-citron-60-capsules-prix-maroc\/#breadcrumb"},"inLanguage":"en-US","potentialAction":[{"@type":"ReadAction","target":["https:\/\/vitablanca.ma\/produit\/nordic-naturals-ultimate-omega-citron-60-capsules-prix-maroc\/"]}]},{"@type":"ImageObject","inLanguage":"en-US","@id":"https:\/\/vitablanca.ma\/produit\/nordic-naturals-ultimate-omega-citron-60-capsules-prix-maroc\/#primaryimage","url":"https:\/\/vitablanca.ma\/wp-content\/uploads\/2025\/11\/nordic-naturals-ultimate-omega-citron-60-capsules-a-enveloppe-molle-a-base-de-gelatine-de-poisson.jpg","contentUrl":"https:\/\/vitablanca.ma\/wp-content\/uploads\/2025\/11\/nordic-naturals-ultimate-omega-citron-60-capsules-a-enveloppe-molle-a-base-de-gelatine-de-poisson.jpg","width":680,"height":680},{"@type":"BreadcrumbList","@id":"https:\/\/vitablanca.ma\/produit\/nordic-naturals-ultimate-omega-citron-60-capsules-prix-maroc\/#breadcrumb","itemListElement":[{"@type":"ListItem","position":1,"name":"Home","item":"https:\/\/vitablanca.ma\/"},{"@type":"ListItem","position":2,"name":"Tous Les Produits","item":"https:\/\/vitablanca.ma\/tous-les-produits\/"},{"@type":"ListItem","position":3,"name":"Nordic Naturals Ultimate Omega Citron 60 capsules"}]},{"@type":"WebSite","@id":"https:\/\/vitablanca.ma\/#website","url":"https:\/\/vitablanca.ma\/","name":"VitaBlanca.ma | Food supplements, health &amp; beauty in Morocco","description":"sell premium vitamins and supplements from USA &amp; Canada, New Zealand, Morocco (NOW Foods, Solgar, Manuka). Fast delivery anywhere in Morocco.","publisher":{"@id":"https:\/\/vitablanca.ma\/#organization"},"alternateName":"VitaBlanca.ma","potentialAction":[{"@type":"SearchAction","target":{"@type":"EntryPoint","urlTemplate":"https:\/\/vitablanca.ma\/?s={search_term_string}"},"query-input":{"@type":"PropertyValueSpecification","valueRequired":true,"valueName":"search_term_string"}}],"inLanguage":"en-US"},{"@type":"Organization","@id":"https:\/\/vitablanca.ma\/#organization","name":"VitaBlanca","url":"https:\/\/vitablanca.ma\/","logo":{"@type":"ImageObject","inLanguage":"en-US","@id":"https:\/\/vitablanca.ma\/#\/schema\/logo\/image\/","url":"https:\/\/vitablanca.ma\/wp-content\/uploads\/2025\/05\/cropped-vitablanca.png","contentUrl":"https:\/\/vitablanca.ma\/wp-content\/uploads\/2025\/05\/cropped-vitablanca.png","width":360,"height":67,"caption":"VitaBlanca"},"image":{"@id":"https:\/\/vitablanca.ma\/#\/schema\/logo\/image\/"},"sameAs":["https:\/\/www.facebook.com\/profile.php?id=61576678196717","https:\/\/www.tiktok.com\/@vitablanca.ma","https:\/\/www.instagram.com\/vitablanca.ma\/"]}]}},"jetpack_sharing_enabled":true,"_links":{"self":[{"href":"https:\/\/vitablanca.ma\/en\/wp-json\/wp\/v2\/product\/26854","targetHints":{"allow":["GET"]}}],"collection":[{"href":"https:\/\/vitablanca.ma\/en\/wp-json\/wp\/v2\/product"}],"about":[{"href":"https:\/\/vitablanca.ma\/en\/wp-json\/wp\/v2\/types\/product"}],"wp:featuredmedia":[{"embeddable":true,"href":"https:\/\/vitablanca.ma\/en\/wp-json\/wp\/v2\/media\/26856"}],"wp:attachment":[{"href":"https:\/\/vitablanca.ma\/en\/wp-json\/wp\/v2\/media?parent=26854"}],"wp:term":[{"taxonomy":"product_brand","embeddable":true,"href":"https:\/\/vitablanca.ma\/en\/wp-json\/wp\/v2\/product_brand?post=26854"},{"taxonomy":"product_cat","embeddable":true,"href":"https:\/\/vitablanca.ma\/en\/wp-json\/wp\/v2\/product_cat?post=26854"},{"taxonomy":"product_tag","embeddable":true,"href":"https:\/\/vitablanca.ma\/en\/wp-json\/wp\/v2\/product_tag?post=26854"}],"curies":[{"name":"wp","href":"https:\/\/api.w.org\/{rel}","templated":true}]}}