{"id":26764,"date":"2025-11-20T12:07:59","date_gmt":"2025-11-20T12:07:59","guid":{"rendered":"https:\/\/vitablanca.ma\/?post_type=product&#038;p=26764"},"modified":"2025-12-16T19:28:42","modified_gmt":"2025-12-16T19:28:42","slug":"weightworld-black-maca-noire-racine-de-maca-5550mg","status":"publish","type":"product","link":"https:\/\/vitablanca.ma\/en\/product\/weightworld-black-maca-noire-racine-de-maca-5550mg\/","title":{"rendered":"WeightWorld Black Maca Noire Racine de maca 5550mg"},"content":{"rendered":"<p>Extrait de Maca Noire ultra-concentr\u00e9 Soutien \u00e0 l&rsquo;\u00e9nergie, la libido et l&rsquo;endurance Consid\u00e9r\u00e9e comme la plus puissante des macas Formule haute puissance pour hommes et femmes La Maca Noire de WeightWorld est un super-aliment des Andes, r\u00e9put\u00e9 pour ses propri\u00e9t\u00e9s tonifiantes et revitalisantes. Cette vari\u00e9t\u00e9, la plus rare, est particuli\u00e8rement appr\u00e9ci\u00e9e pour son impact sur l&rsquo;\u00e9nergie, la performance physique, l&rsquo;\u00e9quilibre hormonal et la libido, tant chez les hommes que chez les femmes. C&rsquo;est un booster de vitalit\u00e9 naturel. Nutravit vous propose cet extrait haute puissance pour vous aider \u00e0 retrouver votre dynamisme et votre plein potentiel.<\/p>\n<p data-start=\"821\" data-end=\"1155\">WeightWorld Black Maca 5550 mg est une formule premium \u00e0 base de maca noire, r\u00e9put\u00e9e pour ses bienfaits sur l\u2019\u00e9nergie, la vitalit\u00e9, l\u2019endurance, la concentration et l\u2019\u00e9quilibre hormonal. La maca noire est consid\u00e9r\u00e9e comme la vari\u00e9t\u00e9 la plus puissante, utilis\u00e9e traditionnellement pour am\u00e9liorer les performances physiques et mentales.<\/p>\n<p data-start=\"1157\" data-end=\"1447\">Avec une dose \u00e9lev\u00e9e de 5550 mg, ce compl\u00e9ment soutient naturellement le niveau d\u2019\u00e9nergie, r\u00e9duit la fatigue et am\u00e9liore la r\u00e9cup\u00e9ration. Il est \u00e9galement connu pour stimuler la libido, \u00e9quilibrer les hormones aussi bien chez l\u2019homme que chez la femme, et favoriser une meilleure fertilit\u00e9.<\/p>\n<p data-start=\"1449\" data-end=\"1729\">La maca noire aide \u00e9galement \u00e0 renforcer la concentration, la r\u00e9sistance au stress, les performances sportives et le bien-\u00eatre g\u00e9n\u00e9ral. Sa formule est vegan, naturelle et sans additifs inutiles, ce qui en fait une solution saine et efficace pour booster naturellement la vitalit\u00e9.<\/p>","protected":false},"excerpt":{"rendered":"<ul>\n<li>Formul\u00e9 pour celles et ceux qui cherchent \u00e0 booster leur\u00a0<strong>\u00e9nergie et vitalit\u00e9<\/strong>\u00a0au quotidien<\/li>\n<li>Accompagne l\u2019<strong>hormonal balance<\/strong>\u00a0naturel chez les hommes et les femmes<\/li>\n<li>Formulation pens\u00e9e pour soutenir les\u00a0<strong>fonctions cognitives<\/strong>\u00a0(m\u00e9moire, concentration)<\/li>\n<li>La Maca Noire contribue au fonctionnement normal du syst\u00e8me immunitaire<\/li>\n<li>Formule enrichie en Ginseng, Zinc et L-Arginine pour une\u00a0<strong>full action<\/strong><\/li>\n<\/ul>","protected":false},"featured_media":26693,"template":"","meta":{"om_disable_all_campaigns":false},"product_brand":[4844],"product_cat":[18],"product_tag":[4734,4736,4732,4735,4739,4738,4737,4733,4740],"class_list":{"0":"post-26764","1":"product","2":"type-product","3":"status-publish","4":"has-post-thumbnail","6":"product_brand-weightworld-maroc-prix","7":"product_cat-beaute-sante","8":"product_tag-black-maca","9":"product_tag-complement-maca-maroc","10":"product_tag-maca-5550-mg","11":"product_tag-maca-energy","12":"product_tag-maca-homme-femme","13":"product_tag-maca-libido","14":"product_tag-maca-noire-maroc","15":"product_tag-racine-de-maca-noire","16":"product_tag-weightworld-maca","18":"first","19":"instock","20":"taxable","21":"shipping-taxable","22":"purchasable","23":"product-type-simple"},"yoast_head":"<!-- This site is optimized with the Yoast SEO plugin v27.3 - https:\/\/yoast.com\/product\/yoast-seo-wordpress\/ -->\n<title>WeightWorld Black Maca Noire de maca 5550mg - Maroc Prix<\/title>\n<meta name=\"description\" content=\"Maca Noire WeightWorld 5550 mg. \u00c9nergie, endurance, libido, \u00e9quilibre hormonal et vitalit\u00e9. Formule puissante. Livraison rapide au Maroc.\" \/>\n<meta name=\"robots\" content=\"index, follow, max-snippet:-1, max-image-preview:large, max-video-preview:-1\" \/>\n<link rel=\"canonical\" href=\"https:\/\/vitablanca.ma\/en\/product\/weightworld-black-maca-noire-racine-de-maca-5550mg\/\" \/>\n<meta property=\"og:locale\" content=\"en_US\" \/>\n<meta property=\"og:type\" content=\"article\" \/>\n<meta property=\"og:title\" content=\"WeightWorld Black Maca Noire de maca 5550mg - Maroc Prix\" \/>\n<meta property=\"og:description\" content=\"Maca Noire WeightWorld 5550 mg. \u00c9nergie, endurance, libido, \u00e9quilibre hormonal et vitalit\u00e9. Formule puissante. Livraison rapide au Maroc.\" \/>\n<meta property=\"og:url\" content=\"https:\/\/vitablanca.ma\/en\/product\/weightworld-black-maca-noire-racine-de-maca-5550mg\/\" \/>\n<meta property=\"og:site_name\" content=\"Vitablanca.ma &ndash; Sant&eacute;, vitalit&eacute; et bien-&ecirc;tre pour tous les Marocains\" \/>\n<meta property=\"article:publisher\" content=\"https:\/\/www.facebook.com\/profile.php?id=61576678196717\" \/>\n<meta property=\"article:modified_time\" content=\"2025-12-16T19:28:42+00:00\" \/>\n<meta property=\"og:image\" content=\"https:\/\/vitablanca.ma\/wp-content\/uploads\/2025\/11\/WeightWorld-Black-Maca-Noire-Racine-de-maca-5550mg.jpg\" \/>\n\t<meta property=\"og:image:width\" content=\"680\" \/>\n\t<meta property=\"og:image:height\" content=\"680\" \/>\n\t<meta property=\"og:image:type\" content=\"image\/jpeg\" \/>\n<meta name=\"twitter:card\" content=\"summary_large_image\" \/>\n<meta name=\"twitter:label1\" content=\"Est. reading time\" \/>\n\t<meta name=\"twitter:data1\" content=\"2 minutes\" \/>\n<script type=\"application\/ld+json\" class=\"yoast-schema-graph\">{\"@context\":\"https:\\\/\\\/schema.org\",\"@graph\":[{\"@type\":[\"WebPage\",\"ItemPage\"],\"@id\":\"https:\\\/\\\/vitablanca.ma\\\/produit\\\/weightworld-black-maca-noire-racine-de-maca-5550mg\\\/\",\"url\":\"https:\\\/\\\/vitablanca.ma\\\/produit\\\/weightworld-black-maca-noire-racine-de-maca-5550mg\\\/\",\"name\":\"WeightWorld Black Maca Noire de maca 5550mg - Maroc Prix\",\"isPartOf\":{\"@id\":\"https:\\\/\\\/vitablanca.ma\\\/#website\"},\"primaryImageOfPage\":{\"@id\":\"https:\\\/\\\/vitablanca.ma\\\/produit\\\/weightworld-black-maca-noire-racine-de-maca-5550mg\\\/#primaryimage\"},\"image\":{\"@id\":\"https:\\\/\\\/vitablanca.ma\\\/produit\\\/weightworld-black-maca-noire-racine-de-maca-5550mg\\\/#primaryimage\"},\"thumbnailUrl\":\"https:\\\/\\\/vitablanca.ma\\\/wp-content\\\/uploads\\\/2025\\\/11\\\/WeightWorld-Black-Maca-Noire-Racine-de-maca-5550mg.jpg\",\"datePublished\":\"2025-11-20T12:07:59+00:00\",\"dateModified\":\"2025-12-16T19:28:42+00:00\",\"description\":\"Maca Noire WeightWorld 5550 mg. \u00c9nergie, endurance, libido, \u00e9quilibre hormonal et vitalit\u00e9. Formule puissante. Livraison rapide au Maroc.\",\"breadcrumb\":{\"@id\":\"https:\\\/\\\/vitablanca.ma\\\/produit\\\/weightworld-black-maca-noire-racine-de-maca-5550mg\\\/#breadcrumb\"},\"inLanguage\":\"en-US\",\"potentialAction\":[{\"@type\":\"ReadAction\",\"target\":[\"https:\\\/\\\/vitablanca.ma\\\/produit\\\/weightworld-black-maca-noire-racine-de-maca-5550mg\\\/\"]}]},{\"@type\":\"ImageObject\",\"inLanguage\":\"en-US\",\"@id\":\"https:\\\/\\\/vitablanca.ma\\\/produit\\\/weightworld-black-maca-noire-racine-de-maca-5550mg\\\/#primaryimage\",\"url\":\"https:\\\/\\\/vitablanca.ma\\\/wp-content\\\/uploads\\\/2025\\\/11\\\/WeightWorld-Black-Maca-Noire-Racine-de-maca-5550mg.jpg\",\"contentUrl\":\"https:\\\/\\\/vitablanca.ma\\\/wp-content\\\/uploads\\\/2025\\\/11\\\/WeightWorld-Black-Maca-Noire-Racine-de-maca-5550mg.jpg\",\"width\":680,\"height\":680},{\"@type\":\"BreadcrumbList\",\"@id\":\"https:\\\/\\\/vitablanca.ma\\\/produit\\\/weightworld-black-maca-noire-racine-de-maca-5550mg\\\/#breadcrumb\",\"itemListElement\":[{\"@type\":\"ListItem\",\"position\":1,\"name\":\"Home\",\"item\":\"https:\\\/\\\/vitablanca.ma\\\/\"},{\"@type\":\"ListItem\",\"position\":2,\"name\":\"Tous Les Produits\",\"item\":\"https:\\\/\\\/vitablanca.ma\\\/tous-les-produits\\\/\"},{\"@type\":\"ListItem\",\"position\":3,\"name\":\"WeightWorld Black Maca Noire Racine de maca 5550mg\"}]},{\"@type\":\"WebSite\",\"@id\":\"https:\\\/\\\/vitablanca.ma\\\/#website\",\"url\":\"https:\\\/\\\/vitablanca.ma\\\/\",\"name\":\"VitaBlanca.ma | Compl\u00e9ments alimentaires, sant\u00e9 & beaut\u00e9 au Maroc\",\"description\":\"vendre vitamines et compl\u00e9ments premium des USA &amp; Canada, Nouvelle Z\u00e9lande,Maroc (NOW Foods, Solgar, Manuka). Livraison rapide partout au Maroc.\",\"publisher\":{\"@id\":\"https:\\\/\\\/vitablanca.ma\\\/#organization\"},\"alternateName\":\"VitaBlanca.ma\",\"potentialAction\":[{\"@type\":\"SearchAction\",\"target\":{\"@type\":\"EntryPoint\",\"urlTemplate\":\"https:\\\/\\\/vitablanca.ma\\\/?s={search_term_string}\"},\"query-input\":{\"@type\":\"PropertyValueSpecification\",\"valueRequired\":true,\"valueName\":\"search_term_string\"}}],\"inLanguage\":\"en-US\"},{\"@type\":\"Organization\",\"@id\":\"https:\\\/\\\/vitablanca.ma\\\/#organization\",\"name\":\"VitaBlanca\",\"url\":\"https:\\\/\\\/vitablanca.ma\\\/\",\"logo\":{\"@type\":\"ImageObject\",\"inLanguage\":\"en-US\",\"@id\":\"https:\\\/\\\/vitablanca.ma\\\/#\\\/schema\\\/logo\\\/image\\\/\",\"url\":\"https:\\\/\\\/vitablanca.ma\\\/wp-content\\\/uploads\\\/2025\\\/05\\\/cropped-vitablanca.png\",\"contentUrl\":\"https:\\\/\\\/vitablanca.ma\\\/wp-content\\\/uploads\\\/2025\\\/05\\\/cropped-vitablanca.png\",\"width\":360,\"height\":67,\"caption\":\"VitaBlanca\"},\"image\":{\"@id\":\"https:\\\/\\\/vitablanca.ma\\\/#\\\/schema\\\/logo\\\/image\\\/\"},\"sameAs\":[\"https:\\\/\\\/www.facebook.com\\\/profile.php?id=61576678196717\",\"https:\\\/\\\/www.tiktok.com\\\/@vitablanca.ma\",\"https:\\\/\\\/www.instagram.com\\\/vitablanca.ma\\\/\"]}]}<\/script>\n<!-- \/ Yoast SEO plugin. -->","yoast_head_json":{"title":"WeightWorld Black Maca Noire de maca 5550mg - Maroc Prix","description":"Maca Noire WeightWorld 5550 mg. \u00c9nergie, endurance, libido, \u00e9quilibre hormonal et vitalit\u00e9. Formule puissante. Livraison rapide au Maroc.","robots":{"index":"index","follow":"follow","max-snippet":"max-snippet:-1","max-image-preview":"max-image-preview:large","max-video-preview":"max-video-preview:-1"},"canonical":"https:\/\/vitablanca.ma\/en\/product\/weightworld-black-maca-noire-racine-de-maca-5550mg\/","og_locale":"en_US","og_type":"article","og_title":"WeightWorld Black Maca Noire de maca 5550mg - Maroc Prix","og_description":"Maca Noire WeightWorld 5550 mg. \u00c9nergie, endurance, libido, \u00e9quilibre hormonal et vitalit\u00e9. Formule puissante. Livraison rapide au Maroc.","og_url":"https:\/\/vitablanca.ma\/en\/product\/weightworld-black-maca-noire-racine-de-maca-5550mg\/","og_site_name":"Vitablanca.ma &ndash; Sant&eacute;, vitalit&eacute; et bien-&ecirc;tre pour tous les Marocains","article_publisher":"https:\/\/www.facebook.com\/profile.php?id=61576678196717","article_modified_time":"2025-12-16T19:28:42+00:00","og_image":[{"width":680,"height":680,"url":"https:\/\/vitablanca.ma\/wp-content\/uploads\/2025\/11\/WeightWorld-Black-Maca-Noire-Racine-de-maca-5550mg.jpg","type":"image\/jpeg"}],"twitter_card":"summary_large_image","twitter_misc":{"Est. reading time":"2 minutes"},"schema":{"@context":"https:\/\/schema.org","@graph":[{"@type":["WebPage","ItemPage"],"@id":"https:\/\/vitablanca.ma\/produit\/weightworld-black-maca-noire-racine-de-maca-5550mg\/","url":"https:\/\/vitablanca.ma\/produit\/weightworld-black-maca-noire-racine-de-maca-5550mg\/","name":"WeightWorld Black Maca Noire de maca 5550mg - Maroc Prix","isPartOf":{"@id":"https:\/\/vitablanca.ma\/#website"},"primaryImageOfPage":{"@id":"https:\/\/vitablanca.ma\/produit\/weightworld-black-maca-noire-racine-de-maca-5550mg\/#primaryimage"},"image":{"@id":"https:\/\/vitablanca.ma\/produit\/weightworld-black-maca-noire-racine-de-maca-5550mg\/#primaryimage"},"thumbnailUrl":"https:\/\/vitablanca.ma\/wp-content\/uploads\/2025\/11\/WeightWorld-Black-Maca-Noire-Racine-de-maca-5550mg.jpg","datePublished":"2025-11-20T12:07:59+00:00","dateModified":"2025-12-16T19:28:42+00:00","description":"Maca Noire WeightWorld 5550 mg. \u00c9nergie, endurance, libido, \u00e9quilibre hormonal et vitalit\u00e9. Formule puissante. Livraison rapide au Maroc.","breadcrumb":{"@id":"https:\/\/vitablanca.ma\/produit\/weightworld-black-maca-noire-racine-de-maca-5550mg\/#breadcrumb"},"inLanguage":"en-US","potentialAction":[{"@type":"ReadAction","target":["https:\/\/vitablanca.ma\/produit\/weightworld-black-maca-noire-racine-de-maca-5550mg\/"]}]},{"@type":"ImageObject","inLanguage":"en-US","@id":"https:\/\/vitablanca.ma\/produit\/weightworld-black-maca-noire-racine-de-maca-5550mg\/#primaryimage","url":"https:\/\/vitablanca.ma\/wp-content\/uploads\/2025\/11\/WeightWorld-Black-Maca-Noire-Racine-de-maca-5550mg.jpg","contentUrl":"https:\/\/vitablanca.ma\/wp-content\/uploads\/2025\/11\/WeightWorld-Black-Maca-Noire-Racine-de-maca-5550mg.jpg","width":680,"height":680},{"@type":"BreadcrumbList","@id":"https:\/\/vitablanca.ma\/produit\/weightworld-black-maca-noire-racine-de-maca-5550mg\/#breadcrumb","itemListElement":[{"@type":"ListItem","position":1,"name":"Home","item":"https:\/\/vitablanca.ma\/"},{"@type":"ListItem","position":2,"name":"Tous Les Produits","item":"https:\/\/vitablanca.ma\/tous-les-produits\/"},{"@type":"ListItem","position":3,"name":"WeightWorld Black Maca Noire Racine de maca 5550mg"}]},{"@type":"WebSite","@id":"https:\/\/vitablanca.ma\/#website","url":"https:\/\/vitablanca.ma\/","name":"VitaBlanca.ma | Food supplements, health &amp; beauty in Morocco","description":"sell premium vitamins and supplements from USA &amp; Canada, New Zealand, Morocco (NOW Foods, Solgar, Manuka). Fast delivery anywhere in Morocco.","publisher":{"@id":"https:\/\/vitablanca.ma\/#organization"},"alternateName":"VitaBlanca.ma","potentialAction":[{"@type":"SearchAction","target":{"@type":"EntryPoint","urlTemplate":"https:\/\/vitablanca.ma\/?s={search_term_string}"},"query-input":{"@type":"PropertyValueSpecification","valueRequired":true,"valueName":"search_term_string"}}],"inLanguage":"en-US"},{"@type":"Organization","@id":"https:\/\/vitablanca.ma\/#organization","name":"VitaBlanca","url":"https:\/\/vitablanca.ma\/","logo":{"@type":"ImageObject","inLanguage":"en-US","@id":"https:\/\/vitablanca.ma\/#\/schema\/logo\/image\/","url":"https:\/\/vitablanca.ma\/wp-content\/uploads\/2025\/05\/cropped-vitablanca.png","contentUrl":"https:\/\/vitablanca.ma\/wp-content\/uploads\/2025\/05\/cropped-vitablanca.png","width":360,"height":67,"caption":"VitaBlanca"},"image":{"@id":"https:\/\/vitablanca.ma\/#\/schema\/logo\/image\/"},"sameAs":["https:\/\/www.facebook.com\/profile.php?id=61576678196717","https:\/\/www.tiktok.com\/@vitablanca.ma","https:\/\/www.instagram.com\/vitablanca.ma\/"]}]}},"jetpack_sharing_enabled":true,"_links":{"self":[{"href":"https:\/\/vitablanca.ma\/en\/wp-json\/wp\/v2\/product\/26764","targetHints":{"allow":["GET"]}}],"collection":[{"href":"https:\/\/vitablanca.ma\/en\/wp-json\/wp\/v2\/product"}],"about":[{"href":"https:\/\/vitablanca.ma\/en\/wp-json\/wp\/v2\/types\/product"}],"wp:featuredmedia":[{"embeddable":true,"href":"https:\/\/vitablanca.ma\/en\/wp-json\/wp\/v2\/media\/26693"}],"wp:attachment":[{"href":"https:\/\/vitablanca.ma\/en\/wp-json\/wp\/v2\/media?parent=26764"}],"wp:term":[{"taxonomy":"product_brand","embeddable":true,"href":"https:\/\/vitablanca.ma\/en\/wp-json\/wp\/v2\/product_brand?post=26764"},{"taxonomy":"product_cat","embeddable":true,"href":"https:\/\/vitablanca.ma\/en\/wp-json\/wp\/v2\/product_cat?post=26764"},{"taxonomy":"product_tag","embeddable":true,"href":"https:\/\/vitablanca.ma\/en\/wp-json\/wp\/v2\/product_tag?post=26764"}],"curies":[{"name":"wp","href":"https:\/\/api.w.org\/{rel}","templated":true}]}}