{"id":26745,"date":"2025-11-20T12:07:56","date_gmt":"2025-11-20T12:07:56","guid":{"rendered":"https:\/\/vitablanca.ma\/?post_type=product&#038;p=26745"},"modified":"2026-03-13T03:32:24","modified_gmt":"2026-03-13T03:32:24","slug":"ostrovit-arginine-3000-mg-acides-amines-300-capsules","status":"publish","type":"product","link":"https:\/\/vitablanca.ma\/en\/product\/ostrovit-arginine-3000-mg-acides-amines-300-capsules\/","title":{"rendered":"OstroVit Arginine 3000 mg Acides Amin\u00e9s 300 Capsules"},"content":{"rendered":"<p>Formule haute puissance : 3000 mg d&rsquo;Arginine Pr\u00e9curseur de l&rsquo;Oxyde Nitrique (NO) Am\u00e9liore la congestion musculaire (\u00ab\u00a0pump\u00a0\u00bb) et la vascularit\u00e9 Soutient la performance et la livraison de nutriments L&rsquo;Arginine 3000 mg d&rsquo;OstroVit est un suppl\u00e9ment de pr\u00e9-entra\u00eenement puissant pour les athl\u00e8tes. En tant que pr\u00e9curseur de l&rsquo;oxyde nitrique, l&rsquo;arginine aide \u00e0 dilater les vaisseaux sanguins, ce qui augmente le flux sanguin vers les muscles. Cela se traduit par une meilleure congestion, un meilleur apport en oxyg\u00e8ne et en nutriments, et une performance accrue. Nutravit.ma a s\u00e9lectionn\u00e9 cette formule haute dose pour vous aider \u00e0 ressentir une congestion intense et \u00e0 maximiser vos s\u00e9ances d&rsquo;entra\u00eenement.<\/p>\n<p data-start=\"868\" data-end=\"1204\">OstroVit Arginine 3000 mg est un compl\u00e9ment \u00e0 base de L-Arginine, un acide amin\u00e9 essentiel pour la circulation sanguine, la performance sportive et la croissance musculaire. La L-Arginine est impliqu\u00e9e dans la production de NO (oxyde nitrique), un compos\u00e9 qui am\u00e9liore la vasodilatation, la pompe musculaire et l\u2019oxyg\u00e9nation des tissus.<\/p>\n<p data-start=\"1206\" data-end=\"1449\">Gr\u00e2ce \u00e0 une dose \u00e9lev\u00e9e de 3000 mg, ce compl\u00e9ment est id\u00e9al pour les sportifs cherchant \u00e0 augmenter leur endurance, am\u00e9liorer leur r\u00e9cup\u00e9ration, renforcer leurs performances et optimiser le flux sanguin vers les muscles pendant l\u2019entra\u00eenement.<\/p>\n<p data-start=\"1451\" data-end=\"1747\">La L-Arginine contribue \u00e9galement \u00e0 la sant\u00e9 cardiovasculaire, au maintien du tonus musculaire et \u00e0 la production d\u2019hormone de croissance. Avec 300 capsules, cette formule offre une utilisation longue dur\u00e9e, pratique et efficace, adapt\u00e9e aussi bien aux athl\u00e8tes qu\u2019aux pratiquants de musculation.<\/p>\n<p data-start=\"1749\" data-end=\"1878\">La formule OstroVit est pure, sans additifs inutiles, et garantit une absorption optimale pour des r\u00e9sultats rapides et visibles.<\/p>","protected":false},"excerpt":{"rendered":"<ul>\n<li>Source de L-arginine &#8211; une portion du compl\u00e9ment alimentaire fournit \u00e0 l&rsquo;organisme 3000 mg d&rsquo;acide amin\u00e9.<\/li>\n<li>1 portion = 3 capsules .<\/li>\n<li>Efficacit\u00e9 \u2013 l\u2019emballage du produit contient 100 portions de la pr\u00e9paration.<\/li>\n<li>Utilisation sugg\u00e9r\u00e9e : 1 portion : 3 capsules. Prendre une portion 30 minutes avant l&rsquo;entra\u00eenement.<\/li>\n<\/ul>","protected":false},"featured_media":26662,"template":"","meta":{"om_disable_all_campaigns":false},"product_brand":[4843],"product_cat":[18],"product_tag":[4811,4806,4810,4805,4611,4612,4807,4613,915,4808,4804,4614,4615,4809],"class_list":{"0":"post-26745","1":"product","2":"type-product","3":"status-publish","4":"has-post-thumbnail","6":"product_brand-ostrovit-maroc-prix","7":"product_cat-beaute-sante","8":"product_tag-300-capsules","9":"product_tag-acides-amines-maroc","10":"product_tag-arginine-3000-mg","11":"product_tag-arginine-maroc","12":"product_tag-arginine-ostrovit-acides-amines","13":"product_tag-booster-performance-et-endurance","14":"product_tag-booster-pompe-musculaire","15":"product_tag-complement-circulation-sanguine-sport","16":"product_tag-complement-sportif-maroc","17":"product_tag-endurance-fitness","18":"product_tag-ostrovit-arginine","19":"product_tag-ostrovit-arginine-3000-mg-300-capsules","20":"product_tag-recuperation-musculaire-ostrovit","21":"product_tag-vasodilatation-arginine","23":"first","24":"outofstock","25":"taxable","26":"shipping-taxable","27":"purchasable","28":"product-type-simple"},"yoast_head":"<!-- This site is optimized with the Yoast SEO plugin v27.4 - https:\/\/yoast.com\/product\/yoast-seo-wordpress\/ -->\n<title>OstroVit Arginine 3000 mg Acides Amin\u00e9s 300 Capsules - Maroc Prix<\/title>\n<meta name=\"description\" content=\"OstroVit Arginine 3000 mg. Endurance, circulation, pompe musculaire, performance et r\u00e9cup\u00e9ration. 300 capsules. Id\u00e9al pour sportifs. Livraison au Maroc.\" \/>\n<meta name=\"robots\" content=\"index, follow, max-snippet:-1, max-image-preview:large, max-video-preview:-1\" \/>\n<link rel=\"canonical\" href=\"https:\/\/vitablanca.ma\/en\/product\/ostrovit-arginine-3000-mg-acides-amines-300-capsules\/\" \/>\n<meta property=\"og:locale\" content=\"en_US\" \/>\n<meta property=\"og:type\" content=\"article\" \/>\n<meta property=\"og:title\" content=\"OstroVit Arginine 3000 mg Acides Amin\u00e9s 300 Capsules - Maroc Prix\" \/>\n<meta property=\"og:description\" content=\"OstroVit Arginine 3000 mg. Endurance, circulation, pompe musculaire, performance et r\u00e9cup\u00e9ration. 300 capsules. Id\u00e9al pour sportifs. Livraison au Maroc.\" \/>\n<meta property=\"og:url\" content=\"https:\/\/vitablanca.ma\/en\/product\/ostrovit-arginine-3000-mg-acides-amines-300-capsules\/\" \/>\n<meta property=\"og:site_name\" content=\"Vitablanca.ma &ndash; Sant&eacute;, vitalit&eacute; et bien-&ecirc;tre pour tous les Marocains\" \/>\n<meta property=\"article:publisher\" content=\"https:\/\/www.facebook.com\/profile.php?id=61576678196717\" \/>\n<meta property=\"article:modified_time\" content=\"2026-03-13T03:32:24+00:00\" \/>\n<meta property=\"og:image\" content=\"https:\/\/vitablanca.ma\/wp-content\/uploads\/2025\/11\/OstroVit-Arginine-3000-mg-Acides-Amines-300-CapsULES.jpg\" \/>\n\t<meta property=\"og:image:width\" content=\"680\" \/>\n\t<meta property=\"og:image:height\" content=\"680\" \/>\n\t<meta property=\"og:image:type\" content=\"image\/jpeg\" \/>\n<meta name=\"twitter:card\" content=\"summary_large_image\" \/>\n<meta name=\"twitter:label1\" content=\"Est. reading time\" \/>\n\t<meta name=\"twitter:data1\" content=\"2 minutes\" \/>\n<script type=\"application\/ld+json\" class=\"yoast-schema-graph\">{\"@context\":\"https:\\\/\\\/schema.org\",\"@graph\":[{\"@type\":[\"WebPage\",\"ItemPage\"],\"@id\":\"https:\\\/\\\/vitablanca.ma\\\/produit\\\/ostrovit-arginine-3000-mg-acides-amines-300-capsules\\\/\",\"url\":\"https:\\\/\\\/vitablanca.ma\\\/produit\\\/ostrovit-arginine-3000-mg-acides-amines-300-capsules\\\/\",\"name\":\"OstroVit Arginine 3000 mg Acides Amin\u00e9s 300 Capsules - Maroc Prix\",\"isPartOf\":{\"@id\":\"https:\\\/\\\/vitablanca.ma\\\/#website\"},\"primaryImageOfPage\":{\"@id\":\"https:\\\/\\\/vitablanca.ma\\\/produit\\\/ostrovit-arginine-3000-mg-acides-amines-300-capsules\\\/#primaryimage\"},\"image\":{\"@id\":\"https:\\\/\\\/vitablanca.ma\\\/produit\\\/ostrovit-arginine-3000-mg-acides-amines-300-capsules\\\/#primaryimage\"},\"thumbnailUrl\":\"https:\\\/\\\/vitablanca.ma\\\/wp-content\\\/uploads\\\/2025\\\/11\\\/OstroVit-Arginine-3000-mg-Acides-Amines-300-CapsULES.jpg\",\"datePublished\":\"2025-11-20T12:07:56+00:00\",\"dateModified\":\"2026-03-13T03:32:24+00:00\",\"description\":\"OstroVit Arginine 3000 mg. Endurance, circulation, pompe musculaire, performance et r\u00e9cup\u00e9ration. 300 capsules. Id\u00e9al pour sportifs. Livraison au Maroc.\",\"breadcrumb\":{\"@id\":\"https:\\\/\\\/vitablanca.ma\\\/produit\\\/ostrovit-arginine-3000-mg-acides-amines-300-capsules\\\/#breadcrumb\"},\"inLanguage\":\"en-US\",\"potentialAction\":[{\"@type\":\"ReadAction\",\"target\":[\"https:\\\/\\\/vitablanca.ma\\\/produit\\\/ostrovit-arginine-3000-mg-acides-amines-300-capsules\\\/\"]}]},{\"@type\":\"ImageObject\",\"inLanguage\":\"en-US\",\"@id\":\"https:\\\/\\\/vitablanca.ma\\\/produit\\\/ostrovit-arginine-3000-mg-acides-amines-300-capsules\\\/#primaryimage\",\"url\":\"https:\\\/\\\/vitablanca.ma\\\/wp-content\\\/uploads\\\/2025\\\/11\\\/OstroVit-Arginine-3000-mg-Acides-Amines-300-CapsULES.jpg\",\"contentUrl\":\"https:\\\/\\\/vitablanca.ma\\\/wp-content\\\/uploads\\\/2025\\\/11\\\/OstroVit-Arginine-3000-mg-Acides-Amines-300-CapsULES.jpg\",\"width\":680,\"height\":680},{\"@type\":\"BreadcrumbList\",\"@id\":\"https:\\\/\\\/vitablanca.ma\\\/produit\\\/ostrovit-arginine-3000-mg-acides-amines-300-capsules\\\/#breadcrumb\",\"itemListElement\":[{\"@type\":\"ListItem\",\"position\":1,\"name\":\"Home\",\"item\":\"https:\\\/\\\/vitablanca.ma\\\/\"},{\"@type\":\"ListItem\",\"position\":2,\"name\":\"Tous Les Produits\",\"item\":\"https:\\\/\\\/vitablanca.ma\\\/tous-les-produits\\\/\"},{\"@type\":\"ListItem\",\"position\":3,\"name\":\"OstroVit Arginine 3000 mg Acides Amin\u00e9s 300 Capsules\"}]},{\"@type\":\"WebSite\",\"@id\":\"https:\\\/\\\/vitablanca.ma\\\/#website\",\"url\":\"https:\\\/\\\/vitablanca.ma\\\/\",\"name\":\"VitaBlanca.ma | Compl\u00e9ments alimentaires, sant\u00e9 & beaut\u00e9 au Maroc\",\"description\":\"vendre vitamines et compl\u00e9ments premium des USA &amp; Canada, Nouvelle Z\u00e9lande,Maroc (NOW Foods, Solgar, Manuka). Livraison rapide partout au Maroc.\",\"publisher\":{\"@id\":\"https:\\\/\\\/vitablanca.ma\\\/#organization\"},\"alternateName\":\"VitaBlanca.ma\",\"potentialAction\":[{\"@type\":\"SearchAction\",\"target\":{\"@type\":\"EntryPoint\",\"urlTemplate\":\"https:\\\/\\\/vitablanca.ma\\\/?s={search_term_string}\"},\"query-input\":{\"@type\":\"PropertyValueSpecification\",\"valueRequired\":true,\"valueName\":\"search_term_string\"}}],\"inLanguage\":\"en-US\"},{\"@type\":\"Organization\",\"@id\":\"https:\\\/\\\/vitablanca.ma\\\/#organization\",\"name\":\"VitaBlanca\",\"url\":\"https:\\\/\\\/vitablanca.ma\\\/\",\"logo\":{\"@type\":\"ImageObject\",\"inLanguage\":\"en-US\",\"@id\":\"https:\\\/\\\/vitablanca.ma\\\/#\\\/schema\\\/logo\\\/image\\\/\",\"url\":\"https:\\\/\\\/vitablanca.ma\\\/wp-content\\\/uploads\\\/2025\\\/05\\\/cropped-vitablanca.png\",\"contentUrl\":\"https:\\\/\\\/vitablanca.ma\\\/wp-content\\\/uploads\\\/2025\\\/05\\\/cropped-vitablanca.png\",\"width\":360,\"height\":67,\"caption\":\"VitaBlanca\"},\"image\":{\"@id\":\"https:\\\/\\\/vitablanca.ma\\\/#\\\/schema\\\/logo\\\/image\\\/\"},\"sameAs\":[\"https:\\\/\\\/www.facebook.com\\\/profile.php?id=61576678196717\",\"https:\\\/\\\/www.tiktok.com\\\/@vitablanca.ma\",\"https:\\\/\\\/www.instagram.com\\\/vitablanca.ma\\\/\"]}]}<\/script>\n<!-- \/ Yoast SEO plugin. -->","yoast_head_json":{"title":"OstroVit Arginine 3000 mg Acides Amin\u00e9s 300 Capsules - Maroc Prix","description":"OstroVit Arginine 3000 mg. Endurance, circulation, pompe musculaire, performance et r\u00e9cup\u00e9ration. 300 capsules. Id\u00e9al pour sportifs. Livraison au Maroc.","robots":{"index":"index","follow":"follow","max-snippet":"max-snippet:-1","max-image-preview":"max-image-preview:large","max-video-preview":"max-video-preview:-1"},"canonical":"https:\/\/vitablanca.ma\/en\/product\/ostrovit-arginine-3000-mg-acides-amines-300-capsules\/","og_locale":"en_US","og_type":"article","og_title":"OstroVit Arginine 3000 mg Acides Amin\u00e9s 300 Capsules - Maroc Prix","og_description":"OstroVit Arginine 3000 mg. Endurance, circulation, pompe musculaire, performance et r\u00e9cup\u00e9ration. 300 capsules. Id\u00e9al pour sportifs. Livraison au Maroc.","og_url":"https:\/\/vitablanca.ma\/en\/product\/ostrovit-arginine-3000-mg-acides-amines-300-capsules\/","og_site_name":"Vitablanca.ma &ndash; Sant&eacute;, vitalit&eacute; et bien-&ecirc;tre pour tous les Marocains","article_publisher":"https:\/\/www.facebook.com\/profile.php?id=61576678196717","article_modified_time":"2026-03-13T03:32:24+00:00","og_image":[{"width":680,"height":680,"url":"https:\/\/vitablanca.ma\/wp-content\/uploads\/2025\/11\/OstroVit-Arginine-3000-mg-Acides-Amines-300-CapsULES.jpg","type":"image\/jpeg"}],"twitter_card":"summary_large_image","twitter_misc":{"Est. reading time":"2 minutes"},"schema":{"@context":"https:\/\/schema.org","@graph":[{"@type":["WebPage","ItemPage"],"@id":"https:\/\/vitablanca.ma\/produit\/ostrovit-arginine-3000-mg-acides-amines-300-capsules\/","url":"https:\/\/vitablanca.ma\/produit\/ostrovit-arginine-3000-mg-acides-amines-300-capsules\/","name":"OstroVit Arginine 3000 mg Acides Amin\u00e9s 300 Capsules - Maroc Prix","isPartOf":{"@id":"https:\/\/vitablanca.ma\/#website"},"primaryImageOfPage":{"@id":"https:\/\/vitablanca.ma\/produit\/ostrovit-arginine-3000-mg-acides-amines-300-capsules\/#primaryimage"},"image":{"@id":"https:\/\/vitablanca.ma\/produit\/ostrovit-arginine-3000-mg-acides-amines-300-capsules\/#primaryimage"},"thumbnailUrl":"https:\/\/vitablanca.ma\/wp-content\/uploads\/2025\/11\/OstroVit-Arginine-3000-mg-Acides-Amines-300-CapsULES.jpg","datePublished":"2025-11-20T12:07:56+00:00","dateModified":"2026-03-13T03:32:24+00:00","description":"OstroVit Arginine 3000 mg. Endurance, circulation, pompe musculaire, performance et r\u00e9cup\u00e9ration. 300 capsules. Id\u00e9al pour sportifs. Livraison au Maroc.","breadcrumb":{"@id":"https:\/\/vitablanca.ma\/produit\/ostrovit-arginine-3000-mg-acides-amines-300-capsules\/#breadcrumb"},"inLanguage":"en-US","potentialAction":[{"@type":"ReadAction","target":["https:\/\/vitablanca.ma\/produit\/ostrovit-arginine-3000-mg-acides-amines-300-capsules\/"]}]},{"@type":"ImageObject","inLanguage":"en-US","@id":"https:\/\/vitablanca.ma\/produit\/ostrovit-arginine-3000-mg-acides-amines-300-capsules\/#primaryimage","url":"https:\/\/vitablanca.ma\/wp-content\/uploads\/2025\/11\/OstroVit-Arginine-3000-mg-Acides-Amines-300-CapsULES.jpg","contentUrl":"https:\/\/vitablanca.ma\/wp-content\/uploads\/2025\/11\/OstroVit-Arginine-3000-mg-Acides-Amines-300-CapsULES.jpg","width":680,"height":680},{"@type":"BreadcrumbList","@id":"https:\/\/vitablanca.ma\/produit\/ostrovit-arginine-3000-mg-acides-amines-300-capsules\/#breadcrumb","itemListElement":[{"@type":"ListItem","position":1,"name":"Home","item":"https:\/\/vitablanca.ma\/"},{"@type":"ListItem","position":2,"name":"Tous Les Produits","item":"https:\/\/vitablanca.ma\/tous-les-produits\/"},{"@type":"ListItem","position":3,"name":"OstroVit Arginine 3000 mg Acides Amin\u00e9s 300 Capsules"}]},{"@type":"WebSite","@id":"https:\/\/vitablanca.ma\/#website","url":"https:\/\/vitablanca.ma\/","name":"VitaBlanca.ma | Food supplements, health &amp; beauty in Morocco","description":"sell premium vitamins and supplements from USA &amp; Canada, New Zealand, Morocco (NOW Foods, Solgar, Manuka). Fast delivery anywhere in Morocco.","publisher":{"@id":"https:\/\/vitablanca.ma\/#organization"},"alternateName":"VitaBlanca.ma","potentialAction":[{"@type":"SearchAction","target":{"@type":"EntryPoint","urlTemplate":"https:\/\/vitablanca.ma\/?s={search_term_string}"},"query-input":{"@type":"PropertyValueSpecification","valueRequired":true,"valueName":"search_term_string"}}],"inLanguage":"en-US"},{"@type":"Organization","@id":"https:\/\/vitablanca.ma\/#organization","name":"VitaBlanca","url":"https:\/\/vitablanca.ma\/","logo":{"@type":"ImageObject","inLanguage":"en-US","@id":"https:\/\/vitablanca.ma\/#\/schema\/logo\/image\/","url":"https:\/\/vitablanca.ma\/wp-content\/uploads\/2025\/05\/cropped-vitablanca.png","contentUrl":"https:\/\/vitablanca.ma\/wp-content\/uploads\/2025\/05\/cropped-vitablanca.png","width":360,"height":67,"caption":"VitaBlanca"},"image":{"@id":"https:\/\/vitablanca.ma\/#\/schema\/logo\/image\/"},"sameAs":["https:\/\/www.facebook.com\/profile.php?id=61576678196717","https:\/\/www.tiktok.com\/@vitablanca.ma","https:\/\/www.instagram.com\/vitablanca.ma\/"]}]}},"jetpack_sharing_enabled":true,"_links":{"self":[{"href":"https:\/\/vitablanca.ma\/en\/wp-json\/wp\/v2\/product\/26745","targetHints":{"allow":["GET"]}}],"collection":[{"href":"https:\/\/vitablanca.ma\/en\/wp-json\/wp\/v2\/product"}],"about":[{"href":"https:\/\/vitablanca.ma\/en\/wp-json\/wp\/v2\/types\/product"}],"wp:featuredmedia":[{"embeddable":true,"href":"https:\/\/vitablanca.ma\/en\/wp-json\/wp\/v2\/media\/26662"}],"wp:attachment":[{"href":"https:\/\/vitablanca.ma\/en\/wp-json\/wp\/v2\/media?parent=26745"}],"wp:term":[{"taxonomy":"product_brand","embeddable":true,"href":"https:\/\/vitablanca.ma\/en\/wp-json\/wp\/v2\/product_brand?post=26745"},{"taxonomy":"product_cat","embeddable":true,"href":"https:\/\/vitablanca.ma\/en\/wp-json\/wp\/v2\/product_cat?post=26745"},{"taxonomy":"product_tag","embeddable":true,"href":"https:\/\/vitablanca.ma\/en\/wp-json\/wp\/v2\/product_tag?post=26745"}],"curies":[{"name":"wp","href":"https:\/\/api.w.org\/{rel}","templated":true}]}}