{"id":26742,"date":"2025-11-20T12:07:55","date_gmt":"2025-11-20T12:07:55","guid":{"rendered":"https:\/\/vitablanca.ma\/?post_type=product&#038;p=26742"},"modified":"2026-02-06T16:47:57","modified_gmt":"2026-02-06T16:47:57","slug":"ostrovit-tryptophane-acide-amine-90-capsules","status":"publish","type":"product","link":"https:\/\/vitablanca.ma\/en\/product\/ostrovit-tryptophane-acide-amine-90-capsules\/","title":{"rendered":"OstroVit Tryptophane Acide Amin\u00e9 90 Capsules"},"content":{"rendered":"<p data-start=\"753\" data-end=\"1049\">OstroVit Tryptophane est un acide amin\u00e9 essentiel n\u00e9cessaire \u00e0 la production de s\u00e9rotonine et de m\u00e9latonine, deux composants importants pour le sommeil, l\u2019humeur et la gestion du stress. Comme le corps ne peut pas produire le tryptophane, il doit \u00eatre apport\u00e9 par l\u2019alimentation ou un compl\u00e9ment.<\/p>\n<p data-start=\"1051\" data-end=\"1288\">Ce produit aide \u00e0 r\u00e9duire l\u2019irritabilit\u00e9, soutenir une humeur stable, favoriser un endormissement naturel et am\u00e9liorer la qualit\u00e9 du sommeil. Il joue \u00e9galement un r\u00f4le dans la r\u00e9cup\u00e9ration, l\u2019\u00e9quilibre \u00e9motionnel et le bien-\u00eatre g\u00e9n\u00e9ral.<\/p>\n<p data-start=\"1290\" data-end=\"1550\">Avec 90 capsules, OstroVit Tryptophane est une solution pratique, naturelle et efficace pour les personnes souffrant de stress, troubles du sommeil, fatigue mentale ou baisse de moral. Sa formule pure garantit une absorption optimale et des effets progressifs.<\/p>","protected":false},"excerpt":{"rendered":"<ul>\n<li><strong>Forme du produit<\/strong>\u00a0: Capsules<\/li>\n<li><strong>Portions par contenant<\/strong>\u00a0: 90<\/li>\n<li><strong>Quantity<\/strong>\u00a0: 90 capsules<\/li>\n<li><strong>Poids net<\/strong>\u00a0: 37 g<\/li>\n<li><strong>Suggested Use<\/strong>\u00a0: Prendre 1 portion (1 capsule) par jour.<\/li>\n<\/ul>","protected":false},"featured_media":26646,"template":"","meta":{"om_disable_all_campaigns":false},"product_brand":[4843],"product_cat":[18],"product_tag":[4848,4597,4598,4851,4850,4676,4847,4599,4600,4846,4601,4849,4845],"class_list":{"0":"post-26742","1":"product","2":"type-product","3":"status-publish","4":"has-post-thumbnail","6":"product_brand-ostrovit-maroc-prix","7":"product_cat-beaute-sante","8":"product_tag-acide-amine-tryptophane","9":"product_tag-acide-amine-tryptophane-ostrovit","10":"product_tag-complement-sommeil-et-humeur","11":"product_tag-complement-sommeil-maroc","12":"product_tag-humeur-stress","13":"product_tag-ostrovit-maroc","14":"product_tag-ostrovit-tryptophane","15":"product_tag-ostrovit-tryptophane-90-capsules","16":"product_tag-ostrovit-tryptophane-capsules","17":"product_tag-sommeil-naturel","18":"product_tag-soutien-bien-etre-mental","19":"product_tag-tryptophan-90-capsules","20":"product_tag-tryptophane-maroc","22":"first","23":"instock","24":"taxable","25":"shipping-taxable","26":"purchasable","27":"product-type-simple"},"yoast_head":"<!-- This site is optimized with the Yoast SEO plugin v27.4 - https:\/\/yoast.com\/product\/yoast-seo-wordpress\/ -->\n<title>OstroVit Tryptophane Acide Amin\u00e9 90 Capsules - Maroc Prix<\/title>\n<meta name=\"description\" content=\"OstroVit Tryptophane. Acide amin\u00e9 essentiel pour sommeil, humeur, stress et bien-\u00eatre. 90 capsules. Formule pure et efficace. Livraison rapide au Maroc.\" \/>\n<meta name=\"robots\" content=\"index, follow, max-snippet:-1, max-image-preview:large, max-video-preview:-1\" \/>\n<link rel=\"canonical\" href=\"https:\/\/vitablanca.ma\/en\/product\/ostrovit-tryptophane-acide-amine-90-capsules\/\" \/>\n<meta property=\"og:locale\" content=\"en_US\" \/>\n<meta property=\"og:type\" content=\"article\" \/>\n<meta property=\"og:title\" content=\"OstroVit Tryptophane Acide Amin\u00e9 90 Capsules - Maroc Prix\" \/>\n<meta property=\"og:description\" content=\"OstroVit Tryptophane. Acide amin\u00e9 essentiel pour sommeil, humeur, stress et bien-\u00eatre. 90 capsules. Formule pure et efficace. Livraison rapide au Maroc.\" \/>\n<meta property=\"og:url\" content=\"https:\/\/vitablanca.ma\/en\/product\/ostrovit-tryptophane-acide-amine-90-capsules\/\" \/>\n<meta property=\"og:site_name\" content=\"Vitablanca.ma &ndash; Sant&eacute;, vitalit&eacute; et bien-&ecirc;tre pour tous les Marocains\" \/>\n<meta property=\"article:publisher\" content=\"https:\/\/www.facebook.com\/profile.php?id=61576678196717\" \/>\n<meta property=\"article:modified_time\" content=\"2026-02-06T16:47:57+00:00\" \/>\n<meta property=\"og:image\" content=\"https:\/\/vitablanca.ma\/wp-content\/uploads\/2025\/11\/OstroVit-Tryptophane-Acide-Amine-90-Capsules.jpg\" \/>\n\t<meta property=\"og:image:width\" content=\"680\" \/>\n\t<meta property=\"og:image:height\" content=\"680\" \/>\n\t<meta property=\"og:image:type\" content=\"image\/jpeg\" \/>\n<meta name=\"twitter:card\" content=\"summary_large_image\" \/>\n<meta name=\"twitter:label1\" content=\"Est. reading time\" \/>\n\t<meta name=\"twitter:data1\" content=\"1 minute\" \/>\n<script type=\"application\/ld+json\" class=\"yoast-schema-graph\">{\"@context\":\"https:\\\/\\\/schema.org\",\"@graph\":[{\"@type\":[\"WebPage\",\"ItemPage\"],\"@id\":\"https:\\\/\\\/vitablanca.ma\\\/produit\\\/ostrovit-tryptophane-acide-amine-90-capsules\\\/\",\"url\":\"https:\\\/\\\/vitablanca.ma\\\/produit\\\/ostrovit-tryptophane-acide-amine-90-capsules\\\/\",\"name\":\"OstroVit Tryptophane Acide Amin\u00e9 90 Capsules - Maroc Prix\",\"isPartOf\":{\"@id\":\"https:\\\/\\\/vitablanca.ma\\\/#website\"},\"primaryImageOfPage\":{\"@id\":\"https:\\\/\\\/vitablanca.ma\\\/produit\\\/ostrovit-tryptophane-acide-amine-90-capsules\\\/#primaryimage\"},\"image\":{\"@id\":\"https:\\\/\\\/vitablanca.ma\\\/produit\\\/ostrovit-tryptophane-acide-amine-90-capsules\\\/#primaryimage\"},\"thumbnailUrl\":\"https:\\\/\\\/vitablanca.ma\\\/wp-content\\\/uploads\\\/2025\\\/11\\\/OstroVit-Tryptophane-Acide-Amine-90-Capsules.jpg\",\"datePublished\":\"2025-11-20T12:07:55+00:00\",\"dateModified\":\"2026-02-06T16:47:57+00:00\",\"description\":\"OstroVit Tryptophane. Acide amin\u00e9 essentiel pour sommeil, humeur, stress et bien-\u00eatre. 90 capsules. Formule pure et efficace. Livraison rapide au Maroc.\",\"breadcrumb\":{\"@id\":\"https:\\\/\\\/vitablanca.ma\\\/produit\\\/ostrovit-tryptophane-acide-amine-90-capsules\\\/#breadcrumb\"},\"inLanguage\":\"en-US\",\"potentialAction\":[{\"@type\":\"ReadAction\",\"target\":[\"https:\\\/\\\/vitablanca.ma\\\/produit\\\/ostrovit-tryptophane-acide-amine-90-capsules\\\/\"]}]},{\"@type\":\"ImageObject\",\"inLanguage\":\"en-US\",\"@id\":\"https:\\\/\\\/vitablanca.ma\\\/produit\\\/ostrovit-tryptophane-acide-amine-90-capsules\\\/#primaryimage\",\"url\":\"https:\\\/\\\/vitablanca.ma\\\/wp-content\\\/uploads\\\/2025\\\/11\\\/OstroVit-Tryptophane-Acide-Amine-90-Capsules.jpg\",\"contentUrl\":\"https:\\\/\\\/vitablanca.ma\\\/wp-content\\\/uploads\\\/2025\\\/11\\\/OstroVit-Tryptophane-Acide-Amine-90-Capsules.jpg\",\"width\":680,\"height\":680},{\"@type\":\"BreadcrumbList\",\"@id\":\"https:\\\/\\\/vitablanca.ma\\\/produit\\\/ostrovit-tryptophane-acide-amine-90-capsules\\\/#breadcrumb\",\"itemListElement\":[{\"@type\":\"ListItem\",\"position\":1,\"name\":\"Home\",\"item\":\"https:\\\/\\\/vitablanca.ma\\\/\"},{\"@type\":\"ListItem\",\"position\":2,\"name\":\"Tous Les Produits\",\"item\":\"https:\\\/\\\/vitablanca.ma\\\/tous-les-produits\\\/\"},{\"@type\":\"ListItem\",\"position\":3,\"name\":\"OstroVit Tryptophane Acide Amin\u00e9 90 Capsules\"}]},{\"@type\":\"WebSite\",\"@id\":\"https:\\\/\\\/vitablanca.ma\\\/#website\",\"url\":\"https:\\\/\\\/vitablanca.ma\\\/\",\"name\":\"VitaBlanca.ma | Compl\u00e9ments alimentaires, sant\u00e9 & beaut\u00e9 au Maroc\",\"description\":\"vendre vitamines et compl\u00e9ments premium des USA &amp; Canada, Nouvelle Z\u00e9lande,Maroc (NOW Foods, Solgar, Manuka). Livraison rapide partout au Maroc.\",\"publisher\":{\"@id\":\"https:\\\/\\\/vitablanca.ma\\\/#organization\"},\"alternateName\":\"VitaBlanca.ma\",\"potentialAction\":[{\"@type\":\"SearchAction\",\"target\":{\"@type\":\"EntryPoint\",\"urlTemplate\":\"https:\\\/\\\/vitablanca.ma\\\/?s={search_term_string}\"},\"query-input\":{\"@type\":\"PropertyValueSpecification\",\"valueRequired\":true,\"valueName\":\"search_term_string\"}}],\"inLanguage\":\"en-US\"},{\"@type\":\"Organization\",\"@id\":\"https:\\\/\\\/vitablanca.ma\\\/#organization\",\"name\":\"VitaBlanca\",\"url\":\"https:\\\/\\\/vitablanca.ma\\\/\",\"logo\":{\"@type\":\"ImageObject\",\"inLanguage\":\"en-US\",\"@id\":\"https:\\\/\\\/vitablanca.ma\\\/#\\\/schema\\\/logo\\\/image\\\/\",\"url\":\"https:\\\/\\\/vitablanca.ma\\\/wp-content\\\/uploads\\\/2025\\\/05\\\/cropped-vitablanca.png\",\"contentUrl\":\"https:\\\/\\\/vitablanca.ma\\\/wp-content\\\/uploads\\\/2025\\\/05\\\/cropped-vitablanca.png\",\"width\":360,\"height\":67,\"caption\":\"VitaBlanca\"},\"image\":{\"@id\":\"https:\\\/\\\/vitablanca.ma\\\/#\\\/schema\\\/logo\\\/image\\\/\"},\"sameAs\":[\"https:\\\/\\\/www.facebook.com\\\/profile.php?id=61576678196717\",\"https:\\\/\\\/www.tiktok.com\\\/@vitablanca.ma\",\"https:\\\/\\\/www.instagram.com\\\/vitablanca.ma\\\/\"]}]}<\/script>\n<!-- \/ Yoast SEO plugin. -->","yoast_head_json":{"title":"OstroVit Tryptophane Acide Amin\u00e9 90 Capsules - Maroc Prix","description":"OstroVit Tryptophane. Acide amin\u00e9 essentiel pour sommeil, humeur, stress et bien-\u00eatre. 90 capsules. Formule pure et efficace. Livraison rapide au Maroc.","robots":{"index":"index","follow":"follow","max-snippet":"max-snippet:-1","max-image-preview":"max-image-preview:large","max-video-preview":"max-video-preview:-1"},"canonical":"https:\/\/vitablanca.ma\/en\/product\/ostrovit-tryptophane-acide-amine-90-capsules\/","og_locale":"en_US","og_type":"article","og_title":"OstroVit Tryptophane Acide Amin\u00e9 90 Capsules - Maroc Prix","og_description":"OstroVit Tryptophane. Acide amin\u00e9 essentiel pour sommeil, humeur, stress et bien-\u00eatre. 90 capsules. Formule pure et efficace. Livraison rapide au Maroc.","og_url":"https:\/\/vitablanca.ma\/en\/product\/ostrovit-tryptophane-acide-amine-90-capsules\/","og_site_name":"Vitablanca.ma &ndash; Sant&eacute;, vitalit&eacute; et bien-&ecirc;tre pour tous les Marocains","article_publisher":"https:\/\/www.facebook.com\/profile.php?id=61576678196717","article_modified_time":"2026-02-06T16:47:57+00:00","og_image":[{"width":680,"height":680,"url":"https:\/\/vitablanca.ma\/wp-content\/uploads\/2025\/11\/OstroVit-Tryptophane-Acide-Amine-90-Capsules.jpg","type":"image\/jpeg"}],"twitter_card":"summary_large_image","twitter_misc":{"Est. reading time":"1 minute"},"schema":{"@context":"https:\/\/schema.org","@graph":[{"@type":["WebPage","ItemPage"],"@id":"https:\/\/vitablanca.ma\/produit\/ostrovit-tryptophane-acide-amine-90-capsules\/","url":"https:\/\/vitablanca.ma\/produit\/ostrovit-tryptophane-acide-amine-90-capsules\/","name":"OstroVit Tryptophane Acide Amin\u00e9 90 Capsules - Maroc Prix","isPartOf":{"@id":"https:\/\/vitablanca.ma\/#website"},"primaryImageOfPage":{"@id":"https:\/\/vitablanca.ma\/produit\/ostrovit-tryptophane-acide-amine-90-capsules\/#primaryimage"},"image":{"@id":"https:\/\/vitablanca.ma\/produit\/ostrovit-tryptophane-acide-amine-90-capsules\/#primaryimage"},"thumbnailUrl":"https:\/\/vitablanca.ma\/wp-content\/uploads\/2025\/11\/OstroVit-Tryptophane-Acide-Amine-90-Capsules.jpg","datePublished":"2025-11-20T12:07:55+00:00","dateModified":"2026-02-06T16:47:57+00:00","description":"OstroVit Tryptophane. Acide amin\u00e9 essentiel pour sommeil, humeur, stress et bien-\u00eatre. 90 capsules. Formule pure et efficace. Livraison rapide au Maroc.","breadcrumb":{"@id":"https:\/\/vitablanca.ma\/produit\/ostrovit-tryptophane-acide-amine-90-capsules\/#breadcrumb"},"inLanguage":"en-US","potentialAction":[{"@type":"ReadAction","target":["https:\/\/vitablanca.ma\/produit\/ostrovit-tryptophane-acide-amine-90-capsules\/"]}]},{"@type":"ImageObject","inLanguage":"en-US","@id":"https:\/\/vitablanca.ma\/produit\/ostrovit-tryptophane-acide-amine-90-capsules\/#primaryimage","url":"https:\/\/vitablanca.ma\/wp-content\/uploads\/2025\/11\/OstroVit-Tryptophane-Acide-Amine-90-Capsules.jpg","contentUrl":"https:\/\/vitablanca.ma\/wp-content\/uploads\/2025\/11\/OstroVit-Tryptophane-Acide-Amine-90-Capsules.jpg","width":680,"height":680},{"@type":"BreadcrumbList","@id":"https:\/\/vitablanca.ma\/produit\/ostrovit-tryptophane-acide-amine-90-capsules\/#breadcrumb","itemListElement":[{"@type":"ListItem","position":1,"name":"Home","item":"https:\/\/vitablanca.ma\/"},{"@type":"ListItem","position":2,"name":"Tous Les Produits","item":"https:\/\/vitablanca.ma\/tous-les-produits\/"},{"@type":"ListItem","position":3,"name":"OstroVit Tryptophane Acide Amin\u00e9 90 Capsules"}]},{"@type":"WebSite","@id":"https:\/\/vitablanca.ma\/#website","url":"https:\/\/vitablanca.ma\/","name":"VitaBlanca.ma | Food supplements, health &amp; beauty in Morocco","description":"sell premium vitamins and supplements from USA &amp; Canada, New Zealand, Morocco (NOW Foods, Solgar, Manuka). Fast delivery anywhere in Morocco.","publisher":{"@id":"https:\/\/vitablanca.ma\/#organization"},"alternateName":"VitaBlanca.ma","potentialAction":[{"@type":"SearchAction","target":{"@type":"EntryPoint","urlTemplate":"https:\/\/vitablanca.ma\/?s={search_term_string}"},"query-input":{"@type":"PropertyValueSpecification","valueRequired":true,"valueName":"search_term_string"}}],"inLanguage":"en-US"},{"@type":"Organization","@id":"https:\/\/vitablanca.ma\/#organization","name":"VitaBlanca","url":"https:\/\/vitablanca.ma\/","logo":{"@type":"ImageObject","inLanguage":"en-US","@id":"https:\/\/vitablanca.ma\/#\/schema\/logo\/image\/","url":"https:\/\/vitablanca.ma\/wp-content\/uploads\/2025\/05\/cropped-vitablanca.png","contentUrl":"https:\/\/vitablanca.ma\/wp-content\/uploads\/2025\/05\/cropped-vitablanca.png","width":360,"height":67,"caption":"VitaBlanca"},"image":{"@id":"https:\/\/vitablanca.ma\/#\/schema\/logo\/image\/"},"sameAs":["https:\/\/www.facebook.com\/profile.php?id=61576678196717","https:\/\/www.tiktok.com\/@vitablanca.ma","https:\/\/www.instagram.com\/vitablanca.ma\/"]}]}},"jetpack_sharing_enabled":true,"_links":{"self":[{"href":"https:\/\/vitablanca.ma\/en\/wp-json\/wp\/v2\/product\/26742","targetHints":{"allow":["GET"]}}],"collection":[{"href":"https:\/\/vitablanca.ma\/en\/wp-json\/wp\/v2\/product"}],"about":[{"href":"https:\/\/vitablanca.ma\/en\/wp-json\/wp\/v2\/types\/product"}],"wp:featuredmedia":[{"embeddable":true,"href":"https:\/\/vitablanca.ma\/en\/wp-json\/wp\/v2\/media\/26646"}],"wp:attachment":[{"href":"https:\/\/vitablanca.ma\/en\/wp-json\/wp\/v2\/media?parent=26742"}],"wp:term":[{"taxonomy":"product_brand","embeddable":true,"href":"https:\/\/vitablanca.ma\/en\/wp-json\/wp\/v2\/product_brand?post=26742"},{"taxonomy":"product_cat","embeddable":true,"href":"https:\/\/vitablanca.ma\/en\/wp-json\/wp\/v2\/product_cat?post=26742"},{"taxonomy":"product_tag","embeddable":true,"href":"https:\/\/vitablanca.ma\/en\/wp-json\/wp\/v2\/product_tag?post=26742"}],"curies":[{"name":"wp","href":"https:\/\/api.w.org\/{rel}","templated":true}]}}