{"id":26715,"date":"2025-11-20T12:07:36","date_gmt":"2025-11-20T12:07:36","guid":{"rendered":"https:\/\/vitablanca.ma\/?post_type=product&#038;p=26715"},"modified":"2025-12-16T19:28:50","modified_gmt":"2025-12-16T19:28:50","slug":"solgar-rhodiola-root-extract-extrait-de-racine-de-rhodiole-350-mg-60-vegetable-capsules","status":"publish","type":"product","link":"https:\/\/vitablanca.ma\/en\/product\/solgar-rhodiola-root-extract-extrait-de-racine-de-rhodiole-350-mg-60-vegetable-capsules\/","title":{"rendered":"Solgar Rhodiola Root Extract Extrait de racine de rhodiole 350 mg 60 Vegetable Capsules"},"content":{"rendered":"<p data-start=\"733\" data-end=\"1019\">Solgar Rhodiola Root Extract 350 mg est un compl\u00e9ment naturel \u00e0 base de <strong data-start=\"805\" data-end=\"834\">rhodiole (Rhodiola rosea)<\/strong>, une plante adaptog\u00e8ne reconnue pour aider l\u2019organisme \u00e0 mieux g\u00e9rer le <strong data-start=\"907\" data-end=\"917\">stress<\/strong>, am\u00e9liorer l\u2019<strong data-start=\"931\" data-end=\"942\">energy<\/strong>, soutenir l\u2019<strong data-start=\"955\" data-end=\"976\">endurance mentale<\/strong> et favoriser l\u2019<strong data-start=\"992\" data-end=\"1016\">emotional balance<\/strong>.<\/p>\n<p data-start=\"1021\" data-end=\"1198\">Cet extrait standardis\u00e9 de haute qualit\u00e9 offre une puissance optimale pour renforcer la r\u00e9sistance aux situations stressantes, am\u00e9liorer la clart\u00e9 mentale et r\u00e9duire la fatigue.<\/p>\n<h3 data-start=\"1200\" data-end=\"1226\">Bienfaits du produit<\/h3>\n<ul data-start=\"1227\" data-end=\"1490\">\n<li data-start=\"1227\" data-end=\"1296\">\n<p data-start=\"1229\" data-end=\"1296\">R\u00e9duction du stress et am\u00e9lioration de la r\u00e9sistance \u00e9motionnelle<\/p>\n<\/li>\n<li data-start=\"1297\" data-end=\"1341\">\n<p data-start=\"1299\" data-end=\"1341\">Soutien de l\u2019\u00e9nergie mentale et physique<\/p>\n<\/li>\n<li data-start=\"1342\" data-end=\"1381\">\n<p data-start=\"1344\" data-end=\"1381\">Aide \u00e0 r\u00e9duire la fatigue chronique<\/p>\n<\/li>\n<li data-start=\"1382\" data-end=\"1442\">\n<p data-start=\"1384\" data-end=\"1442\">Am\u00e9lioration de la concentration et de la clart\u00e9 mentale<\/p>\n<\/li>\n<li data-start=\"1443\" data-end=\"1490\">\n<p data-start=\"1445\" data-end=\"1490\">Soutien de l\u2019humeur et du bien-\u00eatre g\u00e9n\u00e9ral<\/p>\n<\/li>\n<\/ul>\n<h3 data-start=\"1492\" data-end=\"1530\">Caract\u00e9ristiques Solgar Rhodiola<\/h3>\n<ul data-start=\"1531\" data-end=\"1785\">\n<li data-start=\"1531\" data-end=\"1575\">\n<p data-start=\"1533\" data-end=\"1575\">350 mg d\u2019extrait standardis\u00e9 par capsule<\/p>\n<\/li>\n<li data-start=\"1576\" data-end=\"1625\">\n<p data-start=\"1578\" data-end=\"1625\">60 g\u00e9lules v\u00e9g\u00e9tales adapt\u00e9es aux v\u00e9g\u00e9tariens<\/p>\n<\/li>\n<li data-start=\"1626\" data-end=\"1676\">\n<p data-start=\"1628\" data-end=\"1676\">Extrait de racine de rhodiole de haute qualit\u00e9<\/p>\n<\/li>\n<li data-start=\"1677\" data-end=\"1746\">\n<p data-start=\"1679\" data-end=\"1746\">Formule sans gluten, sans lactose et sans ingr\u00e9dients artificiels<\/p>\n<\/li>\n<li data-start=\"1747\" data-end=\"1785\">\n<p data-start=\"1749\" data-end=\"1785\">Produit premium de la gamme Solgar<\/p>\n<\/li>\n<\/ul>\n<p data-start=\"1787\" data-end=\"1962\">Ce compl\u00e9ment est recommand\u00e9 pour les personnes stress\u00e9es, surmen\u00e9es, en p\u00e9riode de fatigue mentale ou physique, ou recherchant un soutien naturel pour l\u2019\u00e9quilibre \u00e9motionnel.<\/p>","protected":false},"excerpt":{"rendered":"<ul>\n<li>PhytO2X\u00ae System<\/li>\n<li>Since 1947<\/li>\n<li>Standardized &#8211; Full Potency<\/li>\n<li>(Rhodiole)<\/li>\n<li>Herbal supplement<\/li>\n<li>Certified gluten-free<\/li>\n<li>Sans bl\u00e9 &amp; sans produits laitiers<\/li>\n<li>Suitable for vegans<\/li>\n<li>GMO-free<\/li>\n<li style=\"text-align: left;\">Casher parev\u00e9<\/li>\n<\/ul>","protected":false},"featured_media":26570,"template":"","meta":{"om_disable_all_campaigns":false},"product_brand":[],"product_cat":[18],"product_tag":[4923,771,4462,4463,2805,4921,4464,4465,4922,49,254,4466],"class_list":{"0":"post-26715","1":"product","2":"type-product","3":"status-publish","4":"has-post-thumbnail","6":"product_cat-beaute-sante","7":"product_tag-adaptogene","8":"product_tag-anti-stress-naturel","9":"product_tag-complement-anti-stress-naturel-solgar","10":"product_tag-extrait-de-racine-de-rhodiole-vegan","11":"product_tag-fatigue-mentale","12":"product_tag-humeur","13":"product_tag-rhodiola-pour-energie-et-concentration","14":"product_tag-rhodiola-rosea-350-mg-solgar","15":"product_tag-rhodiola-rosea-maroc","16":"product_tag-solgar-maroc","17":"product_tag-solgar-rhodiola-maroc","18":"product_tag-solgar-rhodiola-root-extract","20":"first","21":"instock","22":"taxable","23":"shipping-taxable","24":"purchasable","25":"product-type-simple"},"yoast_head":"<!-- This site is optimized with the Yoast SEO plugin v27.4 - https:\/\/yoast.com\/product\/yoast-seo-wordpress\/ -->\n<title>Solgar Rhodiola 350 mg 60 Capsules | Stress, \u00c9nergie - Maroc Prix<\/title>\n<meta name=\"description\" content=\"Solgar Rhodiola 350 mg au Maroc : extrait naturel anti-stress, \u00e9nergie, humeur et endurance. 60 g\u00e9lules v\u00e9g\u00e9tales. Adaptog\u00e8ne premium. Livraison rapide.\" \/>\n<meta name=\"robots\" content=\"index, follow, max-snippet:-1, max-image-preview:large, max-video-preview:-1\" \/>\n<link rel=\"canonical\" href=\"https:\/\/vitablanca.ma\/en\/product\/solgar-rhodiola-root-extract-extrait-de-racine-de-rhodiole-350-mg-60-vegetable-capsules\/\" \/>\n<meta property=\"og:locale\" content=\"en_US\" \/>\n<meta property=\"og:type\" content=\"article\" \/>\n<meta property=\"og:title\" content=\"Solgar Rhodiola 350 mg 60 Capsules | Stress, \u00c9nergie - Maroc Prix\" \/>\n<meta property=\"og:description\" content=\"Solgar Rhodiola 350 mg au Maroc : extrait naturel anti-stress, \u00e9nergie, humeur et endurance. 60 g\u00e9lules v\u00e9g\u00e9tales. Adaptog\u00e8ne premium. Livraison rapide.\" \/>\n<meta property=\"og:url\" content=\"https:\/\/vitablanca.ma\/en\/product\/solgar-rhodiola-root-extract-extrait-de-racine-de-rhodiole-350-mg-60-vegetable-capsules\/\" \/>\n<meta property=\"og:site_name\" content=\"Vitablanca.ma &ndash; Sant&eacute;, vitalit&eacute; et bien-&ecirc;tre pour tous les Marocains\" \/>\n<meta property=\"article:publisher\" content=\"https:\/\/www.facebook.com\/profile.php?id=61576678196717\" \/>\n<meta property=\"article:modified_time\" content=\"2025-12-16T19:28:50+00:00\" \/>\n<meta property=\"og:image\" content=\"https:\/\/vitablanca.ma\/wp-content\/uploads\/2025\/11\/Solgar-Rhodiola-Root-Extract-350-mg-60-Vegetable-Capsules-Extrait-de-racine-de-rhodiole.jpg\" \/>\n\t<meta property=\"og:image:width\" content=\"680\" \/>\n\t<meta property=\"og:image:height\" content=\"680\" \/>\n\t<meta property=\"og:image:type\" content=\"image\/jpeg\" \/>\n<meta name=\"twitter:card\" content=\"summary_large_image\" \/>\n<meta name=\"twitter:label1\" content=\"Est. reading time\" \/>\n\t<meta name=\"twitter:data1\" content=\"2 minutes\" \/>\n<script type=\"application\/ld+json\" class=\"yoast-schema-graph\">{\"@context\":\"https:\\\/\\\/schema.org\",\"@graph\":[{\"@type\":[\"WebPage\",\"ItemPage\"],\"@id\":\"https:\\\/\\\/vitablanca.ma\\\/produit\\\/solgar-rhodiola-root-extract-extrait-de-racine-de-rhodiole-350-mg-60-vegetable-capsules\\\/\",\"url\":\"https:\\\/\\\/vitablanca.ma\\\/produit\\\/solgar-rhodiola-root-extract-extrait-de-racine-de-rhodiole-350-mg-60-vegetable-capsules\\\/\",\"name\":\"Solgar Rhodiola 350 mg 60 Capsules | Stress, \u00c9nergie - Maroc Prix\",\"isPartOf\":{\"@id\":\"https:\\\/\\\/vitablanca.ma\\\/#website\"},\"primaryImageOfPage\":{\"@id\":\"https:\\\/\\\/vitablanca.ma\\\/produit\\\/solgar-rhodiola-root-extract-extrait-de-racine-de-rhodiole-350-mg-60-vegetable-capsules\\\/#primaryimage\"},\"image\":{\"@id\":\"https:\\\/\\\/vitablanca.ma\\\/produit\\\/solgar-rhodiola-root-extract-extrait-de-racine-de-rhodiole-350-mg-60-vegetable-capsules\\\/#primaryimage\"},\"thumbnailUrl\":\"https:\\\/\\\/vitablanca.ma\\\/wp-content\\\/uploads\\\/2025\\\/11\\\/Solgar-Rhodiola-Root-Extract-350-mg-60-Vegetable-Capsules-Extrait-de-racine-de-rhodiole.jpg\",\"datePublished\":\"2025-11-20T12:07:36+00:00\",\"dateModified\":\"2025-12-16T19:28:50+00:00\",\"description\":\"Solgar Rhodiola 350 mg au Maroc : extrait naturel anti-stress, \u00e9nergie, humeur et endurance. 60 g\u00e9lules v\u00e9g\u00e9tales. Adaptog\u00e8ne premium. Livraison rapide.\",\"breadcrumb\":{\"@id\":\"https:\\\/\\\/vitablanca.ma\\\/produit\\\/solgar-rhodiola-root-extract-extrait-de-racine-de-rhodiole-350-mg-60-vegetable-capsules\\\/#breadcrumb\"},\"inLanguage\":\"en-US\",\"potentialAction\":[{\"@type\":\"ReadAction\",\"target\":[\"https:\\\/\\\/vitablanca.ma\\\/produit\\\/solgar-rhodiola-root-extract-extrait-de-racine-de-rhodiole-350-mg-60-vegetable-capsules\\\/\"]}]},{\"@type\":\"ImageObject\",\"inLanguage\":\"en-US\",\"@id\":\"https:\\\/\\\/vitablanca.ma\\\/produit\\\/solgar-rhodiola-root-extract-extrait-de-racine-de-rhodiole-350-mg-60-vegetable-capsules\\\/#primaryimage\",\"url\":\"https:\\\/\\\/vitablanca.ma\\\/wp-content\\\/uploads\\\/2025\\\/11\\\/Solgar-Rhodiola-Root-Extract-350-mg-60-Vegetable-Capsules-Extrait-de-racine-de-rhodiole.jpg\",\"contentUrl\":\"https:\\\/\\\/vitablanca.ma\\\/wp-content\\\/uploads\\\/2025\\\/11\\\/Solgar-Rhodiola-Root-Extract-350-mg-60-Vegetable-Capsules-Extrait-de-racine-de-rhodiole.jpg\",\"width\":680,\"height\":680},{\"@type\":\"BreadcrumbList\",\"@id\":\"https:\\\/\\\/vitablanca.ma\\\/produit\\\/solgar-rhodiola-root-extract-extrait-de-racine-de-rhodiole-350-mg-60-vegetable-capsules\\\/#breadcrumb\",\"itemListElement\":[{\"@type\":\"ListItem\",\"position\":1,\"name\":\"Home\",\"item\":\"https:\\\/\\\/vitablanca.ma\\\/\"},{\"@type\":\"ListItem\",\"position\":2,\"name\":\"Tous Les Produits\",\"item\":\"https:\\\/\\\/vitablanca.ma\\\/tous-les-produits\\\/\"},{\"@type\":\"ListItem\",\"position\":3,\"name\":\"Solgar Rhodiola Root Extract Extrait de racine de rhodiole 350 mg 60 Vegetable Capsules\"}]},{\"@type\":\"WebSite\",\"@id\":\"https:\\\/\\\/vitablanca.ma\\\/#website\",\"url\":\"https:\\\/\\\/vitablanca.ma\\\/\",\"name\":\"VitaBlanca.ma | Compl\u00e9ments alimentaires, sant\u00e9 & beaut\u00e9 au Maroc\",\"description\":\"vendre vitamines et compl\u00e9ments premium des USA &amp; Canada, Nouvelle Z\u00e9lande,Maroc (NOW Foods, Solgar, Manuka). Livraison rapide partout au Maroc.\",\"publisher\":{\"@id\":\"https:\\\/\\\/vitablanca.ma\\\/#organization\"},\"alternateName\":\"VitaBlanca.ma\",\"potentialAction\":[{\"@type\":\"SearchAction\",\"target\":{\"@type\":\"EntryPoint\",\"urlTemplate\":\"https:\\\/\\\/vitablanca.ma\\\/?s={search_term_string}\"},\"query-input\":{\"@type\":\"PropertyValueSpecification\",\"valueRequired\":true,\"valueName\":\"search_term_string\"}}],\"inLanguage\":\"en-US\"},{\"@type\":\"Organization\",\"@id\":\"https:\\\/\\\/vitablanca.ma\\\/#organization\",\"name\":\"VitaBlanca\",\"url\":\"https:\\\/\\\/vitablanca.ma\\\/\",\"logo\":{\"@type\":\"ImageObject\",\"inLanguage\":\"en-US\",\"@id\":\"https:\\\/\\\/vitablanca.ma\\\/#\\\/schema\\\/logo\\\/image\\\/\",\"url\":\"https:\\\/\\\/vitablanca.ma\\\/wp-content\\\/uploads\\\/2025\\\/05\\\/cropped-vitablanca.png\",\"contentUrl\":\"https:\\\/\\\/vitablanca.ma\\\/wp-content\\\/uploads\\\/2025\\\/05\\\/cropped-vitablanca.png\",\"width\":360,\"height\":67,\"caption\":\"VitaBlanca\"},\"image\":{\"@id\":\"https:\\\/\\\/vitablanca.ma\\\/#\\\/schema\\\/logo\\\/image\\\/\"},\"sameAs\":[\"https:\\\/\\\/www.facebook.com\\\/profile.php?id=61576678196717\",\"https:\\\/\\\/www.tiktok.com\\\/@vitablanca.ma\",\"https:\\\/\\\/www.instagram.com\\\/vitablanca.ma\\\/\"]}]}<\/script>\n<!-- \/ Yoast SEO plugin. -->","yoast_head_json":{"title":"Solgar Rhodiola 350 mg 60 Capsules | Stress, \u00c9nergie - Maroc Prix","description":"Solgar Rhodiola 350 mg au Maroc : extrait naturel anti-stress, \u00e9nergie, humeur et endurance. 60 g\u00e9lules v\u00e9g\u00e9tales. Adaptog\u00e8ne premium. Livraison rapide.","robots":{"index":"index","follow":"follow","max-snippet":"max-snippet:-1","max-image-preview":"max-image-preview:large","max-video-preview":"max-video-preview:-1"},"canonical":"https:\/\/vitablanca.ma\/en\/product\/solgar-rhodiola-root-extract-extrait-de-racine-de-rhodiole-350-mg-60-vegetable-capsules\/","og_locale":"en_US","og_type":"article","og_title":"Solgar Rhodiola 350 mg 60 Capsules | Stress, \u00c9nergie - Maroc Prix","og_description":"Solgar Rhodiola 350 mg au Maroc : extrait naturel anti-stress, \u00e9nergie, humeur et endurance. 60 g\u00e9lules v\u00e9g\u00e9tales. Adaptog\u00e8ne premium. Livraison rapide.","og_url":"https:\/\/vitablanca.ma\/en\/product\/solgar-rhodiola-root-extract-extrait-de-racine-de-rhodiole-350-mg-60-vegetable-capsules\/","og_site_name":"Vitablanca.ma &ndash; Sant&eacute;, vitalit&eacute; et bien-&ecirc;tre pour tous les Marocains","article_publisher":"https:\/\/www.facebook.com\/profile.php?id=61576678196717","article_modified_time":"2025-12-16T19:28:50+00:00","og_image":[{"width":680,"height":680,"url":"https:\/\/vitablanca.ma\/wp-content\/uploads\/2025\/11\/Solgar-Rhodiola-Root-Extract-350-mg-60-Vegetable-Capsules-Extrait-de-racine-de-rhodiole.jpg","type":"image\/jpeg"}],"twitter_card":"summary_large_image","twitter_misc":{"Est. reading time":"2 minutes"},"schema":{"@context":"https:\/\/schema.org","@graph":[{"@type":["WebPage","ItemPage"],"@id":"https:\/\/vitablanca.ma\/produit\/solgar-rhodiola-root-extract-extrait-de-racine-de-rhodiole-350-mg-60-vegetable-capsules\/","url":"https:\/\/vitablanca.ma\/produit\/solgar-rhodiola-root-extract-extrait-de-racine-de-rhodiole-350-mg-60-vegetable-capsules\/","name":"Solgar Rhodiola 350 mg 60 Capsules | Stress, \u00c9nergie - Maroc Prix","isPartOf":{"@id":"https:\/\/vitablanca.ma\/#website"},"primaryImageOfPage":{"@id":"https:\/\/vitablanca.ma\/produit\/solgar-rhodiola-root-extract-extrait-de-racine-de-rhodiole-350-mg-60-vegetable-capsules\/#primaryimage"},"image":{"@id":"https:\/\/vitablanca.ma\/produit\/solgar-rhodiola-root-extract-extrait-de-racine-de-rhodiole-350-mg-60-vegetable-capsules\/#primaryimage"},"thumbnailUrl":"https:\/\/vitablanca.ma\/wp-content\/uploads\/2025\/11\/Solgar-Rhodiola-Root-Extract-350-mg-60-Vegetable-Capsules-Extrait-de-racine-de-rhodiole.jpg","datePublished":"2025-11-20T12:07:36+00:00","dateModified":"2025-12-16T19:28:50+00:00","description":"Solgar Rhodiola 350 mg au Maroc : extrait naturel anti-stress, \u00e9nergie, humeur et endurance. 60 g\u00e9lules v\u00e9g\u00e9tales. Adaptog\u00e8ne premium. Livraison rapide.","breadcrumb":{"@id":"https:\/\/vitablanca.ma\/produit\/solgar-rhodiola-root-extract-extrait-de-racine-de-rhodiole-350-mg-60-vegetable-capsules\/#breadcrumb"},"inLanguage":"en-US","potentialAction":[{"@type":"ReadAction","target":["https:\/\/vitablanca.ma\/produit\/solgar-rhodiola-root-extract-extrait-de-racine-de-rhodiole-350-mg-60-vegetable-capsules\/"]}]},{"@type":"ImageObject","inLanguage":"en-US","@id":"https:\/\/vitablanca.ma\/produit\/solgar-rhodiola-root-extract-extrait-de-racine-de-rhodiole-350-mg-60-vegetable-capsules\/#primaryimage","url":"https:\/\/vitablanca.ma\/wp-content\/uploads\/2025\/11\/Solgar-Rhodiola-Root-Extract-350-mg-60-Vegetable-Capsules-Extrait-de-racine-de-rhodiole.jpg","contentUrl":"https:\/\/vitablanca.ma\/wp-content\/uploads\/2025\/11\/Solgar-Rhodiola-Root-Extract-350-mg-60-Vegetable-Capsules-Extrait-de-racine-de-rhodiole.jpg","width":680,"height":680},{"@type":"BreadcrumbList","@id":"https:\/\/vitablanca.ma\/produit\/solgar-rhodiola-root-extract-extrait-de-racine-de-rhodiole-350-mg-60-vegetable-capsules\/#breadcrumb","itemListElement":[{"@type":"ListItem","position":1,"name":"Home","item":"https:\/\/vitablanca.ma\/"},{"@type":"ListItem","position":2,"name":"Tous Les Produits","item":"https:\/\/vitablanca.ma\/tous-les-produits\/"},{"@type":"ListItem","position":3,"name":"Solgar Rhodiola Root Extract Extrait de racine de rhodiole 350 mg 60 Vegetable Capsules"}]},{"@type":"WebSite","@id":"https:\/\/vitablanca.ma\/#website","url":"https:\/\/vitablanca.ma\/","name":"VitaBlanca.ma | Food supplements, health &amp; beauty in Morocco","description":"sell premium vitamins and supplements from USA &amp; Canada, New Zealand, Morocco (NOW Foods, Solgar, Manuka). Fast delivery anywhere in Morocco.","publisher":{"@id":"https:\/\/vitablanca.ma\/#organization"},"alternateName":"VitaBlanca.ma","potentialAction":[{"@type":"SearchAction","target":{"@type":"EntryPoint","urlTemplate":"https:\/\/vitablanca.ma\/?s={search_term_string}"},"query-input":{"@type":"PropertyValueSpecification","valueRequired":true,"valueName":"search_term_string"}}],"inLanguage":"en-US"},{"@type":"Organization","@id":"https:\/\/vitablanca.ma\/#organization","name":"VitaBlanca","url":"https:\/\/vitablanca.ma\/","logo":{"@type":"ImageObject","inLanguage":"en-US","@id":"https:\/\/vitablanca.ma\/#\/schema\/logo\/image\/","url":"https:\/\/vitablanca.ma\/wp-content\/uploads\/2025\/05\/cropped-vitablanca.png","contentUrl":"https:\/\/vitablanca.ma\/wp-content\/uploads\/2025\/05\/cropped-vitablanca.png","width":360,"height":67,"caption":"VitaBlanca"},"image":{"@id":"https:\/\/vitablanca.ma\/#\/schema\/logo\/image\/"},"sameAs":["https:\/\/www.facebook.com\/profile.php?id=61576678196717","https:\/\/www.tiktok.com\/@vitablanca.ma","https:\/\/www.instagram.com\/vitablanca.ma\/"]}]}},"jetpack_sharing_enabled":true,"_links":{"self":[{"href":"https:\/\/vitablanca.ma\/en\/wp-json\/wp\/v2\/product\/26715","targetHints":{"allow":["GET"]}}],"collection":[{"href":"https:\/\/vitablanca.ma\/en\/wp-json\/wp\/v2\/product"}],"about":[{"href":"https:\/\/vitablanca.ma\/en\/wp-json\/wp\/v2\/types\/product"}],"wp:featuredmedia":[{"embeddable":true,"href":"https:\/\/vitablanca.ma\/en\/wp-json\/wp\/v2\/media\/26570"}],"wp:attachment":[{"href":"https:\/\/vitablanca.ma\/en\/wp-json\/wp\/v2\/media?parent=26715"}],"wp:term":[{"taxonomy":"product_brand","embeddable":true,"href":"https:\/\/vitablanca.ma\/en\/wp-json\/wp\/v2\/product_brand?post=26715"},{"taxonomy":"product_cat","embeddable":true,"href":"https:\/\/vitablanca.ma\/en\/wp-json\/wp\/v2\/product_cat?post=26715"},{"taxonomy":"product_tag","embeddable":true,"href":"https:\/\/vitablanca.ma\/en\/wp-json\/wp\/v2\/product_tag?post=26715"}],"curies":[{"name":"wp","href":"https:\/\/api.w.org\/{rel}","templated":true}]}}