{"id":26481,"date":"2025-11-18T12:26:56","date_gmt":"2025-11-18T12:26:56","guid":{"rendered":"https:\/\/vitablanca.ma\/?post_type=product&#038;p=26481"},"modified":"2025-12-16T19:28:52","modified_gmt":"2025-12-16T19:28:52","slug":"bluebonnet-magnesium-chelate-tamponne-60-capsules-vegetales","status":"publish","type":"product","link":"https:\/\/vitablanca.ma\/en\/product\/bluebonnet-magnesium-chelate-tamponne-60-capsules-vegetales\/","title":{"rendered":"Bluebonnet Magn\u00e9sium ch\u00e9lat\u00e9 tamponn\u00e9, 60 capsules v\u00e9g\u00e9tales"},"content":{"rendered":"<p>Les capsules v\u00e9g\u00e9tales de magn\u00e9sium ch\u00e9lat\u00e9 tamponn\u00e9 de Bluebonnet contiennent du ch\u00e9late de bisglycinate de magn\u00e9sium tamponn\u00e9 avec de l\u2019oxyde de magn\u00e9sium pour augmenter le pH (l\u2019alcalinit\u00e9), ce qui le rend plus doux pour le tube digestif.<\/p>\n\n\n\n<p><strong>Peut favoriser :<\/strong><\/p>\n\n\n\n<ul class=\"wp-block-list\">\n<li>Repos et relaxation<\/li>\n\n\n\n<li>Immune health<\/li>\n\n\n\n<li>Heart health<\/li>\n<\/ul>\n\n\n\n<h3 class=\"wp-block-heading\"><strong>Suggested Use<\/strong><\/h3>\n\n\n\n<p>En tant que compl\u00e9ment alimentaire, prenez une\u00a0capsule par jour ou suivez les instructions d\u2019un professionnel de la sant\u00e9.<a href=\"https:\/\/www.jumia.ma\/customer\/account\/login\/?tkWl=BL764DV0NCRYKNAFAMZ-69709261&return=%2Fbluebonnet-magnesium-chelate-tamponne-60-capsules-vegetales-67272293.html\"><\/a><\/p>","protected":false},"excerpt":{"rendered":"<ul>\n<li>Produit \u00e9labor\u00e9 \u00e0 partir d&rsquo;ingr\u00e9dients sans OGM<\/li>\n<li>Relaxation, sant\u00e9 immunitaire et cardiaque<\/li>\n<li>Albion\u00a0Minerals<\/li>\n<li>Vegan<\/li>\n<li>Gluten free<\/li>\n<li>Casher parev\u00e9<\/li>\n<li>Food supplement<\/li>\n<\/ul>","protected":false},"featured_media":26483,"template":"","meta":{"om_disable_all_campaigns":false},"product_brand":[4401],"product_cat":[18,3366],"product_tag":[4408,4410,4404,4405,4403,4402,4407,4406,4409,220],"class_list":{"0":"post-26481","1":"product","2":"type-product","3":"status-publish","4":"has-post-thumbnail","6":"product_brand-bluebonnet","7":"product_cat-beaute-sante","8":"product_cat-complements-alimentaires-au-maroc-vitablanca","9":"product_tag-bluebonnet-magnesium","10":"product_tag-buffered-chelated-magnesium","11":"product_tag-capsules-vegetales-magnesium","12":"product_tag-complement-magnesium-digestion-douce","13":"product_tag-magnesium-bisglycinate","14":"product_tag-magnesium-chelate-tamponne","15":"product_tag-magnesium-muscles-et-nerfs","16":"product_tag-magnesium-vegan","17":"product_tag-mineraux-chelates-bluebonnet","18":"product_tag-sans-ogm","20":"first","21":"instock","22":"taxable","23":"shipping-taxable","24":"purchasable","25":"product-type-simple"},"yoast_head":"<!-- This site is optimized with the Yoast SEO plugin v27.5 - https:\/\/yoast.com\/product\/yoast-seo-wordpress\/ -->\n<title>Maroc Prix<\/title>\n<meta name=\"description\" content=\"Bluebonnet Magn\u00e9sium Ch\u00e9lat\u00e9 Tamponn\u00e9 \u2013 60 capsules v\u00e9g\u00e9tales. Magn\u00e9sium bisglycinate tamponn\u00e9 pour une absorption optimale\" \/>\n<meta name=\"robots\" content=\"index, follow, max-snippet:-1, max-image-preview:large, max-video-preview:-1\" \/>\n<link rel=\"canonical\" href=\"https:\/\/vitablanca.ma\/en\/product\/bluebonnet-magnesium-chelate-tamponne-60-capsules-vegetales\/\" \/>\n<meta property=\"og:locale\" content=\"en_US\" \/>\n<meta property=\"og:type\" content=\"article\" \/>\n<meta property=\"og:title\" content=\"Maroc Prix\" \/>\n<meta property=\"og:description\" content=\"Bluebonnet Magn\u00e9sium Ch\u00e9lat\u00e9 Tamponn\u00e9 \u2013 60 capsules v\u00e9g\u00e9tales. Magn\u00e9sium bisglycinate tamponn\u00e9 pour une absorption optimale\" \/>\n<meta property=\"og:url\" content=\"https:\/\/vitablanca.ma\/en\/product\/bluebonnet-magnesium-chelate-tamponne-60-capsules-vegetales\/\" \/>\n<meta property=\"og:site_name\" content=\"Vitablanca.ma &ndash; Sant&eacute;, vitalit&eacute; et bien-&ecirc;tre pour tous les Marocains\" \/>\n<meta property=\"article:publisher\" content=\"https:\/\/www.facebook.com\/profile.php?id=61576678196717\" \/>\n<meta property=\"article:modified_time\" content=\"2025-12-16T19:28:52+00:00\" \/>\n<meta property=\"og:image\" content=\"https:\/\/vitablanca.ma\/wp-content\/uploads\/2025\/11\/bluebonnet-magnesium-chelate-tamponne-60-capsules-vegetales.jpg\" \/>\n\t<meta property=\"og:image:width\" content=\"680\" \/>\n\t<meta property=\"og:image:height\" content=\"680\" \/>\n\t<meta property=\"og:image:type\" content=\"image\/jpeg\" \/>\n<meta name=\"twitter:card\" content=\"summary_large_image\" \/>\n<meta name=\"twitter:label1\" content=\"Est. reading time\" \/>\n\t<meta name=\"twitter:data1\" content=\"1 minute\" \/>\n<script type=\"application\/ld+json\" class=\"yoast-schema-graph\">{\"@context\":\"https:\\\/\\\/schema.org\",\"@graph\":[{\"@type\":[\"WebPage\",\"ItemPage\"],\"@id\":\"https:\\\/\\\/vitablanca.ma\\\/produit\\\/bluebonnet-magnesium-chelate-tamponne-60-capsules-vegetales\\\/\",\"url\":\"https:\\\/\\\/vitablanca.ma\\\/produit\\\/bluebonnet-magnesium-chelate-tamponne-60-capsules-vegetales\\\/\",\"name\":\"Maroc Prix\",\"isPartOf\":{\"@id\":\"https:\\\/\\\/vitablanca.ma\\\/#website\"},\"primaryImageOfPage\":{\"@id\":\"https:\\\/\\\/vitablanca.ma\\\/produit\\\/bluebonnet-magnesium-chelate-tamponne-60-capsules-vegetales\\\/#primaryimage\"},\"image\":{\"@id\":\"https:\\\/\\\/vitablanca.ma\\\/produit\\\/bluebonnet-magnesium-chelate-tamponne-60-capsules-vegetales\\\/#primaryimage\"},\"thumbnailUrl\":\"https:\\\/\\\/vitablanca.ma\\\/wp-content\\\/uploads\\\/2025\\\/11\\\/bluebonnet-magnesium-chelate-tamponne-60-capsules-vegetales.jpg\",\"datePublished\":\"2025-11-18T12:26:56+00:00\",\"dateModified\":\"2025-12-16T19:28:52+00:00\",\"description\":\"Bluebonnet Magn\u00e9sium Ch\u00e9lat\u00e9 Tamponn\u00e9 \u2013 60 capsules v\u00e9g\u00e9tales. Magn\u00e9sium bisglycinate tamponn\u00e9 pour une absorption optimale\",\"breadcrumb\":{\"@id\":\"https:\\\/\\\/vitablanca.ma\\\/produit\\\/bluebonnet-magnesium-chelate-tamponne-60-capsules-vegetales\\\/#breadcrumb\"},\"inLanguage\":\"en-US\",\"potentialAction\":[{\"@type\":\"ReadAction\",\"target\":[\"https:\\\/\\\/vitablanca.ma\\\/produit\\\/bluebonnet-magnesium-chelate-tamponne-60-capsules-vegetales\\\/\"]}]},{\"@type\":\"ImageObject\",\"inLanguage\":\"en-US\",\"@id\":\"https:\\\/\\\/vitablanca.ma\\\/produit\\\/bluebonnet-magnesium-chelate-tamponne-60-capsules-vegetales\\\/#primaryimage\",\"url\":\"https:\\\/\\\/vitablanca.ma\\\/wp-content\\\/uploads\\\/2025\\\/11\\\/bluebonnet-magnesium-chelate-tamponne-60-capsules-vegetales.jpg\",\"contentUrl\":\"https:\\\/\\\/vitablanca.ma\\\/wp-content\\\/uploads\\\/2025\\\/11\\\/bluebonnet-magnesium-chelate-tamponne-60-capsules-vegetales.jpg\",\"width\":680,\"height\":680},{\"@type\":\"BreadcrumbList\",\"@id\":\"https:\\\/\\\/vitablanca.ma\\\/produit\\\/bluebonnet-magnesium-chelate-tamponne-60-capsules-vegetales\\\/#breadcrumb\",\"itemListElement\":[{\"@type\":\"ListItem\",\"position\":1,\"name\":\"Home\",\"item\":\"https:\\\/\\\/vitablanca.ma\\\/\"},{\"@type\":\"ListItem\",\"position\":2,\"name\":\"Tous Les Produits\",\"item\":\"https:\\\/\\\/vitablanca.ma\\\/tous-les-produits\\\/\"},{\"@type\":\"ListItem\",\"position\":3,\"name\":\"Bluebonnet Magn\u00e9sium ch\u00e9lat\u00e9 tamponn\u00e9, 60 capsules v\u00e9g\u00e9tales\"}]},{\"@type\":\"WebSite\",\"@id\":\"https:\\\/\\\/vitablanca.ma\\\/#website\",\"url\":\"https:\\\/\\\/vitablanca.ma\\\/\",\"name\":\"VitaBlanca.ma | Compl\u00e9ments alimentaires, sant\u00e9 & beaut\u00e9 au Maroc\",\"description\":\"vendre vitamines et compl\u00e9ments premium des USA &amp; Canada, Nouvelle Z\u00e9lande,Maroc (NOW Foods, Solgar, Manuka). Livraison rapide partout au Maroc.\",\"publisher\":{\"@id\":\"https:\\\/\\\/vitablanca.ma\\\/#organization\"},\"alternateName\":\"VitaBlanca.ma\",\"potentialAction\":[{\"@type\":\"SearchAction\",\"target\":{\"@type\":\"EntryPoint\",\"urlTemplate\":\"https:\\\/\\\/vitablanca.ma\\\/?s={search_term_string}\"},\"query-input\":{\"@type\":\"PropertyValueSpecification\",\"valueRequired\":true,\"valueName\":\"search_term_string\"}}],\"inLanguage\":\"en-US\"},{\"@type\":\"Organization\",\"@id\":\"https:\\\/\\\/vitablanca.ma\\\/#organization\",\"name\":\"VitaBlanca\",\"url\":\"https:\\\/\\\/vitablanca.ma\\\/\",\"logo\":{\"@type\":\"ImageObject\",\"inLanguage\":\"en-US\",\"@id\":\"https:\\\/\\\/vitablanca.ma\\\/#\\\/schema\\\/logo\\\/image\\\/\",\"url\":\"https:\\\/\\\/vitablanca.ma\\\/wp-content\\\/uploads\\\/2025\\\/05\\\/cropped-vitablanca.png\",\"contentUrl\":\"https:\\\/\\\/vitablanca.ma\\\/wp-content\\\/uploads\\\/2025\\\/05\\\/cropped-vitablanca.png\",\"width\":360,\"height\":67,\"caption\":\"VitaBlanca\"},\"image\":{\"@id\":\"https:\\\/\\\/vitablanca.ma\\\/#\\\/schema\\\/logo\\\/image\\\/\"},\"sameAs\":[\"https:\\\/\\\/www.facebook.com\\\/profile.php?id=61576678196717\",\"https:\\\/\\\/www.tiktok.com\\\/@vitablanca.ma\",\"https:\\\/\\\/www.instagram.com\\\/vitablanca.ma\\\/\"]}]}<\/script>\n<!-- \/ Yoast SEO plugin. -->","yoast_head_json":{"title":"Morocco Price","description":"Bluebonnet Magn\u00e9sium Ch\u00e9lat\u00e9 Tamponn\u00e9 \u2013 60 capsules v\u00e9g\u00e9tales. Magn\u00e9sium bisglycinate tamponn\u00e9 pour une absorption optimale","robots":{"index":"index","follow":"follow","max-snippet":"max-snippet:-1","max-image-preview":"max-image-preview:large","max-video-preview":"max-video-preview:-1"},"canonical":"https:\/\/vitablanca.ma\/en\/product\/bluebonnet-magnesium-chelate-tamponne-60-capsules-vegetales\/","og_locale":"en_US","og_type":"article","og_title":"Maroc Prix","og_description":"Bluebonnet Magn\u00e9sium Ch\u00e9lat\u00e9 Tamponn\u00e9 \u2013 60 capsules v\u00e9g\u00e9tales. Magn\u00e9sium bisglycinate tamponn\u00e9 pour une absorption optimale","og_url":"https:\/\/vitablanca.ma\/en\/product\/bluebonnet-magnesium-chelate-tamponne-60-capsules-vegetales\/","og_site_name":"Vitablanca.ma &ndash; Sant&eacute;, vitalit&eacute; et bien-&ecirc;tre pour tous les Marocains","article_publisher":"https:\/\/www.facebook.com\/profile.php?id=61576678196717","article_modified_time":"2025-12-16T19:28:52+00:00","og_image":[{"width":680,"height":680,"url":"https:\/\/vitablanca.ma\/wp-content\/uploads\/2025\/11\/bluebonnet-magnesium-chelate-tamponne-60-capsules-vegetales.jpg","type":"image\/jpeg"}],"twitter_card":"summary_large_image","twitter_misc":{"Est. reading time":"1 minute"},"schema":{"@context":"https:\/\/schema.org","@graph":[{"@type":["WebPage","ItemPage"],"@id":"https:\/\/vitablanca.ma\/produit\/bluebonnet-magnesium-chelate-tamponne-60-capsules-vegetales\/","url":"https:\/\/vitablanca.ma\/produit\/bluebonnet-magnesium-chelate-tamponne-60-capsules-vegetales\/","name":"Morocco Price","isPartOf":{"@id":"https:\/\/vitablanca.ma\/#website"},"primaryImageOfPage":{"@id":"https:\/\/vitablanca.ma\/produit\/bluebonnet-magnesium-chelate-tamponne-60-capsules-vegetales\/#primaryimage"},"image":{"@id":"https:\/\/vitablanca.ma\/produit\/bluebonnet-magnesium-chelate-tamponne-60-capsules-vegetales\/#primaryimage"},"thumbnailUrl":"https:\/\/vitablanca.ma\/wp-content\/uploads\/2025\/11\/bluebonnet-magnesium-chelate-tamponne-60-capsules-vegetales.jpg","datePublished":"2025-11-18T12:26:56+00:00","dateModified":"2025-12-16T19:28:52+00:00","description":"Bluebonnet Magn\u00e9sium Ch\u00e9lat\u00e9 Tamponn\u00e9 \u2013 60 capsules v\u00e9g\u00e9tales. Magn\u00e9sium bisglycinate tamponn\u00e9 pour une absorption optimale","breadcrumb":{"@id":"https:\/\/vitablanca.ma\/produit\/bluebonnet-magnesium-chelate-tamponne-60-capsules-vegetales\/#breadcrumb"},"inLanguage":"en-US","potentialAction":[{"@type":"ReadAction","target":["https:\/\/vitablanca.ma\/produit\/bluebonnet-magnesium-chelate-tamponne-60-capsules-vegetales\/"]}]},{"@type":"ImageObject","inLanguage":"en-US","@id":"https:\/\/vitablanca.ma\/produit\/bluebonnet-magnesium-chelate-tamponne-60-capsules-vegetales\/#primaryimage","url":"https:\/\/vitablanca.ma\/wp-content\/uploads\/2025\/11\/bluebonnet-magnesium-chelate-tamponne-60-capsules-vegetales.jpg","contentUrl":"https:\/\/vitablanca.ma\/wp-content\/uploads\/2025\/11\/bluebonnet-magnesium-chelate-tamponne-60-capsules-vegetales.jpg","width":680,"height":680},{"@type":"BreadcrumbList","@id":"https:\/\/vitablanca.ma\/produit\/bluebonnet-magnesium-chelate-tamponne-60-capsules-vegetales\/#breadcrumb","itemListElement":[{"@type":"ListItem","position":1,"name":"Home","item":"https:\/\/vitablanca.ma\/"},{"@type":"ListItem","position":2,"name":"Tous Les Produits","item":"https:\/\/vitablanca.ma\/tous-les-produits\/"},{"@type":"ListItem","position":3,"name":"Bluebonnet Magn\u00e9sium ch\u00e9lat\u00e9 tamponn\u00e9, 60 capsules v\u00e9g\u00e9tales"}]},{"@type":"WebSite","@id":"https:\/\/vitablanca.ma\/#website","url":"https:\/\/vitablanca.ma\/","name":"VitaBlanca.ma | Food supplements, health &amp; beauty in Morocco","description":"sell premium vitamins and supplements from USA &amp; Canada, New Zealand, Morocco (NOW Foods, Solgar, Manuka). Fast delivery anywhere in Morocco.","publisher":{"@id":"https:\/\/vitablanca.ma\/#organization"},"alternateName":"VitaBlanca.ma","potentialAction":[{"@type":"SearchAction","target":{"@type":"EntryPoint","urlTemplate":"https:\/\/vitablanca.ma\/?s={search_term_string}"},"query-input":{"@type":"PropertyValueSpecification","valueRequired":true,"valueName":"search_term_string"}}],"inLanguage":"en-US"},{"@type":"Organization","@id":"https:\/\/vitablanca.ma\/#organization","name":"VitaBlanca","url":"https:\/\/vitablanca.ma\/","logo":{"@type":"ImageObject","inLanguage":"en-US","@id":"https:\/\/vitablanca.ma\/#\/schema\/logo\/image\/","url":"https:\/\/vitablanca.ma\/wp-content\/uploads\/2025\/05\/cropped-vitablanca.png","contentUrl":"https:\/\/vitablanca.ma\/wp-content\/uploads\/2025\/05\/cropped-vitablanca.png","width":360,"height":67,"caption":"VitaBlanca"},"image":{"@id":"https:\/\/vitablanca.ma\/#\/schema\/logo\/image\/"},"sameAs":["https:\/\/www.facebook.com\/profile.php?id=61576678196717","https:\/\/www.tiktok.com\/@vitablanca.ma","https:\/\/www.instagram.com\/vitablanca.ma\/"]}]}},"jetpack_sharing_enabled":true,"_links":{"self":[{"href":"https:\/\/vitablanca.ma\/en\/wp-json\/wp\/v2\/product\/26481","targetHints":{"allow":["GET"]}}],"collection":[{"href":"https:\/\/vitablanca.ma\/en\/wp-json\/wp\/v2\/product"}],"about":[{"href":"https:\/\/vitablanca.ma\/en\/wp-json\/wp\/v2\/types\/product"}],"wp:featuredmedia":[{"embeddable":true,"href":"https:\/\/vitablanca.ma\/en\/wp-json\/wp\/v2\/media\/26483"}],"wp:attachment":[{"href":"https:\/\/vitablanca.ma\/en\/wp-json\/wp\/v2\/media?parent=26481"}],"wp:term":[{"taxonomy":"product_brand","embeddable":true,"href":"https:\/\/vitablanca.ma\/en\/wp-json\/wp\/v2\/product_brand?post=26481"},{"taxonomy":"product_cat","embeddable":true,"href":"https:\/\/vitablanca.ma\/en\/wp-json\/wp\/v2\/product_cat?post=26481"},{"taxonomy":"product_tag","embeddable":true,"href":"https:\/\/vitablanca.ma\/en\/wp-json\/wp\/v2\/product_tag?post=26481"}],"curies":[{"name":"wp","href":"https:\/\/api.w.org\/{rel}","templated":true}]}}