{"id":26443,"date":"2025-11-16T22:24:01","date_gmt":"2025-11-16T22:24:01","guid":{"rendered":"https:\/\/vitablanca.ma\/?post_type=product&#038;p=26443"},"modified":"2026-03-23T17:51:00","modified_gmt":"2026-03-23T17:51:00","slug":"nutricost-ksm-66-root-extract-600-mg-60-capsules-maroc-prix","status":"publish","type":"product","link":"https:\/\/vitablanca.ma\/en\/product\/nutricost-ksm-66-root-extract-600-mg-60-capsules-maroc-prix\/","title":{"rendered":"Nutricost KSM-66 Root Extract 600 mg 60 Capsules"},"content":{"rendered":"<p>Pour les personnes en bonne sant\u00e9 de 18\u00a0ans et plus. Si vous \u00eates enceinte, allaitez, prenez des m\u00e9dicaments ou souffrez d&rsquo;une affection m\u00e9dicale, consultez un professionnel de la sant\u00e9 avant d&rsquo;utiliser ce produit. Tenir hors de port\u00e9e des enfants. Ne pas utiliser si l&rsquo;opercule de protection est perc\u00e9 ou manquant.<\/p>\r\n\r\n\r\n\r\n<p>\u00c0 conserver dans un endroit frais et sec.<\/p>\r\n\r\n\r\n\r\n<h3 class=\"wp-block-heading\"><strong>Suggested Use<\/strong><\/h3>\r\n\r\n\r\n\r\n<p>En compl\u00e9ment alimentaire, prenez 1 capsule par jour avec 225 \u00e0 350 ml d&rsquo;eau ou suivez les instructions d&rsquo;un professionnel de la sant\u00e9.<\/p>","protected":false},"excerpt":{"rendered":"<ul>\n<li>Food supplement<\/li>\n<li>Qualit\u00e9 garantie Nutricost\u00ae<\/li>\n<li>Vegetarian product<\/li>\n<li>\u00c9tablissement respectant les BPF<\/li>\n<li>Produit sans OGM<\/li>\n<li>Test\u00e9e par un organisme ind\u00e9pendant<\/li>\n<li>Gluten free<\/li>\n<\/ul>","protected":false},"featured_media":26445,"template":"","meta":{"om_disable_all_campaigns":false},"product_brand":[3310],"product_cat":[18,3366,20],"product_tag":[4361,4375,4359,4362,4370,4367,4373,4366,4372,4360,4363,4371,3912,4374,4364,4368,4365,4358,4369,4376],"class_list":{"0":"post-26443","1":"product","2":"type-product","3":"status-publish","4":"has-post-thumbnail","6":"product_brand-nutricost-maroc-prix","7":"product_cat-beaute-sante","8":"product_cat-complements-alimentaires-au-maroc-vitablanca","9":"product_cat-supplements","10":"product_tag-adaptogene-naturel","11":"product_tag-adaptogene-puissant","12":"product_tag-ashwagandha-600-mg","13":"product_tag-ashwagandha-bioavailability","14":"product_tag-ashwagandha-energie","15":"product_tag-ashwagandha-fatigue","16":"product_tag-ashwagandha-haut-dosage","17":"product_tag-ashwagandha-performance","18":"product_tag-ashwagandha-pure-racine","19":"product_tag-ashwagandha-sommeil","20":"product_tag-ashwagandha-stress","21":"product_tag-ashwagandha-vegan","22":"product_tag-complement-anti-stress","23":"product_tag-complement-bien-etre","24":"product_tag-extrait-de-racine-dashwagandha","25":"product_tag-gestion-du-stress","26":"product_tag-ksm-66-ashwagandha","27":"product_tag-nutricost-ksm-66","28":"product_tag-reduction-du-cortisol","29":"product_tag-supplement-ashwagandha-premium","31":"first","32":"outofstock","33":"taxable","34":"shipping-taxable","35":"purchasable","36":"product-type-simple"},"yoast_head":"<!-- This site is optimized with the Yoast SEO plugin v27.4 - https:\/\/yoast.com\/product\/yoast-seo-wordpress\/ -->\n<title>Nutricost KSM-66 Root Extract 600 mg 60 Capsules - Maroc Prix<\/title>\n<meta name=\"description\" content=\"Nutricost KSM-66 Ashwagandha 600 mg aide \u00e0 r\u00e9duire le stress, am\u00e9liorer le sommeil, soutenir l\u2019\u00e9nergie et l\u2019\u00e9quilibre hormonal. Extrait de racine KSM-66 pur\" \/>\n<meta name=\"robots\" content=\"index, follow, max-snippet:-1, max-image-preview:large, max-video-preview:-1\" \/>\n<link rel=\"canonical\" href=\"https:\/\/vitablanca.ma\/en\/product\/nutricost-ksm-66-root-extract-600-mg-60-capsules-maroc-prix\/\" \/>\n<meta property=\"og:locale\" content=\"en_US\" \/>\n<meta property=\"og:type\" content=\"article\" \/>\n<meta property=\"og:title\" content=\"Nutricost KSM-66 Root Extract 600 mg 60 Capsules - Maroc Prix\" \/>\n<meta property=\"og:description\" content=\"Nutricost KSM-66 Ashwagandha 600 mg aide \u00e0 r\u00e9duire le stress, am\u00e9liorer le sommeil, soutenir l\u2019\u00e9nergie et l\u2019\u00e9quilibre hormonal. Extrait de racine KSM-66 pur\" \/>\n<meta property=\"og:url\" content=\"https:\/\/vitablanca.ma\/en\/product\/nutricost-ksm-66-root-extract-600-mg-60-capsules-maroc-prix\/\" \/>\n<meta property=\"og:site_name\" content=\"Vitablanca.ma &ndash; Sant&eacute;, vitalit&eacute; et bien-&ecirc;tre pour tous les Marocains\" \/>\n<meta property=\"article:publisher\" content=\"https:\/\/www.facebook.com\/profile.php?id=61576678196717\" \/>\n<meta property=\"article:modified_time\" content=\"2026-03-23T17:51:00+00:00\" \/>\n<meta property=\"og:image\" content=\"https:\/\/vitablanca.ma\/wp-content\/uploads\/2025\/11\/nutricost-ksm-66-root-extract-600-mg-60-capsules.jpg\" \/>\n\t<meta property=\"og:image:width\" content=\"680\" \/>\n\t<meta property=\"og:image:height\" content=\"680\" \/>\n\t<meta property=\"og:image:type\" content=\"image\/jpeg\" \/>\n<meta name=\"twitter:card\" content=\"summary_large_image\" \/>\n<meta name=\"twitter:label1\" content=\"Est. reading time\" \/>\n\t<meta name=\"twitter:data1\" content=\"1 minute\" \/>\n<script type=\"application\/ld+json\" class=\"yoast-schema-graph\">{\"@context\":\"https:\\\/\\\/schema.org\",\"@graph\":[{\"@type\":[\"WebPage\",\"ItemPage\"],\"@id\":\"https:\\\/\\\/vitablanca.ma\\\/produit\\\/nutricost-ksm-66-root-extract-600-mg-60-capsules-maroc-prix\\\/\",\"url\":\"https:\\\/\\\/vitablanca.ma\\\/produit\\\/nutricost-ksm-66-root-extract-600-mg-60-capsules-maroc-prix\\\/\",\"name\":\"Nutricost KSM-66 Root Extract 600 mg 60 Capsules - Maroc Prix\",\"isPartOf\":{\"@id\":\"https:\\\/\\\/vitablanca.ma\\\/#website\"},\"primaryImageOfPage\":{\"@id\":\"https:\\\/\\\/vitablanca.ma\\\/produit\\\/nutricost-ksm-66-root-extract-600-mg-60-capsules-maroc-prix\\\/#primaryimage\"},\"image\":{\"@id\":\"https:\\\/\\\/vitablanca.ma\\\/produit\\\/nutricost-ksm-66-root-extract-600-mg-60-capsules-maroc-prix\\\/#primaryimage\"},\"thumbnailUrl\":\"https:\\\/\\\/vitablanca.ma\\\/wp-content\\\/uploads\\\/2025\\\/11\\\/nutricost-ksm-66-root-extract-600-mg-60-capsules.jpg\",\"datePublished\":\"2025-11-16T22:24:01+00:00\",\"dateModified\":\"2026-03-23T17:51:00+00:00\",\"description\":\"Nutricost KSM-66 Ashwagandha 600 mg aide \u00e0 r\u00e9duire le stress, am\u00e9liorer le sommeil, soutenir l\u2019\u00e9nergie et l\u2019\u00e9quilibre hormonal. Extrait de racine KSM-66 pur\",\"breadcrumb\":{\"@id\":\"https:\\\/\\\/vitablanca.ma\\\/produit\\\/nutricost-ksm-66-root-extract-600-mg-60-capsules-maroc-prix\\\/#breadcrumb\"},\"inLanguage\":\"en-US\",\"potentialAction\":[{\"@type\":\"ReadAction\",\"target\":[\"https:\\\/\\\/vitablanca.ma\\\/produit\\\/nutricost-ksm-66-root-extract-600-mg-60-capsules-maroc-prix\\\/\"]}]},{\"@type\":\"ImageObject\",\"inLanguage\":\"en-US\",\"@id\":\"https:\\\/\\\/vitablanca.ma\\\/produit\\\/nutricost-ksm-66-root-extract-600-mg-60-capsules-maroc-prix\\\/#primaryimage\",\"url\":\"https:\\\/\\\/vitablanca.ma\\\/wp-content\\\/uploads\\\/2025\\\/11\\\/nutricost-ksm-66-root-extract-600-mg-60-capsules.jpg\",\"contentUrl\":\"https:\\\/\\\/vitablanca.ma\\\/wp-content\\\/uploads\\\/2025\\\/11\\\/nutricost-ksm-66-root-extract-600-mg-60-capsules.jpg\",\"width\":680,\"height\":680},{\"@type\":\"BreadcrumbList\",\"@id\":\"https:\\\/\\\/vitablanca.ma\\\/produit\\\/nutricost-ksm-66-root-extract-600-mg-60-capsules-maroc-prix\\\/#breadcrumb\",\"itemListElement\":[{\"@type\":\"ListItem\",\"position\":1,\"name\":\"Home\",\"item\":\"https:\\\/\\\/vitablanca.ma\\\/\"},{\"@type\":\"ListItem\",\"position\":2,\"name\":\"Tous Les Produits\",\"item\":\"https:\\\/\\\/vitablanca.ma\\\/tous-les-produits\\\/\"},{\"@type\":\"ListItem\",\"position\":3,\"name\":\"Nutricost KSM-66 Root Extract 600 mg 60 Capsules\"}]},{\"@type\":\"WebSite\",\"@id\":\"https:\\\/\\\/vitablanca.ma\\\/#website\",\"url\":\"https:\\\/\\\/vitablanca.ma\\\/\",\"name\":\"VitaBlanca.ma | Compl\u00e9ments alimentaires, sant\u00e9 & beaut\u00e9 au Maroc\",\"description\":\"vendre vitamines et compl\u00e9ments premium des USA &amp; Canada, Nouvelle Z\u00e9lande,Maroc (NOW Foods, Solgar, Manuka). Livraison rapide partout au Maroc.\",\"publisher\":{\"@id\":\"https:\\\/\\\/vitablanca.ma\\\/#organization\"},\"alternateName\":\"VitaBlanca.ma\",\"potentialAction\":[{\"@type\":\"SearchAction\",\"target\":{\"@type\":\"EntryPoint\",\"urlTemplate\":\"https:\\\/\\\/vitablanca.ma\\\/?s={search_term_string}\"},\"query-input\":{\"@type\":\"PropertyValueSpecification\",\"valueRequired\":true,\"valueName\":\"search_term_string\"}}],\"inLanguage\":\"en-US\"},{\"@type\":\"Organization\",\"@id\":\"https:\\\/\\\/vitablanca.ma\\\/#organization\",\"name\":\"VitaBlanca\",\"url\":\"https:\\\/\\\/vitablanca.ma\\\/\",\"logo\":{\"@type\":\"ImageObject\",\"inLanguage\":\"en-US\",\"@id\":\"https:\\\/\\\/vitablanca.ma\\\/#\\\/schema\\\/logo\\\/image\\\/\",\"url\":\"https:\\\/\\\/vitablanca.ma\\\/wp-content\\\/uploads\\\/2025\\\/05\\\/cropped-vitablanca.png\",\"contentUrl\":\"https:\\\/\\\/vitablanca.ma\\\/wp-content\\\/uploads\\\/2025\\\/05\\\/cropped-vitablanca.png\",\"width\":360,\"height\":67,\"caption\":\"VitaBlanca\"},\"image\":{\"@id\":\"https:\\\/\\\/vitablanca.ma\\\/#\\\/schema\\\/logo\\\/image\\\/\"},\"sameAs\":[\"https:\\\/\\\/www.facebook.com\\\/profile.php?id=61576678196717\",\"https:\\\/\\\/www.tiktok.com\\\/@vitablanca.ma\",\"https:\\\/\\\/www.instagram.com\\\/vitablanca.ma\\\/\"]}]}<\/script>\n<!-- \/ Yoast SEO plugin. -->","yoast_head_json":{"title":"Nutricost KSM-66 Root Extract 600 mg 60 Capsules - Maroc Prix","description":"Nutricost KSM-66 Ashwagandha 600 mg aide \u00e0 r\u00e9duire le stress, am\u00e9liorer le sommeil, soutenir l\u2019\u00e9nergie et l\u2019\u00e9quilibre hormonal. Extrait de racine KSM-66 pur","robots":{"index":"index","follow":"follow","max-snippet":"max-snippet:-1","max-image-preview":"max-image-preview:large","max-video-preview":"max-video-preview:-1"},"canonical":"https:\/\/vitablanca.ma\/en\/product\/nutricost-ksm-66-root-extract-600-mg-60-capsules-maroc-prix\/","og_locale":"en_US","og_type":"article","og_title":"Nutricost KSM-66 Root Extract 600 mg 60 Capsules - Maroc Prix","og_description":"Nutricost KSM-66 Ashwagandha 600 mg aide \u00e0 r\u00e9duire le stress, am\u00e9liorer le sommeil, soutenir l\u2019\u00e9nergie et l\u2019\u00e9quilibre hormonal. Extrait de racine KSM-66 pur","og_url":"https:\/\/vitablanca.ma\/en\/product\/nutricost-ksm-66-root-extract-600-mg-60-capsules-maroc-prix\/","og_site_name":"Vitablanca.ma &ndash; Sant&eacute;, vitalit&eacute; et bien-&ecirc;tre pour tous les Marocains","article_publisher":"https:\/\/www.facebook.com\/profile.php?id=61576678196717","article_modified_time":"2026-03-23T17:51:00+00:00","og_image":[{"width":680,"height":680,"url":"https:\/\/vitablanca.ma\/wp-content\/uploads\/2025\/11\/nutricost-ksm-66-root-extract-600-mg-60-capsules.jpg","type":"image\/jpeg"}],"twitter_card":"summary_large_image","twitter_misc":{"Est. reading time":"1 minute"},"schema":{"@context":"https:\/\/schema.org","@graph":[{"@type":["WebPage","ItemPage"],"@id":"https:\/\/vitablanca.ma\/produit\/nutricost-ksm-66-root-extract-600-mg-60-capsules-maroc-prix\/","url":"https:\/\/vitablanca.ma\/produit\/nutricost-ksm-66-root-extract-600-mg-60-capsules-maroc-prix\/","name":"Nutricost KSM-66 Root Extract 600 mg 60 Capsules - Maroc Prix","isPartOf":{"@id":"https:\/\/vitablanca.ma\/#website"},"primaryImageOfPage":{"@id":"https:\/\/vitablanca.ma\/produit\/nutricost-ksm-66-root-extract-600-mg-60-capsules-maroc-prix\/#primaryimage"},"image":{"@id":"https:\/\/vitablanca.ma\/produit\/nutricost-ksm-66-root-extract-600-mg-60-capsules-maroc-prix\/#primaryimage"},"thumbnailUrl":"https:\/\/vitablanca.ma\/wp-content\/uploads\/2025\/11\/nutricost-ksm-66-root-extract-600-mg-60-capsules.jpg","datePublished":"2025-11-16T22:24:01+00:00","dateModified":"2026-03-23T17:51:00+00:00","description":"Nutricost KSM-66 Ashwagandha 600 mg aide \u00e0 r\u00e9duire le stress, am\u00e9liorer le sommeil, soutenir l\u2019\u00e9nergie et l\u2019\u00e9quilibre hormonal. Extrait de racine KSM-66 pur","breadcrumb":{"@id":"https:\/\/vitablanca.ma\/produit\/nutricost-ksm-66-root-extract-600-mg-60-capsules-maroc-prix\/#breadcrumb"},"inLanguage":"en-US","potentialAction":[{"@type":"ReadAction","target":["https:\/\/vitablanca.ma\/produit\/nutricost-ksm-66-root-extract-600-mg-60-capsules-maroc-prix\/"]}]},{"@type":"ImageObject","inLanguage":"en-US","@id":"https:\/\/vitablanca.ma\/produit\/nutricost-ksm-66-root-extract-600-mg-60-capsules-maroc-prix\/#primaryimage","url":"https:\/\/vitablanca.ma\/wp-content\/uploads\/2025\/11\/nutricost-ksm-66-root-extract-600-mg-60-capsules.jpg","contentUrl":"https:\/\/vitablanca.ma\/wp-content\/uploads\/2025\/11\/nutricost-ksm-66-root-extract-600-mg-60-capsules.jpg","width":680,"height":680},{"@type":"BreadcrumbList","@id":"https:\/\/vitablanca.ma\/produit\/nutricost-ksm-66-root-extract-600-mg-60-capsules-maroc-prix\/#breadcrumb","itemListElement":[{"@type":"ListItem","position":1,"name":"Home","item":"https:\/\/vitablanca.ma\/"},{"@type":"ListItem","position":2,"name":"Tous Les Produits","item":"https:\/\/vitablanca.ma\/tous-les-produits\/"},{"@type":"ListItem","position":3,"name":"Nutricost KSM-66 Root Extract 600 mg 60 Capsules"}]},{"@type":"WebSite","@id":"https:\/\/vitablanca.ma\/#website","url":"https:\/\/vitablanca.ma\/","name":"VitaBlanca.ma | Food supplements, health &amp; beauty in Morocco","description":"sell premium vitamins and supplements from USA &amp; Canada, New Zealand, Morocco (NOW Foods, Solgar, Manuka). Fast delivery anywhere in Morocco.","publisher":{"@id":"https:\/\/vitablanca.ma\/#organization"},"alternateName":"VitaBlanca.ma","potentialAction":[{"@type":"SearchAction","target":{"@type":"EntryPoint","urlTemplate":"https:\/\/vitablanca.ma\/?s={search_term_string}"},"query-input":{"@type":"PropertyValueSpecification","valueRequired":true,"valueName":"search_term_string"}}],"inLanguage":"en-US"},{"@type":"Organization","@id":"https:\/\/vitablanca.ma\/#organization","name":"VitaBlanca","url":"https:\/\/vitablanca.ma\/","logo":{"@type":"ImageObject","inLanguage":"en-US","@id":"https:\/\/vitablanca.ma\/#\/schema\/logo\/image\/","url":"https:\/\/vitablanca.ma\/wp-content\/uploads\/2025\/05\/cropped-vitablanca.png","contentUrl":"https:\/\/vitablanca.ma\/wp-content\/uploads\/2025\/05\/cropped-vitablanca.png","width":360,"height":67,"caption":"VitaBlanca"},"image":{"@id":"https:\/\/vitablanca.ma\/#\/schema\/logo\/image\/"},"sameAs":["https:\/\/www.facebook.com\/profile.php?id=61576678196717","https:\/\/www.tiktok.com\/@vitablanca.ma","https:\/\/www.instagram.com\/vitablanca.ma\/"]}]}},"jetpack_sharing_enabled":true,"_links":{"self":[{"href":"https:\/\/vitablanca.ma\/en\/wp-json\/wp\/v2\/product\/26443","targetHints":{"allow":["GET"]}}],"collection":[{"href":"https:\/\/vitablanca.ma\/en\/wp-json\/wp\/v2\/product"}],"about":[{"href":"https:\/\/vitablanca.ma\/en\/wp-json\/wp\/v2\/types\/product"}],"wp:featuredmedia":[{"embeddable":true,"href":"https:\/\/vitablanca.ma\/en\/wp-json\/wp\/v2\/media\/26445"}],"wp:attachment":[{"href":"https:\/\/vitablanca.ma\/en\/wp-json\/wp\/v2\/media?parent=26443"}],"wp:term":[{"taxonomy":"product_brand","embeddable":true,"href":"https:\/\/vitablanca.ma\/en\/wp-json\/wp\/v2\/product_brand?post=26443"},{"taxonomy":"product_cat","embeddable":true,"href":"https:\/\/vitablanca.ma\/en\/wp-json\/wp\/v2\/product_cat?post=26443"},{"taxonomy":"product_tag","embeddable":true,"href":"https:\/\/vitablanca.ma\/en\/wp-json\/wp\/v2\/product_tag?post=26443"}],"curies":[{"name":"wp","href":"https:\/\/api.w.org\/{rel}","templated":true}]}}