{"id":25799,"date":"2025-09-18T01:53:06","date_gmt":"2025-09-18T01:53:06","guid":{"rendered":"https:\/\/vitablanca.ma\/?post_type=product&#038;p=25799"},"modified":"2025-09-22T18:10:01","modified_gmt":"2025-09-22T18:10:01","slug":"now-foods-sports-l-glutamine-1000-mg-240-capsules","status":"publish","type":"product","link":"https:\/\/vitablanca.ma\/en\/product\/now-foods-sports-l-glutamine-1000-mg-240-capsules\/","title":{"rendered":"Now Foods Sports, L-Glutamine, 1,000 mg, 240 Capsules"},"content":{"rendered":"<p>La glutamine est consid\u00e9r\u00e9e comme un acide amin\u00e9 potentiellement essentiel, ce qui signifie que dans certaines conditions, le corps peut n\u00e9cessiter plus de glutamine qu&rsquo;il n&rsquo;en produit. La glutamine fonctionne dans le corps comme un transporteur principal d&rsquo;azote, de plus, elle est capitale pour en maintenir un \u00e9quilibre sain. La glutamine agit aussi comme carburant primaire pour les cellules \u00e0 croissance rapide du syst\u00e8me immunitaire et de l&rsquo;appareil gastro-intestinal.<br \/>\nUsage sugg\u00e9r\u00e9Prendre 1 capsule de 1 \u00e0 3 fois par jour, de pr\u00e9f\u00e9rence entre les repas.<br \/>\nAutres ingr\u00e9dientsG\u00e9latine bovine (capsule), cellulose, acide st\u00e9arique (source v\u00e9g\u00e9tale), st\u00e9arate de magn\u00e9sium (source v\u00e9g\u00e9tale) et silice.<br \/>\nNon fabriqu\u00e9 avec du bl\u00e9, du gluten, du soja, du lait, des \u0153ufs, du poisson, des fruits de mer ou des ingr\u00e9dients de noix. Produit dans une installation GMP qui traite d&rsquo;autres ingr\u00e9dients contenant ces allerg\u00e8nes.<br \/>\nCette double concentration a deux fois la L-Glutamine (1000 mg par capsule) comme dans notre produit de force r\u00e9guli\u00e8re (500 mg par capsule).<br \/>\nAvertissementsUne variation naturelle de la couleur de ce produit peut se produire.<br \/>\nApr\u00e8s ouverture, conserver dans un endroit frais, sec et \u00e0 l&rsquo;abri de la lumi\u00e8re.<br \/>\nMise en garde : pour adultes uniquement. Consulter un m\u00e9decin en cas de grossesse ou d&rsquo;allaitement, de traitement m\u00e9dical ou de probl\u00e8me de sant\u00e9. \u00c0 tenir hors de port\u00e9e des enfants.<br \/>\nNe pas ing\u00e9rer le sachet fra\u00eecheur. Conserver le produit dans son flacon.<\/p>","protected":false},"excerpt":{"rendered":"<ul>\n<li>Transporteur d&rsquo;azote<\/li>\n<li>GMO-free<\/li>\n<li>Food supplement<\/li>\n<li>Quality assured by compliance with GMP<\/li>\n<\/ul>","protected":false},"featured_media":25855,"template":"","meta":{"om_disable_all_campaigns":false},"product_brand":[4157],"product_cat":[18,3366],"product_tag":[4292,4293,4294,4295,1025,1045],"class_list":{"0":"post-25799","1":"product","2":"type-product","3":"status-publish","4":"has-post-thumbnail","6":"product_brand-now-sports","7":"product_cat-beaute-sante","8":"product_cat-complements-alimentaires-au-maroc-vitablanca","9":"product_tag-240-capsules","10":"product_tag-acide-amine-essentiel","11":"product_tag-endurance","12":"product_tag-glutamine-1000-mg","13":"product_tag-now-foods-l-glutamine","14":"product_tag-recuperation-musculaire","16":"first","17":"instock","18":"taxable","19":"shipping-taxable","20":"purchasable","21":"product-type-simple"},"yoast_head":"<!-- This site is optimized with the Yoast SEO plugin v27.4 - https:\/\/yoast.com\/product\/yoast-seo-wordpress\/ -->\n<title>Now Foods Sports, L-Glutamine, 1,000 mg, 240 Capsules - Maroc<\/title>\n<meta name=\"description\" content=\"Am\u00e9liorez votre r\u00e9cup\u00e9ration avec Now Foods Sports L-Glutamine 1,000 mg, 240 capsules. Soutenez vos muscles et votre syst\u00e8me immunitaire apr\u00e8s l&#039;exercice.\" \/>\n<meta name=\"robots\" content=\"index, follow, max-snippet:-1, max-image-preview:large, max-video-preview:-1\" \/>\n<link rel=\"canonical\" href=\"https:\/\/vitablanca.ma\/en\/product\/now-foods-sports-l-glutamine-1000-mg-240-capsules\/\" \/>\n<meta property=\"og:locale\" content=\"en_US\" \/>\n<meta property=\"og:type\" content=\"article\" \/>\n<meta property=\"og:title\" content=\"Now Foods Sports, L-Glutamine, 1,000 mg, 240 Capsules - Maroc\" \/>\n<meta property=\"og:description\" content=\"Am\u00e9liorez votre r\u00e9cup\u00e9ration avec Now Foods Sports L-Glutamine 1,000 mg, 240 capsules. Soutenez vos muscles et votre syst\u00e8me immunitaire apr\u00e8s l&#039;exercice.\" \/>\n<meta property=\"og:url\" content=\"https:\/\/vitablanca.ma\/en\/product\/now-foods-sports-l-glutamine-1000-mg-240-capsules\/\" \/>\n<meta property=\"og:site_name\" content=\"Vitablanca.ma &ndash; Sant&eacute;, vitalit&eacute; et bien-&ecirc;tre pour tous les Marocains\" \/>\n<meta property=\"article:publisher\" content=\"https:\/\/www.facebook.com\/profile.php?id=61576678196717\" \/>\n<meta property=\"article:modified_time\" content=\"2025-09-22T18:10:01+00:00\" \/>\n<meta property=\"og:image\" content=\"https:\/\/vitablanca.ma\/wp-content\/uploads\/2025\/09\/Now-Foods-Sports-L-Glutamine-1000-mg-240-Capsules.jpg\" \/>\n\t<meta property=\"og:image:width\" content=\"680\" \/>\n\t<meta property=\"og:image:height\" content=\"680\" \/>\n\t<meta property=\"og:image:type\" content=\"image\/jpeg\" \/>\n<meta name=\"twitter:card\" content=\"summary_large_image\" \/>\n<meta name=\"twitter:label1\" content=\"Est. reading time\" \/>\n\t<meta name=\"twitter:data1\" content=\"2 minutes\" \/>\n<script type=\"application\/ld+json\" class=\"yoast-schema-graph\">{\"@context\":\"https:\\\/\\\/schema.org\",\"@graph\":[{\"@type\":[\"WebPage\",\"ItemPage\"],\"@id\":\"https:\\\/\\\/vitablanca.ma\\\/produit\\\/now-foods-sports-l-glutamine-1000-mg-240-capsules\\\/\",\"url\":\"https:\\\/\\\/vitablanca.ma\\\/produit\\\/now-foods-sports-l-glutamine-1000-mg-240-capsules\\\/\",\"name\":\"Now Foods Sports, L-Glutamine, 1,000 mg, 240 Capsules - Maroc\",\"isPartOf\":{\"@id\":\"https:\\\/\\\/vitablanca.ma\\\/#website\"},\"primaryImageOfPage\":{\"@id\":\"https:\\\/\\\/vitablanca.ma\\\/produit\\\/now-foods-sports-l-glutamine-1000-mg-240-capsules\\\/#primaryimage\"},\"image\":{\"@id\":\"https:\\\/\\\/vitablanca.ma\\\/produit\\\/now-foods-sports-l-glutamine-1000-mg-240-capsules\\\/#primaryimage\"},\"thumbnailUrl\":\"https:\\\/\\\/vitablanca.ma\\\/wp-content\\\/uploads\\\/2025\\\/09\\\/Now-Foods-Sports-L-Glutamine-1000-mg-240-Capsules.jpg\",\"datePublished\":\"2025-09-18T01:53:06+00:00\",\"dateModified\":\"2025-09-22T18:10:01+00:00\",\"description\":\"Am\u00e9liorez votre r\u00e9cup\u00e9ration avec Now Foods Sports L-Glutamine 1,000 mg, 240 capsules. Soutenez vos muscles et votre syst\u00e8me immunitaire apr\u00e8s l'exercice.\",\"breadcrumb\":{\"@id\":\"https:\\\/\\\/vitablanca.ma\\\/produit\\\/now-foods-sports-l-glutamine-1000-mg-240-capsules\\\/#breadcrumb\"},\"inLanguage\":\"en-US\",\"potentialAction\":[{\"@type\":\"ReadAction\",\"target\":[\"https:\\\/\\\/vitablanca.ma\\\/produit\\\/now-foods-sports-l-glutamine-1000-mg-240-capsules\\\/\"]}]},{\"@type\":\"ImageObject\",\"inLanguage\":\"en-US\",\"@id\":\"https:\\\/\\\/vitablanca.ma\\\/produit\\\/now-foods-sports-l-glutamine-1000-mg-240-capsules\\\/#primaryimage\",\"url\":\"https:\\\/\\\/vitablanca.ma\\\/wp-content\\\/uploads\\\/2025\\\/09\\\/Now-Foods-Sports-L-Glutamine-1000-mg-240-Capsules.jpg\",\"contentUrl\":\"https:\\\/\\\/vitablanca.ma\\\/wp-content\\\/uploads\\\/2025\\\/09\\\/Now-Foods-Sports-L-Glutamine-1000-mg-240-Capsules.jpg\",\"width\":680,\"height\":680},{\"@type\":\"BreadcrumbList\",\"@id\":\"https:\\\/\\\/vitablanca.ma\\\/produit\\\/now-foods-sports-l-glutamine-1000-mg-240-capsules\\\/#breadcrumb\",\"itemListElement\":[{\"@type\":\"ListItem\",\"position\":1,\"name\":\"Home\",\"item\":\"https:\\\/\\\/vitablanca.ma\\\/\"},{\"@type\":\"ListItem\",\"position\":2,\"name\":\"Tous Les Produits\",\"item\":\"https:\\\/\\\/vitablanca.ma\\\/tous-les-produits\\\/\"},{\"@type\":\"ListItem\",\"position\":3,\"name\":\"Now Foods Sports, L-Glutamine, 1,000 mg, 240 Capsules\"}]},{\"@type\":\"WebSite\",\"@id\":\"https:\\\/\\\/vitablanca.ma\\\/#website\",\"url\":\"https:\\\/\\\/vitablanca.ma\\\/\",\"name\":\"VitaBlanca.ma | Compl\u00e9ments alimentaires, sant\u00e9 & beaut\u00e9 au Maroc\",\"description\":\"vendre vitamines et compl\u00e9ments premium des USA &amp; Canada, Nouvelle Z\u00e9lande,Maroc (NOW Foods, Solgar, Manuka). Livraison rapide partout au Maroc.\",\"publisher\":{\"@id\":\"https:\\\/\\\/vitablanca.ma\\\/#organization\"},\"alternateName\":\"VitaBlanca.ma\",\"potentialAction\":[{\"@type\":\"SearchAction\",\"target\":{\"@type\":\"EntryPoint\",\"urlTemplate\":\"https:\\\/\\\/vitablanca.ma\\\/?s={search_term_string}\"},\"query-input\":{\"@type\":\"PropertyValueSpecification\",\"valueRequired\":true,\"valueName\":\"search_term_string\"}}],\"inLanguage\":\"en-US\"},{\"@type\":\"Organization\",\"@id\":\"https:\\\/\\\/vitablanca.ma\\\/#organization\",\"name\":\"VitaBlanca\",\"url\":\"https:\\\/\\\/vitablanca.ma\\\/\",\"logo\":{\"@type\":\"ImageObject\",\"inLanguage\":\"en-US\",\"@id\":\"https:\\\/\\\/vitablanca.ma\\\/#\\\/schema\\\/logo\\\/image\\\/\",\"url\":\"https:\\\/\\\/vitablanca.ma\\\/wp-content\\\/uploads\\\/2025\\\/05\\\/cropped-vitablanca.png\",\"contentUrl\":\"https:\\\/\\\/vitablanca.ma\\\/wp-content\\\/uploads\\\/2025\\\/05\\\/cropped-vitablanca.png\",\"width\":360,\"height\":67,\"caption\":\"VitaBlanca\"},\"image\":{\"@id\":\"https:\\\/\\\/vitablanca.ma\\\/#\\\/schema\\\/logo\\\/image\\\/\"},\"sameAs\":[\"https:\\\/\\\/www.facebook.com\\\/profile.php?id=61576678196717\",\"https:\\\/\\\/www.tiktok.com\\\/@vitablanca.ma\",\"https:\\\/\\\/www.instagram.com\\\/vitablanca.ma\\\/\"]}]}<\/script>\n<!-- \/ Yoast SEO plugin. -->","yoast_head_json":{"title":"Now Foods Sports, L-Glutamine, 1,000 mg, 240 Capsules - Maroc","description":"Am\u00e9liorez votre r\u00e9cup\u00e9ration avec Now Foods Sports L-Glutamine 1,000 mg, 240 capsules. Soutenez vos muscles et votre syst\u00e8me immunitaire apr\u00e8s l'exercice.","robots":{"index":"index","follow":"follow","max-snippet":"max-snippet:-1","max-image-preview":"max-image-preview:large","max-video-preview":"max-video-preview:-1"},"canonical":"https:\/\/vitablanca.ma\/en\/product\/now-foods-sports-l-glutamine-1000-mg-240-capsules\/","og_locale":"en_US","og_type":"article","og_title":"Now Foods Sports, L-Glutamine, 1,000 mg, 240 Capsules - Maroc","og_description":"Am\u00e9liorez votre r\u00e9cup\u00e9ration avec Now Foods Sports L-Glutamine 1,000 mg, 240 capsules. Soutenez vos muscles et votre syst\u00e8me immunitaire apr\u00e8s l'exercice.","og_url":"https:\/\/vitablanca.ma\/en\/product\/now-foods-sports-l-glutamine-1000-mg-240-capsules\/","og_site_name":"Vitablanca.ma &ndash; Sant&eacute;, vitalit&eacute; et bien-&ecirc;tre pour tous les Marocains","article_publisher":"https:\/\/www.facebook.com\/profile.php?id=61576678196717","article_modified_time":"2025-09-22T18:10:01+00:00","og_image":[{"width":680,"height":680,"url":"https:\/\/vitablanca.ma\/wp-content\/uploads\/2025\/09\/Now-Foods-Sports-L-Glutamine-1000-mg-240-Capsules.jpg","type":"image\/jpeg"}],"twitter_card":"summary_large_image","twitter_misc":{"Est. reading time":"2 minutes"},"schema":{"@context":"https:\/\/schema.org","@graph":[{"@type":["WebPage","ItemPage"],"@id":"https:\/\/vitablanca.ma\/produit\/now-foods-sports-l-glutamine-1000-mg-240-capsules\/","url":"https:\/\/vitablanca.ma\/produit\/now-foods-sports-l-glutamine-1000-mg-240-capsules\/","name":"Now Foods Sports, L-Glutamine, 1,000 mg, 240 Capsules - Maroc","isPartOf":{"@id":"https:\/\/vitablanca.ma\/#website"},"primaryImageOfPage":{"@id":"https:\/\/vitablanca.ma\/produit\/now-foods-sports-l-glutamine-1000-mg-240-capsules\/#primaryimage"},"image":{"@id":"https:\/\/vitablanca.ma\/produit\/now-foods-sports-l-glutamine-1000-mg-240-capsules\/#primaryimage"},"thumbnailUrl":"https:\/\/vitablanca.ma\/wp-content\/uploads\/2025\/09\/Now-Foods-Sports-L-Glutamine-1000-mg-240-Capsules.jpg","datePublished":"2025-09-18T01:53:06+00:00","dateModified":"2025-09-22T18:10:01+00:00","description":"Am\u00e9liorez votre r\u00e9cup\u00e9ration avec Now Foods Sports L-Glutamine 1,000 mg, 240 capsules. Soutenez vos muscles et votre syst\u00e8me immunitaire apr\u00e8s l'exercice.","breadcrumb":{"@id":"https:\/\/vitablanca.ma\/produit\/now-foods-sports-l-glutamine-1000-mg-240-capsules\/#breadcrumb"},"inLanguage":"en-US","potentialAction":[{"@type":"ReadAction","target":["https:\/\/vitablanca.ma\/produit\/now-foods-sports-l-glutamine-1000-mg-240-capsules\/"]}]},{"@type":"ImageObject","inLanguage":"en-US","@id":"https:\/\/vitablanca.ma\/produit\/now-foods-sports-l-glutamine-1000-mg-240-capsules\/#primaryimage","url":"https:\/\/vitablanca.ma\/wp-content\/uploads\/2025\/09\/Now-Foods-Sports-L-Glutamine-1000-mg-240-Capsules.jpg","contentUrl":"https:\/\/vitablanca.ma\/wp-content\/uploads\/2025\/09\/Now-Foods-Sports-L-Glutamine-1000-mg-240-Capsules.jpg","width":680,"height":680},{"@type":"BreadcrumbList","@id":"https:\/\/vitablanca.ma\/produit\/now-foods-sports-l-glutamine-1000-mg-240-capsules\/#breadcrumb","itemListElement":[{"@type":"ListItem","position":1,"name":"Home","item":"https:\/\/vitablanca.ma\/"},{"@type":"ListItem","position":2,"name":"Tous Les Produits","item":"https:\/\/vitablanca.ma\/tous-les-produits\/"},{"@type":"ListItem","position":3,"name":"Now Foods Sports, L-Glutamine, 1,000 mg, 240 Capsules"}]},{"@type":"WebSite","@id":"https:\/\/vitablanca.ma\/#website","url":"https:\/\/vitablanca.ma\/","name":"VitaBlanca.ma | Food supplements, health &amp; beauty in Morocco","description":"sell premium vitamins and supplements from USA &amp; Canada, New Zealand, Morocco (NOW Foods, Solgar, Manuka). Fast delivery anywhere in Morocco.","publisher":{"@id":"https:\/\/vitablanca.ma\/#organization"},"alternateName":"VitaBlanca.ma","potentialAction":[{"@type":"SearchAction","target":{"@type":"EntryPoint","urlTemplate":"https:\/\/vitablanca.ma\/?s={search_term_string}"},"query-input":{"@type":"PropertyValueSpecification","valueRequired":true,"valueName":"search_term_string"}}],"inLanguage":"en-US"},{"@type":"Organization","@id":"https:\/\/vitablanca.ma\/#organization","name":"VitaBlanca","url":"https:\/\/vitablanca.ma\/","logo":{"@type":"ImageObject","inLanguage":"en-US","@id":"https:\/\/vitablanca.ma\/#\/schema\/logo\/image\/","url":"https:\/\/vitablanca.ma\/wp-content\/uploads\/2025\/05\/cropped-vitablanca.png","contentUrl":"https:\/\/vitablanca.ma\/wp-content\/uploads\/2025\/05\/cropped-vitablanca.png","width":360,"height":67,"caption":"VitaBlanca"},"image":{"@id":"https:\/\/vitablanca.ma\/#\/schema\/logo\/image\/"},"sameAs":["https:\/\/www.facebook.com\/profile.php?id=61576678196717","https:\/\/www.tiktok.com\/@vitablanca.ma","https:\/\/www.instagram.com\/vitablanca.ma\/"]}]}},"jetpack_sharing_enabled":true,"_links":{"self":[{"href":"https:\/\/vitablanca.ma\/en\/wp-json\/wp\/v2\/product\/25799","targetHints":{"allow":["GET"]}}],"collection":[{"href":"https:\/\/vitablanca.ma\/en\/wp-json\/wp\/v2\/product"}],"about":[{"href":"https:\/\/vitablanca.ma\/en\/wp-json\/wp\/v2\/types\/product"}],"wp:featuredmedia":[{"embeddable":true,"href":"https:\/\/vitablanca.ma\/en\/wp-json\/wp\/v2\/media\/25855"}],"wp:attachment":[{"href":"https:\/\/vitablanca.ma\/en\/wp-json\/wp\/v2\/media?parent=25799"}],"wp:term":[{"taxonomy":"product_brand","embeddable":true,"href":"https:\/\/vitablanca.ma\/en\/wp-json\/wp\/v2\/product_brand?post=25799"},{"taxonomy":"product_cat","embeddable":true,"href":"https:\/\/vitablanca.ma\/en\/wp-json\/wp\/v2\/product_cat?post=25799"},{"taxonomy":"product_tag","embeddable":true,"href":"https:\/\/vitablanca.ma\/en\/wp-json\/wp\/v2\/product_tag?post=25799"}],"curies":[{"name":"wp","href":"https:\/\/api.w.org\/{rel}","templated":true}]}}