{"id":25791,"date":"2025-09-18T01:53:04","date_gmt":"2025-09-18T01:53:04","guid":{"rendered":"https:\/\/vitablanca.ma\/?post_type=product&#038;p=25791"},"modified":"2025-09-22T18:10:03","modified_gmt":"2025-09-22T18:10:03","slug":"solgar-glucosamine-msm-complex-sans-gelatine-120-tablets","status":"publish","type":"product","link":"https:\/\/vitablanca.ma\/en\/product\/solgar-glucosamine-msm-complex-sans-gelatine-120-tablets\/","title":{"rendered":"Solgar Glucosamine MSM Complex Sans Gelatine 120 Tablets"},"content":{"rendered":"<p>Cette formulation apporte une source v\u00e9g\u00e9tarienne de glucosamine pour renforcer naturellement la sant\u00e9 des articulations. De la vitamine C et du mangan\u00e8se sont aussi ajout\u00e9s pour renforcer la production de collag\u00e8ne et les composants sains du cartilage. MSM, une source naturelle de soufre min\u00e9ral, du gingembre et de l&rsquo;\u00e9corce de de saule blanc sont aussi ajout\u00e9s. Ensembe, les ingr\u00e9dients de cette formule aident \u00e0 favoriser la sant\u00e9 de la structure des articulations et la flexibilit\u00e9, qui permettent des mouvements confortables.<\/p>","protected":false},"excerpt":{"rendered":"<ul>\n<li>Without seafood<\/li>\n<li>Favorise des articulations saines<\/li>\n<li>Soutient un mouvement confortable<\/li>\n<li>Sans gluten, sans bl\u00e9, sans produits laitiers<\/li>\n<li>Suitable for a vegan diet<\/li>\n<li>Kosher parve<\/li>\n<li>Food supplement<\/li>\n<li>OptiMSM<\/li>\n<li>Glucosamine Regenasure<\/li>\n<\/ul>","protected":false},"featured_media":25839,"template":"","meta":{"om_disable_all_campaigns":false},"product_brand":[42],"product_cat":[18,3366],"product_tag":[4251,895,4252,4253,4254,4255,4256],"class_list":{"0":"post-25791","1":"product","2":"type-product","3":"status-publish","4":"has-post-thumbnail","6":"product_brand-solgar-prix-maroc","7":"product_cat-beaute-sante","8":"product_cat-complements-alimentaires-au-maroc-vitablanca","9":"product_tag-articulaire","10":"product_tag-complement-articulations","11":"product_tag-complements-articulaires","12":"product_tag-glucosamine-vegetale","13":"product_tag-sans-gelatine","14":"product_tag-sante-du-cartilage","15":"product_tag-solgar-glucosamine-msm","17":"first","18":"instock","19":"taxable","20":"shipping-taxable","21":"purchasable","22":"product-type-simple"},"yoast_head":"<!-- This site is optimized with the Yoast SEO plugin v27.4 - https:\/\/yoast.com\/product\/yoast-seo-wordpress\/ -->\n<title>Solgar Glucosamine MSM Complex 120 Tablets - Maroc Prix<\/title>\n<meta name=\"description\" content=\"Soutenez vos articulations avec Solgar Glucosamine MSM Complex sans g\u00e9latine. 120 comprim\u00e9s pour am\u00e9liorer la mobilit\u00e9 et r\u00e9duire l\u2019inconfort articulaire.\" \/>\n<meta name=\"robots\" content=\"index, follow, max-snippet:-1, max-image-preview:large, max-video-preview:-1\" \/>\n<link rel=\"canonical\" href=\"https:\/\/vitablanca.ma\/en\/product\/solgar-glucosamine-msm-complex-sans-gelatine-120-tablets\/\" \/>\n<meta property=\"og:locale\" content=\"en_US\" \/>\n<meta property=\"og:type\" content=\"article\" \/>\n<meta property=\"og:title\" content=\"Solgar Glucosamine MSM Complex 120 Tablets - Maroc Prix\" \/>\n<meta property=\"og:description\" content=\"Soutenez vos articulations avec Solgar Glucosamine MSM Complex sans g\u00e9latine. 120 comprim\u00e9s pour am\u00e9liorer la mobilit\u00e9 et r\u00e9duire l\u2019inconfort articulaire.\" \/>\n<meta property=\"og:url\" content=\"https:\/\/vitablanca.ma\/en\/product\/solgar-glucosamine-msm-complex-sans-gelatine-120-tablets\/\" \/>\n<meta property=\"og:site_name\" content=\"Vitablanca.ma &ndash; Sant&eacute;, vitalit&eacute; et bien-&ecirc;tre pour tous les Marocains\" \/>\n<meta property=\"article:publisher\" content=\"https:\/\/www.facebook.com\/profile.php?id=61576678196717\" \/>\n<meta property=\"article:modified_time\" content=\"2025-09-22T18:10:03+00:00\" \/>\n<meta property=\"og:image\" content=\"https:\/\/vitablanca.ma\/wp-content\/uploads\/2025\/09\/Sans-fruits-de-mer.jpg\" \/>\n\t<meta property=\"og:image:width\" content=\"680\" \/>\n\t<meta property=\"og:image:height\" content=\"680\" \/>\n\t<meta property=\"og:image:type\" content=\"image\/jpeg\" \/>\n<meta name=\"twitter:card\" content=\"summary_large_image\" \/>\n<meta name=\"twitter:label1\" content=\"Est. reading time\" \/>\n\t<meta name=\"twitter:data1\" content=\"1 minute\" \/>\n<script type=\"application\/ld+json\" class=\"yoast-schema-graph\">{\"@context\":\"https:\\\/\\\/schema.org\",\"@graph\":[{\"@type\":[\"WebPage\",\"ItemPage\"],\"@id\":\"https:\\\/\\\/vitablanca.ma\\\/produit\\\/solgar-glucosamine-msm-complex-sans-gelatine-120-tablets\\\/\",\"url\":\"https:\\\/\\\/vitablanca.ma\\\/produit\\\/solgar-glucosamine-msm-complex-sans-gelatine-120-tablets\\\/\",\"name\":\"Solgar Glucosamine MSM Complex 120 Tablets - Maroc Prix\",\"isPartOf\":{\"@id\":\"https:\\\/\\\/vitablanca.ma\\\/#website\"},\"primaryImageOfPage\":{\"@id\":\"https:\\\/\\\/vitablanca.ma\\\/produit\\\/solgar-glucosamine-msm-complex-sans-gelatine-120-tablets\\\/#primaryimage\"},\"image\":{\"@id\":\"https:\\\/\\\/vitablanca.ma\\\/produit\\\/solgar-glucosamine-msm-complex-sans-gelatine-120-tablets\\\/#primaryimage\"},\"thumbnailUrl\":\"https:\\\/\\\/vitablanca.ma\\\/wp-content\\\/uploads\\\/2025\\\/09\\\/Sans-fruits-de-mer.jpg\",\"datePublished\":\"2025-09-18T01:53:04+00:00\",\"dateModified\":\"2025-09-22T18:10:03+00:00\",\"description\":\"Soutenez vos articulations avec Solgar Glucosamine MSM Complex sans g\u00e9latine. 120 comprim\u00e9s pour am\u00e9liorer la mobilit\u00e9 et r\u00e9duire l\u2019inconfort articulaire.\",\"breadcrumb\":{\"@id\":\"https:\\\/\\\/vitablanca.ma\\\/produit\\\/solgar-glucosamine-msm-complex-sans-gelatine-120-tablets\\\/#breadcrumb\"},\"inLanguage\":\"en-US\",\"potentialAction\":[{\"@type\":\"ReadAction\",\"target\":[\"https:\\\/\\\/vitablanca.ma\\\/produit\\\/solgar-glucosamine-msm-complex-sans-gelatine-120-tablets\\\/\"]}]},{\"@type\":\"ImageObject\",\"inLanguage\":\"en-US\",\"@id\":\"https:\\\/\\\/vitablanca.ma\\\/produit\\\/solgar-glucosamine-msm-complex-sans-gelatine-120-tablets\\\/#primaryimage\",\"url\":\"https:\\\/\\\/vitablanca.ma\\\/wp-content\\\/uploads\\\/2025\\\/09\\\/Sans-fruits-de-mer.jpg\",\"contentUrl\":\"https:\\\/\\\/vitablanca.ma\\\/wp-content\\\/uploads\\\/2025\\\/09\\\/Sans-fruits-de-mer.jpg\",\"width\":680,\"height\":680},{\"@type\":\"BreadcrumbList\",\"@id\":\"https:\\\/\\\/vitablanca.ma\\\/produit\\\/solgar-glucosamine-msm-complex-sans-gelatine-120-tablets\\\/#breadcrumb\",\"itemListElement\":[{\"@type\":\"ListItem\",\"position\":1,\"name\":\"Home\",\"item\":\"https:\\\/\\\/vitablanca.ma\\\/\"},{\"@type\":\"ListItem\",\"position\":2,\"name\":\"Tous Les Produits\",\"item\":\"https:\\\/\\\/vitablanca.ma\\\/tous-les-produits\\\/\"},{\"@type\":\"ListItem\",\"position\":3,\"name\":\"Solgar Glucosamine MSM Complex Sans Gelatine 120 Tablets\"}]},{\"@type\":\"WebSite\",\"@id\":\"https:\\\/\\\/vitablanca.ma\\\/#website\",\"url\":\"https:\\\/\\\/vitablanca.ma\\\/\",\"name\":\"VitaBlanca.ma | Compl\u00e9ments alimentaires, sant\u00e9 & beaut\u00e9 au Maroc\",\"description\":\"vendre vitamines et compl\u00e9ments premium des USA &amp; Canada, Nouvelle Z\u00e9lande,Maroc (NOW Foods, Solgar, Manuka). Livraison rapide partout au Maroc.\",\"publisher\":{\"@id\":\"https:\\\/\\\/vitablanca.ma\\\/#organization\"},\"alternateName\":\"VitaBlanca.ma\",\"potentialAction\":[{\"@type\":\"SearchAction\",\"target\":{\"@type\":\"EntryPoint\",\"urlTemplate\":\"https:\\\/\\\/vitablanca.ma\\\/?s={search_term_string}\"},\"query-input\":{\"@type\":\"PropertyValueSpecification\",\"valueRequired\":true,\"valueName\":\"search_term_string\"}}],\"inLanguage\":\"en-US\"},{\"@type\":\"Organization\",\"@id\":\"https:\\\/\\\/vitablanca.ma\\\/#organization\",\"name\":\"VitaBlanca\",\"url\":\"https:\\\/\\\/vitablanca.ma\\\/\",\"logo\":{\"@type\":\"ImageObject\",\"inLanguage\":\"en-US\",\"@id\":\"https:\\\/\\\/vitablanca.ma\\\/#\\\/schema\\\/logo\\\/image\\\/\",\"url\":\"https:\\\/\\\/vitablanca.ma\\\/wp-content\\\/uploads\\\/2025\\\/05\\\/cropped-vitablanca.png\",\"contentUrl\":\"https:\\\/\\\/vitablanca.ma\\\/wp-content\\\/uploads\\\/2025\\\/05\\\/cropped-vitablanca.png\",\"width\":360,\"height\":67,\"caption\":\"VitaBlanca\"},\"image\":{\"@id\":\"https:\\\/\\\/vitablanca.ma\\\/#\\\/schema\\\/logo\\\/image\\\/\"},\"sameAs\":[\"https:\\\/\\\/www.facebook.com\\\/profile.php?id=61576678196717\",\"https:\\\/\\\/www.tiktok.com\\\/@vitablanca.ma\",\"https:\\\/\\\/www.instagram.com\\\/vitablanca.ma\\\/\"]}]}<\/script>\n<!-- \/ Yoast SEO plugin. -->","yoast_head_json":{"title":"Solgar Glucosamine MSM Complex 120 Tablets - Maroc Prix","description":"Soutenez vos articulations avec Solgar Glucosamine MSM Complex sans g\u00e9latine. 120 comprim\u00e9s pour am\u00e9liorer la mobilit\u00e9 et r\u00e9duire l\u2019inconfort articulaire.","robots":{"index":"index","follow":"follow","max-snippet":"max-snippet:-1","max-image-preview":"max-image-preview:large","max-video-preview":"max-video-preview:-1"},"canonical":"https:\/\/vitablanca.ma\/en\/product\/solgar-glucosamine-msm-complex-sans-gelatine-120-tablets\/","og_locale":"en_US","og_type":"article","og_title":"Solgar Glucosamine MSM Complex 120 Tablets - Maroc Prix","og_description":"Soutenez vos articulations avec Solgar Glucosamine MSM Complex sans g\u00e9latine. 120 comprim\u00e9s pour am\u00e9liorer la mobilit\u00e9 et r\u00e9duire l\u2019inconfort articulaire.","og_url":"https:\/\/vitablanca.ma\/en\/product\/solgar-glucosamine-msm-complex-sans-gelatine-120-tablets\/","og_site_name":"Vitablanca.ma &ndash; Sant&eacute;, vitalit&eacute; et bien-&ecirc;tre pour tous les Marocains","article_publisher":"https:\/\/www.facebook.com\/profile.php?id=61576678196717","article_modified_time":"2025-09-22T18:10:03+00:00","og_image":[{"width":680,"height":680,"url":"https:\/\/vitablanca.ma\/wp-content\/uploads\/2025\/09\/Sans-fruits-de-mer.jpg","type":"image\/jpeg"}],"twitter_card":"summary_large_image","twitter_misc":{"Est. reading time":"1 minute"},"schema":{"@context":"https:\/\/schema.org","@graph":[{"@type":["WebPage","ItemPage"],"@id":"https:\/\/vitablanca.ma\/produit\/solgar-glucosamine-msm-complex-sans-gelatine-120-tablets\/","url":"https:\/\/vitablanca.ma\/produit\/solgar-glucosamine-msm-complex-sans-gelatine-120-tablets\/","name":"Solgar Glucosamine MSM Complex 120 Tablets - Maroc Prix","isPartOf":{"@id":"https:\/\/vitablanca.ma\/#website"},"primaryImageOfPage":{"@id":"https:\/\/vitablanca.ma\/produit\/solgar-glucosamine-msm-complex-sans-gelatine-120-tablets\/#primaryimage"},"image":{"@id":"https:\/\/vitablanca.ma\/produit\/solgar-glucosamine-msm-complex-sans-gelatine-120-tablets\/#primaryimage"},"thumbnailUrl":"https:\/\/vitablanca.ma\/wp-content\/uploads\/2025\/09\/Sans-fruits-de-mer.jpg","datePublished":"2025-09-18T01:53:04+00:00","dateModified":"2025-09-22T18:10:03+00:00","description":"Soutenez vos articulations avec Solgar Glucosamine MSM Complex sans g\u00e9latine. 120 comprim\u00e9s pour am\u00e9liorer la mobilit\u00e9 et r\u00e9duire l\u2019inconfort articulaire.","breadcrumb":{"@id":"https:\/\/vitablanca.ma\/produit\/solgar-glucosamine-msm-complex-sans-gelatine-120-tablets\/#breadcrumb"},"inLanguage":"en-US","potentialAction":[{"@type":"ReadAction","target":["https:\/\/vitablanca.ma\/produit\/solgar-glucosamine-msm-complex-sans-gelatine-120-tablets\/"]}]},{"@type":"ImageObject","inLanguage":"en-US","@id":"https:\/\/vitablanca.ma\/produit\/solgar-glucosamine-msm-complex-sans-gelatine-120-tablets\/#primaryimage","url":"https:\/\/vitablanca.ma\/wp-content\/uploads\/2025\/09\/Sans-fruits-de-mer.jpg","contentUrl":"https:\/\/vitablanca.ma\/wp-content\/uploads\/2025\/09\/Sans-fruits-de-mer.jpg","width":680,"height":680},{"@type":"BreadcrumbList","@id":"https:\/\/vitablanca.ma\/produit\/solgar-glucosamine-msm-complex-sans-gelatine-120-tablets\/#breadcrumb","itemListElement":[{"@type":"ListItem","position":1,"name":"Home","item":"https:\/\/vitablanca.ma\/"},{"@type":"ListItem","position":2,"name":"Tous Les Produits","item":"https:\/\/vitablanca.ma\/tous-les-produits\/"},{"@type":"ListItem","position":3,"name":"Solgar Glucosamine MSM Complex Sans Gelatine 120 Tablets"}]},{"@type":"WebSite","@id":"https:\/\/vitablanca.ma\/#website","url":"https:\/\/vitablanca.ma\/","name":"VitaBlanca.ma | Food supplements, health &amp; beauty in Morocco","description":"sell premium vitamins and supplements from USA &amp; Canada, New Zealand, Morocco (NOW Foods, Solgar, Manuka). Fast delivery anywhere in Morocco.","publisher":{"@id":"https:\/\/vitablanca.ma\/#organization"},"alternateName":"VitaBlanca.ma","potentialAction":[{"@type":"SearchAction","target":{"@type":"EntryPoint","urlTemplate":"https:\/\/vitablanca.ma\/?s={search_term_string}"},"query-input":{"@type":"PropertyValueSpecification","valueRequired":true,"valueName":"search_term_string"}}],"inLanguage":"en-US"},{"@type":"Organization","@id":"https:\/\/vitablanca.ma\/#organization","name":"VitaBlanca","url":"https:\/\/vitablanca.ma\/","logo":{"@type":"ImageObject","inLanguage":"en-US","@id":"https:\/\/vitablanca.ma\/#\/schema\/logo\/image\/","url":"https:\/\/vitablanca.ma\/wp-content\/uploads\/2025\/05\/cropped-vitablanca.png","contentUrl":"https:\/\/vitablanca.ma\/wp-content\/uploads\/2025\/05\/cropped-vitablanca.png","width":360,"height":67,"caption":"VitaBlanca"},"image":{"@id":"https:\/\/vitablanca.ma\/#\/schema\/logo\/image\/"},"sameAs":["https:\/\/www.facebook.com\/profile.php?id=61576678196717","https:\/\/www.tiktok.com\/@vitablanca.ma","https:\/\/www.instagram.com\/vitablanca.ma\/"]}]}},"jetpack_sharing_enabled":true,"_links":{"self":[{"href":"https:\/\/vitablanca.ma\/en\/wp-json\/wp\/v2\/product\/25791","targetHints":{"allow":["GET"]}}],"collection":[{"href":"https:\/\/vitablanca.ma\/en\/wp-json\/wp\/v2\/product"}],"about":[{"href":"https:\/\/vitablanca.ma\/en\/wp-json\/wp\/v2\/types\/product"}],"wp:featuredmedia":[{"embeddable":true,"href":"https:\/\/vitablanca.ma\/en\/wp-json\/wp\/v2\/media\/25839"}],"wp:attachment":[{"href":"https:\/\/vitablanca.ma\/en\/wp-json\/wp\/v2\/media?parent=25791"}],"wp:term":[{"taxonomy":"product_brand","embeddable":true,"href":"https:\/\/vitablanca.ma\/en\/wp-json\/wp\/v2\/product_brand?post=25791"},{"taxonomy":"product_cat","embeddable":true,"href":"https:\/\/vitablanca.ma\/en\/wp-json\/wp\/v2\/product_cat?post=25791"},{"taxonomy":"product_tag","embeddable":true,"href":"https:\/\/vitablanca.ma\/en\/wp-json\/wp\/v2\/product_tag?post=25791"}],"curies":[{"name":"wp","href":"https:\/\/api.w.org\/{rel}","templated":true}]}}