{"id":25753,"date":"2025-09-18T01:52:40","date_gmt":"2025-09-18T01:52:40","guid":{"rendered":"https:\/\/vitablanca.ma\/?post_type=product&#038;p=25753"},"modified":"2026-02-25T03:55:03","modified_gmt":"2026-02-25T03:55:03","slug":"nutricost-shilajit-1000-mg-120-capsules-500-mg-par-capsule","status":"publish","type":"product","link":"https:\/\/vitablanca.ma\/en\/product\/nutricost-shilajit-1000-mg-120-capsules-500-mg-par-capsule\/","title":{"rendered":"Nutricost Shilajit 1000 mg 120 capsules"},"content":{"rendered":"<p>Haute efficacit\u00e9\u00a0: Chaque portion de capsules d&rsquo;extrait de shilajit Nutricost contient 1000\u00a0mg d&rsquo;extrait de shilajit, garantissant une dose puissante et concentr\u00e9e de cet ingr\u00e9dient ayurv\u00e9dique traditionnel.<\/p>\n<h3><strong>Suggested Use<\/strong><\/h3>\n<p>En tant que compl\u00e9ment alimentaire, prenez 2\u00a0capsules par jour avec 240 \u00e0 350\u00a0ml d&rsquo;eau ou suivez les instructions de votre professionnel de la sant\u00e9.<\/p>","protected":false},"excerpt":{"rendered":"<ul>\n<li>1000\u00a0mg par portion<\/li>\n<li>Avec de l&rsquo;acide fulvique d&rsquo;origine naturelle<\/li>\n<li>Food supplement<\/li>\n<li>Qualit\u00e9 Nutricost\u00ae garantie<\/li>\n<li>Produit vegan sans animaux<\/li>\n<li>\u00c9tablissement respectant les BPF<\/li>\n<li>Produit sans OGM<\/li>\n<li>Test\u00e9 par un organisme ind\u00e9pendant<\/li>\n<li>Gluten free<\/li>\n<\/ul>","protected":false},"featured_media":25826,"template":"","meta":{"om_disable_all_campaigns":false},"product_brand":[3310],"product_cat":[18,3366],"product_tag":[4226,4227,4228,4229,4230],"class_list":{"0":"post-25753","1":"product","2":"type-product","3":"status-publish","4":"has-post-thumbnail","6":"product_brand-nutricost-maroc-prix","7":"product_cat-beaute-sante","8":"product_cat-complements-alimentaires-au-maroc-vitablanca","9":"product_tag-complement-ayurvedique-energie-shilajit","10":"product_tag-nutricost-shilajit-1000-mg-120-capsules","11":"product_tag-shilajit-500-mg-capsule-nutricost","12":"product_tag-shilajit-energie-vitalite-nutricost-maroc","13":"product_tag-shilajit-vegan-sans-gluten-nutricost","15":"first","16":"instock","17":"sale","18":"taxable","19":"shipping-taxable","20":"purchasable","21":"product-type-simple"},"yoast_head":"<!-- This site is optimized with the Yoast SEO plugin v27.3 - https:\/\/yoast.com\/product\/yoast-seo-wordpress\/ -->\n<title>Nutricost Shilajit 1000 mg 120 Capsules - Maroc Prix<\/title>\n<meta name=\"description\" content=\"Am\u00e9liorez votre vitalit\u00e9 et endurance avec Nutricost Shilajit, 1000 mg par portion (500 mg par capsule). pour soutenir l&#039;\u00e9nergie et la performance.\" \/>\n<meta name=\"robots\" content=\"index, follow, max-snippet:-1, max-image-preview:large, max-video-preview:-1\" \/>\n<link rel=\"canonical\" href=\"https:\/\/vitablanca.ma\/en\/product\/nutricost-shilajit-1000-mg-120-capsules-500-mg-par-capsule\/\" \/>\n<meta property=\"og:locale\" content=\"en_US\" \/>\n<meta property=\"og:type\" content=\"article\" \/>\n<meta property=\"og:title\" content=\"Nutricost Shilajit 1000 mg 120 Capsules - Maroc Prix\" \/>\n<meta property=\"og:description\" content=\"Am\u00e9liorez votre vitalit\u00e9 et endurance avec Nutricost Shilajit, 1000 mg par portion (500 mg par capsule). pour soutenir l&#039;\u00e9nergie et la performance.\" \/>\n<meta property=\"og:url\" content=\"https:\/\/vitablanca.ma\/en\/product\/nutricost-shilajit-1000-mg-120-capsules-500-mg-par-capsule\/\" \/>\n<meta property=\"og:site_name\" content=\"Vitablanca.ma &ndash; Sant&eacute;, vitalit&eacute; et bien-&ecirc;tre pour tous les Marocains\" \/>\n<meta property=\"article:publisher\" content=\"https:\/\/www.facebook.com\/profile.php?id=61576678196717\" \/>\n<meta property=\"article:modified_time\" content=\"2026-02-25T03:55:03+00:00\" \/>\n<meta property=\"og:image\" content=\"https:\/\/vitablanca.ma\/wp-content\/uploads\/2025\/09\/Nutricost-Shilajit-1000-mg-120-capsules-500-mg-par-capsule.jpg\" \/>\n\t<meta property=\"og:image:width\" content=\"680\" \/>\n\t<meta property=\"og:image:height\" content=\"680\" \/>\n\t<meta property=\"og:image:type\" content=\"image\/jpeg\" \/>\n<meta name=\"twitter:card\" content=\"summary_large_image\" \/>\n<meta name=\"twitter:label1\" content=\"Est. reading time\" \/>\n\t<meta name=\"twitter:data1\" content=\"1 minute\" \/>\n<script type=\"application\/ld+json\" class=\"yoast-schema-graph\">{\"@context\":\"https:\\\/\\\/schema.org\",\"@graph\":[{\"@type\":[\"WebPage\",\"ItemPage\"],\"@id\":\"https:\\\/\\\/vitablanca.ma\\\/produit\\\/nutricost-shilajit-1000-mg-120-capsules-500-mg-par-capsule\\\/\",\"url\":\"https:\\\/\\\/vitablanca.ma\\\/produit\\\/nutricost-shilajit-1000-mg-120-capsules-500-mg-par-capsule\\\/\",\"name\":\"Nutricost Shilajit 1000 mg 120 Capsules - Maroc Prix\",\"isPartOf\":{\"@id\":\"https:\\\/\\\/vitablanca.ma\\\/#website\"},\"primaryImageOfPage\":{\"@id\":\"https:\\\/\\\/vitablanca.ma\\\/produit\\\/nutricost-shilajit-1000-mg-120-capsules-500-mg-par-capsule\\\/#primaryimage\"},\"image\":{\"@id\":\"https:\\\/\\\/vitablanca.ma\\\/produit\\\/nutricost-shilajit-1000-mg-120-capsules-500-mg-par-capsule\\\/#primaryimage\"},\"thumbnailUrl\":\"https:\\\/\\\/vitablanca.ma\\\/wp-content\\\/uploads\\\/2025\\\/09\\\/Nutricost-Shilajit-1000-mg-120-capsules-500-mg-par-capsule.jpg\",\"datePublished\":\"2025-09-18T01:52:40+00:00\",\"dateModified\":\"2026-02-25T03:55:03+00:00\",\"description\":\"Am\u00e9liorez votre vitalit\u00e9 et endurance avec Nutricost Shilajit, 1000 mg par portion (500 mg par capsule). pour soutenir l'\u00e9nergie et la performance.\",\"breadcrumb\":{\"@id\":\"https:\\\/\\\/vitablanca.ma\\\/produit\\\/nutricost-shilajit-1000-mg-120-capsules-500-mg-par-capsule\\\/#breadcrumb\"},\"inLanguage\":\"en-US\",\"potentialAction\":[{\"@type\":\"ReadAction\",\"target\":[\"https:\\\/\\\/vitablanca.ma\\\/produit\\\/nutricost-shilajit-1000-mg-120-capsules-500-mg-par-capsule\\\/\"]}]},{\"@type\":\"ImageObject\",\"inLanguage\":\"en-US\",\"@id\":\"https:\\\/\\\/vitablanca.ma\\\/produit\\\/nutricost-shilajit-1000-mg-120-capsules-500-mg-par-capsule\\\/#primaryimage\",\"url\":\"https:\\\/\\\/vitablanca.ma\\\/wp-content\\\/uploads\\\/2025\\\/09\\\/Nutricost-Shilajit-1000-mg-120-capsules-500-mg-par-capsule.jpg\",\"contentUrl\":\"https:\\\/\\\/vitablanca.ma\\\/wp-content\\\/uploads\\\/2025\\\/09\\\/Nutricost-Shilajit-1000-mg-120-capsules-500-mg-par-capsule.jpg\",\"width\":680,\"height\":680},{\"@type\":\"BreadcrumbList\",\"@id\":\"https:\\\/\\\/vitablanca.ma\\\/produit\\\/nutricost-shilajit-1000-mg-120-capsules-500-mg-par-capsule\\\/#breadcrumb\",\"itemListElement\":[{\"@type\":\"ListItem\",\"position\":1,\"name\":\"Home\",\"item\":\"https:\\\/\\\/vitablanca.ma\\\/\"},{\"@type\":\"ListItem\",\"position\":2,\"name\":\"Tous Les Produits\",\"item\":\"https:\\\/\\\/vitablanca.ma\\\/tous-les-produits\\\/\"},{\"@type\":\"ListItem\",\"position\":3,\"name\":\"Nutricost Shilajit 1000 mg 120 capsules\"}]},{\"@type\":\"WebSite\",\"@id\":\"https:\\\/\\\/vitablanca.ma\\\/#website\",\"url\":\"https:\\\/\\\/vitablanca.ma\\\/\",\"name\":\"VitaBlanca.ma | Compl\u00e9ments alimentaires, sant\u00e9 & beaut\u00e9 au Maroc\",\"description\":\"vendre vitamines et compl\u00e9ments premium des USA &amp; Canada, Nouvelle Z\u00e9lande,Maroc (NOW Foods, Solgar, Manuka). Livraison rapide partout au Maroc.\",\"publisher\":{\"@id\":\"https:\\\/\\\/vitablanca.ma\\\/#organization\"},\"alternateName\":\"VitaBlanca.ma\",\"potentialAction\":[{\"@type\":\"SearchAction\",\"target\":{\"@type\":\"EntryPoint\",\"urlTemplate\":\"https:\\\/\\\/vitablanca.ma\\\/?s={search_term_string}\"},\"query-input\":{\"@type\":\"PropertyValueSpecification\",\"valueRequired\":true,\"valueName\":\"search_term_string\"}}],\"inLanguage\":\"en-US\"},{\"@type\":\"Organization\",\"@id\":\"https:\\\/\\\/vitablanca.ma\\\/#organization\",\"name\":\"VitaBlanca\",\"url\":\"https:\\\/\\\/vitablanca.ma\\\/\",\"logo\":{\"@type\":\"ImageObject\",\"inLanguage\":\"en-US\",\"@id\":\"https:\\\/\\\/vitablanca.ma\\\/#\\\/schema\\\/logo\\\/image\\\/\",\"url\":\"https:\\\/\\\/vitablanca.ma\\\/wp-content\\\/uploads\\\/2025\\\/05\\\/cropped-vitablanca.png\",\"contentUrl\":\"https:\\\/\\\/vitablanca.ma\\\/wp-content\\\/uploads\\\/2025\\\/05\\\/cropped-vitablanca.png\",\"width\":360,\"height\":67,\"caption\":\"VitaBlanca\"},\"image\":{\"@id\":\"https:\\\/\\\/vitablanca.ma\\\/#\\\/schema\\\/logo\\\/image\\\/\"},\"sameAs\":[\"https:\\\/\\\/www.facebook.com\\\/profile.php?id=61576678196717\",\"https:\\\/\\\/www.tiktok.com\\\/@vitablanca.ma\",\"https:\\\/\\\/www.instagram.com\\\/vitablanca.ma\\\/\"]}]}<\/script>\n<!-- \/ Yoast SEO plugin. -->","yoast_head_json":{"title":"Nutricost Shilajit 1000 mg 120 Capsules - Maroc Prix","description":"Am\u00e9liorez votre vitalit\u00e9 et endurance avec Nutricost Shilajit, 1000 mg par portion (500 mg par capsule). pour soutenir l'\u00e9nergie et la performance.","robots":{"index":"index","follow":"follow","max-snippet":"max-snippet:-1","max-image-preview":"max-image-preview:large","max-video-preview":"max-video-preview:-1"},"canonical":"https:\/\/vitablanca.ma\/en\/product\/nutricost-shilajit-1000-mg-120-capsules-500-mg-par-capsule\/","og_locale":"en_US","og_type":"article","og_title":"Nutricost Shilajit 1000 mg 120 Capsules - Maroc Prix","og_description":"Am\u00e9liorez votre vitalit\u00e9 et endurance avec Nutricost Shilajit, 1000 mg par portion (500 mg par capsule). pour soutenir l'\u00e9nergie et la performance.","og_url":"https:\/\/vitablanca.ma\/en\/product\/nutricost-shilajit-1000-mg-120-capsules-500-mg-par-capsule\/","og_site_name":"Vitablanca.ma &ndash; Sant&eacute;, vitalit&eacute; et bien-&ecirc;tre pour tous les Marocains","article_publisher":"https:\/\/www.facebook.com\/profile.php?id=61576678196717","article_modified_time":"2026-02-25T03:55:03+00:00","og_image":[{"width":680,"height":680,"url":"https:\/\/vitablanca.ma\/wp-content\/uploads\/2025\/09\/Nutricost-Shilajit-1000-mg-120-capsules-500-mg-par-capsule.jpg","type":"image\/jpeg"}],"twitter_card":"summary_large_image","twitter_misc":{"Est. reading time":"1 minute"},"schema":{"@context":"https:\/\/schema.org","@graph":[{"@type":["WebPage","ItemPage"],"@id":"https:\/\/vitablanca.ma\/produit\/nutricost-shilajit-1000-mg-120-capsules-500-mg-par-capsule\/","url":"https:\/\/vitablanca.ma\/produit\/nutricost-shilajit-1000-mg-120-capsules-500-mg-par-capsule\/","name":"Nutricost Shilajit 1000 mg 120 Capsules - Maroc Prix","isPartOf":{"@id":"https:\/\/vitablanca.ma\/#website"},"primaryImageOfPage":{"@id":"https:\/\/vitablanca.ma\/produit\/nutricost-shilajit-1000-mg-120-capsules-500-mg-par-capsule\/#primaryimage"},"image":{"@id":"https:\/\/vitablanca.ma\/produit\/nutricost-shilajit-1000-mg-120-capsules-500-mg-par-capsule\/#primaryimage"},"thumbnailUrl":"https:\/\/vitablanca.ma\/wp-content\/uploads\/2025\/09\/Nutricost-Shilajit-1000-mg-120-capsules-500-mg-par-capsule.jpg","datePublished":"2025-09-18T01:52:40+00:00","dateModified":"2026-02-25T03:55:03+00:00","description":"Am\u00e9liorez votre vitalit\u00e9 et endurance avec Nutricost Shilajit, 1000 mg par portion (500 mg par capsule). pour soutenir l'\u00e9nergie et la performance.","breadcrumb":{"@id":"https:\/\/vitablanca.ma\/produit\/nutricost-shilajit-1000-mg-120-capsules-500-mg-par-capsule\/#breadcrumb"},"inLanguage":"en-US","potentialAction":[{"@type":"ReadAction","target":["https:\/\/vitablanca.ma\/produit\/nutricost-shilajit-1000-mg-120-capsules-500-mg-par-capsule\/"]}]},{"@type":"ImageObject","inLanguage":"en-US","@id":"https:\/\/vitablanca.ma\/produit\/nutricost-shilajit-1000-mg-120-capsules-500-mg-par-capsule\/#primaryimage","url":"https:\/\/vitablanca.ma\/wp-content\/uploads\/2025\/09\/Nutricost-Shilajit-1000-mg-120-capsules-500-mg-par-capsule.jpg","contentUrl":"https:\/\/vitablanca.ma\/wp-content\/uploads\/2025\/09\/Nutricost-Shilajit-1000-mg-120-capsules-500-mg-par-capsule.jpg","width":680,"height":680},{"@type":"BreadcrumbList","@id":"https:\/\/vitablanca.ma\/produit\/nutricost-shilajit-1000-mg-120-capsules-500-mg-par-capsule\/#breadcrumb","itemListElement":[{"@type":"ListItem","position":1,"name":"Home","item":"https:\/\/vitablanca.ma\/"},{"@type":"ListItem","position":2,"name":"Tous Les Produits","item":"https:\/\/vitablanca.ma\/tous-les-produits\/"},{"@type":"ListItem","position":3,"name":"Nutricost Shilajit 1000 mg 120 capsules"}]},{"@type":"WebSite","@id":"https:\/\/vitablanca.ma\/#website","url":"https:\/\/vitablanca.ma\/","name":"VitaBlanca.ma | Food supplements, health &amp; beauty in Morocco","description":"sell premium vitamins and supplements from USA &amp; Canada, New Zealand, Morocco (NOW Foods, Solgar, Manuka). Fast delivery anywhere in Morocco.","publisher":{"@id":"https:\/\/vitablanca.ma\/#organization"},"alternateName":"VitaBlanca.ma","potentialAction":[{"@type":"SearchAction","target":{"@type":"EntryPoint","urlTemplate":"https:\/\/vitablanca.ma\/?s={search_term_string}"},"query-input":{"@type":"PropertyValueSpecification","valueRequired":true,"valueName":"search_term_string"}}],"inLanguage":"en-US"},{"@type":"Organization","@id":"https:\/\/vitablanca.ma\/#organization","name":"VitaBlanca","url":"https:\/\/vitablanca.ma\/","logo":{"@type":"ImageObject","inLanguage":"en-US","@id":"https:\/\/vitablanca.ma\/#\/schema\/logo\/image\/","url":"https:\/\/vitablanca.ma\/wp-content\/uploads\/2025\/05\/cropped-vitablanca.png","contentUrl":"https:\/\/vitablanca.ma\/wp-content\/uploads\/2025\/05\/cropped-vitablanca.png","width":360,"height":67,"caption":"VitaBlanca"},"image":{"@id":"https:\/\/vitablanca.ma\/#\/schema\/logo\/image\/"},"sameAs":["https:\/\/www.facebook.com\/profile.php?id=61576678196717","https:\/\/www.tiktok.com\/@vitablanca.ma","https:\/\/www.instagram.com\/vitablanca.ma\/"]}]}},"jetpack_sharing_enabled":true,"_links":{"self":[{"href":"https:\/\/vitablanca.ma\/en\/wp-json\/wp\/v2\/product\/25753","targetHints":{"allow":["GET"]}}],"collection":[{"href":"https:\/\/vitablanca.ma\/en\/wp-json\/wp\/v2\/product"}],"about":[{"href":"https:\/\/vitablanca.ma\/en\/wp-json\/wp\/v2\/types\/product"}],"wp:featuredmedia":[{"embeddable":true,"href":"https:\/\/vitablanca.ma\/en\/wp-json\/wp\/v2\/media\/25826"}],"wp:attachment":[{"href":"https:\/\/vitablanca.ma\/en\/wp-json\/wp\/v2\/media?parent=25753"}],"wp:term":[{"taxonomy":"product_brand","embeddable":true,"href":"https:\/\/vitablanca.ma\/en\/wp-json\/wp\/v2\/product_brand?post=25753"},{"taxonomy":"product_cat","embeddable":true,"href":"https:\/\/vitablanca.ma\/en\/wp-json\/wp\/v2\/product_cat?post=25753"},{"taxonomy":"product_tag","embeddable":true,"href":"https:\/\/vitablanca.ma\/en\/wp-json\/wp\/v2\/product_tag?post=25753"}],"curies":[{"name":"wp","href":"https:\/\/api.w.org\/{rel}","templated":true}]}}