{"id":25751,"date":"2025-09-18T01:52:40","date_gmt":"2025-09-18T01:52:40","guid":{"rendered":"https:\/\/vitablanca.ma\/?post_type=product&#038;p=25751"},"modified":"2025-09-22T18:10:04","modified_gmt":"2025-09-22T18:10:04","slug":"solgar-glucosamine-msm-complex-120-tablets","status":"publish","type":"product","link":"https:\/\/vitablanca.ma\/en\/product\/solgar-glucosamine-msm-complex-120-tablets\/","title":{"rendered":"Solgar Glucosamine MSM Complex, 120 Tablets"},"content":{"rendered":"<p>Cette formule fournit de la glucosamine d\u2019origine v\u00e9g\u00e9tarienne pour soutenir nutritionnellement la sant\u00e9 des articulations. La vitamine C et le mangan\u00e8se sont \u00e9galement inclus pour soutenir la production de collag\u00e8ne et de composants sains du cartilage. Le m\u00e9thyl-sulfonyl-m\u00e9thane, une source naturelle du soufre min\u00e9ral important, le gingembre et l\u2019\u00e9corce de saule blanc, sont \u00e9galement inclus. Collectivement, les ingr\u00e9dients contenus dans cette formule contribuent \u00e0 promouvoir une structure et une flexibilit\u00e9 articulaires saines, ce qui renforce le confort des mouvements.<\/p>\n<p>Les r\u00e9sultats peuvent varier en fonction des individus.<\/p>\n<p>Suggested Use<br \/>\nEn compl\u00e9ment alimentaire chez l\u2019adulte, prenez trois (3) comprim\u00e9s par jour, de pr\u00e9f\u00e9rence durant un repas ou tel que prescrit par un professionnel de la sant\u00e9.<\/p>\n<p>Other ingredients<br \/>\nCellulose microcristalline, cellulose v\u00e9g\u00e9tale, silice, st\u00e9arate de magn\u00e9sium v\u00e9g\u00e9tal, glyc\u00e9rol v\u00e9g\u00e9tal.<\/p>\n<p>Sans : gluten, bl\u00e9, produits laitiers, soja, levure, sucre, sodium, ar\u00f4me, \u00e9dulcorants, conservateurs et colorants artificiels.<\/p>\n<p>Warnings<br \/>\nSi vous \u00eates enceinte, allaitez, prenez des m\u00e9dicaments, y compris des anticoagulants, ou souffrez d\u2019une affection m\u00e9dicale, consultez votre professionnel de la sant\u00e9 avant la prise de compl\u00e9ments alimentaires. L\u2019extrait d\u2019\u00e9corce de saule est un ingr\u00e9dient naturel que le corps reconna\u00eet comme l\u2019aspirine. Si vous \u00eates allergique \u00e0 l\u2019aspirine, consultez votre m\u00e9decin avant d\u2019utiliser ce produit. Cessez l\u2019utilisation et consultez votre professionnel de la sant\u00e9 en cas d\u2019effets ind\u00e9sirables. Ce produit n\u2019a pas \u00e9t\u00e9 con\u00e7u pour \u00eatre utilis\u00e9 par les personnes de moins de 18 ans. Tenir hors de port\u00e9e des enfants. Conserver \u00e0 temp\u00e9rature ambiante. Ne pas utiliser si l\u2019emballage blister est manquant ou ab\u00eem\u00e9.<\/p>\n<p>En raison de la variation naturelle des mati\u00e8res premi\u00e8res, la couleur et l\u2019apparence des comprim\u00e9s peuvent varier d\u2019un lot \u00e0 l\u2019autre.<\/p>","protected":false},"excerpt":{"rendered":"<ul>\n<li>Depuis\u00a01947<\/li>\n<li>Without seafood<\/li>\n<li>Promotes joint health<\/li>\n<li>Contribue au confort des mouvements<\/li>\n<li>Certifi\u00e9e sans gluten<\/li>\n<li>Sans bl\u00e9 ni produits laitiers<\/li>\n<li>Suitable for vegans<\/li>\n<li>Casher parev\u00e9<\/li>\n<li>Food supplement<\/li>\n<li>OptiMSM\u00ae<\/li>\n<\/ul>","protected":false},"featured_media":25822,"template":"","meta":{"om_disable_all_campaigns":false},"product_brand":[42],"product_cat":[18,3366],"product_tag":[4216,4217,4218,4219,4220],"class_list":{"0":"post-25751","1":"product","2":"type-product","3":"status-publish","4":"has-post-thumbnail","6":"product_brand-solgar-prix-maroc","7":"product_cat-beaute-sante","8":"product_cat-complements-alimentaires-au-maroc-vitablanca","9":"product_tag-glucosamine-msm-vitamine-c-solgar","10":"product_tag-glucosamine-vegetarienne-sans-crustaces-solgar","11":"product_tag-mobilite-articulaire-naturelles-solgar-msm","12":"product_tag-solgar-glucosamine-msm-complex-120-tablets","13":"product_tag-soutien-articulaire-solgar-maroc","15":"first","16":"instock","17":"sale","18":"taxable","19":"shipping-taxable","20":"purchasable","21":"product-type-simple"},"yoast_head":"<!-- This site is optimized with the Yoast SEO plugin v27.5 - https:\/\/yoast.com\/product\/yoast-seo-wordpress\/ -->\n<title>Solgar Glucosamine MSM Complex, 120 Tablets - Maroc Prix<\/title>\n<meta name=\"description\" content=\"Soutenez la sant\u00e9 de vos articulations et am\u00e9liorez votre mobilit\u00e9 avec Solgar Glucosamine MSM Complex. 120 comprim\u00e9s pour un confort articulaire optimal.\" \/>\n<meta name=\"robots\" content=\"index, follow, max-snippet:-1, max-image-preview:large, max-video-preview:-1\" \/>\n<link rel=\"canonical\" href=\"https:\/\/vitablanca.ma\/en\/product\/solgar-glucosamine-msm-complex-120-tablets\/\" \/>\n<meta property=\"og:locale\" content=\"en_US\" \/>\n<meta property=\"og:type\" content=\"article\" \/>\n<meta property=\"og:title\" content=\"Solgar Glucosamine MSM Complex, 120 Tablets - Maroc Prix\" \/>\n<meta property=\"og:description\" content=\"Soutenez la sant\u00e9 de vos articulations et am\u00e9liorez votre mobilit\u00e9 avec Solgar Glucosamine MSM Complex. 120 comprim\u00e9s pour un confort articulaire optimal.\" \/>\n<meta property=\"og:url\" content=\"https:\/\/vitablanca.ma\/en\/product\/solgar-glucosamine-msm-complex-120-tablets\/\" \/>\n<meta property=\"og:site_name\" content=\"Vitablanca.ma &ndash; Sant&eacute;, vitalit&eacute; et bien-&ecirc;tre pour tous les Marocains\" \/>\n<meta property=\"article:publisher\" content=\"https:\/\/www.facebook.com\/profile.php?id=61576678196717\" \/>\n<meta property=\"article:modified_time\" content=\"2025-09-22T18:10:04+00:00\" \/>\n<meta property=\"og:image\" content=\"https:\/\/vitablanca.ma\/wp-content\/uploads\/2025\/09\/Solgar-Glucosamine-MSM-Complex-120-Tablets.jpg\" \/>\n\t<meta property=\"og:image:width\" content=\"680\" \/>\n\t<meta property=\"og:image:height\" content=\"680\" \/>\n\t<meta property=\"og:image:type\" content=\"image\/jpeg\" \/>\n<meta name=\"twitter:card\" content=\"summary_large_image\" \/>\n<meta name=\"twitter:label1\" content=\"Est. reading time\" \/>\n\t<meta name=\"twitter:data1\" content=\"2 minutes\" \/>\n<script type=\"application\/ld+json\" class=\"yoast-schema-graph\">{\"@context\":\"https:\\\/\\\/schema.org\",\"@graph\":[{\"@type\":[\"WebPage\",\"ItemPage\"],\"@id\":\"https:\\\/\\\/vitablanca.ma\\\/produit\\\/solgar-glucosamine-msm-complex-120-tablets\\\/\",\"url\":\"https:\\\/\\\/vitablanca.ma\\\/produit\\\/solgar-glucosamine-msm-complex-120-tablets\\\/\",\"name\":\"Solgar Glucosamine MSM Complex, 120 Tablets - Maroc Prix\",\"isPartOf\":{\"@id\":\"https:\\\/\\\/vitablanca.ma\\\/#website\"},\"primaryImageOfPage\":{\"@id\":\"https:\\\/\\\/vitablanca.ma\\\/produit\\\/solgar-glucosamine-msm-complex-120-tablets\\\/#primaryimage\"},\"image\":{\"@id\":\"https:\\\/\\\/vitablanca.ma\\\/produit\\\/solgar-glucosamine-msm-complex-120-tablets\\\/#primaryimage\"},\"thumbnailUrl\":\"https:\\\/\\\/vitablanca.ma\\\/wp-content\\\/uploads\\\/2025\\\/09\\\/Solgar-Glucosamine-MSM-Complex-120-Tablets.jpg\",\"datePublished\":\"2025-09-18T01:52:40+00:00\",\"dateModified\":\"2025-09-22T18:10:04+00:00\",\"description\":\"Soutenez la sant\u00e9 de vos articulations et am\u00e9liorez votre mobilit\u00e9 avec Solgar Glucosamine MSM Complex. 120 comprim\u00e9s pour un confort articulaire optimal.\",\"breadcrumb\":{\"@id\":\"https:\\\/\\\/vitablanca.ma\\\/produit\\\/solgar-glucosamine-msm-complex-120-tablets\\\/#breadcrumb\"},\"inLanguage\":\"en-US\",\"potentialAction\":[{\"@type\":\"ReadAction\",\"target\":[\"https:\\\/\\\/vitablanca.ma\\\/produit\\\/solgar-glucosamine-msm-complex-120-tablets\\\/\"]}]},{\"@type\":\"ImageObject\",\"inLanguage\":\"en-US\",\"@id\":\"https:\\\/\\\/vitablanca.ma\\\/produit\\\/solgar-glucosamine-msm-complex-120-tablets\\\/#primaryimage\",\"url\":\"https:\\\/\\\/vitablanca.ma\\\/wp-content\\\/uploads\\\/2025\\\/09\\\/Solgar-Glucosamine-MSM-Complex-120-Tablets.jpg\",\"contentUrl\":\"https:\\\/\\\/vitablanca.ma\\\/wp-content\\\/uploads\\\/2025\\\/09\\\/Solgar-Glucosamine-MSM-Complex-120-Tablets.jpg\",\"width\":680,\"height\":680},{\"@type\":\"BreadcrumbList\",\"@id\":\"https:\\\/\\\/vitablanca.ma\\\/produit\\\/solgar-glucosamine-msm-complex-120-tablets\\\/#breadcrumb\",\"itemListElement\":[{\"@type\":\"ListItem\",\"position\":1,\"name\":\"Home\",\"item\":\"https:\\\/\\\/vitablanca.ma\\\/\"},{\"@type\":\"ListItem\",\"position\":2,\"name\":\"Tous Les Produits\",\"item\":\"https:\\\/\\\/vitablanca.ma\\\/tous-les-produits\\\/\"},{\"@type\":\"ListItem\",\"position\":3,\"name\":\"Solgar Glucosamine MSM Complex, 120 Tablets\"}]},{\"@type\":\"WebSite\",\"@id\":\"https:\\\/\\\/vitablanca.ma\\\/#website\",\"url\":\"https:\\\/\\\/vitablanca.ma\\\/\",\"name\":\"VitaBlanca.ma | Compl\u00e9ments alimentaires, sant\u00e9 & beaut\u00e9 au Maroc\",\"description\":\"vendre vitamines et compl\u00e9ments premium des USA &amp; Canada, Nouvelle Z\u00e9lande,Maroc (NOW Foods, Solgar, Manuka). Livraison rapide partout au Maroc.\",\"publisher\":{\"@id\":\"https:\\\/\\\/vitablanca.ma\\\/#organization\"},\"alternateName\":\"VitaBlanca.ma\",\"potentialAction\":[{\"@type\":\"SearchAction\",\"target\":{\"@type\":\"EntryPoint\",\"urlTemplate\":\"https:\\\/\\\/vitablanca.ma\\\/?s={search_term_string}\"},\"query-input\":{\"@type\":\"PropertyValueSpecification\",\"valueRequired\":true,\"valueName\":\"search_term_string\"}}],\"inLanguage\":\"en-US\"},{\"@type\":\"Organization\",\"@id\":\"https:\\\/\\\/vitablanca.ma\\\/#organization\",\"name\":\"VitaBlanca\",\"url\":\"https:\\\/\\\/vitablanca.ma\\\/\",\"logo\":{\"@type\":\"ImageObject\",\"inLanguage\":\"en-US\",\"@id\":\"https:\\\/\\\/vitablanca.ma\\\/#\\\/schema\\\/logo\\\/image\\\/\",\"url\":\"https:\\\/\\\/vitablanca.ma\\\/wp-content\\\/uploads\\\/2025\\\/05\\\/cropped-vitablanca.png\",\"contentUrl\":\"https:\\\/\\\/vitablanca.ma\\\/wp-content\\\/uploads\\\/2025\\\/05\\\/cropped-vitablanca.png\",\"width\":360,\"height\":67,\"caption\":\"VitaBlanca\"},\"image\":{\"@id\":\"https:\\\/\\\/vitablanca.ma\\\/#\\\/schema\\\/logo\\\/image\\\/\"},\"sameAs\":[\"https:\\\/\\\/www.facebook.com\\\/profile.php?id=61576678196717\",\"https:\\\/\\\/www.tiktok.com\\\/@vitablanca.ma\",\"https:\\\/\\\/www.instagram.com\\\/vitablanca.ma\\\/\"]}]}<\/script>\n<!-- \/ Yoast SEO plugin. -->","yoast_head_json":{"title":"Solgar Glucosamine MSM Complex, 120 Tablets - Maroc Prix","description":"Soutenez la sant\u00e9 de vos articulations et am\u00e9liorez votre mobilit\u00e9 avec Solgar Glucosamine MSM Complex. 120 comprim\u00e9s pour un confort articulaire optimal.","robots":{"index":"index","follow":"follow","max-snippet":"max-snippet:-1","max-image-preview":"max-image-preview:large","max-video-preview":"max-video-preview:-1"},"canonical":"https:\/\/vitablanca.ma\/en\/product\/solgar-glucosamine-msm-complex-120-tablets\/","og_locale":"en_US","og_type":"article","og_title":"Solgar Glucosamine MSM Complex, 120 Tablets - Maroc Prix","og_description":"Soutenez la sant\u00e9 de vos articulations et am\u00e9liorez votre mobilit\u00e9 avec Solgar Glucosamine MSM Complex. 120 comprim\u00e9s pour un confort articulaire optimal.","og_url":"https:\/\/vitablanca.ma\/en\/product\/solgar-glucosamine-msm-complex-120-tablets\/","og_site_name":"Vitablanca.ma &ndash; Sant&eacute;, vitalit&eacute; et bien-&ecirc;tre pour tous les Marocains","article_publisher":"https:\/\/www.facebook.com\/profile.php?id=61576678196717","article_modified_time":"2025-09-22T18:10:04+00:00","og_image":[{"width":680,"height":680,"url":"https:\/\/vitablanca.ma\/wp-content\/uploads\/2025\/09\/Solgar-Glucosamine-MSM-Complex-120-Tablets.jpg","type":"image\/jpeg"}],"twitter_card":"summary_large_image","twitter_misc":{"Est. reading time":"2 minutes"},"schema":{"@context":"https:\/\/schema.org","@graph":[{"@type":["WebPage","ItemPage"],"@id":"https:\/\/vitablanca.ma\/produit\/solgar-glucosamine-msm-complex-120-tablets\/","url":"https:\/\/vitablanca.ma\/produit\/solgar-glucosamine-msm-complex-120-tablets\/","name":"Solgar Glucosamine MSM Complex, 120 Tablets - Maroc Prix","isPartOf":{"@id":"https:\/\/vitablanca.ma\/#website"},"primaryImageOfPage":{"@id":"https:\/\/vitablanca.ma\/produit\/solgar-glucosamine-msm-complex-120-tablets\/#primaryimage"},"image":{"@id":"https:\/\/vitablanca.ma\/produit\/solgar-glucosamine-msm-complex-120-tablets\/#primaryimage"},"thumbnailUrl":"https:\/\/vitablanca.ma\/wp-content\/uploads\/2025\/09\/Solgar-Glucosamine-MSM-Complex-120-Tablets.jpg","datePublished":"2025-09-18T01:52:40+00:00","dateModified":"2025-09-22T18:10:04+00:00","description":"Soutenez la sant\u00e9 de vos articulations et am\u00e9liorez votre mobilit\u00e9 avec Solgar Glucosamine MSM Complex. 120 comprim\u00e9s pour un confort articulaire optimal.","breadcrumb":{"@id":"https:\/\/vitablanca.ma\/produit\/solgar-glucosamine-msm-complex-120-tablets\/#breadcrumb"},"inLanguage":"en-US","potentialAction":[{"@type":"ReadAction","target":["https:\/\/vitablanca.ma\/produit\/solgar-glucosamine-msm-complex-120-tablets\/"]}]},{"@type":"ImageObject","inLanguage":"en-US","@id":"https:\/\/vitablanca.ma\/produit\/solgar-glucosamine-msm-complex-120-tablets\/#primaryimage","url":"https:\/\/vitablanca.ma\/wp-content\/uploads\/2025\/09\/Solgar-Glucosamine-MSM-Complex-120-Tablets.jpg","contentUrl":"https:\/\/vitablanca.ma\/wp-content\/uploads\/2025\/09\/Solgar-Glucosamine-MSM-Complex-120-Tablets.jpg","width":680,"height":680},{"@type":"BreadcrumbList","@id":"https:\/\/vitablanca.ma\/produit\/solgar-glucosamine-msm-complex-120-tablets\/#breadcrumb","itemListElement":[{"@type":"ListItem","position":1,"name":"Home","item":"https:\/\/vitablanca.ma\/"},{"@type":"ListItem","position":2,"name":"Tous Les Produits","item":"https:\/\/vitablanca.ma\/tous-les-produits\/"},{"@type":"ListItem","position":3,"name":"Solgar Glucosamine MSM Complex, 120 Tablets"}]},{"@type":"WebSite","@id":"https:\/\/vitablanca.ma\/#website","url":"https:\/\/vitablanca.ma\/","name":"VitaBlanca.ma | Food supplements, health &amp; beauty in Morocco","description":"sell premium vitamins and supplements from USA &amp; Canada, New Zealand, Morocco (NOW Foods, Solgar, Manuka). Fast delivery anywhere in Morocco.","publisher":{"@id":"https:\/\/vitablanca.ma\/#organization"},"alternateName":"VitaBlanca.ma","potentialAction":[{"@type":"SearchAction","target":{"@type":"EntryPoint","urlTemplate":"https:\/\/vitablanca.ma\/?s={search_term_string}"},"query-input":{"@type":"PropertyValueSpecification","valueRequired":true,"valueName":"search_term_string"}}],"inLanguage":"en-US"},{"@type":"Organization","@id":"https:\/\/vitablanca.ma\/#organization","name":"VitaBlanca","url":"https:\/\/vitablanca.ma\/","logo":{"@type":"ImageObject","inLanguage":"en-US","@id":"https:\/\/vitablanca.ma\/#\/schema\/logo\/image\/","url":"https:\/\/vitablanca.ma\/wp-content\/uploads\/2025\/05\/cropped-vitablanca.png","contentUrl":"https:\/\/vitablanca.ma\/wp-content\/uploads\/2025\/05\/cropped-vitablanca.png","width":360,"height":67,"caption":"VitaBlanca"},"image":{"@id":"https:\/\/vitablanca.ma\/#\/schema\/logo\/image\/"},"sameAs":["https:\/\/www.facebook.com\/profile.php?id=61576678196717","https:\/\/www.tiktok.com\/@vitablanca.ma","https:\/\/www.instagram.com\/vitablanca.ma\/"]}]}},"jetpack_sharing_enabled":true,"_links":{"self":[{"href":"https:\/\/vitablanca.ma\/en\/wp-json\/wp\/v2\/product\/25751","targetHints":{"allow":["GET"]}}],"collection":[{"href":"https:\/\/vitablanca.ma\/en\/wp-json\/wp\/v2\/product"}],"about":[{"href":"https:\/\/vitablanca.ma\/en\/wp-json\/wp\/v2\/types\/product"}],"wp:featuredmedia":[{"embeddable":true,"href":"https:\/\/vitablanca.ma\/en\/wp-json\/wp\/v2\/media\/25822"}],"wp:attachment":[{"href":"https:\/\/vitablanca.ma\/en\/wp-json\/wp\/v2\/media?parent=25751"}],"wp:term":[{"taxonomy":"product_brand","embeddable":true,"href":"https:\/\/vitablanca.ma\/en\/wp-json\/wp\/v2\/product_brand?post=25751"},{"taxonomy":"product_cat","embeddable":true,"href":"https:\/\/vitablanca.ma\/en\/wp-json\/wp\/v2\/product_cat?post=25751"},{"taxonomy":"product_tag","embeddable":true,"href":"https:\/\/vitablanca.ma\/en\/wp-json\/wp\/v2\/product_tag?post=25751"}],"curies":[{"name":"wp","href":"https:\/\/api.w.org\/{rel}","templated":true}]}}