{"id":25749,"date":"2025-09-18T01:52:39","date_gmt":"2025-09-18T01:52:39","guid":{"rendered":"https:\/\/vitablanca.ma\/?post_type=product&#038;p=25749"},"modified":"2025-09-22T18:10:07","modified_gmt":"2025-09-22T18:10:07","slug":"bioschwartz-glucosamine-chondroitin-msm-with-patented-fruitex-b-2000mg-90-capsules","status":"publish","type":"product","link":"https:\/\/vitablanca.ma\/en\/product\/bioschwartz-glucosamine-chondroitin-msm-with-patented-fruitex-b-2000mg-90-capsules\/","title":{"rendered":"BioSchwartz glucosamine chondroitin msm with Patented Fruitex-B, 2000mg 90 Capsules"},"content":{"rendered":"<p>Ce produit premium a \u00e9t\u00e9 d\u00e9velopp\u00e9 \u00e0 partir des meilleures mati\u00e8res premi\u00e8res et selon les normes de contr\u00f4le qualit\u00e9 les plus strictes afin de garantir un compl\u00e9ment de la plus haute qualit\u00e9.<br \/>\nBiodisponibilit\u00e9 sup\u00e9rieure avec FruiteX-B<br \/>\nCe complexe cliniquement \u00e9tudi\u00e9 offre un soutien osseux et articulaire tr\u00e8s efficace, ainsi qu&rsquo;une biodisponibilit\u00e9 am\u00e9lior\u00e9e pour des r\u00e9sultats optimaux.<br \/>\nFavorise une fonction articulaire saine<br \/>\nNotre formule avanc\u00e9e soutient les 5 aspects de la sant\u00e9 des articulations : mobilit\u00e9, flexibilit\u00e9, force, lubrification et confort, pour vous aider \u00e0 bouger librement.<br \/>\nPuissant 2110 mg par portion<br \/>\nD\u00e9velopp\u00e9e par des professionnels, notre formule exclusive est le compl\u00e9ment id\u00e9al pour les mains, les poignets, les genoux, le dos, le cou, les coudes, les hanches et les chevilles.<br \/>\nSans OGM, ni agents de remplissage ni liants<br \/>\nEn utilisant uniquement les derni\u00e8res technologies et les ingr\u00e9dients les plus purs, nous avons d\u00e9velopp\u00e9 une formule sans OGM, sans agents de remplissage, sans liants et sans produits chimiques nocifs.<br \/>\nNotre engagement qualit\u00e9<br \/>\n\u00ab Chez BioSchwartz, nous cr\u00e9ons des produits de qualit\u00e9 sup\u00e9rieure gr\u00e2ce \u00e0 l&rsquo;\u00e9quilibre parfait entre les derni\u00e8res technologies et les nutriments les plus purs que la nature a \u00e0 offrir. Nous nous engageons \u00e0 fournir des compl\u00e9ments alimentaires de la plus haute qualit\u00e9 sans que le prix en soit affect\u00e9\u201d.Usage sugg\u00e9r\u00e9En tant que compl\u00e9ment alimentaire, prenez trois (3) capsules, 1 ou 2 fois par jour, de pr\u00e9f\u00e9rence au moment du repas et accompagn\u00e9es d&rsquo;un verre d&rsquo;eau, ou selon les recommandations d&rsquo;un professionnel de la sant\u00e9.Autres ingr\u00e9dientsCapsule v\u00e9g\u00e9tale (Plantcaps\u00ae).<br \/>\nSans ingr\u00e9dients artificiels, agents de remplissage, produits chimiques, colorants, agents liants ou conservateurs.AvertissementsAttention : Ne pas d\u00e9passer le dosage recommand\u00e9. Les femmes enceintes ou allaitantes, les enfants \u00e2g\u00e9s de moins de 18 ans et les individus pr\u00e9sentant des probl\u00e8mes m\u00e9dicaux connus doivent consulter un m\u00e9decin avant d&rsquo;utiliser ce produit et tout compl\u00e9ment alimentaire en g\u00e9n\u00e9ral.<\/p>","protected":false},"excerpt":{"rendered":"<ul>\n<li>Qualit\u00e9\u00a0premium<\/li>\n<li>Compl\u00e9ment alimentaire de qualit\u00e9 professionnelle<\/li>\n<li>Top des ventes<\/li>\n<li>Favorise la mobilit\u00e9 articulaire &amp; Flexibilit\u00e9<\/li>\n<li>Id\u00e9al pour les mains, les poignets, les genoux<\/li>\n<li>Dos, Cou, Coudes, Hanche, Chevilles<\/li>\n<li>Ingr\u00e9dients naturels &amp; sans OGM<\/li>\n<li>Accr\u00e9dit\u00e9 test\u00e9 par un tiers<\/li>\n<li>Test\u00e9 en laboratoire &#8211; Certifi\u00e9 par un tiers ind\u00e9pendant &#8211; Puret\u00e9 &amp; efficacit\u00e9<\/li>\n<li>30\u00a0portions<\/li>\n<li>Compl\u00e9ment alimentaire naturel<\/li>\n<li>FruiteX-B &#8211; Soutien articulaire \u00e0 action rapide<\/li>\n<li>100 % natural<\/li>\n<\/ul>","protected":false},"featured_media":25817,"template":"","meta":{"om_disable_all_campaigns":false},"product_brand":[3197],"product_cat":[18,3366],"product_tag":[4205,4206,4207,4208,4209,4210],"class_list":{"0":"post-25749","1":"product","2":"type-product","3":"status-publish","4":"has-post-thumbnail","6":"product_brand-bioschwartz-maroc-prix","7":"product_cat-beaute-sante","8":"product_cat-complements-alimentaires-au-maroc-vitablanca","9":"product_tag-90-capsules","10":"product_tag-bioschwartz-glucosamine-chondroitin-msm","11":"product_tag-complement-sante-articulations","12":"product_tag-fruitex-b-brevete-2000-mg","13":"product_tag-mobilite-et-flexibilite","14":"product_tag-soutien-cartilage-et-tissus-conjonctifs","16":"first","17":"instock","18":"taxable","19":"shipping-taxable","20":"purchasable","21":"product-type-simple"},"yoast_head":"<!-- This site is optimized with the Yoast SEO plugin v27.4 - https:\/\/yoast.com\/product\/yoast-seo-wordpress\/ -->\n<title>BioSchwartz Glucosamine Chondroitin MSM \u2013 2000 mg - Maroc Prix<\/title>\n<meta name=\"description\" content=\"Soulagez vos articulations et am\u00e9liorez votre mobilit\u00e9 avec BioSchwartz Glucosamine Chondroitin MSM enrichi en Fruitex-B brevet\u00e9. 2000 mg par portion,\" \/>\n<meta name=\"robots\" content=\"index, follow, max-snippet:-1, max-image-preview:large, max-video-preview:-1\" \/>\n<link rel=\"canonical\" href=\"https:\/\/vitablanca.ma\/en\/product\/bioschwartz-glucosamine-chondroitin-msm-with-patented-fruitex-b-2000mg-90-capsules\/\" \/>\n<meta property=\"og:locale\" content=\"en_US\" \/>\n<meta property=\"og:type\" content=\"article\" \/>\n<meta property=\"og:title\" content=\"BioSchwartz Glucosamine Chondroitin MSM \u2013 2000 mg - Maroc Prix\" \/>\n<meta property=\"og:description\" content=\"Soulagez vos articulations et am\u00e9liorez votre mobilit\u00e9 avec BioSchwartz Glucosamine Chondroitin MSM enrichi en Fruitex-B brevet\u00e9. 2000 mg par portion,\" \/>\n<meta property=\"og:url\" content=\"https:\/\/vitablanca.ma\/en\/product\/bioschwartz-glucosamine-chondroitin-msm-with-patented-fruitex-b-2000mg-90-capsules\/\" \/>\n<meta property=\"og:site_name\" content=\"Vitablanca.ma &ndash; Sant&eacute;, vitalit&eacute; et bien-&ecirc;tre pour tous les Marocains\" \/>\n<meta property=\"article:publisher\" content=\"https:\/\/www.facebook.com\/profile.php?id=61576678196717\" \/>\n<meta property=\"article:modified_time\" content=\"2025-09-22T18:10:07+00:00\" \/>\n<meta property=\"og:image\" content=\"https:\/\/vitablanca.ma\/wp-content\/uploads\/2025\/09\/WhatsApp-Image-2025-09-04-at-04.38.45.jpeg\" \/>\n\t<meta property=\"og:image:width\" content=\"1170\" \/>\n\t<meta property=\"og:image:height\" content=\"1431\" \/>\n\t<meta property=\"og:image:type\" content=\"image\/jpeg\" \/>\n<meta name=\"twitter:card\" content=\"summary_large_image\" \/>\n<meta name=\"twitter:label1\" content=\"Est. reading time\" \/>\n\t<meta name=\"twitter:data1\" content=\"2 minutes\" \/>\n<script type=\"application\/ld+json\" class=\"yoast-schema-graph\">{\"@context\":\"https:\\\/\\\/schema.org\",\"@graph\":[{\"@type\":[\"WebPage\",\"ItemPage\"],\"@id\":\"https:\\\/\\\/vitablanca.ma\\\/produit\\\/bioschwartz-glucosamine-chondroitin-msm-with-patented-fruitex-b-2000mg-90-capsules\\\/\",\"url\":\"https:\\\/\\\/vitablanca.ma\\\/produit\\\/bioschwartz-glucosamine-chondroitin-msm-with-patented-fruitex-b-2000mg-90-capsules\\\/\",\"name\":\"BioSchwartz Glucosamine Chondroitin MSM \u2013 2000 mg - Maroc Prix\",\"isPartOf\":{\"@id\":\"https:\\\/\\\/vitablanca.ma\\\/#website\"},\"primaryImageOfPage\":{\"@id\":\"https:\\\/\\\/vitablanca.ma\\\/produit\\\/bioschwartz-glucosamine-chondroitin-msm-with-patented-fruitex-b-2000mg-90-capsules\\\/#primaryimage\"},\"image\":{\"@id\":\"https:\\\/\\\/vitablanca.ma\\\/produit\\\/bioschwartz-glucosamine-chondroitin-msm-with-patented-fruitex-b-2000mg-90-capsules\\\/#primaryimage\"},\"thumbnailUrl\":\"https:\\\/\\\/vitablanca.ma\\\/wp-content\\\/uploads\\\/2025\\\/09\\\/WhatsApp-Image-2025-09-04-at-04.38.45.jpeg\",\"datePublished\":\"2025-09-18T01:52:39+00:00\",\"dateModified\":\"2025-09-22T18:10:07+00:00\",\"description\":\"Soulagez vos articulations et am\u00e9liorez votre mobilit\u00e9 avec BioSchwartz Glucosamine Chondroitin MSM enrichi en Fruitex-B brevet\u00e9. 2000 mg par portion,\",\"breadcrumb\":{\"@id\":\"https:\\\/\\\/vitablanca.ma\\\/produit\\\/bioschwartz-glucosamine-chondroitin-msm-with-patented-fruitex-b-2000mg-90-capsules\\\/#breadcrumb\"},\"inLanguage\":\"en-US\",\"potentialAction\":[{\"@type\":\"ReadAction\",\"target\":[\"https:\\\/\\\/vitablanca.ma\\\/produit\\\/bioschwartz-glucosamine-chondroitin-msm-with-patented-fruitex-b-2000mg-90-capsules\\\/\"]}]},{\"@type\":\"ImageObject\",\"inLanguage\":\"en-US\",\"@id\":\"https:\\\/\\\/vitablanca.ma\\\/produit\\\/bioschwartz-glucosamine-chondroitin-msm-with-patented-fruitex-b-2000mg-90-capsules\\\/#primaryimage\",\"url\":\"https:\\\/\\\/vitablanca.ma\\\/wp-content\\\/uploads\\\/2025\\\/09\\\/WhatsApp-Image-2025-09-04-at-04.38.45.jpeg\",\"contentUrl\":\"https:\\\/\\\/vitablanca.ma\\\/wp-content\\\/uploads\\\/2025\\\/09\\\/WhatsApp-Image-2025-09-04-at-04.38.45.jpeg\",\"width\":1170,\"height\":1431},{\"@type\":\"BreadcrumbList\",\"@id\":\"https:\\\/\\\/vitablanca.ma\\\/produit\\\/bioschwartz-glucosamine-chondroitin-msm-with-patented-fruitex-b-2000mg-90-capsules\\\/#breadcrumb\",\"itemListElement\":[{\"@type\":\"ListItem\",\"position\":1,\"name\":\"Home\",\"item\":\"https:\\\/\\\/vitablanca.ma\\\/\"},{\"@type\":\"ListItem\",\"position\":2,\"name\":\"Tous Les Produits\",\"item\":\"https:\\\/\\\/vitablanca.ma\\\/tous-les-produits\\\/\"},{\"@type\":\"ListItem\",\"position\":3,\"name\":\"BioSchwartz glucosamine chondroitin msm with Patented Fruitex-B, 2000mg 90 Capsules\"}]},{\"@type\":\"WebSite\",\"@id\":\"https:\\\/\\\/vitablanca.ma\\\/#website\",\"url\":\"https:\\\/\\\/vitablanca.ma\\\/\",\"name\":\"VitaBlanca.ma | Compl\u00e9ments alimentaires, sant\u00e9 & beaut\u00e9 au Maroc\",\"description\":\"vendre vitamines et compl\u00e9ments premium des USA &amp; Canada, Nouvelle Z\u00e9lande,Maroc (NOW Foods, Solgar, Manuka). Livraison rapide partout au Maroc.\",\"publisher\":{\"@id\":\"https:\\\/\\\/vitablanca.ma\\\/#organization\"},\"alternateName\":\"VitaBlanca.ma\",\"potentialAction\":[{\"@type\":\"SearchAction\",\"target\":{\"@type\":\"EntryPoint\",\"urlTemplate\":\"https:\\\/\\\/vitablanca.ma\\\/?s={search_term_string}\"},\"query-input\":{\"@type\":\"PropertyValueSpecification\",\"valueRequired\":true,\"valueName\":\"search_term_string\"}}],\"inLanguage\":\"en-US\"},{\"@type\":\"Organization\",\"@id\":\"https:\\\/\\\/vitablanca.ma\\\/#organization\",\"name\":\"VitaBlanca\",\"url\":\"https:\\\/\\\/vitablanca.ma\\\/\",\"logo\":{\"@type\":\"ImageObject\",\"inLanguage\":\"en-US\",\"@id\":\"https:\\\/\\\/vitablanca.ma\\\/#\\\/schema\\\/logo\\\/image\\\/\",\"url\":\"https:\\\/\\\/vitablanca.ma\\\/wp-content\\\/uploads\\\/2025\\\/05\\\/cropped-vitablanca.png\",\"contentUrl\":\"https:\\\/\\\/vitablanca.ma\\\/wp-content\\\/uploads\\\/2025\\\/05\\\/cropped-vitablanca.png\",\"width\":360,\"height\":67,\"caption\":\"VitaBlanca\"},\"image\":{\"@id\":\"https:\\\/\\\/vitablanca.ma\\\/#\\\/schema\\\/logo\\\/image\\\/\"},\"sameAs\":[\"https:\\\/\\\/www.facebook.com\\\/profile.php?id=61576678196717\",\"https:\\\/\\\/www.tiktok.com\\\/@vitablanca.ma\",\"https:\\\/\\\/www.instagram.com\\\/vitablanca.ma\\\/\"]}]}<\/script>\n<!-- \/ Yoast SEO plugin. -->","yoast_head_json":{"title":"BioSchwartz Glucosamine Chondroitin MSM \u2013 2000 mg - Maroc Prix","description":"Soulagez vos articulations et am\u00e9liorez votre mobilit\u00e9 avec BioSchwartz Glucosamine Chondroitin MSM enrichi en Fruitex-B brevet\u00e9. 2000 mg par portion,","robots":{"index":"index","follow":"follow","max-snippet":"max-snippet:-1","max-image-preview":"max-image-preview:large","max-video-preview":"max-video-preview:-1"},"canonical":"https:\/\/vitablanca.ma\/en\/product\/bioschwartz-glucosamine-chondroitin-msm-with-patented-fruitex-b-2000mg-90-capsules\/","og_locale":"en_US","og_type":"article","og_title":"BioSchwartz Glucosamine Chondroitin MSM \u2013 2000 mg - Maroc Prix","og_description":"Soulagez vos articulations et am\u00e9liorez votre mobilit\u00e9 avec BioSchwartz Glucosamine Chondroitin MSM enrichi en Fruitex-B brevet\u00e9. 2000 mg par portion,","og_url":"https:\/\/vitablanca.ma\/en\/product\/bioschwartz-glucosamine-chondroitin-msm-with-patented-fruitex-b-2000mg-90-capsules\/","og_site_name":"Vitablanca.ma &ndash; Sant&eacute;, vitalit&eacute; et bien-&ecirc;tre pour tous les Marocains","article_publisher":"https:\/\/www.facebook.com\/profile.php?id=61576678196717","article_modified_time":"2025-09-22T18:10:07+00:00","og_image":[{"width":1170,"height":1431,"url":"https:\/\/vitablanca.ma\/wp-content\/uploads\/2025\/09\/WhatsApp-Image-2025-09-04-at-04.38.45.jpeg","type":"image\/jpeg"}],"twitter_card":"summary_large_image","twitter_misc":{"Est. reading time":"2 minutes"},"schema":{"@context":"https:\/\/schema.org","@graph":[{"@type":["WebPage","ItemPage"],"@id":"https:\/\/vitablanca.ma\/produit\/bioschwartz-glucosamine-chondroitin-msm-with-patented-fruitex-b-2000mg-90-capsules\/","url":"https:\/\/vitablanca.ma\/produit\/bioschwartz-glucosamine-chondroitin-msm-with-patented-fruitex-b-2000mg-90-capsules\/","name":"BioSchwartz Glucosamine Chondroitin MSM \u2013 2000 mg - Maroc Prix","isPartOf":{"@id":"https:\/\/vitablanca.ma\/#website"},"primaryImageOfPage":{"@id":"https:\/\/vitablanca.ma\/produit\/bioschwartz-glucosamine-chondroitin-msm-with-patented-fruitex-b-2000mg-90-capsules\/#primaryimage"},"image":{"@id":"https:\/\/vitablanca.ma\/produit\/bioschwartz-glucosamine-chondroitin-msm-with-patented-fruitex-b-2000mg-90-capsules\/#primaryimage"},"thumbnailUrl":"https:\/\/vitablanca.ma\/wp-content\/uploads\/2025\/09\/WhatsApp-Image-2025-09-04-at-04.38.45.jpeg","datePublished":"2025-09-18T01:52:39+00:00","dateModified":"2025-09-22T18:10:07+00:00","description":"Soulagez vos articulations et am\u00e9liorez votre mobilit\u00e9 avec BioSchwartz Glucosamine Chondroitin MSM enrichi en Fruitex-B brevet\u00e9. 2000 mg par portion,","breadcrumb":{"@id":"https:\/\/vitablanca.ma\/produit\/bioschwartz-glucosamine-chondroitin-msm-with-patented-fruitex-b-2000mg-90-capsules\/#breadcrumb"},"inLanguage":"en-US","potentialAction":[{"@type":"ReadAction","target":["https:\/\/vitablanca.ma\/produit\/bioschwartz-glucosamine-chondroitin-msm-with-patented-fruitex-b-2000mg-90-capsules\/"]}]},{"@type":"ImageObject","inLanguage":"en-US","@id":"https:\/\/vitablanca.ma\/produit\/bioschwartz-glucosamine-chondroitin-msm-with-patented-fruitex-b-2000mg-90-capsules\/#primaryimage","url":"https:\/\/vitablanca.ma\/wp-content\/uploads\/2025\/09\/WhatsApp-Image-2025-09-04-at-04.38.45.jpeg","contentUrl":"https:\/\/vitablanca.ma\/wp-content\/uploads\/2025\/09\/WhatsApp-Image-2025-09-04-at-04.38.45.jpeg","width":1170,"height":1431},{"@type":"BreadcrumbList","@id":"https:\/\/vitablanca.ma\/produit\/bioschwartz-glucosamine-chondroitin-msm-with-patented-fruitex-b-2000mg-90-capsules\/#breadcrumb","itemListElement":[{"@type":"ListItem","position":1,"name":"Home","item":"https:\/\/vitablanca.ma\/"},{"@type":"ListItem","position":2,"name":"Tous Les Produits","item":"https:\/\/vitablanca.ma\/tous-les-produits\/"},{"@type":"ListItem","position":3,"name":"BioSchwartz glucosamine chondroitin msm with Patented Fruitex-B, 2000mg 90 Capsules"}]},{"@type":"WebSite","@id":"https:\/\/vitablanca.ma\/#website","url":"https:\/\/vitablanca.ma\/","name":"VitaBlanca.ma | Food supplements, health &amp; beauty in Morocco","description":"sell premium vitamins and supplements from USA &amp; Canada, New Zealand, Morocco (NOW Foods, Solgar, Manuka). Fast delivery anywhere in Morocco.","publisher":{"@id":"https:\/\/vitablanca.ma\/#organization"},"alternateName":"VitaBlanca.ma","potentialAction":[{"@type":"SearchAction","target":{"@type":"EntryPoint","urlTemplate":"https:\/\/vitablanca.ma\/?s={search_term_string}"},"query-input":{"@type":"PropertyValueSpecification","valueRequired":true,"valueName":"search_term_string"}}],"inLanguage":"en-US"},{"@type":"Organization","@id":"https:\/\/vitablanca.ma\/#organization","name":"VitaBlanca","url":"https:\/\/vitablanca.ma\/","logo":{"@type":"ImageObject","inLanguage":"en-US","@id":"https:\/\/vitablanca.ma\/#\/schema\/logo\/image\/","url":"https:\/\/vitablanca.ma\/wp-content\/uploads\/2025\/05\/cropped-vitablanca.png","contentUrl":"https:\/\/vitablanca.ma\/wp-content\/uploads\/2025\/05\/cropped-vitablanca.png","width":360,"height":67,"caption":"VitaBlanca"},"image":{"@id":"https:\/\/vitablanca.ma\/#\/schema\/logo\/image\/"},"sameAs":["https:\/\/www.facebook.com\/profile.php?id=61576678196717","https:\/\/www.tiktok.com\/@vitablanca.ma","https:\/\/www.instagram.com\/vitablanca.ma\/"]}]}},"jetpack_sharing_enabled":true,"_links":{"self":[{"href":"https:\/\/vitablanca.ma\/en\/wp-json\/wp\/v2\/product\/25749","targetHints":{"allow":["GET"]}}],"collection":[{"href":"https:\/\/vitablanca.ma\/en\/wp-json\/wp\/v2\/product"}],"about":[{"href":"https:\/\/vitablanca.ma\/en\/wp-json\/wp\/v2\/types\/product"}],"wp:featuredmedia":[{"embeddable":true,"href":"https:\/\/vitablanca.ma\/en\/wp-json\/wp\/v2\/media\/25817"}],"wp:attachment":[{"href":"https:\/\/vitablanca.ma\/en\/wp-json\/wp\/v2\/media?parent=25749"}],"wp:term":[{"taxonomy":"product_brand","embeddable":true,"href":"https:\/\/vitablanca.ma\/en\/wp-json\/wp\/v2\/product_brand?post=25749"},{"taxonomy":"product_cat","embeddable":true,"href":"https:\/\/vitablanca.ma\/en\/wp-json\/wp\/v2\/product_cat?post=25749"},{"taxonomy":"product_tag","embeddable":true,"href":"https:\/\/vitablanca.ma\/en\/wp-json\/wp\/v2\/product_tag?post=25749"}],"curies":[{"name":"wp","href":"https:\/\/api.w.org\/{rel}","templated":true}]}}