{"id":25745,"date":"2025-09-18T01:52:39","date_gmt":"2025-09-18T01:52:39","guid":{"rendered":"https:\/\/vitablanca.ma\/?post_type=product&#038;p=25745"},"modified":"2025-09-22T18:10:05","modified_gmt":"2025-09-22T18:10:05","slug":"now-foods-vitamine-k-2-100-mcg-100-gelules-vegetales","status":"publish","type":"product","link":"https:\/\/vitablanca.ma\/en\/product\/now-foods-vitamine-k-2-100-mcg-100-gelules-vegetales\/","title":{"rendered":"Now Foods Vitamine K-2, 100 mcg, 100 g\u00e9lules v\u00e9g\u00e9tales"},"content":{"rendered":"<article class=\"text-token-text-primary w-full focus:outline-none scroll-mt-[calc(var(--header-height)+min(200px,max(70px,20svh)))]\" dir=\"auto\" tabindex=\"-1\" data-turn-id=\"request-68cc6b80-8420-8331-8eab-ef1038ef2723-16\" data-testid=\"conversation-turn-118\" data-scroll-anchor=\"true\" data-turn=\"assistant\">\n<div class=\"text-base my-auto mx-auto pb-10 [--thread-content-margin:--spacing(4)] thread-sm:[--thread-content-margin:--spacing(6)] thread-lg:[--thread-content-margin:--spacing(16)] px-(--thread-content-margin)\">\n<div class=\"[--thread-content-max-width:40rem] thread-lg:[--thread-content-max-width:48rem] mx-auto max-w-(--thread-content-max-width) flex-1 group\/turn-messages focus-visible:outline-hidden relative flex w-full min-w-0 flex-col agent-turn\" tabindex=\"-1\">\n<div class=\"flex max-w-full flex-col grow\">\n<div class=\"min-h-8 text-message relative flex w-full flex-col items-end gap-2 text-start break-words whitespace-normal [.text-message+&]:mt-5\" dir=\"auto\" data-message-author-role=\"assistant\" data-message-id=\"5d1b79c3-cd85-4f14-9974-979f36152d00\" data-message-model-slug=\"gpt-5\">\n<div class=\"flex w-full flex-col gap-1 empty:hidden first:pt-[3px]\">\n<div class=\"markdown prose dark:prose-invert w-full break-words light markdown-new-styling\">\n<p data-start=\"120\" data-end=\"452\"><strong data-start=\"120\" data-end=\"146\">Now Foods Vitamine K-2<\/strong> (100 mcg) est un suppl\u00e9ment naturel formul\u00e9 pour soutenir la sant\u00e9 des os, la circulation sanguine et r\u00e9duire le risque de calcification vasculaire. Chaque g\u00e9lule v\u00e9g\u00e9tale contient <strong data-start=\"328\" data-end=\"355\">100 mcg de vitamine K-2<\/strong> sous forme de <strong data-start=\"370\" data-end=\"378\">MK-7<\/strong>, la forme la plus biodisponible et efficace pour une absorption optimale.<\/p>\n<ul data-start=\"454\" data-end=\"1398\">\n<li data-start=\"454\" data-end=\"642\">\n<p data-start=\"456\" data-end=\"642\"><strong data-start=\"456\" data-end=\"485\">Soutien \u00e0 la Sant\u00e9 des Os<\/strong> : La vitamine K-2 joue un r\u00f4le crucial dans la r\u00e9gulation du calcium, favorisant son d\u00e9p\u00f4t dans les os et r\u00e9duisant les risques de d\u00e9min\u00e9ralisation osseuse.<\/p>\n<\/li>\n<li data-start=\"643\" data-end=\"873\">\n<p data-start=\"645\" data-end=\"873\"><strong data-start=\"645\" data-end=\"676\">Protection Cardiovasculaire<\/strong> : En dirigeant le calcium vers les os, la vitamine K-2 aide \u00e0 pr\u00e9venir la calcification des art\u00e8res, soutenant ainsi une circulation sanguine saine et r\u00e9duisant les risques de maladies cardiaques.<\/p>\n<\/li>\n<li data-start=\"874\" data-end=\"1027\">\n<p data-start=\"876\" data-end=\"1027\"><strong data-start=\"876\" data-end=\"890\">Forme MK-7<\/strong> : Le MK-7 est une forme de vitamine K-2 plus facilement absorb\u00e9e et utilis\u00e9e par le corps, garantissant des effets durables et optimaux.<\/p>\n<\/li>\n<li data-start=\"1028\" data-end=\"1213\">\n<p data-start=\"1030\" data-end=\"1213\"><strong data-start=\"1030\" data-end=\"1053\">Absorption Maximale<\/strong> : La formule en g\u00e9lules v\u00e9g\u00e9tales permet une absorption rapide et efficace, id\u00e9ale pour les v\u00e9g\u00e9tariens et ceux qui recherchent un suppl\u00e9ment de haute qualit\u00e9.<\/p>\n<\/li>\n<li data-start=\"1214\" data-end=\"1398\">\n<p data-start=\"1216\" data-end=\"1398\"><strong data-start=\"1216\" data-end=\"1233\">Sant\u00e9 Globale<\/strong> : En plus de ses bienfaits pour les os et le c\u0153ur, la vitamine K-2 soutient \u00e9galement la fonction cellulaire et joue un r\u00f4le dans le m\u00e9tabolisme g\u00e9n\u00e9ral du calcium.<\/p>\n<\/li>\n<\/ul>\n<p data-start=\"1400\" data-end=\"1537\"><strong data-start=\"1400\" data-end=\"1415\">Utilisation<\/strong> : Prenez 1 g\u00e9lule par jour, de pr\u00e9f\u00e9rence pendant les repas, ou selon les recommandations d\u2019un professionnel de la sant\u00e9.<\/p>\n<h3 data-start=\"1539\" data-end=\"1557\"><strong data-start=\"1543\" data-end=\"1556\">Bienfaits<\/strong>:<\/h3>\n<ul data-start=\"1558\" data-end=\"1809\">\n<li data-start=\"1558\" data-end=\"1627\">\n<p data-start=\"1560\" data-end=\"1627\"><strong data-start=\"1560\" data-end=\"1588\">Renforce la sant\u00e9 des os<\/strong> en favorisant l\u2019absorption du calcium.<\/p>\n<\/li>\n<li data-start=\"1628\" data-end=\"1710\">\n<p data-start=\"1630\" data-end=\"1710\"><strong data-start=\"1630\" data-end=\"1668\">Soutient la sant\u00e9 cardiovasculaire<\/strong> en r\u00e9duisant la calcification vasculaire.<\/p>\n<\/li>\n<li data-start=\"1711\" data-end=\"1774\">\n<p data-start=\"1713\" data-end=\"1774\"><strong data-start=\"1713\" data-end=\"1744\">Forme biodisponible de MK-7<\/strong> pour une absorption optimale.<\/p>\n<\/li>\n<li data-start=\"1775\" data-end=\"1809\">\n<p data-start=\"1777\" data-end=\"1809\"><strong data-start=\"1777\" data-end=\"1808\">V\u00e9g\u00e9talien et sans additifs<\/strong>.<\/p>\n<\/li>\n<\/ul>\n<p data-start=\"1811\" data-end=\"2014\" data-is-last-node=\"\" data-is-only-node=\"\"><strong data-start=\"1811\" data-end=\"1837\">Now Foods Vitamine K-2<\/strong> est un choix id\u00e9al pour ceux qui cherchent \u00e0 maintenir une fonction osseuse et cardiaque saine, en soutenant une bonne r\u00e9gulation du calcium dans le corps de mani\u00e8re naturelle.<\/p>\n<\/div>\n<\/div>\n<\/div>\n<\/div>\n<\/div>\n<\/div>\n<\/article>\n","protected":false},"excerpt":{"rendered":"<p>Hypromellose (capsule de cellulose), palmitate d&rsquo;ascorbyle (ester des acides ascorbique et palmitique), farine de riz et dioxyde de silicium.<\/p>\n<p>\u00c9labor\u00e9e sans bl\u00e9, gluten, soja, lait, \u0153ufs, poisson, fruits de mer ni fruits \u00e0 coque. Produit dans un \u00e9tablissement respectant les Bonnes Pratiques de Fabrication qui traite d&rsquo;autres ingr\u00e9dients contenant ces allerg\u00e8nes.<\/p>\n<p>Fabrication aux \u00c9tats-Unis et qualit\u00e9 test\u00e9e aux \u00c9tats-Unis avec des ingr\u00e9dients provenant du monde entier.<\/p>","protected":false},"featured_media":25809,"template":"","meta":{"om_disable_all_campaigns":false},"product_brand":[83],"product_cat":[18,3366],"product_tag":[4183,4184,4185,4186,4187,3806],"class_list":{"0":"post-25745","1":"product","2":"type-product","3":"status-publish","4":"has-post-thumbnail","6":"product_brand-now-foods-maroc-prix","7":"product_cat-beaute-sante","8":"product_cat-complements-alimentaires-au-maroc-vitablanca","9":"product_tag-100-gelules","10":"product_tag-calcium-sante-osseuse-et-cardiovasculaire","11":"product_tag-complement-vegetal-k2","12":"product_tag-mk-7-vitamine-k2","13":"product_tag-now-foods-vitamine-k-2-100-mcg","14":"product_tag-soutien-os-et-coeur","16":"first","17":"instock","18":"taxable","19":"shipping-taxable","20":"purchasable","21":"product-type-simple"},"yoast_head":"<!-- This site is optimized with the Yoast SEO plugin v27.5 - https:\/\/yoast.com\/product\/yoast-seo-wordpress\/ -->\n<title>Now Foods Vitamine K-2, 100 mcg, 100 g\u00e9lules - Maroc Prix<\/title>\n<meta name=\"description\" content=\"D\u00e9couvrez Now Foods Vitamine K-2, 100 mcg, 100 g\u00e9lules pour soutenir la sant\u00e9 des os, favoriser une circulation sanguine saine et pr\u00e9venir la calcification .\" \/>\n<meta name=\"robots\" content=\"index, follow, max-snippet:-1, max-image-preview:large, max-video-preview:-1\" \/>\n<link rel=\"canonical\" href=\"https:\/\/vitablanca.ma\/en\/product\/now-foods-vitamine-k-2-100-mcg-100-gelules-vegetales\/\" \/>\n<meta property=\"og:locale\" content=\"en_US\" \/>\n<meta property=\"og:type\" content=\"article\" \/>\n<meta property=\"og:title\" content=\"Now Foods Vitamine K-2, 100 mcg, 100 g\u00e9lules - Maroc Prix\" \/>\n<meta property=\"og:description\" content=\"D\u00e9couvrez Now Foods Vitamine K-2, 100 mcg, 100 g\u00e9lules pour soutenir la sant\u00e9 des os, favoriser une circulation sanguine saine et pr\u00e9venir la calcification .\" \/>\n<meta property=\"og:url\" content=\"https:\/\/vitablanca.ma\/en\/product\/now-foods-vitamine-k-2-100-mcg-100-gelules-vegetales\/\" \/>\n<meta property=\"og:site_name\" content=\"Vitablanca.ma &ndash; Sant&eacute;, vitalit&eacute; et bien-&ecirc;tre pour tous les Marocains\" \/>\n<meta property=\"article:publisher\" content=\"https:\/\/www.facebook.com\/profile.php?id=61576678196717\" \/>\n<meta property=\"article:modified_time\" content=\"2025-09-22T18:10:05+00:00\" \/>\n<meta property=\"og:image\" content=\"https:\/\/vitablanca.ma\/wp-content\/uploads\/2025\/09\/WhatsApp-Image-2025-09-04-at-02.47.29.jpeg\" \/>\n\t<meta property=\"og:image:width\" content=\"1170\" \/>\n\t<meta property=\"og:image:height\" content=\"1377\" \/>\n\t<meta property=\"og:image:type\" content=\"image\/jpeg\" \/>\n<meta name=\"twitter:card\" content=\"summary_large_image\" \/>\n<meta name=\"twitter:label1\" content=\"Est. reading time\" \/>\n\t<meta name=\"twitter:data1\" content=\"2 minutes\" \/>\n<script type=\"application\/ld+json\" class=\"yoast-schema-graph\">{\"@context\":\"https:\\\/\\\/schema.org\",\"@graph\":[{\"@type\":[\"WebPage\",\"ItemPage\"],\"@id\":\"https:\\\/\\\/vitablanca.ma\\\/produit\\\/now-foods-vitamine-k-2-100-mcg-100-gelules-vegetales\\\/\",\"url\":\"https:\\\/\\\/vitablanca.ma\\\/produit\\\/now-foods-vitamine-k-2-100-mcg-100-gelules-vegetales\\\/\",\"name\":\"Now Foods Vitamine K-2, 100 mcg, 100 g\u00e9lules - Maroc Prix\",\"isPartOf\":{\"@id\":\"https:\\\/\\\/vitablanca.ma\\\/#website\"},\"primaryImageOfPage\":{\"@id\":\"https:\\\/\\\/vitablanca.ma\\\/produit\\\/now-foods-vitamine-k-2-100-mcg-100-gelules-vegetales\\\/#primaryimage\"},\"image\":{\"@id\":\"https:\\\/\\\/vitablanca.ma\\\/produit\\\/now-foods-vitamine-k-2-100-mcg-100-gelules-vegetales\\\/#primaryimage\"},\"thumbnailUrl\":\"https:\\\/\\\/vitablanca.ma\\\/wp-content\\\/uploads\\\/2025\\\/09\\\/WhatsApp-Image-2025-09-04-at-02.47.29.jpeg\",\"datePublished\":\"2025-09-18T01:52:39+00:00\",\"dateModified\":\"2025-09-22T18:10:05+00:00\",\"description\":\"D\u00e9couvrez Now Foods Vitamine K-2, 100 mcg, 100 g\u00e9lules pour soutenir la sant\u00e9 des os, favoriser une circulation sanguine saine et pr\u00e9venir la calcification .\",\"breadcrumb\":{\"@id\":\"https:\\\/\\\/vitablanca.ma\\\/produit\\\/now-foods-vitamine-k-2-100-mcg-100-gelules-vegetales\\\/#breadcrumb\"},\"inLanguage\":\"en-US\",\"potentialAction\":[{\"@type\":\"ReadAction\",\"target\":[\"https:\\\/\\\/vitablanca.ma\\\/produit\\\/now-foods-vitamine-k-2-100-mcg-100-gelules-vegetales\\\/\"]}]},{\"@type\":\"ImageObject\",\"inLanguage\":\"en-US\",\"@id\":\"https:\\\/\\\/vitablanca.ma\\\/produit\\\/now-foods-vitamine-k-2-100-mcg-100-gelules-vegetales\\\/#primaryimage\",\"url\":\"https:\\\/\\\/vitablanca.ma\\\/wp-content\\\/uploads\\\/2025\\\/09\\\/WhatsApp-Image-2025-09-04-at-02.47.29.jpeg\",\"contentUrl\":\"https:\\\/\\\/vitablanca.ma\\\/wp-content\\\/uploads\\\/2025\\\/09\\\/WhatsApp-Image-2025-09-04-at-02.47.29.jpeg\",\"width\":1170,\"height\":1377},{\"@type\":\"BreadcrumbList\",\"@id\":\"https:\\\/\\\/vitablanca.ma\\\/produit\\\/now-foods-vitamine-k-2-100-mcg-100-gelules-vegetales\\\/#breadcrumb\",\"itemListElement\":[{\"@type\":\"ListItem\",\"position\":1,\"name\":\"Home\",\"item\":\"https:\\\/\\\/vitablanca.ma\\\/\"},{\"@type\":\"ListItem\",\"position\":2,\"name\":\"Tous Les Produits\",\"item\":\"https:\\\/\\\/vitablanca.ma\\\/tous-les-produits\\\/\"},{\"@type\":\"ListItem\",\"position\":3,\"name\":\"Now Foods Vitamine K-2, 100 mcg, 100 g\u00e9lules v\u00e9g\u00e9tales\"}]},{\"@type\":\"WebSite\",\"@id\":\"https:\\\/\\\/vitablanca.ma\\\/#website\",\"url\":\"https:\\\/\\\/vitablanca.ma\\\/\",\"name\":\"VitaBlanca.ma | Compl\u00e9ments alimentaires, sant\u00e9 & beaut\u00e9 au Maroc\",\"description\":\"vendre vitamines et compl\u00e9ments premium des USA &amp; Canada, Nouvelle Z\u00e9lande,Maroc (NOW Foods, Solgar, Manuka). Livraison rapide partout au Maroc.\",\"publisher\":{\"@id\":\"https:\\\/\\\/vitablanca.ma\\\/#organization\"},\"alternateName\":\"VitaBlanca.ma\",\"potentialAction\":[{\"@type\":\"SearchAction\",\"target\":{\"@type\":\"EntryPoint\",\"urlTemplate\":\"https:\\\/\\\/vitablanca.ma\\\/?s={search_term_string}\"},\"query-input\":{\"@type\":\"PropertyValueSpecification\",\"valueRequired\":true,\"valueName\":\"search_term_string\"}}],\"inLanguage\":\"en-US\"},{\"@type\":\"Organization\",\"@id\":\"https:\\\/\\\/vitablanca.ma\\\/#organization\",\"name\":\"VitaBlanca\",\"url\":\"https:\\\/\\\/vitablanca.ma\\\/\",\"logo\":{\"@type\":\"ImageObject\",\"inLanguage\":\"en-US\",\"@id\":\"https:\\\/\\\/vitablanca.ma\\\/#\\\/schema\\\/logo\\\/image\\\/\",\"url\":\"https:\\\/\\\/vitablanca.ma\\\/wp-content\\\/uploads\\\/2025\\\/05\\\/cropped-vitablanca.png\",\"contentUrl\":\"https:\\\/\\\/vitablanca.ma\\\/wp-content\\\/uploads\\\/2025\\\/05\\\/cropped-vitablanca.png\",\"width\":360,\"height\":67,\"caption\":\"VitaBlanca\"},\"image\":{\"@id\":\"https:\\\/\\\/vitablanca.ma\\\/#\\\/schema\\\/logo\\\/image\\\/\"},\"sameAs\":[\"https:\\\/\\\/www.facebook.com\\\/profile.php?id=61576678196717\",\"https:\\\/\\\/www.tiktok.com\\\/@vitablanca.ma\",\"https:\\\/\\\/www.instagram.com\\\/vitablanca.ma\\\/\"]}]}<\/script>\n<!-- \/ Yoast SEO plugin. -->","yoast_head_json":{"title":"Now Foods Vitamine K-2, 100 mcg, 100 g\u00e9lules - Maroc Prix","description":"D\u00e9couvrez Now Foods Vitamine K-2, 100 mcg, 100 g\u00e9lules pour soutenir la sant\u00e9 des os, favoriser une circulation sanguine saine et pr\u00e9venir la calcification .","robots":{"index":"index","follow":"follow","max-snippet":"max-snippet:-1","max-image-preview":"max-image-preview:large","max-video-preview":"max-video-preview:-1"},"canonical":"https:\/\/vitablanca.ma\/en\/product\/now-foods-vitamine-k-2-100-mcg-100-gelules-vegetales\/","og_locale":"en_US","og_type":"article","og_title":"Now Foods Vitamine K-2, 100 mcg, 100 g\u00e9lules - Maroc Prix","og_description":"D\u00e9couvrez Now Foods Vitamine K-2, 100 mcg, 100 g\u00e9lules pour soutenir la sant\u00e9 des os, favoriser une circulation sanguine saine et pr\u00e9venir la calcification .","og_url":"https:\/\/vitablanca.ma\/en\/product\/now-foods-vitamine-k-2-100-mcg-100-gelules-vegetales\/","og_site_name":"Vitablanca.ma &ndash; Sant&eacute;, vitalit&eacute; et bien-&ecirc;tre pour tous les Marocains","article_publisher":"https:\/\/www.facebook.com\/profile.php?id=61576678196717","article_modified_time":"2025-09-22T18:10:05+00:00","og_image":[{"width":1170,"height":1377,"url":"https:\/\/vitablanca.ma\/wp-content\/uploads\/2025\/09\/WhatsApp-Image-2025-09-04-at-02.47.29.jpeg","type":"image\/jpeg"}],"twitter_card":"summary_large_image","twitter_misc":{"Est. reading time":"2 minutes"},"schema":{"@context":"https:\/\/schema.org","@graph":[{"@type":["WebPage","ItemPage"],"@id":"https:\/\/vitablanca.ma\/produit\/now-foods-vitamine-k-2-100-mcg-100-gelules-vegetales\/","url":"https:\/\/vitablanca.ma\/produit\/now-foods-vitamine-k-2-100-mcg-100-gelules-vegetales\/","name":"Now Foods Vitamine K-2, 100 mcg, 100 g\u00e9lules - Maroc Prix","isPartOf":{"@id":"https:\/\/vitablanca.ma\/#website"},"primaryImageOfPage":{"@id":"https:\/\/vitablanca.ma\/produit\/now-foods-vitamine-k-2-100-mcg-100-gelules-vegetales\/#primaryimage"},"image":{"@id":"https:\/\/vitablanca.ma\/produit\/now-foods-vitamine-k-2-100-mcg-100-gelules-vegetales\/#primaryimage"},"thumbnailUrl":"https:\/\/vitablanca.ma\/wp-content\/uploads\/2025\/09\/WhatsApp-Image-2025-09-04-at-02.47.29.jpeg","datePublished":"2025-09-18T01:52:39+00:00","dateModified":"2025-09-22T18:10:05+00:00","description":"D\u00e9couvrez Now Foods Vitamine K-2, 100 mcg, 100 g\u00e9lules pour soutenir la sant\u00e9 des os, favoriser une circulation sanguine saine et pr\u00e9venir la calcification .","breadcrumb":{"@id":"https:\/\/vitablanca.ma\/produit\/now-foods-vitamine-k-2-100-mcg-100-gelules-vegetales\/#breadcrumb"},"inLanguage":"en-US","potentialAction":[{"@type":"ReadAction","target":["https:\/\/vitablanca.ma\/produit\/now-foods-vitamine-k-2-100-mcg-100-gelules-vegetales\/"]}]},{"@type":"ImageObject","inLanguage":"en-US","@id":"https:\/\/vitablanca.ma\/produit\/now-foods-vitamine-k-2-100-mcg-100-gelules-vegetales\/#primaryimage","url":"https:\/\/vitablanca.ma\/wp-content\/uploads\/2025\/09\/WhatsApp-Image-2025-09-04-at-02.47.29.jpeg","contentUrl":"https:\/\/vitablanca.ma\/wp-content\/uploads\/2025\/09\/WhatsApp-Image-2025-09-04-at-02.47.29.jpeg","width":1170,"height":1377},{"@type":"BreadcrumbList","@id":"https:\/\/vitablanca.ma\/produit\/now-foods-vitamine-k-2-100-mcg-100-gelules-vegetales\/#breadcrumb","itemListElement":[{"@type":"ListItem","position":1,"name":"Home","item":"https:\/\/vitablanca.ma\/"},{"@type":"ListItem","position":2,"name":"Tous Les Produits","item":"https:\/\/vitablanca.ma\/tous-les-produits\/"},{"@type":"ListItem","position":3,"name":"Now Foods Vitamine K-2, 100 mcg, 100 g\u00e9lules v\u00e9g\u00e9tales"}]},{"@type":"WebSite","@id":"https:\/\/vitablanca.ma\/#website","url":"https:\/\/vitablanca.ma\/","name":"VitaBlanca.ma | Food supplements, health &amp; beauty in Morocco","description":"sell premium vitamins and supplements from USA &amp; Canada, New Zealand, Morocco (NOW Foods, Solgar, Manuka). Fast delivery anywhere in Morocco.","publisher":{"@id":"https:\/\/vitablanca.ma\/#organization"},"alternateName":"VitaBlanca.ma","potentialAction":[{"@type":"SearchAction","target":{"@type":"EntryPoint","urlTemplate":"https:\/\/vitablanca.ma\/?s={search_term_string}"},"query-input":{"@type":"PropertyValueSpecification","valueRequired":true,"valueName":"search_term_string"}}],"inLanguage":"en-US"},{"@type":"Organization","@id":"https:\/\/vitablanca.ma\/#organization","name":"VitaBlanca","url":"https:\/\/vitablanca.ma\/","logo":{"@type":"ImageObject","inLanguage":"en-US","@id":"https:\/\/vitablanca.ma\/#\/schema\/logo\/image\/","url":"https:\/\/vitablanca.ma\/wp-content\/uploads\/2025\/05\/cropped-vitablanca.png","contentUrl":"https:\/\/vitablanca.ma\/wp-content\/uploads\/2025\/05\/cropped-vitablanca.png","width":360,"height":67,"caption":"VitaBlanca"},"image":{"@id":"https:\/\/vitablanca.ma\/#\/schema\/logo\/image\/"},"sameAs":["https:\/\/www.facebook.com\/profile.php?id=61576678196717","https:\/\/www.tiktok.com\/@vitablanca.ma","https:\/\/www.instagram.com\/vitablanca.ma\/"]}]}},"jetpack_sharing_enabled":true,"_links":{"self":[{"href":"https:\/\/vitablanca.ma\/en\/wp-json\/wp\/v2\/product\/25745","targetHints":{"allow":["GET"]}}],"collection":[{"href":"https:\/\/vitablanca.ma\/en\/wp-json\/wp\/v2\/product"}],"about":[{"href":"https:\/\/vitablanca.ma\/en\/wp-json\/wp\/v2\/types\/product"}],"wp:featuredmedia":[{"embeddable":true,"href":"https:\/\/vitablanca.ma\/en\/wp-json\/wp\/v2\/media\/25809"}],"wp:attachment":[{"href":"https:\/\/vitablanca.ma\/en\/wp-json\/wp\/v2\/media?parent=25745"}],"wp:term":[{"taxonomy":"product_brand","embeddable":true,"href":"https:\/\/vitablanca.ma\/en\/wp-json\/wp\/v2\/product_brand?post=25745"},{"taxonomy":"product_cat","embeddable":true,"href":"https:\/\/vitablanca.ma\/en\/wp-json\/wp\/v2\/product_cat?post=25745"},{"taxonomy":"product_tag","embeddable":true,"href":"https:\/\/vitablanca.ma\/en\/wp-json\/wp\/v2\/product_tag?post=25745"}],"curies":[{"name":"wp","href":"https:\/\/api.w.org\/{rel}","templated":true}]}}