{"id":25742,"date":"2025-09-18T01:52:38","date_gmt":"2025-09-18T01:52:38","guid":{"rendered":"https:\/\/vitablanca.ma\/?post_type=product&#038;p=25742"},"modified":"2025-09-22T18:10:08","modified_gmt":"2025-09-22T18:10:08","slug":"life-extension-neuro-mag-l-threonate-de-magnesium-saveur-fruits-tropicaux-9335-g","status":"publish","type":"product","link":"https:\/\/vitablanca.ma\/en\/product\/life-extension-neuro-mag-l-threonate-de-magnesium-saveur-fruits-tropicaux-9335-g\/","title":{"rendered":"Life Extension Neuro-Mag, L-thr\u00e9onate de magn\u00e9sium, Saveur fruits tropicaux 93,35 g"},"content":{"rendered":"<p>THE <strong data-start=\"671\" data-end=\"724\">Life Extension Neuro-Mag L-Thr\u00e9onate de Magn\u00e9sium<\/strong> est une formule innovante qui apporte une forme avanc\u00e9e de magn\u00e9sium, capable d\u2019atteindre efficacement le cerveau. Associ\u00e9 \u00e0 une d\u00e9licieuse <strong data-start=\"865\" data-end=\"892\">saveur fruits tropicaux<\/strong>, ce compl\u00e9ment soutient la <strong data-start=\"920\" data-end=\"931\">m\u00e9moire<\/strong>, there <strong data-start=\"936\" data-end=\"954\">mental clarity<\/strong> and the <strong data-start=\"961\" data-end=\"978\">concentration<\/strong>. Le magn\u00e9sium est essentiel au bon fonctionnement du syst\u00e8me nerveux et \u00e0 la production d\u2019\u00e9nergie cellulaire. Neuro-Mag contribue aussi \u00e0 r\u00e9duire la fatigue, \u00e0 favoriser la d\u00e9tente et \u00e0 prot\u00e9ger la sant\u00e9 cognitive avec l\u2019\u00e2ge.<\/p>\n<p>Le magn\u00e9sium est un min\u00e9ral essentiel qui joue un r\u00f4le important dans le cerveau. Il am\u00e9liore la m\u00e9moire et rajeunit la fonction cognitive. Gr\u00e2ce \u00e0 la forme de magn\u00e9sium \u00e0 forte absorption qu&rsquo;elle contient, notre formule Neuro-Mag\u00ae est id\u00e9ale pour renforcer la m\u00e9moire et maintenir la sant\u00e9 cognitive.<\/p>\n<p>Le taux de magn\u00e9sium diminue avec l&rsquo;\u00e2ge. Le L-thr\u00e9onate de magn\u00e9sium Neuro-Mag\u00ae est id\u00e9al pour maintenir la sant\u00e9 du cerveau.<\/p>\n<p>Bienfaits du L-thr\u00e9onate de magn\u00e9sium Neuro-Mag\u00ae<\/p>\n<p>Rapidement absorb\u00e9 par le cerveau pour la jeunesse &amp; la sant\u00e9 de la fonction cognitive<\/p>\n<p>Aide \u00e0 maintenir les connexions synaptiques cruciales entre les cellules du cerveau<\/p>\n<p>Favorise le bon fonctionnement des voies de signalisation des cellules du cerveau<\/p>\n<p>Suggested Use<\/p>\n<p>Lisez l&rsquo;\u00e9tiquette dans son int\u00e9gralit\u00e9 et suivez les instructions attentivement avant d&rsquo;utiliser ce produit.<\/p>\n<p>M\u00e9langez une (1) mesure par jour \u00e0 de l&rsquo;eau ou du jus selon votre pr\u00e9f\u00e9ren<\/p>","protected":false},"excerpt":{"rendered":"<ul>\n<li>Sans OGM, certifi\u00e9 LE<\/li>\n<li>Food supplement<\/li>\n<li>Magtein &#8211; Think Clearly<\/li>\n<li>Le L-thr\u00e9onate de magn\u00e9sium produit moins d&rsquo;effet laxatif que les autres formes de magn\u00e9sium.<\/li>\n<li>Le magn\u00e9sium est un min\u00e9ral essentiel qui joue un r\u00f4le important dans le cerveau.<\/li>\n<li>\u00a0Il am\u00e9liore la m\u00e9moire et rajeunit la fonction cognitive.<\/li>\n<li>Gr\u00e2ce \u00e0 la forme de magn\u00e9sium \u00e0 forte absorption qu&rsquo;elle contient, notre formule Neuro-Mag\u00ae est id\u00e9ale pour renforcer la m\u00e9moire et maintenir la sant\u00e9 cognitive.<\/li>\n<li>Le taux de magn\u00e9sium diminue avec l&rsquo;\u00e2ge. Le L-thr\u00e9onate de magn\u00e9sium Neuro-Mag\u00ae est id\u00e9al pour maintenir la sant\u00e9 du cerveau.<\/li>\n<li>Bienfaits du L-thr\u00e9onate de magn\u00e9sium Neuro-Mag\u00ae<\/li>\n<\/ul>","protected":false},"featured_media":25803,"template":"","meta":{"om_disable_all_campaigns":false},"product_brand":[283],"product_cat":[18,3366],"product_tag":[4310,4169,4170,4308,4311,4309,3711,872,4171,3905,4172],"class_list":{"0":"post-25742","1":"product","2":"type-product","3":"status-publish","4":"has-post-thumbnail","6":"product_brand-life-extension-maroc-prix","7":"product_cat-beaute-sante","8":"product_cat-complements-alimentaires-au-maroc-vitablanca","9":"product_tag-complement-cerveau","10":"product_tag-complement-magnesium-pour-le-cerveau","11":"product_tag-life-extension-neuro-mag-l-threonate-de-magnesium","12":"product_tag-life-extension-neuro-mag-maroc","13":"product_tag-magnesium-fruits-tropicaux","14":"product_tag-magnesium-l-threonate","15":"product_tag-magnesium-l-threonate-memoire-et-concentration","16":"product_tag-memoire-et-concentration","17":"product_tag-neuro-mag-life-extension-fruits-tropicaux","18":"product_tag-sante-cognitive","19":"product_tag-soutien-cognitif-et-sante-nerveuse","21":"first","22":"instock","23":"sale","24":"taxable","25":"shipping-taxable","26":"purchasable","27":"product-type-simple"},"yoast_head":"<!-- This site is optimized with the Yoast SEO plugin v27.4 - https:\/\/yoast.com\/product\/yoast-seo-wordpress\/ -->\n<title>Life Extension Neuro-Mag L-Thr\u00e9onate de Magn\u00e9sium - Maroc Prix<\/title>\n<meta name=\"description\" content=\"D\u00e9couvrez Life Extension Neuro-Mag L-Thr\u00e9onate de Magn\u00e9sium, 93,35g avec saveur de fruits tropicaux, un suppl\u00e9ment pour am\u00e9liorer la sant\u00e9 c\u00e9r\u00e9brale.\" \/>\n<meta name=\"robots\" content=\"index, follow, max-snippet:-1, max-image-preview:large, max-video-preview:-1\" \/>\n<link rel=\"canonical\" href=\"https:\/\/vitablanca.ma\/en\/product\/life-extension-neuro-mag-l-threonate-de-magnesium-saveur-fruits-tropicaux-9335-g\/\" \/>\n<meta property=\"og:locale\" content=\"en_US\" \/>\n<meta property=\"og:type\" content=\"article\" \/>\n<meta property=\"og:title\" content=\"Life Extension Neuro-Mag L-Thr\u00e9onate de Magn\u00e9sium - Maroc Prix\" \/>\n<meta property=\"og:description\" content=\"D\u00e9couvrez Life Extension Neuro-Mag L-Thr\u00e9onate de Magn\u00e9sium, 93,35g avec saveur de fruits tropicaux, un suppl\u00e9ment pour am\u00e9liorer la sant\u00e9 c\u00e9r\u00e9brale.\" \/>\n<meta property=\"og:url\" content=\"https:\/\/vitablanca.ma\/en\/product\/life-extension-neuro-mag-l-threonate-de-magnesium-saveur-fruits-tropicaux-9335-g\/\" \/>\n<meta property=\"og:site_name\" content=\"Vitablanca.ma &ndash; Sant&eacute;, vitalit&eacute; et bien-&ecirc;tre pour tous les Marocains\" \/>\n<meta property=\"article:publisher\" content=\"https:\/\/www.facebook.com\/profile.php?id=61576678196717\" \/>\n<meta property=\"article:modified_time\" content=\"2025-09-22T18:10:08+00:00\" \/>\n<meta property=\"og:image\" content=\"https:\/\/vitablanca.ma\/wp-content\/uploads\/2025\/09\/WhatsApp-Image-2025-09-04-at-02.27.08.jpeg\" \/>\n\t<meta property=\"og:image:width\" content=\"1170\" \/>\n\t<meta property=\"og:image:height\" content=\"1447\" \/>\n\t<meta property=\"og:image:type\" content=\"image\/jpeg\" \/>\n<meta name=\"twitter:card\" content=\"summary_large_image\" \/>\n<meta name=\"twitter:label1\" content=\"Est. reading time\" \/>\n\t<meta name=\"twitter:data1\" content=\"2 minutes\" \/>\n<script type=\"application\/ld+json\" class=\"yoast-schema-graph\">{\"@context\":\"https:\\\/\\\/schema.org\",\"@graph\":[{\"@type\":[\"WebPage\",\"ItemPage\"],\"@id\":\"https:\\\/\\\/vitablanca.ma\\\/produit\\\/life-extension-neuro-mag-l-threonate-de-magnesium-saveur-fruits-tropicaux-9335-g\\\/\",\"url\":\"https:\\\/\\\/vitablanca.ma\\\/produit\\\/life-extension-neuro-mag-l-threonate-de-magnesium-saveur-fruits-tropicaux-9335-g\\\/\",\"name\":\"Life Extension Neuro-Mag L-Thr\u00e9onate de Magn\u00e9sium - Maroc Prix\",\"isPartOf\":{\"@id\":\"https:\\\/\\\/vitablanca.ma\\\/#website\"},\"primaryImageOfPage\":{\"@id\":\"https:\\\/\\\/vitablanca.ma\\\/produit\\\/life-extension-neuro-mag-l-threonate-de-magnesium-saveur-fruits-tropicaux-9335-g\\\/#primaryimage\"},\"image\":{\"@id\":\"https:\\\/\\\/vitablanca.ma\\\/produit\\\/life-extension-neuro-mag-l-threonate-de-magnesium-saveur-fruits-tropicaux-9335-g\\\/#primaryimage\"},\"thumbnailUrl\":\"https:\\\/\\\/vitablanca.ma\\\/wp-content\\\/uploads\\\/2025\\\/09\\\/WhatsApp-Image-2025-09-04-at-02.27.08.jpeg\",\"datePublished\":\"2025-09-18T01:52:38+00:00\",\"dateModified\":\"2025-09-22T18:10:08+00:00\",\"description\":\"D\u00e9couvrez Life Extension Neuro-Mag L-Thr\u00e9onate de Magn\u00e9sium, 93,35g avec saveur de fruits tropicaux, un suppl\u00e9ment pour am\u00e9liorer la sant\u00e9 c\u00e9r\u00e9brale.\",\"breadcrumb\":{\"@id\":\"https:\\\/\\\/vitablanca.ma\\\/produit\\\/life-extension-neuro-mag-l-threonate-de-magnesium-saveur-fruits-tropicaux-9335-g\\\/#breadcrumb\"},\"inLanguage\":\"en-US\",\"potentialAction\":[{\"@type\":\"ReadAction\",\"target\":[\"https:\\\/\\\/vitablanca.ma\\\/produit\\\/life-extension-neuro-mag-l-threonate-de-magnesium-saveur-fruits-tropicaux-9335-g\\\/\"]}]},{\"@type\":\"ImageObject\",\"inLanguage\":\"en-US\",\"@id\":\"https:\\\/\\\/vitablanca.ma\\\/produit\\\/life-extension-neuro-mag-l-threonate-de-magnesium-saveur-fruits-tropicaux-9335-g\\\/#primaryimage\",\"url\":\"https:\\\/\\\/vitablanca.ma\\\/wp-content\\\/uploads\\\/2025\\\/09\\\/WhatsApp-Image-2025-09-04-at-02.27.08.jpeg\",\"contentUrl\":\"https:\\\/\\\/vitablanca.ma\\\/wp-content\\\/uploads\\\/2025\\\/09\\\/WhatsApp-Image-2025-09-04-at-02.27.08.jpeg\",\"width\":1170,\"height\":1447},{\"@type\":\"BreadcrumbList\",\"@id\":\"https:\\\/\\\/vitablanca.ma\\\/produit\\\/life-extension-neuro-mag-l-threonate-de-magnesium-saveur-fruits-tropicaux-9335-g\\\/#breadcrumb\",\"itemListElement\":[{\"@type\":\"ListItem\",\"position\":1,\"name\":\"Home\",\"item\":\"https:\\\/\\\/vitablanca.ma\\\/\"},{\"@type\":\"ListItem\",\"position\":2,\"name\":\"Tous Les Produits\",\"item\":\"https:\\\/\\\/vitablanca.ma\\\/tous-les-produits\\\/\"},{\"@type\":\"ListItem\",\"position\":3,\"name\":\"Life Extension Neuro-Mag, L-thr\u00e9onate de magn\u00e9sium, Saveur fruits tropicaux 93,35 g\"}]},{\"@type\":\"WebSite\",\"@id\":\"https:\\\/\\\/vitablanca.ma\\\/#website\",\"url\":\"https:\\\/\\\/vitablanca.ma\\\/\",\"name\":\"VitaBlanca.ma | Compl\u00e9ments alimentaires, sant\u00e9 & beaut\u00e9 au Maroc\",\"description\":\"vendre vitamines et compl\u00e9ments premium des USA &amp; Canada, Nouvelle Z\u00e9lande,Maroc (NOW Foods, Solgar, Manuka). Livraison rapide partout au Maroc.\",\"publisher\":{\"@id\":\"https:\\\/\\\/vitablanca.ma\\\/#organization\"},\"alternateName\":\"VitaBlanca.ma\",\"potentialAction\":[{\"@type\":\"SearchAction\",\"target\":{\"@type\":\"EntryPoint\",\"urlTemplate\":\"https:\\\/\\\/vitablanca.ma\\\/?s={search_term_string}\"},\"query-input\":{\"@type\":\"PropertyValueSpecification\",\"valueRequired\":true,\"valueName\":\"search_term_string\"}}],\"inLanguage\":\"en-US\"},{\"@type\":\"Organization\",\"@id\":\"https:\\\/\\\/vitablanca.ma\\\/#organization\",\"name\":\"VitaBlanca\",\"url\":\"https:\\\/\\\/vitablanca.ma\\\/\",\"logo\":{\"@type\":\"ImageObject\",\"inLanguage\":\"en-US\",\"@id\":\"https:\\\/\\\/vitablanca.ma\\\/#\\\/schema\\\/logo\\\/image\\\/\",\"url\":\"https:\\\/\\\/vitablanca.ma\\\/wp-content\\\/uploads\\\/2025\\\/05\\\/cropped-vitablanca.png\",\"contentUrl\":\"https:\\\/\\\/vitablanca.ma\\\/wp-content\\\/uploads\\\/2025\\\/05\\\/cropped-vitablanca.png\",\"width\":360,\"height\":67,\"caption\":\"VitaBlanca\"},\"image\":{\"@id\":\"https:\\\/\\\/vitablanca.ma\\\/#\\\/schema\\\/logo\\\/image\\\/\"},\"sameAs\":[\"https:\\\/\\\/www.facebook.com\\\/profile.php?id=61576678196717\",\"https:\\\/\\\/www.tiktok.com\\\/@vitablanca.ma\",\"https:\\\/\\\/www.instagram.com\\\/vitablanca.ma\\\/\"]}]}<\/script>\n<!-- \/ Yoast SEO plugin. -->","yoast_head_json":{"title":"Life Extension Neuro-Mag L-Thr\u00e9onate de Magn\u00e9sium - Maroc Prix","description":"D\u00e9couvrez Life Extension Neuro-Mag L-Thr\u00e9onate de Magn\u00e9sium, 93,35g avec saveur de fruits tropicaux, un suppl\u00e9ment pour am\u00e9liorer la sant\u00e9 c\u00e9r\u00e9brale.","robots":{"index":"index","follow":"follow","max-snippet":"max-snippet:-1","max-image-preview":"max-image-preview:large","max-video-preview":"max-video-preview:-1"},"canonical":"https:\/\/vitablanca.ma\/en\/product\/life-extension-neuro-mag-l-threonate-de-magnesium-saveur-fruits-tropicaux-9335-g\/","og_locale":"en_US","og_type":"article","og_title":"Life Extension Neuro-Mag L-Thr\u00e9onate de Magn\u00e9sium - Maroc Prix","og_description":"D\u00e9couvrez Life Extension Neuro-Mag L-Thr\u00e9onate de Magn\u00e9sium, 93,35g avec saveur de fruits tropicaux, un suppl\u00e9ment pour am\u00e9liorer la sant\u00e9 c\u00e9r\u00e9brale.","og_url":"https:\/\/vitablanca.ma\/en\/product\/life-extension-neuro-mag-l-threonate-de-magnesium-saveur-fruits-tropicaux-9335-g\/","og_site_name":"Vitablanca.ma &ndash; Sant&eacute;, vitalit&eacute; et bien-&ecirc;tre pour tous les Marocains","article_publisher":"https:\/\/www.facebook.com\/profile.php?id=61576678196717","article_modified_time":"2025-09-22T18:10:08+00:00","og_image":[{"width":1170,"height":1447,"url":"https:\/\/vitablanca.ma\/wp-content\/uploads\/2025\/09\/WhatsApp-Image-2025-09-04-at-02.27.08.jpeg","type":"image\/jpeg"}],"twitter_card":"summary_large_image","twitter_misc":{"Est. reading time":"2 minutes"},"schema":{"@context":"https:\/\/schema.org","@graph":[{"@type":["WebPage","ItemPage"],"@id":"https:\/\/vitablanca.ma\/produit\/life-extension-neuro-mag-l-threonate-de-magnesium-saveur-fruits-tropicaux-9335-g\/","url":"https:\/\/vitablanca.ma\/produit\/life-extension-neuro-mag-l-threonate-de-magnesium-saveur-fruits-tropicaux-9335-g\/","name":"Life Extension Neuro-Mag L-Thr\u00e9onate de Magn\u00e9sium - Maroc Prix","isPartOf":{"@id":"https:\/\/vitablanca.ma\/#website"},"primaryImageOfPage":{"@id":"https:\/\/vitablanca.ma\/produit\/life-extension-neuro-mag-l-threonate-de-magnesium-saveur-fruits-tropicaux-9335-g\/#primaryimage"},"image":{"@id":"https:\/\/vitablanca.ma\/produit\/life-extension-neuro-mag-l-threonate-de-magnesium-saveur-fruits-tropicaux-9335-g\/#primaryimage"},"thumbnailUrl":"https:\/\/vitablanca.ma\/wp-content\/uploads\/2025\/09\/WhatsApp-Image-2025-09-04-at-02.27.08.jpeg","datePublished":"2025-09-18T01:52:38+00:00","dateModified":"2025-09-22T18:10:08+00:00","description":"D\u00e9couvrez Life Extension Neuro-Mag L-Thr\u00e9onate de Magn\u00e9sium, 93,35g avec saveur de fruits tropicaux, un suppl\u00e9ment pour am\u00e9liorer la sant\u00e9 c\u00e9r\u00e9brale.","breadcrumb":{"@id":"https:\/\/vitablanca.ma\/produit\/life-extension-neuro-mag-l-threonate-de-magnesium-saveur-fruits-tropicaux-9335-g\/#breadcrumb"},"inLanguage":"en-US","potentialAction":[{"@type":"ReadAction","target":["https:\/\/vitablanca.ma\/produit\/life-extension-neuro-mag-l-threonate-de-magnesium-saveur-fruits-tropicaux-9335-g\/"]}]},{"@type":"ImageObject","inLanguage":"en-US","@id":"https:\/\/vitablanca.ma\/produit\/life-extension-neuro-mag-l-threonate-de-magnesium-saveur-fruits-tropicaux-9335-g\/#primaryimage","url":"https:\/\/vitablanca.ma\/wp-content\/uploads\/2025\/09\/WhatsApp-Image-2025-09-04-at-02.27.08.jpeg","contentUrl":"https:\/\/vitablanca.ma\/wp-content\/uploads\/2025\/09\/WhatsApp-Image-2025-09-04-at-02.27.08.jpeg","width":1170,"height":1447},{"@type":"BreadcrumbList","@id":"https:\/\/vitablanca.ma\/produit\/life-extension-neuro-mag-l-threonate-de-magnesium-saveur-fruits-tropicaux-9335-g\/#breadcrumb","itemListElement":[{"@type":"ListItem","position":1,"name":"Home","item":"https:\/\/vitablanca.ma\/"},{"@type":"ListItem","position":2,"name":"Tous Les Produits","item":"https:\/\/vitablanca.ma\/tous-les-produits\/"},{"@type":"ListItem","position":3,"name":"Life Extension Neuro-Mag, L-thr\u00e9onate de magn\u00e9sium, Saveur fruits tropicaux 93,35 g"}]},{"@type":"WebSite","@id":"https:\/\/vitablanca.ma\/#website","url":"https:\/\/vitablanca.ma\/","name":"VitaBlanca.ma | Food supplements, health &amp; beauty in Morocco","description":"sell premium vitamins and supplements from USA &amp; Canada, New Zealand, Morocco (NOW Foods, Solgar, Manuka). Fast delivery anywhere in Morocco.","publisher":{"@id":"https:\/\/vitablanca.ma\/#organization"},"alternateName":"VitaBlanca.ma","potentialAction":[{"@type":"SearchAction","target":{"@type":"EntryPoint","urlTemplate":"https:\/\/vitablanca.ma\/?s={search_term_string}"},"query-input":{"@type":"PropertyValueSpecification","valueRequired":true,"valueName":"search_term_string"}}],"inLanguage":"en-US"},{"@type":"Organization","@id":"https:\/\/vitablanca.ma\/#organization","name":"VitaBlanca","url":"https:\/\/vitablanca.ma\/","logo":{"@type":"ImageObject","inLanguage":"en-US","@id":"https:\/\/vitablanca.ma\/#\/schema\/logo\/image\/","url":"https:\/\/vitablanca.ma\/wp-content\/uploads\/2025\/05\/cropped-vitablanca.png","contentUrl":"https:\/\/vitablanca.ma\/wp-content\/uploads\/2025\/05\/cropped-vitablanca.png","width":360,"height":67,"caption":"VitaBlanca"},"image":{"@id":"https:\/\/vitablanca.ma\/#\/schema\/logo\/image\/"},"sameAs":["https:\/\/www.facebook.com\/profile.php?id=61576678196717","https:\/\/www.tiktok.com\/@vitablanca.ma","https:\/\/www.instagram.com\/vitablanca.ma\/"]}]}},"jetpack_sharing_enabled":true,"_links":{"self":[{"href":"https:\/\/vitablanca.ma\/en\/wp-json\/wp\/v2\/product\/25742","targetHints":{"allow":["GET"]}}],"collection":[{"href":"https:\/\/vitablanca.ma\/en\/wp-json\/wp\/v2\/product"}],"about":[{"href":"https:\/\/vitablanca.ma\/en\/wp-json\/wp\/v2\/types\/product"}],"wp:featuredmedia":[{"embeddable":true,"href":"https:\/\/vitablanca.ma\/en\/wp-json\/wp\/v2\/media\/25803"}],"wp:attachment":[{"href":"https:\/\/vitablanca.ma\/en\/wp-json\/wp\/v2\/media?parent=25742"}],"wp:term":[{"taxonomy":"product_brand","embeddable":true,"href":"https:\/\/vitablanca.ma\/en\/wp-json\/wp\/v2\/product_brand?post=25742"},{"taxonomy":"product_cat","embeddable":true,"href":"https:\/\/vitablanca.ma\/en\/wp-json\/wp\/v2\/product_cat?post=25742"},{"taxonomy":"product_tag","embeddable":true,"href":"https:\/\/vitablanca.ma\/en\/wp-json\/wp\/v2\/product_tag?post=25742"}],"curies":[{"name":"wp","href":"https:\/\/api.w.org\/{rel}","templated":true}]}}