{"id":25699,"date":"2025-09-18T01:52:14","date_gmt":"2025-09-18T01:52:14","guid":{"rendered":"https:\/\/vitablanca.ma\/?post_type=product&#038;p=25699"},"modified":"2025-09-22T18:10:09","modified_gmt":"2025-09-22T18:10:09","slug":"jarrow-formulas-5-htp-50-mg-90-veg-cap-troubles-neurologiques","status":"publish","type":"product","link":"https:\/\/vitablanca.ma\/en\/product\/jarrow-formulas-5-htp-50-mg-90-veg-cap-troubles-neurologiques\/","title":{"rendered":"Jarrow Formulas 5-HTP ,50 mg, 90 Veg Cap"},"content":{"rendered":"<p data-start=\"625\" data-end=\"1025\"><strong data-start=\"625\" data-end=\"1025\">Jarrow Formulas 5-HTP, 50 mg, 90 G\u00e9lules V\u00e9g\u00e9tales<\/strong> est un suppl\u00e9ment naturel con\u00e7u pour am\u00e9liorer l\u2019humeur, le bien-\u00eatre mental et favoriser une relaxation profonde. Chaque g\u00e9lule contient 50 mg de 5-hydroxytryptophane (5-HTP), un acide amin\u00e9 d\u00e9riv\u00e9 des graines de griffonia simplicifolia, utilis\u00e9 par le corps pour produire de la s\u00e9rotonine, le neurotransmetteur li\u00e9 \u00e0 la r\u00e9gulation de l\u2019humeur.<\/p>\n<p data-start=\"1027\" data-end=\"1331\">Le 5-HTP est largement utilis\u00e9 pour soutenir les personnes cherchant \u00e0 g\u00e9rer le stress, l\u2019anxi\u00e9t\u00e9 ou les sympt\u00f4mes de la d\u00e9pression l\u00e9g\u00e8re, tout en favorisant un meilleur sommeil et une humeur plus stable. Ce suppl\u00e9ment est \u00e9galement populaire pour ses effets potentiels sur le contr\u00f4le de l\u2019app\u00e9tit.<\/p>\n<p data-start=\"1333\" data-end=\"1511\">Formul\u00e9 avec des ingr\u00e9dients v\u00e9g\u00e9taliens, ce produit est adapt\u00e9 aux personnes suivant un r\u00e9gime v\u00e9g\u00e9talien et est con\u00e7u pour une utilisation facile avec 90 g\u00e9lules v\u00e9g\u00e9tales.<\/p>\n<p data-start=\"1513\" data-end=\"1547\"><strong data-start=\"1513\" data-end=\"1547\">Main features:<\/strong><\/p>\n<ul data-start=\"1548\" data-end=\"1858\">\n<li data-start=\"1548\" data-end=\"1611\">\n<p data-start=\"1550\" data-end=\"1611\">50 mg de 5-HTP par g\u00e9lule pour un soutien naturel de l\u2019humeur<\/p>\n<\/li>\n<li data-start=\"1612\" data-end=\"1657\">\n<p data-start=\"1614\" data-end=\"1657\">90 g\u00e9lules v\u00e9g\u00e9tales pour un usage prolong\u00e9<\/p>\n<\/li>\n<li data-start=\"1658\" data-end=\"1722\">\n<p data-start=\"1660\" data-end=\"1722\">Aide \u00e0 am\u00e9liorer l\u2019humeur et \u00e0 r\u00e9duire les sympt\u00f4mes du stress<\/p>\n<\/li>\n<li data-start=\"1723\" data-end=\"1779\">\n<p data-start=\"1725\" data-end=\"1779\">Favorise un sommeil r\u00e9parateur et un bien-\u00eatre g\u00e9n\u00e9ral<\/p>\n<\/li>\n<li data-start=\"1780\" data-end=\"1858\">\n<p data-start=\"1782\" data-end=\"1858\">Convient aux v\u00e9g\u00e9taliens et fabriqu\u00e9 selon des normes de qualit\u00e9 rigoureuses<\/p>\n<\/li>\n<\/ul>\n<p data-start=\"1860\" data-end=\"1997\"><strong data-start=\"1860\" data-end=\"1997\">Int\u00e9grez Jarrow Formulas 5-HTP dans votre routine quotidienne pour un soutien naturel de votre sant\u00e9 mentale et un bien-\u00eatre optimal.<\/strong><\/p>","protected":false},"excerpt":{"rendered":"<ul>\n<li>Supports Serotonin Synthesis<\/li>\n<li>Dietary Supplement<\/li>\n<li>Gluten Free<\/li>\n<\/ul>","protected":false},"featured_media":25776,"template":"","meta":{"om_disable_all_campaigns":false},"product_brand":[1799],"product_cat":[18,3366],"product_tag":[4137,4138,4139,4140,4141],"class_list":{"0":"post-25699","1":"product","2":"type-product","3":"status-publish","4":"has-post-thumbnail","6":"product_brand-jarrow-formulas-prix-maroc","7":"product_cat-beaute-sante","8":"product_cat-complements-alimentaires-au-maroc-vitablanca","9":"product_tag-5-htp-sommeil-et-equilibre-emotionnel","10":"product_tag-5-htp-troubles-neurologiques-et-stress","11":"product_tag-complement-serotonine-naturel","12":"product_tag-griffonia-simplicifolia-5-htp","13":"product_tag-jarrow-formulas-5-htp-50-mg","15":"first","16":"instock","17":"taxable","18":"shipping-taxable","19":"purchasable","20":"product-type-simple"},"yoast_head":"<!-- This site is optimized with the Yoast SEO plugin v27.5 - https:\/\/yoast.com\/product\/yoast-seo-wordpress\/ -->\n<title>Jarrow Formulas 5-HTP ,50 mg, 90 Veg Cap - Maroc Prix<\/title>\n<meta name=\"description\" content=\"Am\u00e9liorez votre humeur et bien-\u00eatre g\u00e9n\u00e9ral avec Jarrow Formulas 5-HTP, 50 mg par g\u00e9lule. 90 g\u00e9lules v\u00e9g\u00e9tales pour un soutien naturel de la sant\u00e9 mentale.\" \/>\n<meta name=\"robots\" content=\"index, follow, max-snippet:-1, max-image-preview:large, max-video-preview:-1\" \/>\n<link rel=\"canonical\" href=\"https:\/\/vitablanca.ma\/en\/product\/jarrow-formulas-5-htp-50-mg-90-veg-cap-troubles-neurologiques\/\" \/>\n<meta property=\"og:locale\" content=\"en_US\" \/>\n<meta property=\"og:type\" content=\"article\" \/>\n<meta property=\"og:title\" content=\"Jarrow Formulas 5-HTP ,50 mg, 90 Veg Cap - Maroc Prix\" \/>\n<meta property=\"og:description\" content=\"Am\u00e9liorez votre humeur et bien-\u00eatre g\u00e9n\u00e9ral avec Jarrow Formulas 5-HTP, 50 mg par g\u00e9lule. 90 g\u00e9lules v\u00e9g\u00e9tales pour un soutien naturel de la sant\u00e9 mentale.\" \/>\n<meta property=\"og:url\" content=\"https:\/\/vitablanca.ma\/en\/product\/jarrow-formulas-5-htp-50-mg-90-veg-cap-troubles-neurologiques\/\" \/>\n<meta property=\"og:site_name\" content=\"Vitablanca.ma &ndash; Sant&eacute;, vitalit&eacute; et bien-&ecirc;tre pour tous les Marocains\" \/>\n<meta property=\"article:publisher\" content=\"https:\/\/www.facebook.com\/profile.php?id=61576678196717\" \/>\n<meta property=\"article:modified_time\" content=\"2025-09-22T18:10:09+00:00\" \/>\n<meta property=\"og:image\" content=\"https:\/\/vitablanca.ma\/wp-content\/uploads\/2025\/09\/Jarrow-Formulas-5-HTP-50-mg-90-Veg-Cap-troubles-neurologiques.jpg\" \/>\n\t<meta property=\"og:image:width\" content=\"680\" \/>\n\t<meta property=\"og:image:height\" content=\"680\" \/>\n\t<meta property=\"og:image:type\" content=\"image\/jpeg\" \/>\n<meta name=\"twitter:card\" content=\"summary_large_image\" \/>\n<meta name=\"twitter:label1\" content=\"Est. reading time\" \/>\n\t<meta name=\"twitter:data1\" content=\"2 minutes\" \/>\n<script type=\"application\/ld+json\" class=\"yoast-schema-graph\">{\"@context\":\"https:\\\/\\\/schema.org\",\"@graph\":[{\"@type\":[\"WebPage\",\"ItemPage\"],\"@id\":\"https:\\\/\\\/vitablanca.ma\\\/produit\\\/jarrow-formulas-5-htp-50-mg-90-veg-cap-troubles-neurologiques\\\/\",\"url\":\"https:\\\/\\\/vitablanca.ma\\\/produit\\\/jarrow-formulas-5-htp-50-mg-90-veg-cap-troubles-neurologiques\\\/\",\"name\":\"Jarrow Formulas 5-HTP ,50 mg, 90 Veg Cap - Maroc Prix\",\"isPartOf\":{\"@id\":\"https:\\\/\\\/vitablanca.ma\\\/#website\"},\"primaryImageOfPage\":{\"@id\":\"https:\\\/\\\/vitablanca.ma\\\/produit\\\/jarrow-formulas-5-htp-50-mg-90-veg-cap-troubles-neurologiques\\\/#primaryimage\"},\"image\":{\"@id\":\"https:\\\/\\\/vitablanca.ma\\\/produit\\\/jarrow-formulas-5-htp-50-mg-90-veg-cap-troubles-neurologiques\\\/#primaryimage\"},\"thumbnailUrl\":\"https:\\\/\\\/vitablanca.ma\\\/wp-content\\\/uploads\\\/2025\\\/09\\\/Jarrow-Formulas-5-HTP-50-mg-90-Veg-Cap-troubles-neurologiques.jpg\",\"datePublished\":\"2025-09-18T01:52:14+00:00\",\"dateModified\":\"2025-09-22T18:10:09+00:00\",\"description\":\"Am\u00e9liorez votre humeur et bien-\u00eatre g\u00e9n\u00e9ral avec Jarrow Formulas 5-HTP, 50 mg par g\u00e9lule. 90 g\u00e9lules v\u00e9g\u00e9tales pour un soutien naturel de la sant\u00e9 mentale.\",\"breadcrumb\":{\"@id\":\"https:\\\/\\\/vitablanca.ma\\\/produit\\\/jarrow-formulas-5-htp-50-mg-90-veg-cap-troubles-neurologiques\\\/#breadcrumb\"},\"inLanguage\":\"en-US\",\"potentialAction\":[{\"@type\":\"ReadAction\",\"target\":[\"https:\\\/\\\/vitablanca.ma\\\/produit\\\/jarrow-formulas-5-htp-50-mg-90-veg-cap-troubles-neurologiques\\\/\"]}]},{\"@type\":\"ImageObject\",\"inLanguage\":\"en-US\",\"@id\":\"https:\\\/\\\/vitablanca.ma\\\/produit\\\/jarrow-formulas-5-htp-50-mg-90-veg-cap-troubles-neurologiques\\\/#primaryimage\",\"url\":\"https:\\\/\\\/vitablanca.ma\\\/wp-content\\\/uploads\\\/2025\\\/09\\\/Jarrow-Formulas-5-HTP-50-mg-90-Veg-Cap-troubles-neurologiques.jpg\",\"contentUrl\":\"https:\\\/\\\/vitablanca.ma\\\/wp-content\\\/uploads\\\/2025\\\/09\\\/Jarrow-Formulas-5-HTP-50-mg-90-Veg-Cap-troubles-neurologiques.jpg\",\"width\":680,\"height\":680},{\"@type\":\"BreadcrumbList\",\"@id\":\"https:\\\/\\\/vitablanca.ma\\\/produit\\\/jarrow-formulas-5-htp-50-mg-90-veg-cap-troubles-neurologiques\\\/#breadcrumb\",\"itemListElement\":[{\"@type\":\"ListItem\",\"position\":1,\"name\":\"Home\",\"item\":\"https:\\\/\\\/vitablanca.ma\\\/\"},{\"@type\":\"ListItem\",\"position\":2,\"name\":\"Tous Les Produits\",\"item\":\"https:\\\/\\\/vitablanca.ma\\\/tous-les-produits\\\/\"},{\"@type\":\"ListItem\",\"position\":3,\"name\":\"Jarrow Formulas 5-HTP ,50 mg, 90 Veg Cap\"}]},{\"@type\":\"WebSite\",\"@id\":\"https:\\\/\\\/vitablanca.ma\\\/#website\",\"url\":\"https:\\\/\\\/vitablanca.ma\\\/\",\"name\":\"VitaBlanca.ma | Compl\u00e9ments alimentaires, sant\u00e9 & beaut\u00e9 au Maroc\",\"description\":\"vendre vitamines et compl\u00e9ments premium des USA &amp; Canada, Nouvelle Z\u00e9lande,Maroc (NOW Foods, Solgar, Manuka). Livraison rapide partout au Maroc.\",\"publisher\":{\"@id\":\"https:\\\/\\\/vitablanca.ma\\\/#organization\"},\"alternateName\":\"VitaBlanca.ma\",\"potentialAction\":[{\"@type\":\"SearchAction\",\"target\":{\"@type\":\"EntryPoint\",\"urlTemplate\":\"https:\\\/\\\/vitablanca.ma\\\/?s={search_term_string}\"},\"query-input\":{\"@type\":\"PropertyValueSpecification\",\"valueRequired\":true,\"valueName\":\"search_term_string\"}}],\"inLanguage\":\"en-US\"},{\"@type\":\"Organization\",\"@id\":\"https:\\\/\\\/vitablanca.ma\\\/#organization\",\"name\":\"VitaBlanca\",\"url\":\"https:\\\/\\\/vitablanca.ma\\\/\",\"logo\":{\"@type\":\"ImageObject\",\"inLanguage\":\"en-US\",\"@id\":\"https:\\\/\\\/vitablanca.ma\\\/#\\\/schema\\\/logo\\\/image\\\/\",\"url\":\"https:\\\/\\\/vitablanca.ma\\\/wp-content\\\/uploads\\\/2025\\\/05\\\/cropped-vitablanca.png\",\"contentUrl\":\"https:\\\/\\\/vitablanca.ma\\\/wp-content\\\/uploads\\\/2025\\\/05\\\/cropped-vitablanca.png\",\"width\":360,\"height\":67,\"caption\":\"VitaBlanca\"},\"image\":{\"@id\":\"https:\\\/\\\/vitablanca.ma\\\/#\\\/schema\\\/logo\\\/image\\\/\"},\"sameAs\":[\"https:\\\/\\\/www.facebook.com\\\/profile.php?id=61576678196717\",\"https:\\\/\\\/www.tiktok.com\\\/@vitablanca.ma\",\"https:\\\/\\\/www.instagram.com\\\/vitablanca.ma\\\/\"]}]}<\/script>\n<!-- \/ Yoast SEO plugin. -->","yoast_head_json":{"title":"Jarrow Formulas 5-HTP ,50 mg, 90 Veg Cap - Maroc Prix","description":"Am\u00e9liorez votre humeur et bien-\u00eatre g\u00e9n\u00e9ral avec Jarrow Formulas 5-HTP, 50 mg par g\u00e9lule. 90 g\u00e9lules v\u00e9g\u00e9tales pour un soutien naturel de la sant\u00e9 mentale.","robots":{"index":"index","follow":"follow","max-snippet":"max-snippet:-1","max-image-preview":"max-image-preview:large","max-video-preview":"max-video-preview:-1"},"canonical":"https:\/\/vitablanca.ma\/en\/product\/jarrow-formulas-5-htp-50-mg-90-veg-cap-troubles-neurologiques\/","og_locale":"en_US","og_type":"article","og_title":"Jarrow Formulas 5-HTP ,50 mg, 90 Veg Cap - Maroc Prix","og_description":"Am\u00e9liorez votre humeur et bien-\u00eatre g\u00e9n\u00e9ral avec Jarrow Formulas 5-HTP, 50 mg par g\u00e9lule. 90 g\u00e9lules v\u00e9g\u00e9tales pour un soutien naturel de la sant\u00e9 mentale.","og_url":"https:\/\/vitablanca.ma\/en\/product\/jarrow-formulas-5-htp-50-mg-90-veg-cap-troubles-neurologiques\/","og_site_name":"Vitablanca.ma &ndash; Sant&eacute;, vitalit&eacute; et bien-&ecirc;tre pour tous les Marocains","article_publisher":"https:\/\/www.facebook.com\/profile.php?id=61576678196717","article_modified_time":"2025-09-22T18:10:09+00:00","og_image":[{"width":680,"height":680,"url":"https:\/\/vitablanca.ma\/wp-content\/uploads\/2025\/09\/Jarrow-Formulas-5-HTP-50-mg-90-Veg-Cap-troubles-neurologiques.jpg","type":"image\/jpeg"}],"twitter_card":"summary_large_image","twitter_misc":{"Est. reading time":"2 minutes"},"schema":{"@context":"https:\/\/schema.org","@graph":[{"@type":["WebPage","ItemPage"],"@id":"https:\/\/vitablanca.ma\/produit\/jarrow-formulas-5-htp-50-mg-90-veg-cap-troubles-neurologiques\/","url":"https:\/\/vitablanca.ma\/produit\/jarrow-formulas-5-htp-50-mg-90-veg-cap-troubles-neurologiques\/","name":"Jarrow Formulas 5-HTP ,50 mg, 90 Veg Cap - Maroc Prix","isPartOf":{"@id":"https:\/\/vitablanca.ma\/#website"},"primaryImageOfPage":{"@id":"https:\/\/vitablanca.ma\/produit\/jarrow-formulas-5-htp-50-mg-90-veg-cap-troubles-neurologiques\/#primaryimage"},"image":{"@id":"https:\/\/vitablanca.ma\/produit\/jarrow-formulas-5-htp-50-mg-90-veg-cap-troubles-neurologiques\/#primaryimage"},"thumbnailUrl":"https:\/\/vitablanca.ma\/wp-content\/uploads\/2025\/09\/Jarrow-Formulas-5-HTP-50-mg-90-Veg-Cap-troubles-neurologiques.jpg","datePublished":"2025-09-18T01:52:14+00:00","dateModified":"2025-09-22T18:10:09+00:00","description":"Am\u00e9liorez votre humeur et bien-\u00eatre g\u00e9n\u00e9ral avec Jarrow Formulas 5-HTP, 50 mg par g\u00e9lule. 90 g\u00e9lules v\u00e9g\u00e9tales pour un soutien naturel de la sant\u00e9 mentale.","breadcrumb":{"@id":"https:\/\/vitablanca.ma\/produit\/jarrow-formulas-5-htp-50-mg-90-veg-cap-troubles-neurologiques\/#breadcrumb"},"inLanguage":"en-US","potentialAction":[{"@type":"ReadAction","target":["https:\/\/vitablanca.ma\/produit\/jarrow-formulas-5-htp-50-mg-90-veg-cap-troubles-neurologiques\/"]}]},{"@type":"ImageObject","inLanguage":"en-US","@id":"https:\/\/vitablanca.ma\/produit\/jarrow-formulas-5-htp-50-mg-90-veg-cap-troubles-neurologiques\/#primaryimage","url":"https:\/\/vitablanca.ma\/wp-content\/uploads\/2025\/09\/Jarrow-Formulas-5-HTP-50-mg-90-Veg-Cap-troubles-neurologiques.jpg","contentUrl":"https:\/\/vitablanca.ma\/wp-content\/uploads\/2025\/09\/Jarrow-Formulas-5-HTP-50-mg-90-Veg-Cap-troubles-neurologiques.jpg","width":680,"height":680},{"@type":"BreadcrumbList","@id":"https:\/\/vitablanca.ma\/produit\/jarrow-formulas-5-htp-50-mg-90-veg-cap-troubles-neurologiques\/#breadcrumb","itemListElement":[{"@type":"ListItem","position":1,"name":"Home","item":"https:\/\/vitablanca.ma\/"},{"@type":"ListItem","position":2,"name":"Tous Les Produits","item":"https:\/\/vitablanca.ma\/tous-les-produits\/"},{"@type":"ListItem","position":3,"name":"Jarrow Formulas 5-HTP ,50 mg, 90 Veg Cap"}]},{"@type":"WebSite","@id":"https:\/\/vitablanca.ma\/#website","url":"https:\/\/vitablanca.ma\/","name":"VitaBlanca.ma | Food supplements, health &amp; beauty in Morocco","description":"sell premium vitamins and supplements from USA &amp; Canada, New Zealand, Morocco (NOW Foods, Solgar, Manuka). Fast delivery anywhere in Morocco.","publisher":{"@id":"https:\/\/vitablanca.ma\/#organization"},"alternateName":"VitaBlanca.ma","potentialAction":[{"@type":"SearchAction","target":{"@type":"EntryPoint","urlTemplate":"https:\/\/vitablanca.ma\/?s={search_term_string}"},"query-input":{"@type":"PropertyValueSpecification","valueRequired":true,"valueName":"search_term_string"}}],"inLanguage":"en-US"},{"@type":"Organization","@id":"https:\/\/vitablanca.ma\/#organization","name":"VitaBlanca","url":"https:\/\/vitablanca.ma\/","logo":{"@type":"ImageObject","inLanguage":"en-US","@id":"https:\/\/vitablanca.ma\/#\/schema\/logo\/image\/","url":"https:\/\/vitablanca.ma\/wp-content\/uploads\/2025\/05\/cropped-vitablanca.png","contentUrl":"https:\/\/vitablanca.ma\/wp-content\/uploads\/2025\/05\/cropped-vitablanca.png","width":360,"height":67,"caption":"VitaBlanca"},"image":{"@id":"https:\/\/vitablanca.ma\/#\/schema\/logo\/image\/"},"sameAs":["https:\/\/www.facebook.com\/profile.php?id=61576678196717","https:\/\/www.tiktok.com\/@vitablanca.ma","https:\/\/www.instagram.com\/vitablanca.ma\/"]}]}},"jetpack_sharing_enabled":true,"_links":{"self":[{"href":"https:\/\/vitablanca.ma\/en\/wp-json\/wp\/v2\/product\/25699","targetHints":{"allow":["GET"]}}],"collection":[{"href":"https:\/\/vitablanca.ma\/en\/wp-json\/wp\/v2\/product"}],"about":[{"href":"https:\/\/vitablanca.ma\/en\/wp-json\/wp\/v2\/types\/product"}],"wp:featuredmedia":[{"embeddable":true,"href":"https:\/\/vitablanca.ma\/en\/wp-json\/wp\/v2\/media\/25776"}],"wp:attachment":[{"href":"https:\/\/vitablanca.ma\/en\/wp-json\/wp\/v2\/media?parent=25699"}],"wp:term":[{"taxonomy":"product_brand","embeddable":true,"href":"https:\/\/vitablanca.ma\/en\/wp-json\/wp\/v2\/product_brand?post=25699"},{"taxonomy":"product_cat","embeddable":true,"href":"https:\/\/vitablanca.ma\/en\/wp-json\/wp\/v2\/product_cat?post=25699"},{"taxonomy":"product_tag","embeddable":true,"href":"https:\/\/vitablanca.ma\/en\/wp-json\/wp\/v2\/product_tag?post=25699"}],"curies":[{"name":"wp","href":"https:\/\/api.w.org\/{rel}","templated":true}]}}