{"id":25696,"date":"2025-09-18T01:52:14","date_gmt":"2025-09-18T01:52:14","guid":{"rendered":"https:\/\/vitablanca.ma\/?post_type=product&#038;p=25696"},"modified":"2025-09-22T18:10:09","modified_gmt":"2025-09-22T18:10:09","slug":"nutribiotic-extrait-de-pepins-de-pamplemousse-250-mg-60-gelules","status":"publish","type":"product","link":"https:\/\/vitablanca.ma\/en\/product\/nutribiotic-extrait-de-pepins-de-pamplemousse-250-mg-60-gelules\/","title":{"rendered":"Nutribiotic Extrait de p\u00e9pins de pamplemousse, 250 mg, 60 g\u00e9lules"},"content":{"rendered":"<p data-start=\"658\" data-end=\"922\"><strong data-start=\"658\" data-end=\"922\">Nutribiotic Extrait de P\u00e9pins de Pamplemousse, 250 mg, 60 G\u00e9lules est un compl\u00e9ment alimentaire naturel qui aide \u00e0 renforcer votre syst\u00e8me immunitaire. Chaque g\u00e9lule contient 250 mg d\u2019extrait de p\u00e9pins de pamplemousse, un puissant antioxydant et antimicrobien.<\/strong><\/p>\n<p data-start=\"924\" data-end=\"1192\"><strong data-start=\"924\" data-end=\"1192\">L\u2019extrait de p\u00e9pins de pamplemousse est reconnu pour ses propri\u00e9t\u00e9s naturelles de soutien \u00e0 la sant\u00e9 digestive et immunitaire. Utilis\u00e9 pour ses effets anti-infectieux, il aide \u00e0 prot\u00e9ger l\u2019organisme contre les infections et \u00e0 maintenir une flore intestinale saine.<\/strong><\/p>\n<p data-start=\"1194\" data-end=\"1410\"><strong data-start=\"1194\" data-end=\"1410\">Chaque flacon contient 60 g\u00e9lules, offrant une solution pratique et naturelle pour am\u00e9liorer votre bien-\u00eatre g\u00e9n\u00e9ral. Ce produit est fabriqu\u00e9 selon des standards stricts pour garantir sa puret\u00e9 et son efficacit\u00e9.<\/strong><\/p>\n<p data-start=\"1412\" data-end=\"1446\"><strong data-start=\"1412\" data-end=\"1446\">Main features:<\/strong><\/p>\n<ul data-start=\"1447\" data-end=\"1699\">\n<li data-start=\"1447\" data-end=\"1502\">\n<p data-start=\"1449\" data-end=\"1502\">250 mg d\u2019extrait de p\u00e9pins de pamplemousse par g\u00e9lule<\/p>\n<\/li>\n<li data-start=\"1503\" data-end=\"1568\">\n<p data-start=\"1505\" data-end=\"1568\">Soutien immunitaire naturel et protection contre les infections<\/p>\n<\/li>\n<li data-start=\"1569\" data-end=\"1612\">\n<p data-start=\"1571\" data-end=\"1612\">60 g\u00e9lules pour une utilisation prolong\u00e9e<\/p>\n<\/li>\n<li data-start=\"1613\" data-end=\"1642\">\n<p data-start=\"1615\" data-end=\"1642\">Produit naturel et sans OGM<\/p>\n<\/li>\n<li data-start=\"1643\" data-end=\"1699\">\n<p data-start=\"1645\" data-end=\"1699\">Qualit\u00e9 garantie et fabriqu\u00e9 selon des normes strictes<\/p>\n<\/li>\n<\/ul>\n<p data-start=\"1701\" data-end=\"1840\" data-is-last-node=\"\" data-is-only-node=\"\"><strong data-start=\"1701\" data-end=\"1840\" data-is-last-node=\"\">Ajoutez Nutribiotic Extrait de P\u00e9pins de Pamplemousse \u00e0 votre routine pour une protection naturelle et un syst\u00e8me immunitaire renforc\u00e9.<\/strong><\/p>","protected":false},"excerpt":{"rendered":"<ul>\n<li>Where science works naturally<\/li>\n<li>La force maximale<\/li>\n<li>250 mg d&rsquo;extrait de p\u00e9pins de pamplemousse<\/li>\n<li>Vegan<\/li>\n<li>Food supplement<\/li>\n<li>Environnement naturellement frais Nitro Pak sans bact\u00e9ries<\/li>\n<li>Non test\u00e9 sur les animaux<\/li>\n<li>Fabriqu\u00e9 sans gluten ni OGM<\/li>\n<li>Les capsules NutriBiotic contiennent de l&rsquo;extrait de p\u00e9pins de pamplemousse, un compos\u00e9 d\u00e9riv\u00e9 de la graine et de la pulpe de pamplemousse.<\/li>\n<li>\u00a0Cette formule est utilis\u00e9e par les professionnels de la sant\u00e9 du monde entier.<\/li>\n<li>Chaque capsule \u00e9quivaut \u00e0 25 gouttes de concentr\u00e9 liquide NutriBiotic GSE.<\/li>\n<\/ul>","protected":false},"featured_media":25771,"template":"","meta":{"om_disable_all_campaigns":false},"product_brand":[2403],"product_cat":[18,3366],"product_tag":[4122,4123,4124,4125,4126],"class_list":{"0":"post-25696","1":"product","2":"type-product","3":"status-publish","4":"has-post-thumbnail","6":"product_brand-nutribiotic-gse","7":"product_cat-beaute-sante","8":"product_cat-complements-alimentaires-au-maroc-vitablanca","9":"product_tag-antioxydant-extrait-de-pamplemousse","10":"product_tag-complement-soutien-immunitaire-naturel","11":"product_tag-gelules-vegetariennes-pepins-de-pamplemousse","12":"product_tag-gse-250-mg-gelules","13":"product_tag-nutribiotic-extrait-de-pepins-de-pamplemousse","15":"first","16":"instock","17":"taxable","18":"shipping-taxable","19":"purchasable","20":"product-type-simple"},"yoast_head":"<!-- This site is optimized with the Yoast SEO plugin v27.5 - https:\/\/yoast.com\/product\/yoast-seo-wordpress\/ -->\n<title>Nutribiotic Extrait de P\u00e9pins de Pamplemousse 250 mg - Maroc Prix<\/title>\n<meta name=\"description\" content=\"Renforcez votre immunit\u00e9 avec l&#039;extrait de p\u00e9pins de pamplemousse Nutribiotic, 250 mg par g\u00e9lule. 60 g\u00e9lules pour un soutien naturel et efficace.\" \/>\n<meta name=\"robots\" content=\"index, follow, max-snippet:-1, max-image-preview:large, max-video-preview:-1\" \/>\n<link rel=\"canonical\" href=\"https:\/\/vitablanca.ma\/en\/product\/nutribiotic-extrait-de-pepins-de-pamplemousse-250-mg-60-gelules\/\" \/>\n<meta property=\"og:locale\" content=\"en_US\" \/>\n<meta property=\"og:type\" content=\"article\" \/>\n<meta property=\"og:title\" content=\"Nutribiotic Extrait de P\u00e9pins de Pamplemousse 250 mg - Maroc Prix\" \/>\n<meta property=\"og:description\" content=\"Renforcez votre immunit\u00e9 avec l&#039;extrait de p\u00e9pins de pamplemousse Nutribiotic, 250 mg par g\u00e9lule. 60 g\u00e9lules pour un soutien naturel et efficace.\" \/>\n<meta property=\"og:url\" content=\"https:\/\/vitablanca.ma\/en\/product\/nutribiotic-extrait-de-pepins-de-pamplemousse-250-mg-60-gelules\/\" \/>\n<meta property=\"og:site_name\" content=\"Vitablanca.ma &ndash; Sant&eacute;, vitalit&eacute; et bien-&ecirc;tre pour tous les Marocains\" \/>\n<meta property=\"article:publisher\" content=\"https:\/\/www.facebook.com\/profile.php?id=61576678196717\" \/>\n<meta property=\"article:modified_time\" content=\"2025-09-22T18:10:09+00:00\" \/>\n<meta property=\"og:image\" content=\"https:\/\/vitablanca.ma\/wp-content\/uploads\/2025\/09\/Nutribiotic-Extrait-de-pepins-de-pamplemousse-250-mg-60-gelules.jpg\" \/>\n\t<meta property=\"og:image:width\" content=\"680\" \/>\n\t<meta property=\"og:image:height\" content=\"680\" \/>\n\t<meta property=\"og:image:type\" content=\"image\/jpeg\" \/>\n<meta name=\"twitter:card\" content=\"summary_large_image\" \/>\n<meta name=\"twitter:label1\" content=\"Est. reading time\" \/>\n\t<meta name=\"twitter:data1\" content=\"2 minutes\" \/>\n<script type=\"application\/ld+json\" class=\"yoast-schema-graph\">{\"@context\":\"https:\\\/\\\/schema.org\",\"@graph\":[{\"@type\":[\"WebPage\",\"ItemPage\"],\"@id\":\"https:\\\/\\\/vitablanca.ma\\\/produit\\\/nutribiotic-extrait-de-pepins-de-pamplemousse-250-mg-60-gelules\\\/\",\"url\":\"https:\\\/\\\/vitablanca.ma\\\/produit\\\/nutribiotic-extrait-de-pepins-de-pamplemousse-250-mg-60-gelules\\\/\",\"name\":\"Nutribiotic Extrait de P\u00e9pins de Pamplemousse 250 mg - Maroc Prix\",\"isPartOf\":{\"@id\":\"https:\\\/\\\/vitablanca.ma\\\/#website\"},\"primaryImageOfPage\":{\"@id\":\"https:\\\/\\\/vitablanca.ma\\\/produit\\\/nutribiotic-extrait-de-pepins-de-pamplemousse-250-mg-60-gelules\\\/#primaryimage\"},\"image\":{\"@id\":\"https:\\\/\\\/vitablanca.ma\\\/produit\\\/nutribiotic-extrait-de-pepins-de-pamplemousse-250-mg-60-gelules\\\/#primaryimage\"},\"thumbnailUrl\":\"https:\\\/\\\/vitablanca.ma\\\/wp-content\\\/uploads\\\/2025\\\/09\\\/Nutribiotic-Extrait-de-pepins-de-pamplemousse-250-mg-60-gelules.jpg\",\"datePublished\":\"2025-09-18T01:52:14+00:00\",\"dateModified\":\"2025-09-22T18:10:09+00:00\",\"description\":\"Renforcez votre immunit\u00e9 avec l'extrait de p\u00e9pins de pamplemousse Nutribiotic, 250 mg par g\u00e9lule. 60 g\u00e9lules pour un soutien naturel et efficace.\",\"breadcrumb\":{\"@id\":\"https:\\\/\\\/vitablanca.ma\\\/produit\\\/nutribiotic-extrait-de-pepins-de-pamplemousse-250-mg-60-gelules\\\/#breadcrumb\"},\"inLanguage\":\"en-US\",\"potentialAction\":[{\"@type\":\"ReadAction\",\"target\":[\"https:\\\/\\\/vitablanca.ma\\\/produit\\\/nutribiotic-extrait-de-pepins-de-pamplemousse-250-mg-60-gelules\\\/\"]}]},{\"@type\":\"ImageObject\",\"inLanguage\":\"en-US\",\"@id\":\"https:\\\/\\\/vitablanca.ma\\\/produit\\\/nutribiotic-extrait-de-pepins-de-pamplemousse-250-mg-60-gelules\\\/#primaryimage\",\"url\":\"https:\\\/\\\/vitablanca.ma\\\/wp-content\\\/uploads\\\/2025\\\/09\\\/Nutribiotic-Extrait-de-pepins-de-pamplemousse-250-mg-60-gelules.jpg\",\"contentUrl\":\"https:\\\/\\\/vitablanca.ma\\\/wp-content\\\/uploads\\\/2025\\\/09\\\/Nutribiotic-Extrait-de-pepins-de-pamplemousse-250-mg-60-gelules.jpg\",\"width\":680,\"height\":680},{\"@type\":\"BreadcrumbList\",\"@id\":\"https:\\\/\\\/vitablanca.ma\\\/produit\\\/nutribiotic-extrait-de-pepins-de-pamplemousse-250-mg-60-gelules\\\/#breadcrumb\",\"itemListElement\":[{\"@type\":\"ListItem\",\"position\":1,\"name\":\"Home\",\"item\":\"https:\\\/\\\/vitablanca.ma\\\/\"},{\"@type\":\"ListItem\",\"position\":2,\"name\":\"Tous Les Produits\",\"item\":\"https:\\\/\\\/vitablanca.ma\\\/tous-les-produits\\\/\"},{\"@type\":\"ListItem\",\"position\":3,\"name\":\"Nutribiotic Extrait de p\u00e9pins de pamplemousse, 250 mg, 60 g\u00e9lules\"}]},{\"@type\":\"WebSite\",\"@id\":\"https:\\\/\\\/vitablanca.ma\\\/#website\",\"url\":\"https:\\\/\\\/vitablanca.ma\\\/\",\"name\":\"VitaBlanca.ma | Compl\u00e9ments alimentaires, sant\u00e9 & beaut\u00e9 au Maroc\",\"description\":\"vendre vitamines et compl\u00e9ments premium des USA &amp; Canada, Nouvelle Z\u00e9lande,Maroc (NOW Foods, Solgar, Manuka). Livraison rapide partout au Maroc.\",\"publisher\":{\"@id\":\"https:\\\/\\\/vitablanca.ma\\\/#organization\"},\"alternateName\":\"VitaBlanca.ma\",\"potentialAction\":[{\"@type\":\"SearchAction\",\"target\":{\"@type\":\"EntryPoint\",\"urlTemplate\":\"https:\\\/\\\/vitablanca.ma\\\/?s={search_term_string}\"},\"query-input\":{\"@type\":\"PropertyValueSpecification\",\"valueRequired\":true,\"valueName\":\"search_term_string\"}}],\"inLanguage\":\"en-US\"},{\"@type\":\"Organization\",\"@id\":\"https:\\\/\\\/vitablanca.ma\\\/#organization\",\"name\":\"VitaBlanca\",\"url\":\"https:\\\/\\\/vitablanca.ma\\\/\",\"logo\":{\"@type\":\"ImageObject\",\"inLanguage\":\"en-US\",\"@id\":\"https:\\\/\\\/vitablanca.ma\\\/#\\\/schema\\\/logo\\\/image\\\/\",\"url\":\"https:\\\/\\\/vitablanca.ma\\\/wp-content\\\/uploads\\\/2025\\\/05\\\/cropped-vitablanca.png\",\"contentUrl\":\"https:\\\/\\\/vitablanca.ma\\\/wp-content\\\/uploads\\\/2025\\\/05\\\/cropped-vitablanca.png\",\"width\":360,\"height\":67,\"caption\":\"VitaBlanca\"},\"image\":{\"@id\":\"https:\\\/\\\/vitablanca.ma\\\/#\\\/schema\\\/logo\\\/image\\\/\"},\"sameAs\":[\"https:\\\/\\\/www.facebook.com\\\/profile.php?id=61576678196717\",\"https:\\\/\\\/www.tiktok.com\\\/@vitablanca.ma\",\"https:\\\/\\\/www.instagram.com\\\/vitablanca.ma\\\/\"]}]}<\/script>\n<!-- \/ Yoast SEO plugin. -->","yoast_head_json":{"title":"Nutribiotic Extrait de P\u00e9pins de Pamplemousse 250 mg - Maroc Prix","description":"Renforcez votre immunit\u00e9 avec l'extrait de p\u00e9pins de pamplemousse Nutribiotic, 250 mg par g\u00e9lule. 60 g\u00e9lules pour un soutien naturel et efficace.","robots":{"index":"index","follow":"follow","max-snippet":"max-snippet:-1","max-image-preview":"max-image-preview:large","max-video-preview":"max-video-preview:-1"},"canonical":"https:\/\/vitablanca.ma\/en\/product\/nutribiotic-extrait-de-pepins-de-pamplemousse-250-mg-60-gelules\/","og_locale":"en_US","og_type":"article","og_title":"Nutribiotic Extrait de P\u00e9pins de Pamplemousse 250 mg - Maroc Prix","og_description":"Renforcez votre immunit\u00e9 avec l'extrait de p\u00e9pins de pamplemousse Nutribiotic, 250 mg par g\u00e9lule. 60 g\u00e9lules pour un soutien naturel et efficace.","og_url":"https:\/\/vitablanca.ma\/en\/product\/nutribiotic-extrait-de-pepins-de-pamplemousse-250-mg-60-gelules\/","og_site_name":"Vitablanca.ma &ndash; Sant&eacute;, vitalit&eacute; et bien-&ecirc;tre pour tous les Marocains","article_publisher":"https:\/\/www.facebook.com\/profile.php?id=61576678196717","article_modified_time":"2025-09-22T18:10:09+00:00","og_image":[{"width":680,"height":680,"url":"https:\/\/vitablanca.ma\/wp-content\/uploads\/2025\/09\/Nutribiotic-Extrait-de-pepins-de-pamplemousse-250-mg-60-gelules.jpg","type":"image\/jpeg"}],"twitter_card":"summary_large_image","twitter_misc":{"Est. reading time":"2 minutes"},"schema":{"@context":"https:\/\/schema.org","@graph":[{"@type":["WebPage","ItemPage"],"@id":"https:\/\/vitablanca.ma\/produit\/nutribiotic-extrait-de-pepins-de-pamplemousse-250-mg-60-gelules\/","url":"https:\/\/vitablanca.ma\/produit\/nutribiotic-extrait-de-pepins-de-pamplemousse-250-mg-60-gelules\/","name":"Nutribiotic Extrait de P\u00e9pins de Pamplemousse 250 mg - Maroc Prix","isPartOf":{"@id":"https:\/\/vitablanca.ma\/#website"},"primaryImageOfPage":{"@id":"https:\/\/vitablanca.ma\/produit\/nutribiotic-extrait-de-pepins-de-pamplemousse-250-mg-60-gelules\/#primaryimage"},"image":{"@id":"https:\/\/vitablanca.ma\/produit\/nutribiotic-extrait-de-pepins-de-pamplemousse-250-mg-60-gelules\/#primaryimage"},"thumbnailUrl":"https:\/\/vitablanca.ma\/wp-content\/uploads\/2025\/09\/Nutribiotic-Extrait-de-pepins-de-pamplemousse-250-mg-60-gelules.jpg","datePublished":"2025-09-18T01:52:14+00:00","dateModified":"2025-09-22T18:10:09+00:00","description":"Renforcez votre immunit\u00e9 avec l'extrait de p\u00e9pins de pamplemousse Nutribiotic, 250 mg par g\u00e9lule. 60 g\u00e9lules pour un soutien naturel et efficace.","breadcrumb":{"@id":"https:\/\/vitablanca.ma\/produit\/nutribiotic-extrait-de-pepins-de-pamplemousse-250-mg-60-gelules\/#breadcrumb"},"inLanguage":"en-US","potentialAction":[{"@type":"ReadAction","target":["https:\/\/vitablanca.ma\/produit\/nutribiotic-extrait-de-pepins-de-pamplemousse-250-mg-60-gelules\/"]}]},{"@type":"ImageObject","inLanguage":"en-US","@id":"https:\/\/vitablanca.ma\/produit\/nutribiotic-extrait-de-pepins-de-pamplemousse-250-mg-60-gelules\/#primaryimage","url":"https:\/\/vitablanca.ma\/wp-content\/uploads\/2025\/09\/Nutribiotic-Extrait-de-pepins-de-pamplemousse-250-mg-60-gelules.jpg","contentUrl":"https:\/\/vitablanca.ma\/wp-content\/uploads\/2025\/09\/Nutribiotic-Extrait-de-pepins-de-pamplemousse-250-mg-60-gelules.jpg","width":680,"height":680},{"@type":"BreadcrumbList","@id":"https:\/\/vitablanca.ma\/produit\/nutribiotic-extrait-de-pepins-de-pamplemousse-250-mg-60-gelules\/#breadcrumb","itemListElement":[{"@type":"ListItem","position":1,"name":"Home","item":"https:\/\/vitablanca.ma\/"},{"@type":"ListItem","position":2,"name":"Tous Les Produits","item":"https:\/\/vitablanca.ma\/tous-les-produits\/"},{"@type":"ListItem","position":3,"name":"Nutribiotic Extrait de p\u00e9pins de pamplemousse, 250 mg, 60 g\u00e9lules"}]},{"@type":"WebSite","@id":"https:\/\/vitablanca.ma\/#website","url":"https:\/\/vitablanca.ma\/","name":"VitaBlanca.ma | Food supplements, health &amp; beauty in Morocco","description":"sell premium vitamins and supplements from USA &amp; Canada, New Zealand, Morocco (NOW Foods, Solgar, Manuka). Fast delivery anywhere in Morocco.","publisher":{"@id":"https:\/\/vitablanca.ma\/#organization"},"alternateName":"VitaBlanca.ma","potentialAction":[{"@type":"SearchAction","target":{"@type":"EntryPoint","urlTemplate":"https:\/\/vitablanca.ma\/?s={search_term_string}"},"query-input":{"@type":"PropertyValueSpecification","valueRequired":true,"valueName":"search_term_string"}}],"inLanguage":"en-US"},{"@type":"Organization","@id":"https:\/\/vitablanca.ma\/#organization","name":"VitaBlanca","url":"https:\/\/vitablanca.ma\/","logo":{"@type":"ImageObject","inLanguage":"en-US","@id":"https:\/\/vitablanca.ma\/#\/schema\/logo\/image\/","url":"https:\/\/vitablanca.ma\/wp-content\/uploads\/2025\/05\/cropped-vitablanca.png","contentUrl":"https:\/\/vitablanca.ma\/wp-content\/uploads\/2025\/05\/cropped-vitablanca.png","width":360,"height":67,"caption":"VitaBlanca"},"image":{"@id":"https:\/\/vitablanca.ma\/#\/schema\/logo\/image\/"},"sameAs":["https:\/\/www.facebook.com\/profile.php?id=61576678196717","https:\/\/www.tiktok.com\/@vitablanca.ma","https:\/\/www.instagram.com\/vitablanca.ma\/"]}]}},"jetpack_sharing_enabled":true,"_links":{"self":[{"href":"https:\/\/vitablanca.ma\/en\/wp-json\/wp\/v2\/product\/25696","targetHints":{"allow":["GET"]}}],"collection":[{"href":"https:\/\/vitablanca.ma\/en\/wp-json\/wp\/v2\/product"}],"about":[{"href":"https:\/\/vitablanca.ma\/en\/wp-json\/wp\/v2\/types\/product"}],"wp:featuredmedia":[{"embeddable":true,"href":"https:\/\/vitablanca.ma\/en\/wp-json\/wp\/v2\/media\/25771"}],"wp:attachment":[{"href":"https:\/\/vitablanca.ma\/en\/wp-json\/wp\/v2\/media?parent=25696"}],"wp:term":[{"taxonomy":"product_brand","embeddable":true,"href":"https:\/\/vitablanca.ma\/en\/wp-json\/wp\/v2\/product_brand?post=25696"},{"taxonomy":"product_cat","embeddable":true,"href":"https:\/\/vitablanca.ma\/en\/wp-json\/wp\/v2\/product_cat?post=25696"},{"taxonomy":"product_tag","embeddable":true,"href":"https:\/\/vitablanca.ma\/en\/wp-json\/wp\/v2\/product_tag?post=25696"}],"curies":[{"name":"wp","href":"https:\/\/api.w.org\/{rel}","templated":true}]}}