{"id":25685,"date":"2025-09-18T01:52:11","date_gmt":"2025-09-18T01:52:11","guid":{"rendered":"https:\/\/vitablanca.ma\/?post_type=product&#038;p=25685"},"modified":"2025-09-22T18:10:11","modified_gmt":"2025-09-22T18:10:11","slug":"natures-answer-bacopa-500-mg-90-vegetarian-capsules-bacopa-monnieri","status":"publish","type":"product","link":"https:\/\/vitablanca.ma\/en\/product\/natures-answer-bacopa-500-mg-90-vegetarian-capsules-bacopa-monnieri\/","title":{"rendered":"Nature&rsquo;S Answer Bacopa monnieri, 500 mg, 90 Vegetarian Capsules"},"content":{"rendered":"<p>Advanced Botanical Fingerprint Technology\u00ae<br \/>\nLe g\u00e9nie de M\u00e8re Nature dans chaque bouteille, comme il se doit<br \/>\n\u201cLa vraie valeur d\u2019une plante r\u00e9side au c\u0153ur m\u00eame de son \u00e9quilibre holistique naturel.\u201d<br \/>\nFrank D\u2019Amelio Sr., Fondateur, Nature\u2019s Answer\u00ae<br \/>\nGr\u00e2ce \u00e0 l\u2019un des herbiers les plus complets au monde, Nature\u2019s Answer\u00ae a identifi\u00e9 l\u2019empreinte botanique unique de M\u00e8re Nature pour plus de 800 normes de r\u00e9f\u00e9rence uniques de plantes. Gr\u00e2ce \u00e0 l\u2019utilisation d\u2019Advanced Botanical Fingerprint Technology\u00ae, ces \u00e9chantillons authentifi\u00e9s servent de norme pour \u00e9valuer toute mati\u00e8re premi\u00e8re entrante.<br \/>\nNous utilisons des techniques d\u2019extraction soigneusement contr\u00f4l\u00e9es afin de capturer l\u2019\u00e9quilibre holistique (holistic balance\u00ae) de chaque plante et d\u2019en transmettre la valeur jusqu\u2019\u00e0 vous, le consommateur. Ainsi, avec Plant to Shelf\u2122, soyez certain de savoir exactement ce que contient le produit entre vos mains et qu\u2019il est authentique, s\u00fbr, efficace, \u00e9quilibr\u00e9 sur le plan holistique (holistically balanced\u00ae) et bien s\u00fbr\u2026 Nature\u2019s Answer\u00ae.<br \/>\nThe True Natural of Our Standards go way beyond the herb\u2026\u2122<br \/>\nUne entreprise de confiance, \u00e9thique et familiale depuis 1972Nous suivons les Bonnes Pratiques de Fabrication, notre installation est certifi\u00e9e BPF actuellesPlus de 100 points de contr\u00f4le qualit\u00e9 pour chaque bouteilleInt\u00e9gr\u00e9 verticalement : Pour une qualit\u00e9 sup\u00e9rieure au meilleur prix possibleNous sommes fiers d\u2019\u00eatre implant\u00e9s aux \u00c9tats-Unis et d\u2019assurer notre production avec responsabilit\u00e9 et amourUsage sugg\u00e9r\u00e9En compl\u00e9ment alimentaire, prenez une (1) capsule deux fois par jour, de pr\u00e9f\u00e9rence au petit-d\u00e9jeuner et au d\u00e9jeuner.<br \/>\nAutres ingr\u00e9dientsCellulose v\u00e9g\u00e9tale (capsule), cellulose microcristalline, silicate de calcium.<br \/>\nAvertissementsTenir hors de port\u00e9e des enfants. Ne pas utiliser si l\u2019opercule de protection est perc\u00e9 ou manquant. Consultez votre professionnel de la sant\u00e9 avant toute utilisation si vous \u00eates enceinte, allaitez, suivez un traitement m\u00e9dical, pr\u00e9voyez une proc\u00e9dure m\u00e9dicale ou souffrez d\u2019une affection m\u00e9dicale.<br \/>\n\u00c0 conserver dans un endroit frais et sec.<\/p>","protected":false},"excerpt":{"rendered":"<ul>\n<li>Depuis 1972<\/li>\n<li>Plante standardis\u00e9e<\/li>\n<li>Hysope d\u2019eau<\/li>\n<li>Extrait d\u2019hysope d\u2019eau standardis\u00e9 \u00e0 20\u00a0% de bacosides<\/li>\n<li>Plante ayurv\u00e9dique<\/li>\n<li>Holistically Balanced\u00ae<\/li>\n<li>Vegan<\/li>\n<li>Gluten free<\/li>\n<li>Food supplement<\/li>\n<\/ul>","protected":false},"featured_media":25730,"template":"","meta":{"om_disable_all_campaigns":false},"product_brand":[248],"product_cat":[18,3366],"product_tag":[4073,4074,3211],"class_list":{"0":"post-25685","1":"product","2":"type-product","3":"status-publish","4":"has-post-thumbnail","6":"product_brand-natures-answer","7":"product_cat-beaute-sante","8":"product_cat-complements-alimentaires-au-maroc-vitablanca","9":"product_tag-bacopa-monnieri-500-mg","10":"product_tag-natures-answer-bacopa","11":"product_tag-soutien-cognitif-naturel","13":"first","14":"instock","15":"taxable","16":"shipping-taxable","17":"purchasable","18":"product-type-simple"},"yoast_head":"<!-- This site is optimized with the Yoast SEO plugin v27.5 - https:\/\/yoast.com\/product\/yoast-seo-wordpress\/ -->\n<title>Nature&#039;S Answer Bacopa monnieri 500 mg 90 Capsules - Maroc Prix<\/title>\n<meta name=\"description\" content=\"D\u00e9couvrez Nature&#039;s Answer Bacopa 500 mg, 90 capsules v\u00e9g\u00e9tariennes, un suppl\u00e9ment naturel \u00e0 base de Bacopa monnieri pour am\u00e9liorer la m\u00e9moire,\" \/>\n<meta name=\"robots\" content=\"index, follow, max-snippet:-1, max-image-preview:large, max-video-preview:-1\" \/>\n<link rel=\"canonical\" href=\"https:\/\/vitablanca.ma\/en\/product\/natures-answer-bacopa-500-mg-90-vegetarian-capsules-bacopa-monnieri\/\" \/>\n<meta property=\"og:locale\" content=\"en_US\" \/>\n<meta property=\"og:type\" content=\"article\" \/>\n<meta property=\"og:title\" content=\"Nature&#039;S Answer Bacopa monnieri 500 mg 90 Capsules - Maroc Prix\" \/>\n<meta property=\"og:description\" content=\"D\u00e9couvrez Nature&#039;s Answer Bacopa 500 mg, 90 capsules v\u00e9g\u00e9tariennes, un suppl\u00e9ment naturel \u00e0 base de Bacopa monnieri pour am\u00e9liorer la m\u00e9moire,\" \/>\n<meta property=\"og:url\" content=\"https:\/\/vitablanca.ma\/en\/product\/natures-answer-bacopa-500-mg-90-vegetarian-capsules-bacopa-monnieri\/\" \/>\n<meta property=\"og:site_name\" content=\"Vitablanca.ma &ndash; Sant&eacute;, vitalit&eacute; et bien-&ecirc;tre pour tous les Marocains\" \/>\n<meta property=\"article:publisher\" content=\"https:\/\/www.facebook.com\/profile.php?id=61576678196717\" \/>\n<meta property=\"article:modified_time\" content=\"2025-09-22T18:10:11+00:00\" \/>\n<meta property=\"og:image\" content=\"https:\/\/vitablanca.ma\/wp-content\/uploads\/2025\/09\/WhatsApp-Image-2025-09-03-at-02.22.56.jpeg\" \/>\n\t<meta property=\"og:image:width\" content=\"1170\" \/>\n\t<meta property=\"og:image:height\" content=\"1429\" \/>\n\t<meta property=\"og:image:type\" content=\"image\/jpeg\" \/>\n<meta name=\"twitter:card\" content=\"summary_large_image\" \/>\n<meta name=\"twitter:label1\" content=\"Est. reading time\" \/>\n\t<meta name=\"twitter:data1\" content=\"2 minutes\" \/>\n<script type=\"application\/ld+json\" class=\"yoast-schema-graph\">{\"@context\":\"https:\\\/\\\/schema.org\",\"@graph\":[{\"@type\":[\"WebPage\",\"ItemPage\"],\"@id\":\"https:\\\/\\\/vitablanca.ma\\\/produit\\\/natures-answer-bacopa-500-mg-90-vegetarian-capsules-bacopa-monnieri\\\/\",\"url\":\"https:\\\/\\\/vitablanca.ma\\\/produit\\\/natures-answer-bacopa-500-mg-90-vegetarian-capsules-bacopa-monnieri\\\/\",\"name\":\"Nature'S Answer Bacopa monnieri 500 mg 90 Capsules - Maroc Prix\",\"isPartOf\":{\"@id\":\"https:\\\/\\\/vitablanca.ma\\\/#website\"},\"primaryImageOfPage\":{\"@id\":\"https:\\\/\\\/vitablanca.ma\\\/produit\\\/natures-answer-bacopa-500-mg-90-vegetarian-capsules-bacopa-monnieri\\\/#primaryimage\"},\"image\":{\"@id\":\"https:\\\/\\\/vitablanca.ma\\\/produit\\\/natures-answer-bacopa-500-mg-90-vegetarian-capsules-bacopa-monnieri\\\/#primaryimage\"},\"thumbnailUrl\":\"https:\\\/\\\/vitablanca.ma\\\/wp-content\\\/uploads\\\/2025\\\/09\\\/WhatsApp-Image-2025-09-03-at-02.22.56.jpeg\",\"datePublished\":\"2025-09-18T01:52:11+00:00\",\"dateModified\":\"2025-09-22T18:10:11+00:00\",\"description\":\"D\u00e9couvrez Nature's Answer Bacopa 500 mg, 90 capsules v\u00e9g\u00e9tariennes, un suppl\u00e9ment naturel \u00e0 base de Bacopa monnieri pour am\u00e9liorer la m\u00e9moire,\",\"breadcrumb\":{\"@id\":\"https:\\\/\\\/vitablanca.ma\\\/produit\\\/natures-answer-bacopa-500-mg-90-vegetarian-capsules-bacopa-monnieri\\\/#breadcrumb\"},\"inLanguage\":\"en-US\",\"potentialAction\":[{\"@type\":\"ReadAction\",\"target\":[\"https:\\\/\\\/vitablanca.ma\\\/produit\\\/natures-answer-bacopa-500-mg-90-vegetarian-capsules-bacopa-monnieri\\\/\"]}]},{\"@type\":\"ImageObject\",\"inLanguage\":\"en-US\",\"@id\":\"https:\\\/\\\/vitablanca.ma\\\/produit\\\/natures-answer-bacopa-500-mg-90-vegetarian-capsules-bacopa-monnieri\\\/#primaryimage\",\"url\":\"https:\\\/\\\/vitablanca.ma\\\/wp-content\\\/uploads\\\/2025\\\/09\\\/WhatsApp-Image-2025-09-03-at-02.22.56.jpeg\",\"contentUrl\":\"https:\\\/\\\/vitablanca.ma\\\/wp-content\\\/uploads\\\/2025\\\/09\\\/WhatsApp-Image-2025-09-03-at-02.22.56.jpeg\",\"width\":1170,\"height\":1429},{\"@type\":\"BreadcrumbList\",\"@id\":\"https:\\\/\\\/vitablanca.ma\\\/produit\\\/natures-answer-bacopa-500-mg-90-vegetarian-capsules-bacopa-monnieri\\\/#breadcrumb\",\"itemListElement\":[{\"@type\":\"ListItem\",\"position\":1,\"name\":\"Home\",\"item\":\"https:\\\/\\\/vitablanca.ma\\\/\"},{\"@type\":\"ListItem\",\"position\":2,\"name\":\"Tous Les Produits\",\"item\":\"https:\\\/\\\/vitablanca.ma\\\/tous-les-produits\\\/\"},{\"@type\":\"ListItem\",\"position\":3,\"name\":\"Nature&#8217;S Answer Bacopa monnieri, 500 mg, 90 Vegetarian Capsules\"}]},{\"@type\":\"WebSite\",\"@id\":\"https:\\\/\\\/vitablanca.ma\\\/#website\",\"url\":\"https:\\\/\\\/vitablanca.ma\\\/\",\"name\":\"VitaBlanca.ma | Compl\u00e9ments alimentaires, sant\u00e9 & beaut\u00e9 au Maroc\",\"description\":\"vendre vitamines et compl\u00e9ments premium des USA &amp; Canada, Nouvelle Z\u00e9lande,Maroc (NOW Foods, Solgar, Manuka). Livraison rapide partout au Maroc.\",\"publisher\":{\"@id\":\"https:\\\/\\\/vitablanca.ma\\\/#organization\"},\"alternateName\":\"VitaBlanca.ma\",\"potentialAction\":[{\"@type\":\"SearchAction\",\"target\":{\"@type\":\"EntryPoint\",\"urlTemplate\":\"https:\\\/\\\/vitablanca.ma\\\/?s={search_term_string}\"},\"query-input\":{\"@type\":\"PropertyValueSpecification\",\"valueRequired\":true,\"valueName\":\"search_term_string\"}}],\"inLanguage\":\"en-US\"},{\"@type\":\"Organization\",\"@id\":\"https:\\\/\\\/vitablanca.ma\\\/#organization\",\"name\":\"VitaBlanca\",\"url\":\"https:\\\/\\\/vitablanca.ma\\\/\",\"logo\":{\"@type\":\"ImageObject\",\"inLanguage\":\"en-US\",\"@id\":\"https:\\\/\\\/vitablanca.ma\\\/#\\\/schema\\\/logo\\\/image\\\/\",\"url\":\"https:\\\/\\\/vitablanca.ma\\\/wp-content\\\/uploads\\\/2025\\\/05\\\/cropped-vitablanca.png\",\"contentUrl\":\"https:\\\/\\\/vitablanca.ma\\\/wp-content\\\/uploads\\\/2025\\\/05\\\/cropped-vitablanca.png\",\"width\":360,\"height\":67,\"caption\":\"VitaBlanca\"},\"image\":{\"@id\":\"https:\\\/\\\/vitablanca.ma\\\/#\\\/schema\\\/logo\\\/image\\\/\"},\"sameAs\":[\"https:\\\/\\\/www.facebook.com\\\/profile.php?id=61576678196717\",\"https:\\\/\\\/www.tiktok.com\\\/@vitablanca.ma\",\"https:\\\/\\\/www.instagram.com\\\/vitablanca.ma\\\/\"]}]}<\/script>\n<!-- \/ Yoast SEO plugin. -->","yoast_head_json":{"title":"Nature'S Answer Bacopa monnieri 500 mg 90 Capsules - Maroc Prix","description":"D\u00e9couvrez Nature's Answer Bacopa 500 mg, 90 capsules v\u00e9g\u00e9tariennes, un suppl\u00e9ment naturel \u00e0 base de Bacopa monnieri pour am\u00e9liorer la m\u00e9moire,","robots":{"index":"index","follow":"follow","max-snippet":"max-snippet:-1","max-image-preview":"max-image-preview:large","max-video-preview":"max-video-preview:-1"},"canonical":"https:\/\/vitablanca.ma\/en\/product\/natures-answer-bacopa-500-mg-90-vegetarian-capsules-bacopa-monnieri\/","og_locale":"en_US","og_type":"article","og_title":"Nature'S Answer Bacopa monnieri 500 mg 90 Capsules - Maroc Prix","og_description":"D\u00e9couvrez Nature's Answer Bacopa 500 mg, 90 capsules v\u00e9g\u00e9tariennes, un suppl\u00e9ment naturel \u00e0 base de Bacopa monnieri pour am\u00e9liorer la m\u00e9moire,","og_url":"https:\/\/vitablanca.ma\/en\/product\/natures-answer-bacopa-500-mg-90-vegetarian-capsules-bacopa-monnieri\/","og_site_name":"Vitablanca.ma &ndash; Sant&eacute;, vitalit&eacute; et bien-&ecirc;tre pour tous les Marocains","article_publisher":"https:\/\/www.facebook.com\/profile.php?id=61576678196717","article_modified_time":"2025-09-22T18:10:11+00:00","og_image":[{"width":1170,"height":1429,"url":"https:\/\/vitablanca.ma\/wp-content\/uploads\/2025\/09\/WhatsApp-Image-2025-09-03-at-02.22.56.jpeg","type":"image\/jpeg"}],"twitter_card":"summary_large_image","twitter_misc":{"Est. reading time":"2 minutes"},"schema":{"@context":"https:\/\/schema.org","@graph":[{"@type":["WebPage","ItemPage"],"@id":"https:\/\/vitablanca.ma\/produit\/natures-answer-bacopa-500-mg-90-vegetarian-capsules-bacopa-monnieri\/","url":"https:\/\/vitablanca.ma\/produit\/natures-answer-bacopa-500-mg-90-vegetarian-capsules-bacopa-monnieri\/","name":"Nature'S Answer Bacopa monnieri 500 mg 90 Capsules - Maroc Prix","isPartOf":{"@id":"https:\/\/vitablanca.ma\/#website"},"primaryImageOfPage":{"@id":"https:\/\/vitablanca.ma\/produit\/natures-answer-bacopa-500-mg-90-vegetarian-capsules-bacopa-monnieri\/#primaryimage"},"image":{"@id":"https:\/\/vitablanca.ma\/produit\/natures-answer-bacopa-500-mg-90-vegetarian-capsules-bacopa-monnieri\/#primaryimage"},"thumbnailUrl":"https:\/\/vitablanca.ma\/wp-content\/uploads\/2025\/09\/WhatsApp-Image-2025-09-03-at-02.22.56.jpeg","datePublished":"2025-09-18T01:52:11+00:00","dateModified":"2025-09-22T18:10:11+00:00","description":"D\u00e9couvrez Nature's Answer Bacopa 500 mg, 90 capsules v\u00e9g\u00e9tariennes, un suppl\u00e9ment naturel \u00e0 base de Bacopa monnieri pour am\u00e9liorer la m\u00e9moire,","breadcrumb":{"@id":"https:\/\/vitablanca.ma\/produit\/natures-answer-bacopa-500-mg-90-vegetarian-capsules-bacopa-monnieri\/#breadcrumb"},"inLanguage":"en-US","potentialAction":[{"@type":"ReadAction","target":["https:\/\/vitablanca.ma\/produit\/natures-answer-bacopa-500-mg-90-vegetarian-capsules-bacopa-monnieri\/"]}]},{"@type":"ImageObject","inLanguage":"en-US","@id":"https:\/\/vitablanca.ma\/produit\/natures-answer-bacopa-500-mg-90-vegetarian-capsules-bacopa-monnieri\/#primaryimage","url":"https:\/\/vitablanca.ma\/wp-content\/uploads\/2025\/09\/WhatsApp-Image-2025-09-03-at-02.22.56.jpeg","contentUrl":"https:\/\/vitablanca.ma\/wp-content\/uploads\/2025\/09\/WhatsApp-Image-2025-09-03-at-02.22.56.jpeg","width":1170,"height":1429},{"@type":"BreadcrumbList","@id":"https:\/\/vitablanca.ma\/produit\/natures-answer-bacopa-500-mg-90-vegetarian-capsules-bacopa-monnieri\/#breadcrumb","itemListElement":[{"@type":"ListItem","position":1,"name":"Home","item":"https:\/\/vitablanca.ma\/"},{"@type":"ListItem","position":2,"name":"Tous Les Produits","item":"https:\/\/vitablanca.ma\/tous-les-produits\/"},{"@type":"ListItem","position":3,"name":"Nature&#8217;S Answer Bacopa monnieri, 500 mg, 90 Vegetarian Capsules"}]},{"@type":"WebSite","@id":"https:\/\/vitablanca.ma\/#website","url":"https:\/\/vitablanca.ma\/","name":"VitaBlanca.ma | Food supplements, health &amp; beauty in Morocco","description":"sell premium vitamins and supplements from USA &amp; Canada, New Zealand, Morocco (NOW Foods, Solgar, Manuka). Fast delivery anywhere in Morocco.","publisher":{"@id":"https:\/\/vitablanca.ma\/#organization"},"alternateName":"VitaBlanca.ma","potentialAction":[{"@type":"SearchAction","target":{"@type":"EntryPoint","urlTemplate":"https:\/\/vitablanca.ma\/?s={search_term_string}"},"query-input":{"@type":"PropertyValueSpecification","valueRequired":true,"valueName":"search_term_string"}}],"inLanguage":"en-US"},{"@type":"Organization","@id":"https:\/\/vitablanca.ma\/#organization","name":"VitaBlanca","url":"https:\/\/vitablanca.ma\/","logo":{"@type":"ImageObject","inLanguage":"en-US","@id":"https:\/\/vitablanca.ma\/#\/schema\/logo\/image\/","url":"https:\/\/vitablanca.ma\/wp-content\/uploads\/2025\/05\/cropped-vitablanca.png","contentUrl":"https:\/\/vitablanca.ma\/wp-content\/uploads\/2025\/05\/cropped-vitablanca.png","width":360,"height":67,"caption":"VitaBlanca"},"image":{"@id":"https:\/\/vitablanca.ma\/#\/schema\/logo\/image\/"},"sameAs":["https:\/\/www.facebook.com\/profile.php?id=61576678196717","https:\/\/www.tiktok.com\/@vitablanca.ma","https:\/\/www.instagram.com\/vitablanca.ma\/"]}]}},"jetpack_sharing_enabled":true,"_links":{"self":[{"href":"https:\/\/vitablanca.ma\/en\/wp-json\/wp\/v2\/product\/25685","targetHints":{"allow":["GET"]}}],"collection":[{"href":"https:\/\/vitablanca.ma\/en\/wp-json\/wp\/v2\/product"}],"about":[{"href":"https:\/\/vitablanca.ma\/en\/wp-json\/wp\/v2\/types\/product"}],"wp:featuredmedia":[{"embeddable":true,"href":"https:\/\/vitablanca.ma\/en\/wp-json\/wp\/v2\/media\/25730"}],"wp:attachment":[{"href":"https:\/\/vitablanca.ma\/en\/wp-json\/wp\/v2\/media?parent=25685"}],"wp:term":[{"taxonomy":"product_brand","embeddable":true,"href":"https:\/\/vitablanca.ma\/en\/wp-json\/wp\/v2\/product_brand?post=25685"},{"taxonomy":"product_cat","embeddable":true,"href":"https:\/\/vitablanca.ma\/en\/wp-json\/wp\/v2\/product_cat?post=25685"},{"taxonomy":"product_tag","embeddable":true,"href":"https:\/\/vitablanca.ma\/en\/wp-json\/wp\/v2\/product_tag?post=25685"}],"curies":[{"name":"wp","href":"https:\/\/api.w.org\/{rel}","templated":true}]}}