{"id":25683,"date":"2025-09-18T01:52:11","date_gmt":"2025-09-18T01:52:11","guid":{"rendered":"https:\/\/vitablanca.ma\/?post_type=product&#038;p=25683"},"modified":"2025-09-22T18:10:11","modified_gmt":"2025-09-22T18:10:11","slug":"solgar-vitamine-b12-sublinguale-1-000-mcg-250-comprimes","status":"publish","type":"product","link":"https:\/\/vitablanca.ma\/en\/product\/solgar-vitamine-b12-sublinguale-1-000-mcg-250-comprimes\/","title":{"rendered":"Solgar Vitamine B12 sublinguale, 1 000 mcg, 250 comprim\u00e9s"},"content":{"rendered":"<p>La vitamine\u00a0B12 fait partie du groupe de nutriments essentiels connu sous le nom de complexe\u00a0B. Elle soutient le m\u00e9tabolisme \u00e9nerg\u00e9tique et favorise la sant\u00e9 du syst\u00e8me nerveux. Associ\u00e9e \u00e0 l\u2019acide folique et la vitamine\u00a0B6, elle favorise la sant\u00e9 cardiaque en soutenant des taux normaux d\u2019homocyst\u00e9ine chez les personnes d\u00e9j\u00e0 en bonne sant\u00e9. La vitamine\u00a0B12 est n\u00e9cessaire au d\u00e9veloppement normal et \u00e0 la r\u00e9g\u00e9n\u00e9ration des globules rouges, qui aident \u00e0 fournir de l\u2019oxyg\u00e8ne dans tout l\u2019organisme.<\/p>","protected":false},"excerpt":{"rendered":"<ul>\n<li>Soutien \u00e9nerg\u00e9tique; La vitamine B12 fait partie d&rsquo;un groupe de nutriments essentiels connus sous le nom de complexe B; Il soutient le m\u00e9tabolisme \u00e9nerg\u00e9tique et favorise un syst\u00e8me nerveux sain.<\/li>\n<li>Soutient la sant\u00e9 cardiaque; B12 favorise la sant\u00e9 cardiaque en favorisant des niveaux sains d&rsquo;homocyst\u00e9ine d\u00e9j\u00e0 dans une fourchette normale; Il aide \u00e9galement \u00e0 la r\u00e9g\u00e9n\u00e9ration des globules rouges, qui aident \u00e0 d\u00e9livrer de l&rsquo;oxyg\u00e8ne dans tout le corps.<\/li>\n<\/ul>","protected":false},"featured_media":25727,"template":"","meta":{"om_disable_all_campaigns":false},"product_brand":[42],"product_cat":[18,3366],"product_tag":[4062,4063,4064,4065,4066,4067],"class_list":{"0":"post-25683","1":"product","2":"type-product","3":"status-publish","4":"has-post-thumbnail","6":"product_brand-solgar-prix-maroc","7":"product_cat-beaute-sante","8":"product_cat-complements-alimentaires-au-maroc-vitablanca","9":"product_tag-complement-anti-fatigue","10":"product_tag-solgar-250-comprimes","11":"product_tag-solgar-vitamine-b12-sublinguale","12":"product_tag-vitamine-b12-1000-mcg","13":"product_tag-vitamine-b12-energie","14":"product_tag-vitamine-b12-vegetarien-vegan","16":"first","17":"instock","18":"taxable","19":"shipping-taxable","20":"purchasable","21":"product-type-simple"},"yoast_head":"<!-- This site is optimized with the Yoast SEO plugin v27.5 - https:\/\/yoast.com\/product\/yoast-seo-wordpress\/ -->\n<title>Solgar Vitamine B12 sublinguale, 1 000 mcg 250 comprim\u00e9s - Maroc<\/title>\n<meta name=\"description\" content=\"Boostez votre \u00e9nergie avec Solgar Vitamine B12 Sublinguale 1,000 mcg. 250 comprim\u00e9s pour une absorption rapide et un bien-\u00eatre optimal. Livraison au Maroc.\" \/>\n<meta name=\"robots\" content=\"index, follow, max-snippet:-1, max-image-preview:large, max-video-preview:-1\" \/>\n<link rel=\"canonical\" href=\"https:\/\/vitablanca.ma\/en\/product\/solgar-vitamine-b12-sublinguale-1-000-mcg-250-comprimes\/\" \/>\n<meta property=\"og:locale\" content=\"en_US\" \/>\n<meta property=\"og:type\" content=\"article\" \/>\n<meta property=\"og:title\" content=\"Solgar Vitamine B12 sublinguale, 1 000 mcg 250 comprim\u00e9s - Maroc\" \/>\n<meta property=\"og:description\" content=\"Boostez votre \u00e9nergie avec Solgar Vitamine B12 Sublinguale 1,000 mcg. 250 comprim\u00e9s pour une absorption rapide et un bien-\u00eatre optimal. Livraison au Maroc.\" \/>\n<meta property=\"og:url\" content=\"https:\/\/vitablanca.ma\/en\/product\/solgar-vitamine-b12-sublinguale-1-000-mcg-250-comprimes\/\" \/>\n<meta property=\"og:site_name\" content=\"Vitablanca.ma &ndash; Sant&eacute;, vitalit&eacute; et bien-&ecirc;tre pour tous les Marocains\" \/>\n<meta property=\"article:publisher\" content=\"https:\/\/www.facebook.com\/profile.php?id=61576678196717\" \/>\n<meta property=\"article:modified_time\" content=\"2025-09-22T18:10:11+00:00\" \/>\n<meta property=\"og:image\" content=\"https:\/\/vitablanca.ma\/wp-content\/uploads\/2025\/09\/Solgar-Vitamine-B12-sublinguale-1-000-mcg-250-comprimes.jpg\" \/>\n\t<meta property=\"og:image:width\" content=\"680\" \/>\n\t<meta property=\"og:image:height\" content=\"680\" \/>\n\t<meta property=\"og:image:type\" content=\"image\/jpeg\" \/>\n<meta name=\"twitter:card\" content=\"summary_large_image\" \/>\n<meta name=\"twitter:label1\" content=\"Est. reading time\" \/>\n\t<meta name=\"twitter:data1\" content=\"1 minute\" \/>\n<script type=\"application\/ld+json\" class=\"yoast-schema-graph\">{\"@context\":\"https:\\\/\\\/schema.org\",\"@graph\":[{\"@type\":[\"WebPage\",\"ItemPage\"],\"@id\":\"https:\\\/\\\/vitablanca.ma\\\/produit\\\/solgar-vitamine-b12-sublinguale-1-000-mcg-250-comprimes\\\/\",\"url\":\"https:\\\/\\\/vitablanca.ma\\\/produit\\\/solgar-vitamine-b12-sublinguale-1-000-mcg-250-comprimes\\\/\",\"name\":\"Solgar Vitamine B12 sublinguale, 1 000 mcg 250 comprim\u00e9s - Maroc\",\"isPartOf\":{\"@id\":\"https:\\\/\\\/vitablanca.ma\\\/#website\"},\"primaryImageOfPage\":{\"@id\":\"https:\\\/\\\/vitablanca.ma\\\/produit\\\/solgar-vitamine-b12-sublinguale-1-000-mcg-250-comprimes\\\/#primaryimage\"},\"image\":{\"@id\":\"https:\\\/\\\/vitablanca.ma\\\/produit\\\/solgar-vitamine-b12-sublinguale-1-000-mcg-250-comprimes\\\/#primaryimage\"},\"thumbnailUrl\":\"https:\\\/\\\/vitablanca.ma\\\/wp-content\\\/uploads\\\/2025\\\/09\\\/Solgar-Vitamine-B12-sublinguale-1-000-mcg-250-comprimes.jpg\",\"datePublished\":\"2025-09-18T01:52:11+00:00\",\"dateModified\":\"2025-09-22T18:10:11+00:00\",\"description\":\"Boostez votre \u00e9nergie avec Solgar Vitamine B12 Sublinguale 1,000 mcg. 250 comprim\u00e9s pour une absorption rapide et un bien-\u00eatre optimal. Livraison au Maroc.\",\"breadcrumb\":{\"@id\":\"https:\\\/\\\/vitablanca.ma\\\/produit\\\/solgar-vitamine-b12-sublinguale-1-000-mcg-250-comprimes\\\/#breadcrumb\"},\"inLanguage\":\"en-US\",\"potentialAction\":[{\"@type\":\"ReadAction\",\"target\":[\"https:\\\/\\\/vitablanca.ma\\\/produit\\\/solgar-vitamine-b12-sublinguale-1-000-mcg-250-comprimes\\\/\"]}]},{\"@type\":\"ImageObject\",\"inLanguage\":\"en-US\",\"@id\":\"https:\\\/\\\/vitablanca.ma\\\/produit\\\/solgar-vitamine-b12-sublinguale-1-000-mcg-250-comprimes\\\/#primaryimage\",\"url\":\"https:\\\/\\\/vitablanca.ma\\\/wp-content\\\/uploads\\\/2025\\\/09\\\/Solgar-Vitamine-B12-sublinguale-1-000-mcg-250-comprimes.jpg\",\"contentUrl\":\"https:\\\/\\\/vitablanca.ma\\\/wp-content\\\/uploads\\\/2025\\\/09\\\/Solgar-Vitamine-B12-sublinguale-1-000-mcg-250-comprimes.jpg\",\"width\":680,\"height\":680},{\"@type\":\"BreadcrumbList\",\"@id\":\"https:\\\/\\\/vitablanca.ma\\\/produit\\\/solgar-vitamine-b12-sublinguale-1-000-mcg-250-comprimes\\\/#breadcrumb\",\"itemListElement\":[{\"@type\":\"ListItem\",\"position\":1,\"name\":\"Home\",\"item\":\"https:\\\/\\\/vitablanca.ma\\\/\"},{\"@type\":\"ListItem\",\"position\":2,\"name\":\"Tous Les Produits\",\"item\":\"https:\\\/\\\/vitablanca.ma\\\/tous-les-produits\\\/\"},{\"@type\":\"ListItem\",\"position\":3,\"name\":\"Solgar Vitamine B12 sublinguale, 1 000 mcg, 250 comprim\u00e9s\"}]},{\"@type\":\"WebSite\",\"@id\":\"https:\\\/\\\/vitablanca.ma\\\/#website\",\"url\":\"https:\\\/\\\/vitablanca.ma\\\/\",\"name\":\"VitaBlanca.ma | Compl\u00e9ments alimentaires, sant\u00e9 & beaut\u00e9 au Maroc\",\"description\":\"vendre vitamines et compl\u00e9ments premium des USA &amp; Canada, Nouvelle Z\u00e9lande,Maroc (NOW Foods, Solgar, Manuka). Livraison rapide partout au Maroc.\",\"publisher\":{\"@id\":\"https:\\\/\\\/vitablanca.ma\\\/#organization\"},\"alternateName\":\"VitaBlanca.ma\",\"potentialAction\":[{\"@type\":\"SearchAction\",\"target\":{\"@type\":\"EntryPoint\",\"urlTemplate\":\"https:\\\/\\\/vitablanca.ma\\\/?s={search_term_string}\"},\"query-input\":{\"@type\":\"PropertyValueSpecification\",\"valueRequired\":true,\"valueName\":\"search_term_string\"}}],\"inLanguage\":\"en-US\"},{\"@type\":\"Organization\",\"@id\":\"https:\\\/\\\/vitablanca.ma\\\/#organization\",\"name\":\"VitaBlanca\",\"url\":\"https:\\\/\\\/vitablanca.ma\\\/\",\"logo\":{\"@type\":\"ImageObject\",\"inLanguage\":\"en-US\",\"@id\":\"https:\\\/\\\/vitablanca.ma\\\/#\\\/schema\\\/logo\\\/image\\\/\",\"url\":\"https:\\\/\\\/vitablanca.ma\\\/wp-content\\\/uploads\\\/2025\\\/05\\\/cropped-vitablanca.png\",\"contentUrl\":\"https:\\\/\\\/vitablanca.ma\\\/wp-content\\\/uploads\\\/2025\\\/05\\\/cropped-vitablanca.png\",\"width\":360,\"height\":67,\"caption\":\"VitaBlanca\"},\"image\":{\"@id\":\"https:\\\/\\\/vitablanca.ma\\\/#\\\/schema\\\/logo\\\/image\\\/\"},\"sameAs\":[\"https:\\\/\\\/www.facebook.com\\\/profile.php?id=61576678196717\",\"https:\\\/\\\/www.tiktok.com\\\/@vitablanca.ma\",\"https:\\\/\\\/www.instagram.com\\\/vitablanca.ma\\\/\"]}]}<\/script>\n<!-- \/ Yoast SEO plugin. -->","yoast_head_json":{"title":"Solgar Vitamine B12 sublinguale, 1 000 mcg 250 comprim\u00e9s - Maroc","description":"Boostez votre \u00e9nergie avec Solgar Vitamine B12 Sublinguale 1,000 mcg. 250 comprim\u00e9s pour une absorption rapide et un bien-\u00eatre optimal. Livraison au Maroc.","robots":{"index":"index","follow":"follow","max-snippet":"max-snippet:-1","max-image-preview":"max-image-preview:large","max-video-preview":"max-video-preview:-1"},"canonical":"https:\/\/vitablanca.ma\/en\/product\/solgar-vitamine-b12-sublinguale-1-000-mcg-250-comprimes\/","og_locale":"en_US","og_type":"article","og_title":"Solgar Vitamine B12 sublinguale, 1 000 mcg 250 comprim\u00e9s - Maroc","og_description":"Boostez votre \u00e9nergie avec Solgar Vitamine B12 Sublinguale 1,000 mcg. 250 comprim\u00e9s pour une absorption rapide et un bien-\u00eatre optimal. Livraison au Maroc.","og_url":"https:\/\/vitablanca.ma\/en\/product\/solgar-vitamine-b12-sublinguale-1-000-mcg-250-comprimes\/","og_site_name":"Vitablanca.ma &ndash; Sant&eacute;, vitalit&eacute; et bien-&ecirc;tre pour tous les Marocains","article_publisher":"https:\/\/www.facebook.com\/profile.php?id=61576678196717","article_modified_time":"2025-09-22T18:10:11+00:00","og_image":[{"width":680,"height":680,"url":"https:\/\/vitablanca.ma\/wp-content\/uploads\/2025\/09\/Solgar-Vitamine-B12-sublinguale-1-000-mcg-250-comprimes.jpg","type":"image\/jpeg"}],"twitter_card":"summary_large_image","twitter_misc":{"Est. reading time":"1 minute"},"schema":{"@context":"https:\/\/schema.org","@graph":[{"@type":["WebPage","ItemPage"],"@id":"https:\/\/vitablanca.ma\/produit\/solgar-vitamine-b12-sublinguale-1-000-mcg-250-comprimes\/","url":"https:\/\/vitablanca.ma\/produit\/solgar-vitamine-b12-sublinguale-1-000-mcg-250-comprimes\/","name":"Solgar Vitamine B12 sublinguale, 1 000 mcg 250 comprim\u00e9s - Maroc","isPartOf":{"@id":"https:\/\/vitablanca.ma\/#website"},"primaryImageOfPage":{"@id":"https:\/\/vitablanca.ma\/produit\/solgar-vitamine-b12-sublinguale-1-000-mcg-250-comprimes\/#primaryimage"},"image":{"@id":"https:\/\/vitablanca.ma\/produit\/solgar-vitamine-b12-sublinguale-1-000-mcg-250-comprimes\/#primaryimage"},"thumbnailUrl":"https:\/\/vitablanca.ma\/wp-content\/uploads\/2025\/09\/Solgar-Vitamine-B12-sublinguale-1-000-mcg-250-comprimes.jpg","datePublished":"2025-09-18T01:52:11+00:00","dateModified":"2025-09-22T18:10:11+00:00","description":"Boostez votre \u00e9nergie avec Solgar Vitamine B12 Sublinguale 1,000 mcg. 250 comprim\u00e9s pour une absorption rapide et un bien-\u00eatre optimal. Livraison au Maroc.","breadcrumb":{"@id":"https:\/\/vitablanca.ma\/produit\/solgar-vitamine-b12-sublinguale-1-000-mcg-250-comprimes\/#breadcrumb"},"inLanguage":"en-US","potentialAction":[{"@type":"ReadAction","target":["https:\/\/vitablanca.ma\/produit\/solgar-vitamine-b12-sublinguale-1-000-mcg-250-comprimes\/"]}]},{"@type":"ImageObject","inLanguage":"en-US","@id":"https:\/\/vitablanca.ma\/produit\/solgar-vitamine-b12-sublinguale-1-000-mcg-250-comprimes\/#primaryimage","url":"https:\/\/vitablanca.ma\/wp-content\/uploads\/2025\/09\/Solgar-Vitamine-B12-sublinguale-1-000-mcg-250-comprimes.jpg","contentUrl":"https:\/\/vitablanca.ma\/wp-content\/uploads\/2025\/09\/Solgar-Vitamine-B12-sublinguale-1-000-mcg-250-comprimes.jpg","width":680,"height":680},{"@type":"BreadcrumbList","@id":"https:\/\/vitablanca.ma\/produit\/solgar-vitamine-b12-sublinguale-1-000-mcg-250-comprimes\/#breadcrumb","itemListElement":[{"@type":"ListItem","position":1,"name":"Home","item":"https:\/\/vitablanca.ma\/"},{"@type":"ListItem","position":2,"name":"Tous Les Produits","item":"https:\/\/vitablanca.ma\/tous-les-produits\/"},{"@type":"ListItem","position":3,"name":"Solgar Vitamine B12 sublinguale, 1 000 mcg, 250 comprim\u00e9s"}]},{"@type":"WebSite","@id":"https:\/\/vitablanca.ma\/#website","url":"https:\/\/vitablanca.ma\/","name":"VitaBlanca.ma | Food supplements, health &amp; beauty in Morocco","description":"sell premium vitamins and supplements from USA &amp; Canada, New Zealand, Morocco (NOW Foods, Solgar, Manuka). Fast delivery anywhere in Morocco.","publisher":{"@id":"https:\/\/vitablanca.ma\/#organization"},"alternateName":"VitaBlanca.ma","potentialAction":[{"@type":"SearchAction","target":{"@type":"EntryPoint","urlTemplate":"https:\/\/vitablanca.ma\/?s={search_term_string}"},"query-input":{"@type":"PropertyValueSpecification","valueRequired":true,"valueName":"search_term_string"}}],"inLanguage":"en-US"},{"@type":"Organization","@id":"https:\/\/vitablanca.ma\/#organization","name":"VitaBlanca","url":"https:\/\/vitablanca.ma\/","logo":{"@type":"ImageObject","inLanguage":"en-US","@id":"https:\/\/vitablanca.ma\/#\/schema\/logo\/image\/","url":"https:\/\/vitablanca.ma\/wp-content\/uploads\/2025\/05\/cropped-vitablanca.png","contentUrl":"https:\/\/vitablanca.ma\/wp-content\/uploads\/2025\/05\/cropped-vitablanca.png","width":360,"height":67,"caption":"VitaBlanca"},"image":{"@id":"https:\/\/vitablanca.ma\/#\/schema\/logo\/image\/"},"sameAs":["https:\/\/www.facebook.com\/profile.php?id=61576678196717","https:\/\/www.tiktok.com\/@vitablanca.ma","https:\/\/www.instagram.com\/vitablanca.ma\/"]}]}},"jetpack_sharing_enabled":true,"_links":{"self":[{"href":"https:\/\/vitablanca.ma\/en\/wp-json\/wp\/v2\/product\/25683","targetHints":{"allow":["GET"]}}],"collection":[{"href":"https:\/\/vitablanca.ma\/en\/wp-json\/wp\/v2\/product"}],"about":[{"href":"https:\/\/vitablanca.ma\/en\/wp-json\/wp\/v2\/types\/product"}],"wp:featuredmedia":[{"embeddable":true,"href":"https:\/\/vitablanca.ma\/en\/wp-json\/wp\/v2\/media\/25727"}],"wp:attachment":[{"href":"https:\/\/vitablanca.ma\/en\/wp-json\/wp\/v2\/media?parent=25683"}],"wp:term":[{"taxonomy":"product_brand","embeddable":true,"href":"https:\/\/vitablanca.ma\/en\/wp-json\/wp\/v2\/product_brand?post=25683"},{"taxonomy":"product_cat","embeddable":true,"href":"https:\/\/vitablanca.ma\/en\/wp-json\/wp\/v2\/product_cat?post=25683"},{"taxonomy":"product_tag","embeddable":true,"href":"https:\/\/vitablanca.ma\/en\/wp-json\/wp\/v2\/product_tag?post=25683"}],"curies":[{"name":"wp","href":"https:\/\/api.w.org\/{rel}","templated":true}]}}