{"id":25627,"date":"2025-09-18T01:51:46","date_gmt":"2025-09-18T01:51:46","guid":{"rendered":"https:\/\/vitablanca.ma\/?post_type=product&#038;p=25627"},"modified":"2025-09-22T18:10:12","modified_gmt":"2025-09-22T18:10:12","slug":"now-foods-vitamine-b6-100-mg-100-capsules-vegetales","status":"publish","type":"product","link":"https:\/\/vitablanca.ma\/en\/product\/now-foods-vitamine-b6-100-mg-100-capsules-vegetales\/","title":{"rendered":"Now Foods Vitamine B6, 100 mg, 100 capsules v\u00e9g\u00e9tales"},"content":{"rendered":"<article class=\"text-token-text-primary w-full focus:outline-none scroll-mt-[calc(var(--header-height)+min(200px,max(70px,20svh)))]\" dir=\"auto\" tabindex=\"-1\" data-turn-id=\"request-68cc6b80-8420-8331-8eab-ef1038ef2723-16\" data-testid=\"conversation-turn-158\" data-scroll-anchor=\"true\" data-turn=\"assistant\">\n<div class=\"text-base my-auto mx-auto pb-10 [--thread-content-margin:--spacing(4)] thread-sm:[--thread-content-margin:--spacing(6)] thread-lg:[--thread-content-margin:--spacing(16)] px-(--thread-content-margin)\">\n<div class=\"[--thread-content-max-width:40rem] thread-lg:[--thread-content-max-width:48rem] mx-auto max-w-(--thread-content-max-width) flex-1 group\/turn-messages focus-visible:outline-hidden relative flex w-full min-w-0 flex-col agent-turn\" tabindex=\"-1\">\n<div class=\"flex max-w-full flex-col grow\">\n<div class=\"min-h-8 text-message relative flex w-full flex-col items-end gap-2 text-start break-words whitespace-normal [.text-message+&]:mt-5\" dir=\"auto\" data-message-author-role=\"assistant\" data-message-id=\"4d9e0870-4466-469e-88bc-3c898539b451\" data-message-model-slug=\"gpt-5\">\n<div class=\"flex w-full flex-col gap-1 empty:hidden first:pt-[3px]\">\n<div class=\"markdown prose dark:prose-invert w-full break-words light markdown-new-styling\">\n<p data-start=\"112\" data-end=\"518\"><strong data-start=\"112\" data-end=\"136\">Now Foods Vitamin B6<\/strong> est un suppl\u00e9ment naturel contenant <strong data-start=\"173\" data-end=\"198\">100 mg de vitamine B6<\/strong> par capsule, con\u00e7u pour soutenir plusieurs fonctions corporelles essentielles, notamment la sant\u00e9 du syst\u00e8me nerveux, la production d\u2019\u00e9nergie et le m\u00e9tabolisme des prot\u00e9ines. La vitamine B6 est un nutriment crucial qui joue un r\u00f4le cl\u00e9 dans la r\u00e9gulation des fonctions c\u00e9r\u00e9brales et la production de neurotransmetteurs.<\/p>\n<ul data-start=\"520\" data-end=\"1482\">\n<li data-start=\"520\" data-end=\"727\">\n<p data-start=\"522\" data-end=\"727\"><strong data-start=\"522\" data-end=\"552\">Soutien du Syst\u00e8me Nerveux<\/strong> : La vitamine B6 est essentielle pour la synth\u00e8se des neurotransmetteurs, comme la s\u00e9rotonine et la dopamine, qui r\u00e9gulent l\u2019humeur, la cognition et les fonctions c\u00e9r\u00e9brales.<\/p>\n<\/li>\n<li data-start=\"728\" data-end=\"906\">\n<p data-start=\"730\" data-end=\"906\"><strong data-start=\"730\" data-end=\"754\">Production d\u2019\u00c9nergie<\/strong> : La vitamine B6 aide \u00e0 la conversion des glucides en glucose, ce qui est crucial pour la production d\u2019\u00e9nergie et le bon fonctionnement du m\u00e9tabolisme.<\/p>\n<\/li>\n<li data-start=\"907\" data-end=\"1115\">\n<p data-start=\"909\" data-end=\"1115\"><strong data-start=\"909\" data-end=\"959\">M\u00e9tabolisme des Prot\u00e9ines et des Acides Amin\u00e9s<\/strong> : Elle est impliqu\u00e9e dans le m\u00e9tabolisme des prot\u00e9ines et des acides amin\u00e9s, ce qui est important pour la croissance et la r\u00e9paration des tissus corporels.<\/p>\n<\/li>\n<li data-start=\"1116\" data-end=\"1314\">\n<p data-start=\"1118\" data-end=\"1314\"><strong data-start=\"1118\" data-end=\"1138\">Formule V\u00e9g\u00e9tale<\/strong> : Chaque capsule est v\u00e9g\u00e9tarienne et sans additifs inutiles, garantissant une absorption optimale et une prise facile pour ceux qui suivent un r\u00e9gime v\u00e9g\u00e9tarien ou v\u00e9g\u00e9talien.<\/p>\n<\/li>\n<li data-start=\"1315\" data-end=\"1482\">\n<p data-start=\"1317\" data-end=\"1482\"><strong data-start=\"1317\" data-end=\"1337\">Bien-\u00eatre Global<\/strong> : La vitamine B6 soutient \u00e9galement la production de globules rouges, l\u2019\u00e9quilibre hormonal et contribue \u00e0 maintenir un syst\u00e8me immunitaire sain.<\/p>\n<\/li>\n<\/ul>\n<p data-start=\"1484\" data-end=\"1621\"><strong data-start=\"1484\" data-end=\"1499\">Utilisation<\/strong> : Prenez 1 capsule par jour, de pr\u00e9f\u00e9rence pendant un repas, ou selon les recommandations d\u2019un professionnel de la sant\u00e9.<\/p>\n<h3 data-start=\"1623\" data-end=\"1641\"><strong data-start=\"1627\" data-end=\"1640\">Bienfaits<\/strong>:<\/h3>\n<ul data-start=\"1642\" data-end=\"1907\">\n<li data-start=\"1642\" data-end=\"1701\">\n<p data-start=\"1644\" data-end=\"1701\"><strong data-start=\"1644\" data-end=\"1675\">Soutient le syst\u00e8me nerveux<\/strong> et la fonction c\u00e9r\u00e9brale.<\/p>\n<\/li>\n<li data-start=\"1702\" data-end=\"1767\">\n<p data-start=\"1704\" data-end=\"1767\"><strong data-start=\"1704\" data-end=\"1738\">Aide \u00e0 la production d\u2019\u00e9nergie<\/strong> en soutenant le m\u00e9tabolisme.<\/p>\n<\/li>\n<li data-start=\"1768\" data-end=\"1833\">\n<p data-start=\"1770\" data-end=\"1833\"><strong data-start=\"1770\" data-end=\"1811\">Favorise le m\u00e9tabolisme des prot\u00e9ines<\/strong> et des acides amin\u00e9s.<\/p>\n<\/li>\n<li data-start=\"1834\" data-end=\"1907\">\n<p data-start=\"1836\" data-end=\"1907\"><strong data-start=\"1836\" data-end=\"1860\">Formule v\u00e9g\u00e9tarienne<\/strong> pure et efficace pour une absorption maximale.<\/p>\n<\/li>\n<\/ul>\n<p data-start=\"1909\" data-end=\"2135\" data-is-last-node=\"\" data-is-only-node=\"\"><strong data-start=\"1909\" data-end=\"1940\">Now Foods Vitamin B6 100 mg<\/strong> est un suppl\u00e9ment id\u00e9al pour ceux qui cherchent \u00e0 maintenir un syst\u00e8me nerveux sain, am\u00e9liorer la production d\u2019\u00e9nergie et soutenir leur bien-\u00eatre g\u00e9n\u00e9ral avec une solution naturelle et efficace.<\/p>\n<\/div>\n<\/div>\n<\/div>\n<\/div>\n<div class=\"flex min-h-[46px] justify-start\"><\/div>\n<div class=\"mt-3 w-full empty:hidden\">\n<div class=\"text-center\"><\/div>\n<\/div>\n<\/div>\n<\/div>\n<\/article>\n<div class=\"pointer-events-none h-px w-px\" aria-hidden=\"true\" data-edge=\"true\"><\/div>\n","protected":false},"excerpt":{"rendered":"<ul>\n<li>Sant\u00e9 cardiovasculaire.<\/li>\n<li>Soutient le m\u00e9tabolisme sain de l&rsquo;homocyst\u00e9ine.<\/li>\n<li>Important pour le bon fonctionnement du syst\u00e8me nerveux.<\/li>\n<li>GMO-free.<\/li>\n<li>Dietary supplement.<\/li>\n<li>V\u00e9g\u00e9tarien\/Vegan.<\/li>\n<li>Casher.<\/li>\n<li>Vitamines.<\/li>\n<li>Entreprise familiale depuis 1968.<\/li>\n<li>Qualit\u00e9 BPF garantie.<\/li>\n<\/ul>","protected":false},"featured_media":25712,"template":"","meta":{"om_disable_all_campaigns":false},"product_brand":[83],"product_cat":[18,3366],"product_tag":[2332,4033,4039,4040,4041],"class_list":{"0":"post-25627","1":"product","2":"type-product","3":"status-publish","4":"has-post-thumbnail","6":"product_brand-now-foods-maroc-prix","7":"product_cat-beaute-sante","8":"product_cat-complements-alimentaires-au-maroc-vitablanca","9":"product_tag-100-capsules-vegetales","10":"product_tag-gmp","11":"product_tag-metabolisme-et-fonction-nerveuse","12":"product_tag-now-foods-vitamine-b6-100-mg","13":"product_tag-soutien-energie","15":"first","16":"instock","17":"taxable","18":"shipping-taxable","19":"purchasable","20":"product-type-simple"},"yoast_head":"<!-- This site is optimized with the Yoast SEO plugin v27.5 - https:\/\/yoast.com\/product\/yoast-seo-wordpress\/ -->\n<title>Now Foods Vitamine B6, 100 mg, 100 capsules - Maroc Prix<\/title>\n<meta name=\"description\" content=\"D\u00e9couvrez Now Foods Vitamin B6, 100 mg, 100 capsules, un suppl\u00e9ment essentiel pour soutenir le syst\u00e8me nerveux, la production d&#039;\u00e9nergie et le m\u00e9tabolism.\" \/>\n<meta name=\"robots\" content=\"index, follow, max-snippet:-1, max-image-preview:large, max-video-preview:-1\" \/>\n<link rel=\"canonical\" href=\"https:\/\/vitablanca.ma\/en\/product\/now-foods-vitamine-b6-100-mg-100-capsules-vegetales\/\" \/>\n<meta property=\"og:locale\" content=\"en_US\" \/>\n<meta property=\"og:type\" content=\"article\" \/>\n<meta property=\"og:title\" content=\"Now Foods Vitamine B6, 100 mg, 100 capsules - Maroc Prix\" \/>\n<meta property=\"og:description\" content=\"D\u00e9couvrez Now Foods Vitamin B6, 100 mg, 100 capsules, un suppl\u00e9ment essentiel pour soutenir le syst\u00e8me nerveux, la production d&#039;\u00e9nergie et le m\u00e9tabolism.\" \/>\n<meta property=\"og:url\" content=\"https:\/\/vitablanca.ma\/en\/product\/now-foods-vitamine-b6-100-mg-100-capsules-vegetales\/\" \/>\n<meta property=\"og:site_name\" content=\"Vitablanca.ma &ndash; Sant&eacute;, vitalit&eacute; et bien-&ecirc;tre pour tous les Marocains\" \/>\n<meta property=\"article:publisher\" content=\"https:\/\/www.facebook.com\/profile.php?id=61576678196717\" \/>\n<meta property=\"article:modified_time\" content=\"2025-09-22T18:10:12+00:00\" \/>\n<meta property=\"og:image\" content=\"https:\/\/vitablanca.ma\/wp-content\/uploads\/2025\/09\/Now-Foods-Vitamine-B6-100-mg-100-capsules-vegetales.jpg\" \/>\n\t<meta property=\"og:image:width\" content=\"680\" \/>\n\t<meta property=\"og:image:height\" content=\"680\" \/>\n\t<meta property=\"og:image:type\" content=\"image\/jpeg\" \/>\n<meta name=\"twitter:card\" content=\"summary_large_image\" \/>\n<meta name=\"twitter:label1\" content=\"Est. reading time\" \/>\n\t<meta name=\"twitter:data1\" content=\"2 minutes\" \/>\n<script type=\"application\/ld+json\" class=\"yoast-schema-graph\">{\"@context\":\"https:\\\/\\\/schema.org\",\"@graph\":[{\"@type\":[\"WebPage\",\"ItemPage\"],\"@id\":\"https:\\\/\\\/vitablanca.ma\\\/produit\\\/now-foods-vitamine-b6-100-mg-100-capsules-vegetales\\\/\",\"url\":\"https:\\\/\\\/vitablanca.ma\\\/produit\\\/now-foods-vitamine-b6-100-mg-100-capsules-vegetales\\\/\",\"name\":\"Now Foods Vitamine B6, 100 mg, 100 capsules - Maroc Prix\",\"isPartOf\":{\"@id\":\"https:\\\/\\\/vitablanca.ma\\\/#website\"},\"primaryImageOfPage\":{\"@id\":\"https:\\\/\\\/vitablanca.ma\\\/produit\\\/now-foods-vitamine-b6-100-mg-100-capsules-vegetales\\\/#primaryimage\"},\"image\":{\"@id\":\"https:\\\/\\\/vitablanca.ma\\\/produit\\\/now-foods-vitamine-b6-100-mg-100-capsules-vegetales\\\/#primaryimage\"},\"thumbnailUrl\":\"https:\\\/\\\/vitablanca.ma\\\/wp-content\\\/uploads\\\/2025\\\/09\\\/Now-Foods-Vitamine-B6-100-mg-100-capsules-vegetales.jpg\",\"datePublished\":\"2025-09-18T01:51:46+00:00\",\"dateModified\":\"2025-09-22T18:10:12+00:00\",\"description\":\"D\u00e9couvrez Now Foods Vitamin B6, 100 mg, 100 capsules, un suppl\u00e9ment essentiel pour soutenir le syst\u00e8me nerveux, la production d'\u00e9nergie et le m\u00e9tabolism.\",\"breadcrumb\":{\"@id\":\"https:\\\/\\\/vitablanca.ma\\\/produit\\\/now-foods-vitamine-b6-100-mg-100-capsules-vegetales\\\/#breadcrumb\"},\"inLanguage\":\"en-US\",\"potentialAction\":[{\"@type\":\"ReadAction\",\"target\":[\"https:\\\/\\\/vitablanca.ma\\\/produit\\\/now-foods-vitamine-b6-100-mg-100-capsules-vegetales\\\/\"]}]},{\"@type\":\"ImageObject\",\"inLanguage\":\"en-US\",\"@id\":\"https:\\\/\\\/vitablanca.ma\\\/produit\\\/now-foods-vitamine-b6-100-mg-100-capsules-vegetales\\\/#primaryimage\",\"url\":\"https:\\\/\\\/vitablanca.ma\\\/wp-content\\\/uploads\\\/2025\\\/09\\\/Now-Foods-Vitamine-B6-100-mg-100-capsules-vegetales.jpg\",\"contentUrl\":\"https:\\\/\\\/vitablanca.ma\\\/wp-content\\\/uploads\\\/2025\\\/09\\\/Now-Foods-Vitamine-B6-100-mg-100-capsules-vegetales.jpg\",\"width\":680,\"height\":680},{\"@type\":\"BreadcrumbList\",\"@id\":\"https:\\\/\\\/vitablanca.ma\\\/produit\\\/now-foods-vitamine-b6-100-mg-100-capsules-vegetales\\\/#breadcrumb\",\"itemListElement\":[{\"@type\":\"ListItem\",\"position\":1,\"name\":\"Home\",\"item\":\"https:\\\/\\\/vitablanca.ma\\\/\"},{\"@type\":\"ListItem\",\"position\":2,\"name\":\"Tous Les Produits\",\"item\":\"https:\\\/\\\/vitablanca.ma\\\/tous-les-produits\\\/\"},{\"@type\":\"ListItem\",\"position\":3,\"name\":\"Now Foods Vitamine B6, 100 mg, 100 capsules v\u00e9g\u00e9tales\"}]},{\"@type\":\"WebSite\",\"@id\":\"https:\\\/\\\/vitablanca.ma\\\/#website\",\"url\":\"https:\\\/\\\/vitablanca.ma\\\/\",\"name\":\"VitaBlanca.ma | Compl\u00e9ments alimentaires, sant\u00e9 & beaut\u00e9 au Maroc\",\"description\":\"vendre vitamines et compl\u00e9ments premium des USA &amp; Canada, Nouvelle Z\u00e9lande,Maroc (NOW Foods, Solgar, Manuka). Livraison rapide partout au Maroc.\",\"publisher\":{\"@id\":\"https:\\\/\\\/vitablanca.ma\\\/#organization\"},\"alternateName\":\"VitaBlanca.ma\",\"potentialAction\":[{\"@type\":\"SearchAction\",\"target\":{\"@type\":\"EntryPoint\",\"urlTemplate\":\"https:\\\/\\\/vitablanca.ma\\\/?s={search_term_string}\"},\"query-input\":{\"@type\":\"PropertyValueSpecification\",\"valueRequired\":true,\"valueName\":\"search_term_string\"}}],\"inLanguage\":\"en-US\"},{\"@type\":\"Organization\",\"@id\":\"https:\\\/\\\/vitablanca.ma\\\/#organization\",\"name\":\"VitaBlanca\",\"url\":\"https:\\\/\\\/vitablanca.ma\\\/\",\"logo\":{\"@type\":\"ImageObject\",\"inLanguage\":\"en-US\",\"@id\":\"https:\\\/\\\/vitablanca.ma\\\/#\\\/schema\\\/logo\\\/image\\\/\",\"url\":\"https:\\\/\\\/vitablanca.ma\\\/wp-content\\\/uploads\\\/2025\\\/05\\\/cropped-vitablanca.png\",\"contentUrl\":\"https:\\\/\\\/vitablanca.ma\\\/wp-content\\\/uploads\\\/2025\\\/05\\\/cropped-vitablanca.png\",\"width\":360,\"height\":67,\"caption\":\"VitaBlanca\"},\"image\":{\"@id\":\"https:\\\/\\\/vitablanca.ma\\\/#\\\/schema\\\/logo\\\/image\\\/\"},\"sameAs\":[\"https:\\\/\\\/www.facebook.com\\\/profile.php?id=61576678196717\",\"https:\\\/\\\/www.tiktok.com\\\/@vitablanca.ma\",\"https:\\\/\\\/www.instagram.com\\\/vitablanca.ma\\\/\"]}]}<\/script>\n<!-- \/ Yoast SEO plugin. -->","yoast_head_json":{"title":"Now Foods Vitamine B6, 100 mg, 100 capsules - Maroc Prix","description":"D\u00e9couvrez Now Foods Vitamin B6, 100 mg, 100 capsules, un suppl\u00e9ment essentiel pour soutenir le syst\u00e8me nerveux, la production d'\u00e9nergie et le m\u00e9tabolism.","robots":{"index":"index","follow":"follow","max-snippet":"max-snippet:-1","max-image-preview":"max-image-preview:large","max-video-preview":"max-video-preview:-1"},"canonical":"https:\/\/vitablanca.ma\/en\/product\/now-foods-vitamine-b6-100-mg-100-capsules-vegetales\/","og_locale":"en_US","og_type":"article","og_title":"Now Foods Vitamine B6, 100 mg, 100 capsules - Maroc Prix","og_description":"D\u00e9couvrez Now Foods Vitamin B6, 100 mg, 100 capsules, un suppl\u00e9ment essentiel pour soutenir le syst\u00e8me nerveux, la production d'\u00e9nergie et le m\u00e9tabolism.","og_url":"https:\/\/vitablanca.ma\/en\/product\/now-foods-vitamine-b6-100-mg-100-capsules-vegetales\/","og_site_name":"Vitablanca.ma &ndash; Sant&eacute;, vitalit&eacute; et bien-&ecirc;tre pour tous les Marocains","article_publisher":"https:\/\/www.facebook.com\/profile.php?id=61576678196717","article_modified_time":"2025-09-22T18:10:12+00:00","og_image":[{"width":680,"height":680,"url":"https:\/\/vitablanca.ma\/wp-content\/uploads\/2025\/09\/Now-Foods-Vitamine-B6-100-mg-100-capsules-vegetales.jpg","type":"image\/jpeg"}],"twitter_card":"summary_large_image","twitter_misc":{"Est. reading time":"2 minutes"},"schema":{"@context":"https:\/\/schema.org","@graph":[{"@type":["WebPage","ItemPage"],"@id":"https:\/\/vitablanca.ma\/produit\/now-foods-vitamine-b6-100-mg-100-capsules-vegetales\/","url":"https:\/\/vitablanca.ma\/produit\/now-foods-vitamine-b6-100-mg-100-capsules-vegetales\/","name":"Now Foods Vitamine B6, 100 mg, 100 capsules - Maroc Prix","isPartOf":{"@id":"https:\/\/vitablanca.ma\/#website"},"primaryImageOfPage":{"@id":"https:\/\/vitablanca.ma\/produit\/now-foods-vitamine-b6-100-mg-100-capsules-vegetales\/#primaryimage"},"image":{"@id":"https:\/\/vitablanca.ma\/produit\/now-foods-vitamine-b6-100-mg-100-capsules-vegetales\/#primaryimage"},"thumbnailUrl":"https:\/\/vitablanca.ma\/wp-content\/uploads\/2025\/09\/Now-Foods-Vitamine-B6-100-mg-100-capsules-vegetales.jpg","datePublished":"2025-09-18T01:51:46+00:00","dateModified":"2025-09-22T18:10:12+00:00","description":"D\u00e9couvrez Now Foods Vitamin B6, 100 mg, 100 capsules, un suppl\u00e9ment essentiel pour soutenir le syst\u00e8me nerveux, la production d'\u00e9nergie et le m\u00e9tabolism.","breadcrumb":{"@id":"https:\/\/vitablanca.ma\/produit\/now-foods-vitamine-b6-100-mg-100-capsules-vegetales\/#breadcrumb"},"inLanguage":"en-US","potentialAction":[{"@type":"ReadAction","target":["https:\/\/vitablanca.ma\/produit\/now-foods-vitamine-b6-100-mg-100-capsules-vegetales\/"]}]},{"@type":"ImageObject","inLanguage":"en-US","@id":"https:\/\/vitablanca.ma\/produit\/now-foods-vitamine-b6-100-mg-100-capsules-vegetales\/#primaryimage","url":"https:\/\/vitablanca.ma\/wp-content\/uploads\/2025\/09\/Now-Foods-Vitamine-B6-100-mg-100-capsules-vegetales.jpg","contentUrl":"https:\/\/vitablanca.ma\/wp-content\/uploads\/2025\/09\/Now-Foods-Vitamine-B6-100-mg-100-capsules-vegetales.jpg","width":680,"height":680},{"@type":"BreadcrumbList","@id":"https:\/\/vitablanca.ma\/produit\/now-foods-vitamine-b6-100-mg-100-capsules-vegetales\/#breadcrumb","itemListElement":[{"@type":"ListItem","position":1,"name":"Home","item":"https:\/\/vitablanca.ma\/"},{"@type":"ListItem","position":2,"name":"Tous Les Produits","item":"https:\/\/vitablanca.ma\/tous-les-produits\/"},{"@type":"ListItem","position":3,"name":"Now Foods Vitamine B6, 100 mg, 100 capsules v\u00e9g\u00e9tales"}]},{"@type":"WebSite","@id":"https:\/\/vitablanca.ma\/#website","url":"https:\/\/vitablanca.ma\/","name":"VitaBlanca.ma | Food supplements, health &amp; beauty in Morocco","description":"sell premium vitamins and supplements from USA &amp; Canada, New Zealand, Morocco (NOW Foods, Solgar, Manuka). Fast delivery anywhere in Morocco.","publisher":{"@id":"https:\/\/vitablanca.ma\/#organization"},"alternateName":"VitaBlanca.ma","potentialAction":[{"@type":"SearchAction","target":{"@type":"EntryPoint","urlTemplate":"https:\/\/vitablanca.ma\/?s={search_term_string}"},"query-input":{"@type":"PropertyValueSpecification","valueRequired":true,"valueName":"search_term_string"}}],"inLanguage":"en-US"},{"@type":"Organization","@id":"https:\/\/vitablanca.ma\/#organization","name":"VitaBlanca","url":"https:\/\/vitablanca.ma\/","logo":{"@type":"ImageObject","inLanguage":"en-US","@id":"https:\/\/vitablanca.ma\/#\/schema\/logo\/image\/","url":"https:\/\/vitablanca.ma\/wp-content\/uploads\/2025\/05\/cropped-vitablanca.png","contentUrl":"https:\/\/vitablanca.ma\/wp-content\/uploads\/2025\/05\/cropped-vitablanca.png","width":360,"height":67,"caption":"VitaBlanca"},"image":{"@id":"https:\/\/vitablanca.ma\/#\/schema\/logo\/image\/"},"sameAs":["https:\/\/www.facebook.com\/profile.php?id=61576678196717","https:\/\/www.tiktok.com\/@vitablanca.ma","https:\/\/www.instagram.com\/vitablanca.ma\/"]}]}},"jetpack_sharing_enabled":true,"_links":{"self":[{"href":"https:\/\/vitablanca.ma\/en\/wp-json\/wp\/v2\/product\/25627","targetHints":{"allow":["GET"]}}],"collection":[{"href":"https:\/\/vitablanca.ma\/en\/wp-json\/wp\/v2\/product"}],"about":[{"href":"https:\/\/vitablanca.ma\/en\/wp-json\/wp\/v2\/types\/product"}],"wp:featuredmedia":[{"embeddable":true,"href":"https:\/\/vitablanca.ma\/en\/wp-json\/wp\/v2\/media\/25712"}],"wp:attachment":[{"href":"https:\/\/vitablanca.ma\/en\/wp-json\/wp\/v2\/media?parent=25627"}],"wp:term":[{"taxonomy":"product_brand","embeddable":true,"href":"https:\/\/vitablanca.ma\/en\/wp-json\/wp\/v2\/product_brand?post=25627"},{"taxonomy":"product_cat","embeddable":true,"href":"https:\/\/vitablanca.ma\/en\/wp-json\/wp\/v2\/product_cat?post=25627"},{"taxonomy":"product_tag","embeddable":true,"href":"https:\/\/vitablanca.ma\/en\/wp-json\/wp\/v2\/product_tag?post=25627"}],"curies":[{"name":"wp","href":"https:\/\/api.w.org\/{rel}","templated":true}]}}