{"id":25625,"date":"2025-09-18T01:51:46","date_gmt":"2025-09-18T01:51:46","guid":{"rendered":"https:\/\/vitablanca.ma\/?post_type=product&#038;p=25625"},"modified":"2025-09-22T18:10:12","modified_gmt":"2025-09-22T18:10:12","slug":"bioschwartz-bioschwartz-vitamine-c-complexe-avec-zinc-bioflavonoides-et-rose-hips-120-capsules","status":"publish","type":"product","link":"https:\/\/vitablanca.ma\/en\/product\/bioschwartz-bioschwartz-vitamine-c-complexe-avec-zinc-bioflavonoides-et-rose-hips-120-capsules\/","title":{"rendered":"BioSchwartz Vitamine C Complexe avec zinc, bioflavono\u00efdes et rose hips, 120 capsules"},"content":{"rendered":"<p>Nous \u00e9laborons des produits de qualit\u00e9 sup\u00e9rieure gr\u00e2ce \u00e0 l&rsquo;\u00e9quilibre parfait que permettent les derni\u00e8res technologies et les nutriments les plus purs que la nature ait \u00e0 offrir. Nous nous engageons \u00e0 fournir des compl\u00e9ments alimentaires de la plus haute qualit\u00e9 sans que le prix en soit affect\u00e9.<\/p>\n<p>Une consommation suffisante de vitamine C est essentielle pour la sant\u00e9 globale. Le complexe de vitamine C de formule avanc\u00e9e de BioSchwartz vous fournit des sources hautement efficaces de vitamine C, essentielle \u00e0 des centaines de processus dans l&rsquo;organisme, notamment la sant\u00e9 musculaire, la r\u00e9paration des tissus, la sant\u00e9 cardiaque et bien plus encore.<\/p>\n<h3>Suggested Use<\/h3>\n<p>En compl\u00e9ment alimentaire, prenez deux (2) capsules une fois par jour avec un repas ou tel que prescrit par votre m\u00e9decin. Ne d\u00e9passez pas deux capsules par jour.<\/p>","protected":false},"excerpt":{"rendered":"<ul>\n<li>Formule avanc\u00e9e<\/li>\n<li>Compl\u00e9ments alimentaires de qualit\u00e9 professionnelle<\/li>\n<li>Best-selling brand<\/li>\n<li>10 fois plus de puissance que la vitamine C<\/li>\n<li>Un puissant stimulant immunitaire<\/li>\n<li>\u00c9gal \u00e0 10 oranges<\/li>\n<li>GMO-free<\/li>\n<li>Food supplement<\/li>\n<li>Garantie de qualit\u00e9 sup\u00e9rieure<\/li>\n<li>Premium quality<\/li>\n<li>Gluten-free ingredients<\/li>\n<\/ul>","protected":false},"featured_media":25708,"template":"","meta":{"om_disable_all_campaigns":false},"product_brand":[3197],"product_cat":[18,3366],"product_tag":[748,4031,4032,4033,1859],"class_list":{"0":"post-25625","1":"product","2":"type-product","3":"status-publish","4":"has-post-thumbnail","6":"product_brand-bioschwartz-maroc-prix","7":"product_cat-beaute-sante","8":"product_cat-complements-alimentaires-au-maroc-vitablanca","9":"product_tag-antioxydant-naturel","10":"product_tag-bioflavonoides-rose-hips","11":"product_tag-bioschwartz-vitamine-c-complexe-avec-zinc","12":"product_tag-gmp","13":"product_tag-soutien-immunitaire","15":"first","16":"instock","17":"taxable","18":"shipping-taxable","19":"purchasable","20":"product-type-simple"},"yoast_head":"<!-- This site is optimized with the Yoast SEO plugin v27.4 - https:\/\/yoast.com\/product\/yoast-seo-wordpress\/ -->\n<title>BioSchwartz Vitamine C Complexe avec zinc 120 capsules - Maroc<\/title>\n<meta name=\"description\" content=\"Renforcez vos d\u00e9fenses naturelles avec BioSchwartz Vitamine C Complexe, enrichi en zinc, bioflavono\u00efdes et rose hips. 120 capsules pour immunit\u00e9.\" \/>\n<meta name=\"robots\" content=\"index, follow, max-snippet:-1, max-image-preview:large, max-video-preview:-1\" \/>\n<link rel=\"canonical\" href=\"https:\/\/vitablanca.ma\/en\/product\/bioschwartz-bioschwartz-vitamine-c-complexe-avec-zinc-bioflavonoides-et-rose-hips-120-capsules\/\" \/>\n<meta property=\"og:locale\" content=\"en_US\" \/>\n<meta property=\"og:type\" content=\"article\" \/>\n<meta property=\"og:title\" content=\"BioSchwartz Vitamine C Complexe avec zinc 120 capsules - Maroc\" \/>\n<meta property=\"og:description\" content=\"Renforcez vos d\u00e9fenses naturelles avec BioSchwartz Vitamine C Complexe, enrichi en zinc, bioflavono\u00efdes et rose hips. 120 capsules pour immunit\u00e9.\" \/>\n<meta property=\"og:url\" content=\"https:\/\/vitablanca.ma\/en\/product\/bioschwartz-bioschwartz-vitamine-c-complexe-avec-zinc-bioflavonoides-et-rose-hips-120-capsules\/\" \/>\n<meta property=\"og:site_name\" content=\"Vitablanca.ma &ndash; Sant&eacute;, vitalit&eacute; et bien-&ecirc;tre pour tous les Marocains\" \/>\n<meta property=\"article:publisher\" content=\"https:\/\/www.facebook.com\/profile.php?id=61576678196717\" \/>\n<meta property=\"article:modified_time\" content=\"2025-09-22T18:10:12+00:00\" \/>\n<meta property=\"og:image\" content=\"https:\/\/vitablanca.ma\/wp-content\/uploads\/2025\/09\/BioSchwartz-BioSchwartz-Vitamine-C-Complexe-avec-zinc-bioflavonoides-et-rose-hips-120-capsules.jpg\" \/>\n\t<meta property=\"og:image:width\" content=\"680\" \/>\n\t<meta property=\"og:image:height\" content=\"680\" \/>\n\t<meta property=\"og:image:type\" content=\"image\/jpeg\" \/>\n<meta name=\"twitter:card\" content=\"summary_large_image\" \/>\n<meta name=\"twitter:label1\" content=\"Est. reading time\" \/>\n\t<meta name=\"twitter:data1\" content=\"1 minute\" \/>\n<script type=\"application\/ld+json\" class=\"yoast-schema-graph\">{\"@context\":\"https:\\\/\\\/schema.org\",\"@graph\":[{\"@type\":[\"WebPage\",\"ItemPage\"],\"@id\":\"https:\\\/\\\/vitablanca.ma\\\/produit\\\/bioschwartz-bioschwartz-vitamine-c-complexe-avec-zinc-bioflavonoides-et-rose-hips-120-capsules\\\/\",\"url\":\"https:\\\/\\\/vitablanca.ma\\\/produit\\\/bioschwartz-bioschwartz-vitamine-c-complexe-avec-zinc-bioflavonoides-et-rose-hips-120-capsules\\\/\",\"name\":\"BioSchwartz Vitamine C Complexe avec zinc 120 capsules - Maroc\",\"isPartOf\":{\"@id\":\"https:\\\/\\\/vitablanca.ma\\\/#website\"},\"primaryImageOfPage\":{\"@id\":\"https:\\\/\\\/vitablanca.ma\\\/produit\\\/bioschwartz-bioschwartz-vitamine-c-complexe-avec-zinc-bioflavonoides-et-rose-hips-120-capsules\\\/#primaryimage\"},\"image\":{\"@id\":\"https:\\\/\\\/vitablanca.ma\\\/produit\\\/bioschwartz-bioschwartz-vitamine-c-complexe-avec-zinc-bioflavonoides-et-rose-hips-120-capsules\\\/#primaryimage\"},\"thumbnailUrl\":\"https:\\\/\\\/vitablanca.ma\\\/wp-content\\\/uploads\\\/2025\\\/09\\\/BioSchwartz-BioSchwartz-Vitamine-C-Complexe-avec-zinc-bioflavonoides-et-rose-hips-120-capsules.jpg\",\"datePublished\":\"2025-09-18T01:51:46+00:00\",\"dateModified\":\"2025-09-22T18:10:12+00:00\",\"description\":\"Renforcez vos d\u00e9fenses naturelles avec BioSchwartz Vitamine C Complexe, enrichi en zinc, bioflavono\u00efdes et rose hips. 120 capsules pour immunit\u00e9.\",\"breadcrumb\":{\"@id\":\"https:\\\/\\\/vitablanca.ma\\\/produit\\\/bioschwartz-bioschwartz-vitamine-c-complexe-avec-zinc-bioflavonoides-et-rose-hips-120-capsules\\\/#breadcrumb\"},\"inLanguage\":\"en-US\",\"potentialAction\":[{\"@type\":\"ReadAction\",\"target\":[\"https:\\\/\\\/vitablanca.ma\\\/produit\\\/bioschwartz-bioschwartz-vitamine-c-complexe-avec-zinc-bioflavonoides-et-rose-hips-120-capsules\\\/\"]}]},{\"@type\":\"ImageObject\",\"inLanguage\":\"en-US\",\"@id\":\"https:\\\/\\\/vitablanca.ma\\\/produit\\\/bioschwartz-bioschwartz-vitamine-c-complexe-avec-zinc-bioflavonoides-et-rose-hips-120-capsules\\\/#primaryimage\",\"url\":\"https:\\\/\\\/vitablanca.ma\\\/wp-content\\\/uploads\\\/2025\\\/09\\\/BioSchwartz-BioSchwartz-Vitamine-C-Complexe-avec-zinc-bioflavonoides-et-rose-hips-120-capsules.jpg\",\"contentUrl\":\"https:\\\/\\\/vitablanca.ma\\\/wp-content\\\/uploads\\\/2025\\\/09\\\/BioSchwartz-BioSchwartz-Vitamine-C-Complexe-avec-zinc-bioflavonoides-et-rose-hips-120-capsules.jpg\",\"width\":680,\"height\":680},{\"@type\":\"BreadcrumbList\",\"@id\":\"https:\\\/\\\/vitablanca.ma\\\/produit\\\/bioschwartz-bioschwartz-vitamine-c-complexe-avec-zinc-bioflavonoides-et-rose-hips-120-capsules\\\/#breadcrumb\",\"itemListElement\":[{\"@type\":\"ListItem\",\"position\":1,\"name\":\"Home\",\"item\":\"https:\\\/\\\/vitablanca.ma\\\/\"},{\"@type\":\"ListItem\",\"position\":2,\"name\":\"Tous Les Produits\",\"item\":\"https:\\\/\\\/vitablanca.ma\\\/tous-les-produits\\\/\"},{\"@type\":\"ListItem\",\"position\":3,\"name\":\"BioSchwartz Vitamine C Complexe avec zinc, bioflavono\u00efdes et rose hips, 120 capsules\"}]},{\"@type\":\"WebSite\",\"@id\":\"https:\\\/\\\/vitablanca.ma\\\/#website\",\"url\":\"https:\\\/\\\/vitablanca.ma\\\/\",\"name\":\"VitaBlanca.ma | Compl\u00e9ments alimentaires, sant\u00e9 & beaut\u00e9 au Maroc\",\"description\":\"vendre vitamines et compl\u00e9ments premium des USA &amp; Canada, Nouvelle Z\u00e9lande,Maroc (NOW Foods, Solgar, Manuka). Livraison rapide partout au Maroc.\",\"publisher\":{\"@id\":\"https:\\\/\\\/vitablanca.ma\\\/#organization\"},\"alternateName\":\"VitaBlanca.ma\",\"potentialAction\":[{\"@type\":\"SearchAction\",\"target\":{\"@type\":\"EntryPoint\",\"urlTemplate\":\"https:\\\/\\\/vitablanca.ma\\\/?s={search_term_string}\"},\"query-input\":{\"@type\":\"PropertyValueSpecification\",\"valueRequired\":true,\"valueName\":\"search_term_string\"}}],\"inLanguage\":\"en-US\"},{\"@type\":\"Organization\",\"@id\":\"https:\\\/\\\/vitablanca.ma\\\/#organization\",\"name\":\"VitaBlanca\",\"url\":\"https:\\\/\\\/vitablanca.ma\\\/\",\"logo\":{\"@type\":\"ImageObject\",\"inLanguage\":\"en-US\",\"@id\":\"https:\\\/\\\/vitablanca.ma\\\/#\\\/schema\\\/logo\\\/image\\\/\",\"url\":\"https:\\\/\\\/vitablanca.ma\\\/wp-content\\\/uploads\\\/2025\\\/05\\\/cropped-vitablanca.png\",\"contentUrl\":\"https:\\\/\\\/vitablanca.ma\\\/wp-content\\\/uploads\\\/2025\\\/05\\\/cropped-vitablanca.png\",\"width\":360,\"height\":67,\"caption\":\"VitaBlanca\"},\"image\":{\"@id\":\"https:\\\/\\\/vitablanca.ma\\\/#\\\/schema\\\/logo\\\/image\\\/\"},\"sameAs\":[\"https:\\\/\\\/www.facebook.com\\\/profile.php?id=61576678196717\",\"https:\\\/\\\/www.tiktok.com\\\/@vitablanca.ma\",\"https:\\\/\\\/www.instagram.com\\\/vitablanca.ma\\\/\"]}]}<\/script>\n<!-- \/ Yoast SEO plugin. -->","yoast_head_json":{"title":"BioSchwartz Vitamine C Complexe avec zinc 120 capsules - Maroc","description":"Renforcez vos d\u00e9fenses naturelles avec BioSchwartz Vitamine C Complexe, enrichi en zinc, bioflavono\u00efdes et rose hips. 120 capsules pour immunit\u00e9.","robots":{"index":"index","follow":"follow","max-snippet":"max-snippet:-1","max-image-preview":"max-image-preview:large","max-video-preview":"max-video-preview:-1"},"canonical":"https:\/\/vitablanca.ma\/en\/product\/bioschwartz-bioschwartz-vitamine-c-complexe-avec-zinc-bioflavonoides-et-rose-hips-120-capsules\/","og_locale":"en_US","og_type":"article","og_title":"BioSchwartz Vitamine C Complexe avec zinc 120 capsules - Maroc","og_description":"Renforcez vos d\u00e9fenses naturelles avec BioSchwartz Vitamine C Complexe, enrichi en zinc, bioflavono\u00efdes et rose hips. 120 capsules pour immunit\u00e9.","og_url":"https:\/\/vitablanca.ma\/en\/product\/bioschwartz-bioschwartz-vitamine-c-complexe-avec-zinc-bioflavonoides-et-rose-hips-120-capsules\/","og_site_name":"Vitablanca.ma &ndash; Sant&eacute;, vitalit&eacute; et bien-&ecirc;tre pour tous les Marocains","article_publisher":"https:\/\/www.facebook.com\/profile.php?id=61576678196717","article_modified_time":"2025-09-22T18:10:12+00:00","og_image":[{"width":680,"height":680,"url":"https:\/\/vitablanca.ma\/wp-content\/uploads\/2025\/09\/BioSchwartz-BioSchwartz-Vitamine-C-Complexe-avec-zinc-bioflavonoides-et-rose-hips-120-capsules.jpg","type":"image\/jpeg"}],"twitter_card":"summary_large_image","twitter_misc":{"Est. reading time":"1 minute"},"schema":{"@context":"https:\/\/schema.org","@graph":[{"@type":["WebPage","ItemPage"],"@id":"https:\/\/vitablanca.ma\/produit\/bioschwartz-bioschwartz-vitamine-c-complexe-avec-zinc-bioflavonoides-et-rose-hips-120-capsules\/","url":"https:\/\/vitablanca.ma\/produit\/bioschwartz-bioschwartz-vitamine-c-complexe-avec-zinc-bioflavonoides-et-rose-hips-120-capsules\/","name":"BioSchwartz Vitamine C Complexe avec zinc 120 capsules - Maroc","isPartOf":{"@id":"https:\/\/vitablanca.ma\/#website"},"primaryImageOfPage":{"@id":"https:\/\/vitablanca.ma\/produit\/bioschwartz-bioschwartz-vitamine-c-complexe-avec-zinc-bioflavonoides-et-rose-hips-120-capsules\/#primaryimage"},"image":{"@id":"https:\/\/vitablanca.ma\/produit\/bioschwartz-bioschwartz-vitamine-c-complexe-avec-zinc-bioflavonoides-et-rose-hips-120-capsules\/#primaryimage"},"thumbnailUrl":"https:\/\/vitablanca.ma\/wp-content\/uploads\/2025\/09\/BioSchwartz-BioSchwartz-Vitamine-C-Complexe-avec-zinc-bioflavonoides-et-rose-hips-120-capsules.jpg","datePublished":"2025-09-18T01:51:46+00:00","dateModified":"2025-09-22T18:10:12+00:00","description":"Renforcez vos d\u00e9fenses naturelles avec BioSchwartz Vitamine C Complexe, enrichi en zinc, bioflavono\u00efdes et rose hips. 120 capsules pour immunit\u00e9.","breadcrumb":{"@id":"https:\/\/vitablanca.ma\/produit\/bioschwartz-bioschwartz-vitamine-c-complexe-avec-zinc-bioflavonoides-et-rose-hips-120-capsules\/#breadcrumb"},"inLanguage":"en-US","potentialAction":[{"@type":"ReadAction","target":["https:\/\/vitablanca.ma\/produit\/bioschwartz-bioschwartz-vitamine-c-complexe-avec-zinc-bioflavonoides-et-rose-hips-120-capsules\/"]}]},{"@type":"ImageObject","inLanguage":"en-US","@id":"https:\/\/vitablanca.ma\/produit\/bioschwartz-bioschwartz-vitamine-c-complexe-avec-zinc-bioflavonoides-et-rose-hips-120-capsules\/#primaryimage","url":"https:\/\/vitablanca.ma\/wp-content\/uploads\/2025\/09\/BioSchwartz-BioSchwartz-Vitamine-C-Complexe-avec-zinc-bioflavonoides-et-rose-hips-120-capsules.jpg","contentUrl":"https:\/\/vitablanca.ma\/wp-content\/uploads\/2025\/09\/BioSchwartz-BioSchwartz-Vitamine-C-Complexe-avec-zinc-bioflavonoides-et-rose-hips-120-capsules.jpg","width":680,"height":680},{"@type":"BreadcrumbList","@id":"https:\/\/vitablanca.ma\/produit\/bioschwartz-bioschwartz-vitamine-c-complexe-avec-zinc-bioflavonoides-et-rose-hips-120-capsules\/#breadcrumb","itemListElement":[{"@type":"ListItem","position":1,"name":"Home","item":"https:\/\/vitablanca.ma\/"},{"@type":"ListItem","position":2,"name":"Tous Les Produits","item":"https:\/\/vitablanca.ma\/tous-les-produits\/"},{"@type":"ListItem","position":3,"name":"BioSchwartz Vitamine C Complexe avec zinc, bioflavono\u00efdes et rose hips, 120 capsules"}]},{"@type":"WebSite","@id":"https:\/\/vitablanca.ma\/#website","url":"https:\/\/vitablanca.ma\/","name":"VitaBlanca.ma | Food supplements, health &amp; beauty in Morocco","description":"sell premium vitamins and supplements from USA &amp; Canada, New Zealand, Morocco (NOW Foods, Solgar, Manuka). Fast delivery anywhere in Morocco.","publisher":{"@id":"https:\/\/vitablanca.ma\/#organization"},"alternateName":"VitaBlanca.ma","potentialAction":[{"@type":"SearchAction","target":{"@type":"EntryPoint","urlTemplate":"https:\/\/vitablanca.ma\/?s={search_term_string}"},"query-input":{"@type":"PropertyValueSpecification","valueRequired":true,"valueName":"search_term_string"}}],"inLanguage":"en-US"},{"@type":"Organization","@id":"https:\/\/vitablanca.ma\/#organization","name":"VitaBlanca","url":"https:\/\/vitablanca.ma\/","logo":{"@type":"ImageObject","inLanguage":"en-US","@id":"https:\/\/vitablanca.ma\/#\/schema\/logo\/image\/","url":"https:\/\/vitablanca.ma\/wp-content\/uploads\/2025\/05\/cropped-vitablanca.png","contentUrl":"https:\/\/vitablanca.ma\/wp-content\/uploads\/2025\/05\/cropped-vitablanca.png","width":360,"height":67,"caption":"VitaBlanca"},"image":{"@id":"https:\/\/vitablanca.ma\/#\/schema\/logo\/image\/"},"sameAs":["https:\/\/www.facebook.com\/profile.php?id=61576678196717","https:\/\/www.tiktok.com\/@vitablanca.ma","https:\/\/www.instagram.com\/vitablanca.ma\/"]}]}},"jetpack_sharing_enabled":true,"_links":{"self":[{"href":"https:\/\/vitablanca.ma\/en\/wp-json\/wp\/v2\/product\/25625","targetHints":{"allow":["GET"]}}],"collection":[{"href":"https:\/\/vitablanca.ma\/en\/wp-json\/wp\/v2\/product"}],"about":[{"href":"https:\/\/vitablanca.ma\/en\/wp-json\/wp\/v2\/types\/product"}],"wp:featuredmedia":[{"embeddable":true,"href":"https:\/\/vitablanca.ma\/en\/wp-json\/wp\/v2\/media\/25708"}],"wp:attachment":[{"href":"https:\/\/vitablanca.ma\/en\/wp-json\/wp\/v2\/media?parent=25625"}],"wp:term":[{"taxonomy":"product_brand","embeddable":true,"href":"https:\/\/vitablanca.ma\/en\/wp-json\/wp\/v2\/product_brand?post=25625"},{"taxonomy":"product_cat","embeddable":true,"href":"https:\/\/vitablanca.ma\/en\/wp-json\/wp\/v2\/product_cat?post=25625"},{"taxonomy":"product_tag","embeddable":true,"href":"https:\/\/vitablanca.ma\/en\/wp-json\/wp\/v2\/product_tag?post=25625"}],"curies":[{"name":"wp","href":"https:\/\/api.w.org\/{rel}","templated":true}]}}