{"id":25588,"date":"2025-09-18T01:51:19","date_gmt":"2025-09-18T01:51:19","guid":{"rendered":"https:\/\/vitablanca.ma\/?post_type=product&#038;p=25588"},"modified":"2026-02-05T18:42:26","modified_gmt":"2026-02-05T18:42:26","slug":"life-extension-two-per-day-multivitamines-et-mineraux-comprimes-120-capsules","status":"publish","type":"product","link":"https:\/\/vitablanca.ma\/en\/product\/life-extension-two-per-day-multivitamines-et-mineraux-comprimes-120-capsules\/","title":{"rendered":"Life Extension Two Per Day Multivitamines et Min\u00e9raux, 120 Capsules"},"content":{"rendered":"<p data-start=\"133\" data-end=\"590\"><strong data-start=\"133\" data-end=\"190\">Life Extension Two-Per-Day Multivitamins and Minerals<\/strong> est un suppl\u00e9ment complet con\u00e7u pour fournir un apport optimal en <strong data-start=\"257\" data-end=\"270\">vitamins<\/strong> And <strong data-start=\"274\" data-end=\"297\">essential minerals<\/strong> pour soutenir la sant\u00e9 g\u00e9n\u00e9rale, le m\u00e9tabolisme, et le bien-\u00eatre. Chaque capsule est formul\u00e9e pour offrir un large \u00e9ventail de <strong data-start=\"425\" data-end=\"446\">nutriments vitaux<\/strong>, garantissant que votre corps re\u00e7oit les \u00e9l\u00e9ments n\u00e9cessaires pour fonctionner de mani\u00e8re optimale, m\u00eame avec un mode de vie actif et exigeant.<\/p>\n<ul data-start=\"592\" data-end=\"1889\">\n<li data-start=\"592\" data-end=\"989\">\n<p data-start=\"594\" data-end=\"989\"><strong data-start=\"594\" data-end=\"624\">Soutien Complet \u00e0 la Sant\u00e9<\/strong> : Ce suppl\u00e9ment fournit une <strong data-start=\"653\" data-end=\"693\">large gamme de vitamines et min\u00e9raux<\/strong> essentiels pour le bon fonctionnement du syst\u00e8me immunitaire, du m\u00e9tabolisme, et des fonctions c\u00e9r\u00e9brales. Il contient des vitamines B pour l\u2019\u00e9nergie, de la vitamine D pour la sant\u00e9 osseuse, ainsi que des antioxydants comme la vitamine C et la vitamine E pour prot\u00e9ger contre le stress oxydatif.<\/p>\n<\/li>\n<li data-start=\"990\" data-end=\"1252\">\n<p data-start=\"992\" data-end=\"1252\"><strong data-start=\"992\" data-end=\"1031\">Renforcement du Syst\u00e8me Immunitaire<\/strong> : En apportant des nutriments cl\u00e9s comme la vitamine C, la vitamine D et le zinc, cette formule soutient activement le syst\u00e8me immunitaire pour aider \u00e0 prot\u00e9ger contre les infections et favoriser une r\u00e9cup\u00e9ration rapide.<\/p>\n<\/li>\n<li data-start=\"1253\" data-end=\"1436\">\n<p data-start=\"1255\" data-end=\"1436\"><strong data-start=\"1255\" data-end=\"1281\">Soutien au M\u00e9tabolisme<\/strong> : Les <strong data-start=\"1288\" data-end=\"1303\">B vitamins<\/strong> pr\u00e9sentes dans cette formule aident \u00e0 convertir les aliments en \u00e9nergie, soutenant ainsi le m\u00e9tabolisme et la vitalit\u00e9 au quotidien.<\/p>\n<\/li>\n<li data-start=\"1437\" data-end=\"1708\">\n<p data-start=\"1439\" data-end=\"1708\"><strong data-start=\"1439\" data-end=\"1471\">Sant\u00e9 Cardiaque et C\u00e9r\u00e9brale<\/strong> : Ce suppl\u00e9ment contient des nutriments tels que la vitamine B6, le magn\u00e9sium et le calcium, qui soutiennent la sant\u00e9 cardiovasculaire et la fonction c\u00e9r\u00e9brale, contribuant \u00e0 une meilleure circulation sanguine et \u00e0 une m\u00e9moire optimale.<\/p>\n<\/li>\n<li data-start=\"1709\" data-end=\"1889\">\n<p data-start=\"1711\" data-end=\"1889\"><strong data-start=\"1711\" data-end=\"1731\">Formule Pratique<\/strong> : Avec seulement <strong data-start=\"1749\" data-end=\"1775\">deux capsules par jour<\/strong>, vous pouvez obtenir un large \u00e9ventail de nutriments essentiels, facilement int\u00e9gr\u00e9s \u00e0 votre routine quotidienne.<\/p>\n<\/li>\n<\/ul>\n<p data-start=\"1891\" data-end=\"2026\"><strong data-start=\"1891\" data-end=\"1906\">Use<\/strong> : Prenez 2 capsules par jour, de pr\u00e9f\u00e9rence avec un repas, ou selon les recommandations d\u2019un professionnel de la sant\u00e9.<\/p>\n<h3 data-start=\"2028\" data-end=\"2046\"><strong data-start=\"2032\" data-end=\"2045\">Benefits<\/strong>:<\/h3>\n<ul data-start=\"2047\" data-end=\"2420\">\n<li data-start=\"2047\" data-end=\"2128\">\n<p data-start=\"2049\" data-end=\"2128\"><strong data-start=\"2049\" data-end=\"2079\">Soutient la sant\u00e9 g\u00e9n\u00e9rale<\/strong> avec un large \u00e9ventail de vitamines et min\u00e9raux.<\/p>\n<\/li>\n<li data-start=\"2129\" data-end=\"2201\">\n<p data-start=\"2131\" data-end=\"2201\"><strong data-start=\"2131\" data-end=\"2166\">Strengthens the immune system<\/strong> et aide \u00e0 pr\u00e9venir les infections.<\/p>\n<\/li>\n<li data-start=\"2202\" data-end=\"2259\">\n<p data-start=\"2204\" data-end=\"2259\"><strong data-start=\"2204\" data-end=\"2231\">Optimise le m\u00e9tabolisme<\/strong> et la production d\u2019\u00e9nergie.<\/p>\n<\/li>\n<li data-start=\"2260\" data-end=\"2334\">\n<p data-start=\"2262\" data-end=\"2334\"><strong data-start=\"2262\" data-end=\"2306\">Am\u00e9liore la sant\u00e9 cardiaque et c\u00e9r\u00e9brale<\/strong> avec des nutriments cibl\u00e9s.<\/p>\n<\/li>\n<li data-start=\"2335\" data-end=\"2420\">\n<p data-start=\"2337\" data-end=\"2420\"><strong data-start=\"2337\" data-end=\"2357\">Formule pratique<\/strong> avec seulement deux capsules par jour pour un soutien complet.<\/p>\n<\/li>\n<\/ul>\n<p data-start=\"2422\" data-end=\"2686\" data-is-last-node=\"\" data-is-only-node=\"\"><strong data-start=\"2422\" data-end=\"2479\">Life Extension Two-Per-Day Multivitamins and Minerals<\/strong> est un excellent choix pour ceux qui cherchent \u00e0 <strong data-start=\"2529\" data-end=\"2571\">compenser les carences nutritionnelles<\/strong>, <strong data-start=\"2573\" data-end=\"2609\">am\u00e9liorer leur bien-\u00eatre g\u00e9n\u00e9ral<\/strong> et soutenir leur <strong data-start=\"2627\" data-end=\"2649\">sant\u00e9 \u00e0 long terme<\/strong> avec un suppl\u00e9ment de haute qualit\u00e9.<\/p>","protected":false},"excerpt":{"rendered":"<p>Compl\u00e9ment alimentaire multivitamines et min\u00e9raux tr\u00e8s efficace<br \/>\n50 fois plus de vitamine B1<br \/>\n25 fois plus de vitamine B6<br \/>\n10 fois plus de biotine<br \/>\n10 fois plus de s\u00e9l\u00e9nium<br \/>\n8 fois plus de vitamine C<br \/>\n2,5 fois plus de vitamine B3<br \/>\n2 fois plus de vitamine D<br \/>\n2 fois plus de vitamine E<br \/>\n2 fois plus de zinc<\/p>","protected":false},"featured_media":25661,"template":"","meta":{"om_disable_all_campaigns":false},"product_brand":[283],"product_cat":[18,3366],"product_tag":[3988,3989,3990],"class_list":{"0":"post-25588","1":"product","2":"type-product","3":"status-publish","4":"has-post-thumbnail","6":"product_brand-life-extension-maroc-prix","7":"product_cat-beaute-sante","8":"product_cat-complements-alimentaires-au-maroc-vitablanca","9":"product_tag-120-capsules-multivitamines","10":"product_tag-life-extension-two-per-day","11":"product_tag-multivitamines-et-mineraux-complets","13":"first","14":"instock","15":"taxable","16":"shipping-taxable","17":"purchasable","18":"product-type-simple"},"yoast_head":"<!-- This site is optimized with the Yoast SEO plugin v27.5 - https:\/\/yoast.com\/product\/yoast-seo-wordpress\/ -->\n<title>Life Extension Two Per Day Multivitamines et Min\u00e9raux - Maroc Prix<\/title>\n<meta name=\"description\" content=\"D\u00e9couvrez Life Extension Two-Per-Day 120 capsules, un complexe de multivitamines et min\u00e9raux essentiels pour un soutien global de la sant\u00e9. pour une prise\" \/>\n<meta name=\"robots\" content=\"index, follow, max-snippet:-1, max-image-preview:large, max-video-preview:-1\" \/>\n<link rel=\"canonical\" href=\"https:\/\/vitablanca.ma\/en\/product\/life-extension-two-per-day-multivitamines-et-mineraux-comprimes-120-capsules\/\" \/>\n<meta property=\"og:locale\" content=\"en_US\" \/>\n<meta property=\"og:type\" content=\"article\" \/>\n<meta property=\"og:title\" content=\"Life Extension Two Per Day Multivitamines et Min\u00e9raux - Maroc Prix\" \/>\n<meta property=\"og:description\" content=\"D\u00e9couvrez Life Extension Two-Per-Day 120 capsules, un complexe de multivitamines et min\u00e9raux essentiels pour un soutien global de la sant\u00e9. pour une prise\" \/>\n<meta property=\"og:url\" content=\"https:\/\/vitablanca.ma\/en\/product\/life-extension-two-per-day-multivitamines-et-mineraux-comprimes-120-capsules\/\" \/>\n<meta property=\"og:site_name\" content=\"Vitablanca.ma &ndash; Sant&eacute;, vitalit&eacute; et bien-&ecirc;tre pour tous les Marocains\" \/>\n<meta property=\"article:publisher\" content=\"https:\/\/www.facebook.com\/profile.php?id=61576678196717\" \/>\n<meta property=\"article:modified_time\" content=\"2026-02-05T18:42:26+00:00\" \/>\n<meta property=\"og:image\" content=\"https:\/\/vitablanca.ma\/wp-content\/uploads\/2025\/09\/Life-Extension-Multivitamines-et-Mineraux-Comprimes-Two-Per-Day-120-Capsules.jpg\" \/>\n\t<meta property=\"og:image:width\" content=\"680\" \/>\n\t<meta property=\"og:image:height\" content=\"680\" \/>\n\t<meta property=\"og:image:type\" content=\"image\/jpeg\" \/>\n<meta name=\"twitter:card\" content=\"summary_large_image\" \/>\n<meta name=\"twitter:label1\" content=\"Est. reading time\" \/>\n\t<meta name=\"twitter:data1\" content=\"3 minutes\" \/>\n<script type=\"application\/ld+json\" class=\"yoast-schema-graph\">{\"@context\":\"https:\\\/\\\/schema.org\",\"@graph\":[{\"@type\":[\"WebPage\",\"ItemPage\"],\"@id\":\"https:\\\/\\\/vitablanca.ma\\\/produit\\\/life-extension-two-per-day-multivitamines-et-mineraux-comprimes-120-capsules\\\/\",\"url\":\"https:\\\/\\\/vitablanca.ma\\\/produit\\\/life-extension-two-per-day-multivitamines-et-mineraux-comprimes-120-capsules\\\/\",\"name\":\"Life Extension Two Per Day Multivitamines et Min\u00e9raux - Maroc Prix\",\"isPartOf\":{\"@id\":\"https:\\\/\\\/vitablanca.ma\\\/#website\"},\"primaryImageOfPage\":{\"@id\":\"https:\\\/\\\/vitablanca.ma\\\/produit\\\/life-extension-two-per-day-multivitamines-et-mineraux-comprimes-120-capsules\\\/#primaryimage\"},\"image\":{\"@id\":\"https:\\\/\\\/vitablanca.ma\\\/produit\\\/life-extension-two-per-day-multivitamines-et-mineraux-comprimes-120-capsules\\\/#primaryimage\"},\"thumbnailUrl\":\"https:\\\/\\\/vitablanca.ma\\\/wp-content\\\/uploads\\\/2025\\\/09\\\/Life-Extension-Multivitamines-et-Mineraux-Comprimes-Two-Per-Day-120-Capsules.jpg\",\"datePublished\":\"2025-09-18T01:51:19+00:00\",\"dateModified\":\"2026-02-05T18:42:26+00:00\",\"description\":\"D\u00e9couvrez Life Extension Two-Per-Day 120 capsules, un complexe de multivitamines et min\u00e9raux essentiels pour un soutien global de la sant\u00e9. pour une prise\",\"breadcrumb\":{\"@id\":\"https:\\\/\\\/vitablanca.ma\\\/produit\\\/life-extension-two-per-day-multivitamines-et-mineraux-comprimes-120-capsules\\\/#breadcrumb\"},\"inLanguage\":\"en-US\",\"potentialAction\":[{\"@type\":\"ReadAction\",\"target\":[\"https:\\\/\\\/vitablanca.ma\\\/produit\\\/life-extension-two-per-day-multivitamines-et-mineraux-comprimes-120-capsules\\\/\"]}]},{\"@type\":\"ImageObject\",\"inLanguage\":\"en-US\",\"@id\":\"https:\\\/\\\/vitablanca.ma\\\/produit\\\/life-extension-two-per-day-multivitamines-et-mineraux-comprimes-120-capsules\\\/#primaryimage\",\"url\":\"https:\\\/\\\/vitablanca.ma\\\/wp-content\\\/uploads\\\/2025\\\/09\\\/Life-Extension-Multivitamines-et-Mineraux-Comprimes-Two-Per-Day-120-Capsules.jpg\",\"contentUrl\":\"https:\\\/\\\/vitablanca.ma\\\/wp-content\\\/uploads\\\/2025\\\/09\\\/Life-Extension-Multivitamines-et-Mineraux-Comprimes-Two-Per-Day-120-Capsules.jpg\",\"width\":680,\"height\":680},{\"@type\":\"BreadcrumbList\",\"@id\":\"https:\\\/\\\/vitablanca.ma\\\/produit\\\/life-extension-two-per-day-multivitamines-et-mineraux-comprimes-120-capsules\\\/#breadcrumb\",\"itemListElement\":[{\"@type\":\"ListItem\",\"position\":1,\"name\":\"Home\",\"item\":\"https:\\\/\\\/vitablanca.ma\\\/\"},{\"@type\":\"ListItem\",\"position\":2,\"name\":\"Tous Les Produits\",\"item\":\"https:\\\/\\\/vitablanca.ma\\\/tous-les-produits\\\/\"},{\"@type\":\"ListItem\",\"position\":3,\"name\":\"Life Extension Two Per Day Multivitamines et Min\u00e9raux, 120 Capsules\"}]},{\"@type\":\"WebSite\",\"@id\":\"https:\\\/\\\/vitablanca.ma\\\/#website\",\"url\":\"https:\\\/\\\/vitablanca.ma\\\/\",\"name\":\"VitaBlanca.ma | Compl\u00e9ments alimentaires, sant\u00e9 & beaut\u00e9 au Maroc\",\"description\":\"vendre vitamines et compl\u00e9ments premium des USA &amp; Canada, Nouvelle Z\u00e9lande,Maroc (NOW Foods, Solgar, Manuka). Livraison rapide partout au Maroc.\",\"publisher\":{\"@id\":\"https:\\\/\\\/vitablanca.ma\\\/#organization\"},\"alternateName\":\"VitaBlanca.ma\",\"potentialAction\":[{\"@type\":\"SearchAction\",\"target\":{\"@type\":\"EntryPoint\",\"urlTemplate\":\"https:\\\/\\\/vitablanca.ma\\\/?s={search_term_string}\"},\"query-input\":{\"@type\":\"PropertyValueSpecification\",\"valueRequired\":true,\"valueName\":\"search_term_string\"}}],\"inLanguage\":\"en-US\"},{\"@type\":\"Organization\",\"@id\":\"https:\\\/\\\/vitablanca.ma\\\/#organization\",\"name\":\"VitaBlanca\",\"url\":\"https:\\\/\\\/vitablanca.ma\\\/\",\"logo\":{\"@type\":\"ImageObject\",\"inLanguage\":\"en-US\",\"@id\":\"https:\\\/\\\/vitablanca.ma\\\/#\\\/schema\\\/logo\\\/image\\\/\",\"url\":\"https:\\\/\\\/vitablanca.ma\\\/wp-content\\\/uploads\\\/2025\\\/05\\\/cropped-vitablanca.png\",\"contentUrl\":\"https:\\\/\\\/vitablanca.ma\\\/wp-content\\\/uploads\\\/2025\\\/05\\\/cropped-vitablanca.png\",\"width\":360,\"height\":67,\"caption\":\"VitaBlanca\"},\"image\":{\"@id\":\"https:\\\/\\\/vitablanca.ma\\\/#\\\/schema\\\/logo\\\/image\\\/\"},\"sameAs\":[\"https:\\\/\\\/www.facebook.com\\\/profile.php?id=61576678196717\",\"https:\\\/\\\/www.tiktok.com\\\/@vitablanca.ma\",\"https:\\\/\\\/www.instagram.com\\\/vitablanca.ma\\\/\"]}]}<\/script>\n<!-- \/ Yoast SEO plugin. -->","yoast_head_json":{"title":"Life Extension Two Per Day Multivitamines et Min\u00e9raux - Maroc Prix","description":"D\u00e9couvrez Life Extension Two-Per-Day 120 capsules, un complexe de multivitamines et min\u00e9raux essentiels pour un soutien global de la sant\u00e9. pour une prise","robots":{"index":"index","follow":"follow","max-snippet":"max-snippet:-1","max-image-preview":"max-image-preview:large","max-video-preview":"max-video-preview:-1"},"canonical":"https:\/\/vitablanca.ma\/en\/product\/life-extension-two-per-day-multivitamines-et-mineraux-comprimes-120-capsules\/","og_locale":"en_US","og_type":"article","og_title":"Life Extension Two Per Day Multivitamines et Min\u00e9raux - Maroc Prix","og_description":"D\u00e9couvrez Life Extension Two-Per-Day 120 capsules, un complexe de multivitamines et min\u00e9raux essentiels pour un soutien global de la sant\u00e9. pour une prise","og_url":"https:\/\/vitablanca.ma\/en\/product\/life-extension-two-per-day-multivitamines-et-mineraux-comprimes-120-capsules\/","og_site_name":"Vitablanca.ma &ndash; Sant&eacute;, vitalit&eacute; et bien-&ecirc;tre pour tous les Marocains","article_publisher":"https:\/\/www.facebook.com\/profile.php?id=61576678196717","article_modified_time":"2026-02-05T18:42:26+00:00","og_image":[{"width":680,"height":680,"url":"https:\/\/vitablanca.ma\/wp-content\/uploads\/2025\/09\/Life-Extension-Multivitamines-et-Mineraux-Comprimes-Two-Per-Day-120-Capsules.jpg","type":"image\/jpeg"}],"twitter_card":"summary_large_image","twitter_misc":{"Est. reading time":"3 minutes"},"schema":{"@context":"https:\/\/schema.org","@graph":[{"@type":["WebPage","ItemPage"],"@id":"https:\/\/vitablanca.ma\/produit\/life-extension-two-per-day-multivitamines-et-mineraux-comprimes-120-capsules\/","url":"https:\/\/vitablanca.ma\/produit\/life-extension-two-per-day-multivitamines-et-mineraux-comprimes-120-capsules\/","name":"Life Extension Two Per Day Multivitamines et Min\u00e9raux - Maroc Prix","isPartOf":{"@id":"https:\/\/vitablanca.ma\/#website"},"primaryImageOfPage":{"@id":"https:\/\/vitablanca.ma\/produit\/life-extension-two-per-day-multivitamines-et-mineraux-comprimes-120-capsules\/#primaryimage"},"image":{"@id":"https:\/\/vitablanca.ma\/produit\/life-extension-two-per-day-multivitamines-et-mineraux-comprimes-120-capsules\/#primaryimage"},"thumbnailUrl":"https:\/\/vitablanca.ma\/wp-content\/uploads\/2025\/09\/Life-Extension-Multivitamines-et-Mineraux-Comprimes-Two-Per-Day-120-Capsules.jpg","datePublished":"2025-09-18T01:51:19+00:00","dateModified":"2026-02-05T18:42:26+00:00","description":"D\u00e9couvrez Life Extension Two-Per-Day 120 capsules, un complexe de multivitamines et min\u00e9raux essentiels pour un soutien global de la sant\u00e9. pour une prise","breadcrumb":{"@id":"https:\/\/vitablanca.ma\/produit\/life-extension-two-per-day-multivitamines-et-mineraux-comprimes-120-capsules\/#breadcrumb"},"inLanguage":"en-US","potentialAction":[{"@type":"ReadAction","target":["https:\/\/vitablanca.ma\/produit\/life-extension-two-per-day-multivitamines-et-mineraux-comprimes-120-capsules\/"]}]},{"@type":"ImageObject","inLanguage":"en-US","@id":"https:\/\/vitablanca.ma\/produit\/life-extension-two-per-day-multivitamines-et-mineraux-comprimes-120-capsules\/#primaryimage","url":"https:\/\/vitablanca.ma\/wp-content\/uploads\/2025\/09\/Life-Extension-Multivitamines-et-Mineraux-Comprimes-Two-Per-Day-120-Capsules.jpg","contentUrl":"https:\/\/vitablanca.ma\/wp-content\/uploads\/2025\/09\/Life-Extension-Multivitamines-et-Mineraux-Comprimes-Two-Per-Day-120-Capsules.jpg","width":680,"height":680},{"@type":"BreadcrumbList","@id":"https:\/\/vitablanca.ma\/produit\/life-extension-two-per-day-multivitamines-et-mineraux-comprimes-120-capsules\/#breadcrumb","itemListElement":[{"@type":"ListItem","position":1,"name":"Home","item":"https:\/\/vitablanca.ma\/"},{"@type":"ListItem","position":2,"name":"Tous Les Produits","item":"https:\/\/vitablanca.ma\/tous-les-produits\/"},{"@type":"ListItem","position":3,"name":"Life Extension Two Per Day Multivitamines et Min\u00e9raux, 120 Capsules"}]},{"@type":"WebSite","@id":"https:\/\/vitablanca.ma\/#website","url":"https:\/\/vitablanca.ma\/","name":"VitaBlanca.ma | Food supplements, health &amp; beauty in Morocco","description":"sell premium vitamins and supplements from USA &amp; Canada, New Zealand, Morocco (NOW Foods, Solgar, Manuka). Fast delivery anywhere in Morocco.","publisher":{"@id":"https:\/\/vitablanca.ma\/#organization"},"alternateName":"VitaBlanca.ma","potentialAction":[{"@type":"SearchAction","target":{"@type":"EntryPoint","urlTemplate":"https:\/\/vitablanca.ma\/?s={search_term_string}"},"query-input":{"@type":"PropertyValueSpecification","valueRequired":true,"valueName":"search_term_string"}}],"inLanguage":"en-US"},{"@type":"Organization","@id":"https:\/\/vitablanca.ma\/#organization","name":"VitaBlanca","url":"https:\/\/vitablanca.ma\/","logo":{"@type":"ImageObject","inLanguage":"en-US","@id":"https:\/\/vitablanca.ma\/#\/schema\/logo\/image\/","url":"https:\/\/vitablanca.ma\/wp-content\/uploads\/2025\/05\/cropped-vitablanca.png","contentUrl":"https:\/\/vitablanca.ma\/wp-content\/uploads\/2025\/05\/cropped-vitablanca.png","width":360,"height":67,"caption":"VitaBlanca"},"image":{"@id":"https:\/\/vitablanca.ma\/#\/schema\/logo\/image\/"},"sameAs":["https:\/\/www.facebook.com\/profile.php?id=61576678196717","https:\/\/www.tiktok.com\/@vitablanca.ma","https:\/\/www.instagram.com\/vitablanca.ma\/"]}]}},"jetpack_sharing_enabled":true,"_links":{"self":[{"href":"https:\/\/vitablanca.ma\/en\/wp-json\/wp\/v2\/product\/25588","targetHints":{"allow":["GET"]}}],"collection":[{"href":"https:\/\/vitablanca.ma\/en\/wp-json\/wp\/v2\/product"}],"about":[{"href":"https:\/\/vitablanca.ma\/en\/wp-json\/wp\/v2\/types\/product"}],"wp:featuredmedia":[{"embeddable":true,"href":"https:\/\/vitablanca.ma\/en\/wp-json\/wp\/v2\/media\/25661"}],"wp:attachment":[{"href":"https:\/\/vitablanca.ma\/en\/wp-json\/wp\/v2\/media?parent=25588"}],"wp:term":[{"taxonomy":"product_brand","embeddable":true,"href":"https:\/\/vitablanca.ma\/en\/wp-json\/wp\/v2\/product_brand?post=25588"},{"taxonomy":"product_cat","embeddable":true,"href":"https:\/\/vitablanca.ma\/en\/wp-json\/wp\/v2\/product_cat?post=25588"},{"taxonomy":"product_tag","embeddable":true,"href":"https:\/\/vitablanca.ma\/en\/wp-json\/wp\/v2\/product_tag?post=25588"}],"curies":[{"name":"wp","href":"https:\/\/api.w.org\/{rel}","templated":true}]}}