{"id":25581,"date":"2025-09-18T01:51:18","date_gmt":"2025-09-18T01:51:18","guid":{"rendered":"https:\/\/vitablanca.ma\/?post_type=product&#038;p=25581"},"modified":"2025-09-22T18:10:15","modified_gmt":"2025-09-22T18:10:15","slug":"doctors-best-tocotrienols-50-mg-60-caps-a-enveloppe-molle-complexe-de-vitamine-e-a-spectre-complet","status":"publish","type":"product","link":"https:\/\/vitablanca.ma\/en\/product\/doctors-best-tocotrienols-50-mg-60-caps-a-enveloppe-molle-complexe-de-vitamine-e-a-spectre-complet\/","title":{"rendered":"Doctor&rsquo;s BEST Vitamine E Tocotri\u00e9nols 50 mg 60 caps"},"content":{"rendered":"<p>Les tocotri\u00e9nols de Doctor&rsquo;s Best\u00a0contient le complexe de vitamine E \u00e0 spectre complet EVNol SupraBio\u00ae. Fabriqu\u00e9e \u00e0 partir d&rsquo;huile de palme rouge produite de mani\u00e8re durable, cette pr\u00e9paration est uniquement auto-\u00e9mulsifiante pour une absorption efficace. Il \u00e9l\u00e8ve les tocotri\u00e9nols dans le sang, le cerveau, le c\u0153ur, le foie et la peau tout en pr\u00e9servant les niveaux d&rsquo;alpha-tocoph\u00e9rol. Cette pr\u00e9paration unique am\u00e9liore \u00e9galement la fonction de la paroi des vaisseaux sanguins et aide \u00e0 maintenir des taux de cholest\u00e9rol sains dans les limites de la normale.<br \/>\nContribue au bien-\u00eatre cardiovasculaire<br \/>\nAide \u00e0 soutenir les d\u00e9fenses antioxydantes du cerveau et d&rsquo;autres organes<br \/>\nFavorise une r\u00e9ponse immunitaire saine<br \/>\n<b>Suggested Use<\/b><b><br \/>\n<\/b>Chez l&rsquo;adulte\u00a0:\u00a0Prenez 1 capsule \u00e0 enveloppe molle deux fois par jour apr\u00e8s les repas ou suivez les recommandations d&rsquo;un m\u00e9decin expert en nutrition.<\/p>","protected":false},"excerpt":{"rendered":"<ul>\n<li>Science-Based Nutrition\u2122<\/li>\n<li>Avec EVNol SupraBio cliniquement \u00e9tudi\u00e9<\/li>\n<li>Full Spectrum Vitamin E Complex<\/li>\n<li>Contribue au bien-\u00eatre cardiovasculaire<\/li>\n<li>Aide \u00e0 soutenir les d\u00e9fenses antioxydantes du cerveau et d&rsquo;autres organes<\/li>\n<li>Favorise une r\u00e9ponse immunitaire saine<\/li>\n<li>Food supplement<\/li>\n<li>GMO-free \/ Gluten-free \/ Soy-free<\/li>\n<\/ul>","protected":false},"featured_media":25647,"template":"","meta":{"om_disable_all_campaigns":false},"product_brand":[1982],"product_cat":[18,3366],"product_tag":[3194,3954,3955,3956,3957,3958],"class_list":{"0":"post-25581","1":"product","2":"type-product","3":"status-publish","4":"has-post-thumbnail","6":"product_brand-doctors-best-maroc-prix","7":"product_cat-beaute-sante","8":"product_cat-complements-alimentaires-au-maroc-vitablanca","9":"product_tag-complement-antioxydant-naturel","10":"product_tag-doctors-best-tocotrienols-50-mg","11":"product_tag-sante-cardiovasculaire-vitamine-e","12":"product_tag-tocotrienols-softgels","13":"product_tag-tocotrienols-vitamine-e","14":"product_tag-vitamine-e-complete-spectre","16":"first","17":"instock","18":"taxable","19":"shipping-taxable","20":"purchasable","21":"product-type-simple"},"yoast_head":"<!-- This site is optimized with the Yoast SEO plugin v27.4 - https:\/\/yoast.com\/product\/yoast-seo-wordpress\/ -->\n<title>Doctor&#039;s BEST Vitamine E Tocotri\u00e9nols 50 mg 60 caps - Maroc Prix<\/title>\n<meta name=\"description\" content=\"Achetez Doctor&#039;s Best Vitamine E Tocotri\u00e9nols 50 mg (60 capsules) au Maroc. Antioxydant puissant pour prot\u00e9ger cellules, c\u0153ur et syst\u00e8me immunitaire.\" \/>\n<meta name=\"robots\" content=\"index, follow, max-snippet:-1, max-image-preview:large, max-video-preview:-1\" \/>\n<link rel=\"canonical\" href=\"https:\/\/vitablanca.ma\/en\/product\/doctors-best-tocotrienols-50-mg-60-caps-a-enveloppe-molle-complexe-de-vitamine-e-a-spectre-complet\/\" \/>\n<meta property=\"og:locale\" content=\"en_US\" \/>\n<meta property=\"og:type\" content=\"article\" \/>\n<meta property=\"og:title\" content=\"Doctor&#039;s BEST Vitamine E Tocotri\u00e9nols 50 mg 60 caps - Maroc Prix\" \/>\n<meta property=\"og:description\" content=\"Achetez Doctor&#039;s Best Vitamine E Tocotri\u00e9nols 50 mg (60 capsules) au Maroc. Antioxydant puissant pour prot\u00e9ger cellules, c\u0153ur et syst\u00e8me immunitaire.\" \/>\n<meta property=\"og:url\" content=\"https:\/\/vitablanca.ma\/en\/product\/doctors-best-tocotrienols-50-mg-60-caps-a-enveloppe-molle-complexe-de-vitamine-e-a-spectre-complet\/\" \/>\n<meta property=\"og:site_name\" content=\"Vitablanca.ma &ndash; Sant&eacute;, vitalit&eacute; et bien-&ecirc;tre pour tous les Marocains\" \/>\n<meta property=\"article:publisher\" content=\"https:\/\/www.facebook.com\/profile.php?id=61576678196717\" \/>\n<meta property=\"article:modified_time\" content=\"2025-09-22T18:10:15+00:00\" \/>\n<meta property=\"og:image\" content=\"https:\/\/vitablanca.ma\/wp-content\/uploads\/2025\/09\/Doctors-BEST-Tocotrienols-50-mg-60-caps-a-enveloppe-molle-Complexe-de-vitamine-E-a-spectre-complet.jpg\" \/>\n\t<meta property=\"og:image:width\" content=\"680\" \/>\n\t<meta property=\"og:image:height\" content=\"680\" \/>\n\t<meta property=\"og:image:type\" content=\"image\/jpeg\" \/>\n<meta name=\"twitter:card\" content=\"summary_large_image\" \/>\n<meta name=\"twitter:label1\" content=\"Est. reading time\" \/>\n\t<meta name=\"twitter:data1\" content=\"1 minute\" \/>\n<script type=\"application\/ld+json\" class=\"yoast-schema-graph\">{\"@context\":\"https:\\\/\\\/schema.org\",\"@graph\":[{\"@type\":[\"WebPage\",\"ItemPage\"],\"@id\":\"https:\\\/\\\/vitablanca.ma\\\/produit\\\/doctors-best-tocotrienols-50-mg-60-caps-a-enveloppe-molle-complexe-de-vitamine-e-a-spectre-complet\\\/\",\"url\":\"https:\\\/\\\/vitablanca.ma\\\/produit\\\/doctors-best-tocotrienols-50-mg-60-caps-a-enveloppe-molle-complexe-de-vitamine-e-a-spectre-complet\\\/\",\"name\":\"Doctor's BEST Vitamine E Tocotri\u00e9nols 50 mg 60 caps - Maroc Prix\",\"isPartOf\":{\"@id\":\"https:\\\/\\\/vitablanca.ma\\\/#website\"},\"primaryImageOfPage\":{\"@id\":\"https:\\\/\\\/vitablanca.ma\\\/produit\\\/doctors-best-tocotrienols-50-mg-60-caps-a-enveloppe-molle-complexe-de-vitamine-e-a-spectre-complet\\\/#primaryimage\"},\"image\":{\"@id\":\"https:\\\/\\\/vitablanca.ma\\\/produit\\\/doctors-best-tocotrienols-50-mg-60-caps-a-enveloppe-molle-complexe-de-vitamine-e-a-spectre-complet\\\/#primaryimage\"},\"thumbnailUrl\":\"https:\\\/\\\/vitablanca.ma\\\/wp-content\\\/uploads\\\/2025\\\/09\\\/Doctors-BEST-Tocotrienols-50-mg-60-caps-a-enveloppe-molle-Complexe-de-vitamine-E-a-spectre-complet.jpg\",\"datePublished\":\"2025-09-18T01:51:18+00:00\",\"dateModified\":\"2025-09-22T18:10:15+00:00\",\"description\":\"Achetez Doctor's Best Vitamine E Tocotri\u00e9nols 50 mg (60 capsules) au Maroc. Antioxydant puissant pour prot\u00e9ger cellules, c\u0153ur et syst\u00e8me immunitaire.\",\"breadcrumb\":{\"@id\":\"https:\\\/\\\/vitablanca.ma\\\/produit\\\/doctors-best-tocotrienols-50-mg-60-caps-a-enveloppe-molle-complexe-de-vitamine-e-a-spectre-complet\\\/#breadcrumb\"},\"inLanguage\":\"en-US\",\"potentialAction\":[{\"@type\":\"ReadAction\",\"target\":[\"https:\\\/\\\/vitablanca.ma\\\/produit\\\/doctors-best-tocotrienols-50-mg-60-caps-a-enveloppe-molle-complexe-de-vitamine-e-a-spectre-complet\\\/\"]}]},{\"@type\":\"ImageObject\",\"inLanguage\":\"en-US\",\"@id\":\"https:\\\/\\\/vitablanca.ma\\\/produit\\\/doctors-best-tocotrienols-50-mg-60-caps-a-enveloppe-molle-complexe-de-vitamine-e-a-spectre-complet\\\/#primaryimage\",\"url\":\"https:\\\/\\\/vitablanca.ma\\\/wp-content\\\/uploads\\\/2025\\\/09\\\/Doctors-BEST-Tocotrienols-50-mg-60-caps-a-enveloppe-molle-Complexe-de-vitamine-E-a-spectre-complet.jpg\",\"contentUrl\":\"https:\\\/\\\/vitablanca.ma\\\/wp-content\\\/uploads\\\/2025\\\/09\\\/Doctors-BEST-Tocotrienols-50-mg-60-caps-a-enveloppe-molle-Complexe-de-vitamine-E-a-spectre-complet.jpg\",\"width\":680,\"height\":680},{\"@type\":\"BreadcrumbList\",\"@id\":\"https:\\\/\\\/vitablanca.ma\\\/produit\\\/doctors-best-tocotrienols-50-mg-60-caps-a-enveloppe-molle-complexe-de-vitamine-e-a-spectre-complet\\\/#breadcrumb\",\"itemListElement\":[{\"@type\":\"ListItem\",\"position\":1,\"name\":\"Home\",\"item\":\"https:\\\/\\\/vitablanca.ma\\\/\"},{\"@type\":\"ListItem\",\"position\":2,\"name\":\"Tous Les Produits\",\"item\":\"https:\\\/\\\/vitablanca.ma\\\/tous-les-produits\\\/\"},{\"@type\":\"ListItem\",\"position\":3,\"name\":\"Doctor&#8217;s BEST Vitamine E Tocotri\u00e9nols 50 mg 60 caps\"}]},{\"@type\":\"WebSite\",\"@id\":\"https:\\\/\\\/vitablanca.ma\\\/#website\",\"url\":\"https:\\\/\\\/vitablanca.ma\\\/\",\"name\":\"VitaBlanca.ma | Compl\u00e9ments alimentaires, sant\u00e9 & beaut\u00e9 au Maroc\",\"description\":\"vendre vitamines et compl\u00e9ments premium des USA &amp; Canada, Nouvelle Z\u00e9lande,Maroc (NOW Foods, Solgar, Manuka). Livraison rapide partout au Maroc.\",\"publisher\":{\"@id\":\"https:\\\/\\\/vitablanca.ma\\\/#organization\"},\"alternateName\":\"VitaBlanca.ma\",\"potentialAction\":[{\"@type\":\"SearchAction\",\"target\":{\"@type\":\"EntryPoint\",\"urlTemplate\":\"https:\\\/\\\/vitablanca.ma\\\/?s={search_term_string}\"},\"query-input\":{\"@type\":\"PropertyValueSpecification\",\"valueRequired\":true,\"valueName\":\"search_term_string\"}}],\"inLanguage\":\"en-US\"},{\"@type\":\"Organization\",\"@id\":\"https:\\\/\\\/vitablanca.ma\\\/#organization\",\"name\":\"VitaBlanca\",\"url\":\"https:\\\/\\\/vitablanca.ma\\\/\",\"logo\":{\"@type\":\"ImageObject\",\"inLanguage\":\"en-US\",\"@id\":\"https:\\\/\\\/vitablanca.ma\\\/#\\\/schema\\\/logo\\\/image\\\/\",\"url\":\"https:\\\/\\\/vitablanca.ma\\\/wp-content\\\/uploads\\\/2025\\\/05\\\/cropped-vitablanca.png\",\"contentUrl\":\"https:\\\/\\\/vitablanca.ma\\\/wp-content\\\/uploads\\\/2025\\\/05\\\/cropped-vitablanca.png\",\"width\":360,\"height\":67,\"caption\":\"VitaBlanca\"},\"image\":{\"@id\":\"https:\\\/\\\/vitablanca.ma\\\/#\\\/schema\\\/logo\\\/image\\\/\"},\"sameAs\":[\"https:\\\/\\\/www.facebook.com\\\/profile.php?id=61576678196717\",\"https:\\\/\\\/www.tiktok.com\\\/@vitablanca.ma\",\"https:\\\/\\\/www.instagram.com\\\/vitablanca.ma\\\/\"]}]}<\/script>\n<!-- \/ Yoast SEO plugin. -->","yoast_head_json":{"title":"Doctor's BEST Vitamine E Tocotri\u00e9nols 50 mg 60 caps - Maroc Prix","description":"Achetez Doctor's Best Vitamine E Tocotri\u00e9nols 50 mg (60 capsules) au Maroc. Antioxydant puissant pour prot\u00e9ger cellules, c\u0153ur et syst\u00e8me immunitaire.","robots":{"index":"index","follow":"follow","max-snippet":"max-snippet:-1","max-image-preview":"max-image-preview:large","max-video-preview":"max-video-preview:-1"},"canonical":"https:\/\/vitablanca.ma\/en\/product\/doctors-best-tocotrienols-50-mg-60-caps-a-enveloppe-molle-complexe-de-vitamine-e-a-spectre-complet\/","og_locale":"en_US","og_type":"article","og_title":"Doctor's BEST Vitamine E Tocotri\u00e9nols 50 mg 60 caps - Maroc Prix","og_description":"Achetez Doctor's Best Vitamine E Tocotri\u00e9nols 50 mg (60 capsules) au Maroc. Antioxydant puissant pour prot\u00e9ger cellules, c\u0153ur et syst\u00e8me immunitaire.","og_url":"https:\/\/vitablanca.ma\/en\/product\/doctors-best-tocotrienols-50-mg-60-caps-a-enveloppe-molle-complexe-de-vitamine-e-a-spectre-complet\/","og_site_name":"Vitablanca.ma &ndash; Sant&eacute;, vitalit&eacute; et bien-&ecirc;tre pour tous les Marocains","article_publisher":"https:\/\/www.facebook.com\/profile.php?id=61576678196717","article_modified_time":"2025-09-22T18:10:15+00:00","og_image":[{"width":680,"height":680,"url":"https:\/\/vitablanca.ma\/wp-content\/uploads\/2025\/09\/Doctors-BEST-Tocotrienols-50-mg-60-caps-a-enveloppe-molle-Complexe-de-vitamine-E-a-spectre-complet.jpg","type":"image\/jpeg"}],"twitter_card":"summary_large_image","twitter_misc":{"Est. reading time":"1 minute"},"schema":{"@context":"https:\/\/schema.org","@graph":[{"@type":["WebPage","ItemPage"],"@id":"https:\/\/vitablanca.ma\/produit\/doctors-best-tocotrienols-50-mg-60-caps-a-enveloppe-molle-complexe-de-vitamine-e-a-spectre-complet\/","url":"https:\/\/vitablanca.ma\/produit\/doctors-best-tocotrienols-50-mg-60-caps-a-enveloppe-molle-complexe-de-vitamine-e-a-spectre-complet\/","name":"Doctor's BEST Vitamine E Tocotri\u00e9nols 50 mg 60 caps - Maroc Prix","isPartOf":{"@id":"https:\/\/vitablanca.ma\/#website"},"primaryImageOfPage":{"@id":"https:\/\/vitablanca.ma\/produit\/doctors-best-tocotrienols-50-mg-60-caps-a-enveloppe-molle-complexe-de-vitamine-e-a-spectre-complet\/#primaryimage"},"image":{"@id":"https:\/\/vitablanca.ma\/produit\/doctors-best-tocotrienols-50-mg-60-caps-a-enveloppe-molle-complexe-de-vitamine-e-a-spectre-complet\/#primaryimage"},"thumbnailUrl":"https:\/\/vitablanca.ma\/wp-content\/uploads\/2025\/09\/Doctors-BEST-Tocotrienols-50-mg-60-caps-a-enveloppe-molle-Complexe-de-vitamine-E-a-spectre-complet.jpg","datePublished":"2025-09-18T01:51:18+00:00","dateModified":"2025-09-22T18:10:15+00:00","description":"Achetez Doctor's Best Vitamine E Tocotri\u00e9nols 50 mg (60 capsules) au Maroc. Antioxydant puissant pour prot\u00e9ger cellules, c\u0153ur et syst\u00e8me immunitaire.","breadcrumb":{"@id":"https:\/\/vitablanca.ma\/produit\/doctors-best-tocotrienols-50-mg-60-caps-a-enveloppe-molle-complexe-de-vitamine-e-a-spectre-complet\/#breadcrumb"},"inLanguage":"en-US","potentialAction":[{"@type":"ReadAction","target":["https:\/\/vitablanca.ma\/produit\/doctors-best-tocotrienols-50-mg-60-caps-a-enveloppe-molle-complexe-de-vitamine-e-a-spectre-complet\/"]}]},{"@type":"ImageObject","inLanguage":"en-US","@id":"https:\/\/vitablanca.ma\/produit\/doctors-best-tocotrienols-50-mg-60-caps-a-enveloppe-molle-complexe-de-vitamine-e-a-spectre-complet\/#primaryimage","url":"https:\/\/vitablanca.ma\/wp-content\/uploads\/2025\/09\/Doctors-BEST-Tocotrienols-50-mg-60-caps-a-enveloppe-molle-Complexe-de-vitamine-E-a-spectre-complet.jpg","contentUrl":"https:\/\/vitablanca.ma\/wp-content\/uploads\/2025\/09\/Doctors-BEST-Tocotrienols-50-mg-60-caps-a-enveloppe-molle-Complexe-de-vitamine-E-a-spectre-complet.jpg","width":680,"height":680},{"@type":"BreadcrumbList","@id":"https:\/\/vitablanca.ma\/produit\/doctors-best-tocotrienols-50-mg-60-caps-a-enveloppe-molle-complexe-de-vitamine-e-a-spectre-complet\/#breadcrumb","itemListElement":[{"@type":"ListItem","position":1,"name":"Home","item":"https:\/\/vitablanca.ma\/"},{"@type":"ListItem","position":2,"name":"Tous Les Produits","item":"https:\/\/vitablanca.ma\/tous-les-produits\/"},{"@type":"ListItem","position":3,"name":"Doctor&#8217;s BEST Vitamine E Tocotri\u00e9nols 50 mg 60 caps"}]},{"@type":"WebSite","@id":"https:\/\/vitablanca.ma\/#website","url":"https:\/\/vitablanca.ma\/","name":"VitaBlanca.ma | Food supplements, health &amp; beauty in Morocco","description":"sell premium vitamins and supplements from USA &amp; Canada, New Zealand, Morocco (NOW Foods, Solgar, Manuka). Fast delivery anywhere in Morocco.","publisher":{"@id":"https:\/\/vitablanca.ma\/#organization"},"alternateName":"VitaBlanca.ma","potentialAction":[{"@type":"SearchAction","target":{"@type":"EntryPoint","urlTemplate":"https:\/\/vitablanca.ma\/?s={search_term_string}"},"query-input":{"@type":"PropertyValueSpecification","valueRequired":true,"valueName":"search_term_string"}}],"inLanguage":"en-US"},{"@type":"Organization","@id":"https:\/\/vitablanca.ma\/#organization","name":"VitaBlanca","url":"https:\/\/vitablanca.ma\/","logo":{"@type":"ImageObject","inLanguage":"en-US","@id":"https:\/\/vitablanca.ma\/#\/schema\/logo\/image\/","url":"https:\/\/vitablanca.ma\/wp-content\/uploads\/2025\/05\/cropped-vitablanca.png","contentUrl":"https:\/\/vitablanca.ma\/wp-content\/uploads\/2025\/05\/cropped-vitablanca.png","width":360,"height":67,"caption":"VitaBlanca"},"image":{"@id":"https:\/\/vitablanca.ma\/#\/schema\/logo\/image\/"},"sameAs":["https:\/\/www.facebook.com\/profile.php?id=61576678196717","https:\/\/www.tiktok.com\/@vitablanca.ma","https:\/\/www.instagram.com\/vitablanca.ma\/"]}]}},"jetpack_sharing_enabled":true,"_links":{"self":[{"href":"https:\/\/vitablanca.ma\/en\/wp-json\/wp\/v2\/product\/25581","targetHints":{"allow":["GET"]}}],"collection":[{"href":"https:\/\/vitablanca.ma\/en\/wp-json\/wp\/v2\/product"}],"about":[{"href":"https:\/\/vitablanca.ma\/en\/wp-json\/wp\/v2\/types\/product"}],"wp:featuredmedia":[{"embeddable":true,"href":"https:\/\/vitablanca.ma\/en\/wp-json\/wp\/v2\/media\/25647"}],"wp:attachment":[{"href":"https:\/\/vitablanca.ma\/en\/wp-json\/wp\/v2\/media?parent=25581"}],"wp:term":[{"taxonomy":"product_brand","embeddable":true,"href":"https:\/\/vitablanca.ma\/en\/wp-json\/wp\/v2\/product_brand?post=25581"},{"taxonomy":"product_cat","embeddable":true,"href":"https:\/\/vitablanca.ma\/en\/wp-json\/wp\/v2\/product_cat?post=25581"},{"taxonomy":"product_tag","embeddable":true,"href":"https:\/\/vitablanca.ma\/en\/wp-json\/wp\/v2\/product_tag?post=25581"}],"curies":[{"name":"wp","href":"https:\/\/api.w.org\/{rel}","templated":true}]}}