{"id":25580,"date":"2025-09-18T01:51:18","date_gmt":"2025-09-18T01:51:18","guid":{"rendered":"https:\/\/vitablanca.ma\/?post_type=product&#038;p=25580"},"modified":"2025-09-22T18:10:16","modified_gmt":"2025-09-22T18:10:16","slug":"doctors-best-5-htp-renforce-aux-vitamines-b6-et-c-120-gelules-vegetales","status":"publish","type":"product","link":"https:\/\/vitablanca.ma\/en\/product\/doctors-best-5-htp-renforce-aux-vitamines-b6-et-c-120-gelules-vegetales\/","title":{"rendered":"Doctor&rsquo;s BEST 5-HTP, renforc\u00e9 aux vitamines B6 et C, 120 g\u00e9lules v\u00e9g\u00e9tales"},"content":{"rendered":"<p>Doctor&rsquo;s Best 5-HTP (5-hydroxy L-tryptophane) contient un m\u00e9tabolite naturel de l&rsquo;acide amin\u00e9 tryptophane. Le 5-HTP est extrait des graines de la plante Griffonia simplicifolia. La vitamine B6 et la vitamine C sont des cofacteurs importants dans la conversion du 5-HTP en s\u00e9rotonine, une substance neurotransmetteur trouv\u00e9e aux jonctions (synapses) entre les neurones. 5-HTP fournit un soutien pour aider \u00e0 maintenir le bien-\u00eatre mental et \u00e9motionnel et favorise un sommeil sain.<\/p>\n<p>Doctor&rsquo;s Best 5-HTP est test\u00e9 pour s&rsquo;assurer qu&rsquo;il ne contient pas de \u00ab\u00a0Peak X\u00a0\u00bb.<\/p>\n<p>Aide \u00e0 soutenir le bien-\u00eatre mental et \u00e9motionnel.<\/p>\n<p>Aide \u00e0 favoriser un sommeil sain.<\/p>\n<p>Suggested Use<\/p>\n<p>Prendre 1 g\u00e9lule avec ou sans nourriture<\/p>","protected":false},"excerpt":{"rendered":"<ul>\n<li>Science-Based Nutrition\u2122<\/li>\n<li>Food supplement<\/li>\n<li>Helps support mental and emotional well-being<\/li>\n<li>Vegan<\/li>\n<li>GMO-free \/ gluten-free \/ soy-free<\/li>\n<li>Aide \u00e0 favoriser un sommeil sain.<\/li>\n<\/ul>","protected":false},"featured_media":25645,"template":"","meta":{"om_disable_all_campaigns":false},"product_brand":[1982],"product_cat":[18,3366],"product_tag":[3948,3949,771,3950,1773,3951,3952,3953],"class_list":{"0":"post-25580","1":"product","2":"type-product","3":"status-publish","4":"has-post-thumbnail","6":"product_brand-doctors-best-maroc-prix","7":"product_cat-beaute-sante","8":"product_cat-complements-alimentaires-au-maroc-vitablanca","9":"product_tag-5-htp-doctors-best","10":"product_tag-5-htp-vitamines-b6-et-c","11":"product_tag-anti-stress-naturel","12":"product_tag-complement-pour-le-sommeil","13":"product_tag-equilibre-emotionnel","14":"product_tag-gelules-vegetariennes-5-htp","15":"product_tag-humeur-positive","16":"product_tag-serotonine","18":"first","19":"instock","20":"sale","21":"taxable","22":"shipping-taxable","23":"purchasable","24":"product-type-simple"},"yoast_head":"<!-- This site is optimized with the Yoast SEO plugin v27.4 - https:\/\/yoast.com\/product\/yoast-seo-wordpress\/ -->\n<title>Doctor&#039;s Best 5-HTP renforc\u00e9 + B6 &amp; C \u2013 120 g\u00e9lules - Maroc Prix<\/title>\n<meta name=\"description\" content=\"Achetez Doctor&#039;s Best 5-HTP renforc\u00e9 en vitamines B6 et C (120 g\u00e9lules) au Maroc. Favorise l\u2019humeur positive, le sommeil r\u00e9parateur et la d\u00e9tente.\" \/>\n<meta name=\"robots\" content=\"index, follow, max-snippet:-1, max-image-preview:large, max-video-preview:-1\" \/>\n<link rel=\"canonical\" href=\"https:\/\/vitablanca.ma\/en\/product\/doctors-best-5-htp-renforce-aux-vitamines-b6-et-c-120-gelules-vegetales\/\" \/>\n<meta property=\"og:locale\" content=\"en_US\" \/>\n<meta property=\"og:type\" content=\"article\" \/>\n<meta property=\"og:title\" content=\"Doctor&#039;s Best 5-HTP renforc\u00e9 + B6 &amp; C \u2013 120 g\u00e9lules - Maroc Prix\" \/>\n<meta property=\"og:description\" content=\"Achetez Doctor&#039;s Best 5-HTP renforc\u00e9 en vitamines B6 et C (120 g\u00e9lules) au Maroc. Favorise l\u2019humeur positive, le sommeil r\u00e9parateur et la d\u00e9tente.\" \/>\n<meta property=\"og:url\" content=\"https:\/\/vitablanca.ma\/en\/product\/doctors-best-5-htp-renforce-aux-vitamines-b6-et-c-120-gelules-vegetales\/\" \/>\n<meta property=\"og:site_name\" content=\"Vitablanca.ma &ndash; Sant&eacute;, vitalit&eacute; et bien-&ecirc;tre pour tous les Marocains\" \/>\n<meta property=\"article:publisher\" content=\"https:\/\/www.facebook.com\/profile.php?id=61576678196717\" \/>\n<meta property=\"article:modified_time\" content=\"2025-09-22T18:10:16+00:00\" \/>\n<meta property=\"og:image\" content=\"https:\/\/vitablanca.ma\/wp-content\/uploads\/2025\/09\/Doctors-BEST-5-HTP-renforce-aux-vitamines-B6-et-C-120-gelules-vegetales.jpg\" \/>\n\t<meta property=\"og:image:width\" content=\"680\" \/>\n\t<meta property=\"og:image:height\" content=\"680\" \/>\n\t<meta property=\"og:image:type\" content=\"image\/jpeg\" \/>\n<meta name=\"twitter:card\" content=\"summary_large_image\" \/>\n<meta name=\"twitter:label1\" content=\"Est. reading time\" \/>\n\t<meta name=\"twitter:data1\" content=\"1 minute\" \/>\n<script type=\"application\/ld+json\" class=\"yoast-schema-graph\">{\"@context\":\"https:\\\/\\\/schema.org\",\"@graph\":[{\"@type\":[\"WebPage\",\"ItemPage\"],\"@id\":\"https:\\\/\\\/vitablanca.ma\\\/produit\\\/doctors-best-5-htp-renforce-aux-vitamines-b6-et-c-120-gelules-vegetales\\\/\",\"url\":\"https:\\\/\\\/vitablanca.ma\\\/produit\\\/doctors-best-5-htp-renforce-aux-vitamines-b6-et-c-120-gelules-vegetales\\\/\",\"name\":\"Doctor's Best 5-HTP renforc\u00e9 + B6 & C \u2013 120 g\u00e9lules - Maroc Prix\",\"isPartOf\":{\"@id\":\"https:\\\/\\\/vitablanca.ma\\\/#website\"},\"primaryImageOfPage\":{\"@id\":\"https:\\\/\\\/vitablanca.ma\\\/produit\\\/doctors-best-5-htp-renforce-aux-vitamines-b6-et-c-120-gelules-vegetales\\\/#primaryimage\"},\"image\":{\"@id\":\"https:\\\/\\\/vitablanca.ma\\\/produit\\\/doctors-best-5-htp-renforce-aux-vitamines-b6-et-c-120-gelules-vegetales\\\/#primaryimage\"},\"thumbnailUrl\":\"https:\\\/\\\/vitablanca.ma\\\/wp-content\\\/uploads\\\/2025\\\/09\\\/Doctors-BEST-5-HTP-renforce-aux-vitamines-B6-et-C-120-gelules-vegetales.jpg\",\"datePublished\":\"2025-09-18T01:51:18+00:00\",\"dateModified\":\"2025-09-22T18:10:16+00:00\",\"description\":\"Achetez Doctor's Best 5-HTP renforc\u00e9 en vitamines B6 et C (120 g\u00e9lules) au Maroc. Favorise l\u2019humeur positive, le sommeil r\u00e9parateur et la d\u00e9tente.\",\"breadcrumb\":{\"@id\":\"https:\\\/\\\/vitablanca.ma\\\/produit\\\/doctors-best-5-htp-renforce-aux-vitamines-b6-et-c-120-gelules-vegetales\\\/#breadcrumb\"},\"inLanguage\":\"en-US\",\"potentialAction\":[{\"@type\":\"ReadAction\",\"target\":[\"https:\\\/\\\/vitablanca.ma\\\/produit\\\/doctors-best-5-htp-renforce-aux-vitamines-b6-et-c-120-gelules-vegetales\\\/\"]}]},{\"@type\":\"ImageObject\",\"inLanguage\":\"en-US\",\"@id\":\"https:\\\/\\\/vitablanca.ma\\\/produit\\\/doctors-best-5-htp-renforce-aux-vitamines-b6-et-c-120-gelules-vegetales\\\/#primaryimage\",\"url\":\"https:\\\/\\\/vitablanca.ma\\\/wp-content\\\/uploads\\\/2025\\\/09\\\/Doctors-BEST-5-HTP-renforce-aux-vitamines-B6-et-C-120-gelules-vegetales.jpg\",\"contentUrl\":\"https:\\\/\\\/vitablanca.ma\\\/wp-content\\\/uploads\\\/2025\\\/09\\\/Doctors-BEST-5-HTP-renforce-aux-vitamines-B6-et-C-120-gelules-vegetales.jpg\",\"width\":680,\"height\":680},{\"@type\":\"BreadcrumbList\",\"@id\":\"https:\\\/\\\/vitablanca.ma\\\/produit\\\/doctors-best-5-htp-renforce-aux-vitamines-b6-et-c-120-gelules-vegetales\\\/#breadcrumb\",\"itemListElement\":[{\"@type\":\"ListItem\",\"position\":1,\"name\":\"Home\",\"item\":\"https:\\\/\\\/vitablanca.ma\\\/\"},{\"@type\":\"ListItem\",\"position\":2,\"name\":\"Tous Les Produits\",\"item\":\"https:\\\/\\\/vitablanca.ma\\\/tous-les-produits\\\/\"},{\"@type\":\"ListItem\",\"position\":3,\"name\":\"Doctor&#8217;s BEST 5-HTP, renforc\u00e9 aux vitamines B6 et C, 120 g\u00e9lules v\u00e9g\u00e9tales\"}]},{\"@type\":\"WebSite\",\"@id\":\"https:\\\/\\\/vitablanca.ma\\\/#website\",\"url\":\"https:\\\/\\\/vitablanca.ma\\\/\",\"name\":\"VitaBlanca.ma | Compl\u00e9ments alimentaires, sant\u00e9 & beaut\u00e9 au Maroc\",\"description\":\"vendre vitamines et compl\u00e9ments premium des USA &amp; Canada, Nouvelle Z\u00e9lande,Maroc (NOW Foods, Solgar, Manuka). Livraison rapide partout au Maroc.\",\"publisher\":{\"@id\":\"https:\\\/\\\/vitablanca.ma\\\/#organization\"},\"alternateName\":\"VitaBlanca.ma\",\"potentialAction\":[{\"@type\":\"SearchAction\",\"target\":{\"@type\":\"EntryPoint\",\"urlTemplate\":\"https:\\\/\\\/vitablanca.ma\\\/?s={search_term_string}\"},\"query-input\":{\"@type\":\"PropertyValueSpecification\",\"valueRequired\":true,\"valueName\":\"search_term_string\"}}],\"inLanguage\":\"en-US\"},{\"@type\":\"Organization\",\"@id\":\"https:\\\/\\\/vitablanca.ma\\\/#organization\",\"name\":\"VitaBlanca\",\"url\":\"https:\\\/\\\/vitablanca.ma\\\/\",\"logo\":{\"@type\":\"ImageObject\",\"inLanguage\":\"en-US\",\"@id\":\"https:\\\/\\\/vitablanca.ma\\\/#\\\/schema\\\/logo\\\/image\\\/\",\"url\":\"https:\\\/\\\/vitablanca.ma\\\/wp-content\\\/uploads\\\/2025\\\/05\\\/cropped-vitablanca.png\",\"contentUrl\":\"https:\\\/\\\/vitablanca.ma\\\/wp-content\\\/uploads\\\/2025\\\/05\\\/cropped-vitablanca.png\",\"width\":360,\"height\":67,\"caption\":\"VitaBlanca\"},\"image\":{\"@id\":\"https:\\\/\\\/vitablanca.ma\\\/#\\\/schema\\\/logo\\\/image\\\/\"},\"sameAs\":[\"https:\\\/\\\/www.facebook.com\\\/profile.php?id=61576678196717\",\"https:\\\/\\\/www.tiktok.com\\\/@vitablanca.ma\",\"https:\\\/\\\/www.instagram.com\\\/vitablanca.ma\\\/\"]}]}<\/script>\n<!-- \/ Yoast SEO plugin. -->","yoast_head_json":{"title":"Doctor's Best 5-HTP renforc\u00e9 + B6 & C \u2013 120 g\u00e9lules - Maroc Prix","description":"Achetez Doctor's Best 5-HTP renforc\u00e9 en vitamines B6 et C (120 g\u00e9lules) au Maroc. Favorise l\u2019humeur positive, le sommeil r\u00e9parateur et la d\u00e9tente.","robots":{"index":"index","follow":"follow","max-snippet":"max-snippet:-1","max-image-preview":"max-image-preview:large","max-video-preview":"max-video-preview:-1"},"canonical":"https:\/\/vitablanca.ma\/en\/product\/doctors-best-5-htp-renforce-aux-vitamines-b6-et-c-120-gelules-vegetales\/","og_locale":"en_US","og_type":"article","og_title":"Doctor's Best 5-HTP renforc\u00e9 + B6 & C \u2013 120 g\u00e9lules - Maroc Prix","og_description":"Achetez Doctor's Best 5-HTP renforc\u00e9 en vitamines B6 et C (120 g\u00e9lules) au Maroc. Favorise l\u2019humeur positive, le sommeil r\u00e9parateur et la d\u00e9tente.","og_url":"https:\/\/vitablanca.ma\/en\/product\/doctors-best-5-htp-renforce-aux-vitamines-b6-et-c-120-gelules-vegetales\/","og_site_name":"Vitablanca.ma &ndash; Sant&eacute;, vitalit&eacute; et bien-&ecirc;tre pour tous les Marocains","article_publisher":"https:\/\/www.facebook.com\/profile.php?id=61576678196717","article_modified_time":"2025-09-22T18:10:16+00:00","og_image":[{"width":680,"height":680,"url":"https:\/\/vitablanca.ma\/wp-content\/uploads\/2025\/09\/Doctors-BEST-5-HTP-renforce-aux-vitamines-B6-et-C-120-gelules-vegetales.jpg","type":"image\/jpeg"}],"twitter_card":"summary_large_image","twitter_misc":{"Est. reading time":"1 minute"},"schema":{"@context":"https:\/\/schema.org","@graph":[{"@type":["WebPage","ItemPage"],"@id":"https:\/\/vitablanca.ma\/produit\/doctors-best-5-htp-renforce-aux-vitamines-b6-et-c-120-gelules-vegetales\/","url":"https:\/\/vitablanca.ma\/produit\/doctors-best-5-htp-renforce-aux-vitamines-b6-et-c-120-gelules-vegetales\/","name":"Doctor's Best 5-HTP renforc\u00e9 + B6 & C \u2013 120 g\u00e9lules - Maroc Prix","isPartOf":{"@id":"https:\/\/vitablanca.ma\/#website"},"primaryImageOfPage":{"@id":"https:\/\/vitablanca.ma\/produit\/doctors-best-5-htp-renforce-aux-vitamines-b6-et-c-120-gelules-vegetales\/#primaryimage"},"image":{"@id":"https:\/\/vitablanca.ma\/produit\/doctors-best-5-htp-renforce-aux-vitamines-b6-et-c-120-gelules-vegetales\/#primaryimage"},"thumbnailUrl":"https:\/\/vitablanca.ma\/wp-content\/uploads\/2025\/09\/Doctors-BEST-5-HTP-renforce-aux-vitamines-B6-et-C-120-gelules-vegetales.jpg","datePublished":"2025-09-18T01:51:18+00:00","dateModified":"2025-09-22T18:10:16+00:00","description":"Achetez Doctor's Best 5-HTP renforc\u00e9 en vitamines B6 et C (120 g\u00e9lules) au Maroc. Favorise l\u2019humeur positive, le sommeil r\u00e9parateur et la d\u00e9tente.","breadcrumb":{"@id":"https:\/\/vitablanca.ma\/produit\/doctors-best-5-htp-renforce-aux-vitamines-b6-et-c-120-gelules-vegetales\/#breadcrumb"},"inLanguage":"en-US","potentialAction":[{"@type":"ReadAction","target":["https:\/\/vitablanca.ma\/produit\/doctors-best-5-htp-renforce-aux-vitamines-b6-et-c-120-gelules-vegetales\/"]}]},{"@type":"ImageObject","inLanguage":"en-US","@id":"https:\/\/vitablanca.ma\/produit\/doctors-best-5-htp-renforce-aux-vitamines-b6-et-c-120-gelules-vegetales\/#primaryimage","url":"https:\/\/vitablanca.ma\/wp-content\/uploads\/2025\/09\/Doctors-BEST-5-HTP-renforce-aux-vitamines-B6-et-C-120-gelules-vegetales.jpg","contentUrl":"https:\/\/vitablanca.ma\/wp-content\/uploads\/2025\/09\/Doctors-BEST-5-HTP-renforce-aux-vitamines-B6-et-C-120-gelules-vegetales.jpg","width":680,"height":680},{"@type":"BreadcrumbList","@id":"https:\/\/vitablanca.ma\/produit\/doctors-best-5-htp-renforce-aux-vitamines-b6-et-c-120-gelules-vegetales\/#breadcrumb","itemListElement":[{"@type":"ListItem","position":1,"name":"Home","item":"https:\/\/vitablanca.ma\/"},{"@type":"ListItem","position":2,"name":"Tous Les Produits","item":"https:\/\/vitablanca.ma\/tous-les-produits\/"},{"@type":"ListItem","position":3,"name":"Doctor&#8217;s BEST 5-HTP, renforc\u00e9 aux vitamines B6 et C, 120 g\u00e9lules v\u00e9g\u00e9tales"}]},{"@type":"WebSite","@id":"https:\/\/vitablanca.ma\/#website","url":"https:\/\/vitablanca.ma\/","name":"VitaBlanca.ma | Food supplements, health &amp; beauty in Morocco","description":"sell premium vitamins and supplements from USA &amp; Canada, New Zealand, Morocco (NOW Foods, Solgar, Manuka). Fast delivery anywhere in Morocco.","publisher":{"@id":"https:\/\/vitablanca.ma\/#organization"},"alternateName":"VitaBlanca.ma","potentialAction":[{"@type":"SearchAction","target":{"@type":"EntryPoint","urlTemplate":"https:\/\/vitablanca.ma\/?s={search_term_string}"},"query-input":{"@type":"PropertyValueSpecification","valueRequired":true,"valueName":"search_term_string"}}],"inLanguage":"en-US"},{"@type":"Organization","@id":"https:\/\/vitablanca.ma\/#organization","name":"VitaBlanca","url":"https:\/\/vitablanca.ma\/","logo":{"@type":"ImageObject","inLanguage":"en-US","@id":"https:\/\/vitablanca.ma\/#\/schema\/logo\/image\/","url":"https:\/\/vitablanca.ma\/wp-content\/uploads\/2025\/05\/cropped-vitablanca.png","contentUrl":"https:\/\/vitablanca.ma\/wp-content\/uploads\/2025\/05\/cropped-vitablanca.png","width":360,"height":67,"caption":"VitaBlanca"},"image":{"@id":"https:\/\/vitablanca.ma\/#\/schema\/logo\/image\/"},"sameAs":["https:\/\/www.facebook.com\/profile.php?id=61576678196717","https:\/\/www.tiktok.com\/@vitablanca.ma","https:\/\/www.instagram.com\/vitablanca.ma\/"]}]}},"jetpack_sharing_enabled":true,"_links":{"self":[{"href":"https:\/\/vitablanca.ma\/en\/wp-json\/wp\/v2\/product\/25580","targetHints":{"allow":["GET"]}}],"collection":[{"href":"https:\/\/vitablanca.ma\/en\/wp-json\/wp\/v2\/product"}],"about":[{"href":"https:\/\/vitablanca.ma\/en\/wp-json\/wp\/v2\/types\/product"}],"wp:featuredmedia":[{"embeddable":true,"href":"https:\/\/vitablanca.ma\/en\/wp-json\/wp\/v2\/media\/25645"}],"wp:attachment":[{"href":"https:\/\/vitablanca.ma\/en\/wp-json\/wp\/v2\/media?parent=25580"}],"wp:term":[{"taxonomy":"product_brand","embeddable":true,"href":"https:\/\/vitablanca.ma\/en\/wp-json\/wp\/v2\/product_brand?post=25580"},{"taxonomy":"product_cat","embeddable":true,"href":"https:\/\/vitablanca.ma\/en\/wp-json\/wp\/v2\/product_cat?post=25580"},{"taxonomy":"product_tag","embeddable":true,"href":"https:\/\/vitablanca.ma\/en\/wp-json\/wp\/v2\/product_tag?post=25580"}],"curies":[{"name":"wp","href":"https:\/\/api.w.org\/{rel}","templated":true}]}}