{"id":25578,"date":"2025-09-18T01:51:18","date_gmt":"2025-09-18T01:51:18","guid":{"rendered":"https:\/\/vitablanca.ma\/?post_type=product&#038;p=25578"},"modified":"2026-03-02T22:12:25","modified_gmt":"2026-03-02T22:12:25","slug":"solgar-chromium-picolinate-500-mcg-120-vegetable-capsules","status":"publish","type":"product","link":"https:\/\/vitablanca.ma\/en\/product\/solgar-chromium-picolinate-500-mcg-120-vegetable-capsules\/","title":{"rendered":"Solgar Chromium Picolinate, 500 mcg, 120 Vegetable Capsules"},"content":{"rendered":"<p>Chromium is an essential trace mineral that plays an important role in helping insulin regulate blood glucose. Along with a nutritious diet, chromium may help maintain healthy blood sugar levels already within a normal range. In addition, chromium is involved in the release of energy from cells and is required for proper receptor functioning necessary for nutrient metabolism. This formulation contains trivalent, biologically active chromium.<\/p>","protected":false},"excerpt":{"rendered":"<ul>\n<li>Since 1947<\/li>\n<li>(Trivalent)<\/li>\n<li>Elemental Chromium<\/li>\n<li>Supports Healthy Blood Sugar Metabolism<\/li>\n<li>Non-GMO<\/li>\n<li>Gluten, Wheat &amp; Dairy Free<\/li>\n<li>Suitable For Vegans<\/li>\n<li>Kosher Parve<\/li>\n<li>Dietary Supplement<\/li>\n<li>Chromax Chromium Picolinate<\/li>\n<\/ul>","protected":false},"featured_media":25641,"template":"","meta":{"om_disable_all_campaigns":false},"product_brand":[42],"product_cat":[18,3366],"product_tag":[3940,3941,3942,3943],"class_list":{"0":"post-25578","1":"product","2":"type-product","3":"status-publish","4":"has-post-thumbnail","6":"product_brand-solgar-prix-maroc","7":"product_cat-beaute-sante","8":"product_cat-complements-alimentaires-au-maroc-vitablanca","9":"product_tag-capsules-vegetales-solgar","10":"product_tag-chrome-pour-glucose-sanguin","11":"product_tag-complement-metabolisme-glucides","12":"product_tag-solgar-chromium-picolinate-500-mcg","14":"first","15":"outofstock","16":"taxable","17":"shipping-taxable","18":"purchasable","19":"product-type-simple"},"yoast_head":"<!-- This site is optimized with the Yoast SEO plugin v27.5 - https:\/\/yoast.com\/product\/yoast-seo-wordpress\/ -->\n<title>Solgar Chromium Picolinate, 500 mcg, 120 Capsules - Maroc Prix<\/title>\n<meta name=\"description\" content=\"Soutenez la gestion du sucre sanguin et am\u00e9liorez votre m\u00e9tabolisme avec Solgar Chromium Picolinate, 500 mcg. 120 g\u00e9lules v\u00e9g\u00e9tales pour une sant\u00e9 optimale.\" \/>\n<meta name=\"robots\" content=\"index, follow, max-snippet:-1, max-image-preview:large, max-video-preview:-1\" \/>\n<link rel=\"canonical\" href=\"https:\/\/vitablanca.ma\/en\/product\/solgar-chromium-picolinate-500-mcg-120-vegetable-capsules\/\" \/>\n<meta property=\"og:locale\" content=\"en_US\" \/>\n<meta property=\"og:type\" content=\"article\" \/>\n<meta property=\"og:title\" content=\"Solgar Chromium Picolinate, 500 mcg, 120 Capsules - Maroc Prix\" \/>\n<meta property=\"og:description\" content=\"Soutenez la gestion du sucre sanguin et am\u00e9liorez votre m\u00e9tabolisme avec Solgar Chromium Picolinate, 500 mcg. 120 g\u00e9lules v\u00e9g\u00e9tales pour une sant\u00e9 optimale.\" \/>\n<meta property=\"og:url\" content=\"https:\/\/vitablanca.ma\/en\/product\/solgar-chromium-picolinate-500-mcg-120-vegetable-capsules\/\" \/>\n<meta property=\"og:site_name\" content=\"Vitablanca.ma &ndash; Sant&eacute;, vitalit&eacute; et bien-&ecirc;tre pour tous les Marocains\" \/>\n<meta property=\"article:publisher\" content=\"https:\/\/www.facebook.com\/profile.php?id=61576678196717\" \/>\n<meta property=\"article:modified_time\" content=\"2026-03-02T22:12:25+00:00\" \/>\n<meta property=\"og:image\" content=\"https:\/\/vitablanca.ma\/wp-content\/uploads\/2025\/09\/Solgar-Chromium-Picolinate-500-mcg-120-Vegetable-Capsules.jpg\" \/>\n\t<meta property=\"og:image:width\" content=\"680\" \/>\n\t<meta property=\"og:image:height\" content=\"680\" \/>\n\t<meta property=\"og:image:type\" content=\"image\/jpeg\" \/>\n<meta name=\"twitter:card\" content=\"summary_large_image\" \/>\n<meta name=\"twitter:label1\" content=\"Est. reading time\" \/>\n\t<meta name=\"twitter:data1\" content=\"1 minute\" \/>\n<script type=\"application\/ld+json\" class=\"yoast-schema-graph\">{\"@context\":\"https:\\\/\\\/schema.org\",\"@graph\":[{\"@type\":[\"WebPage\",\"ItemPage\"],\"@id\":\"https:\\\/\\\/vitablanca.ma\\\/produit\\\/solgar-chromium-picolinate-500-mcg-120-vegetable-capsules\\\/\",\"url\":\"https:\\\/\\\/vitablanca.ma\\\/produit\\\/solgar-chromium-picolinate-500-mcg-120-vegetable-capsules\\\/\",\"name\":\"Solgar Chromium Picolinate, 500 mcg, 120 Capsules - Maroc Prix\",\"isPartOf\":{\"@id\":\"https:\\\/\\\/vitablanca.ma\\\/#website\"},\"primaryImageOfPage\":{\"@id\":\"https:\\\/\\\/vitablanca.ma\\\/produit\\\/solgar-chromium-picolinate-500-mcg-120-vegetable-capsules\\\/#primaryimage\"},\"image\":{\"@id\":\"https:\\\/\\\/vitablanca.ma\\\/produit\\\/solgar-chromium-picolinate-500-mcg-120-vegetable-capsules\\\/#primaryimage\"},\"thumbnailUrl\":\"https:\\\/\\\/vitablanca.ma\\\/wp-content\\\/uploads\\\/2025\\\/09\\\/Solgar-Chromium-Picolinate-500-mcg-120-Vegetable-Capsules.jpg\",\"datePublished\":\"2025-09-18T01:51:18+00:00\",\"dateModified\":\"2026-03-02T22:12:25+00:00\",\"description\":\"Soutenez la gestion du sucre sanguin et am\u00e9liorez votre m\u00e9tabolisme avec Solgar Chromium Picolinate, 500 mcg. 120 g\u00e9lules v\u00e9g\u00e9tales pour une sant\u00e9 optimale.\",\"breadcrumb\":{\"@id\":\"https:\\\/\\\/vitablanca.ma\\\/produit\\\/solgar-chromium-picolinate-500-mcg-120-vegetable-capsules\\\/#breadcrumb\"},\"inLanguage\":\"en-US\",\"potentialAction\":[{\"@type\":\"ReadAction\",\"target\":[\"https:\\\/\\\/vitablanca.ma\\\/produit\\\/solgar-chromium-picolinate-500-mcg-120-vegetable-capsules\\\/\"]}]},{\"@type\":\"ImageObject\",\"inLanguage\":\"en-US\",\"@id\":\"https:\\\/\\\/vitablanca.ma\\\/produit\\\/solgar-chromium-picolinate-500-mcg-120-vegetable-capsules\\\/#primaryimage\",\"url\":\"https:\\\/\\\/vitablanca.ma\\\/wp-content\\\/uploads\\\/2025\\\/09\\\/Solgar-Chromium-Picolinate-500-mcg-120-Vegetable-Capsules.jpg\",\"contentUrl\":\"https:\\\/\\\/vitablanca.ma\\\/wp-content\\\/uploads\\\/2025\\\/09\\\/Solgar-Chromium-Picolinate-500-mcg-120-Vegetable-Capsules.jpg\",\"width\":680,\"height\":680},{\"@type\":\"BreadcrumbList\",\"@id\":\"https:\\\/\\\/vitablanca.ma\\\/produit\\\/solgar-chromium-picolinate-500-mcg-120-vegetable-capsules\\\/#breadcrumb\",\"itemListElement\":[{\"@type\":\"ListItem\",\"position\":1,\"name\":\"Home\",\"item\":\"https:\\\/\\\/vitablanca.ma\\\/\"},{\"@type\":\"ListItem\",\"position\":2,\"name\":\"Tous Les Produits\",\"item\":\"https:\\\/\\\/vitablanca.ma\\\/tous-les-produits\\\/\"},{\"@type\":\"ListItem\",\"position\":3,\"name\":\"Solgar Chromium Picolinate, 500 mcg, 120 Vegetable Capsules\"}]},{\"@type\":\"WebSite\",\"@id\":\"https:\\\/\\\/vitablanca.ma\\\/#website\",\"url\":\"https:\\\/\\\/vitablanca.ma\\\/\",\"name\":\"VitaBlanca.ma | Compl\u00e9ments alimentaires, sant\u00e9 & beaut\u00e9 au Maroc\",\"description\":\"vendre vitamines et compl\u00e9ments premium des USA &amp; Canada, Nouvelle Z\u00e9lande,Maroc (NOW Foods, Solgar, Manuka). Livraison rapide partout au Maroc.\",\"publisher\":{\"@id\":\"https:\\\/\\\/vitablanca.ma\\\/#organization\"},\"alternateName\":\"VitaBlanca.ma\",\"potentialAction\":[{\"@type\":\"SearchAction\",\"target\":{\"@type\":\"EntryPoint\",\"urlTemplate\":\"https:\\\/\\\/vitablanca.ma\\\/?s={search_term_string}\"},\"query-input\":{\"@type\":\"PropertyValueSpecification\",\"valueRequired\":true,\"valueName\":\"search_term_string\"}}],\"inLanguage\":\"en-US\"},{\"@type\":\"Organization\",\"@id\":\"https:\\\/\\\/vitablanca.ma\\\/#organization\",\"name\":\"VitaBlanca\",\"url\":\"https:\\\/\\\/vitablanca.ma\\\/\",\"logo\":{\"@type\":\"ImageObject\",\"inLanguage\":\"en-US\",\"@id\":\"https:\\\/\\\/vitablanca.ma\\\/#\\\/schema\\\/logo\\\/image\\\/\",\"url\":\"https:\\\/\\\/vitablanca.ma\\\/wp-content\\\/uploads\\\/2025\\\/05\\\/cropped-vitablanca.png\",\"contentUrl\":\"https:\\\/\\\/vitablanca.ma\\\/wp-content\\\/uploads\\\/2025\\\/05\\\/cropped-vitablanca.png\",\"width\":360,\"height\":67,\"caption\":\"VitaBlanca\"},\"image\":{\"@id\":\"https:\\\/\\\/vitablanca.ma\\\/#\\\/schema\\\/logo\\\/image\\\/\"},\"sameAs\":[\"https:\\\/\\\/www.facebook.com\\\/profile.php?id=61576678196717\",\"https:\\\/\\\/www.tiktok.com\\\/@vitablanca.ma\",\"https:\\\/\\\/www.instagram.com\\\/vitablanca.ma\\\/\"]}]}<\/script>\n<!-- \/ Yoast SEO plugin. -->","yoast_head_json":{"title":"Solgar Chromium Picolinate, 500 mcg, 120 Capsules - Maroc Prix","description":"Soutenez la gestion du sucre sanguin et am\u00e9liorez votre m\u00e9tabolisme avec Solgar Chromium Picolinate, 500 mcg. 120 g\u00e9lules v\u00e9g\u00e9tales pour une sant\u00e9 optimale.","robots":{"index":"index","follow":"follow","max-snippet":"max-snippet:-1","max-image-preview":"max-image-preview:large","max-video-preview":"max-video-preview:-1"},"canonical":"https:\/\/vitablanca.ma\/en\/product\/solgar-chromium-picolinate-500-mcg-120-vegetable-capsules\/","og_locale":"en_US","og_type":"article","og_title":"Solgar Chromium Picolinate, 500 mcg, 120 Capsules - Maroc Prix","og_description":"Soutenez la gestion du sucre sanguin et am\u00e9liorez votre m\u00e9tabolisme avec Solgar Chromium Picolinate, 500 mcg. 120 g\u00e9lules v\u00e9g\u00e9tales pour une sant\u00e9 optimale.","og_url":"https:\/\/vitablanca.ma\/en\/product\/solgar-chromium-picolinate-500-mcg-120-vegetable-capsules\/","og_site_name":"Vitablanca.ma &ndash; Sant&eacute;, vitalit&eacute; et bien-&ecirc;tre pour tous les Marocains","article_publisher":"https:\/\/www.facebook.com\/profile.php?id=61576678196717","article_modified_time":"2026-03-02T22:12:25+00:00","og_image":[{"width":680,"height":680,"url":"https:\/\/vitablanca.ma\/wp-content\/uploads\/2025\/09\/Solgar-Chromium-Picolinate-500-mcg-120-Vegetable-Capsules.jpg","type":"image\/jpeg"}],"twitter_card":"summary_large_image","twitter_misc":{"Est. reading time":"1 minute"},"schema":{"@context":"https:\/\/schema.org","@graph":[{"@type":["WebPage","ItemPage"],"@id":"https:\/\/vitablanca.ma\/produit\/solgar-chromium-picolinate-500-mcg-120-vegetable-capsules\/","url":"https:\/\/vitablanca.ma\/produit\/solgar-chromium-picolinate-500-mcg-120-vegetable-capsules\/","name":"Solgar Chromium Picolinate, 500 mcg, 120 Capsules - Maroc Prix","isPartOf":{"@id":"https:\/\/vitablanca.ma\/#website"},"primaryImageOfPage":{"@id":"https:\/\/vitablanca.ma\/produit\/solgar-chromium-picolinate-500-mcg-120-vegetable-capsules\/#primaryimage"},"image":{"@id":"https:\/\/vitablanca.ma\/produit\/solgar-chromium-picolinate-500-mcg-120-vegetable-capsules\/#primaryimage"},"thumbnailUrl":"https:\/\/vitablanca.ma\/wp-content\/uploads\/2025\/09\/Solgar-Chromium-Picolinate-500-mcg-120-Vegetable-Capsules.jpg","datePublished":"2025-09-18T01:51:18+00:00","dateModified":"2026-03-02T22:12:25+00:00","description":"Soutenez la gestion du sucre sanguin et am\u00e9liorez votre m\u00e9tabolisme avec Solgar Chromium Picolinate, 500 mcg. 120 g\u00e9lules v\u00e9g\u00e9tales pour une sant\u00e9 optimale.","breadcrumb":{"@id":"https:\/\/vitablanca.ma\/produit\/solgar-chromium-picolinate-500-mcg-120-vegetable-capsules\/#breadcrumb"},"inLanguage":"en-US","potentialAction":[{"@type":"ReadAction","target":["https:\/\/vitablanca.ma\/produit\/solgar-chromium-picolinate-500-mcg-120-vegetable-capsules\/"]}]},{"@type":"ImageObject","inLanguage":"en-US","@id":"https:\/\/vitablanca.ma\/produit\/solgar-chromium-picolinate-500-mcg-120-vegetable-capsules\/#primaryimage","url":"https:\/\/vitablanca.ma\/wp-content\/uploads\/2025\/09\/Solgar-Chromium-Picolinate-500-mcg-120-Vegetable-Capsules.jpg","contentUrl":"https:\/\/vitablanca.ma\/wp-content\/uploads\/2025\/09\/Solgar-Chromium-Picolinate-500-mcg-120-Vegetable-Capsules.jpg","width":680,"height":680},{"@type":"BreadcrumbList","@id":"https:\/\/vitablanca.ma\/produit\/solgar-chromium-picolinate-500-mcg-120-vegetable-capsules\/#breadcrumb","itemListElement":[{"@type":"ListItem","position":1,"name":"Home","item":"https:\/\/vitablanca.ma\/"},{"@type":"ListItem","position":2,"name":"Tous Les Produits","item":"https:\/\/vitablanca.ma\/tous-les-produits\/"},{"@type":"ListItem","position":3,"name":"Solgar Chromium Picolinate, 500 mcg, 120 Vegetable Capsules"}]},{"@type":"WebSite","@id":"https:\/\/vitablanca.ma\/#website","url":"https:\/\/vitablanca.ma\/","name":"VitaBlanca.ma | Food supplements, health &amp; beauty in Morocco","description":"sell premium vitamins and supplements from USA &amp; Canada, New Zealand, Morocco (NOW Foods, Solgar, Manuka). Fast delivery anywhere in Morocco.","publisher":{"@id":"https:\/\/vitablanca.ma\/#organization"},"alternateName":"VitaBlanca.ma","potentialAction":[{"@type":"SearchAction","target":{"@type":"EntryPoint","urlTemplate":"https:\/\/vitablanca.ma\/?s={search_term_string}"},"query-input":{"@type":"PropertyValueSpecification","valueRequired":true,"valueName":"search_term_string"}}],"inLanguage":"en-US"},{"@type":"Organization","@id":"https:\/\/vitablanca.ma\/#organization","name":"VitaBlanca","url":"https:\/\/vitablanca.ma\/","logo":{"@type":"ImageObject","inLanguage":"en-US","@id":"https:\/\/vitablanca.ma\/#\/schema\/logo\/image\/","url":"https:\/\/vitablanca.ma\/wp-content\/uploads\/2025\/05\/cropped-vitablanca.png","contentUrl":"https:\/\/vitablanca.ma\/wp-content\/uploads\/2025\/05\/cropped-vitablanca.png","width":360,"height":67,"caption":"VitaBlanca"},"image":{"@id":"https:\/\/vitablanca.ma\/#\/schema\/logo\/image\/"},"sameAs":["https:\/\/www.facebook.com\/profile.php?id=61576678196717","https:\/\/www.tiktok.com\/@vitablanca.ma","https:\/\/www.instagram.com\/vitablanca.ma\/"]}]}},"jetpack_sharing_enabled":true,"_links":{"self":[{"href":"https:\/\/vitablanca.ma\/en\/wp-json\/wp\/v2\/product\/25578","targetHints":{"allow":["GET"]}}],"collection":[{"href":"https:\/\/vitablanca.ma\/en\/wp-json\/wp\/v2\/product"}],"about":[{"href":"https:\/\/vitablanca.ma\/en\/wp-json\/wp\/v2\/types\/product"}],"wp:featuredmedia":[{"embeddable":true,"href":"https:\/\/vitablanca.ma\/en\/wp-json\/wp\/v2\/media\/25641"}],"wp:attachment":[{"href":"https:\/\/vitablanca.ma\/en\/wp-json\/wp\/v2\/media?parent=25578"}],"wp:term":[{"taxonomy":"product_brand","embeddable":true,"href":"https:\/\/vitablanca.ma\/en\/wp-json\/wp\/v2\/product_brand?post=25578"},{"taxonomy":"product_cat","embeddable":true,"href":"https:\/\/vitablanca.ma\/en\/wp-json\/wp\/v2\/product_cat?post=25578"},{"taxonomy":"product_tag","embeddable":true,"href":"https:\/\/vitablanca.ma\/en\/wp-json\/wp\/v2\/product_tag?post=25578"}],"curies":[{"name":"wp","href":"https:\/\/api.w.org\/{rel}","templated":true}]}}