{"id":25574,"date":"2025-09-18T01:51:17","date_gmt":"2025-09-18T01:51:17","guid":{"rendered":"https:\/\/vitablanca.ma\/?post_type=product&#038;p=25574"},"modified":"2025-09-22T18:10:17","modified_gmt":"2025-09-22T18:10:17","slug":"now-foods-mk-7-vitamine-k-2-100-mcg-soutien-cardiovasculaire-120-cap-soutient-la-sante-osseuse","status":"publish","type":"product","link":"https:\/\/vitablanca.ma\/en\/product\/now-foods-mk-7-vitamine-k-2-100-mcg-soutien-cardiovasculaire-120-cap-soutient-la-sante-osseuse\/","title":{"rendered":"Now Foods MK-7 Vitamine K-2 100 mcg 120 capsule"},"content":{"rendered":"<p data-start=\"140\" data-end=\"444\"><strong data-start=\"140\" data-end=\"178\">Now Foods MK-7 Vitamin K-2 100 mcg<\/strong> est un suppl\u00e9ment de <strong data-start=\"200\" data-end=\"216\">vitamine K-2<\/strong> sous forme de <strong data-start=\"231\" data-end=\"239\">MK-7<\/strong>, une forme hautement biodisponible, con\u00e7ue pour soutenir la sant\u00e9 cardiovasculaire et la sant\u00e9 des os. Chaque capsule contient <strong data-start=\"367\" data-end=\"394\">100 mcg de vitamine K-2<\/strong> pour une absorption optimale et un effet durable.<\/p>\n<ul data-start=\"446\" data-end=\"1457\">\n<li data-start=\"446\" data-end=\"760\">\n<p data-start=\"448\" data-end=\"760\"><strong data-start=\"448\" data-end=\"487\">Soutien \u00e0 la Sant\u00e9 Cardiovasculaire<\/strong> : La vitamine K-2 joue un r\u00f4le crucial dans la r\u00e9gulation du calcium dans le corps, en veillant \u00e0 ce que le calcium soit correctement dirig\u00e9 vers les os et non vers les art\u00e8res, ce qui aide \u00e0 pr\u00e9venir la calcification vasculaire et soutient une circulation sanguine saine.<\/p>\n<\/li>\n<li data-start=\"761\" data-end=\"970\">\n<p data-start=\"763\" data-end=\"970\"><strong data-start=\"763\" data-end=\"779\">Sant\u00e9 des Os<\/strong> : En favorisant le d\u00e9p\u00f4t de calcium dans les os, la vitamine K-2 aide \u00e0 maintenir des os solides et \u00e0 pr\u00e9venir la d\u00e9min\u00e9ralisation osseuse, contribuant ainsi \u00e0 la sant\u00e9 osseuse \u00e0 long terme.<\/p>\n<\/li>\n<li data-start=\"971\" data-end=\"1124\">\n<p data-start=\"973\" data-end=\"1124\"><strong data-start=\"973\" data-end=\"987\">Forme MK-7<\/strong> : Le MK-7 est la forme la plus absorbable de vitamine K-2, offrant des effets plus durables par rapport aux autres formes de vitamine K.<\/p>\n<\/li>\n<li data-start=\"1125\" data-end=\"1292\">\n<p data-start=\"1127\" data-end=\"1292\"><strong data-start=\"1127\" data-end=\"1158\">Soutien \u00e0 la Sant\u00e9 Dentaire<\/strong> : La vitamine K-2 contribue \u00e9galement \u00e0 la sant\u00e9 dentaire en favorisant la remin\u00e9ralisation des dents et en soutenant leur structure.<\/p>\n<\/li>\n<li data-start=\"1293\" data-end=\"1457\">\n<p data-start=\"1295\" data-end=\"1457\"><strong data-start=\"1295\" data-end=\"1317\">Compl\u00e9ment Naturel<\/strong> : Ce suppl\u00e9ment est fabriqu\u00e9 \u00e0 partir d\u2019ingr\u00e9dients naturels, sans additifs ni agents de remplissage inutiles, et convient aux v\u00e9g\u00e9tariens.<\/p>\n<\/li>\n<\/ul>\n<p data-start=\"1459\" data-end=\"1597\"><strong data-start=\"1459\" data-end=\"1474\">Use<\/strong> : Prenez 1 capsule par jour, de pr\u00e9f\u00e9rence pendant les repas, ou selon les recommandations d\u2019un professionnel de la sant\u00e9.<\/p>\n<h3 data-start=\"1599\" data-end=\"1617\"><strong data-start=\"1603\" data-end=\"1616\">Benefits<\/strong>:<\/h3>\n<ul data-start=\"1618\" data-end=\"1915\">\n<li data-start=\"1618\" data-end=\"1696\">\n<p data-start=\"1620\" data-end=\"1696\"><strong data-start=\"1620\" data-end=\"1658\">Supports cardiovascular health<\/strong> en r\u00e9gulant le calcium dans le corps.<\/p>\n<\/li>\n<li data-start=\"1697\" data-end=\"1777\">\n<p data-start=\"1699\" data-end=\"1777\"><strong data-start=\"1699\" data-end=\"1727\">Am\u00e9liore la sant\u00e9 des os<\/strong> et aide \u00e0 maintenir une densit\u00e9 osseuse optimale.<\/p>\n<\/li>\n<li data-start=\"1778\" data-end=\"1846\">\n<p data-start=\"1780\" data-end=\"1846\"><strong data-start=\"1780\" data-end=\"1810\">Favorise la sant\u00e9 dentaire<\/strong> en soutenant la structure dentaire.<\/p>\n<\/li>\n<li data-start=\"1847\" data-end=\"1915\">\n<p data-start=\"1849\" data-end=\"1915\"><strong data-start=\"1849\" data-end=\"1865\">Formule MK-7<\/strong> pour une absorption optimale et un effet durable.<\/p>\n<\/li>\n<\/ul>\n<p data-start=\"1917\" data-end=\"2141\" data-is-last-node=\"\" data-is-only-node=\"\"><strong data-start=\"1917\" data-end=\"1955\">Now Foods MK-7 Vitamin K-2 100 mcg<\/strong> est id\u00e9al pour ceux qui cherchent \u00e0 soutenir leur sant\u00e9 cardiovasculaire, \u00e0 maintenir des os solides et \u00e0 favoriser une meilleure absorption du calcium de mani\u00e8re naturelle et efficace.<\/p>","protected":false},"excerpt":{"rendered":"<ul>\n<li>Supports bone health<\/li>\n<li>Cardiovascular support<\/li>\n<li>MenaQ7 &#8211; Vitamine K2 sous forme de MK-7<\/li>\n<li>A dietary supplement<\/li>\n<li>V\u00e9g\u00e9tarien\/v\u00e9g\u00e9talien<\/li>\n<li>Vitamins<\/li>\n<\/ul>","protected":false},"featured_media":25633,"template":"","meta":{"om_disable_all_campaigns":false},"product_brand":[83],"product_cat":[18,3366],"product_tag":[3923,3924,3925,813,601,3926],"class_list":{"0":"post-25574","1":"product","2":"type-product","3":"status-publish","4":"has-post-thumbnail","6":"product_brand-now-foods-maroc-prix","7":"product_cat-beaute-sante","8":"product_cat-complements-alimentaires-au-maroc-vitablanca","9":"product_tag-complement-vitamine-k-vegetarien","10":"product_tag-menaquinone-7","11":"product_tag-now-foods-mk-7-vitamine-k-2","12":"product_tag-sante-osseuse","13":"product_tag-soutien-cardiovasculaire","14":"product_tag-vitamine-k2-100-mcg","16":"first","17":"instock","18":"taxable","19":"shipping-taxable","20":"purchasable","21":"product-type-simple"},"yoast_head":"<!-- This site is optimized with the Yoast SEO plugin v27.4 - https:\/\/yoast.com\/product\/yoast-seo-wordpress\/ -->\n<title>Now Foods MK-7 Vitamine K-2 100 mcg 120 capsule - Maroc Prix<\/title>\n<meta name=\"description\" content=\"D\u00e9couvrez Now Foods MK-7 Vitamin K-2, 100 mcg, 120 capsules, un suppl\u00e9ment naturel pour soutenir la sant\u00e9 cardiovasculaire, maintenir des os solides\" \/>\n<meta name=\"robots\" content=\"index, follow, max-snippet:-1, max-image-preview:large, max-video-preview:-1\" \/>\n<link rel=\"canonical\" href=\"https:\/\/vitablanca.ma\/en\/product\/now-foods-mk-7-vitamine-k-2-100-mcg-soutien-cardiovasculaire-120-cap-soutient-la-sante-osseuse\/\" \/>\n<meta property=\"og:locale\" content=\"en_US\" \/>\n<meta property=\"og:type\" content=\"article\" \/>\n<meta property=\"og:title\" content=\"Now Foods MK-7 Vitamine K-2 100 mcg 120 capsule - Maroc Prix\" \/>\n<meta property=\"og:description\" content=\"D\u00e9couvrez Now Foods MK-7 Vitamin K-2, 100 mcg, 120 capsules, un suppl\u00e9ment naturel pour soutenir la sant\u00e9 cardiovasculaire, maintenir des os solides\" \/>\n<meta property=\"og:url\" content=\"https:\/\/vitablanca.ma\/en\/product\/now-foods-mk-7-vitamine-k-2-100-mcg-soutien-cardiovasculaire-120-cap-soutient-la-sante-osseuse\/\" \/>\n<meta property=\"og:site_name\" content=\"Vitablanca.ma &ndash; Sant&eacute;, vitalit&eacute; et bien-&ecirc;tre pour tous les Marocains\" \/>\n<meta property=\"article:publisher\" content=\"https:\/\/www.facebook.com\/profile.php?id=61576678196717\" \/>\n<meta property=\"article:modified_time\" content=\"2025-09-22T18:10:17+00:00\" \/>\n<meta property=\"og:image\" content=\"https:\/\/vitablanca.ma\/wp-content\/uploads\/2025\/09\/Now-Foods-MK-7-Vitamine-K-2-100-mcg-Soutien-cardiovasculaire.jpg\" \/>\n\t<meta property=\"og:image:width\" content=\"680\" \/>\n\t<meta property=\"og:image:height\" content=\"680\" \/>\n\t<meta property=\"og:image:type\" content=\"image\/jpeg\" \/>\n<meta name=\"twitter:card\" content=\"summary_large_image\" \/>\n<meta name=\"twitter:label1\" content=\"Est. reading time\" \/>\n\t<meta name=\"twitter:data1\" content=\"2 minutes\" \/>\n<script type=\"application\/ld+json\" class=\"yoast-schema-graph\">{\"@context\":\"https:\\\/\\\/schema.org\",\"@graph\":[{\"@type\":[\"WebPage\",\"ItemPage\"],\"@id\":\"https:\\\/\\\/vitablanca.ma\\\/produit\\\/now-foods-mk-7-vitamine-k-2-100-mcg-soutien-cardiovasculaire-120-cap-soutient-la-sante-osseuse\\\/\",\"url\":\"https:\\\/\\\/vitablanca.ma\\\/produit\\\/now-foods-mk-7-vitamine-k-2-100-mcg-soutien-cardiovasculaire-120-cap-soutient-la-sante-osseuse\\\/\",\"name\":\"Now Foods MK-7 Vitamine K-2 100 mcg 120 capsule - Maroc Prix\",\"isPartOf\":{\"@id\":\"https:\\\/\\\/vitablanca.ma\\\/#website\"},\"primaryImageOfPage\":{\"@id\":\"https:\\\/\\\/vitablanca.ma\\\/produit\\\/now-foods-mk-7-vitamine-k-2-100-mcg-soutien-cardiovasculaire-120-cap-soutient-la-sante-osseuse\\\/#primaryimage\"},\"image\":{\"@id\":\"https:\\\/\\\/vitablanca.ma\\\/produit\\\/now-foods-mk-7-vitamine-k-2-100-mcg-soutien-cardiovasculaire-120-cap-soutient-la-sante-osseuse\\\/#primaryimage\"},\"thumbnailUrl\":\"https:\\\/\\\/vitablanca.ma\\\/wp-content\\\/uploads\\\/2025\\\/09\\\/Now-Foods-MK-7-Vitamine-K-2-100-mcg-Soutien-cardiovasculaire.jpg\",\"datePublished\":\"2025-09-18T01:51:17+00:00\",\"dateModified\":\"2025-09-22T18:10:17+00:00\",\"description\":\"D\u00e9couvrez Now Foods MK-7 Vitamin K-2, 100 mcg, 120 capsules, un suppl\u00e9ment naturel pour soutenir la sant\u00e9 cardiovasculaire, maintenir des os solides\",\"breadcrumb\":{\"@id\":\"https:\\\/\\\/vitablanca.ma\\\/produit\\\/now-foods-mk-7-vitamine-k-2-100-mcg-soutien-cardiovasculaire-120-cap-soutient-la-sante-osseuse\\\/#breadcrumb\"},\"inLanguage\":\"en-US\",\"potentialAction\":[{\"@type\":\"ReadAction\",\"target\":[\"https:\\\/\\\/vitablanca.ma\\\/produit\\\/now-foods-mk-7-vitamine-k-2-100-mcg-soutien-cardiovasculaire-120-cap-soutient-la-sante-osseuse\\\/\"]}]},{\"@type\":\"ImageObject\",\"inLanguage\":\"en-US\",\"@id\":\"https:\\\/\\\/vitablanca.ma\\\/produit\\\/now-foods-mk-7-vitamine-k-2-100-mcg-soutien-cardiovasculaire-120-cap-soutient-la-sante-osseuse\\\/#primaryimage\",\"url\":\"https:\\\/\\\/vitablanca.ma\\\/wp-content\\\/uploads\\\/2025\\\/09\\\/Now-Foods-MK-7-Vitamine-K-2-100-mcg-Soutien-cardiovasculaire.jpg\",\"contentUrl\":\"https:\\\/\\\/vitablanca.ma\\\/wp-content\\\/uploads\\\/2025\\\/09\\\/Now-Foods-MK-7-Vitamine-K-2-100-mcg-Soutien-cardiovasculaire.jpg\",\"width\":680,\"height\":680},{\"@type\":\"BreadcrumbList\",\"@id\":\"https:\\\/\\\/vitablanca.ma\\\/produit\\\/now-foods-mk-7-vitamine-k-2-100-mcg-soutien-cardiovasculaire-120-cap-soutient-la-sante-osseuse\\\/#breadcrumb\",\"itemListElement\":[{\"@type\":\"ListItem\",\"position\":1,\"name\":\"Home\",\"item\":\"https:\\\/\\\/vitablanca.ma\\\/\"},{\"@type\":\"ListItem\",\"position\":2,\"name\":\"Tous Les Produits\",\"item\":\"https:\\\/\\\/vitablanca.ma\\\/tous-les-produits\\\/\"},{\"@type\":\"ListItem\",\"position\":3,\"name\":\"Now Foods MK-7 Vitamine K-2 100 mcg 120 capsule\"}]},{\"@type\":\"WebSite\",\"@id\":\"https:\\\/\\\/vitablanca.ma\\\/#website\",\"url\":\"https:\\\/\\\/vitablanca.ma\\\/\",\"name\":\"VitaBlanca.ma | Compl\u00e9ments alimentaires, sant\u00e9 & beaut\u00e9 au Maroc\",\"description\":\"vendre vitamines et compl\u00e9ments premium des USA &amp; Canada, Nouvelle Z\u00e9lande,Maroc (NOW Foods, Solgar, Manuka). Livraison rapide partout au Maroc.\",\"publisher\":{\"@id\":\"https:\\\/\\\/vitablanca.ma\\\/#organization\"},\"alternateName\":\"VitaBlanca.ma\",\"potentialAction\":[{\"@type\":\"SearchAction\",\"target\":{\"@type\":\"EntryPoint\",\"urlTemplate\":\"https:\\\/\\\/vitablanca.ma\\\/?s={search_term_string}\"},\"query-input\":{\"@type\":\"PropertyValueSpecification\",\"valueRequired\":true,\"valueName\":\"search_term_string\"}}],\"inLanguage\":\"en-US\"},{\"@type\":\"Organization\",\"@id\":\"https:\\\/\\\/vitablanca.ma\\\/#organization\",\"name\":\"VitaBlanca\",\"url\":\"https:\\\/\\\/vitablanca.ma\\\/\",\"logo\":{\"@type\":\"ImageObject\",\"inLanguage\":\"en-US\",\"@id\":\"https:\\\/\\\/vitablanca.ma\\\/#\\\/schema\\\/logo\\\/image\\\/\",\"url\":\"https:\\\/\\\/vitablanca.ma\\\/wp-content\\\/uploads\\\/2025\\\/05\\\/cropped-vitablanca.png\",\"contentUrl\":\"https:\\\/\\\/vitablanca.ma\\\/wp-content\\\/uploads\\\/2025\\\/05\\\/cropped-vitablanca.png\",\"width\":360,\"height\":67,\"caption\":\"VitaBlanca\"},\"image\":{\"@id\":\"https:\\\/\\\/vitablanca.ma\\\/#\\\/schema\\\/logo\\\/image\\\/\"},\"sameAs\":[\"https:\\\/\\\/www.facebook.com\\\/profile.php?id=61576678196717\",\"https:\\\/\\\/www.tiktok.com\\\/@vitablanca.ma\",\"https:\\\/\\\/www.instagram.com\\\/vitablanca.ma\\\/\"]}]}<\/script>\n<!-- \/ Yoast SEO plugin. -->","yoast_head_json":{"title":"Now Foods MK-7 Vitamine K-2 100 mcg 120 capsule - Maroc Prix","description":"D\u00e9couvrez Now Foods MK-7 Vitamin K-2, 100 mcg, 120 capsules, un suppl\u00e9ment naturel pour soutenir la sant\u00e9 cardiovasculaire, maintenir des os solides","robots":{"index":"index","follow":"follow","max-snippet":"max-snippet:-1","max-image-preview":"max-image-preview:large","max-video-preview":"max-video-preview:-1"},"canonical":"https:\/\/vitablanca.ma\/en\/product\/now-foods-mk-7-vitamine-k-2-100-mcg-soutien-cardiovasculaire-120-cap-soutient-la-sante-osseuse\/","og_locale":"en_US","og_type":"article","og_title":"Now Foods MK-7 Vitamine K-2 100 mcg 120 capsule - Maroc Prix","og_description":"D\u00e9couvrez Now Foods MK-7 Vitamin K-2, 100 mcg, 120 capsules, un suppl\u00e9ment naturel pour soutenir la sant\u00e9 cardiovasculaire, maintenir des os solides","og_url":"https:\/\/vitablanca.ma\/en\/product\/now-foods-mk-7-vitamine-k-2-100-mcg-soutien-cardiovasculaire-120-cap-soutient-la-sante-osseuse\/","og_site_name":"Vitablanca.ma &ndash; Sant&eacute;, vitalit&eacute; et bien-&ecirc;tre pour tous les Marocains","article_publisher":"https:\/\/www.facebook.com\/profile.php?id=61576678196717","article_modified_time":"2025-09-22T18:10:17+00:00","og_image":[{"width":680,"height":680,"url":"https:\/\/vitablanca.ma\/wp-content\/uploads\/2025\/09\/Now-Foods-MK-7-Vitamine-K-2-100-mcg-Soutien-cardiovasculaire.jpg","type":"image\/jpeg"}],"twitter_card":"summary_large_image","twitter_misc":{"Est. reading time":"2 minutes"},"schema":{"@context":"https:\/\/schema.org","@graph":[{"@type":["WebPage","ItemPage"],"@id":"https:\/\/vitablanca.ma\/produit\/now-foods-mk-7-vitamine-k-2-100-mcg-soutien-cardiovasculaire-120-cap-soutient-la-sante-osseuse\/","url":"https:\/\/vitablanca.ma\/produit\/now-foods-mk-7-vitamine-k-2-100-mcg-soutien-cardiovasculaire-120-cap-soutient-la-sante-osseuse\/","name":"Now Foods MK-7 Vitamine K-2 100 mcg 120 capsule - Maroc Prix","isPartOf":{"@id":"https:\/\/vitablanca.ma\/#website"},"primaryImageOfPage":{"@id":"https:\/\/vitablanca.ma\/produit\/now-foods-mk-7-vitamine-k-2-100-mcg-soutien-cardiovasculaire-120-cap-soutient-la-sante-osseuse\/#primaryimage"},"image":{"@id":"https:\/\/vitablanca.ma\/produit\/now-foods-mk-7-vitamine-k-2-100-mcg-soutien-cardiovasculaire-120-cap-soutient-la-sante-osseuse\/#primaryimage"},"thumbnailUrl":"https:\/\/vitablanca.ma\/wp-content\/uploads\/2025\/09\/Now-Foods-MK-7-Vitamine-K-2-100-mcg-Soutien-cardiovasculaire.jpg","datePublished":"2025-09-18T01:51:17+00:00","dateModified":"2025-09-22T18:10:17+00:00","description":"D\u00e9couvrez Now Foods MK-7 Vitamin K-2, 100 mcg, 120 capsules, un suppl\u00e9ment naturel pour soutenir la sant\u00e9 cardiovasculaire, maintenir des os solides","breadcrumb":{"@id":"https:\/\/vitablanca.ma\/produit\/now-foods-mk-7-vitamine-k-2-100-mcg-soutien-cardiovasculaire-120-cap-soutient-la-sante-osseuse\/#breadcrumb"},"inLanguage":"en-US","potentialAction":[{"@type":"ReadAction","target":["https:\/\/vitablanca.ma\/produit\/now-foods-mk-7-vitamine-k-2-100-mcg-soutien-cardiovasculaire-120-cap-soutient-la-sante-osseuse\/"]}]},{"@type":"ImageObject","inLanguage":"en-US","@id":"https:\/\/vitablanca.ma\/produit\/now-foods-mk-7-vitamine-k-2-100-mcg-soutien-cardiovasculaire-120-cap-soutient-la-sante-osseuse\/#primaryimage","url":"https:\/\/vitablanca.ma\/wp-content\/uploads\/2025\/09\/Now-Foods-MK-7-Vitamine-K-2-100-mcg-Soutien-cardiovasculaire.jpg","contentUrl":"https:\/\/vitablanca.ma\/wp-content\/uploads\/2025\/09\/Now-Foods-MK-7-Vitamine-K-2-100-mcg-Soutien-cardiovasculaire.jpg","width":680,"height":680},{"@type":"BreadcrumbList","@id":"https:\/\/vitablanca.ma\/produit\/now-foods-mk-7-vitamine-k-2-100-mcg-soutien-cardiovasculaire-120-cap-soutient-la-sante-osseuse\/#breadcrumb","itemListElement":[{"@type":"ListItem","position":1,"name":"Home","item":"https:\/\/vitablanca.ma\/"},{"@type":"ListItem","position":2,"name":"Tous Les Produits","item":"https:\/\/vitablanca.ma\/tous-les-produits\/"},{"@type":"ListItem","position":3,"name":"Now Foods MK-7 Vitamine K-2 100 mcg 120 capsule"}]},{"@type":"WebSite","@id":"https:\/\/vitablanca.ma\/#website","url":"https:\/\/vitablanca.ma\/","name":"VitaBlanca.ma | Food supplements, health &amp; beauty in Morocco","description":"sell premium vitamins and supplements from USA &amp; Canada, New Zealand, Morocco (NOW Foods, Solgar, Manuka). Fast delivery anywhere in Morocco.","publisher":{"@id":"https:\/\/vitablanca.ma\/#organization"},"alternateName":"VitaBlanca.ma","potentialAction":[{"@type":"SearchAction","target":{"@type":"EntryPoint","urlTemplate":"https:\/\/vitablanca.ma\/?s={search_term_string}"},"query-input":{"@type":"PropertyValueSpecification","valueRequired":true,"valueName":"search_term_string"}}],"inLanguage":"en-US"},{"@type":"Organization","@id":"https:\/\/vitablanca.ma\/#organization","name":"VitaBlanca","url":"https:\/\/vitablanca.ma\/","logo":{"@type":"ImageObject","inLanguage":"en-US","@id":"https:\/\/vitablanca.ma\/#\/schema\/logo\/image\/","url":"https:\/\/vitablanca.ma\/wp-content\/uploads\/2025\/05\/cropped-vitablanca.png","contentUrl":"https:\/\/vitablanca.ma\/wp-content\/uploads\/2025\/05\/cropped-vitablanca.png","width":360,"height":67,"caption":"VitaBlanca"},"image":{"@id":"https:\/\/vitablanca.ma\/#\/schema\/logo\/image\/"},"sameAs":["https:\/\/www.facebook.com\/profile.php?id=61576678196717","https:\/\/www.tiktok.com\/@vitablanca.ma","https:\/\/www.instagram.com\/vitablanca.ma\/"]}]}},"jetpack_sharing_enabled":true,"_links":{"self":[{"href":"https:\/\/vitablanca.ma\/en\/wp-json\/wp\/v2\/product\/25574","targetHints":{"allow":["GET"]}}],"collection":[{"href":"https:\/\/vitablanca.ma\/en\/wp-json\/wp\/v2\/product"}],"about":[{"href":"https:\/\/vitablanca.ma\/en\/wp-json\/wp\/v2\/types\/product"}],"wp:featuredmedia":[{"embeddable":true,"href":"https:\/\/vitablanca.ma\/en\/wp-json\/wp\/v2\/media\/25633"}],"wp:attachment":[{"href":"https:\/\/vitablanca.ma\/en\/wp-json\/wp\/v2\/media?parent=25574"}],"wp:term":[{"taxonomy":"product_brand","embeddable":true,"href":"https:\/\/vitablanca.ma\/en\/wp-json\/wp\/v2\/product_brand?post=25574"},{"taxonomy":"product_cat","embeddable":true,"href":"https:\/\/vitablanca.ma\/en\/wp-json\/wp\/v2\/product_cat?post=25574"},{"taxonomy":"product_tag","embeddable":true,"href":"https:\/\/vitablanca.ma\/en\/wp-json\/wp\/v2\/product_tag?post=25574"}],"curies":[{"name":"wp","href":"https:\/\/api.w.org\/{rel}","templated":true}]}}