{"id":25569,"date":"2025-09-18T01:51:16","date_gmt":"2025-09-18T01:51:16","guid":{"rendered":"https:\/\/vitablanca.ma\/?post_type=product&#038;p=25569"},"modified":"2025-09-22T18:10:17","modified_gmt":"2025-09-22T18:10:17","slug":"doctors-best-extra-force-ginkgo-120-mg-120-gelules-vegetales","status":"publish","type":"product","link":"https:\/\/vitablanca.ma\/en\/product\/doctors-best-extra-force-ginkgo-120-mg-120-gelules-vegetales\/","title":{"rendered":"Doctor&rsquo;s BEST Extra Force Ginkgo, 120 mg, 120 G\u00e9lules v\u00e9g\u00e9tales"},"content":{"rendered":"<p>Le gingko extrapuissant de Doctor&rsquo;s Best aide \u00e0 soutenir la m\u00e9moire et la capacit\u00e9 c\u00e9r\u00e9brale. Il favorise \u00e9galement le bon fonctionnement des mitochondries et des cellules nerveuses. Ce ginkgo biloba de qualit\u00e9 sup\u00e9rieure est un extrait standardis\u00e9, garanti de contenir au minimum 24 % de glycosides de flavonol et 6 % de lactones terp\u00e9niques, d\u2019apr\u00e8s des analyses de laboratoire ind\u00e9pendantes.<br \/>\nCet extrait de ginkgo est garanti par le syst\u00e8me ProfileProven Quality Assurance\u00ae d\u00e9velopp\u00e9 par Ethical Naturals, Inc. Ce processus comprend les tests et contr\u00f4les les plus approfondis \u00e0 chaque \u00e9tape de la fabrication afin de garantir puret\u00e9 et puissance.<br \/>\nUsage sugg\u00e9r\u00e9Utilisation pour les adultes : prendre 1 capsule par jour, avec ou sans nourriture, ou selon les recommandations d&rsquo;un m\u00e9decin nutritionniste.<\/p>","protected":false},"excerpt":{"rendered":"<ul>\n<li>Science-Based\u00a0Nutrition\u2122<\/li>\n<li>ProfileProven Quality Assurance\u00ae<\/li>\n<li>Food supplement<\/li>\n<li>Aide \u00e0 promouvoir la fonction mentale et la m\u00e9moire<\/li>\n<li>Vegan\u2122<\/li>\n<li>GMO-free \u2013 Gluten-free \u2013 Soy-free<\/li>\n<li>Aide \u00e0 renforcer la circulation dans le cerveau<\/li>\n<li>Aide \u00e0 promouvoir la fonction mentale et la m\u00e9moire<\/li>\n<\/ul>","protected":false},"featured_media":25610,"template":"","meta":{"om_disable_all_campaigns":false},"product_brand":[1982],"product_cat":[18,3366],"product_tag":[748,2813,3903,3904,872,3905],"class_list":{"0":"post-25569","1":"product","2":"type-product","3":"status-publish","4":"has-post-thumbnail","6":"product_brand-doctors-best-maroc-prix","7":"product_cat-beaute-sante","8":"product_cat-complements-alimentaires-au-maroc-vitablanca","9":"product_tag-antioxydant-naturel","10":"product_tag-circulation-sanguine","11":"product_tag-doctors-best-ginkgo-biloba","12":"product_tag-extra-force-ginkgo-120-mg","13":"product_tag-memoire-et-concentration","14":"product_tag-sante-cognitive","16":"first","17":"instock","18":"taxable","19":"shipping-taxable","20":"purchasable","21":"product-type-simple"},"yoast_head":"<!-- This site is optimized with the Yoast SEO plugin v27.3 - https:\/\/yoast.com\/product\/yoast-seo-wordpress\/ -->\n<title>Doctor&#039;s BEST Extra Force Ginkgo, 120 mg, 120 G\u00e9lules - Maroc<\/title>\n<meta name=\"description\" content=\"Achetez Doctor&#039;s Best Vitamine B12 1500 mcg 120 g\u00e9lules au Maroc. Boost \u00e9nergie, sant\u00e9 nerveuse et fonction cognitive. Disponible sur VitaBlanca.\" \/>\n<meta name=\"robots\" content=\"index, follow, max-snippet:-1, max-image-preview:large, max-video-preview:-1\" \/>\n<link rel=\"canonical\" href=\"https:\/\/vitablanca.ma\/en\/product\/doctors-best-extra-force-ginkgo-120-mg-120-gelules-vegetales\/\" \/>\n<meta property=\"og:locale\" content=\"en_US\" \/>\n<meta property=\"og:type\" content=\"article\" \/>\n<meta property=\"og:title\" content=\"Doctor&#039;s BEST Extra Force Ginkgo, 120 mg, 120 G\u00e9lules - Maroc\" \/>\n<meta property=\"og:description\" content=\"Achetez Doctor&#039;s Best Vitamine B12 1500 mcg 120 g\u00e9lules au Maroc. Boost \u00e9nergie, sant\u00e9 nerveuse et fonction cognitive. Disponible sur VitaBlanca.\" \/>\n<meta property=\"og:url\" content=\"https:\/\/vitablanca.ma\/en\/product\/doctors-best-extra-force-ginkgo-120-mg-120-gelules-vegetales\/\" \/>\n<meta property=\"og:site_name\" content=\"Vitablanca.ma &ndash; Sant&eacute;, vitalit&eacute; et bien-&ecirc;tre pour tous les Marocains\" \/>\n<meta property=\"article:publisher\" content=\"https:\/\/www.facebook.com\/profile.php?id=61576678196717\" \/>\n<meta property=\"article:modified_time\" content=\"2025-09-22T18:10:17+00:00\" \/>\n<meta property=\"og:image\" content=\"https:\/\/vitablanca.ma\/wp-content\/uploads\/2025\/09\/doctors-best-extra-force-ginkgo-120-mg-120-gelules-vegetales-.jpg\" \/>\n\t<meta property=\"og:image:width\" content=\"680\" \/>\n\t<meta property=\"og:image:height\" content=\"680\" \/>\n\t<meta property=\"og:image:type\" content=\"image\/jpeg\" \/>\n<meta name=\"twitter:card\" content=\"summary_large_image\" \/>\n<meta name=\"twitter:label1\" content=\"Est. reading time\" \/>\n\t<meta name=\"twitter:data1\" content=\"1 minute\" \/>\n<script type=\"application\/ld+json\" class=\"yoast-schema-graph\">{\"@context\":\"https:\\\/\\\/schema.org\",\"@graph\":[{\"@type\":[\"WebPage\",\"ItemPage\"],\"@id\":\"https:\\\/\\\/vitablanca.ma\\\/produit\\\/doctors-best-extra-force-ginkgo-120-mg-120-gelules-vegetales\\\/\",\"url\":\"https:\\\/\\\/vitablanca.ma\\\/produit\\\/doctors-best-extra-force-ginkgo-120-mg-120-gelules-vegetales\\\/\",\"name\":\"Doctor's BEST Extra Force Ginkgo, 120 mg, 120 G\u00e9lules - Maroc\",\"isPartOf\":{\"@id\":\"https:\\\/\\\/vitablanca.ma\\\/#website\"},\"primaryImageOfPage\":{\"@id\":\"https:\\\/\\\/vitablanca.ma\\\/produit\\\/doctors-best-extra-force-ginkgo-120-mg-120-gelules-vegetales\\\/#primaryimage\"},\"image\":{\"@id\":\"https:\\\/\\\/vitablanca.ma\\\/produit\\\/doctors-best-extra-force-ginkgo-120-mg-120-gelules-vegetales\\\/#primaryimage\"},\"thumbnailUrl\":\"https:\\\/\\\/vitablanca.ma\\\/wp-content\\\/uploads\\\/2025\\\/09\\\/doctors-best-extra-force-ginkgo-120-mg-120-gelules-vegetales-.jpg\",\"datePublished\":\"2025-09-18T01:51:16+00:00\",\"dateModified\":\"2025-09-22T18:10:17+00:00\",\"description\":\"Achetez Doctor's Best Vitamine B12 1500 mcg 120 g\u00e9lules au Maroc. Boost \u00e9nergie, sant\u00e9 nerveuse et fonction cognitive. Disponible sur VitaBlanca.\",\"breadcrumb\":{\"@id\":\"https:\\\/\\\/vitablanca.ma\\\/produit\\\/doctors-best-extra-force-ginkgo-120-mg-120-gelules-vegetales\\\/#breadcrumb\"},\"inLanguage\":\"en-US\",\"potentialAction\":[{\"@type\":\"ReadAction\",\"target\":[\"https:\\\/\\\/vitablanca.ma\\\/produit\\\/doctors-best-extra-force-ginkgo-120-mg-120-gelules-vegetales\\\/\"]}]},{\"@type\":\"ImageObject\",\"inLanguage\":\"en-US\",\"@id\":\"https:\\\/\\\/vitablanca.ma\\\/produit\\\/doctors-best-extra-force-ginkgo-120-mg-120-gelules-vegetales\\\/#primaryimage\",\"url\":\"https:\\\/\\\/vitablanca.ma\\\/wp-content\\\/uploads\\\/2025\\\/09\\\/doctors-best-extra-force-ginkgo-120-mg-120-gelules-vegetales-.jpg\",\"contentUrl\":\"https:\\\/\\\/vitablanca.ma\\\/wp-content\\\/uploads\\\/2025\\\/09\\\/doctors-best-extra-force-ginkgo-120-mg-120-gelules-vegetales-.jpg\",\"width\":680,\"height\":680},{\"@type\":\"BreadcrumbList\",\"@id\":\"https:\\\/\\\/vitablanca.ma\\\/produit\\\/doctors-best-extra-force-ginkgo-120-mg-120-gelules-vegetales\\\/#breadcrumb\",\"itemListElement\":[{\"@type\":\"ListItem\",\"position\":1,\"name\":\"Home\",\"item\":\"https:\\\/\\\/vitablanca.ma\\\/\"},{\"@type\":\"ListItem\",\"position\":2,\"name\":\"Tous Les Produits\",\"item\":\"https:\\\/\\\/vitablanca.ma\\\/tous-les-produits\\\/\"},{\"@type\":\"ListItem\",\"position\":3,\"name\":\"Doctor&#8217;s BEST Extra Force Ginkgo, 120 mg, 120 G\u00e9lules v\u00e9g\u00e9tales\"}]},{\"@type\":\"WebSite\",\"@id\":\"https:\\\/\\\/vitablanca.ma\\\/#website\",\"url\":\"https:\\\/\\\/vitablanca.ma\\\/\",\"name\":\"VitaBlanca.ma | Compl\u00e9ments alimentaires, sant\u00e9 & beaut\u00e9 au Maroc\",\"description\":\"vendre vitamines et compl\u00e9ments premium des USA &amp; Canada, Nouvelle Z\u00e9lande,Maroc (NOW Foods, Solgar, Manuka). Livraison rapide partout au Maroc.\",\"publisher\":{\"@id\":\"https:\\\/\\\/vitablanca.ma\\\/#organization\"},\"alternateName\":\"VitaBlanca.ma\",\"potentialAction\":[{\"@type\":\"SearchAction\",\"target\":{\"@type\":\"EntryPoint\",\"urlTemplate\":\"https:\\\/\\\/vitablanca.ma\\\/?s={search_term_string}\"},\"query-input\":{\"@type\":\"PropertyValueSpecification\",\"valueRequired\":true,\"valueName\":\"search_term_string\"}}],\"inLanguage\":\"en-US\"},{\"@type\":\"Organization\",\"@id\":\"https:\\\/\\\/vitablanca.ma\\\/#organization\",\"name\":\"VitaBlanca\",\"url\":\"https:\\\/\\\/vitablanca.ma\\\/\",\"logo\":{\"@type\":\"ImageObject\",\"inLanguage\":\"en-US\",\"@id\":\"https:\\\/\\\/vitablanca.ma\\\/#\\\/schema\\\/logo\\\/image\\\/\",\"url\":\"https:\\\/\\\/vitablanca.ma\\\/wp-content\\\/uploads\\\/2025\\\/05\\\/cropped-vitablanca.png\",\"contentUrl\":\"https:\\\/\\\/vitablanca.ma\\\/wp-content\\\/uploads\\\/2025\\\/05\\\/cropped-vitablanca.png\",\"width\":360,\"height\":67,\"caption\":\"VitaBlanca\"},\"image\":{\"@id\":\"https:\\\/\\\/vitablanca.ma\\\/#\\\/schema\\\/logo\\\/image\\\/\"},\"sameAs\":[\"https:\\\/\\\/www.facebook.com\\\/profile.php?id=61576678196717\",\"https:\\\/\\\/www.tiktok.com\\\/@vitablanca.ma\",\"https:\\\/\\\/www.instagram.com\\\/vitablanca.ma\\\/\"]}]}<\/script>\n<!-- \/ Yoast SEO plugin. -->","yoast_head_json":{"title":"Doctor's BEST Extra Force Ginkgo, 120 mg, 120 G\u00e9lules - Maroc","description":"Achetez Doctor's Best Vitamine B12 1500 mcg 120 g\u00e9lules au Maroc. Boost \u00e9nergie, sant\u00e9 nerveuse et fonction cognitive. Disponible sur VitaBlanca.","robots":{"index":"index","follow":"follow","max-snippet":"max-snippet:-1","max-image-preview":"max-image-preview:large","max-video-preview":"max-video-preview:-1"},"canonical":"https:\/\/vitablanca.ma\/en\/product\/doctors-best-extra-force-ginkgo-120-mg-120-gelules-vegetales\/","og_locale":"en_US","og_type":"article","og_title":"Doctor's BEST Extra Force Ginkgo, 120 mg, 120 G\u00e9lules - Maroc","og_description":"Achetez Doctor's Best Vitamine B12 1500 mcg 120 g\u00e9lules au Maroc. Boost \u00e9nergie, sant\u00e9 nerveuse et fonction cognitive. Disponible sur VitaBlanca.","og_url":"https:\/\/vitablanca.ma\/en\/product\/doctors-best-extra-force-ginkgo-120-mg-120-gelules-vegetales\/","og_site_name":"Vitablanca.ma &ndash; Sant&eacute;, vitalit&eacute; et bien-&ecirc;tre pour tous les Marocains","article_publisher":"https:\/\/www.facebook.com\/profile.php?id=61576678196717","article_modified_time":"2025-09-22T18:10:17+00:00","og_image":[{"width":680,"height":680,"url":"https:\/\/vitablanca.ma\/wp-content\/uploads\/2025\/09\/doctors-best-extra-force-ginkgo-120-mg-120-gelules-vegetales-.jpg","type":"image\/jpeg"}],"twitter_card":"summary_large_image","twitter_misc":{"Est. reading time":"1 minute"},"schema":{"@context":"https:\/\/schema.org","@graph":[{"@type":["WebPage","ItemPage"],"@id":"https:\/\/vitablanca.ma\/produit\/doctors-best-extra-force-ginkgo-120-mg-120-gelules-vegetales\/","url":"https:\/\/vitablanca.ma\/produit\/doctors-best-extra-force-ginkgo-120-mg-120-gelules-vegetales\/","name":"Doctor's BEST Extra Force Ginkgo, 120 mg, 120 G\u00e9lules - Maroc","isPartOf":{"@id":"https:\/\/vitablanca.ma\/#website"},"primaryImageOfPage":{"@id":"https:\/\/vitablanca.ma\/produit\/doctors-best-extra-force-ginkgo-120-mg-120-gelules-vegetales\/#primaryimage"},"image":{"@id":"https:\/\/vitablanca.ma\/produit\/doctors-best-extra-force-ginkgo-120-mg-120-gelules-vegetales\/#primaryimage"},"thumbnailUrl":"https:\/\/vitablanca.ma\/wp-content\/uploads\/2025\/09\/doctors-best-extra-force-ginkgo-120-mg-120-gelules-vegetales-.jpg","datePublished":"2025-09-18T01:51:16+00:00","dateModified":"2025-09-22T18:10:17+00:00","description":"Achetez Doctor's Best Vitamine B12 1500 mcg 120 g\u00e9lules au Maroc. Boost \u00e9nergie, sant\u00e9 nerveuse et fonction cognitive. Disponible sur VitaBlanca.","breadcrumb":{"@id":"https:\/\/vitablanca.ma\/produit\/doctors-best-extra-force-ginkgo-120-mg-120-gelules-vegetales\/#breadcrumb"},"inLanguage":"en-US","potentialAction":[{"@type":"ReadAction","target":["https:\/\/vitablanca.ma\/produit\/doctors-best-extra-force-ginkgo-120-mg-120-gelules-vegetales\/"]}]},{"@type":"ImageObject","inLanguage":"en-US","@id":"https:\/\/vitablanca.ma\/produit\/doctors-best-extra-force-ginkgo-120-mg-120-gelules-vegetales\/#primaryimage","url":"https:\/\/vitablanca.ma\/wp-content\/uploads\/2025\/09\/doctors-best-extra-force-ginkgo-120-mg-120-gelules-vegetales-.jpg","contentUrl":"https:\/\/vitablanca.ma\/wp-content\/uploads\/2025\/09\/doctors-best-extra-force-ginkgo-120-mg-120-gelules-vegetales-.jpg","width":680,"height":680},{"@type":"BreadcrumbList","@id":"https:\/\/vitablanca.ma\/produit\/doctors-best-extra-force-ginkgo-120-mg-120-gelules-vegetales\/#breadcrumb","itemListElement":[{"@type":"ListItem","position":1,"name":"Home","item":"https:\/\/vitablanca.ma\/"},{"@type":"ListItem","position":2,"name":"Tous Les Produits","item":"https:\/\/vitablanca.ma\/tous-les-produits\/"},{"@type":"ListItem","position":3,"name":"Doctor&#8217;s BEST Extra Force Ginkgo, 120 mg, 120 G\u00e9lules v\u00e9g\u00e9tales"}]},{"@type":"WebSite","@id":"https:\/\/vitablanca.ma\/#website","url":"https:\/\/vitablanca.ma\/","name":"VitaBlanca.ma | Food supplements, health &amp; beauty in Morocco","description":"sell premium vitamins and supplements from USA &amp; Canada, New Zealand, Morocco (NOW Foods, Solgar, Manuka). Fast delivery anywhere in Morocco.","publisher":{"@id":"https:\/\/vitablanca.ma\/#organization"},"alternateName":"VitaBlanca.ma","potentialAction":[{"@type":"SearchAction","target":{"@type":"EntryPoint","urlTemplate":"https:\/\/vitablanca.ma\/?s={search_term_string}"},"query-input":{"@type":"PropertyValueSpecification","valueRequired":true,"valueName":"search_term_string"}}],"inLanguage":"en-US"},{"@type":"Organization","@id":"https:\/\/vitablanca.ma\/#organization","name":"VitaBlanca","url":"https:\/\/vitablanca.ma\/","logo":{"@type":"ImageObject","inLanguage":"en-US","@id":"https:\/\/vitablanca.ma\/#\/schema\/logo\/image\/","url":"https:\/\/vitablanca.ma\/wp-content\/uploads\/2025\/05\/cropped-vitablanca.png","contentUrl":"https:\/\/vitablanca.ma\/wp-content\/uploads\/2025\/05\/cropped-vitablanca.png","width":360,"height":67,"caption":"VitaBlanca"},"image":{"@id":"https:\/\/vitablanca.ma\/#\/schema\/logo\/image\/"},"sameAs":["https:\/\/www.facebook.com\/profile.php?id=61576678196717","https:\/\/www.tiktok.com\/@vitablanca.ma","https:\/\/www.instagram.com\/vitablanca.ma\/"]}]}},"jetpack_sharing_enabled":true,"_links":{"self":[{"href":"https:\/\/vitablanca.ma\/en\/wp-json\/wp\/v2\/product\/25569","targetHints":{"allow":["GET"]}}],"collection":[{"href":"https:\/\/vitablanca.ma\/en\/wp-json\/wp\/v2\/product"}],"about":[{"href":"https:\/\/vitablanca.ma\/en\/wp-json\/wp\/v2\/types\/product"}],"wp:featuredmedia":[{"embeddable":true,"href":"https:\/\/vitablanca.ma\/en\/wp-json\/wp\/v2\/media\/25610"}],"wp:attachment":[{"href":"https:\/\/vitablanca.ma\/en\/wp-json\/wp\/v2\/media?parent=25569"}],"wp:term":[{"taxonomy":"product_brand","embeddable":true,"href":"https:\/\/vitablanca.ma\/en\/wp-json\/wp\/v2\/product_brand?post=25569"},{"taxonomy":"product_cat","embeddable":true,"href":"https:\/\/vitablanca.ma\/en\/wp-json\/wp\/v2\/product_cat?post=25569"},{"taxonomy":"product_tag","embeddable":true,"href":"https:\/\/vitablanca.ma\/en\/wp-json\/wp\/v2\/product_tag?post=25569"}],"curies":[{"name":"wp","href":"https:\/\/api.w.org\/{rel}","templated":true}]}}