{"id":25568,"date":"2025-09-18T01:51:16","date_gmt":"2025-09-18T01:51:16","guid":{"rendered":"https:\/\/vitablanca.ma\/?post_type=product&#038;p=25568"},"modified":"2026-03-11T03:17:41","modified_gmt":"2026-03-11T03:17:41","slug":"solgar-zinc-picolinique-sans-gelatine-100-comprimes","status":"publish","type":"product","link":"https:\/\/vitablanca.ma\/en\/product\/solgar-zinc-picolinique-sans-gelatine-100-comprimes\/","title":{"rendered":"Solgar Zinc Picolinique 22 mg 100 Comprim\u00e9s"},"content":{"rendered":"<p>Le zinc favorise la sant\u00e9 de la peau et favorise le go\u00fbt et la vision. Il agit comme un antioxydant et contribue \u00e0 pr\u00e9server un syst\u00e8me immunitaire sain. Cette formulation fournit du zinc de premi\u00e8re qualit\u00e9 sous forme de picolinate de zinc.<\/p>\n<h3><strong>Suggested Use<\/strong><\/h3>\n<p>Comme compl\u00e9ment alimentaire pour adultes, prendre un (1) comprim\u00e9 par jour, de pr\u00e9f\u00e9rence au cours d\u2019un repas ou selon les recommandations d\u2019un professionnel de sant\u00e9.<\/p>\n<h3><strong>Other ingredients<\/strong><\/h3>\n<p>Phosphate Dicalcique, Cellulose Microcristalline, Acide St\u00e9arique V\u00e9g\u00e9tal, Cellulose V\u00e9g\u00e9tale, St\u00e9arate De Magn\u00e9sium V\u00e9g\u00e9tal.<\/p>\n<p>Les comprim\u00e9s de picolinate de zinc Solgar\u2019s ne contiennent pas de ma\u00efs, de levure, de bl\u00e9, de soja et de produits laitiers et sont formul\u00e9s sans utiliser de conservateurs, d\u2019ar\u00f4mes ou de colorants artificiels.<\/p>","protected":false},"excerpt":{"rendered":"<ul>\n<li>Antioxydant b\u00e9n\u00e9fique pour la peau et le syst\u00e8me immunitaire<\/li>\n<li>GMO-free<\/li>\n<li>Gluten, wheat and lactose free<\/li>\n<li>Suitable for a vegan diet<\/li>\n<li>Casher Parv\u00e9<\/li>\n<li>Food supplement<\/li>\n<\/ul>","protected":false},"featured_media":25608,"template":"","meta":{"om_disable_all_campaigns":false},"product_brand":[42],"product_cat":[18,3366],"product_tag":[3899,3900,3901,1021,3553,3902],"class_list":{"0":"post-25568","1":"product","2":"type-product","3":"status-publish","4":"has-post-thumbnail","6":"product_brand-solgar-prix-maroc","7":"product_cat-beaute-sante","8":"product_cat-complements-alimentaires-au-maroc-vitablanca","9":"product_tag-complement-zinc-immunite","10":"product_tag-sante-cellulaire-solgar","11":"product_tag-solgar-zinc-picolinate","12":"product_tag-zinc-biodisponible","13":"product_tag-zinc-peau-cheveux-ongles","14":"product_tag-zinc-sans-gelatine","16":"first","17":"outofstock","18":"sale","19":"taxable","20":"shipping-taxable","21":"purchasable","22":"product-type-simple"},"yoast_head":"<!-- This site is optimized with the Yoast SEO plugin v27.5 - https:\/\/yoast.com\/product\/yoast-seo-wordpress\/ -->\n<title>Solgar Zinc Picolinique 22 mg 100 Comprim\u00e9s - Maroc Prix<\/title>\n<meta name=\"description\" content=\"la sant\u00e9 de votre peau avec Solgar Zinc Picolinique 22 mg. 100 comprim\u00e9s pour une absorption optimale et un bien-\u00eatre durable. Livraison rapide au Maroc.\" \/>\n<meta name=\"robots\" content=\"index, follow, max-snippet:-1, max-image-preview:large, max-video-preview:-1\" \/>\n<link rel=\"canonical\" href=\"https:\/\/vitablanca.ma\/en\/product\/solgar-zinc-picolinique-sans-gelatine-100-comprimes\/\" \/>\n<meta property=\"og:locale\" content=\"en_US\" \/>\n<meta property=\"og:type\" content=\"article\" \/>\n<meta property=\"og:title\" content=\"Solgar Zinc Picolinique 22 mg 100 Comprim\u00e9s - Maroc Prix\" \/>\n<meta property=\"og:description\" content=\"la sant\u00e9 de votre peau avec Solgar Zinc Picolinique 22 mg. 100 comprim\u00e9s pour une absorption optimale et un bien-\u00eatre durable. Livraison rapide au Maroc.\" \/>\n<meta property=\"og:url\" content=\"https:\/\/vitablanca.ma\/en\/product\/solgar-zinc-picolinique-sans-gelatine-100-comprimes\/\" \/>\n<meta property=\"og:site_name\" content=\"Vitablanca.ma &ndash; Sant&eacute;, vitalit&eacute; et bien-&ecirc;tre pour tous les Marocains\" \/>\n<meta property=\"article:publisher\" content=\"https:\/\/www.facebook.com\/profile.php?id=61576678196717\" \/>\n<meta property=\"article:modified_time\" content=\"2026-03-11T03:17:41+00:00\" \/>\n<meta property=\"og:image\" content=\"https:\/\/vitablanca.ma\/wp-content\/uploads\/2025\/09\/Solgar-Zinc-Picolinique-Sans-Gelatine-100-Comprimes.jpg\" \/>\n\t<meta property=\"og:image:width\" content=\"680\" \/>\n\t<meta property=\"og:image:height\" content=\"680\" \/>\n\t<meta property=\"og:image:type\" content=\"image\/jpeg\" \/>\n<meta name=\"twitter:card\" content=\"summary_large_image\" \/>\n<meta name=\"twitter:label1\" content=\"Est. reading time\" \/>\n\t<meta name=\"twitter:data1\" content=\"1 minute\" \/>\n<script type=\"application\/ld+json\" class=\"yoast-schema-graph\">{\"@context\":\"https:\\\/\\\/schema.org\",\"@graph\":[{\"@type\":[\"WebPage\",\"ItemPage\"],\"@id\":\"https:\\\/\\\/vitablanca.ma\\\/produit\\\/solgar-zinc-picolinique-sans-gelatine-100-comprimes\\\/\",\"url\":\"https:\\\/\\\/vitablanca.ma\\\/produit\\\/solgar-zinc-picolinique-sans-gelatine-100-comprimes\\\/\",\"name\":\"Solgar Zinc Picolinique 22 mg 100 Comprim\u00e9s - Maroc Prix\",\"isPartOf\":{\"@id\":\"https:\\\/\\\/vitablanca.ma\\\/#website\"},\"primaryImageOfPage\":{\"@id\":\"https:\\\/\\\/vitablanca.ma\\\/produit\\\/solgar-zinc-picolinique-sans-gelatine-100-comprimes\\\/#primaryimage\"},\"image\":{\"@id\":\"https:\\\/\\\/vitablanca.ma\\\/produit\\\/solgar-zinc-picolinique-sans-gelatine-100-comprimes\\\/#primaryimage\"},\"thumbnailUrl\":\"https:\\\/\\\/vitablanca.ma\\\/wp-content\\\/uploads\\\/2025\\\/09\\\/Solgar-Zinc-Picolinique-Sans-Gelatine-100-Comprimes.jpg\",\"datePublished\":\"2025-09-18T01:51:16+00:00\",\"dateModified\":\"2026-03-11T03:17:41+00:00\",\"description\":\"la sant\u00e9 de votre peau avec Solgar Zinc Picolinique 22 mg. 100 comprim\u00e9s pour une absorption optimale et un bien-\u00eatre durable. Livraison rapide au Maroc.\",\"breadcrumb\":{\"@id\":\"https:\\\/\\\/vitablanca.ma\\\/produit\\\/solgar-zinc-picolinique-sans-gelatine-100-comprimes\\\/#breadcrumb\"},\"inLanguage\":\"en-US\",\"potentialAction\":[{\"@type\":\"ReadAction\",\"target\":[\"https:\\\/\\\/vitablanca.ma\\\/produit\\\/solgar-zinc-picolinique-sans-gelatine-100-comprimes\\\/\"]}]},{\"@type\":\"ImageObject\",\"inLanguage\":\"en-US\",\"@id\":\"https:\\\/\\\/vitablanca.ma\\\/produit\\\/solgar-zinc-picolinique-sans-gelatine-100-comprimes\\\/#primaryimage\",\"url\":\"https:\\\/\\\/vitablanca.ma\\\/wp-content\\\/uploads\\\/2025\\\/09\\\/Solgar-Zinc-Picolinique-Sans-Gelatine-100-Comprimes.jpg\",\"contentUrl\":\"https:\\\/\\\/vitablanca.ma\\\/wp-content\\\/uploads\\\/2025\\\/09\\\/Solgar-Zinc-Picolinique-Sans-Gelatine-100-Comprimes.jpg\",\"width\":680,\"height\":680},{\"@type\":\"BreadcrumbList\",\"@id\":\"https:\\\/\\\/vitablanca.ma\\\/produit\\\/solgar-zinc-picolinique-sans-gelatine-100-comprimes\\\/#breadcrumb\",\"itemListElement\":[{\"@type\":\"ListItem\",\"position\":1,\"name\":\"Home\",\"item\":\"https:\\\/\\\/vitablanca.ma\\\/\"},{\"@type\":\"ListItem\",\"position\":2,\"name\":\"Tous Les Produits\",\"item\":\"https:\\\/\\\/vitablanca.ma\\\/tous-les-produits\\\/\"},{\"@type\":\"ListItem\",\"position\":3,\"name\":\"Solgar Zinc Picolinique 22 mg 100 Comprim\u00e9s\"}]},{\"@type\":\"WebSite\",\"@id\":\"https:\\\/\\\/vitablanca.ma\\\/#website\",\"url\":\"https:\\\/\\\/vitablanca.ma\\\/\",\"name\":\"VitaBlanca.ma | Compl\u00e9ments alimentaires, sant\u00e9 & beaut\u00e9 au Maroc\",\"description\":\"vendre vitamines et compl\u00e9ments premium des USA &amp; Canada, Nouvelle Z\u00e9lande,Maroc (NOW Foods, Solgar, Manuka). Livraison rapide partout au Maroc.\",\"publisher\":{\"@id\":\"https:\\\/\\\/vitablanca.ma\\\/#organization\"},\"alternateName\":\"VitaBlanca.ma\",\"potentialAction\":[{\"@type\":\"SearchAction\",\"target\":{\"@type\":\"EntryPoint\",\"urlTemplate\":\"https:\\\/\\\/vitablanca.ma\\\/?s={search_term_string}\"},\"query-input\":{\"@type\":\"PropertyValueSpecification\",\"valueRequired\":true,\"valueName\":\"search_term_string\"}}],\"inLanguage\":\"en-US\"},{\"@type\":\"Organization\",\"@id\":\"https:\\\/\\\/vitablanca.ma\\\/#organization\",\"name\":\"VitaBlanca\",\"url\":\"https:\\\/\\\/vitablanca.ma\\\/\",\"logo\":{\"@type\":\"ImageObject\",\"inLanguage\":\"en-US\",\"@id\":\"https:\\\/\\\/vitablanca.ma\\\/#\\\/schema\\\/logo\\\/image\\\/\",\"url\":\"https:\\\/\\\/vitablanca.ma\\\/wp-content\\\/uploads\\\/2025\\\/05\\\/cropped-vitablanca.png\",\"contentUrl\":\"https:\\\/\\\/vitablanca.ma\\\/wp-content\\\/uploads\\\/2025\\\/05\\\/cropped-vitablanca.png\",\"width\":360,\"height\":67,\"caption\":\"VitaBlanca\"},\"image\":{\"@id\":\"https:\\\/\\\/vitablanca.ma\\\/#\\\/schema\\\/logo\\\/image\\\/\"},\"sameAs\":[\"https:\\\/\\\/www.facebook.com\\\/profile.php?id=61576678196717\",\"https:\\\/\\\/www.tiktok.com\\\/@vitablanca.ma\",\"https:\\\/\\\/www.instagram.com\\\/vitablanca.ma\\\/\"]}]}<\/script>\n<!-- \/ Yoast SEO plugin. -->","yoast_head_json":{"title":"Solgar Zinc Picolinique 22 mg 100 Comprim\u00e9s - Maroc Prix","description":"la sant\u00e9 de votre peau avec Solgar Zinc Picolinique 22 mg. 100 comprim\u00e9s pour une absorption optimale et un bien-\u00eatre durable. Livraison rapide au Maroc.","robots":{"index":"index","follow":"follow","max-snippet":"max-snippet:-1","max-image-preview":"max-image-preview:large","max-video-preview":"max-video-preview:-1"},"canonical":"https:\/\/vitablanca.ma\/en\/product\/solgar-zinc-picolinique-sans-gelatine-100-comprimes\/","og_locale":"en_US","og_type":"article","og_title":"Solgar Zinc Picolinique 22 mg 100 Comprim\u00e9s - Maroc Prix","og_description":"la sant\u00e9 de votre peau avec Solgar Zinc Picolinique 22 mg. 100 comprim\u00e9s pour une absorption optimale et un bien-\u00eatre durable. Livraison rapide au Maroc.","og_url":"https:\/\/vitablanca.ma\/en\/product\/solgar-zinc-picolinique-sans-gelatine-100-comprimes\/","og_site_name":"Vitablanca.ma &ndash; Sant&eacute;, vitalit&eacute; et bien-&ecirc;tre pour tous les Marocains","article_publisher":"https:\/\/www.facebook.com\/profile.php?id=61576678196717","article_modified_time":"2026-03-11T03:17:41+00:00","og_image":[{"width":680,"height":680,"url":"https:\/\/vitablanca.ma\/wp-content\/uploads\/2025\/09\/Solgar-Zinc-Picolinique-Sans-Gelatine-100-Comprimes.jpg","type":"image\/jpeg"}],"twitter_card":"summary_large_image","twitter_misc":{"Est. reading time":"1 minute"},"schema":{"@context":"https:\/\/schema.org","@graph":[{"@type":["WebPage","ItemPage"],"@id":"https:\/\/vitablanca.ma\/produit\/solgar-zinc-picolinique-sans-gelatine-100-comprimes\/","url":"https:\/\/vitablanca.ma\/produit\/solgar-zinc-picolinique-sans-gelatine-100-comprimes\/","name":"Solgar Zinc Picolinique 22 mg 100 Comprim\u00e9s - Maroc Prix","isPartOf":{"@id":"https:\/\/vitablanca.ma\/#website"},"primaryImageOfPage":{"@id":"https:\/\/vitablanca.ma\/produit\/solgar-zinc-picolinique-sans-gelatine-100-comprimes\/#primaryimage"},"image":{"@id":"https:\/\/vitablanca.ma\/produit\/solgar-zinc-picolinique-sans-gelatine-100-comprimes\/#primaryimage"},"thumbnailUrl":"https:\/\/vitablanca.ma\/wp-content\/uploads\/2025\/09\/Solgar-Zinc-Picolinique-Sans-Gelatine-100-Comprimes.jpg","datePublished":"2025-09-18T01:51:16+00:00","dateModified":"2026-03-11T03:17:41+00:00","description":"la sant\u00e9 de votre peau avec Solgar Zinc Picolinique 22 mg. 100 comprim\u00e9s pour une absorption optimale et un bien-\u00eatre durable. Livraison rapide au Maroc.","breadcrumb":{"@id":"https:\/\/vitablanca.ma\/produit\/solgar-zinc-picolinique-sans-gelatine-100-comprimes\/#breadcrumb"},"inLanguage":"en-US","potentialAction":[{"@type":"ReadAction","target":["https:\/\/vitablanca.ma\/produit\/solgar-zinc-picolinique-sans-gelatine-100-comprimes\/"]}]},{"@type":"ImageObject","inLanguage":"en-US","@id":"https:\/\/vitablanca.ma\/produit\/solgar-zinc-picolinique-sans-gelatine-100-comprimes\/#primaryimage","url":"https:\/\/vitablanca.ma\/wp-content\/uploads\/2025\/09\/Solgar-Zinc-Picolinique-Sans-Gelatine-100-Comprimes.jpg","contentUrl":"https:\/\/vitablanca.ma\/wp-content\/uploads\/2025\/09\/Solgar-Zinc-Picolinique-Sans-Gelatine-100-Comprimes.jpg","width":680,"height":680},{"@type":"BreadcrumbList","@id":"https:\/\/vitablanca.ma\/produit\/solgar-zinc-picolinique-sans-gelatine-100-comprimes\/#breadcrumb","itemListElement":[{"@type":"ListItem","position":1,"name":"Home","item":"https:\/\/vitablanca.ma\/"},{"@type":"ListItem","position":2,"name":"Tous Les Produits","item":"https:\/\/vitablanca.ma\/tous-les-produits\/"},{"@type":"ListItem","position":3,"name":"Solgar Zinc Picolinique 22 mg 100 Comprim\u00e9s"}]},{"@type":"WebSite","@id":"https:\/\/vitablanca.ma\/#website","url":"https:\/\/vitablanca.ma\/","name":"VitaBlanca.ma | Food supplements, health &amp; beauty in Morocco","description":"sell premium vitamins and supplements from USA &amp; Canada, New Zealand, Morocco (NOW Foods, Solgar, Manuka). Fast delivery anywhere in Morocco.","publisher":{"@id":"https:\/\/vitablanca.ma\/#organization"},"alternateName":"VitaBlanca.ma","potentialAction":[{"@type":"SearchAction","target":{"@type":"EntryPoint","urlTemplate":"https:\/\/vitablanca.ma\/?s={search_term_string}"},"query-input":{"@type":"PropertyValueSpecification","valueRequired":true,"valueName":"search_term_string"}}],"inLanguage":"en-US"},{"@type":"Organization","@id":"https:\/\/vitablanca.ma\/#organization","name":"VitaBlanca","url":"https:\/\/vitablanca.ma\/","logo":{"@type":"ImageObject","inLanguage":"en-US","@id":"https:\/\/vitablanca.ma\/#\/schema\/logo\/image\/","url":"https:\/\/vitablanca.ma\/wp-content\/uploads\/2025\/05\/cropped-vitablanca.png","contentUrl":"https:\/\/vitablanca.ma\/wp-content\/uploads\/2025\/05\/cropped-vitablanca.png","width":360,"height":67,"caption":"VitaBlanca"},"image":{"@id":"https:\/\/vitablanca.ma\/#\/schema\/logo\/image\/"},"sameAs":["https:\/\/www.facebook.com\/profile.php?id=61576678196717","https:\/\/www.tiktok.com\/@vitablanca.ma","https:\/\/www.instagram.com\/vitablanca.ma\/"]}]}},"jetpack_sharing_enabled":true,"_links":{"self":[{"href":"https:\/\/vitablanca.ma\/en\/wp-json\/wp\/v2\/product\/25568","targetHints":{"allow":["GET"]}}],"collection":[{"href":"https:\/\/vitablanca.ma\/en\/wp-json\/wp\/v2\/product"}],"about":[{"href":"https:\/\/vitablanca.ma\/en\/wp-json\/wp\/v2\/types\/product"}],"wp:featuredmedia":[{"embeddable":true,"href":"https:\/\/vitablanca.ma\/en\/wp-json\/wp\/v2\/media\/25608"}],"wp:attachment":[{"href":"https:\/\/vitablanca.ma\/en\/wp-json\/wp\/v2\/media?parent=25568"}],"wp:term":[{"taxonomy":"product_brand","embeddable":true,"href":"https:\/\/vitablanca.ma\/en\/wp-json\/wp\/v2\/product_brand?post=25568"},{"taxonomy":"product_cat","embeddable":true,"href":"https:\/\/vitablanca.ma\/en\/wp-json\/wp\/v2\/product_cat?post=25568"},{"taxonomy":"product_tag","embeddable":true,"href":"https:\/\/vitablanca.ma\/en\/wp-json\/wp\/v2\/product_tag?post=25568"}],"curies":[{"name":"wp","href":"https:\/\/api.w.org\/{rel}","templated":true}]}}