{"id":25510,"date":"2025-09-18T01:50:50","date_gmt":"2025-09-18T01:50:50","guid":{"rendered":"https:\/\/vitablanca.ma\/?post_type=product&#038;p=25510"},"modified":"2025-09-22T18:10:19","modified_gmt":"2025-09-22T18:10:19","slug":"bioschwartz-collagene-peptides-bio-type-i-et-de-type-iii-avec-18-acides-amines-sans-arome","status":"publish","type":"product","link":"https:\/\/vitablanca.ma\/en\/product\/bioschwartz-collagene-peptides-bio-type-i-et-de-type-iii-avec-18-acides-amines-sans-arome\/","title":{"rendered":"BioSchwartz Collagene Peptides Bio type I et de type III avec 18 acides amin\u00e9s, Sans ar\u00f4me"},"content":{"rendered":"<div class=\"card aim -mtm\">\n<div class=\"markup -mhm -pvl -oxa -sc\">Qu&rsquo;est-ce qui rend notre collag\u00e8ne diff\u00e9rent ? BioSchwartz a d\u00e9velopp\u00e9 cette formule unique avec notre \u00e9quipe de professionnels en utilisant des normes de contr\u00f4le de qualit\u00e9 rigoureuses pour assurer un apport de collag\u00e8ne de qualit\u00e9 sup\u00e9rieure \u00e0 nos consommateurs. Peptides de collag\u00e8ne hydrolys\u00e9s &#8211; Notre m\u00e9lange exclusif de peptides de collag\u00e8ne contient du collag\u00e8ne de type I et III avec une combinaison de plus de 18 acides amin\u00e9s provenant de vaches non OGM, \u00e9lev\u00e9es au p\u00e2turage et nourries au p\u00e2turage. Biodisponibilit\u00e9 exceptionnelle &#8211; Cette formule d\u00e9velopp\u00e9e cliniquement contient de petites particules de peptides hautement biodisponibles qui sont facilement absorb\u00e9es pour stimuler la production de collag\u00e8ne au niveau cellulaire pour des r\u00e9sultats optimaux. Fabriqu\u00e9 avec des ingr\u00e9dients test\u00e9s pour la puret\u00e9\/sans allerg\u00e8nes &#8211; La formule au go\u00fbt neutre ne contient pas de colorants, ar\u00f4mes, \u00e9dulcorants, conservateurs, charges, liants ou produits chimiques nocifs artificiels. Il est exempt de lactose, de gluten, de soja, de bl\u00e9, de lait, de noix, d&rsquo;arachides, d&rsquo;\u0153ufs et de poissons\/crustac\u00e9s. Favorise une peau, des cheveux et des ongles sains Soutient les os et les articulations Se m\u00e9lange et se m\u00e9lange facilement Fabriqu\u00e9 avec fiert\u00e9 aux \u00c9tats-Unis<\/div>\n<\/div>\n<section class=\"card aim -mtm -fs16\">\n<div id=\"specifications\" class=\"hook\"><\/div>\n<header class=\"-pvs -bb\"><\/header>\n<\/section>","protected":false},"excerpt":{"rendered":"<ul>\n<li>Sans ar\u00f4me ni saveur<\/li>\n<li>Prot\u00e9ines bovines hydrolys\u00e9es<\/li>\n<li>Collag\u00e8ne de type\u00a0I et de type\u00a0III avec 18\u00a0acides amin\u00e9s<\/li>\n<li>Une peau, des cheveux et des ongles en bonne sant\u00e9<\/li>\n<li>Soutient les os et les articulations<\/li>\n<li>Incorpore et m\u00e9lange facilement<\/li>\n<li>Food supplement<\/li>\n<li>Gluten-free ingredients<\/li>\n<li>GMP \u2013 Good Manufacturing Practices<\/li>\n<li>100\u00a0% naturels &#8211; Certifi\u00e9s par un organisme tiers &#8211; Qualit\u00e9 sup\u00e9rieure<\/li>\n<\/ul>","protected":false},"featured_media":25595,"template":"","meta":{"om_disable_all_campaigns":false},"product_brand":[3197],"product_cat":[18,3366],"product_tag":[228,3867,288,3868,3869,3870,942],"class_list":{"0":"post-25510","1":"product","2":"type-product","3":"status-publish","4":"has-post-thumbnail","6":"product_brand-bioschwartz-maroc-prix","7":"product_cat-beaute-sante","8":"product_cat-complements-alimentaires-au-maroc-vitablanca","9":"product_tag-acides-amines","10":"product_tag-bioschwartz-collagene-peptides","11":"product_tag-collagene-hydrolyse","12":"product_tag-collagene-type-i-et-iii","13":"product_tag-peau-cheveux-ongles","14":"product_tag-peptides-de-collagene-bio","15":"product_tag-sante-articulaire","17":"first","18":"instock","19":"taxable","20":"shipping-taxable","21":"purchasable","22":"product-type-simple"},"yoast_head":"<!-- This site is optimized with the Yoast SEO plugin v27.4 - https:\/\/yoast.com\/product\/yoast-seo-wordpress\/ -->\n<title>BioSchwartz Collagene Peptides Bio type I et de type III - Maroc Prix<\/title>\n<meta name=\"description\" content=\"Am\u00e9liorez la sant\u00e9 de votre peau, cheveux et articulations avec BioSchwartz Collag\u00e8ne Peptides Bio. Formul\u00e9 avec 18 acides amin\u00e9s essentiels, sans ar\u00f4me,\" \/>\n<meta name=\"robots\" content=\"index, follow, max-snippet:-1, max-image-preview:large, max-video-preview:-1\" \/>\n<link rel=\"canonical\" href=\"https:\/\/vitablanca.ma\/en\/product\/bioschwartz-collagene-peptides-bio-type-i-et-de-type-iii-avec-18-acides-amines-sans-arome\/\" \/>\n<meta property=\"og:locale\" content=\"en_US\" \/>\n<meta property=\"og:type\" content=\"article\" \/>\n<meta property=\"og:title\" content=\"BioSchwartz Collagene Peptides Bio type I et de type III - Maroc Prix\" \/>\n<meta property=\"og:description\" content=\"Am\u00e9liorez la sant\u00e9 de votre peau, cheveux et articulations avec BioSchwartz Collag\u00e8ne Peptides Bio. Formul\u00e9 avec 18 acides amin\u00e9s essentiels, sans ar\u00f4me,\" \/>\n<meta property=\"og:url\" content=\"https:\/\/vitablanca.ma\/en\/product\/bioschwartz-collagene-peptides-bio-type-i-et-de-type-iii-avec-18-acides-amines-sans-arome\/\" \/>\n<meta property=\"og:site_name\" content=\"Vitablanca.ma &ndash; Sant&eacute;, vitalit&eacute; et bien-&ecirc;tre pour tous les Marocains\" \/>\n<meta property=\"article:publisher\" content=\"https:\/\/www.facebook.com\/profile.php?id=61576678196717\" \/>\n<meta property=\"article:modified_time\" content=\"2025-09-22T18:10:19+00:00\" \/>\n<meta property=\"og:image\" content=\"https:\/\/vitablanca.ma\/wp-content\/uploads\/2025\/09\/WhatsApp-Image-2025-08-26-at-15.45.20.jpeg\" \/>\n\t<meta property=\"og:image:width\" content=\"1170\" \/>\n\t<meta property=\"og:image:height\" content=\"1387\" \/>\n\t<meta property=\"og:image:type\" content=\"image\/jpeg\" \/>\n<meta name=\"twitter:card\" content=\"summary_large_image\" \/>\n<meta name=\"twitter:label1\" content=\"Est. reading time\" \/>\n\t<meta name=\"twitter:data1\" content=\"2 minutes\" \/>\n<script type=\"application\/ld+json\" class=\"yoast-schema-graph\">{\"@context\":\"https:\\\/\\\/schema.org\",\"@graph\":[{\"@type\":[\"WebPage\",\"ItemPage\"],\"@id\":\"https:\\\/\\\/vitablanca.ma\\\/produit\\\/bioschwartz-collagene-peptides-bio-type-i-et-de-type-iii-avec-18-acides-amines-sans-arome\\\/\",\"url\":\"https:\\\/\\\/vitablanca.ma\\\/produit\\\/bioschwartz-collagene-peptides-bio-type-i-et-de-type-iii-avec-18-acides-amines-sans-arome\\\/\",\"name\":\"BioSchwartz Collagene Peptides Bio type I et de type III - Maroc Prix\",\"isPartOf\":{\"@id\":\"https:\\\/\\\/vitablanca.ma\\\/#website\"},\"primaryImageOfPage\":{\"@id\":\"https:\\\/\\\/vitablanca.ma\\\/produit\\\/bioschwartz-collagene-peptides-bio-type-i-et-de-type-iii-avec-18-acides-amines-sans-arome\\\/#primaryimage\"},\"image\":{\"@id\":\"https:\\\/\\\/vitablanca.ma\\\/produit\\\/bioschwartz-collagene-peptides-bio-type-i-et-de-type-iii-avec-18-acides-amines-sans-arome\\\/#primaryimage\"},\"thumbnailUrl\":\"https:\\\/\\\/vitablanca.ma\\\/wp-content\\\/uploads\\\/2025\\\/09\\\/WhatsApp-Image-2025-08-26-at-15.45.20.jpeg\",\"datePublished\":\"2025-09-18T01:50:50+00:00\",\"dateModified\":\"2025-09-22T18:10:19+00:00\",\"description\":\"Am\u00e9liorez la sant\u00e9 de votre peau, cheveux et articulations avec BioSchwartz Collag\u00e8ne Peptides Bio. Formul\u00e9 avec 18 acides amin\u00e9s essentiels, sans ar\u00f4me,\",\"breadcrumb\":{\"@id\":\"https:\\\/\\\/vitablanca.ma\\\/produit\\\/bioschwartz-collagene-peptides-bio-type-i-et-de-type-iii-avec-18-acides-amines-sans-arome\\\/#breadcrumb\"},\"inLanguage\":\"en-US\",\"potentialAction\":[{\"@type\":\"ReadAction\",\"target\":[\"https:\\\/\\\/vitablanca.ma\\\/produit\\\/bioschwartz-collagene-peptides-bio-type-i-et-de-type-iii-avec-18-acides-amines-sans-arome\\\/\"]}]},{\"@type\":\"ImageObject\",\"inLanguage\":\"en-US\",\"@id\":\"https:\\\/\\\/vitablanca.ma\\\/produit\\\/bioschwartz-collagene-peptides-bio-type-i-et-de-type-iii-avec-18-acides-amines-sans-arome\\\/#primaryimage\",\"url\":\"https:\\\/\\\/vitablanca.ma\\\/wp-content\\\/uploads\\\/2025\\\/09\\\/WhatsApp-Image-2025-08-26-at-15.45.20.jpeg\",\"contentUrl\":\"https:\\\/\\\/vitablanca.ma\\\/wp-content\\\/uploads\\\/2025\\\/09\\\/WhatsApp-Image-2025-08-26-at-15.45.20.jpeg\",\"width\":1170,\"height\":1387},{\"@type\":\"BreadcrumbList\",\"@id\":\"https:\\\/\\\/vitablanca.ma\\\/produit\\\/bioschwartz-collagene-peptides-bio-type-i-et-de-type-iii-avec-18-acides-amines-sans-arome\\\/#breadcrumb\",\"itemListElement\":[{\"@type\":\"ListItem\",\"position\":1,\"name\":\"Home\",\"item\":\"https:\\\/\\\/vitablanca.ma\\\/\"},{\"@type\":\"ListItem\",\"position\":2,\"name\":\"Tous Les Produits\",\"item\":\"https:\\\/\\\/vitablanca.ma\\\/tous-les-produits\\\/\"},{\"@type\":\"ListItem\",\"position\":3,\"name\":\"BioSchwartz Collagene Peptides Bio type I et de type III avec 18 acides amin\u00e9s, Sans ar\u00f4me\"}]},{\"@type\":\"WebSite\",\"@id\":\"https:\\\/\\\/vitablanca.ma\\\/#website\",\"url\":\"https:\\\/\\\/vitablanca.ma\\\/\",\"name\":\"VitaBlanca.ma | Compl\u00e9ments alimentaires, sant\u00e9 & beaut\u00e9 au Maroc\",\"description\":\"vendre vitamines et compl\u00e9ments premium des USA &amp; Canada, Nouvelle Z\u00e9lande,Maroc (NOW Foods, Solgar, Manuka). Livraison rapide partout au Maroc.\",\"publisher\":{\"@id\":\"https:\\\/\\\/vitablanca.ma\\\/#organization\"},\"alternateName\":\"VitaBlanca.ma\",\"potentialAction\":[{\"@type\":\"SearchAction\",\"target\":{\"@type\":\"EntryPoint\",\"urlTemplate\":\"https:\\\/\\\/vitablanca.ma\\\/?s={search_term_string}\"},\"query-input\":{\"@type\":\"PropertyValueSpecification\",\"valueRequired\":true,\"valueName\":\"search_term_string\"}}],\"inLanguage\":\"en-US\"},{\"@type\":\"Organization\",\"@id\":\"https:\\\/\\\/vitablanca.ma\\\/#organization\",\"name\":\"VitaBlanca\",\"url\":\"https:\\\/\\\/vitablanca.ma\\\/\",\"logo\":{\"@type\":\"ImageObject\",\"inLanguage\":\"en-US\",\"@id\":\"https:\\\/\\\/vitablanca.ma\\\/#\\\/schema\\\/logo\\\/image\\\/\",\"url\":\"https:\\\/\\\/vitablanca.ma\\\/wp-content\\\/uploads\\\/2025\\\/05\\\/cropped-vitablanca.png\",\"contentUrl\":\"https:\\\/\\\/vitablanca.ma\\\/wp-content\\\/uploads\\\/2025\\\/05\\\/cropped-vitablanca.png\",\"width\":360,\"height\":67,\"caption\":\"VitaBlanca\"},\"image\":{\"@id\":\"https:\\\/\\\/vitablanca.ma\\\/#\\\/schema\\\/logo\\\/image\\\/\"},\"sameAs\":[\"https:\\\/\\\/www.facebook.com\\\/profile.php?id=61576678196717\",\"https:\\\/\\\/www.tiktok.com\\\/@vitablanca.ma\",\"https:\\\/\\\/www.instagram.com\\\/vitablanca.ma\\\/\"]}]}<\/script>\n<!-- \/ Yoast SEO plugin. -->","yoast_head_json":{"title":"BioSchwartz Collagene Peptides Bio type I et de type III - Maroc Prix","description":"Am\u00e9liorez la sant\u00e9 de votre peau, cheveux et articulations avec BioSchwartz Collag\u00e8ne Peptides Bio. Formul\u00e9 avec 18 acides amin\u00e9s essentiels, sans ar\u00f4me,","robots":{"index":"index","follow":"follow","max-snippet":"max-snippet:-1","max-image-preview":"max-image-preview:large","max-video-preview":"max-video-preview:-1"},"canonical":"https:\/\/vitablanca.ma\/en\/product\/bioschwartz-collagene-peptides-bio-type-i-et-de-type-iii-avec-18-acides-amines-sans-arome\/","og_locale":"en_US","og_type":"article","og_title":"BioSchwartz Collagene Peptides Bio type I et de type III - Maroc Prix","og_description":"Am\u00e9liorez la sant\u00e9 de votre peau, cheveux et articulations avec BioSchwartz Collag\u00e8ne Peptides Bio. Formul\u00e9 avec 18 acides amin\u00e9s essentiels, sans ar\u00f4me,","og_url":"https:\/\/vitablanca.ma\/en\/product\/bioschwartz-collagene-peptides-bio-type-i-et-de-type-iii-avec-18-acides-amines-sans-arome\/","og_site_name":"Vitablanca.ma &ndash; Sant&eacute;, vitalit&eacute; et bien-&ecirc;tre pour tous les Marocains","article_publisher":"https:\/\/www.facebook.com\/profile.php?id=61576678196717","article_modified_time":"2025-09-22T18:10:19+00:00","og_image":[{"width":1170,"height":1387,"url":"https:\/\/vitablanca.ma\/wp-content\/uploads\/2025\/09\/WhatsApp-Image-2025-08-26-at-15.45.20.jpeg","type":"image\/jpeg"}],"twitter_card":"summary_large_image","twitter_misc":{"Est. reading time":"2 minutes"},"schema":{"@context":"https:\/\/schema.org","@graph":[{"@type":["WebPage","ItemPage"],"@id":"https:\/\/vitablanca.ma\/produit\/bioschwartz-collagene-peptides-bio-type-i-et-de-type-iii-avec-18-acides-amines-sans-arome\/","url":"https:\/\/vitablanca.ma\/produit\/bioschwartz-collagene-peptides-bio-type-i-et-de-type-iii-avec-18-acides-amines-sans-arome\/","name":"BioSchwartz Collagene Peptides Bio type I et de type III - Maroc Prix","isPartOf":{"@id":"https:\/\/vitablanca.ma\/#website"},"primaryImageOfPage":{"@id":"https:\/\/vitablanca.ma\/produit\/bioschwartz-collagene-peptides-bio-type-i-et-de-type-iii-avec-18-acides-amines-sans-arome\/#primaryimage"},"image":{"@id":"https:\/\/vitablanca.ma\/produit\/bioschwartz-collagene-peptides-bio-type-i-et-de-type-iii-avec-18-acides-amines-sans-arome\/#primaryimage"},"thumbnailUrl":"https:\/\/vitablanca.ma\/wp-content\/uploads\/2025\/09\/WhatsApp-Image-2025-08-26-at-15.45.20.jpeg","datePublished":"2025-09-18T01:50:50+00:00","dateModified":"2025-09-22T18:10:19+00:00","description":"Am\u00e9liorez la sant\u00e9 de votre peau, cheveux et articulations avec BioSchwartz Collag\u00e8ne Peptides Bio. Formul\u00e9 avec 18 acides amin\u00e9s essentiels, sans ar\u00f4me,","breadcrumb":{"@id":"https:\/\/vitablanca.ma\/produit\/bioschwartz-collagene-peptides-bio-type-i-et-de-type-iii-avec-18-acides-amines-sans-arome\/#breadcrumb"},"inLanguage":"en-US","potentialAction":[{"@type":"ReadAction","target":["https:\/\/vitablanca.ma\/produit\/bioschwartz-collagene-peptides-bio-type-i-et-de-type-iii-avec-18-acides-amines-sans-arome\/"]}]},{"@type":"ImageObject","inLanguage":"en-US","@id":"https:\/\/vitablanca.ma\/produit\/bioschwartz-collagene-peptides-bio-type-i-et-de-type-iii-avec-18-acides-amines-sans-arome\/#primaryimage","url":"https:\/\/vitablanca.ma\/wp-content\/uploads\/2025\/09\/WhatsApp-Image-2025-08-26-at-15.45.20.jpeg","contentUrl":"https:\/\/vitablanca.ma\/wp-content\/uploads\/2025\/09\/WhatsApp-Image-2025-08-26-at-15.45.20.jpeg","width":1170,"height":1387},{"@type":"BreadcrumbList","@id":"https:\/\/vitablanca.ma\/produit\/bioschwartz-collagene-peptides-bio-type-i-et-de-type-iii-avec-18-acides-amines-sans-arome\/#breadcrumb","itemListElement":[{"@type":"ListItem","position":1,"name":"Home","item":"https:\/\/vitablanca.ma\/"},{"@type":"ListItem","position":2,"name":"Tous Les Produits","item":"https:\/\/vitablanca.ma\/tous-les-produits\/"},{"@type":"ListItem","position":3,"name":"BioSchwartz Collagene Peptides Bio type I et de type III avec 18 acides amin\u00e9s, Sans ar\u00f4me"}]},{"@type":"WebSite","@id":"https:\/\/vitablanca.ma\/#website","url":"https:\/\/vitablanca.ma\/","name":"VitaBlanca.ma | Food supplements, health &amp; beauty in Morocco","description":"sell premium vitamins and supplements from USA &amp; Canada, New Zealand, Morocco (NOW Foods, Solgar, Manuka). Fast delivery anywhere in Morocco.","publisher":{"@id":"https:\/\/vitablanca.ma\/#organization"},"alternateName":"VitaBlanca.ma","potentialAction":[{"@type":"SearchAction","target":{"@type":"EntryPoint","urlTemplate":"https:\/\/vitablanca.ma\/?s={search_term_string}"},"query-input":{"@type":"PropertyValueSpecification","valueRequired":true,"valueName":"search_term_string"}}],"inLanguage":"en-US"},{"@type":"Organization","@id":"https:\/\/vitablanca.ma\/#organization","name":"VitaBlanca","url":"https:\/\/vitablanca.ma\/","logo":{"@type":"ImageObject","inLanguage":"en-US","@id":"https:\/\/vitablanca.ma\/#\/schema\/logo\/image\/","url":"https:\/\/vitablanca.ma\/wp-content\/uploads\/2025\/05\/cropped-vitablanca.png","contentUrl":"https:\/\/vitablanca.ma\/wp-content\/uploads\/2025\/05\/cropped-vitablanca.png","width":360,"height":67,"caption":"VitaBlanca"},"image":{"@id":"https:\/\/vitablanca.ma\/#\/schema\/logo\/image\/"},"sameAs":["https:\/\/www.facebook.com\/profile.php?id=61576678196717","https:\/\/www.tiktok.com\/@vitablanca.ma","https:\/\/www.instagram.com\/vitablanca.ma\/"]}]}},"jetpack_sharing_enabled":true,"_links":{"self":[{"href":"https:\/\/vitablanca.ma\/en\/wp-json\/wp\/v2\/product\/25510","targetHints":{"allow":["GET"]}}],"collection":[{"href":"https:\/\/vitablanca.ma\/en\/wp-json\/wp\/v2\/product"}],"about":[{"href":"https:\/\/vitablanca.ma\/en\/wp-json\/wp\/v2\/types\/product"}],"wp:featuredmedia":[{"embeddable":true,"href":"https:\/\/vitablanca.ma\/en\/wp-json\/wp\/v2\/media\/25595"}],"wp:attachment":[{"href":"https:\/\/vitablanca.ma\/en\/wp-json\/wp\/v2\/media?parent=25510"}],"wp:term":[{"taxonomy":"product_brand","embeddable":true,"href":"https:\/\/vitablanca.ma\/en\/wp-json\/wp\/v2\/product_brand?post=25510"},{"taxonomy":"product_cat","embeddable":true,"href":"https:\/\/vitablanca.ma\/en\/wp-json\/wp\/v2\/product_cat?post=25510"},{"taxonomy":"product_tag","embeddable":true,"href":"https:\/\/vitablanca.ma\/en\/wp-json\/wp\/v2\/product_tag?post=25510"}],"curies":[{"name":"wp","href":"https:\/\/api.w.org\/{rel}","templated":true}]}}