{"id":25509,"date":"2025-09-18T01:50:50","date_gmt":"2025-09-18T01:50:50","guid":{"rendered":"https:\/\/vitablanca.ma\/?post_type=product&#038;p=25509"},"modified":"2025-09-22T18:10:18","modified_gmt":"2025-09-22T18:10:18","slug":"now-foods-ginseng-et-gelee-royale-ginseng-royal-jelly-90-capsules","status":"publish","type":"product","link":"https:\/\/vitablanca.ma\/en\/product\/now-foods-ginseng-et-gelee-royale-ginseng-royal-jelly-90-capsules\/","title":{"rendered":"Now Foods Ginseng et Royal Jelly (Gel\u00e9e Royale) , 90 Capsules"},"content":{"rendered":"<p data-start=\"126\" data-end=\"546\"><strong data-start=\"126\" data-end=\"162\">Now Foods Ginseng et Royal Jelly<\/strong> combine les bienfaits du <strong data-start=\"188\" data-end=\"199\">ginseng<\/strong> and of the <strong data-start=\"209\" data-end=\"225\">gel\u00e9e royale<\/strong> dans une formule puissante pour soutenir l&rsquo;\u00e9nergie, la vitalit\u00e9 et le bien-\u00eatre g\u00e9n\u00e9ral. Chaque capsule contient une dose concentr\u00e9e de ginseng, une plante adaptog\u00e8ne reconnue pour ses effets tonifiants, et de la gel\u00e9e royale, un superaliment riche en nutriments qui stimule le syst\u00e8me immunitaire et favorise l&rsquo;\u00e9nergie.<\/p>\n<ul data-start=\"548\" data-end=\"1693\">\n<li data-start=\"548\" data-end=\"852\">\n<p data-start=\"550\" data-end=\"852\"><strong data-start=\"550\" data-end=\"590\">Soutien \u00e0 l&rsquo;\u00c9nergie et \u00e0 la Vitalit\u00e9<\/strong> : Le <strong data-start=\"596\" data-end=\"607\">ginseng<\/strong> est traditionnellement utilis\u00e9 pour am\u00e9liorer l&rsquo;\u00e9nergie, la concentration et la r\u00e9sistance au stress, tandis que la <strong data-start=\"724\" data-end=\"740\">gel\u00e9e royale<\/strong> offre une richesse en vitamines et min\u00e9raux qui soutient l&rsquo;endurance et la vitalit\u00e9 tout au long de la journ\u00e9e.<\/p>\n<\/li>\n<li data-start=\"853\" data-end=\"1101\">\n<p data-start=\"855\" data-end=\"1101\"><strong data-start=\"855\" data-end=\"894\">Renforcement du Syst\u00e8me Immunitaire<\/strong> : La <strong data-start=\"900\" data-end=\"916\">gel\u00e9e royale<\/strong> est un superaliment naturel qui aide \u00e0 renforcer le syst\u00e8me immunitaire gr\u00e2ce \u00e0 ses propri\u00e9t\u00e9s nutritionnelles exceptionnelles, favorisant une meilleure r\u00e9sistance face aux infections.<\/p>\n<\/li>\n<li data-start=\"1102\" data-end=\"1300\">\n<p data-start=\"1104\" data-end=\"1300\"><strong data-start=\"1104\" data-end=\"1148\">Am\u00e9lioration de la Performance Cognitive<\/strong> : Le ginseng est \u00e9galement connu pour ses effets positifs sur la m\u00e9moire, la concentration et la clart\u00e9 mentale, soutenant ainsi la fonction cognitive.<\/p>\n<\/li>\n<li data-start=\"1301\" data-end=\"1491\">\n<p data-start=\"1303\" data-end=\"1491\"><strong data-start=\"1303\" data-end=\"1323\">Formule Compl\u00e8te<\/strong> : Ce suppl\u00e9ment combine ces deux ingr\u00e9dients puissants dans une capsule facile \u00e0 prendre, pour un soutien optimal \u00e0 l\u2019\u00e9nergie et \u00e0 la vitalit\u00e9, sans additifs inutiles.<\/p>\n<\/li>\n<li data-start=\"1492\" data-end=\"1693\">\n<p data-start=\"1494\" data-end=\"1693\"><strong data-start=\"1494\" data-end=\"1516\">Soutien Adaptog\u00e8ne<\/strong> : Le ginseng, en tant qu\u2019adaptog\u00e8ne, aide \u00e0 r\u00e9guler les r\u00e9ponses du corps au stress, vous aidant \u00e0 maintenir votre \u00e9nergie et votre bien-\u00eatre g\u00e9n\u00e9ral face aux d\u00e9fis quotidiens.<\/p>\n<\/li>\n<\/ul>\n<p data-start=\"1695\" data-end=\"1844\"><strong data-start=\"1695\" data-end=\"1710\">Use<\/strong> : Prenez 1 capsule 1 \u00e0 2 fois par jour, de pr\u00e9f\u00e9rence pendant les repas, ou selon les recommandations d&rsquo;un professionnel de la sant\u00e9.<\/p>\n<h3 data-start=\"1846\" data-end=\"1864\"><strong data-start=\"1850\" data-end=\"1863\">Benefits<\/strong>:<\/h3>\n<ul data-start=\"1865\" data-end=\"2159\">\n<li data-start=\"1865\" data-end=\"1931\">\n<p data-start=\"1867\" data-end=\"1931\"><strong data-start=\"1867\" data-end=\"1889\">Supports energy<\/strong> et la vitalit\u00e9 pour un bien-\u00eatre g\u00e9n\u00e9ral.<\/p>\n<\/li>\n<li data-start=\"1932\" data-end=\"2020\">\n<p data-start=\"1934\" data-end=\"2020\"><strong data-start=\"1934\" data-end=\"1969\">Strengthens the immune system<\/strong> avec les propri\u00e9t\u00e9s nutritives de la gel\u00e9e royale.<\/p>\n<\/li>\n<li data-start=\"2021\" data-end=\"2095\">\n<p data-start=\"2023\" data-end=\"2095\"><strong data-start=\"2023\" data-end=\"2057\">Am\u00e9liore la fonction cognitive<\/strong> et la concentration gr\u00e2ce au ginseng.<\/p>\n<\/li>\n<li data-start=\"2096\" data-end=\"2159\">\n<p data-start=\"2098\" data-end=\"2159\"><strong data-start=\"2098\" data-end=\"2119\">Formule naturelle<\/strong> pour un soutien sans additifs inutiles.<\/p>\n<\/li>\n<\/ul>\n<p data-start=\"2161\" data-end=\"2374\" data-is-last-node=\"\" data-is-only-node=\"\"><strong data-start=\"2161\" data-end=\"2197\">Now Foods Ginseng et Royal Jelly<\/strong> est un excellent choix pour ceux qui cherchent \u00e0 am\u00e9liorer leur \u00e9nergie, renforcer leur syst\u00e8me immunitaire et soutenir leur bien-\u00eatre g\u00e9n\u00e9ral de mani\u00e8re naturelle et efficace.<\/p>","protected":false},"excerpt":{"rendered":"<ul>\n<li>M\u00e9lange adaptog\u00e8ne<\/li>\n<li>Favorise le bien-\u00eatre<\/li>\n<li>\u00c0 base de racine de r\u00e9glisse<\/li>\n<li>GMO-free<\/li>\n<li>Food supplement<\/li>\n<li>Kosher<\/li>\n<li>Plants\/Herbs<\/li>\n<li>Family business since 1968<\/li>\n<li>GMP quality guaranteed<\/li>\n<\/ul>","protected":false},"featured_media":25592,"template":"","meta":{"om_disable_all_campaigns":false},"product_brand":[83],"product_cat":[18,3366],"product_tag":[3861,3862,3863,3864,3865,3866],"class_list":{"0":"post-25509","1":"product","2":"type-product","3":"status-publish","4":"has-post-thumbnail","6":"product_brand-now-foods-maroc-prix","7":"product_cat-beaute-sante","8":"product_cat-complements-alimentaires-au-maroc-vitablanca","9":"product_tag-complement-anti-stress-naturel","10":"product_tag-complement-ginseng-vitalite","11":"product_tag-gelee-royale-energie-et-immunite","12":"product_tag-ginseng-gelee-royale-now-foods-90-capsules","13":"product_tag-now-foods-ginseng-gelee-royale","14":"product_tag-tonique-naturel-contre-la-fatigue","16":"first","17":"instock","18":"taxable","19":"shipping-taxable","20":"purchasable","21":"product-type-simple"},"yoast_head":"<!-- This site is optimized with the Yoast SEO plugin v27.3 - https:\/\/yoast.com\/product\/yoast-seo-wordpress\/ -->\n<title>Now Foods Ginseng et Royal Jelly (Gel\u00e9e Royale) - Maroc Prix<\/title>\n<meta name=\"description\" content=\"D\u00e9couvrez Now Foods Ginseng et Royal Jelly, 90 capsules, un suppl\u00e9ment naturel pour augmenter l&#039;\u00e9nergie, am\u00e9liorer la vitalit\u00e9 et renforcer le syst\u00e8me\" \/>\n<meta name=\"robots\" content=\"index, follow, max-snippet:-1, max-image-preview:large, max-video-preview:-1\" \/>\n<link rel=\"canonical\" href=\"https:\/\/vitablanca.ma\/en\/product\/now-foods-ginseng-et-gelee-royale-ginseng-royal-jelly-90-capsules\/\" \/>\n<meta property=\"og:locale\" content=\"en_US\" \/>\n<meta property=\"og:type\" content=\"article\" \/>\n<meta property=\"og:title\" content=\"Now Foods Ginseng et Royal Jelly (Gel\u00e9e Royale) - Maroc Prix\" \/>\n<meta property=\"og:description\" content=\"D\u00e9couvrez Now Foods Ginseng et Royal Jelly, 90 capsules, un suppl\u00e9ment naturel pour augmenter l&#039;\u00e9nergie, am\u00e9liorer la vitalit\u00e9 et renforcer le syst\u00e8me\" \/>\n<meta property=\"og:url\" content=\"https:\/\/vitablanca.ma\/en\/product\/now-foods-ginseng-et-gelee-royale-ginseng-royal-jelly-90-capsules\/\" \/>\n<meta property=\"og:site_name\" content=\"Vitablanca.ma &ndash; Sant&eacute;, vitalit&eacute; et bien-&ecirc;tre pour tous les Marocains\" \/>\n<meta property=\"article:publisher\" content=\"https:\/\/www.facebook.com\/profile.php?id=61576678196717\" \/>\n<meta property=\"article:modified_time\" content=\"2025-09-22T18:10:18+00:00\" \/>\n<meta property=\"og:image\" content=\"https:\/\/vitablanca.ma\/wp-content\/uploads\/2025\/09\/Now-Foods-Ginseng-et-Gelee-Royale-Ginseng-Royal-Jelly-90-Capsules.jpg\" \/>\n\t<meta property=\"og:image:width\" content=\"680\" \/>\n\t<meta property=\"og:image:height\" content=\"680\" \/>\n\t<meta property=\"og:image:type\" content=\"image\/jpeg\" \/>\n<meta name=\"twitter:card\" content=\"summary_large_image\" \/>\n<meta name=\"twitter:label1\" content=\"Est. reading time\" \/>\n\t<meta name=\"twitter:data1\" content=\"2 minutes\" \/>\n<script type=\"application\/ld+json\" class=\"yoast-schema-graph\">{\"@context\":\"https:\\\/\\\/schema.org\",\"@graph\":[{\"@type\":[\"WebPage\",\"ItemPage\"],\"@id\":\"https:\\\/\\\/vitablanca.ma\\\/produit\\\/now-foods-ginseng-et-gelee-royale-ginseng-royal-jelly-90-capsules\\\/\",\"url\":\"https:\\\/\\\/vitablanca.ma\\\/produit\\\/now-foods-ginseng-et-gelee-royale-ginseng-royal-jelly-90-capsules\\\/\",\"name\":\"Now Foods Ginseng et Royal Jelly (Gel\u00e9e Royale) - Maroc Prix\",\"isPartOf\":{\"@id\":\"https:\\\/\\\/vitablanca.ma\\\/#website\"},\"primaryImageOfPage\":{\"@id\":\"https:\\\/\\\/vitablanca.ma\\\/produit\\\/now-foods-ginseng-et-gelee-royale-ginseng-royal-jelly-90-capsules\\\/#primaryimage\"},\"image\":{\"@id\":\"https:\\\/\\\/vitablanca.ma\\\/produit\\\/now-foods-ginseng-et-gelee-royale-ginseng-royal-jelly-90-capsules\\\/#primaryimage\"},\"thumbnailUrl\":\"https:\\\/\\\/vitablanca.ma\\\/wp-content\\\/uploads\\\/2025\\\/09\\\/Now-Foods-Ginseng-et-Gelee-Royale-Ginseng-Royal-Jelly-90-Capsules.jpg\",\"datePublished\":\"2025-09-18T01:50:50+00:00\",\"dateModified\":\"2025-09-22T18:10:18+00:00\",\"description\":\"D\u00e9couvrez Now Foods Ginseng et Royal Jelly, 90 capsules, un suppl\u00e9ment naturel pour augmenter l'\u00e9nergie, am\u00e9liorer la vitalit\u00e9 et renforcer le syst\u00e8me\",\"breadcrumb\":{\"@id\":\"https:\\\/\\\/vitablanca.ma\\\/produit\\\/now-foods-ginseng-et-gelee-royale-ginseng-royal-jelly-90-capsules\\\/#breadcrumb\"},\"inLanguage\":\"en-US\",\"potentialAction\":[{\"@type\":\"ReadAction\",\"target\":[\"https:\\\/\\\/vitablanca.ma\\\/produit\\\/now-foods-ginseng-et-gelee-royale-ginseng-royal-jelly-90-capsules\\\/\"]}]},{\"@type\":\"ImageObject\",\"inLanguage\":\"en-US\",\"@id\":\"https:\\\/\\\/vitablanca.ma\\\/produit\\\/now-foods-ginseng-et-gelee-royale-ginseng-royal-jelly-90-capsules\\\/#primaryimage\",\"url\":\"https:\\\/\\\/vitablanca.ma\\\/wp-content\\\/uploads\\\/2025\\\/09\\\/Now-Foods-Ginseng-et-Gelee-Royale-Ginseng-Royal-Jelly-90-Capsules.jpg\",\"contentUrl\":\"https:\\\/\\\/vitablanca.ma\\\/wp-content\\\/uploads\\\/2025\\\/09\\\/Now-Foods-Ginseng-et-Gelee-Royale-Ginseng-Royal-Jelly-90-Capsules.jpg\",\"width\":680,\"height\":680},{\"@type\":\"BreadcrumbList\",\"@id\":\"https:\\\/\\\/vitablanca.ma\\\/produit\\\/now-foods-ginseng-et-gelee-royale-ginseng-royal-jelly-90-capsules\\\/#breadcrumb\",\"itemListElement\":[{\"@type\":\"ListItem\",\"position\":1,\"name\":\"Home\",\"item\":\"https:\\\/\\\/vitablanca.ma\\\/\"},{\"@type\":\"ListItem\",\"position\":2,\"name\":\"Tous Les Produits\",\"item\":\"https:\\\/\\\/vitablanca.ma\\\/tous-les-produits\\\/\"},{\"@type\":\"ListItem\",\"position\":3,\"name\":\"Now Foods Ginseng et Royal Jelly (Gel\u00e9e Royale) , 90 Capsules\"}]},{\"@type\":\"WebSite\",\"@id\":\"https:\\\/\\\/vitablanca.ma\\\/#website\",\"url\":\"https:\\\/\\\/vitablanca.ma\\\/\",\"name\":\"VitaBlanca.ma | Compl\u00e9ments alimentaires, sant\u00e9 & beaut\u00e9 au Maroc\",\"description\":\"vendre vitamines et compl\u00e9ments premium des USA &amp; Canada, Nouvelle Z\u00e9lande,Maroc (NOW Foods, Solgar, Manuka). Livraison rapide partout au Maroc.\",\"publisher\":{\"@id\":\"https:\\\/\\\/vitablanca.ma\\\/#organization\"},\"alternateName\":\"VitaBlanca.ma\",\"potentialAction\":[{\"@type\":\"SearchAction\",\"target\":{\"@type\":\"EntryPoint\",\"urlTemplate\":\"https:\\\/\\\/vitablanca.ma\\\/?s={search_term_string}\"},\"query-input\":{\"@type\":\"PropertyValueSpecification\",\"valueRequired\":true,\"valueName\":\"search_term_string\"}}],\"inLanguage\":\"en-US\"},{\"@type\":\"Organization\",\"@id\":\"https:\\\/\\\/vitablanca.ma\\\/#organization\",\"name\":\"VitaBlanca\",\"url\":\"https:\\\/\\\/vitablanca.ma\\\/\",\"logo\":{\"@type\":\"ImageObject\",\"inLanguage\":\"en-US\",\"@id\":\"https:\\\/\\\/vitablanca.ma\\\/#\\\/schema\\\/logo\\\/image\\\/\",\"url\":\"https:\\\/\\\/vitablanca.ma\\\/wp-content\\\/uploads\\\/2025\\\/05\\\/cropped-vitablanca.png\",\"contentUrl\":\"https:\\\/\\\/vitablanca.ma\\\/wp-content\\\/uploads\\\/2025\\\/05\\\/cropped-vitablanca.png\",\"width\":360,\"height\":67,\"caption\":\"VitaBlanca\"},\"image\":{\"@id\":\"https:\\\/\\\/vitablanca.ma\\\/#\\\/schema\\\/logo\\\/image\\\/\"},\"sameAs\":[\"https:\\\/\\\/www.facebook.com\\\/profile.php?id=61576678196717\",\"https:\\\/\\\/www.tiktok.com\\\/@vitablanca.ma\",\"https:\\\/\\\/www.instagram.com\\\/vitablanca.ma\\\/\"]}]}<\/script>\n<!-- \/ Yoast SEO plugin. -->","yoast_head_json":{"title":"Now Foods Ginseng et Royal Jelly (Gel\u00e9e Royale) - Maroc Prix","description":"D\u00e9couvrez Now Foods Ginseng et Royal Jelly, 90 capsules, un suppl\u00e9ment naturel pour augmenter l'\u00e9nergie, am\u00e9liorer la vitalit\u00e9 et renforcer le syst\u00e8me","robots":{"index":"index","follow":"follow","max-snippet":"max-snippet:-1","max-image-preview":"max-image-preview:large","max-video-preview":"max-video-preview:-1"},"canonical":"https:\/\/vitablanca.ma\/en\/product\/now-foods-ginseng-et-gelee-royale-ginseng-royal-jelly-90-capsules\/","og_locale":"en_US","og_type":"article","og_title":"Now Foods Ginseng et Royal Jelly (Gel\u00e9e Royale) - Maroc Prix","og_description":"D\u00e9couvrez Now Foods Ginseng et Royal Jelly, 90 capsules, un suppl\u00e9ment naturel pour augmenter l'\u00e9nergie, am\u00e9liorer la vitalit\u00e9 et renforcer le syst\u00e8me","og_url":"https:\/\/vitablanca.ma\/en\/product\/now-foods-ginseng-et-gelee-royale-ginseng-royal-jelly-90-capsules\/","og_site_name":"Vitablanca.ma &ndash; Sant&eacute;, vitalit&eacute; et bien-&ecirc;tre pour tous les Marocains","article_publisher":"https:\/\/www.facebook.com\/profile.php?id=61576678196717","article_modified_time":"2025-09-22T18:10:18+00:00","og_image":[{"width":680,"height":680,"url":"https:\/\/vitablanca.ma\/wp-content\/uploads\/2025\/09\/Now-Foods-Ginseng-et-Gelee-Royale-Ginseng-Royal-Jelly-90-Capsules.jpg","type":"image\/jpeg"}],"twitter_card":"summary_large_image","twitter_misc":{"Est. reading time":"2 minutes"},"schema":{"@context":"https:\/\/schema.org","@graph":[{"@type":["WebPage","ItemPage"],"@id":"https:\/\/vitablanca.ma\/produit\/now-foods-ginseng-et-gelee-royale-ginseng-royal-jelly-90-capsules\/","url":"https:\/\/vitablanca.ma\/produit\/now-foods-ginseng-et-gelee-royale-ginseng-royal-jelly-90-capsules\/","name":"Now Foods Ginseng et Royal Jelly (Gel\u00e9e Royale) - Maroc Prix","isPartOf":{"@id":"https:\/\/vitablanca.ma\/#website"},"primaryImageOfPage":{"@id":"https:\/\/vitablanca.ma\/produit\/now-foods-ginseng-et-gelee-royale-ginseng-royal-jelly-90-capsules\/#primaryimage"},"image":{"@id":"https:\/\/vitablanca.ma\/produit\/now-foods-ginseng-et-gelee-royale-ginseng-royal-jelly-90-capsules\/#primaryimage"},"thumbnailUrl":"https:\/\/vitablanca.ma\/wp-content\/uploads\/2025\/09\/Now-Foods-Ginseng-et-Gelee-Royale-Ginseng-Royal-Jelly-90-Capsules.jpg","datePublished":"2025-09-18T01:50:50+00:00","dateModified":"2025-09-22T18:10:18+00:00","description":"D\u00e9couvrez Now Foods Ginseng et Royal Jelly, 90 capsules, un suppl\u00e9ment naturel pour augmenter l'\u00e9nergie, am\u00e9liorer la vitalit\u00e9 et renforcer le syst\u00e8me","breadcrumb":{"@id":"https:\/\/vitablanca.ma\/produit\/now-foods-ginseng-et-gelee-royale-ginseng-royal-jelly-90-capsules\/#breadcrumb"},"inLanguage":"en-US","potentialAction":[{"@type":"ReadAction","target":["https:\/\/vitablanca.ma\/produit\/now-foods-ginseng-et-gelee-royale-ginseng-royal-jelly-90-capsules\/"]}]},{"@type":"ImageObject","inLanguage":"en-US","@id":"https:\/\/vitablanca.ma\/produit\/now-foods-ginseng-et-gelee-royale-ginseng-royal-jelly-90-capsules\/#primaryimage","url":"https:\/\/vitablanca.ma\/wp-content\/uploads\/2025\/09\/Now-Foods-Ginseng-et-Gelee-Royale-Ginseng-Royal-Jelly-90-Capsules.jpg","contentUrl":"https:\/\/vitablanca.ma\/wp-content\/uploads\/2025\/09\/Now-Foods-Ginseng-et-Gelee-Royale-Ginseng-Royal-Jelly-90-Capsules.jpg","width":680,"height":680},{"@type":"BreadcrumbList","@id":"https:\/\/vitablanca.ma\/produit\/now-foods-ginseng-et-gelee-royale-ginseng-royal-jelly-90-capsules\/#breadcrumb","itemListElement":[{"@type":"ListItem","position":1,"name":"Home","item":"https:\/\/vitablanca.ma\/"},{"@type":"ListItem","position":2,"name":"Tous Les Produits","item":"https:\/\/vitablanca.ma\/tous-les-produits\/"},{"@type":"ListItem","position":3,"name":"Now Foods Ginseng et Royal Jelly (Gel\u00e9e Royale) , 90 Capsules"}]},{"@type":"WebSite","@id":"https:\/\/vitablanca.ma\/#website","url":"https:\/\/vitablanca.ma\/","name":"VitaBlanca.ma | Food supplements, health &amp; beauty in Morocco","description":"sell premium vitamins and supplements from USA &amp; Canada, New Zealand, Morocco (NOW Foods, Solgar, Manuka). Fast delivery anywhere in Morocco.","publisher":{"@id":"https:\/\/vitablanca.ma\/#organization"},"alternateName":"VitaBlanca.ma","potentialAction":[{"@type":"SearchAction","target":{"@type":"EntryPoint","urlTemplate":"https:\/\/vitablanca.ma\/?s={search_term_string}"},"query-input":{"@type":"PropertyValueSpecification","valueRequired":true,"valueName":"search_term_string"}}],"inLanguage":"en-US"},{"@type":"Organization","@id":"https:\/\/vitablanca.ma\/#organization","name":"VitaBlanca","url":"https:\/\/vitablanca.ma\/","logo":{"@type":"ImageObject","inLanguage":"en-US","@id":"https:\/\/vitablanca.ma\/#\/schema\/logo\/image\/","url":"https:\/\/vitablanca.ma\/wp-content\/uploads\/2025\/05\/cropped-vitablanca.png","contentUrl":"https:\/\/vitablanca.ma\/wp-content\/uploads\/2025\/05\/cropped-vitablanca.png","width":360,"height":67,"caption":"VitaBlanca"},"image":{"@id":"https:\/\/vitablanca.ma\/#\/schema\/logo\/image\/"},"sameAs":["https:\/\/www.facebook.com\/profile.php?id=61576678196717","https:\/\/www.tiktok.com\/@vitablanca.ma","https:\/\/www.instagram.com\/vitablanca.ma\/"]}]}},"jetpack_sharing_enabled":true,"_links":{"self":[{"href":"https:\/\/vitablanca.ma\/en\/wp-json\/wp\/v2\/product\/25509","targetHints":{"allow":["GET"]}}],"collection":[{"href":"https:\/\/vitablanca.ma\/en\/wp-json\/wp\/v2\/product"}],"about":[{"href":"https:\/\/vitablanca.ma\/en\/wp-json\/wp\/v2\/types\/product"}],"wp:featuredmedia":[{"embeddable":true,"href":"https:\/\/vitablanca.ma\/en\/wp-json\/wp\/v2\/media\/25592"}],"wp:attachment":[{"href":"https:\/\/vitablanca.ma\/en\/wp-json\/wp\/v2\/media?parent=25509"}],"wp:term":[{"taxonomy":"product_brand","embeddable":true,"href":"https:\/\/vitablanca.ma\/en\/wp-json\/wp\/v2\/product_brand?post=25509"},{"taxonomy":"product_cat","embeddable":true,"href":"https:\/\/vitablanca.ma\/en\/wp-json\/wp\/v2\/product_cat?post=25509"},{"taxonomy":"product_tag","embeddable":true,"href":"https:\/\/vitablanca.ma\/en\/wp-json\/wp\/v2\/product_tag?post=25509"}],"curies":[{"name":"wp","href":"https:\/\/api.w.org\/{rel}","templated":true}]}}