{"id":25507,"date":"2025-09-18T01:50:50","date_gmt":"2025-09-18T01:50:50","guid":{"rendered":"https:\/\/vitablanca.ma\/?post_type=product&#038;p=25507"},"modified":"2026-01-23T11:16:29","modified_gmt":"2026-01-23T11:16:29","slug":"now-foods-milk-thistle-extract-750mg-silymarin-600mg-maximum-strength","status":"publish","type":"product","link":"https:\/\/vitablanca.ma\/en\/product\/now-foods-milk-thistle-extract-750mg-silymarin-600mg-maximum-strength\/","title":{"rendered":"Now Foods Milk thistle extract 750mg silymarin 600mg. 90 Capsules"},"content":{"rendered":"<p>La silymarine, \u00e9galement connue sous le nom de chardon-Marie, est utilis\u00e9e par les herboristes traditionnels depuis des si\u00e8cles. Des \u00e9tudes scientifiques ont indiqu\u00e9 que les composants de la silymarine peuvent aider \u00e0 soutenir une fonction h\u00e9patique saine. Cette formule v\u00e9g\u00e9tarienne comprend \u00e9galement de l\u2019artichaut & du pissenlit pour un soutien suppl\u00e9mentaire.<\/p>","protected":false},"excerpt":{"rendered":"<ul>\n<li>Double efficiency<\/li>\n<li>Extrait de chardon-Marie<\/li>\n<li>Supports liver function<\/li>\n<li>Made with artichoke &amp; dandelion<\/li>\n<li>GMO-free<\/li>\n<li>Food supplement<\/li>\n<li>Vegetarian\/Vegan<\/li>\n<li>Plants\/Herbs<\/li>\n<\/ul>","protected":false},"featured_media":25566,"template":"","meta":{"om_disable_all_campaigns":false},"product_brand":[83],"product_cat":[18,3366],"product_tag":[3850,3851,3852,3853,3854],"class_list":{"0":"post-25507","1":"product","2":"type-product","3":"status-publish","4":"has-post-thumbnail","6":"product_brand-now-foods-maroc-prix","7":"product_cat-beaute-sante","8":"product_cat-complements-alimentaires-au-maroc-vitablanca","9":"product_tag-chardon-marie-750-mg-600-mg-silymarine","10":"product_tag-complement-foie-detox","11":"product_tag-now-foods-milk-thistle","12":"product_tag-now-foods-silymarine","13":"product_tag-soutien-hepatique-naturel","15":"first","16":"instock","17":"taxable","18":"shipping-taxable","19":"purchasable","20":"product-type-simple"},"yoast_head":"<!-- This site is optimized with the Yoast SEO plugin v27.5 - https:\/\/yoast.com\/product\/yoast-seo-wordpress\/ -->\n<title>Now Foods Milk thistle extract 750mg silymarin 600mg - Maroc Prix<\/title>\n<meta name=\"description\" content=\"D\u00e9couvrez Now Foods Milk Thistle Extract 750 mg (Silymarin 600 mg), 90 capsules, un suppl\u00e9ment \u00e0 haute puissance pour soutenir la sant\u00e9 du foie.\" \/>\n<meta name=\"robots\" content=\"index, follow, max-snippet:-1, max-image-preview:large, max-video-preview:-1\" \/>\n<link rel=\"canonical\" href=\"https:\/\/vitablanca.ma\/en\/product\/now-foods-milk-thistle-extract-750mg-silymarin-600mg-maximum-strength\/\" \/>\n<meta property=\"og:locale\" content=\"en_US\" \/>\n<meta property=\"og:type\" content=\"article\" \/>\n<meta property=\"og:title\" content=\"Now Foods Milk thistle extract 750mg silymarin 600mg - Maroc Prix\" \/>\n<meta property=\"og:description\" content=\"D\u00e9couvrez Now Foods Milk Thistle Extract 750 mg (Silymarin 600 mg), 90 capsules, un suppl\u00e9ment \u00e0 haute puissance pour soutenir la sant\u00e9 du foie.\" \/>\n<meta property=\"og:url\" content=\"https:\/\/vitablanca.ma\/en\/product\/now-foods-milk-thistle-extract-750mg-silymarin-600mg-maximum-strength\/\" \/>\n<meta property=\"og:site_name\" content=\"Vitablanca.ma &ndash; Sant&eacute;, vitalit&eacute; et bien-&ecirc;tre pour tous les Marocains\" \/>\n<meta property=\"article:publisher\" content=\"https:\/\/www.facebook.com\/profile.php?id=61576678196717\" \/>\n<meta property=\"article:modified_time\" content=\"2026-01-23T11:16:29+00:00\" \/>\n<meta property=\"og:image\" content=\"https:\/\/vitablanca.ma\/wp-content\/uploads\/2025\/09\/Now-Foods-Milk-thistle-extract-750mg-silymarin-600mg.-Maximum-strength.jpg\" \/>\n\t<meta property=\"og:image:width\" content=\"680\" \/>\n\t<meta property=\"og:image:height\" content=\"680\" \/>\n\t<meta property=\"og:image:type\" content=\"image\/jpeg\" \/>\n<meta name=\"twitter:card\" content=\"summary_large_image\" \/>\n<meta name=\"twitter:label1\" content=\"Est. reading time\" \/>\n\t<meta name=\"twitter:data1\" content=\"1 minute\" \/>\n<script type=\"application\/ld+json\" class=\"yoast-schema-graph\">{\"@context\":\"https:\\\/\\\/schema.org\",\"@graph\":[{\"@type\":[\"WebPage\",\"ItemPage\"],\"@id\":\"https:\\\/\\\/vitablanca.ma\\\/produit\\\/now-foods-milk-thistle-extract-750mg-silymarin-600mg-maximum-strength\\\/\",\"url\":\"https:\\\/\\\/vitablanca.ma\\\/produit\\\/now-foods-milk-thistle-extract-750mg-silymarin-600mg-maximum-strength\\\/\",\"name\":\"Now Foods Milk thistle extract 750mg silymarin 600mg - Maroc Prix\",\"isPartOf\":{\"@id\":\"https:\\\/\\\/vitablanca.ma\\\/#website\"},\"primaryImageOfPage\":{\"@id\":\"https:\\\/\\\/vitablanca.ma\\\/produit\\\/now-foods-milk-thistle-extract-750mg-silymarin-600mg-maximum-strength\\\/#primaryimage\"},\"image\":{\"@id\":\"https:\\\/\\\/vitablanca.ma\\\/produit\\\/now-foods-milk-thistle-extract-750mg-silymarin-600mg-maximum-strength\\\/#primaryimage\"},\"thumbnailUrl\":\"https:\\\/\\\/vitablanca.ma\\\/wp-content\\\/uploads\\\/2025\\\/09\\\/Now-Foods-Milk-thistle-extract-750mg-silymarin-600mg.-Maximum-strength.jpg\",\"datePublished\":\"2025-09-18T01:50:50+00:00\",\"dateModified\":\"2026-01-23T11:16:29+00:00\",\"description\":\"D\u00e9couvrez Now Foods Milk Thistle Extract 750 mg (Silymarin 600 mg), 90 capsules, un suppl\u00e9ment \u00e0 haute puissance pour soutenir la sant\u00e9 du foie.\",\"breadcrumb\":{\"@id\":\"https:\\\/\\\/vitablanca.ma\\\/produit\\\/now-foods-milk-thistle-extract-750mg-silymarin-600mg-maximum-strength\\\/#breadcrumb\"},\"inLanguage\":\"en-US\",\"potentialAction\":[{\"@type\":\"ReadAction\",\"target\":[\"https:\\\/\\\/vitablanca.ma\\\/produit\\\/now-foods-milk-thistle-extract-750mg-silymarin-600mg-maximum-strength\\\/\"]}]},{\"@type\":\"ImageObject\",\"inLanguage\":\"en-US\",\"@id\":\"https:\\\/\\\/vitablanca.ma\\\/produit\\\/now-foods-milk-thistle-extract-750mg-silymarin-600mg-maximum-strength\\\/#primaryimage\",\"url\":\"https:\\\/\\\/vitablanca.ma\\\/wp-content\\\/uploads\\\/2025\\\/09\\\/Now-Foods-Milk-thistle-extract-750mg-silymarin-600mg.-Maximum-strength.jpg\",\"contentUrl\":\"https:\\\/\\\/vitablanca.ma\\\/wp-content\\\/uploads\\\/2025\\\/09\\\/Now-Foods-Milk-thistle-extract-750mg-silymarin-600mg.-Maximum-strength.jpg\",\"width\":680,\"height\":680},{\"@type\":\"BreadcrumbList\",\"@id\":\"https:\\\/\\\/vitablanca.ma\\\/produit\\\/now-foods-milk-thistle-extract-750mg-silymarin-600mg-maximum-strength\\\/#breadcrumb\",\"itemListElement\":[{\"@type\":\"ListItem\",\"position\":1,\"name\":\"Home\",\"item\":\"https:\\\/\\\/vitablanca.ma\\\/\"},{\"@type\":\"ListItem\",\"position\":2,\"name\":\"Tous Les Produits\",\"item\":\"https:\\\/\\\/vitablanca.ma\\\/tous-les-produits\\\/\"},{\"@type\":\"ListItem\",\"position\":3,\"name\":\"Now Foods Milk thistle extract 750mg silymarin 600mg. 90 Capsules\"}]},{\"@type\":\"WebSite\",\"@id\":\"https:\\\/\\\/vitablanca.ma\\\/#website\",\"url\":\"https:\\\/\\\/vitablanca.ma\\\/\",\"name\":\"VitaBlanca.ma | Compl\u00e9ments alimentaires, sant\u00e9 & beaut\u00e9 au Maroc\",\"description\":\"vendre vitamines et compl\u00e9ments premium des USA &amp; Canada, Nouvelle Z\u00e9lande,Maroc (NOW Foods, Solgar, Manuka). Livraison rapide partout au Maroc.\",\"publisher\":{\"@id\":\"https:\\\/\\\/vitablanca.ma\\\/#organization\"},\"alternateName\":\"VitaBlanca.ma\",\"potentialAction\":[{\"@type\":\"SearchAction\",\"target\":{\"@type\":\"EntryPoint\",\"urlTemplate\":\"https:\\\/\\\/vitablanca.ma\\\/?s={search_term_string}\"},\"query-input\":{\"@type\":\"PropertyValueSpecification\",\"valueRequired\":true,\"valueName\":\"search_term_string\"}}],\"inLanguage\":\"en-US\"},{\"@type\":\"Organization\",\"@id\":\"https:\\\/\\\/vitablanca.ma\\\/#organization\",\"name\":\"VitaBlanca\",\"url\":\"https:\\\/\\\/vitablanca.ma\\\/\",\"logo\":{\"@type\":\"ImageObject\",\"inLanguage\":\"en-US\",\"@id\":\"https:\\\/\\\/vitablanca.ma\\\/#\\\/schema\\\/logo\\\/image\\\/\",\"url\":\"https:\\\/\\\/vitablanca.ma\\\/wp-content\\\/uploads\\\/2025\\\/05\\\/cropped-vitablanca.png\",\"contentUrl\":\"https:\\\/\\\/vitablanca.ma\\\/wp-content\\\/uploads\\\/2025\\\/05\\\/cropped-vitablanca.png\",\"width\":360,\"height\":67,\"caption\":\"VitaBlanca\"},\"image\":{\"@id\":\"https:\\\/\\\/vitablanca.ma\\\/#\\\/schema\\\/logo\\\/image\\\/\"},\"sameAs\":[\"https:\\\/\\\/www.facebook.com\\\/profile.php?id=61576678196717\",\"https:\\\/\\\/www.tiktok.com\\\/@vitablanca.ma\",\"https:\\\/\\\/www.instagram.com\\\/vitablanca.ma\\\/\"]}]}<\/script>\n<!-- \/ Yoast SEO plugin. -->","yoast_head_json":{"title":"Now Foods Milk thistle extract 750mg silymarin 600mg - Maroc Prix","description":"D\u00e9couvrez Now Foods Milk Thistle Extract 750 mg (Silymarin 600 mg), 90 capsules, un suppl\u00e9ment \u00e0 haute puissance pour soutenir la sant\u00e9 du foie.","robots":{"index":"index","follow":"follow","max-snippet":"max-snippet:-1","max-image-preview":"max-image-preview:large","max-video-preview":"max-video-preview:-1"},"canonical":"https:\/\/vitablanca.ma\/en\/product\/now-foods-milk-thistle-extract-750mg-silymarin-600mg-maximum-strength\/","og_locale":"en_US","og_type":"article","og_title":"Now Foods Milk thistle extract 750mg silymarin 600mg - Maroc Prix","og_description":"D\u00e9couvrez Now Foods Milk Thistle Extract 750 mg (Silymarin 600 mg), 90 capsules, un suppl\u00e9ment \u00e0 haute puissance pour soutenir la sant\u00e9 du foie.","og_url":"https:\/\/vitablanca.ma\/en\/product\/now-foods-milk-thistle-extract-750mg-silymarin-600mg-maximum-strength\/","og_site_name":"Vitablanca.ma &ndash; Sant&eacute;, vitalit&eacute; et bien-&ecirc;tre pour tous les Marocains","article_publisher":"https:\/\/www.facebook.com\/profile.php?id=61576678196717","article_modified_time":"2026-01-23T11:16:29+00:00","og_image":[{"width":680,"height":680,"url":"https:\/\/vitablanca.ma\/wp-content\/uploads\/2025\/09\/Now-Foods-Milk-thistle-extract-750mg-silymarin-600mg.-Maximum-strength.jpg","type":"image\/jpeg"}],"twitter_card":"summary_large_image","twitter_misc":{"Est. reading time":"1 minute"},"schema":{"@context":"https:\/\/schema.org","@graph":[{"@type":["WebPage","ItemPage"],"@id":"https:\/\/vitablanca.ma\/produit\/now-foods-milk-thistle-extract-750mg-silymarin-600mg-maximum-strength\/","url":"https:\/\/vitablanca.ma\/produit\/now-foods-milk-thistle-extract-750mg-silymarin-600mg-maximum-strength\/","name":"Now Foods Milk thistle extract 750mg silymarin 600mg - Maroc Prix","isPartOf":{"@id":"https:\/\/vitablanca.ma\/#website"},"primaryImageOfPage":{"@id":"https:\/\/vitablanca.ma\/produit\/now-foods-milk-thistle-extract-750mg-silymarin-600mg-maximum-strength\/#primaryimage"},"image":{"@id":"https:\/\/vitablanca.ma\/produit\/now-foods-milk-thistle-extract-750mg-silymarin-600mg-maximum-strength\/#primaryimage"},"thumbnailUrl":"https:\/\/vitablanca.ma\/wp-content\/uploads\/2025\/09\/Now-Foods-Milk-thistle-extract-750mg-silymarin-600mg.-Maximum-strength.jpg","datePublished":"2025-09-18T01:50:50+00:00","dateModified":"2026-01-23T11:16:29+00:00","description":"D\u00e9couvrez Now Foods Milk Thistle Extract 750 mg (Silymarin 600 mg), 90 capsules, un suppl\u00e9ment \u00e0 haute puissance pour soutenir la sant\u00e9 du foie.","breadcrumb":{"@id":"https:\/\/vitablanca.ma\/produit\/now-foods-milk-thistle-extract-750mg-silymarin-600mg-maximum-strength\/#breadcrumb"},"inLanguage":"en-US","potentialAction":[{"@type":"ReadAction","target":["https:\/\/vitablanca.ma\/produit\/now-foods-milk-thistle-extract-750mg-silymarin-600mg-maximum-strength\/"]}]},{"@type":"ImageObject","inLanguage":"en-US","@id":"https:\/\/vitablanca.ma\/produit\/now-foods-milk-thistle-extract-750mg-silymarin-600mg-maximum-strength\/#primaryimage","url":"https:\/\/vitablanca.ma\/wp-content\/uploads\/2025\/09\/Now-Foods-Milk-thistle-extract-750mg-silymarin-600mg.-Maximum-strength.jpg","contentUrl":"https:\/\/vitablanca.ma\/wp-content\/uploads\/2025\/09\/Now-Foods-Milk-thistle-extract-750mg-silymarin-600mg.-Maximum-strength.jpg","width":680,"height":680},{"@type":"BreadcrumbList","@id":"https:\/\/vitablanca.ma\/produit\/now-foods-milk-thistle-extract-750mg-silymarin-600mg-maximum-strength\/#breadcrumb","itemListElement":[{"@type":"ListItem","position":1,"name":"Home","item":"https:\/\/vitablanca.ma\/"},{"@type":"ListItem","position":2,"name":"Tous Les Produits","item":"https:\/\/vitablanca.ma\/tous-les-produits\/"},{"@type":"ListItem","position":3,"name":"Now Foods Milk thistle extract 750mg silymarin 600mg. 90 Capsules"}]},{"@type":"WebSite","@id":"https:\/\/vitablanca.ma\/#website","url":"https:\/\/vitablanca.ma\/","name":"VitaBlanca.ma | Food supplements, health &amp; beauty in Morocco","description":"sell premium vitamins and supplements from USA &amp; Canada, New Zealand, Morocco (NOW Foods, Solgar, Manuka). Fast delivery anywhere in Morocco.","publisher":{"@id":"https:\/\/vitablanca.ma\/#organization"},"alternateName":"VitaBlanca.ma","potentialAction":[{"@type":"SearchAction","target":{"@type":"EntryPoint","urlTemplate":"https:\/\/vitablanca.ma\/?s={search_term_string}"},"query-input":{"@type":"PropertyValueSpecification","valueRequired":true,"valueName":"search_term_string"}}],"inLanguage":"en-US"},{"@type":"Organization","@id":"https:\/\/vitablanca.ma\/#organization","name":"VitaBlanca","url":"https:\/\/vitablanca.ma\/","logo":{"@type":"ImageObject","inLanguage":"en-US","@id":"https:\/\/vitablanca.ma\/#\/schema\/logo\/image\/","url":"https:\/\/vitablanca.ma\/wp-content\/uploads\/2025\/05\/cropped-vitablanca.png","contentUrl":"https:\/\/vitablanca.ma\/wp-content\/uploads\/2025\/05\/cropped-vitablanca.png","width":360,"height":67,"caption":"VitaBlanca"},"image":{"@id":"https:\/\/vitablanca.ma\/#\/schema\/logo\/image\/"},"sameAs":["https:\/\/www.facebook.com\/profile.php?id=61576678196717","https:\/\/www.tiktok.com\/@vitablanca.ma","https:\/\/www.instagram.com\/vitablanca.ma\/"]}]}},"jetpack_sharing_enabled":true,"_links":{"self":[{"href":"https:\/\/vitablanca.ma\/en\/wp-json\/wp\/v2\/product\/25507","targetHints":{"allow":["GET"]}}],"collection":[{"href":"https:\/\/vitablanca.ma\/en\/wp-json\/wp\/v2\/product"}],"about":[{"href":"https:\/\/vitablanca.ma\/en\/wp-json\/wp\/v2\/types\/product"}],"wp:featuredmedia":[{"embeddable":true,"href":"https:\/\/vitablanca.ma\/en\/wp-json\/wp\/v2\/media\/25566"}],"wp:attachment":[{"href":"https:\/\/vitablanca.ma\/en\/wp-json\/wp\/v2\/media?parent=25507"}],"wp:term":[{"taxonomy":"product_brand","embeddable":true,"href":"https:\/\/vitablanca.ma\/en\/wp-json\/wp\/v2\/product_brand?post=25507"},{"taxonomy":"product_cat","embeddable":true,"href":"https:\/\/vitablanca.ma\/en\/wp-json\/wp\/v2\/product_cat?post=25507"},{"taxonomy":"product_tag","embeddable":true,"href":"https:\/\/vitablanca.ma\/en\/wp-json\/wp\/v2\/product_tag?post=25507"}],"curies":[{"name":"wp","href":"https:\/\/api.w.org\/{rel}","templated":true}]}}