{"id":25502,"date":"2025-09-18T01:50:49","date_gmt":"2025-09-18T01:50:49","guid":{"rendered":"https:\/\/vitablanca.ma\/?post_type=product&#038;p=25502"},"modified":"2026-04-10T12:56:20","modified_gmt":"2026-04-10T12:56:20","slug":"vital-proteins-marine-collagen-221g-non-aromatise-221g","status":"publish","type":"product","link":"https:\/\/vitablanca.ma\/en\/product\/vital-proteins-marine-collagen-221g-non-aromatise-221g\/","title":{"rendered":"Vital Proteins Marine Collagen Non Aromatis\u00e9 221G"},"content":{"rendered":"<p>Le Marine Collagen Vital Proteins, c\u2019est la fomule id\u00e9ale pour les pesco-v\u00e9g\u00e9tariens : l\u2019essentiel de votre routine bien-\u00eatre au quotidien. Sa formule est compos\u00e9e d\u2019un seul et unique ingr\u00e9dient : 100% peptides de collag\u00e8ne marin de haute qualit\u00e9 et biodisponibles \u00e0 plus de 80%, pour un maximum de b\u00e9n\u00e9fices.<\/p>\n<p>Sans ar\u00f4me et sous forme de poudre fine, il se m\u00e9lange facilement \u00e0 toutes vos boissons et pr\u00e9parations, chaudes ou froides, \u00e0 tout moment de la journ\u00e9e.<\/p>\n<p>Les peptides de collag\u00e8ne agissent de l\u2019int\u00e9rieur pour offrir des b\u00e9n\u00e9fices sur la beaut\u00e9 et la performance physique :<br \/>\n\u2013 Lisse et raffermit la peau<br \/>\n\u2013 Renforce les cheveux et les ongles<br \/>\n\u2013 Participe au maintien d\u2019une ossature normale et \u00e0 l\u2019augmentation de la masse musculaire*<br \/>\n\u2013 Aide \u00e0 am\u00e9liorer la performance physique*<\/p>\n<p>Collag\u00e8ne marin.<\/p>\n<p>*Le collag\u00e8ne est une prot\u00e9ine. Les prot\u00e9ines participent au maintien d\u2019une ossature normale et \u00e0 l\u2019augmentation de la masse musculaire.<br \/>\nPack : 16% de plastique en moins, calcul\u00e9 sur le poids de l\u2019emballage pr\u00e9c\u00e9dent avec la dosette.<br \/>\nNaturellement sans sucres et sans gluten. Sans conservateurs grace \u00e0 la forme d\u00e9shydrat\u00e9e (poudre).<\/p>","protected":false},"excerpt":{"rendered":"<p>Lisse et raffermit la peau<br \/>\n&#8211; Renforce les cheveux et les ongles<br \/>\n&#8211; Participe au maintien d&rsquo;une ossature normale et \u00e0 l&rsquo;augmentation de la masse musculaire*<br \/>\n&#8211; Aide \u00e0 am\u00e9liorer la performance physique<\/p>","protected":false},"featured_media":25555,"template":"","meta":{"om_disable_all_campaigns":false},"product_brand":[1839],"product_cat":[18,3366],"product_tag":[3825,3826,3827,3828,3829],"class_list":{"0":"post-25502","1":"product","2":"type-product","3":"status-publish","4":"has-post-thumbnail","6":"product_brand-vital-proteines","7":"product_cat-beaute-sante","8":"product_cat-complements-alimentaires-au-maroc-vitablanca","9":"product_tag-collagene-articulations-non-aromatise","10":"product_tag-collagene-marin-221-g","11":"product_tag-complement-peau-cheveux-ongles","12":"product_tag-peptides-de-collagene-pur","13":"product_tag-vital-proteins-marine-collagen","15":"first","16":"instock","17":"sale","18":"taxable","19":"shipping-taxable","20":"purchasable","21":"product-type-simple"},"yoast_head":"<!-- This site is optimized with the Yoast SEO plugin v27.5 - https:\/\/yoast.com\/product\/yoast-seo-wordpress\/ -->\n<title>Vital Proteins Marine Collagen Non Aromatis\u00e9 221G - Maroc Prix<\/title>\n<meta name=\"description\" content=\"D\u00e9couvrez Vital Proteins Marine Collagen Non Aromatis\u00e9, 221g, un suppl\u00e9ment de collag\u00e8ne marin pour am\u00e9liorer la sant\u00e9 de la peau,soutenir les articulations\" \/>\n<meta name=\"robots\" content=\"index, follow, max-snippet:-1, max-image-preview:large, max-video-preview:-1\" \/>\n<link rel=\"canonical\" href=\"https:\/\/vitablanca.ma\/en\/product\/vital-proteins-marine-collagen-221g-non-aromatise-221g\/\" \/>\n<meta property=\"og:locale\" content=\"en_US\" \/>\n<meta property=\"og:type\" content=\"article\" \/>\n<meta property=\"og:title\" content=\"Vital Proteins Marine Collagen Non Aromatis\u00e9 221G - Maroc Prix\" \/>\n<meta property=\"og:description\" content=\"D\u00e9couvrez Vital Proteins Marine Collagen Non Aromatis\u00e9, 221g, un suppl\u00e9ment de collag\u00e8ne marin pour am\u00e9liorer la sant\u00e9 de la peau,soutenir les articulations\" \/>\n<meta property=\"og:url\" content=\"https:\/\/vitablanca.ma\/en\/product\/vital-proteins-marine-collagen-221g-non-aromatise-221g\/\" \/>\n<meta property=\"og:site_name\" content=\"Vitablanca.ma &ndash; Sant&eacute;, vitalit&eacute; et bien-&ecirc;tre pour tous les Marocains\" \/>\n<meta property=\"article:publisher\" content=\"https:\/\/www.facebook.com\/profile.php?id=61576678196717\" \/>\n<meta property=\"article:modified_time\" content=\"2026-04-10T12:56:20+00:00\" \/>\n<meta property=\"og:image\" content=\"https:\/\/vitablanca.ma\/wp-content\/uploads\/2025\/09\/Vital-Proteins-Marine-Collagen-221g-Non-Aromatise-221G.jpg\" \/>\n\t<meta property=\"og:image:width\" content=\"680\" \/>\n\t<meta property=\"og:image:height\" content=\"680\" \/>\n\t<meta property=\"og:image:type\" content=\"image\/jpeg\" \/>\n<meta name=\"twitter:card\" content=\"summary_large_image\" \/>\n<meta name=\"twitter:label1\" content=\"Est. reading time\" \/>\n\t<meta name=\"twitter:data1\" content=\"2 minutes\" \/>\n<script type=\"application\/ld+json\" class=\"yoast-schema-graph\">{\"@context\":\"https:\\\/\\\/schema.org\",\"@graph\":[{\"@type\":[\"WebPage\",\"ItemPage\"],\"@id\":\"https:\\\/\\\/vitablanca.ma\\\/produit\\\/vital-proteins-marine-collagen-221g-non-aromatise-221g\\\/\",\"url\":\"https:\\\/\\\/vitablanca.ma\\\/produit\\\/vital-proteins-marine-collagen-221g-non-aromatise-221g\\\/\",\"name\":\"Vital Proteins Marine Collagen Non Aromatis\u00e9 221G - Maroc Prix\",\"isPartOf\":{\"@id\":\"https:\\\/\\\/vitablanca.ma\\\/#website\"},\"primaryImageOfPage\":{\"@id\":\"https:\\\/\\\/vitablanca.ma\\\/produit\\\/vital-proteins-marine-collagen-221g-non-aromatise-221g\\\/#primaryimage\"},\"image\":{\"@id\":\"https:\\\/\\\/vitablanca.ma\\\/produit\\\/vital-proteins-marine-collagen-221g-non-aromatise-221g\\\/#primaryimage\"},\"thumbnailUrl\":\"https:\\\/\\\/vitablanca.ma\\\/wp-content\\\/uploads\\\/2025\\\/09\\\/Vital-Proteins-Marine-Collagen-221g-Non-Aromatise-221G.jpg\",\"datePublished\":\"2025-09-18T01:50:49+00:00\",\"dateModified\":\"2026-04-10T12:56:20+00:00\",\"description\":\"D\u00e9couvrez Vital Proteins Marine Collagen Non Aromatis\u00e9, 221g, un suppl\u00e9ment de collag\u00e8ne marin pour am\u00e9liorer la sant\u00e9 de la peau,soutenir les articulations\",\"breadcrumb\":{\"@id\":\"https:\\\/\\\/vitablanca.ma\\\/produit\\\/vital-proteins-marine-collagen-221g-non-aromatise-221g\\\/#breadcrumb\"},\"inLanguage\":\"en-US\",\"potentialAction\":[{\"@type\":\"ReadAction\",\"target\":[\"https:\\\/\\\/vitablanca.ma\\\/produit\\\/vital-proteins-marine-collagen-221g-non-aromatise-221g\\\/\"]}]},{\"@type\":\"ImageObject\",\"inLanguage\":\"en-US\",\"@id\":\"https:\\\/\\\/vitablanca.ma\\\/produit\\\/vital-proteins-marine-collagen-221g-non-aromatise-221g\\\/#primaryimage\",\"url\":\"https:\\\/\\\/vitablanca.ma\\\/wp-content\\\/uploads\\\/2025\\\/09\\\/Vital-Proteins-Marine-Collagen-221g-Non-Aromatise-221G.jpg\",\"contentUrl\":\"https:\\\/\\\/vitablanca.ma\\\/wp-content\\\/uploads\\\/2025\\\/09\\\/Vital-Proteins-Marine-Collagen-221g-Non-Aromatise-221G.jpg\",\"width\":680,\"height\":680},{\"@type\":\"BreadcrumbList\",\"@id\":\"https:\\\/\\\/vitablanca.ma\\\/produit\\\/vital-proteins-marine-collagen-221g-non-aromatise-221g\\\/#breadcrumb\",\"itemListElement\":[{\"@type\":\"ListItem\",\"position\":1,\"name\":\"Home\",\"item\":\"https:\\\/\\\/vitablanca.ma\\\/\"},{\"@type\":\"ListItem\",\"position\":2,\"name\":\"Tous Les Produits\",\"item\":\"https:\\\/\\\/vitablanca.ma\\\/tous-les-produits\\\/\"},{\"@type\":\"ListItem\",\"position\":3,\"name\":\"Vital Proteins Marine Collagen Non Aromatis\u00e9 221G\"}]},{\"@type\":\"WebSite\",\"@id\":\"https:\\\/\\\/vitablanca.ma\\\/#website\",\"url\":\"https:\\\/\\\/vitablanca.ma\\\/\",\"name\":\"VitaBlanca.ma | Compl\u00e9ments alimentaires, sant\u00e9 & beaut\u00e9 au Maroc\",\"description\":\"vendre vitamines et compl\u00e9ments premium des USA &amp; Canada, Nouvelle Z\u00e9lande,Maroc (NOW Foods, Solgar, Manuka). Livraison rapide partout au Maroc.\",\"publisher\":{\"@id\":\"https:\\\/\\\/vitablanca.ma\\\/#organization\"},\"alternateName\":\"VitaBlanca.ma\",\"potentialAction\":[{\"@type\":\"SearchAction\",\"target\":{\"@type\":\"EntryPoint\",\"urlTemplate\":\"https:\\\/\\\/vitablanca.ma\\\/?s={search_term_string}\"},\"query-input\":{\"@type\":\"PropertyValueSpecification\",\"valueRequired\":true,\"valueName\":\"search_term_string\"}}],\"inLanguage\":\"en-US\"},{\"@type\":\"Organization\",\"@id\":\"https:\\\/\\\/vitablanca.ma\\\/#organization\",\"name\":\"VitaBlanca\",\"url\":\"https:\\\/\\\/vitablanca.ma\\\/\",\"logo\":{\"@type\":\"ImageObject\",\"inLanguage\":\"en-US\",\"@id\":\"https:\\\/\\\/vitablanca.ma\\\/#\\\/schema\\\/logo\\\/image\\\/\",\"url\":\"https:\\\/\\\/vitablanca.ma\\\/wp-content\\\/uploads\\\/2025\\\/05\\\/cropped-vitablanca.png\",\"contentUrl\":\"https:\\\/\\\/vitablanca.ma\\\/wp-content\\\/uploads\\\/2025\\\/05\\\/cropped-vitablanca.png\",\"width\":360,\"height\":67,\"caption\":\"VitaBlanca\"},\"image\":{\"@id\":\"https:\\\/\\\/vitablanca.ma\\\/#\\\/schema\\\/logo\\\/image\\\/\"},\"sameAs\":[\"https:\\\/\\\/www.facebook.com\\\/profile.php?id=61576678196717\",\"https:\\\/\\\/www.tiktok.com\\\/@vitablanca.ma\",\"https:\\\/\\\/www.instagram.com\\\/vitablanca.ma\\\/\"]}]}<\/script>\n<!-- \/ Yoast SEO plugin. -->","yoast_head_json":{"title":"Vital Proteins Marine Collagen Non Aromatis\u00e9 221G - Maroc Prix","description":"D\u00e9couvrez Vital Proteins Marine Collagen Non Aromatis\u00e9, 221g, un suppl\u00e9ment de collag\u00e8ne marin pour am\u00e9liorer la sant\u00e9 de la peau,soutenir les articulations","robots":{"index":"index","follow":"follow","max-snippet":"max-snippet:-1","max-image-preview":"max-image-preview:large","max-video-preview":"max-video-preview:-1"},"canonical":"https:\/\/vitablanca.ma\/en\/product\/vital-proteins-marine-collagen-221g-non-aromatise-221g\/","og_locale":"en_US","og_type":"article","og_title":"Vital Proteins Marine Collagen Non Aromatis\u00e9 221G - Maroc Prix","og_description":"D\u00e9couvrez Vital Proteins Marine Collagen Non Aromatis\u00e9, 221g, un suppl\u00e9ment de collag\u00e8ne marin pour am\u00e9liorer la sant\u00e9 de la peau,soutenir les articulations","og_url":"https:\/\/vitablanca.ma\/en\/product\/vital-proteins-marine-collagen-221g-non-aromatise-221g\/","og_site_name":"Vitablanca.ma &ndash; Sant&eacute;, vitalit&eacute; et bien-&ecirc;tre pour tous les Marocains","article_publisher":"https:\/\/www.facebook.com\/profile.php?id=61576678196717","article_modified_time":"2026-04-10T12:56:20+00:00","og_image":[{"width":680,"height":680,"url":"https:\/\/vitablanca.ma\/wp-content\/uploads\/2025\/09\/Vital-Proteins-Marine-Collagen-221g-Non-Aromatise-221G.jpg","type":"image\/jpeg"}],"twitter_card":"summary_large_image","twitter_misc":{"Est. reading time":"2 minutes"},"schema":{"@context":"https:\/\/schema.org","@graph":[{"@type":["WebPage","ItemPage"],"@id":"https:\/\/vitablanca.ma\/produit\/vital-proteins-marine-collagen-221g-non-aromatise-221g\/","url":"https:\/\/vitablanca.ma\/produit\/vital-proteins-marine-collagen-221g-non-aromatise-221g\/","name":"Vital Proteins Marine Collagen Non Aromatis\u00e9 221G - Maroc Prix","isPartOf":{"@id":"https:\/\/vitablanca.ma\/#website"},"primaryImageOfPage":{"@id":"https:\/\/vitablanca.ma\/produit\/vital-proteins-marine-collagen-221g-non-aromatise-221g\/#primaryimage"},"image":{"@id":"https:\/\/vitablanca.ma\/produit\/vital-proteins-marine-collagen-221g-non-aromatise-221g\/#primaryimage"},"thumbnailUrl":"https:\/\/vitablanca.ma\/wp-content\/uploads\/2025\/09\/Vital-Proteins-Marine-Collagen-221g-Non-Aromatise-221G.jpg","datePublished":"2025-09-18T01:50:49+00:00","dateModified":"2026-04-10T12:56:20+00:00","description":"D\u00e9couvrez Vital Proteins Marine Collagen Non Aromatis\u00e9, 221g, un suppl\u00e9ment de collag\u00e8ne marin pour am\u00e9liorer la sant\u00e9 de la peau,soutenir les articulations","breadcrumb":{"@id":"https:\/\/vitablanca.ma\/produit\/vital-proteins-marine-collagen-221g-non-aromatise-221g\/#breadcrumb"},"inLanguage":"en-US","potentialAction":[{"@type":"ReadAction","target":["https:\/\/vitablanca.ma\/produit\/vital-proteins-marine-collagen-221g-non-aromatise-221g\/"]}]},{"@type":"ImageObject","inLanguage":"en-US","@id":"https:\/\/vitablanca.ma\/produit\/vital-proteins-marine-collagen-221g-non-aromatise-221g\/#primaryimage","url":"https:\/\/vitablanca.ma\/wp-content\/uploads\/2025\/09\/Vital-Proteins-Marine-Collagen-221g-Non-Aromatise-221G.jpg","contentUrl":"https:\/\/vitablanca.ma\/wp-content\/uploads\/2025\/09\/Vital-Proteins-Marine-Collagen-221g-Non-Aromatise-221G.jpg","width":680,"height":680},{"@type":"BreadcrumbList","@id":"https:\/\/vitablanca.ma\/produit\/vital-proteins-marine-collagen-221g-non-aromatise-221g\/#breadcrumb","itemListElement":[{"@type":"ListItem","position":1,"name":"Home","item":"https:\/\/vitablanca.ma\/"},{"@type":"ListItem","position":2,"name":"Tous Les Produits","item":"https:\/\/vitablanca.ma\/tous-les-produits\/"},{"@type":"ListItem","position":3,"name":"Vital Proteins Marine Collagen Non Aromatis\u00e9 221G"}]},{"@type":"WebSite","@id":"https:\/\/vitablanca.ma\/#website","url":"https:\/\/vitablanca.ma\/","name":"VitaBlanca.ma | Food supplements, health &amp; beauty in Morocco","description":"sell premium vitamins and supplements from USA &amp; Canada, New Zealand, Morocco (NOW Foods, Solgar, Manuka). Fast delivery anywhere in Morocco.","publisher":{"@id":"https:\/\/vitablanca.ma\/#organization"},"alternateName":"VitaBlanca.ma","potentialAction":[{"@type":"SearchAction","target":{"@type":"EntryPoint","urlTemplate":"https:\/\/vitablanca.ma\/?s={search_term_string}"},"query-input":{"@type":"PropertyValueSpecification","valueRequired":true,"valueName":"search_term_string"}}],"inLanguage":"en-US"},{"@type":"Organization","@id":"https:\/\/vitablanca.ma\/#organization","name":"VitaBlanca","url":"https:\/\/vitablanca.ma\/","logo":{"@type":"ImageObject","inLanguage":"en-US","@id":"https:\/\/vitablanca.ma\/#\/schema\/logo\/image\/","url":"https:\/\/vitablanca.ma\/wp-content\/uploads\/2025\/05\/cropped-vitablanca.png","contentUrl":"https:\/\/vitablanca.ma\/wp-content\/uploads\/2025\/05\/cropped-vitablanca.png","width":360,"height":67,"caption":"VitaBlanca"},"image":{"@id":"https:\/\/vitablanca.ma\/#\/schema\/logo\/image\/"},"sameAs":["https:\/\/www.facebook.com\/profile.php?id=61576678196717","https:\/\/www.tiktok.com\/@vitablanca.ma","https:\/\/www.instagram.com\/vitablanca.ma\/"]}]}},"jetpack_sharing_enabled":true,"_links":{"self":[{"href":"https:\/\/vitablanca.ma\/en\/wp-json\/wp\/v2\/product\/25502","targetHints":{"allow":["GET"]}}],"collection":[{"href":"https:\/\/vitablanca.ma\/en\/wp-json\/wp\/v2\/product"}],"about":[{"href":"https:\/\/vitablanca.ma\/en\/wp-json\/wp\/v2\/types\/product"}],"wp:featuredmedia":[{"embeddable":true,"href":"https:\/\/vitablanca.ma\/en\/wp-json\/wp\/v2\/media\/25555"}],"wp:attachment":[{"href":"https:\/\/vitablanca.ma\/en\/wp-json\/wp\/v2\/media?parent=25502"}],"wp:term":[{"taxonomy":"product_brand","embeddable":true,"href":"https:\/\/vitablanca.ma\/en\/wp-json\/wp\/v2\/product_brand?post=25502"},{"taxonomy":"product_cat","embeddable":true,"href":"https:\/\/vitablanca.ma\/en\/wp-json\/wp\/v2\/product_cat?post=25502"},{"taxonomy":"product_tag","embeddable":true,"href":"https:\/\/vitablanca.ma\/en\/wp-json\/wp\/v2\/product_tag?post=25502"}],"curies":[{"name":"wp","href":"https:\/\/api.w.org\/{rel}","templated":true}]}}