{"id":25463,"date":"2025-09-18T01:50:25","date_gmt":"2025-09-18T01:50:25","guid":{"rendered":"https:\/\/vitablanca.ma\/?post_type=product&#038;p=25463"},"modified":"2026-01-07T20:03:50","modified_gmt":"2026-01-07T20:03:50","slug":"mary-ruths-multivitaminhair-growth-liquid-morning-450ml","status":"publish","type":"product","link":"https:\/\/vitablanca.ma\/en\/product\/mary-ruths-multivitaminhair-growth-liquid-morning-450ml\/","title":{"rendered":"MARY RUTH&rsquo;S Multivitamin+hair growth liquid morning 450ml"},"content":{"rendered":"<p data-start=\"103\" data-end=\"503\">THE <strong data-start=\"106\" data-end=\"171\">MaryRuth\u2019s Multivitamin + Hair Growth Liquid Morning \u2013 450 ml<\/strong> is a <strong data-start=\"179\" data-end=\"213\">compl\u00e9ment alimentaire premium<\/strong> formul\u00e9 pour r\u00e9pondre aux besoins quotidiens de votre corps tout en favorisant une <strong data-start=\"297\" data-end=\"341\">croissance capillaire saine et naturelle<\/strong>. Gr\u00e2ce \u00e0 sa <strong data-start=\"354\" data-end=\"383\">formule liquide innovante<\/strong>, il offre une <strong data-start=\"398\" data-end=\"431\">absorption rapide et optimale<\/strong> des nutriments essentiels, contrairement aux g\u00e9lules traditionnelles.<\/p>\n<p data-start=\"505\" data-end=\"632\">Enriched with <strong data-start=\"516\" data-end=\"583\">vitamines A, C, D, E, B-complex, biotine, zinc et min\u00e9raux cl\u00e9s<\/strong>, ce multivitamine agit sur plusieurs niveaux :<\/p>\n<ul data-start=\"633\" data-end=\"1016\">\n<li data-start=\"633\" data-end=\"709\">\n<p data-start=\"635\" data-end=\"709\"><strong data-start=\"635\" data-end=\"658\">Immune support<\/strong> : contribue \u00e0 renforcer les d\u00e9fenses naturelles.<\/p>\n<\/li>\n<li data-start=\"710\" data-end=\"796\">\n<p data-start=\"712\" data-end=\"796\"><strong data-start=\"712\" data-end=\"735\">Energy and vitality<\/strong> : r\u00e9duit la fatigue et stimule la performance quotidienne.<\/p>\n<\/li>\n<li data-start=\"797\" data-end=\"915\">\n<p data-start=\"799\" data-end=\"915\"><strong data-start=\"799\" data-end=\"819\">Beaut\u00e9 & cheveux<\/strong> : favorise la <strong data-start=\"834\" data-end=\"859\">croissance capillaire<\/strong>, renforce les ongles et am\u00e9liore la sant\u00e9 de la peau.<\/p>\n<\/li>\n<li data-start=\"916\" data-end=\"1016\">\n<p data-start=\"918\" data-end=\"1016\"><strong data-start=\"918\" data-end=\"941\">Absorption optimale<\/strong> : forme liquide facile \u00e0 consommer, id\u00e9ale pour une efficacit\u00e9 maximale.<\/p>\n<\/li>\n<\/ul>\n<p data-start=\"1018\" data-end=\"1197\">Parfait pour les hommes et les femmes, ce <strong data-start=\"1060\" data-end=\"1096\">multivitamine liquide MaryRuth\u2019s<\/strong> est le choix id\u00e9al pour ceux qui recherchent un <strong data-start=\"1145\" data-end=\"1181\">boost complet de sant\u00e9 et beaut\u00e9<\/strong> on a daily basis.<\/p>","protected":false},"excerpt":{"rendered":"<ul>\n<li>PRODUITS POUR LA CROISSANCE CAPILLAIRE\u00a0: Nous avons formul\u00e9 une multivitamine pour femmes, non seulement pour favoriser votre bien-\u00eatre au quotidien, mais aussi pour favoriser la croissance de vos cheveux, de vos ongles et de votre peau. Lustriva, inclus dans cette formule, a \u00e9t\u00e9 cliniquement<\/li>\n<li>prouv\u00e9 pour aider les femmes \u00e0 obtenir des cheveux plus \u00e9pais et plus fournis d\u00e8s 3 semaines\u00a0!<\/li>\n<li>MARY RUTH MULTIVITAMINES POUR LA CROISSANCE CAPILLAIRE\u00a0: Cliniquement test\u00e9, Lustriva am\u00e9liore \u00e9galement les rides et ridules du visage et lisse la peau.<\/li>\n<li>Contient \u00e9galement de la vitamine C, des vitamines du complexe B, de la vitamine D3, du picolinate de chrome et bien plus encore\u00a0! Le picolinate de chrome favorise une composition corporelle saine, un m\u00e9tabolisme sain et aide \u00e0 maintenir une glyc\u00e9mie normale.<\/li>\n<\/ul>","protected":false},"featured_media":25546,"template":"","meta":{"om_disable_all_campaigns":false},"product_brand":[3896],"product_cat":[18,629,700,3366,303,130,19],"product_tag":[3812,4314,3813,4317,4316,3814,4312,4313,3815,3816,4315],"class_list":{"0":"post-25463","1":"product","2":"type-product","3":"status-publish","4":"has-post-thumbnail","6":"product_brand-mary-ruths","7":"product_cat-beaute-sante","8":"product_cat-cheveux","9":"product_cat-cheveux-peau-et-ongles-complexes","10":"product_cat-complements-alimentaires-au-maroc-vitablanca","11":"product_cat-multi-vitamines","12":"product_cat-vitamines","13":"product_cat-vitamines-supplements-dietetiques","14":"product_tag-450-ml-multivitamines-liquid","15":"product_tag-complement-alimentaire-beaute","16":"product_tag-complement-cheveux-et-ongles-liquide","17":"product_tag-croissance-cheveux","18":"product_tag-energie-et-immunite","19":"product_tag-mary-ruths-multivitamin-hair-growth","20":"product_tag-maryruths-maroc","21":"product_tag-multivitamine-liquide","22":"product_tag-multivitamines-absorption-rapide","23":"product_tag-vitamines-cheveux-peau-ongles","24":"product_tag-vitamines-pour-cheveux","26":"first","27":"instock","28":"sale","29":"taxable","30":"shipping-taxable","31":"purchasable","32":"product-type-simple"},"yoast_head":"<!-- This site is optimized with the Yoast SEO plugin v27.5 - https:\/\/yoast.com\/product\/yoast-seo-wordpress\/ -->\n<title>MARY RUTH&#039;S Multivitamin+hair growth liquid morning - Maroc Prix<\/title>\n<meta name=\"description\" content=\"Achetez MaryRuth\u2019s Multivitamin + Hair Growth Liquid Morning 450ml. Soutien \u00e9nergie, immunit\u00e9 et croissance des cheveux \u2013 Disponible au Maroc.\" \/>\n<meta name=\"robots\" content=\"index, follow, max-snippet:-1, max-image-preview:large, max-video-preview:-1\" \/>\n<link rel=\"canonical\" href=\"https:\/\/vitablanca.ma\/en\/product\/mary-ruths-multivitaminhair-growth-liquid-morning-450ml\/\" \/>\n<meta property=\"og:locale\" content=\"en_US\" \/>\n<meta property=\"og:type\" content=\"article\" \/>\n<meta property=\"og:title\" content=\"MARY RUTH&#039;S Multivitamin+hair growth liquid morning - Maroc Prix\" \/>\n<meta property=\"og:description\" content=\"Achetez MaryRuth\u2019s Multivitamin + Hair Growth Liquid Morning 450ml. Soutien \u00e9nergie, immunit\u00e9 et croissance des cheveux \u2013 Disponible au Maroc.\" \/>\n<meta property=\"og:url\" content=\"https:\/\/vitablanca.ma\/en\/product\/mary-ruths-multivitaminhair-growth-liquid-morning-450ml\/\" \/>\n<meta property=\"og:site_name\" content=\"Vitablanca.ma &ndash; Sant&eacute;, vitalit&eacute; et bien-&ecirc;tre pour tous les Marocains\" \/>\n<meta property=\"article:publisher\" content=\"https:\/\/www.facebook.com\/profile.php?id=61576678196717\" \/>\n<meta property=\"article:modified_time\" content=\"2026-01-07T20:03:50+00:00\" \/>\n<meta property=\"og:image\" content=\"https:\/\/vitablanca.ma\/wp-content\/uploads\/2025\/09\/MARY-RUTHS-Multivitaminhair-growth-liquid-morning-450ml.jpg\" \/>\n\t<meta property=\"og:image:width\" content=\"680\" \/>\n\t<meta property=\"og:image:height\" content=\"680\" \/>\n\t<meta property=\"og:image:type\" content=\"image\/jpeg\" \/>\n<meta name=\"twitter:card\" content=\"summary_large_image\" \/>\n<meta name=\"twitter:label1\" content=\"Est. reading time\" \/>\n\t<meta name=\"twitter:data1\" content=\"1 minute\" \/>\n<script type=\"application\/ld+json\" class=\"yoast-schema-graph\">{\"@context\":\"https:\\\/\\\/schema.org\",\"@graph\":[{\"@type\":[\"WebPage\",\"ItemPage\"],\"@id\":\"https:\\\/\\\/vitablanca.ma\\\/produit\\\/mary-ruths-multivitaminhair-growth-liquid-morning-450ml\\\/\",\"url\":\"https:\\\/\\\/vitablanca.ma\\\/produit\\\/mary-ruths-multivitaminhair-growth-liquid-morning-450ml\\\/\",\"name\":\"MARY RUTH'S Multivitamin+hair growth liquid morning - Maroc Prix\",\"isPartOf\":{\"@id\":\"https:\\\/\\\/vitablanca.ma\\\/#website\"},\"primaryImageOfPage\":{\"@id\":\"https:\\\/\\\/vitablanca.ma\\\/produit\\\/mary-ruths-multivitaminhair-growth-liquid-morning-450ml\\\/#primaryimage\"},\"image\":{\"@id\":\"https:\\\/\\\/vitablanca.ma\\\/produit\\\/mary-ruths-multivitaminhair-growth-liquid-morning-450ml\\\/#primaryimage\"},\"thumbnailUrl\":\"https:\\\/\\\/vitablanca.ma\\\/wp-content\\\/uploads\\\/2025\\\/09\\\/MARY-RUTHS-Multivitaminhair-growth-liquid-morning-450ml.jpg\",\"datePublished\":\"2025-09-18T01:50:25+00:00\",\"dateModified\":\"2026-01-07T20:03:50+00:00\",\"description\":\"Achetez MaryRuth\u2019s Multivitamin + Hair Growth Liquid Morning 450ml. Soutien \u00e9nergie, immunit\u00e9 et croissance des cheveux \u2013 Disponible au Maroc.\",\"breadcrumb\":{\"@id\":\"https:\\\/\\\/vitablanca.ma\\\/produit\\\/mary-ruths-multivitaminhair-growth-liquid-morning-450ml\\\/#breadcrumb\"},\"inLanguage\":\"en-US\",\"potentialAction\":[{\"@type\":\"ReadAction\",\"target\":[\"https:\\\/\\\/vitablanca.ma\\\/produit\\\/mary-ruths-multivitaminhair-growth-liquid-morning-450ml\\\/\"]}]},{\"@type\":\"ImageObject\",\"inLanguage\":\"en-US\",\"@id\":\"https:\\\/\\\/vitablanca.ma\\\/produit\\\/mary-ruths-multivitaminhair-growth-liquid-morning-450ml\\\/#primaryimage\",\"url\":\"https:\\\/\\\/vitablanca.ma\\\/wp-content\\\/uploads\\\/2025\\\/09\\\/MARY-RUTHS-Multivitaminhair-growth-liquid-morning-450ml.jpg\",\"contentUrl\":\"https:\\\/\\\/vitablanca.ma\\\/wp-content\\\/uploads\\\/2025\\\/09\\\/MARY-RUTHS-Multivitaminhair-growth-liquid-morning-450ml.jpg\",\"width\":680,\"height\":680},{\"@type\":\"BreadcrumbList\",\"@id\":\"https:\\\/\\\/vitablanca.ma\\\/produit\\\/mary-ruths-multivitaminhair-growth-liquid-morning-450ml\\\/#breadcrumb\",\"itemListElement\":[{\"@type\":\"ListItem\",\"position\":1,\"name\":\"Home\",\"item\":\"https:\\\/\\\/vitablanca.ma\\\/\"},{\"@type\":\"ListItem\",\"position\":2,\"name\":\"Tous Les Produits\",\"item\":\"https:\\\/\\\/vitablanca.ma\\\/tous-les-produits\\\/\"},{\"@type\":\"ListItem\",\"position\":3,\"name\":\"MARY RUTH&#8217;S Multivitamin+hair growth liquid morning 450ml\"}]},{\"@type\":\"WebSite\",\"@id\":\"https:\\\/\\\/vitablanca.ma\\\/#website\",\"url\":\"https:\\\/\\\/vitablanca.ma\\\/\",\"name\":\"VitaBlanca.ma | Compl\u00e9ments alimentaires, sant\u00e9 & beaut\u00e9 au Maroc\",\"description\":\"vendre vitamines et compl\u00e9ments premium des USA &amp; Canada, Nouvelle Z\u00e9lande,Maroc (NOW Foods, Solgar, Manuka). Livraison rapide partout au Maroc.\",\"publisher\":{\"@id\":\"https:\\\/\\\/vitablanca.ma\\\/#organization\"},\"alternateName\":\"VitaBlanca.ma\",\"potentialAction\":[{\"@type\":\"SearchAction\",\"target\":{\"@type\":\"EntryPoint\",\"urlTemplate\":\"https:\\\/\\\/vitablanca.ma\\\/?s={search_term_string}\"},\"query-input\":{\"@type\":\"PropertyValueSpecification\",\"valueRequired\":true,\"valueName\":\"search_term_string\"}}],\"inLanguage\":\"en-US\"},{\"@type\":\"Organization\",\"@id\":\"https:\\\/\\\/vitablanca.ma\\\/#organization\",\"name\":\"VitaBlanca\",\"url\":\"https:\\\/\\\/vitablanca.ma\\\/\",\"logo\":{\"@type\":\"ImageObject\",\"inLanguage\":\"en-US\",\"@id\":\"https:\\\/\\\/vitablanca.ma\\\/#\\\/schema\\\/logo\\\/image\\\/\",\"url\":\"https:\\\/\\\/vitablanca.ma\\\/wp-content\\\/uploads\\\/2025\\\/05\\\/cropped-vitablanca.png\",\"contentUrl\":\"https:\\\/\\\/vitablanca.ma\\\/wp-content\\\/uploads\\\/2025\\\/05\\\/cropped-vitablanca.png\",\"width\":360,\"height\":67,\"caption\":\"VitaBlanca\"},\"image\":{\"@id\":\"https:\\\/\\\/vitablanca.ma\\\/#\\\/schema\\\/logo\\\/image\\\/\"},\"sameAs\":[\"https:\\\/\\\/www.facebook.com\\\/profile.php?id=61576678196717\",\"https:\\\/\\\/www.tiktok.com\\\/@vitablanca.ma\",\"https:\\\/\\\/www.instagram.com\\\/vitablanca.ma\\\/\"]}]}<\/script>\n<!-- \/ Yoast SEO plugin. -->","yoast_head_json":{"title":"MARY RUTH'S Multivitamin+hair growth liquid morning - Maroc Prix","description":"Achetez MaryRuth\u2019s Multivitamin + Hair Growth Liquid Morning 450ml. Soutien \u00e9nergie, immunit\u00e9 et croissance des cheveux \u2013 Disponible au Maroc.","robots":{"index":"index","follow":"follow","max-snippet":"max-snippet:-1","max-image-preview":"max-image-preview:large","max-video-preview":"max-video-preview:-1"},"canonical":"https:\/\/vitablanca.ma\/en\/product\/mary-ruths-multivitaminhair-growth-liquid-morning-450ml\/","og_locale":"en_US","og_type":"article","og_title":"MARY RUTH'S Multivitamin+hair growth liquid morning - Maroc Prix","og_description":"Achetez MaryRuth\u2019s Multivitamin + Hair Growth Liquid Morning 450ml. Soutien \u00e9nergie, immunit\u00e9 et croissance des cheveux \u2013 Disponible au Maroc.","og_url":"https:\/\/vitablanca.ma\/en\/product\/mary-ruths-multivitaminhair-growth-liquid-morning-450ml\/","og_site_name":"Vitablanca.ma &ndash; Sant&eacute;, vitalit&eacute; et bien-&ecirc;tre pour tous les Marocains","article_publisher":"https:\/\/www.facebook.com\/profile.php?id=61576678196717","article_modified_time":"2026-01-07T20:03:50+00:00","og_image":[{"width":680,"height":680,"url":"https:\/\/vitablanca.ma\/wp-content\/uploads\/2025\/09\/MARY-RUTHS-Multivitaminhair-growth-liquid-morning-450ml.jpg","type":"image\/jpeg"}],"twitter_card":"summary_large_image","twitter_misc":{"Est. reading time":"1 minute"},"schema":{"@context":"https:\/\/schema.org","@graph":[{"@type":["WebPage","ItemPage"],"@id":"https:\/\/vitablanca.ma\/produit\/mary-ruths-multivitaminhair-growth-liquid-morning-450ml\/","url":"https:\/\/vitablanca.ma\/produit\/mary-ruths-multivitaminhair-growth-liquid-morning-450ml\/","name":"MARY RUTH'S Multivitamin+hair growth liquid morning - Maroc Prix","isPartOf":{"@id":"https:\/\/vitablanca.ma\/#website"},"primaryImageOfPage":{"@id":"https:\/\/vitablanca.ma\/produit\/mary-ruths-multivitaminhair-growth-liquid-morning-450ml\/#primaryimage"},"image":{"@id":"https:\/\/vitablanca.ma\/produit\/mary-ruths-multivitaminhair-growth-liquid-morning-450ml\/#primaryimage"},"thumbnailUrl":"https:\/\/vitablanca.ma\/wp-content\/uploads\/2025\/09\/MARY-RUTHS-Multivitaminhair-growth-liquid-morning-450ml.jpg","datePublished":"2025-09-18T01:50:25+00:00","dateModified":"2026-01-07T20:03:50+00:00","description":"Achetez MaryRuth\u2019s Multivitamin + Hair Growth Liquid Morning 450ml. Soutien \u00e9nergie, immunit\u00e9 et croissance des cheveux \u2013 Disponible au Maroc.","breadcrumb":{"@id":"https:\/\/vitablanca.ma\/produit\/mary-ruths-multivitaminhair-growth-liquid-morning-450ml\/#breadcrumb"},"inLanguage":"en-US","potentialAction":[{"@type":"ReadAction","target":["https:\/\/vitablanca.ma\/produit\/mary-ruths-multivitaminhair-growth-liquid-morning-450ml\/"]}]},{"@type":"ImageObject","inLanguage":"en-US","@id":"https:\/\/vitablanca.ma\/produit\/mary-ruths-multivitaminhair-growth-liquid-morning-450ml\/#primaryimage","url":"https:\/\/vitablanca.ma\/wp-content\/uploads\/2025\/09\/MARY-RUTHS-Multivitaminhair-growth-liquid-morning-450ml.jpg","contentUrl":"https:\/\/vitablanca.ma\/wp-content\/uploads\/2025\/09\/MARY-RUTHS-Multivitaminhair-growth-liquid-morning-450ml.jpg","width":680,"height":680},{"@type":"BreadcrumbList","@id":"https:\/\/vitablanca.ma\/produit\/mary-ruths-multivitaminhair-growth-liquid-morning-450ml\/#breadcrumb","itemListElement":[{"@type":"ListItem","position":1,"name":"Home","item":"https:\/\/vitablanca.ma\/"},{"@type":"ListItem","position":2,"name":"Tous Les Produits","item":"https:\/\/vitablanca.ma\/tous-les-produits\/"},{"@type":"ListItem","position":3,"name":"MARY RUTH&#8217;S Multivitamin+hair growth liquid morning 450ml"}]},{"@type":"WebSite","@id":"https:\/\/vitablanca.ma\/#website","url":"https:\/\/vitablanca.ma\/","name":"VitaBlanca.ma | Food supplements, health &amp; beauty in Morocco","description":"sell premium vitamins and supplements from USA &amp; Canada, New Zealand, Morocco (NOW Foods, Solgar, Manuka). Fast delivery anywhere in Morocco.","publisher":{"@id":"https:\/\/vitablanca.ma\/#organization"},"alternateName":"VitaBlanca.ma","potentialAction":[{"@type":"SearchAction","target":{"@type":"EntryPoint","urlTemplate":"https:\/\/vitablanca.ma\/?s={search_term_string}"},"query-input":{"@type":"PropertyValueSpecification","valueRequired":true,"valueName":"search_term_string"}}],"inLanguage":"en-US"},{"@type":"Organization","@id":"https:\/\/vitablanca.ma\/#organization","name":"VitaBlanca","url":"https:\/\/vitablanca.ma\/","logo":{"@type":"ImageObject","inLanguage":"en-US","@id":"https:\/\/vitablanca.ma\/#\/schema\/logo\/image\/","url":"https:\/\/vitablanca.ma\/wp-content\/uploads\/2025\/05\/cropped-vitablanca.png","contentUrl":"https:\/\/vitablanca.ma\/wp-content\/uploads\/2025\/05\/cropped-vitablanca.png","width":360,"height":67,"caption":"VitaBlanca"},"image":{"@id":"https:\/\/vitablanca.ma\/#\/schema\/logo\/image\/"},"sameAs":["https:\/\/www.facebook.com\/profile.php?id=61576678196717","https:\/\/www.tiktok.com\/@vitablanca.ma","https:\/\/www.instagram.com\/vitablanca.ma\/"]}]}},"jetpack_sharing_enabled":true,"_links":{"self":[{"href":"https:\/\/vitablanca.ma\/en\/wp-json\/wp\/v2\/product\/25463","targetHints":{"allow":["GET"]}}],"collection":[{"href":"https:\/\/vitablanca.ma\/en\/wp-json\/wp\/v2\/product"}],"about":[{"href":"https:\/\/vitablanca.ma\/en\/wp-json\/wp\/v2\/types\/product"}],"wp:featuredmedia":[{"embeddable":true,"href":"https:\/\/vitablanca.ma\/en\/wp-json\/wp\/v2\/media\/25546"}],"wp:attachment":[{"href":"https:\/\/vitablanca.ma\/en\/wp-json\/wp\/v2\/media?parent=25463"}],"wp:term":[{"taxonomy":"product_brand","embeddable":true,"href":"https:\/\/vitablanca.ma\/en\/wp-json\/wp\/v2\/product_brand?post=25463"},{"taxonomy":"product_cat","embeddable":true,"href":"https:\/\/vitablanca.ma\/en\/wp-json\/wp\/v2\/product_cat?post=25463"},{"taxonomy":"product_tag","embeddable":true,"href":"https:\/\/vitablanca.ma\/en\/wp-json\/wp\/v2\/product_tag?post=25463"}],"curies":[{"name":"wp","href":"https:\/\/api.w.org\/{rel}","templated":true}]}}