{"id":25456,"date":"2025-09-18T01:50:23","date_gmt":"2025-09-18T01:50:23","guid":{"rendered":"https:\/\/vitablanca.ma\/?post_type=product&#038;p=25456"},"modified":"2025-09-22T18:10:21","modified_gmt":"2025-09-22T18:10:21","slug":"life-extension-resveratrol-optimise-60-capsules-vegetariennes","status":"publish","type":"product","link":"https:\/\/vitablanca.ma\/en\/product\/life-extension-resveratrol-optimise-60-capsules-vegetariennes\/","title":{"rendered":"Life Extension Resv\u00e9ratrol Elite optimis\u00e9, 60 capsules v\u00e9g\u00e9tariennes"},"content":{"rendered":"<article class=\"text-token-text-primary w-full focus:outline-none scroll-mt-[calc(var(--header-height)+min(200px,max(70px,20svh)))]\" dir=\"auto\" tabindex=\"-1\" data-turn-id=\"request-68cc6b80-8420-8331-8eab-ef1038ef2723-1\" data-testid=\"conversation-turn-316\" data-scroll-anchor=\"true\" data-turn=\"assistant\">\n<div class=\"text-base my-auto mx-auto pb-10 [--thread-content-margin:--spacing(4)] thread-sm:[--thread-content-margin:--spacing(6)] thread-lg:[--thread-content-margin:--spacing(16)] px-(--thread-content-margin)\">\n<div class=\"[--thread-content-max-width:40rem] thread-lg:[--thread-content-max-width:48rem] mx-auto max-w-(--thread-content-max-width) flex-1 group\/turn-messages focus-visible:outline-hidden relative flex w-full min-w-0 flex-col agent-turn\" tabindex=\"-1\">\n<div class=\"flex max-w-full flex-col grow\">\n<div class=\"min-h-8 text-message relative flex w-full flex-col items-end gap-2 text-start break-words whitespace-normal [.text-message+&amp;]:mt-5\" dir=\"auto\" data-message-author-role=\"assistant\" data-message-id=\"a9de21e1-f4a0-4b77-8d27-5f839debccad\" data-message-model-slug=\"gpt-5\">\n<div class=\"flex w-full flex-col gap-1 empty:hidden first:pt-[3px]\">\n<div class=\"markdown prose dark:prose-invert w-full break-words light markdown-new-styling\">\n<p data-start=\"125\" data-end=\"674\"><strong data-start=\"125\" data-end=\"171\">Life Extension Resveratrol Elite Optimized<\/strong> est un suppl\u00e9ment antioxydant puissant qui combine <strong data-start=\"223\" data-end=\"238\">resv\u00e9ratrol<\/strong> avec des <strong data-start=\"248\" data-end=\"276\">compos\u00e9s polyph\u00e9noliques<\/strong> suppl\u00e9mentaires pour offrir une protection sup\u00e9rieure contre le vieillissement cellulaire et soutenir la <strong data-start=\"382\" data-end=\"401\">sant\u00e9 cardiaque<\/strong>. Chaque capsule v\u00e9g\u00e9tarienne contient une formule avanc\u00e9e pour maximiser l&rsquo;absorption et les bienfaits du resv\u00e9ratrol, un polyph\u00e9nol extrait de la peau des raisins rouges, connu pour ses effets b\u00e9n\u00e9fiques sur la long\u00e9vit\u00e9 et la protection des cellules contre les dommages.<\/p>\n<ul data-start=\"676\" data-end=\"1801\">\n<li data-start=\"676\" data-end=\"924\">\n<p data-start=\"678\" data-end=\"924\"><strong data-start=\"678\" data-end=\"713\">Protection Antioxydante Avanc\u00e9e<\/strong> : Le resv\u00e9ratrol est un antioxydant puissant qui aide \u00e0 combattre les radicaux libres et \u00e0 r\u00e9duire le stress oxydatif dans l&rsquo;organisme, prot\u00e9geant ainsi les cellules des dommages et soutenant la sant\u00e9 g\u00e9n\u00e9rale.<\/p>\n<\/li>\n<li data-start=\"925\" data-end=\"1169\">\n<p data-start=\"927\" data-end=\"1169\"><strong data-start=\"927\" data-end=\"959\">Soutien \u00e0 la Sant\u00e9 Cardiaque<\/strong> : Le resv\u00e9ratrol est bien connu pour ses effets b\u00e9n\u00e9fiques sur la circulation sanguine, en am\u00e9liorant la sant\u00e9 des vaisseaux sanguins, en r\u00e9duisant l&rsquo;inflammation et en soutenant une pression art\u00e9rielle saine.<\/p>\n<\/li>\n<li data-start=\"1170\" data-end=\"1380\">\n<p data-start=\"1172\" data-end=\"1380\"><strong data-start=\"1172\" data-end=\"1195\">Propri\u00e9t\u00e9s Anti-\u00c2ge<\/strong> : Le resv\u00e9ratrol stimule les m\u00e9canismes de long\u00e9vit\u00e9 en activant les <strong data-start=\"1265\" data-end=\"1278\">sirtuines<\/strong>, des enzymes qui soutiennent la r\u00e9g\u00e9n\u00e9ration cellulaire et ralentissent les signes du vieillissement.<\/p>\n<\/li>\n<li data-start=\"1381\" data-end=\"1628\">\n<p data-start=\"1383\" data-end=\"1628\"><strong data-start=\"1383\" data-end=\"1404\">Formule Optimis\u00e9e<\/strong> : Cette formule avanc\u00e9e de resv\u00e9ratrol est optimis\u00e9e avec des polyph\u00e9nols compl\u00e9mentaires pour une absorption maximale et une efficacit\u00e9 accrue, offrant ainsi un soutien optimal pour la sant\u00e9 cellulaire et cardiovasculaire.<\/p>\n<\/li>\n<li data-start=\"1629\" data-end=\"1801\">\n<p data-start=\"1631\" data-end=\"1801\"><strong data-start=\"1631\" data-end=\"1655\">Formule V\u00e9g\u00e9tarienne<\/strong> : Chaque capsule est v\u00e9g\u00e9talienne, sans produits d&rsquo;origine animale, ce qui garantit qu\u2019elle convient \u00e0 un large \u00e9ventail de r\u00e9gimes alimentaires.<\/p>\n<\/li>\n<\/ul>\n<p data-start=\"1803\" data-end=\"1937\"><strong data-start=\"1803\" data-end=\"1818\">Utilisation<\/strong> : Prenez 1 capsule par jour, de pr\u00e9f\u00e9rence avec un repas, ou selon les recommandations d\u2019un professionnel de la sant\u00e9.<\/p>\n<h3 data-start=\"1939\" data-end=\"1957\"><strong data-start=\"1943\" data-end=\"1956\">Bienfaits<\/strong>:<\/h3>\n<ul data-start=\"1958\" data-end=\"2401\">\n<li data-start=\"1958\" data-end=\"2063\">\n<p data-start=\"1960\" data-end=\"2063\"><strong data-start=\"1960\" data-end=\"1999\">Propri\u00e9t\u00e9s antioxydantes puissantes<\/strong> pour prot\u00e9ger contre le stress oxydatif et les radicaux libres.<\/p>\n<\/li>\n<li data-start=\"2064\" data-end=\"2158\">\n<p data-start=\"2066\" data-end=\"2158\"><strong data-start=\"2066\" data-end=\"2097\">Soutient la sant\u00e9 cardiaque<\/strong> en am\u00e9liorant la circulation et en r\u00e9duisant l&rsquo;inflammation.<\/p>\n<\/li>\n<li data-start=\"2159\" data-end=\"2239\">\n<p data-start=\"2161\" data-end=\"2239\"><strong data-start=\"2161\" data-end=\"2186\">Favorise la long\u00e9vit\u00e9<\/strong> et ralentit les signes du vieillissement cellulaire.<\/p>\n<\/li>\n<li data-start=\"2240\" data-end=\"2319\">\n<p data-start=\"2242\" data-end=\"2319\"><strong data-start=\"2242\" data-end=\"2263\">Formule optimis\u00e9e<\/strong> pour une absorption maximale et des r\u00e9sultats durables.<\/p>\n<\/li>\n<li data-start=\"2320\" data-end=\"2401\">\n<p data-start=\"2322\" data-end=\"2401\"><strong data-start=\"2322\" data-end=\"2336\">V\u00e9g\u00e9talien<\/strong> et sans produits d&rsquo;origine animale pour une absorption efficace.<\/p>\n<\/li>\n<\/ul>\n<p data-start=\"2403\" data-end=\"2644\" data-is-last-node=\"\" data-is-only-node=\"\"><strong data-start=\"2403\" data-end=\"2449\">Life Extension Resveratrol Elite Optimized<\/strong> est id\u00e9al pour ceux qui cherchent \u00e0 am\u00e9liorer leur sant\u00e9 cardiaque, prot\u00e9ger leurs cellules contre les radicaux libres et favoriser un vieillissement sain avec un suppl\u00e9ment naturel et puissant.<\/p>\n<\/div>\n<\/div>\n<\/div>\n<\/div>\n<div class=\"flex min-h-[46px] justify-start\"><\/div>\n<div class=\"mt-3 w-full empty:hidden\">\n<div class=\"text-center\"><\/div>\n<\/div>\n<\/div>\n<\/div>\n<\/article>\n<div class=\"pointer-events-none h-px w-px\" aria-hidden=\"true\" data-edge=\"true\"><\/div>\n","protected":false},"excerpt":{"rendered":"<ul>\n<li>Contient du trans-resv\u00e9ratrol, un nutriment favorisant le vieillissement en bonne sant\u00e9.<\/li>\n<li>Offre une biodisponibilit\u00e9 jusqu&rsquo;\u00e0 10\u00a0fois sup\u00e9rieure*.<\/li>\n<li>Aide \u00e0 maintenir une tension art\u00e9rielle normale.<\/li>\n<li>Prot\u00e8ge du stress oxydatif.<\/li>\n<li>Favorise la sant\u00e9 c\u00e9r\u00e9brale.<\/li>\n<li>Contient de la querc\u00e9tine biodisponible.<\/li>\n<li>Sans OGM, certifi\u00e9\u00a0LE.<\/li>\n<li>Gluten free.<\/li>\n<li>Resv\u00e9ratrol et querc\u00e9tine \u00e0 haute biodisponibilit\u00e9.<\/li>\n<li>Dietary supplement.<\/li>\n<\/ul>","protected":false},"featured_media":25528,"template":"","meta":{"om_disable_all_campaigns":false},"product_brand":[283],"product_cat":[18,3366],"product_tag":[3776,3777,3778,3779],"class_list":{"0":"post-25456","1":"product","2":"type-product","3":"status-publish","4":"has-post-thumbnail","6":"product_brand-life-extension-maroc-prix","7":"product_cat-beaute-sante","8":"product_cat-complements-alimentaires-au-maroc-vitablanca","9":"product_tag-antioxydant-naturel-longevite","10":"product_tag-capsules-vegetariennes-resveratrol","11":"product_tag-life-extension-resveratrol","12":"product_tag-resveratrol-optimise","14":"first","15":"instock","16":"taxable","17":"shipping-taxable","18":"purchasable","19":"product-type-simple"},"yoast_head":"<!-- This site is optimized with the Yoast SEO plugin v27.4 - https:\/\/yoast.com\/product\/yoast-seo-wordpress\/ -->\n<title>Life Extension Resv\u00e9ratrol Elite optimis\u00e9, 60 capsules - Maroc Prix<\/title>\n<meta name=\"description\" content=\"D\u00e9couvrez Life Extension Resveratrol Elite Optimized, 60 capsules , un puissant suppl\u00e9ment antioxydant pour soutenir la sant\u00e9 cardiaque, lutter contre\" \/>\n<meta name=\"robots\" content=\"index, follow, max-snippet:-1, max-image-preview:large, max-video-preview:-1\" \/>\n<link rel=\"canonical\" href=\"https:\/\/vitablanca.ma\/en\/product\/life-extension-resveratrol-optimise-60-capsules-vegetariennes\/\" \/>\n<meta property=\"og:locale\" content=\"en_US\" \/>\n<meta property=\"og:type\" content=\"article\" \/>\n<meta property=\"og:title\" content=\"Life Extension Resv\u00e9ratrol Elite optimis\u00e9, 60 capsules - Maroc Prix\" \/>\n<meta property=\"og:description\" content=\"D\u00e9couvrez Life Extension Resveratrol Elite Optimized, 60 capsules , un puissant suppl\u00e9ment antioxydant pour soutenir la sant\u00e9 cardiaque, lutter contre\" \/>\n<meta property=\"og:url\" content=\"https:\/\/vitablanca.ma\/en\/product\/life-extension-resveratrol-optimise-60-capsules-vegetariennes\/\" \/>\n<meta property=\"og:site_name\" content=\"Vitablanca.ma &ndash; Sant&eacute;, vitalit&eacute; et bien-&ecirc;tre pour tous les Marocains\" \/>\n<meta property=\"article:publisher\" content=\"https:\/\/www.facebook.com\/profile.php?id=61576678196717\" \/>\n<meta property=\"article:modified_time\" content=\"2025-09-22T18:10:21+00:00\" \/>\n<meta property=\"og:image\" content=\"https:\/\/vitablanca.ma\/wp-content\/uploads\/2025\/09\/Life-Extension-Resveratrol-optimise-60-capsules-vegetariennes.jpg\" \/>\n\t<meta property=\"og:image:width\" content=\"680\" \/>\n\t<meta property=\"og:image:height\" content=\"680\" \/>\n\t<meta property=\"og:image:type\" content=\"image\/jpeg\" \/>\n<meta name=\"twitter:card\" content=\"summary_large_image\" \/>\n<meta name=\"twitter:label1\" content=\"Est. reading time\" \/>\n\t<meta name=\"twitter:data1\" content=\"2 minutes\" \/>\n<script type=\"application\/ld+json\" class=\"yoast-schema-graph\">{\"@context\":\"https:\\\/\\\/schema.org\",\"@graph\":[{\"@type\":[\"WebPage\",\"ItemPage\"],\"@id\":\"https:\\\/\\\/vitablanca.ma\\\/produit\\\/life-extension-resveratrol-optimise-60-capsules-vegetariennes\\\/\",\"url\":\"https:\\\/\\\/vitablanca.ma\\\/produit\\\/life-extension-resveratrol-optimise-60-capsules-vegetariennes\\\/\",\"name\":\"Life Extension Resv\u00e9ratrol Elite optimis\u00e9, 60 capsules - Maroc Prix\",\"isPartOf\":{\"@id\":\"https:\\\/\\\/vitablanca.ma\\\/#website\"},\"primaryImageOfPage\":{\"@id\":\"https:\\\/\\\/vitablanca.ma\\\/produit\\\/life-extension-resveratrol-optimise-60-capsules-vegetariennes\\\/#primaryimage\"},\"image\":{\"@id\":\"https:\\\/\\\/vitablanca.ma\\\/produit\\\/life-extension-resveratrol-optimise-60-capsules-vegetariennes\\\/#primaryimage\"},\"thumbnailUrl\":\"https:\\\/\\\/vitablanca.ma\\\/wp-content\\\/uploads\\\/2025\\\/09\\\/Life-Extension-Resveratrol-optimise-60-capsules-vegetariennes.jpg\",\"datePublished\":\"2025-09-18T01:50:23+00:00\",\"dateModified\":\"2025-09-22T18:10:21+00:00\",\"description\":\"D\u00e9couvrez Life Extension Resveratrol Elite Optimized, 60 capsules , un puissant suppl\u00e9ment antioxydant pour soutenir la sant\u00e9 cardiaque, lutter contre\",\"breadcrumb\":{\"@id\":\"https:\\\/\\\/vitablanca.ma\\\/produit\\\/life-extension-resveratrol-optimise-60-capsules-vegetariennes\\\/#breadcrumb\"},\"inLanguage\":\"en-US\",\"potentialAction\":[{\"@type\":\"ReadAction\",\"target\":[\"https:\\\/\\\/vitablanca.ma\\\/produit\\\/life-extension-resveratrol-optimise-60-capsules-vegetariennes\\\/\"]}]},{\"@type\":\"ImageObject\",\"inLanguage\":\"en-US\",\"@id\":\"https:\\\/\\\/vitablanca.ma\\\/produit\\\/life-extension-resveratrol-optimise-60-capsules-vegetariennes\\\/#primaryimage\",\"url\":\"https:\\\/\\\/vitablanca.ma\\\/wp-content\\\/uploads\\\/2025\\\/09\\\/Life-Extension-Resveratrol-optimise-60-capsules-vegetariennes.jpg\",\"contentUrl\":\"https:\\\/\\\/vitablanca.ma\\\/wp-content\\\/uploads\\\/2025\\\/09\\\/Life-Extension-Resveratrol-optimise-60-capsules-vegetariennes.jpg\",\"width\":680,\"height\":680},{\"@type\":\"BreadcrumbList\",\"@id\":\"https:\\\/\\\/vitablanca.ma\\\/produit\\\/life-extension-resveratrol-optimise-60-capsules-vegetariennes\\\/#breadcrumb\",\"itemListElement\":[{\"@type\":\"ListItem\",\"position\":1,\"name\":\"Home\",\"item\":\"https:\\\/\\\/vitablanca.ma\\\/\"},{\"@type\":\"ListItem\",\"position\":2,\"name\":\"Tous Les Produits\",\"item\":\"https:\\\/\\\/vitablanca.ma\\\/tous-les-produits\\\/\"},{\"@type\":\"ListItem\",\"position\":3,\"name\":\"Life Extension Resv\u00e9ratrol Elite optimis\u00e9, 60 capsules v\u00e9g\u00e9tariennes\"}]},{\"@type\":\"WebSite\",\"@id\":\"https:\\\/\\\/vitablanca.ma\\\/#website\",\"url\":\"https:\\\/\\\/vitablanca.ma\\\/\",\"name\":\"VitaBlanca.ma | Compl\u00e9ments alimentaires, sant\u00e9 & beaut\u00e9 au Maroc\",\"description\":\"vendre vitamines et compl\u00e9ments premium des USA &amp; Canada, Nouvelle Z\u00e9lande,Maroc (NOW Foods, Solgar, Manuka). Livraison rapide partout au Maroc.\",\"publisher\":{\"@id\":\"https:\\\/\\\/vitablanca.ma\\\/#organization\"},\"alternateName\":\"VitaBlanca.ma\",\"potentialAction\":[{\"@type\":\"SearchAction\",\"target\":{\"@type\":\"EntryPoint\",\"urlTemplate\":\"https:\\\/\\\/vitablanca.ma\\\/?s={search_term_string}\"},\"query-input\":{\"@type\":\"PropertyValueSpecification\",\"valueRequired\":true,\"valueName\":\"search_term_string\"}}],\"inLanguage\":\"en-US\"},{\"@type\":\"Organization\",\"@id\":\"https:\\\/\\\/vitablanca.ma\\\/#organization\",\"name\":\"VitaBlanca\",\"url\":\"https:\\\/\\\/vitablanca.ma\\\/\",\"logo\":{\"@type\":\"ImageObject\",\"inLanguage\":\"en-US\",\"@id\":\"https:\\\/\\\/vitablanca.ma\\\/#\\\/schema\\\/logo\\\/image\\\/\",\"url\":\"https:\\\/\\\/vitablanca.ma\\\/wp-content\\\/uploads\\\/2025\\\/05\\\/cropped-vitablanca.png\",\"contentUrl\":\"https:\\\/\\\/vitablanca.ma\\\/wp-content\\\/uploads\\\/2025\\\/05\\\/cropped-vitablanca.png\",\"width\":360,\"height\":67,\"caption\":\"VitaBlanca\"},\"image\":{\"@id\":\"https:\\\/\\\/vitablanca.ma\\\/#\\\/schema\\\/logo\\\/image\\\/\"},\"sameAs\":[\"https:\\\/\\\/www.facebook.com\\\/profile.php?id=61576678196717\",\"https:\\\/\\\/www.tiktok.com\\\/@vitablanca.ma\",\"https:\\\/\\\/www.instagram.com\\\/vitablanca.ma\\\/\"]}]}<\/script>\n<!-- \/ Yoast SEO plugin. -->","yoast_head_json":{"title":"Life Extension Resv\u00e9ratrol Elite optimis\u00e9, 60 capsules - Maroc Prix","description":"D\u00e9couvrez Life Extension Resveratrol Elite Optimized, 60 capsules , un puissant suppl\u00e9ment antioxydant pour soutenir la sant\u00e9 cardiaque, lutter contre","robots":{"index":"index","follow":"follow","max-snippet":"max-snippet:-1","max-image-preview":"max-image-preview:large","max-video-preview":"max-video-preview:-1"},"canonical":"https:\/\/vitablanca.ma\/en\/product\/life-extension-resveratrol-optimise-60-capsules-vegetariennes\/","og_locale":"en_US","og_type":"article","og_title":"Life Extension Resv\u00e9ratrol Elite optimis\u00e9, 60 capsules - Maroc Prix","og_description":"D\u00e9couvrez Life Extension Resveratrol Elite Optimized, 60 capsules , un puissant suppl\u00e9ment antioxydant pour soutenir la sant\u00e9 cardiaque, lutter contre","og_url":"https:\/\/vitablanca.ma\/en\/product\/life-extension-resveratrol-optimise-60-capsules-vegetariennes\/","og_site_name":"Vitablanca.ma &ndash; Sant&eacute;, vitalit&eacute; et bien-&ecirc;tre pour tous les Marocains","article_publisher":"https:\/\/www.facebook.com\/profile.php?id=61576678196717","article_modified_time":"2025-09-22T18:10:21+00:00","og_image":[{"width":680,"height":680,"url":"https:\/\/vitablanca.ma\/wp-content\/uploads\/2025\/09\/Life-Extension-Resveratrol-optimise-60-capsules-vegetariennes.jpg","type":"image\/jpeg"}],"twitter_card":"summary_large_image","twitter_misc":{"Est. reading time":"2 minutes"},"schema":{"@context":"https:\/\/schema.org","@graph":[{"@type":["WebPage","ItemPage"],"@id":"https:\/\/vitablanca.ma\/produit\/life-extension-resveratrol-optimise-60-capsules-vegetariennes\/","url":"https:\/\/vitablanca.ma\/produit\/life-extension-resveratrol-optimise-60-capsules-vegetariennes\/","name":"Life Extension Resv\u00e9ratrol Elite optimis\u00e9, 60 capsules - Maroc Prix","isPartOf":{"@id":"https:\/\/vitablanca.ma\/#website"},"primaryImageOfPage":{"@id":"https:\/\/vitablanca.ma\/produit\/life-extension-resveratrol-optimise-60-capsules-vegetariennes\/#primaryimage"},"image":{"@id":"https:\/\/vitablanca.ma\/produit\/life-extension-resveratrol-optimise-60-capsules-vegetariennes\/#primaryimage"},"thumbnailUrl":"https:\/\/vitablanca.ma\/wp-content\/uploads\/2025\/09\/Life-Extension-Resveratrol-optimise-60-capsules-vegetariennes.jpg","datePublished":"2025-09-18T01:50:23+00:00","dateModified":"2025-09-22T18:10:21+00:00","description":"D\u00e9couvrez Life Extension Resveratrol Elite Optimized, 60 capsules , un puissant suppl\u00e9ment antioxydant pour soutenir la sant\u00e9 cardiaque, lutter contre","breadcrumb":{"@id":"https:\/\/vitablanca.ma\/produit\/life-extension-resveratrol-optimise-60-capsules-vegetariennes\/#breadcrumb"},"inLanguage":"en-US","potentialAction":[{"@type":"ReadAction","target":["https:\/\/vitablanca.ma\/produit\/life-extension-resveratrol-optimise-60-capsules-vegetariennes\/"]}]},{"@type":"ImageObject","inLanguage":"en-US","@id":"https:\/\/vitablanca.ma\/produit\/life-extension-resveratrol-optimise-60-capsules-vegetariennes\/#primaryimage","url":"https:\/\/vitablanca.ma\/wp-content\/uploads\/2025\/09\/Life-Extension-Resveratrol-optimise-60-capsules-vegetariennes.jpg","contentUrl":"https:\/\/vitablanca.ma\/wp-content\/uploads\/2025\/09\/Life-Extension-Resveratrol-optimise-60-capsules-vegetariennes.jpg","width":680,"height":680},{"@type":"BreadcrumbList","@id":"https:\/\/vitablanca.ma\/produit\/life-extension-resveratrol-optimise-60-capsules-vegetariennes\/#breadcrumb","itemListElement":[{"@type":"ListItem","position":1,"name":"Home","item":"https:\/\/vitablanca.ma\/"},{"@type":"ListItem","position":2,"name":"Tous Les Produits","item":"https:\/\/vitablanca.ma\/tous-les-produits\/"},{"@type":"ListItem","position":3,"name":"Life Extension Resv\u00e9ratrol Elite optimis\u00e9, 60 capsules v\u00e9g\u00e9tariennes"}]},{"@type":"WebSite","@id":"https:\/\/vitablanca.ma\/#website","url":"https:\/\/vitablanca.ma\/","name":"VitaBlanca.ma | Food supplements, health &amp; beauty in Morocco","description":"sell premium vitamins and supplements from USA &amp; Canada, New Zealand, Morocco (NOW Foods, Solgar, Manuka). Fast delivery anywhere in Morocco.","publisher":{"@id":"https:\/\/vitablanca.ma\/#organization"},"alternateName":"VitaBlanca.ma","potentialAction":[{"@type":"SearchAction","target":{"@type":"EntryPoint","urlTemplate":"https:\/\/vitablanca.ma\/?s={search_term_string}"},"query-input":{"@type":"PropertyValueSpecification","valueRequired":true,"valueName":"search_term_string"}}],"inLanguage":"en-US"},{"@type":"Organization","@id":"https:\/\/vitablanca.ma\/#organization","name":"VitaBlanca","url":"https:\/\/vitablanca.ma\/","logo":{"@type":"ImageObject","inLanguage":"en-US","@id":"https:\/\/vitablanca.ma\/#\/schema\/logo\/image\/","url":"https:\/\/vitablanca.ma\/wp-content\/uploads\/2025\/05\/cropped-vitablanca.png","contentUrl":"https:\/\/vitablanca.ma\/wp-content\/uploads\/2025\/05\/cropped-vitablanca.png","width":360,"height":67,"caption":"VitaBlanca"},"image":{"@id":"https:\/\/vitablanca.ma\/#\/schema\/logo\/image\/"},"sameAs":["https:\/\/www.facebook.com\/profile.php?id=61576678196717","https:\/\/www.tiktok.com\/@vitablanca.ma","https:\/\/www.instagram.com\/vitablanca.ma\/"]}]}},"jetpack_sharing_enabled":true,"_links":{"self":[{"href":"https:\/\/vitablanca.ma\/en\/wp-json\/wp\/v2\/product\/25456","targetHints":{"allow":["GET"]}}],"collection":[{"href":"https:\/\/vitablanca.ma\/en\/wp-json\/wp\/v2\/product"}],"about":[{"href":"https:\/\/vitablanca.ma\/en\/wp-json\/wp\/v2\/types\/product"}],"wp:featuredmedia":[{"embeddable":true,"href":"https:\/\/vitablanca.ma\/en\/wp-json\/wp\/v2\/media\/25528"}],"wp:attachment":[{"href":"https:\/\/vitablanca.ma\/en\/wp-json\/wp\/v2\/media?parent=25456"}],"wp:term":[{"taxonomy":"product_brand","embeddable":true,"href":"https:\/\/vitablanca.ma\/en\/wp-json\/wp\/v2\/product_brand?post=25456"},{"taxonomy":"product_cat","embeddable":true,"href":"https:\/\/vitablanca.ma\/en\/wp-json\/wp\/v2\/product_cat?post=25456"},{"taxonomy":"product_tag","embeddable":true,"href":"https:\/\/vitablanca.ma\/en\/wp-json\/wp\/v2\/product_tag?post=25456"}],"curies":[{"name":"wp","href":"https:\/\/api.w.org\/{rel}","templated":true}]}}