{"id":25451,"date":"2025-09-18T01:50:23","date_gmt":"2025-09-18T01:50:23","guid":{"rendered":"https:\/\/vitablanca.ma\/?post_type=product&#038;p=25451"},"modified":"2025-09-22T18:10:21","modified_gmt":"2025-09-22T18:10:21","slug":"now-foods-daily-vits-multi-vitamines-et-mineraux-120-capsules-vegetales-2","status":"publish","type":"product","link":"https:\/\/vitablanca.ma\/en\/product\/now-foods-daily-vits-multi-vitamines-et-mineraux-120-capsules-vegetales-2\/","title":{"rendered":"Now Foods Daily Vits Multi vitamines et min\u00e9raux 120 capsules v\u00e9g\u00e9tales"},"content":{"rendered":"<p data-start=\"138\" data-end=\"565\"><strong data-start=\"138\" data-end=\"162\">Now Foods Daily Vits<\/strong> is a <strong data-start=\"170\" data-end=\"221\">complexe complet de multi-vitamines et min\u00e9raux<\/strong>, con\u00e7u pour fournir une <strong data-start=\"246\" data-end=\"284\">couverture nutritionnelle compl\u00e8te<\/strong> au quotidien. Chaque capsule v\u00e9g\u00e9talienne contient une combinaison \u00e9quilibr\u00e9e de <strong data-start=\"366\" data-end=\"392\">vitamines essentielles<\/strong>, of <strong data-start=\"397\" data-end=\"409\">minerals<\/strong> et d\u2019autres nutriments qui aident \u00e0 soutenir votre <strong data-start=\"461\" data-end=\"482\">general well-being<\/strong>, \u00e0 renforcer votre <strong data-start=\"502\" data-end=\"525\">immune system<\/strong> et \u00e0 maintenir un <strong data-start=\"544\" data-end=\"564\" data-is-only-node=\"\">m\u00e9tabolisme sain<\/strong>.<\/p>\n<ul data-start=\"567\" data-end=\"1767\">\n<li data-start=\"567\" data-end=\"889\">\n<p data-start=\"569\" data-end=\"889\"><strong data-start=\"569\" data-end=\"600\">Soutien \u00e0 la Sant\u00e9 G\u00e9n\u00e9rale<\/strong> : Ce suppl\u00e9ment offre des vitamines et min\u00e9raux essentiels pour maintenir l\u2019\u00e9nergie, favoriser la sant\u00e9 cardiovasculaire et soutenir le m\u00e9tabolisme. Il contient des <strong data-start=\"766\" data-end=\"781\">B vitamins<\/strong> pour l\u2019\u00e9nergie, ainsi que de la <strong data-start=\"814\" data-end=\"828\">vitamin C<\/strong> and of the <strong data-start=\"838\" data-end=\"852\">vitamin E<\/strong> pour leurs propri\u00e9t\u00e9s antioxydantes.<\/p>\n<\/li>\n<li data-start=\"890\" data-end=\"1119\">\n<p data-start=\"892\" data-end=\"1119\"><strong data-start=\"892\" data-end=\"931\">Renforcement du Syst\u00e8me Immunitaire<\/strong> : La formule contient de la <strong data-start=\"960\" data-end=\"974\">vitamin C<\/strong>, of the <strong data-start=\"982\" data-end=\"996\">vitamin D<\/strong> and the <strong data-start=\"1003\" data-end=\"1011\">zinc<\/strong>, trois \u00e9l\u00e9ments cl\u00e9s qui soutiennent le syst\u00e8me immunitaire et renforcent les d\u00e9fenses naturelles du corps.<\/p>\n<\/li>\n<li data-start=\"1120\" data-end=\"1390\">\n<p data-start=\"1122\" data-end=\"1390\"><strong data-start=\"1122\" data-end=\"1160\">Absorption Optimale des Nutriments<\/strong> : Les <strong data-start=\"1167\" data-end=\"1179\">minerals<\/strong> comme le <strong data-start=\"1189\" data-end=\"1200\">calcium<\/strong>, THE <strong data-start=\"1205\" data-end=\"1218\">magnesium<\/strong> and the <strong data-start=\"1225\" data-end=\"1238\">potassium<\/strong> sont essentiels pour la sant\u00e9 osseuse, la fonction musculaire et l\u2019\u00e9quilibre \u00e9lectrolytique, tout en facilitant une absorption optimale des nutriments.<\/p>\n<\/li>\n<li data-start=\"1391\" data-end=\"1580\">\n<p data-start=\"1393\" data-end=\"1580\"><strong data-start=\"1393\" data-end=\"1417\">Formule V\u00e9g\u00e9talienne<\/strong> : Ces capsules sont formul\u00e9es \u00e0 partir d\u2019ingr\u00e9dients v\u00e9g\u00e9tariens, garantissant qu\u2019elles conviennent aux r\u00e9gimes v\u00e9g\u00e9tariens et v\u00e9g\u00e9taliens sans additifs inutiles.<\/p>\n<\/li>\n<li data-start=\"1581\" data-end=\"1767\">\n<p data-start=\"1583\" data-end=\"1767\"><strong data-start=\"1583\" data-end=\"1606\">Bien-\u00eatre Quotidien<\/strong> : Ce suppl\u00e9ment est con\u00e7u pour compl\u00e9ter votre alimentation quotidienne, vous assurant que vous obtenez tous les nutriments essentiels pour un mode de vie sain.<\/p>\n<\/li>\n<\/ul>\n<p data-start=\"1769\" data-end=\"1917\"><strong data-start=\"1769\" data-end=\"1784\">Use<\/strong> : Prenez 1 capsule 1 \u00e0 2 fois par jour, de pr\u00e9f\u00e9rence pendant un repas, ou selon les recommandations d\u2019un professionnel de la sant\u00e9.<\/p>\n<h3 data-start=\"1919\" data-end=\"1937\"><strong data-start=\"1923\" data-end=\"1936\">Benefits<\/strong>:<\/h3>\n<ul data-start=\"1938\" data-end=\"2255\">\n<li data-start=\"1938\" data-end=\"2021\">\n<p data-start=\"1940\" data-end=\"2021\"><strong data-start=\"1940\" data-end=\"1970\">Soutient la sant\u00e9 g\u00e9n\u00e9rale<\/strong> en offrant une couverture nutritionnelle compl\u00e8te.<\/p>\n<\/li>\n<li data-start=\"2022\" data-end=\"2096\">\n<p data-start=\"2024\" data-end=\"2096\"><strong data-start=\"2024\" data-end=\"2059\">Strengthens the immune system<\/strong> gr\u00e2ce \u00e0 la vitamine C, D et au zinc.<\/p>\n<\/li>\n<li data-start=\"2097\" data-end=\"2175\">\n<p data-start=\"2099\" data-end=\"2175\"><strong data-start=\"2099\" data-end=\"2128\">Favorise la sant\u00e9 osseuse<\/strong> et musculaire avec du calcium et du magn\u00e9sium.<\/p>\n<\/li>\n<li data-start=\"2176\" data-end=\"2252\">\n<p data-start=\"2178\" data-end=\"2252\"><strong data-start=\"2178\" data-end=\"2202\">Formule v\u00e9g\u00e9talienne<\/strong> pour une absorption optimale et une prise facile.<\/p>\n<\/li>\n<\/ul>\n<p data-start=\"2256\" data-end=\"2480\" data-is-last-node=\"\" data-is-only-node=\"\"><strong data-start=\"2256\" data-end=\"2280\">Now Foods Daily Vits<\/strong> est parfait pour ceux qui recherchent un suppl\u00e9ment complet de vitamines et min\u00e9raux pour soutenir leur sant\u00e9 globale et combler les besoins nutritionnels quotidiens de mani\u00e8re naturelle et efficace.<\/p>","protected":false},"excerpt":{"rendered":"<ul>\n<li>Multivitamins and minerals<\/li>\n<li>One capsule per day<\/li>\n<li>With fruit and vegetable blend, lutein and lycopene<\/li>\n<li>A dietary supplement<\/li>\n<li>Vegetarian\/Vegan<\/li>\n<\/ul>","protected":false},"featured_media":25517,"template":"","meta":{"om_disable_all_campaigns":false},"product_brand":[83],"product_cat":[18,3366],"product_tag":[3753,3754,3755,484,3756],"class_list":{"0":"post-25451","1":"product","2":"type-product","3":"status-publish","4":"has-post-thumbnail","6":"product_brand-now-foods-maroc-prix","7":"product_cat-beaute-sante","8":"product_cat-complements-alimentaires-au-maroc-vitablanca","9":"product_tag-complement-nutritionnel-quotidien","10":"product_tag-multi-vitamines-et-mineraux-vegetales","11":"product_tag-now-foods-120-capsules","12":"product_tag-now-foods-daily-vits","13":"product_tag-vitamines-pour-energie-et-immunite","15":"first","16":"instock","17":"sale","18":"taxable","19":"shipping-taxable","20":"purchasable","21":"product-type-simple"},"yoast_head":"<!-- This site is optimized with the Yoast SEO plugin v27.5 - https:\/\/yoast.com\/product\/yoast-seo-wordpress\/ -->\n<title>Now Foods Daily Vits Multi vitamines 120 capsules - Maroc Prix<\/title>\n<meta name=\"description\" content=\"D\u00e9couvrez Now Foods Daily Vits, un complexe de multi-vitamines et min\u00e9raux, 120 capsules , con\u00e7u pour soutenir la sant\u00e9 g\u00e9n\u00e9rale, renforcer le syst\u00e8me immunitaire\" \/>\n<meta name=\"robots\" content=\"index, follow, max-snippet:-1, max-image-preview:large, max-video-preview:-1\" \/>\n<link rel=\"canonical\" href=\"https:\/\/vitablanca.ma\/en\/product\/now-foods-daily-vits-multi-vitamines-et-mineraux-120-capsules-vegetales-2\/\" \/>\n<meta property=\"og:locale\" content=\"en_US\" \/>\n<meta property=\"og:type\" content=\"article\" \/>\n<meta property=\"og:title\" content=\"Now Foods Daily Vits Multi vitamines 120 capsules - Maroc Prix\" \/>\n<meta property=\"og:description\" content=\"D\u00e9couvrez Now Foods Daily Vits, un complexe de multi-vitamines et min\u00e9raux, 120 capsules , con\u00e7u pour soutenir la sant\u00e9 g\u00e9n\u00e9rale, renforcer le syst\u00e8me immunitaire\" \/>\n<meta property=\"og:url\" content=\"https:\/\/vitablanca.ma\/en\/product\/now-foods-daily-vits-multi-vitamines-et-mineraux-120-capsules-vegetales-2\/\" \/>\n<meta property=\"og:site_name\" content=\"Vitablanca.ma &ndash; Sant&eacute;, vitalit&eacute; et bien-&ecirc;tre pour tous les Marocains\" \/>\n<meta property=\"article:publisher\" content=\"https:\/\/www.facebook.com\/profile.php?id=61576678196717\" \/>\n<meta property=\"article:modified_time\" content=\"2025-09-22T18:10:21+00:00\" \/>\n<meta property=\"og:image\" content=\"https:\/\/vitablanca.ma\/wp-content\/uploads\/2025\/09\/Now-Foods-Daily-Vits-Multi-vitamines-et-mineraux-120-capsules-vegetales-1.jpg\" \/>\n\t<meta property=\"og:image:width\" content=\"680\" \/>\n\t<meta property=\"og:image:height\" content=\"680\" \/>\n\t<meta property=\"og:image:type\" content=\"image\/jpeg\" \/>\n<meta name=\"twitter:card\" content=\"summary_large_image\" \/>\n<meta name=\"twitter:label1\" content=\"Est. reading time\" \/>\n\t<meta name=\"twitter:data1\" content=\"2 minutes\" \/>\n<script type=\"application\/ld+json\" class=\"yoast-schema-graph\">{\"@context\":\"https:\\\/\\\/schema.org\",\"@graph\":[{\"@type\":[\"WebPage\",\"ItemPage\"],\"@id\":\"https:\\\/\\\/vitablanca.ma\\\/produit\\\/now-foods-daily-vits-multi-vitamines-et-mineraux-120-capsules-vegetales-2\\\/\",\"url\":\"https:\\\/\\\/vitablanca.ma\\\/produit\\\/now-foods-daily-vits-multi-vitamines-et-mineraux-120-capsules-vegetales-2\\\/\",\"name\":\"Now Foods Daily Vits Multi vitamines 120 capsules - Maroc Prix\",\"isPartOf\":{\"@id\":\"https:\\\/\\\/vitablanca.ma\\\/#website\"},\"primaryImageOfPage\":{\"@id\":\"https:\\\/\\\/vitablanca.ma\\\/produit\\\/now-foods-daily-vits-multi-vitamines-et-mineraux-120-capsules-vegetales-2\\\/#primaryimage\"},\"image\":{\"@id\":\"https:\\\/\\\/vitablanca.ma\\\/produit\\\/now-foods-daily-vits-multi-vitamines-et-mineraux-120-capsules-vegetales-2\\\/#primaryimage\"},\"thumbnailUrl\":\"https:\\\/\\\/vitablanca.ma\\\/wp-content\\\/uploads\\\/2025\\\/09\\\/Now-Foods-Daily-Vits-Multi-vitamines-et-mineraux-120-capsules-vegetales-1.jpg\",\"datePublished\":\"2025-09-18T01:50:23+00:00\",\"dateModified\":\"2025-09-22T18:10:21+00:00\",\"description\":\"D\u00e9couvrez Now Foods Daily Vits, un complexe de multi-vitamines et min\u00e9raux, 120 capsules , con\u00e7u pour soutenir la sant\u00e9 g\u00e9n\u00e9rale, renforcer le syst\u00e8me immunitaire\",\"breadcrumb\":{\"@id\":\"https:\\\/\\\/vitablanca.ma\\\/produit\\\/now-foods-daily-vits-multi-vitamines-et-mineraux-120-capsules-vegetales-2\\\/#breadcrumb\"},\"inLanguage\":\"en-US\",\"potentialAction\":[{\"@type\":\"ReadAction\",\"target\":[\"https:\\\/\\\/vitablanca.ma\\\/produit\\\/now-foods-daily-vits-multi-vitamines-et-mineraux-120-capsules-vegetales-2\\\/\"]}]},{\"@type\":\"ImageObject\",\"inLanguage\":\"en-US\",\"@id\":\"https:\\\/\\\/vitablanca.ma\\\/produit\\\/now-foods-daily-vits-multi-vitamines-et-mineraux-120-capsules-vegetales-2\\\/#primaryimage\",\"url\":\"https:\\\/\\\/vitablanca.ma\\\/wp-content\\\/uploads\\\/2025\\\/09\\\/Now-Foods-Daily-Vits-Multi-vitamines-et-mineraux-120-capsules-vegetales-1.jpg\",\"contentUrl\":\"https:\\\/\\\/vitablanca.ma\\\/wp-content\\\/uploads\\\/2025\\\/09\\\/Now-Foods-Daily-Vits-Multi-vitamines-et-mineraux-120-capsules-vegetales-1.jpg\",\"width\":680,\"height\":680},{\"@type\":\"BreadcrumbList\",\"@id\":\"https:\\\/\\\/vitablanca.ma\\\/produit\\\/now-foods-daily-vits-multi-vitamines-et-mineraux-120-capsules-vegetales-2\\\/#breadcrumb\",\"itemListElement\":[{\"@type\":\"ListItem\",\"position\":1,\"name\":\"Home\",\"item\":\"https:\\\/\\\/vitablanca.ma\\\/\"},{\"@type\":\"ListItem\",\"position\":2,\"name\":\"Tous Les Produits\",\"item\":\"https:\\\/\\\/vitablanca.ma\\\/tous-les-produits\\\/\"},{\"@type\":\"ListItem\",\"position\":3,\"name\":\"Now Foods Daily Vits Multi vitamines et min\u00e9raux 120 capsules v\u00e9g\u00e9tales\"}]},{\"@type\":\"WebSite\",\"@id\":\"https:\\\/\\\/vitablanca.ma\\\/#website\",\"url\":\"https:\\\/\\\/vitablanca.ma\\\/\",\"name\":\"VitaBlanca.ma | Compl\u00e9ments alimentaires, sant\u00e9 & beaut\u00e9 au Maroc\",\"description\":\"vendre vitamines et compl\u00e9ments premium des USA &amp; Canada, Nouvelle Z\u00e9lande,Maroc (NOW Foods, Solgar, Manuka). Livraison rapide partout au Maroc.\",\"publisher\":{\"@id\":\"https:\\\/\\\/vitablanca.ma\\\/#organization\"},\"alternateName\":\"VitaBlanca.ma\",\"potentialAction\":[{\"@type\":\"SearchAction\",\"target\":{\"@type\":\"EntryPoint\",\"urlTemplate\":\"https:\\\/\\\/vitablanca.ma\\\/?s={search_term_string}\"},\"query-input\":{\"@type\":\"PropertyValueSpecification\",\"valueRequired\":true,\"valueName\":\"search_term_string\"}}],\"inLanguage\":\"en-US\"},{\"@type\":\"Organization\",\"@id\":\"https:\\\/\\\/vitablanca.ma\\\/#organization\",\"name\":\"VitaBlanca\",\"url\":\"https:\\\/\\\/vitablanca.ma\\\/\",\"logo\":{\"@type\":\"ImageObject\",\"inLanguage\":\"en-US\",\"@id\":\"https:\\\/\\\/vitablanca.ma\\\/#\\\/schema\\\/logo\\\/image\\\/\",\"url\":\"https:\\\/\\\/vitablanca.ma\\\/wp-content\\\/uploads\\\/2025\\\/05\\\/cropped-vitablanca.png\",\"contentUrl\":\"https:\\\/\\\/vitablanca.ma\\\/wp-content\\\/uploads\\\/2025\\\/05\\\/cropped-vitablanca.png\",\"width\":360,\"height\":67,\"caption\":\"VitaBlanca\"},\"image\":{\"@id\":\"https:\\\/\\\/vitablanca.ma\\\/#\\\/schema\\\/logo\\\/image\\\/\"},\"sameAs\":[\"https:\\\/\\\/www.facebook.com\\\/profile.php?id=61576678196717\",\"https:\\\/\\\/www.tiktok.com\\\/@vitablanca.ma\",\"https:\\\/\\\/www.instagram.com\\\/vitablanca.ma\\\/\"]}]}<\/script>\n<!-- \/ Yoast SEO plugin. -->","yoast_head_json":{"title":"Now Foods Daily Vits Multi vitamines 120 capsules - Maroc Prix","description":"D\u00e9couvrez Now Foods Daily Vits, un complexe de multi-vitamines et min\u00e9raux, 120 capsules , con\u00e7u pour soutenir la sant\u00e9 g\u00e9n\u00e9rale, renforcer le syst\u00e8me immunitaire","robots":{"index":"index","follow":"follow","max-snippet":"max-snippet:-1","max-image-preview":"max-image-preview:large","max-video-preview":"max-video-preview:-1"},"canonical":"https:\/\/vitablanca.ma\/en\/product\/now-foods-daily-vits-multi-vitamines-et-mineraux-120-capsules-vegetales-2\/","og_locale":"en_US","og_type":"article","og_title":"Now Foods Daily Vits Multi vitamines 120 capsules - Maroc Prix","og_description":"D\u00e9couvrez Now Foods Daily Vits, un complexe de multi-vitamines et min\u00e9raux, 120 capsules , con\u00e7u pour soutenir la sant\u00e9 g\u00e9n\u00e9rale, renforcer le syst\u00e8me immunitaire","og_url":"https:\/\/vitablanca.ma\/en\/product\/now-foods-daily-vits-multi-vitamines-et-mineraux-120-capsules-vegetales-2\/","og_site_name":"Vitablanca.ma &ndash; Sant&eacute;, vitalit&eacute; et bien-&ecirc;tre pour tous les Marocains","article_publisher":"https:\/\/www.facebook.com\/profile.php?id=61576678196717","article_modified_time":"2025-09-22T18:10:21+00:00","og_image":[{"width":680,"height":680,"url":"https:\/\/vitablanca.ma\/wp-content\/uploads\/2025\/09\/Now-Foods-Daily-Vits-Multi-vitamines-et-mineraux-120-capsules-vegetales-1.jpg","type":"image\/jpeg"}],"twitter_card":"summary_large_image","twitter_misc":{"Est. reading time":"2 minutes"},"schema":{"@context":"https:\/\/schema.org","@graph":[{"@type":["WebPage","ItemPage"],"@id":"https:\/\/vitablanca.ma\/produit\/now-foods-daily-vits-multi-vitamines-et-mineraux-120-capsules-vegetales-2\/","url":"https:\/\/vitablanca.ma\/produit\/now-foods-daily-vits-multi-vitamines-et-mineraux-120-capsules-vegetales-2\/","name":"Now Foods Daily Vits Multi vitamines 120 capsules - Maroc Prix","isPartOf":{"@id":"https:\/\/vitablanca.ma\/#website"},"primaryImageOfPage":{"@id":"https:\/\/vitablanca.ma\/produit\/now-foods-daily-vits-multi-vitamines-et-mineraux-120-capsules-vegetales-2\/#primaryimage"},"image":{"@id":"https:\/\/vitablanca.ma\/produit\/now-foods-daily-vits-multi-vitamines-et-mineraux-120-capsules-vegetales-2\/#primaryimage"},"thumbnailUrl":"https:\/\/vitablanca.ma\/wp-content\/uploads\/2025\/09\/Now-Foods-Daily-Vits-Multi-vitamines-et-mineraux-120-capsules-vegetales-1.jpg","datePublished":"2025-09-18T01:50:23+00:00","dateModified":"2025-09-22T18:10:21+00:00","description":"D\u00e9couvrez Now Foods Daily Vits, un complexe de multi-vitamines et min\u00e9raux, 120 capsules , con\u00e7u pour soutenir la sant\u00e9 g\u00e9n\u00e9rale, renforcer le syst\u00e8me immunitaire","breadcrumb":{"@id":"https:\/\/vitablanca.ma\/produit\/now-foods-daily-vits-multi-vitamines-et-mineraux-120-capsules-vegetales-2\/#breadcrumb"},"inLanguage":"en-US","potentialAction":[{"@type":"ReadAction","target":["https:\/\/vitablanca.ma\/produit\/now-foods-daily-vits-multi-vitamines-et-mineraux-120-capsules-vegetales-2\/"]}]},{"@type":"ImageObject","inLanguage":"en-US","@id":"https:\/\/vitablanca.ma\/produit\/now-foods-daily-vits-multi-vitamines-et-mineraux-120-capsules-vegetales-2\/#primaryimage","url":"https:\/\/vitablanca.ma\/wp-content\/uploads\/2025\/09\/Now-Foods-Daily-Vits-Multi-vitamines-et-mineraux-120-capsules-vegetales-1.jpg","contentUrl":"https:\/\/vitablanca.ma\/wp-content\/uploads\/2025\/09\/Now-Foods-Daily-Vits-Multi-vitamines-et-mineraux-120-capsules-vegetales-1.jpg","width":680,"height":680},{"@type":"BreadcrumbList","@id":"https:\/\/vitablanca.ma\/produit\/now-foods-daily-vits-multi-vitamines-et-mineraux-120-capsules-vegetales-2\/#breadcrumb","itemListElement":[{"@type":"ListItem","position":1,"name":"Home","item":"https:\/\/vitablanca.ma\/"},{"@type":"ListItem","position":2,"name":"Tous Les Produits","item":"https:\/\/vitablanca.ma\/tous-les-produits\/"},{"@type":"ListItem","position":3,"name":"Now Foods Daily Vits Multi vitamines et min\u00e9raux 120 capsules v\u00e9g\u00e9tales"}]},{"@type":"WebSite","@id":"https:\/\/vitablanca.ma\/#website","url":"https:\/\/vitablanca.ma\/","name":"VitaBlanca.ma | Food supplements, health &amp; beauty in Morocco","description":"sell premium vitamins and supplements from USA &amp; Canada, New Zealand, Morocco (NOW Foods, Solgar, Manuka). Fast delivery anywhere in Morocco.","publisher":{"@id":"https:\/\/vitablanca.ma\/#organization"},"alternateName":"VitaBlanca.ma","potentialAction":[{"@type":"SearchAction","target":{"@type":"EntryPoint","urlTemplate":"https:\/\/vitablanca.ma\/?s={search_term_string}"},"query-input":{"@type":"PropertyValueSpecification","valueRequired":true,"valueName":"search_term_string"}}],"inLanguage":"en-US"},{"@type":"Organization","@id":"https:\/\/vitablanca.ma\/#organization","name":"VitaBlanca","url":"https:\/\/vitablanca.ma\/","logo":{"@type":"ImageObject","inLanguage":"en-US","@id":"https:\/\/vitablanca.ma\/#\/schema\/logo\/image\/","url":"https:\/\/vitablanca.ma\/wp-content\/uploads\/2025\/05\/cropped-vitablanca.png","contentUrl":"https:\/\/vitablanca.ma\/wp-content\/uploads\/2025\/05\/cropped-vitablanca.png","width":360,"height":67,"caption":"VitaBlanca"},"image":{"@id":"https:\/\/vitablanca.ma\/#\/schema\/logo\/image\/"},"sameAs":["https:\/\/www.facebook.com\/profile.php?id=61576678196717","https:\/\/www.tiktok.com\/@vitablanca.ma","https:\/\/www.instagram.com\/vitablanca.ma\/"]}]}},"jetpack_sharing_enabled":true,"_links":{"self":[{"href":"https:\/\/vitablanca.ma\/en\/wp-json\/wp\/v2\/product\/25451","targetHints":{"allow":["GET"]}}],"collection":[{"href":"https:\/\/vitablanca.ma\/en\/wp-json\/wp\/v2\/product"}],"about":[{"href":"https:\/\/vitablanca.ma\/en\/wp-json\/wp\/v2\/types\/product"}],"wp:featuredmedia":[{"embeddable":true,"href":"https:\/\/vitablanca.ma\/en\/wp-json\/wp\/v2\/media\/25517"}],"wp:attachment":[{"href":"https:\/\/vitablanca.ma\/en\/wp-json\/wp\/v2\/media?parent=25451"}],"wp:term":[{"taxonomy":"product_brand","embeddable":true,"href":"https:\/\/vitablanca.ma\/en\/wp-json\/wp\/v2\/product_brand?post=25451"},{"taxonomy":"product_cat","embeddable":true,"href":"https:\/\/vitablanca.ma\/en\/wp-json\/wp\/v2\/product_cat?post=25451"},{"taxonomy":"product_tag","embeddable":true,"href":"https:\/\/vitablanca.ma\/en\/wp-json\/wp\/v2\/product_tag?post=25451"}],"curies":[{"name":"wp","href":"https:\/\/api.w.org\/{rel}","templated":true}]}}