{"id":25394,"date":"2025-09-18T01:49:56","date_gmt":"2025-09-18T01:49:56","guid":{"rendered":"https:\/\/vitablanca.ma\/?post_type=product&#038;p=25394"},"modified":"2025-09-22T18:10:23","modified_gmt":"2025-09-22T18:10:23","slug":"sports-research-d3-k2-100mcg-de-k2-5000-ou-de-d3-30-capsules","status":"publish","type":"product","link":"https:\/\/vitablanca.ma\/en\/product\/sports-research-d3-k2-100mcg-de-k2-5000-ou-de-d3-30-capsules\/","title":{"rendered":"Sports Research D3 K2 100mcg de K2, 5000 UI de D3, 30 capsules"},"content":{"rendered":"<p>Sports Research D3 K2 is a powerful supplement designed to provide optimal support for bone health, immune function, and cardiovascular well-being. Each capsule contains 5000 IU of Vitamin D3 and 100mcg of Vitamin K2 (MK-7), offering a high-potency, synergistic formula that promotes the proper absorption of calcium into the bones while helping to prevent its buildup in the arteries.<\/p>\n\n\n\n<ul class=\"wp-block-list\">\n<li><strong>High Potency<\/strong>: 5000 IU of Vitamin D3 per capsule for enhanced support of the immune system, bone health, and mood balance.<\/li>\n\n\n\n<li><strong>Vitamin K2 MK-7<\/strong>: Helps direct calcium to the bones and teeth, where it\u2019s needed most, while preventing calcium from depositing in soft tissues like the arteries.<\/li>\n\n\n\n<li><strong>Synergistic Formula<\/strong>: The combination of Vitamin D3 and K2 works in harmony to maximize benefits, improving calcium metabolism and enhancing bone density.<\/li>\n\n\n\n<li><strong>Vegan-Friendly<\/strong>: Made with plant-based ingredients, making it suitable for vegetarians and those on a vegan diet.<\/li>\n\n\n\n<li><strong>Supports Overall Health<\/strong>: Regular intake may help improve bone density, support immune responses, and maintain cardiovascular health.<\/li>\n<\/ul>\n\n\n\n<p><strong>Use<\/strong>: Take 1 capsule daily with food, or as directed by a healthcare professional.<\/p>\n\n\n\n<h3 class=\"wp-block-heading\"><strong>Benefits<\/strong>:<\/h3>\n\n\n\n<ul class=\"wp-block-list\">\n<li><strong>Supports Bone Health<\/strong>: Ensures proper calcium absorption to strengthen bones and reduce the risk of bone-related disorders.<\/li>\n\n\n\n<li><strong>Boosts Immune Function<\/strong>: Supports the body\u2019s natural immune defenses, helping to maintain a healthy immune system.<\/li>\n\n\n\n<li><strong>Cardiovascular Health<\/strong>: Promotes healthy arteries by regulating calcium distribution.<\/li>\n\n\n\n<li><strong>Mood and Energy<\/strong>: Vitamin D3 is also known for its role in supporting mood balance and energy levels.<\/li>\n<\/ul>\n\n\n\n<p>This supplement is an excellent choice for those seeking to improve their overall well-being with the natural power of Vitamin D3 and K2.<\/p>","protected":false},"excerpt":{"rendered":"<p data-start=\"59\" data-end=\"234\"><strong data-start=\"61\" data-end=\"82\">Synergie optimale<\/strong><\/p>\n<p data-start=\"236\" data-end=\"335\"><strong data-start=\"238\" data-end=\"265\">Sant\u00e9 osseuse renforc\u00e9e<\/strong><\/p>\n<p data-start=\"337\" data-end=\"464\"><strong data-start=\"339\" data-end=\"370\">Protection cardiovasculaire<\/strong><\/p>\n<p data-start=\"466\" data-end=\"612\"><strong data-start=\"468\" data-end=\"501\">Forme hautement biodisponible<\/strong><\/p>\n<p data-start=\"614\" data-end=\"735\" data-is-last-node=\"\" data-is-only-node=\"\"><strong data-start=\"616\" data-end=\"640\">Improved absorption<\/strong><\/p>","protected":false},"featured_media":25476,"template":"","meta":{"om_disable_all_campaigns":false},"product_brand":[3628],"product_cat":[18,3366],"product_tag":[3697,3698,3699,3700,3701],"class_list":{"0":"post-25394","1":"product","2":"type-product","3":"status-publish","4":"has-post-thumbnail","6":"product_brand-sports-research","7":"product_cat-beaute-sante","8":"product_cat-complements-alimentaires-au-maroc-vitablanca","9":"product_tag-complement-d3-k2-os-et-coeur-sports-research","10":"product_tag-d3-k2-vegan-pour-immunite-et-os","11":"product_tag-sports-research-vitamine-d3-k2-5000-ui-100-mcg","12":"product_tag-vitamine-d3-5000-ui-avec-k2-mk-7","13":"product_tag-vitamine-d3-k2-haute-absorption-30-capsules","15":"first","16":"instock","17":"taxable","18":"shipping-taxable","19":"purchasable","20":"product-type-simple"},"yoast_head":"<!-- This site is optimized with the Yoast SEO plugin v27.5 - https:\/\/yoast.com\/product\/yoast-seo-wordpress\/ -->\n<title>Sports Research D3 K2 100mcg de K2, 5000 UI de D3 - Maroc Prix<\/title>\n<meta name=\"description\" content=\"Optimisez votre sant\u00e9 avec Sports Research D3 K2, combinant 5000 UI de D3 et 100mcg de K2 pour soutenir la sant\u00e9 osseuse, 30 capsules \u00e0 absorption optimale.\" \/>\n<meta name=\"robots\" content=\"index, follow, max-snippet:-1, max-image-preview:large, max-video-preview:-1\" \/>\n<link rel=\"canonical\" href=\"https:\/\/vitablanca.ma\/en\/product\/sports-research-d3-k2-100mcg-de-k2-5000-ou-de-d3-30-capsules\/\" \/>\n<meta property=\"og:locale\" content=\"en_US\" \/>\n<meta property=\"og:type\" content=\"article\" \/>\n<meta property=\"og:title\" content=\"Sports Research D3 K2 100mcg de K2, 5000 UI de D3 - Maroc Prix\" \/>\n<meta property=\"og:description\" content=\"Optimisez votre sant\u00e9 avec Sports Research D3 K2, combinant 5000 UI de D3 et 100mcg de K2 pour soutenir la sant\u00e9 osseuse, 30 capsules \u00e0 absorption optimale.\" \/>\n<meta property=\"og:url\" content=\"https:\/\/vitablanca.ma\/en\/product\/sports-research-d3-k2-100mcg-de-k2-5000-ou-de-d3-30-capsules\/\" \/>\n<meta property=\"og:site_name\" content=\"Vitablanca.ma &ndash; Sant&eacute;, vitalit&eacute; et bien-&ecirc;tre pour tous les Marocains\" \/>\n<meta property=\"article:publisher\" content=\"https:\/\/www.facebook.com\/profile.php?id=61576678196717\" \/>\n<meta property=\"article:modified_time\" content=\"2025-09-22T18:10:23+00:00\" \/>\n<meta property=\"og:image\" content=\"https:\/\/vitablanca.ma\/wp-content\/uploads\/2025\/09\/sports-research-d3-k2-100mcg-de-k2.-5000-ou-de-d3.-30-caps.jpg\" \/>\n\t<meta property=\"og:image:width\" content=\"680\" \/>\n\t<meta property=\"og:image:height\" content=\"680\" \/>\n\t<meta property=\"og:image:type\" content=\"image\/jpeg\" \/>\n<meta name=\"twitter:card\" content=\"summary_large_image\" \/>\n<meta name=\"twitter:label1\" content=\"Est. reading time\" \/>\n\t<meta name=\"twitter:data1\" content=\"2 minutes\" \/>\n<script type=\"application\/ld+json\" class=\"yoast-schema-graph\">{\"@context\":\"https:\\\/\\\/schema.org\",\"@graph\":[{\"@type\":[\"WebPage\",\"ItemPage\"],\"@id\":\"https:\\\/\\\/vitablanca.ma\\\/produit\\\/sports-research-d3-k2-100mcg-de-k2-5000-ou-de-d3-30-capsules\\\/\",\"url\":\"https:\\\/\\\/vitablanca.ma\\\/produit\\\/sports-research-d3-k2-100mcg-de-k2-5000-ou-de-d3-30-capsules\\\/\",\"name\":\"Sports Research D3 K2 100mcg de K2, 5000 UI de D3 - Maroc Prix\",\"isPartOf\":{\"@id\":\"https:\\\/\\\/vitablanca.ma\\\/#website\"},\"primaryImageOfPage\":{\"@id\":\"https:\\\/\\\/vitablanca.ma\\\/produit\\\/sports-research-d3-k2-100mcg-de-k2-5000-ou-de-d3-30-capsules\\\/#primaryimage\"},\"image\":{\"@id\":\"https:\\\/\\\/vitablanca.ma\\\/produit\\\/sports-research-d3-k2-100mcg-de-k2-5000-ou-de-d3-30-capsules\\\/#primaryimage\"},\"thumbnailUrl\":\"https:\\\/\\\/vitablanca.ma\\\/wp-content\\\/uploads\\\/2025\\\/09\\\/sports-research-d3-k2-100mcg-de-k2.-5000-ou-de-d3.-30-caps.jpg\",\"datePublished\":\"2025-09-18T01:49:56+00:00\",\"dateModified\":\"2025-09-22T18:10:23+00:00\",\"description\":\"Optimisez votre sant\u00e9 avec Sports Research D3 K2, combinant 5000 UI de D3 et 100mcg de K2 pour soutenir la sant\u00e9 osseuse, 30 capsules \u00e0 absorption optimale.\",\"breadcrumb\":{\"@id\":\"https:\\\/\\\/vitablanca.ma\\\/produit\\\/sports-research-d3-k2-100mcg-de-k2-5000-ou-de-d3-30-capsules\\\/#breadcrumb\"},\"inLanguage\":\"en-US\",\"potentialAction\":[{\"@type\":\"ReadAction\",\"target\":[\"https:\\\/\\\/vitablanca.ma\\\/produit\\\/sports-research-d3-k2-100mcg-de-k2-5000-ou-de-d3-30-capsules\\\/\"]}]},{\"@type\":\"ImageObject\",\"inLanguage\":\"en-US\",\"@id\":\"https:\\\/\\\/vitablanca.ma\\\/produit\\\/sports-research-d3-k2-100mcg-de-k2-5000-ou-de-d3-30-capsules\\\/#primaryimage\",\"url\":\"https:\\\/\\\/vitablanca.ma\\\/wp-content\\\/uploads\\\/2025\\\/09\\\/sports-research-d3-k2-100mcg-de-k2.-5000-ou-de-d3.-30-caps.jpg\",\"contentUrl\":\"https:\\\/\\\/vitablanca.ma\\\/wp-content\\\/uploads\\\/2025\\\/09\\\/sports-research-d3-k2-100mcg-de-k2.-5000-ou-de-d3.-30-caps.jpg\",\"width\":680,\"height\":680},{\"@type\":\"BreadcrumbList\",\"@id\":\"https:\\\/\\\/vitablanca.ma\\\/produit\\\/sports-research-d3-k2-100mcg-de-k2-5000-ou-de-d3-30-capsules\\\/#breadcrumb\",\"itemListElement\":[{\"@type\":\"ListItem\",\"position\":1,\"name\":\"Home\",\"item\":\"https:\\\/\\\/vitablanca.ma\\\/\"},{\"@type\":\"ListItem\",\"position\":2,\"name\":\"Tous Les Produits\",\"item\":\"https:\\\/\\\/vitablanca.ma\\\/tous-les-produits\\\/\"},{\"@type\":\"ListItem\",\"position\":3,\"name\":\"Sports Research D3 K2 100mcg de K2, 5000 UI de D3, 30 capsules\"}]},{\"@type\":\"WebSite\",\"@id\":\"https:\\\/\\\/vitablanca.ma\\\/#website\",\"url\":\"https:\\\/\\\/vitablanca.ma\\\/\",\"name\":\"VitaBlanca.ma | Compl\u00e9ments alimentaires, sant\u00e9 & beaut\u00e9 au Maroc\",\"description\":\"vendre vitamines et compl\u00e9ments premium des USA &amp; Canada, Nouvelle Z\u00e9lande,Maroc (NOW Foods, Solgar, Manuka). Livraison rapide partout au Maroc.\",\"publisher\":{\"@id\":\"https:\\\/\\\/vitablanca.ma\\\/#organization\"},\"alternateName\":\"VitaBlanca.ma\",\"potentialAction\":[{\"@type\":\"SearchAction\",\"target\":{\"@type\":\"EntryPoint\",\"urlTemplate\":\"https:\\\/\\\/vitablanca.ma\\\/?s={search_term_string}\"},\"query-input\":{\"@type\":\"PropertyValueSpecification\",\"valueRequired\":true,\"valueName\":\"search_term_string\"}}],\"inLanguage\":\"en-US\"},{\"@type\":\"Organization\",\"@id\":\"https:\\\/\\\/vitablanca.ma\\\/#organization\",\"name\":\"VitaBlanca\",\"url\":\"https:\\\/\\\/vitablanca.ma\\\/\",\"logo\":{\"@type\":\"ImageObject\",\"inLanguage\":\"en-US\",\"@id\":\"https:\\\/\\\/vitablanca.ma\\\/#\\\/schema\\\/logo\\\/image\\\/\",\"url\":\"https:\\\/\\\/vitablanca.ma\\\/wp-content\\\/uploads\\\/2025\\\/05\\\/cropped-vitablanca.png\",\"contentUrl\":\"https:\\\/\\\/vitablanca.ma\\\/wp-content\\\/uploads\\\/2025\\\/05\\\/cropped-vitablanca.png\",\"width\":360,\"height\":67,\"caption\":\"VitaBlanca\"},\"image\":{\"@id\":\"https:\\\/\\\/vitablanca.ma\\\/#\\\/schema\\\/logo\\\/image\\\/\"},\"sameAs\":[\"https:\\\/\\\/www.facebook.com\\\/profile.php?id=61576678196717\",\"https:\\\/\\\/www.tiktok.com\\\/@vitablanca.ma\",\"https:\\\/\\\/www.instagram.com\\\/vitablanca.ma\\\/\"]}]}<\/script>\n<!-- \/ Yoast SEO plugin. -->","yoast_head_json":{"title":"Sports Research D3 K2 100mcg de K2, 5000 UI de D3 - Maroc Prix","description":"Optimisez votre sant\u00e9 avec Sports Research D3 K2, combinant 5000 UI de D3 et 100mcg de K2 pour soutenir la sant\u00e9 osseuse, 30 capsules \u00e0 absorption optimale.","robots":{"index":"index","follow":"follow","max-snippet":"max-snippet:-1","max-image-preview":"max-image-preview:large","max-video-preview":"max-video-preview:-1"},"canonical":"https:\/\/vitablanca.ma\/en\/product\/sports-research-d3-k2-100mcg-de-k2-5000-ou-de-d3-30-capsules\/","og_locale":"en_US","og_type":"article","og_title":"Sports Research D3 K2 100mcg de K2, 5000 UI de D3 - Maroc Prix","og_description":"Optimisez votre sant\u00e9 avec Sports Research D3 K2, combinant 5000 UI de D3 et 100mcg de K2 pour soutenir la sant\u00e9 osseuse, 30 capsules \u00e0 absorption optimale.","og_url":"https:\/\/vitablanca.ma\/en\/product\/sports-research-d3-k2-100mcg-de-k2-5000-ou-de-d3-30-capsules\/","og_site_name":"Vitablanca.ma &ndash; Sant&eacute;, vitalit&eacute; et bien-&ecirc;tre pour tous les Marocains","article_publisher":"https:\/\/www.facebook.com\/profile.php?id=61576678196717","article_modified_time":"2025-09-22T18:10:23+00:00","og_image":[{"width":680,"height":680,"url":"https:\/\/vitablanca.ma\/wp-content\/uploads\/2025\/09\/sports-research-d3-k2-100mcg-de-k2.-5000-ou-de-d3.-30-caps.jpg","type":"image\/jpeg"}],"twitter_card":"summary_large_image","twitter_misc":{"Est. reading time":"2 minutes"},"schema":{"@context":"https:\/\/schema.org","@graph":[{"@type":["WebPage","ItemPage"],"@id":"https:\/\/vitablanca.ma\/produit\/sports-research-d3-k2-100mcg-de-k2-5000-ou-de-d3-30-capsules\/","url":"https:\/\/vitablanca.ma\/produit\/sports-research-d3-k2-100mcg-de-k2-5000-ou-de-d3-30-capsules\/","name":"Sports Research D3 K2 100mcg de K2, 5000 UI de D3 - Maroc Prix","isPartOf":{"@id":"https:\/\/vitablanca.ma\/#website"},"primaryImageOfPage":{"@id":"https:\/\/vitablanca.ma\/produit\/sports-research-d3-k2-100mcg-de-k2-5000-ou-de-d3-30-capsules\/#primaryimage"},"image":{"@id":"https:\/\/vitablanca.ma\/produit\/sports-research-d3-k2-100mcg-de-k2-5000-ou-de-d3-30-capsules\/#primaryimage"},"thumbnailUrl":"https:\/\/vitablanca.ma\/wp-content\/uploads\/2025\/09\/sports-research-d3-k2-100mcg-de-k2.-5000-ou-de-d3.-30-caps.jpg","datePublished":"2025-09-18T01:49:56+00:00","dateModified":"2025-09-22T18:10:23+00:00","description":"Optimisez votre sant\u00e9 avec Sports Research D3 K2, combinant 5000 UI de D3 et 100mcg de K2 pour soutenir la sant\u00e9 osseuse, 30 capsules \u00e0 absorption optimale.","breadcrumb":{"@id":"https:\/\/vitablanca.ma\/produit\/sports-research-d3-k2-100mcg-de-k2-5000-ou-de-d3-30-capsules\/#breadcrumb"},"inLanguage":"en-US","potentialAction":[{"@type":"ReadAction","target":["https:\/\/vitablanca.ma\/produit\/sports-research-d3-k2-100mcg-de-k2-5000-ou-de-d3-30-capsules\/"]}]},{"@type":"ImageObject","inLanguage":"en-US","@id":"https:\/\/vitablanca.ma\/produit\/sports-research-d3-k2-100mcg-de-k2-5000-ou-de-d3-30-capsules\/#primaryimage","url":"https:\/\/vitablanca.ma\/wp-content\/uploads\/2025\/09\/sports-research-d3-k2-100mcg-de-k2.-5000-ou-de-d3.-30-caps.jpg","contentUrl":"https:\/\/vitablanca.ma\/wp-content\/uploads\/2025\/09\/sports-research-d3-k2-100mcg-de-k2.-5000-ou-de-d3.-30-caps.jpg","width":680,"height":680},{"@type":"BreadcrumbList","@id":"https:\/\/vitablanca.ma\/produit\/sports-research-d3-k2-100mcg-de-k2-5000-ou-de-d3-30-capsules\/#breadcrumb","itemListElement":[{"@type":"ListItem","position":1,"name":"Home","item":"https:\/\/vitablanca.ma\/"},{"@type":"ListItem","position":2,"name":"Tous Les Produits","item":"https:\/\/vitablanca.ma\/tous-les-produits\/"},{"@type":"ListItem","position":3,"name":"Sports Research D3 K2 100mcg de K2, 5000 UI de D3, 30 capsules"}]},{"@type":"WebSite","@id":"https:\/\/vitablanca.ma\/#website","url":"https:\/\/vitablanca.ma\/","name":"VitaBlanca.ma | Food supplements, health &amp; beauty in Morocco","description":"sell premium vitamins and supplements from USA &amp; Canada, New Zealand, Morocco (NOW Foods, Solgar, Manuka). Fast delivery anywhere in Morocco.","publisher":{"@id":"https:\/\/vitablanca.ma\/#organization"},"alternateName":"VitaBlanca.ma","potentialAction":[{"@type":"SearchAction","target":{"@type":"EntryPoint","urlTemplate":"https:\/\/vitablanca.ma\/?s={search_term_string}"},"query-input":{"@type":"PropertyValueSpecification","valueRequired":true,"valueName":"search_term_string"}}],"inLanguage":"en-US"},{"@type":"Organization","@id":"https:\/\/vitablanca.ma\/#organization","name":"VitaBlanca","url":"https:\/\/vitablanca.ma\/","logo":{"@type":"ImageObject","inLanguage":"en-US","@id":"https:\/\/vitablanca.ma\/#\/schema\/logo\/image\/","url":"https:\/\/vitablanca.ma\/wp-content\/uploads\/2025\/05\/cropped-vitablanca.png","contentUrl":"https:\/\/vitablanca.ma\/wp-content\/uploads\/2025\/05\/cropped-vitablanca.png","width":360,"height":67,"caption":"VitaBlanca"},"image":{"@id":"https:\/\/vitablanca.ma\/#\/schema\/logo\/image\/"},"sameAs":["https:\/\/www.facebook.com\/profile.php?id=61576678196717","https:\/\/www.tiktok.com\/@vitablanca.ma","https:\/\/www.instagram.com\/vitablanca.ma\/"]}]}},"jetpack_sharing_enabled":true,"_links":{"self":[{"href":"https:\/\/vitablanca.ma\/en\/wp-json\/wp\/v2\/product\/25394","targetHints":{"allow":["GET"]}}],"collection":[{"href":"https:\/\/vitablanca.ma\/en\/wp-json\/wp\/v2\/product"}],"about":[{"href":"https:\/\/vitablanca.ma\/en\/wp-json\/wp\/v2\/types\/product"}],"wp:featuredmedia":[{"embeddable":true,"href":"https:\/\/vitablanca.ma\/en\/wp-json\/wp\/v2\/media\/25476"}],"wp:attachment":[{"href":"https:\/\/vitablanca.ma\/en\/wp-json\/wp\/v2\/media?parent=25394"}],"wp:term":[{"taxonomy":"product_brand","embeddable":true,"href":"https:\/\/vitablanca.ma\/en\/wp-json\/wp\/v2\/product_brand?post=25394"},{"taxonomy":"product_cat","embeddable":true,"href":"https:\/\/vitablanca.ma\/en\/wp-json\/wp\/v2\/product_cat?post=25394"},{"taxonomy":"product_tag","embeddable":true,"href":"https:\/\/vitablanca.ma\/en\/wp-json\/wp\/v2\/product_tag?post=25394"}],"curies":[{"name":"wp","href":"https:\/\/api.w.org\/{rel}","templated":true}]}}