{"id":25391,"date":"2025-09-18T01:49:55","date_gmt":"2025-09-18T01:49:55","guid":{"rendered":"https:\/\/vitablanca.ma\/?post_type=product&#038;p=25391"},"modified":"2026-03-06T21:11:52","modified_gmt":"2026-03-06T21:11:52","slug":"now-foods-vitamine-c-liposomale1000-mg-120-capsules","status":"publish","type":"product","link":"https:\/\/vitablanca.ma\/en\/product\/now-foods-vitamine-c-liposomale1000-mg-120-capsules\/","title":{"rendered":"Now Foods liposomal vitamine c 1000 mg 120 capsules"},"content":{"rendered":"<p data-start=\"117\" data-end=\"452\"><strong data-start=\"117\" data-end=\"158\">Now Foods Vitamin C Liposomal 1000 mg<\/strong> est un suppl\u00e9ment de <strong data-start=\"180\" data-end=\"205\">vitamine C liposomale<\/strong> qui offre une absorption optimale et un soutien immunitaire efficace. Chaque capsule contient <strong data-start=\"300\" data-end=\"325\">1000 mg de vitamine C<\/strong>, prot\u00e9g\u00e9e par une technologie liposomale qui permet une meilleure biodisponibilit\u00e9 et une assimilation maximale dans le corps.<\/p>\n<ul data-start=\"454\" data-end=\"1445\">\n<li data-start=\"454\" data-end=\"651\">\n<p data-start=\"456\" data-end=\"651\"><strong data-start=\"456\" data-end=\"479\">Absorption Maximale<\/strong> : La <strong data-start=\"485\" data-end=\"510\">vitamine C liposomale<\/strong> est encapsul\u00e9e dans des liposomes, ce qui permet une meilleure absorption et une diffusion plus efficace de la vitamine C dans les cellules.<\/p>\n<\/li>\n<li data-start=\"652\" data-end=\"869\">\n<p data-start=\"654\" data-end=\"869\"><strong data-start=\"654\" data-end=\"693\">Renforcement du Syst\u00e8me Immunitaire<\/strong> : La vitamine C est un puissant antioxydant qui soutient le syst\u00e8me immunitaire, aide \u00e0 combattre les infections et r\u00e9duit la dur\u00e9e des rhumes et autres maladies saisonni\u00e8res.<\/p>\n<\/li>\n<li data-start=\"870\" data-end=\"1090\">\n<p data-start=\"872\" data-end=\"1090\"><strong data-start=\"872\" data-end=\"900\">Propri\u00e9t\u00e9s Antioxydantes<\/strong> : En neutralisant les radicaux libres, la vitamine C aide \u00e0 prot\u00e9ger les cellules contre les dommages oxydatifs, favorisant la sant\u00e9 cellulaire et ralentissant les signes du vieillissement.<\/p>\n<\/li>\n<li data-start=\"1091\" data-end=\"1277\">\n<p data-start=\"1093\" data-end=\"1277\"><strong data-start=\"1093\" data-end=\"1136\">Soutien \u00e0 la Sant\u00e9 de la Peau et des Os<\/strong> : La vitamine C est essentielle pour la production de collag\u00e8ne, contribuant ainsi \u00e0 la sant\u00e9 de la peau, des dents, des gencives et des os.<\/p>\n<\/li>\n<li data-start=\"1278\" data-end=\"1445\">\n<p data-start=\"1280\" data-end=\"1445\"><strong data-start=\"1280\" data-end=\"1304\">Formule V\u00e9g\u00e9talienne<\/strong> : Ce suppl\u00e9ment est formul\u00e9 pour \u00eatre v\u00e9g\u00e9talien et sans additifs inutiles, garantissant une absorption optimale et une efficacit\u00e9 maximale.<\/p>\n<\/li>\n<\/ul>\n<p data-start=\"1447\" data-end=\"1596\"><strong data-start=\"1447\" data-end=\"1462\">Use<\/strong> : Prenez 1 capsule 1 \u00e0 2 fois par jour, de pr\u00e9f\u00e9rence pendant les repas, ou selon les recommandations d\u2019un professionnel de la sant\u00e9.<\/p>\n<h3 data-start=\"1598\" data-end=\"1616\"><strong data-start=\"1602\" data-end=\"1615\">Benefits<\/strong>:<\/h3>\n<ul data-start=\"1617\" data-end=\"1975\">\n<li data-start=\"1617\" data-end=\"1688\">\n<p data-start=\"1619\" data-end=\"1688\"><strong data-start=\"1619\" data-end=\"1654\">Strengthens the immune system<\/strong> et prot\u00e8ge contre les infections.<\/p>\n<\/li>\n<li data-start=\"1689\" data-end=\"1749\">\n<p data-start=\"1691\" data-end=\"1749\"><strong data-start=\"1691\" data-end=\"1714\">Absorption optimale<\/strong> gr\u00e2ce \u00e0 la technologie liposomale.<\/p>\n<\/li>\n<li data-start=\"1750\" data-end=\"1838\">\n<p data-start=\"1752\" data-end=\"1838\"><strong data-start=\"1752\" data-end=\"1791\">Powerful antioxidant properties<\/strong> pour prot\u00e9ger les cellules du stress oxydatif.<\/p>\n<\/li>\n<li data-start=\"1839\" data-end=\"1898\">\n<p data-start=\"1841\" data-end=\"1898\"><strong data-start=\"1841\" data-end=\"1897\">Soutient la sant\u00e9 de la peau, des os et des gencives<\/strong>.<\/p>\n<\/li>\n<li data-start=\"1899\" data-end=\"1975\">\n<p data-start=\"1901\" data-end=\"1975\"><strong data-start=\"1901\" data-end=\"1925\">Formule v\u00e9g\u00e9talienne<\/strong> et de haute qualit\u00e9 pour une efficacit\u00e9 maximale.<\/p>\n<\/li>\n<\/ul>\n<p data-start=\"1977\" data-end=\"2178\" data-is-last-node=\"\" data-is-only-node=\"\"><strong data-start=\"1977\" data-end=\"2018\">Now Foods Vitamin C Liposomal 1000 mg<\/strong> est id\u00e9al pour ceux qui recherchent une forme avanc\u00e9e de vitamine C pour un soutien immunitaire maximal, une absorption optimale et des bienfaits antioxydants.<\/p>","protected":false},"excerpt":{"rendered":"<ul>\n<li>Soutien du syst\u00e8me immunitaire et du collag\u00e8ne<\/li>\n<li>Absorption et r\u00e9tention am\u00e9lior\u00e9es<\/li>\n<li>Vitamine\u00a0C liposoluble<\/li>\n<li>Super nutriment antioxydant PureWay\u00a0C\u2122<\/li>\n<li>Food supplement<\/li>\n<li>Vegetarian\/Vegan<\/li>\n<li>GMO-free<\/li>\n<li>Vitamins<\/li>\n<li>Family business since 1968<\/li>\n<li>GMP quality guaranteed<\/li>\n<\/ul>","protected":false},"featured_media":25470,"template":"","meta":{"om_disable_all_campaigns":false},"product_brand":[83],"product_cat":[18,3366],"product_tag":[3682,3683,3684,3685,3686],"class_list":{"0":"post-25391","1":"product","2":"type-product","3":"status-publish","4":"has-post-thumbnail","6":"product_brand-now-foods-maroc-prix","7":"product_cat-beaute-sante","8":"product_cat-complements-alimentaires-au-maroc-vitablanca","9":"product_tag-complement-immunite-et-vitalite","10":"product_tag-now-foods-vitamine-c-120-capsules","11":"product_tag-now-foods-vitamine-c-liposomale-1000-mg","12":"product_tag-vitamine-c-antioxydant-haute-absorption","13":"product_tag-vitamine-c-capsules-liposomales","15":"first","16":"outofstock","17":"sale","18":"taxable","19":"shipping-taxable","20":"purchasable","21":"product-type-simple"},"yoast_head":"<!-- This site is optimized with the Yoast SEO plugin v27.4 - https:\/\/yoast.com\/product\/yoast-seo-wordpress\/ -->\n<title>Now Foods liposomal vitamine c 1000 mg 120 capsules - Maroc Prix<\/title>\n<meta name=\"description\" content=\"D\u00e9couvrez Now Foods Liposomal Vitamin C , 1000 mg, 120 capsules, un suppl\u00e9ment de vitamine C \u00e0 haute absorption pour renforcer le syst\u00e8me immunitaire,\" \/>\n<meta name=\"robots\" content=\"index, follow, max-snippet:-1, max-image-preview:large, max-video-preview:-1\" \/>\n<link rel=\"canonical\" href=\"https:\/\/vitablanca.ma\/en\/product\/now-foods-vitamine-c-liposomale1000-mg-120-capsules\/\" \/>\n<meta property=\"og:locale\" content=\"en_US\" \/>\n<meta property=\"og:type\" content=\"article\" \/>\n<meta property=\"og:title\" content=\"Now Foods liposomal vitamine c 1000 mg 120 capsules - Maroc Prix\" \/>\n<meta property=\"og:description\" content=\"D\u00e9couvrez Now Foods Liposomal Vitamin C , 1000 mg, 120 capsules, un suppl\u00e9ment de vitamine C \u00e0 haute absorption pour renforcer le syst\u00e8me immunitaire,\" \/>\n<meta property=\"og:url\" content=\"https:\/\/vitablanca.ma\/en\/product\/now-foods-vitamine-c-liposomale1000-mg-120-capsules\/\" \/>\n<meta property=\"og:site_name\" content=\"Vitablanca.ma &ndash; Sant&eacute;, vitalit&eacute; et bien-&ecirc;tre pour tous les Marocains\" \/>\n<meta property=\"article:publisher\" content=\"https:\/\/www.facebook.com\/profile.php?id=61576678196717\" \/>\n<meta property=\"article:modified_time\" content=\"2026-03-06T21:11:52+00:00\" \/>\n<meta property=\"og:image\" content=\"https:\/\/vitablanca.ma\/wp-content\/uploads\/2025\/09\/now-vitamine-c-liposomale-1000-mg-120-capsules-vegetariennes-now-67.jpg\" \/>\n\t<meta property=\"og:image:width\" content=\"680\" \/>\n\t<meta property=\"og:image:height\" content=\"680\" \/>\n\t<meta property=\"og:image:type\" content=\"image\/jpeg\" \/>\n<meta name=\"twitter:card\" content=\"summary_large_image\" \/>\n<meta name=\"twitter:label1\" content=\"Est. reading time\" \/>\n\t<meta name=\"twitter:data1\" content=\"2 minutes\" \/>\n<script type=\"application\/ld+json\" class=\"yoast-schema-graph\">{\"@context\":\"https:\\\/\\\/schema.org\",\"@graph\":[{\"@type\":[\"WebPage\",\"ItemPage\"],\"@id\":\"https:\\\/\\\/vitablanca.ma\\\/produit\\\/now-foods-vitamine-c-liposomale1000-mg-120-capsules\\\/\",\"url\":\"https:\\\/\\\/vitablanca.ma\\\/produit\\\/now-foods-vitamine-c-liposomale1000-mg-120-capsules\\\/\",\"name\":\"Now Foods liposomal vitamine c 1000 mg 120 capsules - Maroc Prix\",\"isPartOf\":{\"@id\":\"https:\\\/\\\/vitablanca.ma\\\/#website\"},\"primaryImageOfPage\":{\"@id\":\"https:\\\/\\\/vitablanca.ma\\\/produit\\\/now-foods-vitamine-c-liposomale1000-mg-120-capsules\\\/#primaryimage\"},\"image\":{\"@id\":\"https:\\\/\\\/vitablanca.ma\\\/produit\\\/now-foods-vitamine-c-liposomale1000-mg-120-capsules\\\/#primaryimage\"},\"thumbnailUrl\":\"https:\\\/\\\/vitablanca.ma\\\/wp-content\\\/uploads\\\/2025\\\/09\\\/now-vitamine-c-liposomale-1000-mg-120-capsules-vegetariennes-now-67.jpg\",\"datePublished\":\"2025-09-18T01:49:55+00:00\",\"dateModified\":\"2026-03-06T21:11:52+00:00\",\"description\":\"D\u00e9couvrez Now Foods Liposomal Vitamin C , 1000 mg, 120 capsules, un suppl\u00e9ment de vitamine C \u00e0 haute absorption pour renforcer le syst\u00e8me immunitaire,\",\"breadcrumb\":{\"@id\":\"https:\\\/\\\/vitablanca.ma\\\/produit\\\/now-foods-vitamine-c-liposomale1000-mg-120-capsules\\\/#breadcrumb\"},\"inLanguage\":\"en-US\",\"potentialAction\":[{\"@type\":\"ReadAction\",\"target\":[\"https:\\\/\\\/vitablanca.ma\\\/produit\\\/now-foods-vitamine-c-liposomale1000-mg-120-capsules\\\/\"]}]},{\"@type\":\"ImageObject\",\"inLanguage\":\"en-US\",\"@id\":\"https:\\\/\\\/vitablanca.ma\\\/produit\\\/now-foods-vitamine-c-liposomale1000-mg-120-capsules\\\/#primaryimage\",\"url\":\"https:\\\/\\\/vitablanca.ma\\\/wp-content\\\/uploads\\\/2025\\\/09\\\/now-vitamine-c-liposomale-1000-mg-120-capsules-vegetariennes-now-67.jpg\",\"contentUrl\":\"https:\\\/\\\/vitablanca.ma\\\/wp-content\\\/uploads\\\/2025\\\/09\\\/now-vitamine-c-liposomale-1000-mg-120-capsules-vegetariennes-now-67.jpg\",\"width\":680,\"height\":680},{\"@type\":\"BreadcrumbList\",\"@id\":\"https:\\\/\\\/vitablanca.ma\\\/produit\\\/now-foods-vitamine-c-liposomale1000-mg-120-capsules\\\/#breadcrumb\",\"itemListElement\":[{\"@type\":\"ListItem\",\"position\":1,\"name\":\"Home\",\"item\":\"https:\\\/\\\/vitablanca.ma\\\/\"},{\"@type\":\"ListItem\",\"position\":2,\"name\":\"Tous Les Produits\",\"item\":\"https:\\\/\\\/vitablanca.ma\\\/tous-les-produits\\\/\"},{\"@type\":\"ListItem\",\"position\":3,\"name\":\"Now Foods liposomal vitamine c 1000 mg 120 capsules\"}]},{\"@type\":\"WebSite\",\"@id\":\"https:\\\/\\\/vitablanca.ma\\\/#website\",\"url\":\"https:\\\/\\\/vitablanca.ma\\\/\",\"name\":\"VitaBlanca.ma | Compl\u00e9ments alimentaires, sant\u00e9 & beaut\u00e9 au Maroc\",\"description\":\"vendre vitamines et compl\u00e9ments premium des USA &amp; Canada, Nouvelle Z\u00e9lande,Maroc (NOW Foods, Solgar, Manuka). Livraison rapide partout au Maroc.\",\"publisher\":{\"@id\":\"https:\\\/\\\/vitablanca.ma\\\/#organization\"},\"alternateName\":\"VitaBlanca.ma\",\"potentialAction\":[{\"@type\":\"SearchAction\",\"target\":{\"@type\":\"EntryPoint\",\"urlTemplate\":\"https:\\\/\\\/vitablanca.ma\\\/?s={search_term_string}\"},\"query-input\":{\"@type\":\"PropertyValueSpecification\",\"valueRequired\":true,\"valueName\":\"search_term_string\"}}],\"inLanguage\":\"en-US\"},{\"@type\":\"Organization\",\"@id\":\"https:\\\/\\\/vitablanca.ma\\\/#organization\",\"name\":\"VitaBlanca\",\"url\":\"https:\\\/\\\/vitablanca.ma\\\/\",\"logo\":{\"@type\":\"ImageObject\",\"inLanguage\":\"en-US\",\"@id\":\"https:\\\/\\\/vitablanca.ma\\\/#\\\/schema\\\/logo\\\/image\\\/\",\"url\":\"https:\\\/\\\/vitablanca.ma\\\/wp-content\\\/uploads\\\/2025\\\/05\\\/cropped-vitablanca.png\",\"contentUrl\":\"https:\\\/\\\/vitablanca.ma\\\/wp-content\\\/uploads\\\/2025\\\/05\\\/cropped-vitablanca.png\",\"width\":360,\"height\":67,\"caption\":\"VitaBlanca\"},\"image\":{\"@id\":\"https:\\\/\\\/vitablanca.ma\\\/#\\\/schema\\\/logo\\\/image\\\/\"},\"sameAs\":[\"https:\\\/\\\/www.facebook.com\\\/profile.php?id=61576678196717\",\"https:\\\/\\\/www.tiktok.com\\\/@vitablanca.ma\",\"https:\\\/\\\/www.instagram.com\\\/vitablanca.ma\\\/\"]}]}<\/script>\n<!-- \/ Yoast SEO plugin. -->","yoast_head_json":{"title":"Now Foods liposomal vitamine c 1000 mg 120 capsules - Maroc Prix","description":"D\u00e9couvrez Now Foods Liposomal Vitamin C , 1000 mg, 120 capsules, un suppl\u00e9ment de vitamine C \u00e0 haute absorption pour renforcer le syst\u00e8me immunitaire,","robots":{"index":"index","follow":"follow","max-snippet":"max-snippet:-1","max-image-preview":"max-image-preview:large","max-video-preview":"max-video-preview:-1"},"canonical":"https:\/\/vitablanca.ma\/en\/product\/now-foods-vitamine-c-liposomale1000-mg-120-capsules\/","og_locale":"en_US","og_type":"article","og_title":"Now Foods liposomal vitamine c 1000 mg 120 capsules - Maroc Prix","og_description":"D\u00e9couvrez Now Foods Liposomal Vitamin C , 1000 mg, 120 capsules, un suppl\u00e9ment de vitamine C \u00e0 haute absorption pour renforcer le syst\u00e8me immunitaire,","og_url":"https:\/\/vitablanca.ma\/en\/product\/now-foods-vitamine-c-liposomale1000-mg-120-capsules\/","og_site_name":"Vitablanca.ma &ndash; Sant&eacute;, vitalit&eacute; et bien-&ecirc;tre pour tous les Marocains","article_publisher":"https:\/\/www.facebook.com\/profile.php?id=61576678196717","article_modified_time":"2026-03-06T21:11:52+00:00","og_image":[{"width":680,"height":680,"url":"https:\/\/vitablanca.ma\/wp-content\/uploads\/2025\/09\/now-vitamine-c-liposomale-1000-mg-120-capsules-vegetariennes-now-67.jpg","type":"image\/jpeg"}],"twitter_card":"summary_large_image","twitter_misc":{"Est. reading time":"2 minutes"},"schema":{"@context":"https:\/\/schema.org","@graph":[{"@type":["WebPage","ItemPage"],"@id":"https:\/\/vitablanca.ma\/produit\/now-foods-vitamine-c-liposomale1000-mg-120-capsules\/","url":"https:\/\/vitablanca.ma\/produit\/now-foods-vitamine-c-liposomale1000-mg-120-capsules\/","name":"Now Foods liposomal vitamine c 1000 mg 120 capsules - Maroc Prix","isPartOf":{"@id":"https:\/\/vitablanca.ma\/#website"},"primaryImageOfPage":{"@id":"https:\/\/vitablanca.ma\/produit\/now-foods-vitamine-c-liposomale1000-mg-120-capsules\/#primaryimage"},"image":{"@id":"https:\/\/vitablanca.ma\/produit\/now-foods-vitamine-c-liposomale1000-mg-120-capsules\/#primaryimage"},"thumbnailUrl":"https:\/\/vitablanca.ma\/wp-content\/uploads\/2025\/09\/now-vitamine-c-liposomale-1000-mg-120-capsules-vegetariennes-now-67.jpg","datePublished":"2025-09-18T01:49:55+00:00","dateModified":"2026-03-06T21:11:52+00:00","description":"D\u00e9couvrez Now Foods Liposomal Vitamin C , 1000 mg, 120 capsules, un suppl\u00e9ment de vitamine C \u00e0 haute absorption pour renforcer le syst\u00e8me immunitaire,","breadcrumb":{"@id":"https:\/\/vitablanca.ma\/produit\/now-foods-vitamine-c-liposomale1000-mg-120-capsules\/#breadcrumb"},"inLanguage":"en-US","potentialAction":[{"@type":"ReadAction","target":["https:\/\/vitablanca.ma\/produit\/now-foods-vitamine-c-liposomale1000-mg-120-capsules\/"]}]},{"@type":"ImageObject","inLanguage":"en-US","@id":"https:\/\/vitablanca.ma\/produit\/now-foods-vitamine-c-liposomale1000-mg-120-capsules\/#primaryimage","url":"https:\/\/vitablanca.ma\/wp-content\/uploads\/2025\/09\/now-vitamine-c-liposomale-1000-mg-120-capsules-vegetariennes-now-67.jpg","contentUrl":"https:\/\/vitablanca.ma\/wp-content\/uploads\/2025\/09\/now-vitamine-c-liposomale-1000-mg-120-capsules-vegetariennes-now-67.jpg","width":680,"height":680},{"@type":"BreadcrumbList","@id":"https:\/\/vitablanca.ma\/produit\/now-foods-vitamine-c-liposomale1000-mg-120-capsules\/#breadcrumb","itemListElement":[{"@type":"ListItem","position":1,"name":"Home","item":"https:\/\/vitablanca.ma\/"},{"@type":"ListItem","position":2,"name":"Tous Les Produits","item":"https:\/\/vitablanca.ma\/tous-les-produits\/"},{"@type":"ListItem","position":3,"name":"Now Foods liposomal vitamine c 1000 mg 120 capsules"}]},{"@type":"WebSite","@id":"https:\/\/vitablanca.ma\/#website","url":"https:\/\/vitablanca.ma\/","name":"VitaBlanca.ma | Food supplements, health &amp; beauty in Morocco","description":"sell premium vitamins and supplements from USA &amp; Canada, New Zealand, Morocco (NOW Foods, Solgar, Manuka). Fast delivery anywhere in Morocco.","publisher":{"@id":"https:\/\/vitablanca.ma\/#organization"},"alternateName":"VitaBlanca.ma","potentialAction":[{"@type":"SearchAction","target":{"@type":"EntryPoint","urlTemplate":"https:\/\/vitablanca.ma\/?s={search_term_string}"},"query-input":{"@type":"PropertyValueSpecification","valueRequired":true,"valueName":"search_term_string"}}],"inLanguage":"en-US"},{"@type":"Organization","@id":"https:\/\/vitablanca.ma\/#organization","name":"VitaBlanca","url":"https:\/\/vitablanca.ma\/","logo":{"@type":"ImageObject","inLanguage":"en-US","@id":"https:\/\/vitablanca.ma\/#\/schema\/logo\/image\/","url":"https:\/\/vitablanca.ma\/wp-content\/uploads\/2025\/05\/cropped-vitablanca.png","contentUrl":"https:\/\/vitablanca.ma\/wp-content\/uploads\/2025\/05\/cropped-vitablanca.png","width":360,"height":67,"caption":"VitaBlanca"},"image":{"@id":"https:\/\/vitablanca.ma\/#\/schema\/logo\/image\/"},"sameAs":["https:\/\/www.facebook.com\/profile.php?id=61576678196717","https:\/\/www.tiktok.com\/@vitablanca.ma","https:\/\/www.instagram.com\/vitablanca.ma\/"]}]}},"jetpack_sharing_enabled":true,"_links":{"self":[{"href":"https:\/\/vitablanca.ma\/en\/wp-json\/wp\/v2\/product\/25391","targetHints":{"allow":["GET"]}}],"collection":[{"href":"https:\/\/vitablanca.ma\/en\/wp-json\/wp\/v2\/product"}],"about":[{"href":"https:\/\/vitablanca.ma\/en\/wp-json\/wp\/v2\/types\/product"}],"wp:featuredmedia":[{"embeddable":true,"href":"https:\/\/vitablanca.ma\/en\/wp-json\/wp\/v2\/media\/25470"}],"wp:attachment":[{"href":"https:\/\/vitablanca.ma\/en\/wp-json\/wp\/v2\/media?parent=25391"}],"wp:term":[{"taxonomy":"product_brand","embeddable":true,"href":"https:\/\/vitablanca.ma\/en\/wp-json\/wp\/v2\/product_brand?post=25391"},{"taxonomy":"product_cat","embeddable":true,"href":"https:\/\/vitablanca.ma\/en\/wp-json\/wp\/v2\/product_cat?post=25391"},{"taxonomy":"product_tag","embeddable":true,"href":"https:\/\/vitablanca.ma\/en\/wp-json\/wp\/v2\/product_tag?post=25391"}],"curies":[{"name":"wp","href":"https:\/\/api.w.org\/{rel}","templated":true}]}}