{"id":25381,"date":"2025-09-18T01:49:53","date_gmt":"2025-09-18T01:49:53","guid":{"rendered":"https:\/\/vitablanca.ma\/?post_type=product&#038;p=25381"},"modified":"2026-02-06T17:06:36","modified_gmt":"2026-02-06T17:06:36","slug":"now-foods-vitamine-b-100-100-capsules-veg","status":"publish","type":"product","link":"https:\/\/vitablanca.ma\/en\/product\/now-foods-vitamine-b-100-100-capsules-veg\/","title":{"rendered":"Now Foods Vitamine B-100 Complex 100 Capsules"},"content":{"rendered":"<p data-start=\"107\" data-end=\"556\"><strong data-start=\"107\" data-end=\"142\">Now Foods Vitamin B-100 Complex<\/strong> est un suppl\u00e9ment complet qui fournit un complexe de <strong data-start=\"196\" data-end=\"211\">B vitamins<\/strong> sous forme de <strong data-start=\"226\" data-end=\"256\">100 capsules v\u00e9g\u00e9taliennes<\/strong>, con\u00e7u pour soutenir l\u2019\u00e9nergie, le m\u00e9tabolisme et la fonction nerveuse. Ce complexe de vitamines B offre des niveaux optimaux des principales vitamines B, telles que la <strong data-start=\"426\" data-end=\"432\">B1<\/strong>, <strong data-start=\"434\" data-end=\"440\">B2<\/strong>, <strong data-start=\"442\" data-end=\"448\">B3<\/strong>, <strong data-start=\"450\" data-end=\"456\">B6<\/strong>, <strong data-start=\"458\" data-end=\"465\" data-is-only-node=\"\">B12<\/strong>, <strong data-start=\"467\" data-end=\"484\">acide folique<\/strong> And <strong data-start=\"488\" data-end=\"499\">biotine<\/strong>, essentielles pour le bon fonctionnement de l&rsquo;organisme.<\/p>\n<ul data-start=\"558\" data-end=\"1501\">\n<li data-start=\"558\" data-end=\"779\">\n<p data-start=\"560\" data-end=\"779\"><strong data-start=\"560\" data-end=\"601\">Soutien \u00e0 l\u2019\u00c9nergie et au M\u00e9tabolisme<\/strong> : Le complexe B-100 joue un r\u00f4le crucial dans la production d\u2019\u00e9nergie, en soutenant la conversion des glucides, des graisses et des prot\u00e9ines en \u00e9nergie utilisable par le corps.<\/p>\n<\/li>\n<li data-start=\"780\" data-end=\"977\">\n<p data-start=\"782\" data-end=\"977\"><strong data-start=\"782\" data-end=\"803\">Fonction Nerveuse<\/strong> : Les vitamines B sont essentielles pour maintenir la sant\u00e9 du syst\u00e8me nerveux, en soutenant la transmission nerveuse et en am\u00e9liorant la clart\u00e9 mentale et la concentration.<\/p>\n<\/li>\n<li data-start=\"978\" data-end=\"1140\">\n<p data-start=\"980\" data-end=\"1140\"><strong data-start=\"980\" data-end=\"1011\">Sant\u00e9 Cutan\u00e9e et Capillaire<\/strong> : Certaines vitamines B, comme la biotine et la B12, sont essentielles pour maintenir des cheveux, une peau et des ongles sains.<\/p>\n<\/li>\n<li data-start=\"1141\" data-end=\"1339\">\n<p data-start=\"1143\" data-end=\"1339\"><strong data-start=\"1143\" data-end=\"1184\">Soutien au M\u00e9tabolisme des Nutriments<\/strong> : Ces vitamines sont impliqu\u00e9es dans de nombreux processus biochimiques, y compris la synth\u00e8se des neurotransmetteurs et le m\u00e9tabolisme des acides amin\u00e9s.<\/p>\n<\/li>\n<li data-start=\"1340\" data-end=\"1501\">\n<p data-start=\"1342\" data-end=\"1501\"><strong data-start=\"1342\" data-end=\"1366\">Formule V\u00e9g\u00e9talienne<\/strong> : Ce suppl\u00e9ment est 100% v\u00e9g\u00e9talien et formul\u00e9 sans additifs inutiles, pour une absorption optimale et un soutien naturel de la sant\u00e9.<\/p>\n<\/li>\n<\/ul>\n<p data-start=\"1503\" data-end=\"1652\"><strong data-start=\"1503\" data-end=\"1518\">Use<\/strong> : Prenez 1 capsule 1 \u00e0 2 fois par jour, de pr\u00e9f\u00e9rence pendant les repas, ou selon les recommandations d\u2019un professionnel de la sant\u00e9.<\/p>\n<h3 data-start=\"1654\" data-end=\"1672\"><strong data-start=\"1658\" data-end=\"1671\">Benefits<\/strong>:<\/h3>\n<ul data-start=\"1673\" data-end=\"1949\">\n<li data-start=\"1673\" data-end=\"1745\">\n<p data-start=\"1675\" data-end=\"1745\"><strong data-start=\"1675\" data-end=\"1711\">Supports energy production<\/strong> et le m\u00e9tabolisme des nutriments.<\/p>\n<\/li>\n<li data-start=\"1746\" data-end=\"1809\">\n<p data-start=\"1748\" data-end=\"1809\"><strong data-start=\"1748\" data-end=\"1779\">Maintient la sant\u00e9 nerveuse<\/strong> et am\u00e9liore la concentration.<\/p>\n<\/li>\n<li data-start=\"1810\" data-end=\"1872\">\n<p data-start=\"1812\" data-end=\"1872\"><strong data-start=\"1812\" data-end=\"1871\">Am\u00e9liore la sant\u00e9 de la peau, des cheveux et des ongles<\/strong>.<\/p>\n<\/li>\n<li data-start=\"1873\" data-end=\"1949\">\n<p data-start=\"1875\" data-end=\"1949\"><strong data-start=\"1875\" data-end=\"1899\">Formule v\u00e9g\u00e9talienne<\/strong> et de haute qualit\u00e9 pour une absorption optimale.<\/p>\n<\/li>\n<\/ul>\n<p data-start=\"1951\" data-end=\"2160\" data-is-last-node=\"\" data-is-only-node=\"\"><strong data-start=\"1951\" data-end=\"1986\">Now Foods Vitamin B-100 Complex<\/strong> est id\u00e9al pour ceux qui cherchent \u00e0 soutenir leur \u00e9nergie, \u00e0 am\u00e9liorer leur fonction nerveuse et \u00e0 maintenir leur sant\u00e9 globale gr\u00e2ce \u00e0 un suppl\u00e9ment complet de vitamines B.<\/p>","protected":false},"excerpt":{"rendered":"<ul>\n<li>Nervous system health<\/li>\n<li>Complexe de vitamines\u00a0B pour une efficacit\u00e9 maximale<\/li>\n<li>Supports energy production<\/li>\n<li>GMO-free<\/li>\n<li>Food supplement<\/li>\n<li>V\u00e9g\u00e9tarien &#8211; V\u00e9gan<\/li>\n<li>Kosher<\/li>\n<li>Vitamins<\/li>\n<li>GMP quality guaranteed<\/li>\n<\/ul>","protected":false},"featured_media":25429,"template":"","meta":{"om_disable_all_campaigns":false},"product_brand":[83],"product_cat":[18,3366],"product_tag":[3636,3637,3638,3639,3640],"class_list":{"0":"post-25381","1":"product","2":"type-product","3":"status-publish","4":"has-post-thumbnail","6":"product_brand-now-foods-maroc-prix","7":"product_cat-beaute-sante","8":"product_cat-complements-alimentaires-au-maroc-vitablanca","9":"product_tag-complement-vitamines-b-energie-et-nerfs","10":"product_tag-complexe-vitamines-b-now-foods","11":"product_tag-now-foods-b-100-100-capsules-vegetariennes","12":"product_tag-now-foods-vitamine-b-100","13":"product_tag-vitamine-b-100-haute-puissance","15":"first","16":"instock","17":"sale","18":"taxable","19":"shipping-taxable","20":"purchasable","21":"product-type-simple"},"yoast_head":"<!-- This site is optimized with the Yoast SEO plugin v27.4 - https:\/\/yoast.com\/product\/yoast-seo-wordpress\/ -->\n<title>Now Foods Vitamine B-100 Complex 100 Capsules - Maroc Prix<\/title>\n<meta name=\"description\" content=\"D\u00e9couvrez Now Foods Vitamin B-100 Complex, 100 capsules , un suppl\u00e9ment complet de vitamine B pour soutenir l&#039;\u00e9nergie, le m\u00e9tabolisme, la fonction nerveuse\" \/>\n<meta name=\"robots\" content=\"index, follow, max-snippet:-1, max-image-preview:large, max-video-preview:-1\" \/>\n<link rel=\"canonical\" href=\"https:\/\/vitablanca.ma\/en\/product\/now-foods-vitamine-b-100-100-capsules-veg\/\" \/>\n<meta property=\"og:locale\" content=\"en_US\" \/>\n<meta property=\"og:type\" content=\"article\" \/>\n<meta property=\"og:title\" content=\"Now Foods Vitamine B-100 Complex 100 Capsules - Maroc Prix\" \/>\n<meta property=\"og:description\" content=\"D\u00e9couvrez Now Foods Vitamin B-100 Complex, 100 capsules , un suppl\u00e9ment complet de vitamine B pour soutenir l&#039;\u00e9nergie, le m\u00e9tabolisme, la fonction nerveuse\" \/>\n<meta property=\"og:url\" content=\"https:\/\/vitablanca.ma\/en\/product\/now-foods-vitamine-b-100-100-capsules-veg\/\" \/>\n<meta property=\"og:site_name\" content=\"Vitablanca.ma &ndash; Sant&eacute;, vitalit&eacute; et bien-&ecirc;tre pour tous les Marocains\" \/>\n<meta property=\"article:publisher\" content=\"https:\/\/www.facebook.com\/profile.php?id=61576678196717\" \/>\n<meta property=\"article:modified_time\" content=\"2026-02-06T17:06:36+00:00\" \/>\n<meta property=\"og:image\" content=\"https:\/\/vitablanca.ma\/wp-content\/uploads\/2025\/09\/now-foods-vitamine-b-100-100-capsules-veg-67.jpg\" \/>\n\t<meta property=\"og:image:width\" content=\"680\" \/>\n\t<meta property=\"og:image:height\" content=\"680\" \/>\n\t<meta property=\"og:image:type\" content=\"image\/jpeg\" \/>\n<meta name=\"twitter:card\" content=\"summary_large_image\" \/>\n<meta name=\"twitter:label1\" content=\"Est. reading time\" \/>\n\t<meta name=\"twitter:data1\" content=\"2 minutes\" \/>\n<script type=\"application\/ld+json\" class=\"yoast-schema-graph\">{\"@context\":\"https:\\\/\\\/schema.org\",\"@graph\":[{\"@type\":[\"WebPage\",\"ItemPage\"],\"@id\":\"https:\\\/\\\/vitablanca.ma\\\/produit\\\/now-foods-vitamine-b-100-100-capsules-veg\\\/\",\"url\":\"https:\\\/\\\/vitablanca.ma\\\/produit\\\/now-foods-vitamine-b-100-100-capsules-veg\\\/\",\"name\":\"Now Foods Vitamine B-100 Complex 100 Capsules - Maroc Prix\",\"isPartOf\":{\"@id\":\"https:\\\/\\\/vitablanca.ma\\\/#website\"},\"primaryImageOfPage\":{\"@id\":\"https:\\\/\\\/vitablanca.ma\\\/produit\\\/now-foods-vitamine-b-100-100-capsules-veg\\\/#primaryimage\"},\"image\":{\"@id\":\"https:\\\/\\\/vitablanca.ma\\\/produit\\\/now-foods-vitamine-b-100-100-capsules-veg\\\/#primaryimage\"},\"thumbnailUrl\":\"https:\\\/\\\/vitablanca.ma\\\/wp-content\\\/uploads\\\/2025\\\/09\\\/now-foods-vitamine-b-100-100-capsules-veg-67.jpg\",\"datePublished\":\"2025-09-18T01:49:53+00:00\",\"dateModified\":\"2026-02-06T17:06:36+00:00\",\"description\":\"D\u00e9couvrez Now Foods Vitamin B-100 Complex, 100 capsules , un suppl\u00e9ment complet de vitamine B pour soutenir l'\u00e9nergie, le m\u00e9tabolisme, la fonction nerveuse\",\"breadcrumb\":{\"@id\":\"https:\\\/\\\/vitablanca.ma\\\/produit\\\/now-foods-vitamine-b-100-100-capsules-veg\\\/#breadcrumb\"},\"inLanguage\":\"en-US\",\"potentialAction\":[{\"@type\":\"ReadAction\",\"target\":[\"https:\\\/\\\/vitablanca.ma\\\/produit\\\/now-foods-vitamine-b-100-100-capsules-veg\\\/\"]}]},{\"@type\":\"ImageObject\",\"inLanguage\":\"en-US\",\"@id\":\"https:\\\/\\\/vitablanca.ma\\\/produit\\\/now-foods-vitamine-b-100-100-capsules-veg\\\/#primaryimage\",\"url\":\"https:\\\/\\\/vitablanca.ma\\\/wp-content\\\/uploads\\\/2025\\\/09\\\/now-foods-vitamine-b-100-100-capsules-veg-67.jpg\",\"contentUrl\":\"https:\\\/\\\/vitablanca.ma\\\/wp-content\\\/uploads\\\/2025\\\/09\\\/now-foods-vitamine-b-100-100-capsules-veg-67.jpg\",\"width\":680,\"height\":680},{\"@type\":\"BreadcrumbList\",\"@id\":\"https:\\\/\\\/vitablanca.ma\\\/produit\\\/now-foods-vitamine-b-100-100-capsules-veg\\\/#breadcrumb\",\"itemListElement\":[{\"@type\":\"ListItem\",\"position\":1,\"name\":\"Home\",\"item\":\"https:\\\/\\\/vitablanca.ma\\\/\"},{\"@type\":\"ListItem\",\"position\":2,\"name\":\"Tous Les Produits\",\"item\":\"https:\\\/\\\/vitablanca.ma\\\/tous-les-produits\\\/\"},{\"@type\":\"ListItem\",\"position\":3,\"name\":\"Now Foods Vitamine B-100 Complex 100 Capsules\"}]},{\"@type\":\"WebSite\",\"@id\":\"https:\\\/\\\/vitablanca.ma\\\/#website\",\"url\":\"https:\\\/\\\/vitablanca.ma\\\/\",\"name\":\"VitaBlanca.ma | Compl\u00e9ments alimentaires, sant\u00e9 & beaut\u00e9 au Maroc\",\"description\":\"vendre vitamines et compl\u00e9ments premium des USA &amp; Canada, Nouvelle Z\u00e9lande,Maroc (NOW Foods, Solgar, Manuka). Livraison rapide partout au Maroc.\",\"publisher\":{\"@id\":\"https:\\\/\\\/vitablanca.ma\\\/#organization\"},\"alternateName\":\"VitaBlanca.ma\",\"potentialAction\":[{\"@type\":\"SearchAction\",\"target\":{\"@type\":\"EntryPoint\",\"urlTemplate\":\"https:\\\/\\\/vitablanca.ma\\\/?s={search_term_string}\"},\"query-input\":{\"@type\":\"PropertyValueSpecification\",\"valueRequired\":true,\"valueName\":\"search_term_string\"}}],\"inLanguage\":\"en-US\"},{\"@type\":\"Organization\",\"@id\":\"https:\\\/\\\/vitablanca.ma\\\/#organization\",\"name\":\"VitaBlanca\",\"url\":\"https:\\\/\\\/vitablanca.ma\\\/\",\"logo\":{\"@type\":\"ImageObject\",\"inLanguage\":\"en-US\",\"@id\":\"https:\\\/\\\/vitablanca.ma\\\/#\\\/schema\\\/logo\\\/image\\\/\",\"url\":\"https:\\\/\\\/vitablanca.ma\\\/wp-content\\\/uploads\\\/2025\\\/05\\\/cropped-vitablanca.png\",\"contentUrl\":\"https:\\\/\\\/vitablanca.ma\\\/wp-content\\\/uploads\\\/2025\\\/05\\\/cropped-vitablanca.png\",\"width\":360,\"height\":67,\"caption\":\"VitaBlanca\"},\"image\":{\"@id\":\"https:\\\/\\\/vitablanca.ma\\\/#\\\/schema\\\/logo\\\/image\\\/\"},\"sameAs\":[\"https:\\\/\\\/www.facebook.com\\\/profile.php?id=61576678196717\",\"https:\\\/\\\/www.tiktok.com\\\/@vitablanca.ma\",\"https:\\\/\\\/www.instagram.com\\\/vitablanca.ma\\\/\"]}]}<\/script>\n<!-- \/ Yoast SEO plugin. -->","yoast_head_json":{"title":"Now Foods Vitamine B-100 Complex 100 Capsules - Maroc Prix","description":"D\u00e9couvrez Now Foods Vitamin B-100 Complex, 100 capsules , un suppl\u00e9ment complet de vitamine B pour soutenir l'\u00e9nergie, le m\u00e9tabolisme, la fonction nerveuse","robots":{"index":"index","follow":"follow","max-snippet":"max-snippet:-1","max-image-preview":"max-image-preview:large","max-video-preview":"max-video-preview:-1"},"canonical":"https:\/\/vitablanca.ma\/en\/product\/now-foods-vitamine-b-100-100-capsules-veg\/","og_locale":"en_US","og_type":"article","og_title":"Now Foods Vitamine B-100 Complex 100 Capsules - Maroc Prix","og_description":"D\u00e9couvrez Now Foods Vitamin B-100 Complex, 100 capsules , un suppl\u00e9ment complet de vitamine B pour soutenir l'\u00e9nergie, le m\u00e9tabolisme, la fonction nerveuse","og_url":"https:\/\/vitablanca.ma\/en\/product\/now-foods-vitamine-b-100-100-capsules-veg\/","og_site_name":"Vitablanca.ma &ndash; Sant&eacute;, vitalit&eacute; et bien-&ecirc;tre pour tous les Marocains","article_publisher":"https:\/\/www.facebook.com\/profile.php?id=61576678196717","article_modified_time":"2026-02-06T17:06:36+00:00","og_image":[{"width":680,"height":680,"url":"https:\/\/vitablanca.ma\/wp-content\/uploads\/2025\/09\/now-foods-vitamine-b-100-100-capsules-veg-67.jpg","type":"image\/jpeg"}],"twitter_card":"summary_large_image","twitter_misc":{"Est. reading time":"2 minutes"},"schema":{"@context":"https:\/\/schema.org","@graph":[{"@type":["WebPage","ItemPage"],"@id":"https:\/\/vitablanca.ma\/produit\/now-foods-vitamine-b-100-100-capsules-veg\/","url":"https:\/\/vitablanca.ma\/produit\/now-foods-vitamine-b-100-100-capsules-veg\/","name":"Now Foods Vitamine B-100 Complex 100 Capsules - Maroc Prix","isPartOf":{"@id":"https:\/\/vitablanca.ma\/#website"},"primaryImageOfPage":{"@id":"https:\/\/vitablanca.ma\/produit\/now-foods-vitamine-b-100-100-capsules-veg\/#primaryimage"},"image":{"@id":"https:\/\/vitablanca.ma\/produit\/now-foods-vitamine-b-100-100-capsules-veg\/#primaryimage"},"thumbnailUrl":"https:\/\/vitablanca.ma\/wp-content\/uploads\/2025\/09\/now-foods-vitamine-b-100-100-capsules-veg-67.jpg","datePublished":"2025-09-18T01:49:53+00:00","dateModified":"2026-02-06T17:06:36+00:00","description":"D\u00e9couvrez Now Foods Vitamin B-100 Complex, 100 capsules , un suppl\u00e9ment complet de vitamine B pour soutenir l'\u00e9nergie, le m\u00e9tabolisme, la fonction nerveuse","breadcrumb":{"@id":"https:\/\/vitablanca.ma\/produit\/now-foods-vitamine-b-100-100-capsules-veg\/#breadcrumb"},"inLanguage":"en-US","potentialAction":[{"@type":"ReadAction","target":["https:\/\/vitablanca.ma\/produit\/now-foods-vitamine-b-100-100-capsules-veg\/"]}]},{"@type":"ImageObject","inLanguage":"en-US","@id":"https:\/\/vitablanca.ma\/produit\/now-foods-vitamine-b-100-100-capsules-veg\/#primaryimage","url":"https:\/\/vitablanca.ma\/wp-content\/uploads\/2025\/09\/now-foods-vitamine-b-100-100-capsules-veg-67.jpg","contentUrl":"https:\/\/vitablanca.ma\/wp-content\/uploads\/2025\/09\/now-foods-vitamine-b-100-100-capsules-veg-67.jpg","width":680,"height":680},{"@type":"BreadcrumbList","@id":"https:\/\/vitablanca.ma\/produit\/now-foods-vitamine-b-100-100-capsules-veg\/#breadcrumb","itemListElement":[{"@type":"ListItem","position":1,"name":"Home","item":"https:\/\/vitablanca.ma\/"},{"@type":"ListItem","position":2,"name":"Tous Les Produits","item":"https:\/\/vitablanca.ma\/tous-les-produits\/"},{"@type":"ListItem","position":3,"name":"Now Foods Vitamine B-100 Complex 100 Capsules"}]},{"@type":"WebSite","@id":"https:\/\/vitablanca.ma\/#website","url":"https:\/\/vitablanca.ma\/","name":"VitaBlanca.ma | Food supplements, health &amp; beauty in Morocco","description":"sell premium vitamins and supplements from USA &amp; Canada, New Zealand, Morocco (NOW Foods, Solgar, Manuka). Fast delivery anywhere in Morocco.","publisher":{"@id":"https:\/\/vitablanca.ma\/#organization"},"alternateName":"VitaBlanca.ma","potentialAction":[{"@type":"SearchAction","target":{"@type":"EntryPoint","urlTemplate":"https:\/\/vitablanca.ma\/?s={search_term_string}"},"query-input":{"@type":"PropertyValueSpecification","valueRequired":true,"valueName":"search_term_string"}}],"inLanguage":"en-US"},{"@type":"Organization","@id":"https:\/\/vitablanca.ma\/#organization","name":"VitaBlanca","url":"https:\/\/vitablanca.ma\/","logo":{"@type":"ImageObject","inLanguage":"en-US","@id":"https:\/\/vitablanca.ma\/#\/schema\/logo\/image\/","url":"https:\/\/vitablanca.ma\/wp-content\/uploads\/2025\/05\/cropped-vitablanca.png","contentUrl":"https:\/\/vitablanca.ma\/wp-content\/uploads\/2025\/05\/cropped-vitablanca.png","width":360,"height":67,"caption":"VitaBlanca"},"image":{"@id":"https:\/\/vitablanca.ma\/#\/schema\/logo\/image\/"},"sameAs":["https:\/\/www.facebook.com\/profile.php?id=61576678196717","https:\/\/www.tiktok.com\/@vitablanca.ma","https:\/\/www.instagram.com\/vitablanca.ma\/"]}]}},"jetpack_sharing_enabled":true,"_links":{"self":[{"href":"https:\/\/vitablanca.ma\/en\/wp-json\/wp\/v2\/product\/25381","targetHints":{"allow":["GET"]}}],"collection":[{"href":"https:\/\/vitablanca.ma\/en\/wp-json\/wp\/v2\/product"}],"about":[{"href":"https:\/\/vitablanca.ma\/en\/wp-json\/wp\/v2\/types\/product"}],"wp:featuredmedia":[{"embeddable":true,"href":"https:\/\/vitablanca.ma\/en\/wp-json\/wp\/v2\/media\/25429"}],"wp:attachment":[{"href":"https:\/\/vitablanca.ma\/en\/wp-json\/wp\/v2\/media?parent=25381"}],"wp:term":[{"taxonomy":"product_brand","embeddable":true,"href":"https:\/\/vitablanca.ma\/en\/wp-json\/wp\/v2\/product_brand?post=25381"},{"taxonomy":"product_cat","embeddable":true,"href":"https:\/\/vitablanca.ma\/en\/wp-json\/wp\/v2\/product_cat?post=25381"},{"taxonomy":"product_tag","embeddable":true,"href":"https:\/\/vitablanca.ma\/en\/wp-json\/wp\/v2\/product_tag?post=25381"}],"curies":[{"name":"wp","href":"https:\/\/api.w.org\/{rel}","templated":true}]}}