{"id":25340,"date":"2025-09-18T01:49:29","date_gmt":"2025-09-18T01:49:29","guid":{"rendered":"https:\/\/vitablanca.ma\/?post_type=product&#038;p=25340"},"modified":"2025-09-22T18:10:26","modified_gmt":"2025-09-22T18:10:26","slug":"natures-way-chlorofresh-chlorophylle-liquide-sans-arome-480-ml","status":"publish","type":"product","link":"https:\/\/vitablanca.ma\/en\/product\/natures-way-chlorofresh-chlorophylle-liquide-sans-arome-480-ml\/","title":{"rendered":"Nature&rsquo;S Way Chlorofresh Chlorophylle liquide sans ar\u00f4me 480 ml"},"content":{"rendered":"<p data-start=\"626\" data-end=\"953\"><strong data-start=\"626\" data-end=\"695\">Nature\u2019s Way Chlorofresh Chlorophylle liquide sans ar\u00f4me (480 ml)<\/strong> est un compl\u00e9ment naturel con\u00e7u pour soutenir la d\u00e9toxification, favoriser un \u00e9quilibre digestif sain et rafra\u00eechir l\u2019haleine. La chlorophylle, connue comme le \u00ab sang vert \u00bb des plantes, aide \u00e0 purifier l\u2019organisme et \u00e0 maintenir un bon \u00e9quilibre interne.<\/p>\n<p data-start=\"955\" data-end=\"1347\">\u2714\ufe0f <strong data-start=\"958\" data-end=\"977\">D\u00e9tox naturelle<\/strong> : contribue \u00e0 l\u2019\u00e9limination des toxines.<br data-start=\"1018\" data-end=\"1021\" \/>\u2714\ufe0f <strong data-start=\"1024\" data-end=\"1047\">Digestion am\u00e9lior\u00e9e<\/strong> : apaise et \u00e9quilibre la flore intestinale.<br data-start=\"1091\" data-end=\"1094\" \/>\u2714\ufe0f <strong data-start=\"1097\" data-end=\"1116\">Fresh breath<\/strong> : neutralise les odeurs corporelles et buccales.<br data-start=\"1165\" data-end=\"1168\" \/>\u2714\ufe0f <strong data-start=\"1171\" data-end=\"1192\">No added flavoring<\/strong> : formule pure et facile \u00e0 int\u00e9grer dans vos boissons quotidiennes.<br data-start=\"1260\" data-end=\"1263\" \/>\u2714\ufe0f <strong data-start=\"1266\" data-end=\"1294\">Format \u00e9conomique 480 ml<\/strong> : utilisation prolong\u00e9e pour un bien-\u00eatre optimal.<\/p>\n<p data-start=\"1349\" data-end=\"1455\">Disponible maintenant au Maroc sur <strong data-start=\"1384\" data-end=\"1401\">VitaBlanca.ma<\/strong>, la r\u00e9f\u00e9rence en compl\u00e9ments alimentaires naturels.<\/p>","protected":false},"excerpt":{"rendered":"<p data-start=\"440\" data-end=\"587\">Nature\u2019s Way Chlorofresh est une chlorophylle liquide sans ar\u00f4me, id\u00e9ale pour la d\u00e9tox, la digestion et la fra\u00eecheur de l\u2019haleine. Format 480 ml.<\/p>","protected":false},"featured_media":25420,"template":"","meta":{"om_disable_all_campaigns":false},"product_brand":[2144],"product_cat":[18,3366],"product_tag":[4324,3618,3619,4327,4326,3620,3621,4325,3622,956,4322,4321,1831],"class_list":{"0":"post-25340","1":"product","2":"type-product","3":"status-publish","4":"has-post-thumbnail","6":"product_brand-natures-way","7":"product_cat-beaute-sante","8":"product_cat-complements-alimentaires-au-maroc-vitablanca","9":"product_tag-chlorofresh-maroc","10":"product_tag-chlorofresh-natures-way-480-ml","11":"product_tag-chlorophylle-detox-globules-rouges","12":"product_tag-chlorophylle-liquide-480-ml","13":"product_tag-chlorophylle-liquide-maroc","14":"product_tag-chlorophylle-liquide-oxygenation","15":"product_tag-chlorophylle-liquide-sans-arome","16":"product_tag-complement-alimentaire-chlorophylle","17":"product_tag-complement-alimentaire-chlorophylle-naturelle","18":"product_tag-detox-naturelle","19":"product_tag-digestion-chlorophylle","20":"product_tag-haleine-fraiche-naturelle","21":"product_tag-natures-way-maroc","23":"first","24":"instock","25":"taxable","26":"shipping-taxable","27":"purchasable","28":"product-type-simple"},"yoast_head":"<!-- This site is optimized with the Yoast SEO plugin v27.4 - https:\/\/yoast.com\/product\/yoast-seo-wordpress\/ -->\n<title>Nature&#039;S Way Chlorofresh Chlorophylle liquide 480 ml - Maroc Prix<\/title>\n<meta name=\"description\" content=\"Achetez Nature\u2019s Way Chlorofresh Chlorophylle liquide sans ar\u00f4me 480 ml au Maroc. Soutien d\u00e9tox, haleine fra\u00eeche et \u00e9quilibre digestif. sur VitaBlanca.ma\" \/>\n<meta name=\"robots\" content=\"index, follow, max-snippet:-1, max-image-preview:large, max-video-preview:-1\" \/>\n<link rel=\"canonical\" href=\"https:\/\/vitablanca.ma\/en\/product\/natures-way-chlorofresh-chlorophylle-liquide-sans-arome-480-ml\/\" \/>\n<meta property=\"og:locale\" content=\"en_US\" \/>\n<meta property=\"og:type\" content=\"article\" \/>\n<meta property=\"og:title\" content=\"Nature&#039;S Way Chlorofresh Chlorophylle liquide 480 ml - Maroc Prix\" \/>\n<meta property=\"og:description\" content=\"Achetez Nature\u2019s Way Chlorofresh Chlorophylle liquide sans ar\u00f4me 480 ml au Maroc. Soutien d\u00e9tox, haleine fra\u00eeche et \u00e9quilibre digestif. sur VitaBlanca.ma\" \/>\n<meta property=\"og:url\" content=\"https:\/\/vitablanca.ma\/en\/product\/natures-way-chlorofresh-chlorophylle-liquide-sans-arome-480-ml\/\" \/>\n<meta property=\"og:site_name\" content=\"Vitablanca.ma &ndash; Sant&eacute;, vitalit&eacute; et bien-&ecirc;tre pour tous les Marocains\" \/>\n<meta property=\"article:publisher\" content=\"https:\/\/www.facebook.com\/profile.php?id=61576678196717\" \/>\n<meta property=\"article:modified_time\" content=\"2025-09-22T18:10:26+00:00\" \/>\n<meta property=\"og:image\" content=\"https:\/\/vitablanca.ma\/wp-content\/uploads\/2025\/09\/natures-way-chlorofresh-chlorophylle-liquide-sans-arome-480-ml-stimule-globules-rouges-de.jpg\" \/>\n\t<meta property=\"og:image:width\" content=\"680\" \/>\n\t<meta property=\"og:image:height\" content=\"680\" \/>\n\t<meta property=\"og:image:type\" content=\"image\/jpeg\" \/>\n<meta name=\"twitter:card\" content=\"summary_large_image\" \/>\n<meta name=\"twitter:label1\" content=\"Est. reading time\" \/>\n\t<meta name=\"twitter:data1\" content=\"1 minute\" \/>\n<script type=\"application\/ld+json\" class=\"yoast-schema-graph\">{\"@context\":\"https:\\\/\\\/schema.org\",\"@graph\":[{\"@type\":[\"WebPage\",\"ItemPage\"],\"@id\":\"https:\\\/\\\/vitablanca.ma\\\/produit\\\/natures-way-chlorofresh-chlorophylle-liquide-sans-arome-480-ml\\\/\",\"url\":\"https:\\\/\\\/vitablanca.ma\\\/produit\\\/natures-way-chlorofresh-chlorophylle-liquide-sans-arome-480-ml\\\/\",\"name\":\"Nature'S Way Chlorofresh Chlorophylle liquide 480 ml - Maroc Prix\",\"isPartOf\":{\"@id\":\"https:\\\/\\\/vitablanca.ma\\\/#website\"},\"primaryImageOfPage\":{\"@id\":\"https:\\\/\\\/vitablanca.ma\\\/produit\\\/natures-way-chlorofresh-chlorophylle-liquide-sans-arome-480-ml\\\/#primaryimage\"},\"image\":{\"@id\":\"https:\\\/\\\/vitablanca.ma\\\/produit\\\/natures-way-chlorofresh-chlorophylle-liquide-sans-arome-480-ml\\\/#primaryimage\"},\"thumbnailUrl\":\"https:\\\/\\\/vitablanca.ma\\\/wp-content\\\/uploads\\\/2025\\\/09\\\/natures-way-chlorofresh-chlorophylle-liquide-sans-arome-480-ml-stimule-globules-rouges-de.jpg\",\"datePublished\":\"2025-09-18T01:49:29+00:00\",\"dateModified\":\"2025-09-22T18:10:26+00:00\",\"description\":\"Achetez Nature\u2019s Way Chlorofresh Chlorophylle liquide sans ar\u00f4me 480 ml au Maroc. Soutien d\u00e9tox, haleine fra\u00eeche et \u00e9quilibre digestif. sur VitaBlanca.ma\",\"breadcrumb\":{\"@id\":\"https:\\\/\\\/vitablanca.ma\\\/produit\\\/natures-way-chlorofresh-chlorophylle-liquide-sans-arome-480-ml\\\/#breadcrumb\"},\"inLanguage\":\"en-US\",\"potentialAction\":[{\"@type\":\"ReadAction\",\"target\":[\"https:\\\/\\\/vitablanca.ma\\\/produit\\\/natures-way-chlorofresh-chlorophylle-liquide-sans-arome-480-ml\\\/\"]}]},{\"@type\":\"ImageObject\",\"inLanguage\":\"en-US\",\"@id\":\"https:\\\/\\\/vitablanca.ma\\\/produit\\\/natures-way-chlorofresh-chlorophylle-liquide-sans-arome-480-ml\\\/#primaryimage\",\"url\":\"https:\\\/\\\/vitablanca.ma\\\/wp-content\\\/uploads\\\/2025\\\/09\\\/natures-way-chlorofresh-chlorophylle-liquide-sans-arome-480-ml-stimule-globules-rouges-de.jpg\",\"contentUrl\":\"https:\\\/\\\/vitablanca.ma\\\/wp-content\\\/uploads\\\/2025\\\/09\\\/natures-way-chlorofresh-chlorophylle-liquide-sans-arome-480-ml-stimule-globules-rouges-de.jpg\",\"width\":680,\"height\":680},{\"@type\":\"BreadcrumbList\",\"@id\":\"https:\\\/\\\/vitablanca.ma\\\/produit\\\/natures-way-chlorofresh-chlorophylle-liquide-sans-arome-480-ml\\\/#breadcrumb\",\"itemListElement\":[{\"@type\":\"ListItem\",\"position\":1,\"name\":\"Home\",\"item\":\"https:\\\/\\\/vitablanca.ma\\\/\"},{\"@type\":\"ListItem\",\"position\":2,\"name\":\"Tous Les Produits\",\"item\":\"https:\\\/\\\/vitablanca.ma\\\/tous-les-produits\\\/\"},{\"@type\":\"ListItem\",\"position\":3,\"name\":\"Nature&#8217;S Way Chlorofresh Chlorophylle liquide sans ar\u00f4me 480 ml\"}]},{\"@type\":\"WebSite\",\"@id\":\"https:\\\/\\\/vitablanca.ma\\\/#website\",\"url\":\"https:\\\/\\\/vitablanca.ma\\\/\",\"name\":\"VitaBlanca.ma | Compl\u00e9ments alimentaires, sant\u00e9 & beaut\u00e9 au Maroc\",\"description\":\"vendre vitamines et compl\u00e9ments premium des USA &amp; Canada, Nouvelle Z\u00e9lande,Maroc (NOW Foods, Solgar, Manuka). Livraison rapide partout au Maroc.\",\"publisher\":{\"@id\":\"https:\\\/\\\/vitablanca.ma\\\/#organization\"},\"alternateName\":\"VitaBlanca.ma\",\"potentialAction\":[{\"@type\":\"SearchAction\",\"target\":{\"@type\":\"EntryPoint\",\"urlTemplate\":\"https:\\\/\\\/vitablanca.ma\\\/?s={search_term_string}\"},\"query-input\":{\"@type\":\"PropertyValueSpecification\",\"valueRequired\":true,\"valueName\":\"search_term_string\"}}],\"inLanguage\":\"en-US\"},{\"@type\":\"Organization\",\"@id\":\"https:\\\/\\\/vitablanca.ma\\\/#organization\",\"name\":\"VitaBlanca\",\"url\":\"https:\\\/\\\/vitablanca.ma\\\/\",\"logo\":{\"@type\":\"ImageObject\",\"inLanguage\":\"en-US\",\"@id\":\"https:\\\/\\\/vitablanca.ma\\\/#\\\/schema\\\/logo\\\/image\\\/\",\"url\":\"https:\\\/\\\/vitablanca.ma\\\/wp-content\\\/uploads\\\/2025\\\/05\\\/cropped-vitablanca.png\",\"contentUrl\":\"https:\\\/\\\/vitablanca.ma\\\/wp-content\\\/uploads\\\/2025\\\/05\\\/cropped-vitablanca.png\",\"width\":360,\"height\":67,\"caption\":\"VitaBlanca\"},\"image\":{\"@id\":\"https:\\\/\\\/vitablanca.ma\\\/#\\\/schema\\\/logo\\\/image\\\/\"},\"sameAs\":[\"https:\\\/\\\/www.facebook.com\\\/profile.php?id=61576678196717\",\"https:\\\/\\\/www.tiktok.com\\\/@vitablanca.ma\",\"https:\\\/\\\/www.instagram.com\\\/vitablanca.ma\\\/\"]}]}<\/script>\n<!-- \/ Yoast SEO plugin. -->","yoast_head_json":{"title":"Nature'S Way Chlorofresh Chlorophylle liquide 480 ml - Maroc Prix","description":"Achetez Nature\u2019s Way Chlorofresh Chlorophylle liquide sans ar\u00f4me 480 ml au Maroc. Soutien d\u00e9tox, haleine fra\u00eeche et \u00e9quilibre digestif. sur VitaBlanca.ma","robots":{"index":"index","follow":"follow","max-snippet":"max-snippet:-1","max-image-preview":"max-image-preview:large","max-video-preview":"max-video-preview:-1"},"canonical":"https:\/\/vitablanca.ma\/en\/product\/natures-way-chlorofresh-chlorophylle-liquide-sans-arome-480-ml\/","og_locale":"en_US","og_type":"article","og_title":"Nature'S Way Chlorofresh Chlorophylle liquide 480 ml - Maroc Prix","og_description":"Achetez Nature\u2019s Way Chlorofresh Chlorophylle liquide sans ar\u00f4me 480 ml au Maroc. Soutien d\u00e9tox, haleine fra\u00eeche et \u00e9quilibre digestif. sur VitaBlanca.ma","og_url":"https:\/\/vitablanca.ma\/en\/product\/natures-way-chlorofresh-chlorophylle-liquide-sans-arome-480-ml\/","og_site_name":"Vitablanca.ma &ndash; Sant&eacute;, vitalit&eacute; et bien-&ecirc;tre pour tous les Marocains","article_publisher":"https:\/\/www.facebook.com\/profile.php?id=61576678196717","article_modified_time":"2025-09-22T18:10:26+00:00","og_image":[{"width":680,"height":680,"url":"https:\/\/vitablanca.ma\/wp-content\/uploads\/2025\/09\/natures-way-chlorofresh-chlorophylle-liquide-sans-arome-480-ml-stimule-globules-rouges-de.jpg","type":"image\/jpeg"}],"twitter_card":"summary_large_image","twitter_misc":{"Est. reading time":"1 minute"},"schema":{"@context":"https:\/\/schema.org","@graph":[{"@type":["WebPage","ItemPage"],"@id":"https:\/\/vitablanca.ma\/produit\/natures-way-chlorofresh-chlorophylle-liquide-sans-arome-480-ml\/","url":"https:\/\/vitablanca.ma\/produit\/natures-way-chlorofresh-chlorophylle-liquide-sans-arome-480-ml\/","name":"Nature'S Way Chlorofresh Chlorophylle liquide 480 ml - Maroc Prix","isPartOf":{"@id":"https:\/\/vitablanca.ma\/#website"},"primaryImageOfPage":{"@id":"https:\/\/vitablanca.ma\/produit\/natures-way-chlorofresh-chlorophylle-liquide-sans-arome-480-ml\/#primaryimage"},"image":{"@id":"https:\/\/vitablanca.ma\/produit\/natures-way-chlorofresh-chlorophylle-liquide-sans-arome-480-ml\/#primaryimage"},"thumbnailUrl":"https:\/\/vitablanca.ma\/wp-content\/uploads\/2025\/09\/natures-way-chlorofresh-chlorophylle-liquide-sans-arome-480-ml-stimule-globules-rouges-de.jpg","datePublished":"2025-09-18T01:49:29+00:00","dateModified":"2025-09-22T18:10:26+00:00","description":"Achetez Nature\u2019s Way Chlorofresh Chlorophylle liquide sans ar\u00f4me 480 ml au Maroc. Soutien d\u00e9tox, haleine fra\u00eeche et \u00e9quilibre digestif. sur VitaBlanca.ma","breadcrumb":{"@id":"https:\/\/vitablanca.ma\/produit\/natures-way-chlorofresh-chlorophylle-liquide-sans-arome-480-ml\/#breadcrumb"},"inLanguage":"en-US","potentialAction":[{"@type":"ReadAction","target":["https:\/\/vitablanca.ma\/produit\/natures-way-chlorofresh-chlorophylle-liquide-sans-arome-480-ml\/"]}]},{"@type":"ImageObject","inLanguage":"en-US","@id":"https:\/\/vitablanca.ma\/produit\/natures-way-chlorofresh-chlorophylle-liquide-sans-arome-480-ml\/#primaryimage","url":"https:\/\/vitablanca.ma\/wp-content\/uploads\/2025\/09\/natures-way-chlorofresh-chlorophylle-liquide-sans-arome-480-ml-stimule-globules-rouges-de.jpg","contentUrl":"https:\/\/vitablanca.ma\/wp-content\/uploads\/2025\/09\/natures-way-chlorofresh-chlorophylle-liquide-sans-arome-480-ml-stimule-globules-rouges-de.jpg","width":680,"height":680},{"@type":"BreadcrumbList","@id":"https:\/\/vitablanca.ma\/produit\/natures-way-chlorofresh-chlorophylle-liquide-sans-arome-480-ml\/#breadcrumb","itemListElement":[{"@type":"ListItem","position":1,"name":"Home","item":"https:\/\/vitablanca.ma\/"},{"@type":"ListItem","position":2,"name":"Tous Les Produits","item":"https:\/\/vitablanca.ma\/tous-les-produits\/"},{"@type":"ListItem","position":3,"name":"Nature&#8217;S Way Chlorofresh Chlorophylle liquide sans ar\u00f4me 480 ml"}]},{"@type":"WebSite","@id":"https:\/\/vitablanca.ma\/#website","url":"https:\/\/vitablanca.ma\/","name":"VitaBlanca.ma | Food supplements, health &amp; beauty in Morocco","description":"sell premium vitamins and supplements from USA &amp; Canada, New Zealand, Morocco (NOW Foods, Solgar, Manuka). Fast delivery anywhere in Morocco.","publisher":{"@id":"https:\/\/vitablanca.ma\/#organization"},"alternateName":"VitaBlanca.ma","potentialAction":[{"@type":"SearchAction","target":{"@type":"EntryPoint","urlTemplate":"https:\/\/vitablanca.ma\/?s={search_term_string}"},"query-input":{"@type":"PropertyValueSpecification","valueRequired":true,"valueName":"search_term_string"}}],"inLanguage":"en-US"},{"@type":"Organization","@id":"https:\/\/vitablanca.ma\/#organization","name":"VitaBlanca","url":"https:\/\/vitablanca.ma\/","logo":{"@type":"ImageObject","inLanguage":"en-US","@id":"https:\/\/vitablanca.ma\/#\/schema\/logo\/image\/","url":"https:\/\/vitablanca.ma\/wp-content\/uploads\/2025\/05\/cropped-vitablanca.png","contentUrl":"https:\/\/vitablanca.ma\/wp-content\/uploads\/2025\/05\/cropped-vitablanca.png","width":360,"height":67,"caption":"VitaBlanca"},"image":{"@id":"https:\/\/vitablanca.ma\/#\/schema\/logo\/image\/"},"sameAs":["https:\/\/www.facebook.com\/profile.php?id=61576678196717","https:\/\/www.tiktok.com\/@vitablanca.ma","https:\/\/www.instagram.com\/vitablanca.ma\/"]}]}},"jetpack_sharing_enabled":true,"_links":{"self":[{"href":"https:\/\/vitablanca.ma\/en\/wp-json\/wp\/v2\/product\/25340","targetHints":{"allow":["GET"]}}],"collection":[{"href":"https:\/\/vitablanca.ma\/en\/wp-json\/wp\/v2\/product"}],"about":[{"href":"https:\/\/vitablanca.ma\/en\/wp-json\/wp\/v2\/types\/product"}],"wp:featuredmedia":[{"embeddable":true,"href":"https:\/\/vitablanca.ma\/en\/wp-json\/wp\/v2\/media\/25420"}],"wp:attachment":[{"href":"https:\/\/vitablanca.ma\/en\/wp-json\/wp\/v2\/media?parent=25340"}],"wp:term":[{"taxonomy":"product_brand","embeddable":true,"href":"https:\/\/vitablanca.ma\/en\/wp-json\/wp\/v2\/product_brand?post=25340"},{"taxonomy":"product_cat","embeddable":true,"href":"https:\/\/vitablanca.ma\/en\/wp-json\/wp\/v2\/product_cat?post=25340"},{"taxonomy":"product_tag","embeddable":true,"href":"https:\/\/vitablanca.ma\/en\/wp-json\/wp\/v2\/product_tag?post=25340"}],"curies":[{"name":"wp","href":"https:\/\/api.w.org\/{rel}","templated":true}]}}