{"id":25336,"date":"2025-09-18T01:49:28","date_gmt":"2025-09-18T01:49:28","guid":{"rendered":"https:\/\/vitablanca.ma\/?post_type=product&#038;p=25336"},"modified":"2026-02-05T22:40:49","modified_gmt":"2026-02-05T22:40:49","slug":"now-foods-quercetine-avec-bromelaine-120-capsules-vegetales","status":"publish","type":"product","link":"https:\/\/vitablanca.ma\/en\/product\/now-foods-quercetine-avec-bromelaine-120-capsules-vegetales\/","title":{"rendered":"Now Foods Querc\u00e9tine avec brom\u00e9la\u00efne, 120 capsules v\u00e9g\u00e9tales"},"content":{"rendered":"<p>La querc\u00e9tine est un pi\u00e9geur de radicaux libres naturel qui favorise le bon fonctionnement du syst\u00e8me immunitaire saisonnier. Des \u00e9tudes en laboratoire ont d\u00e9montr\u00e9 que la querc\u00e9tine peut \u00e9galement aider \u00e0 promouvoir une fonction respiratoire normale. La brom\u00e9la\u00efne est depuis longtemps utilis\u00e9e par les herboristes et est connue pour aider \u00e0 favoriser une r\u00e9ponse \u00e9quilibr\u00e9e du syst\u00e8me immunitaire aux d\u00e9fis environnementaux. Cette combinaison compl\u00e9mentaire peut ainsi renforcer la sant\u00e9 respiratoire tout au long de l\u2019ann\u00e9e et favoriser le confort saisonnier global.<\/p>\n<h3>Suggested Use<\/h3>\n<p>Prenez 2 capsules 20\u00a0minutes avant les repas, deux\u00a0fois par jour. Les personnes \u00e0 l\u2019estomac sensible peuvent pr\u00e9f\u00e9rer prendre les capsules au moment du repas.<\/p>","protected":false},"excerpt":{"rendered":"<ul>\n<li>Syst\u00e8me immunitaire \u00e9quilibr\u00e9<\/li>\n<li>Favorise une fonction immunitaire saisonni\u00e8re saine<\/li>\n<li>Food supplement<\/li>\n<li>GMO-free<\/li>\n<li>V\u00e9g\u00e9tarienne &#8211; Vegan<\/li>\n<li>Kosher<\/li>\n<li>General health<\/li>\n<li>Family business since 1968<\/li>\n<\/ul>","protected":false},"featured_media":25411,"template":"","meta":{"om_disable_all_campaigns":false},"product_brand":[83],"product_cat":[18,3366],"product_tag":[3599,3600,3601,3602,3603],"class_list":{"0":"post-25336","1":"product","2":"type-product","3":"status-publish","4":"has-post-thumbnail","6":"product_brand-now-foods-maroc-prix","7":"product_cat-beaute-sante","8":"product_cat-complements-alimentaires-au-maroc-vitablanca","9":"product_tag-120-capsules-vegetales","10":"product_tag-circulation-et-inflammation","11":"product_tag-complement-immunite-et-antioxydant","12":"product_tag-now-foods-quercetine-bromelaine","13":"product_tag-quercetine-avec-bromelaine","15":"first","16":"instock","17":"sale","18":"taxable","19":"shipping-taxable","20":"purchasable","21":"product-type-simple"},"yoast_head":"<!-- This site is optimized with the Yoast SEO plugin v27.5 - https:\/\/yoast.com\/product\/yoast-seo-wordpress\/ -->\n<title>Now Foods Querc\u00e9tine avec brom\u00e9la\u00efne, 120 capsules - Maroc Prix<\/title>\n<meta name=\"description\" content=\"D\u00e9couvrez Now Foods Querc\u00e9tine avec Brom\u00e9la\u00efne, 120 capsules , un suppl\u00e9ment naturel combinant la querc\u00e9tine et la brom\u00e9la\u00efne pour soutenir le syst\u00e8me ,\" \/>\n<meta name=\"robots\" content=\"index, follow, max-snippet:-1, max-image-preview:large, max-video-preview:-1\" \/>\n<link rel=\"canonical\" href=\"https:\/\/vitablanca.ma\/en\/product\/now-foods-quercetine-avec-bromelaine-120-capsules-vegetales\/\" \/>\n<meta property=\"og:locale\" content=\"en_US\" \/>\n<meta property=\"og:type\" content=\"article\" \/>\n<meta property=\"og:title\" content=\"Now Foods Querc\u00e9tine avec brom\u00e9la\u00efne, 120 capsules - Maroc Prix\" \/>\n<meta property=\"og:description\" content=\"D\u00e9couvrez Now Foods Querc\u00e9tine avec Brom\u00e9la\u00efne, 120 capsules , un suppl\u00e9ment naturel combinant la querc\u00e9tine et la brom\u00e9la\u00efne pour soutenir le syst\u00e8me ,\" \/>\n<meta property=\"og:url\" content=\"https:\/\/vitablanca.ma\/en\/product\/now-foods-quercetine-avec-bromelaine-120-capsules-vegetales\/\" \/>\n<meta property=\"og:site_name\" content=\"Vitablanca.ma &ndash; Sant&eacute;, vitalit&eacute; et bien-&ecirc;tre pour tous les Marocains\" \/>\n<meta property=\"article:publisher\" content=\"https:\/\/www.facebook.com\/profile.php?id=61576678196717\" \/>\n<meta property=\"article:modified_time\" content=\"2026-02-05T22:40:49+00:00\" \/>\n<meta property=\"og:image\" content=\"https:\/\/vitablanca.ma\/wp-content\/uploads\/2025\/09\/now-foods-quercetine-avec-bromelaine-120-capsules-vegetales-.jpg\" \/>\n\t<meta property=\"og:image:width\" content=\"680\" \/>\n\t<meta property=\"og:image:height\" content=\"680\" \/>\n\t<meta property=\"og:image:type\" content=\"image\/jpeg\" \/>\n<meta name=\"twitter:card\" content=\"summary_large_image\" \/>\n<meta name=\"twitter:label1\" content=\"Est. reading time\" \/>\n\t<meta name=\"twitter:data1\" content=\"1 minute\" \/>\n<script type=\"application\/ld+json\" class=\"yoast-schema-graph\">{\"@context\":\"https:\\\/\\\/schema.org\",\"@graph\":[{\"@type\":[\"WebPage\",\"ItemPage\"],\"@id\":\"https:\\\/\\\/vitablanca.ma\\\/produit\\\/now-foods-quercetine-avec-bromelaine-120-capsules-vegetales\\\/\",\"url\":\"https:\\\/\\\/vitablanca.ma\\\/produit\\\/now-foods-quercetine-avec-bromelaine-120-capsules-vegetales\\\/\",\"name\":\"Now Foods Querc\u00e9tine avec brom\u00e9la\u00efne, 120 capsules - Maroc Prix\",\"isPartOf\":{\"@id\":\"https:\\\/\\\/vitablanca.ma\\\/#website\"},\"primaryImageOfPage\":{\"@id\":\"https:\\\/\\\/vitablanca.ma\\\/produit\\\/now-foods-quercetine-avec-bromelaine-120-capsules-vegetales\\\/#primaryimage\"},\"image\":{\"@id\":\"https:\\\/\\\/vitablanca.ma\\\/produit\\\/now-foods-quercetine-avec-bromelaine-120-capsules-vegetales\\\/#primaryimage\"},\"thumbnailUrl\":\"https:\\\/\\\/vitablanca.ma\\\/wp-content\\\/uploads\\\/2025\\\/09\\\/now-foods-quercetine-avec-bromelaine-120-capsules-vegetales-.jpg\",\"datePublished\":\"2025-09-18T01:49:28+00:00\",\"dateModified\":\"2026-02-05T22:40:49+00:00\",\"description\":\"D\u00e9couvrez Now Foods Querc\u00e9tine avec Brom\u00e9la\u00efne, 120 capsules , un suppl\u00e9ment naturel combinant la querc\u00e9tine et la brom\u00e9la\u00efne pour soutenir le syst\u00e8me ,\",\"breadcrumb\":{\"@id\":\"https:\\\/\\\/vitablanca.ma\\\/produit\\\/now-foods-quercetine-avec-bromelaine-120-capsules-vegetales\\\/#breadcrumb\"},\"inLanguage\":\"en-US\",\"potentialAction\":[{\"@type\":\"ReadAction\",\"target\":[\"https:\\\/\\\/vitablanca.ma\\\/produit\\\/now-foods-quercetine-avec-bromelaine-120-capsules-vegetales\\\/\"]}]},{\"@type\":\"ImageObject\",\"inLanguage\":\"en-US\",\"@id\":\"https:\\\/\\\/vitablanca.ma\\\/produit\\\/now-foods-quercetine-avec-bromelaine-120-capsules-vegetales\\\/#primaryimage\",\"url\":\"https:\\\/\\\/vitablanca.ma\\\/wp-content\\\/uploads\\\/2025\\\/09\\\/now-foods-quercetine-avec-bromelaine-120-capsules-vegetales-.jpg\",\"contentUrl\":\"https:\\\/\\\/vitablanca.ma\\\/wp-content\\\/uploads\\\/2025\\\/09\\\/now-foods-quercetine-avec-bromelaine-120-capsules-vegetales-.jpg\",\"width\":680,\"height\":680},{\"@type\":\"BreadcrumbList\",\"@id\":\"https:\\\/\\\/vitablanca.ma\\\/produit\\\/now-foods-quercetine-avec-bromelaine-120-capsules-vegetales\\\/#breadcrumb\",\"itemListElement\":[{\"@type\":\"ListItem\",\"position\":1,\"name\":\"Home\",\"item\":\"https:\\\/\\\/vitablanca.ma\\\/\"},{\"@type\":\"ListItem\",\"position\":2,\"name\":\"Tous Les Produits\",\"item\":\"https:\\\/\\\/vitablanca.ma\\\/tous-les-produits\\\/\"},{\"@type\":\"ListItem\",\"position\":3,\"name\":\"Now Foods Querc\u00e9tine avec brom\u00e9la\u00efne, 120 capsules v\u00e9g\u00e9tales\"}]},{\"@type\":\"WebSite\",\"@id\":\"https:\\\/\\\/vitablanca.ma\\\/#website\",\"url\":\"https:\\\/\\\/vitablanca.ma\\\/\",\"name\":\"VitaBlanca.ma | Compl\u00e9ments alimentaires, sant\u00e9 & beaut\u00e9 au Maroc\",\"description\":\"vendre vitamines et compl\u00e9ments premium des USA &amp; Canada, Nouvelle Z\u00e9lande,Maroc (NOW Foods, Solgar, Manuka). Livraison rapide partout au Maroc.\",\"publisher\":{\"@id\":\"https:\\\/\\\/vitablanca.ma\\\/#organization\"},\"alternateName\":\"VitaBlanca.ma\",\"potentialAction\":[{\"@type\":\"SearchAction\",\"target\":{\"@type\":\"EntryPoint\",\"urlTemplate\":\"https:\\\/\\\/vitablanca.ma\\\/?s={search_term_string}\"},\"query-input\":{\"@type\":\"PropertyValueSpecification\",\"valueRequired\":true,\"valueName\":\"search_term_string\"}}],\"inLanguage\":\"en-US\"},{\"@type\":\"Organization\",\"@id\":\"https:\\\/\\\/vitablanca.ma\\\/#organization\",\"name\":\"VitaBlanca\",\"url\":\"https:\\\/\\\/vitablanca.ma\\\/\",\"logo\":{\"@type\":\"ImageObject\",\"inLanguage\":\"en-US\",\"@id\":\"https:\\\/\\\/vitablanca.ma\\\/#\\\/schema\\\/logo\\\/image\\\/\",\"url\":\"https:\\\/\\\/vitablanca.ma\\\/wp-content\\\/uploads\\\/2025\\\/05\\\/cropped-vitablanca.png\",\"contentUrl\":\"https:\\\/\\\/vitablanca.ma\\\/wp-content\\\/uploads\\\/2025\\\/05\\\/cropped-vitablanca.png\",\"width\":360,\"height\":67,\"caption\":\"VitaBlanca\"},\"image\":{\"@id\":\"https:\\\/\\\/vitablanca.ma\\\/#\\\/schema\\\/logo\\\/image\\\/\"},\"sameAs\":[\"https:\\\/\\\/www.facebook.com\\\/profile.php?id=61576678196717\",\"https:\\\/\\\/www.tiktok.com\\\/@vitablanca.ma\",\"https:\\\/\\\/www.instagram.com\\\/vitablanca.ma\\\/\"]}]}<\/script>\n<!-- \/ Yoast SEO plugin. -->","yoast_head_json":{"title":"Now Foods Querc\u00e9tine avec brom\u00e9la\u00efne, 120 capsules - Maroc Prix","description":"D\u00e9couvrez Now Foods Querc\u00e9tine avec Brom\u00e9la\u00efne, 120 capsules , un suppl\u00e9ment naturel combinant la querc\u00e9tine et la brom\u00e9la\u00efne pour soutenir le syst\u00e8me ,","robots":{"index":"index","follow":"follow","max-snippet":"max-snippet:-1","max-image-preview":"max-image-preview:large","max-video-preview":"max-video-preview:-1"},"canonical":"https:\/\/vitablanca.ma\/en\/product\/now-foods-quercetine-avec-bromelaine-120-capsules-vegetales\/","og_locale":"en_US","og_type":"article","og_title":"Now Foods Querc\u00e9tine avec brom\u00e9la\u00efne, 120 capsules - Maroc Prix","og_description":"D\u00e9couvrez Now Foods Querc\u00e9tine avec Brom\u00e9la\u00efne, 120 capsules , un suppl\u00e9ment naturel combinant la querc\u00e9tine et la brom\u00e9la\u00efne pour soutenir le syst\u00e8me ,","og_url":"https:\/\/vitablanca.ma\/en\/product\/now-foods-quercetine-avec-bromelaine-120-capsules-vegetales\/","og_site_name":"Vitablanca.ma &ndash; Sant&eacute;, vitalit&eacute; et bien-&ecirc;tre pour tous les Marocains","article_publisher":"https:\/\/www.facebook.com\/profile.php?id=61576678196717","article_modified_time":"2026-02-05T22:40:49+00:00","og_image":[{"width":680,"height":680,"url":"https:\/\/vitablanca.ma\/wp-content\/uploads\/2025\/09\/now-foods-quercetine-avec-bromelaine-120-capsules-vegetales-.jpg","type":"image\/jpeg"}],"twitter_card":"summary_large_image","twitter_misc":{"Est. reading time":"1 minute"},"schema":{"@context":"https:\/\/schema.org","@graph":[{"@type":["WebPage","ItemPage"],"@id":"https:\/\/vitablanca.ma\/produit\/now-foods-quercetine-avec-bromelaine-120-capsules-vegetales\/","url":"https:\/\/vitablanca.ma\/produit\/now-foods-quercetine-avec-bromelaine-120-capsules-vegetales\/","name":"Now Foods Querc\u00e9tine avec brom\u00e9la\u00efne, 120 capsules - Maroc Prix","isPartOf":{"@id":"https:\/\/vitablanca.ma\/#website"},"primaryImageOfPage":{"@id":"https:\/\/vitablanca.ma\/produit\/now-foods-quercetine-avec-bromelaine-120-capsules-vegetales\/#primaryimage"},"image":{"@id":"https:\/\/vitablanca.ma\/produit\/now-foods-quercetine-avec-bromelaine-120-capsules-vegetales\/#primaryimage"},"thumbnailUrl":"https:\/\/vitablanca.ma\/wp-content\/uploads\/2025\/09\/now-foods-quercetine-avec-bromelaine-120-capsules-vegetales-.jpg","datePublished":"2025-09-18T01:49:28+00:00","dateModified":"2026-02-05T22:40:49+00:00","description":"D\u00e9couvrez Now Foods Querc\u00e9tine avec Brom\u00e9la\u00efne, 120 capsules , un suppl\u00e9ment naturel combinant la querc\u00e9tine et la brom\u00e9la\u00efne pour soutenir le syst\u00e8me ,","breadcrumb":{"@id":"https:\/\/vitablanca.ma\/produit\/now-foods-quercetine-avec-bromelaine-120-capsules-vegetales\/#breadcrumb"},"inLanguage":"en-US","potentialAction":[{"@type":"ReadAction","target":["https:\/\/vitablanca.ma\/produit\/now-foods-quercetine-avec-bromelaine-120-capsules-vegetales\/"]}]},{"@type":"ImageObject","inLanguage":"en-US","@id":"https:\/\/vitablanca.ma\/produit\/now-foods-quercetine-avec-bromelaine-120-capsules-vegetales\/#primaryimage","url":"https:\/\/vitablanca.ma\/wp-content\/uploads\/2025\/09\/now-foods-quercetine-avec-bromelaine-120-capsules-vegetales-.jpg","contentUrl":"https:\/\/vitablanca.ma\/wp-content\/uploads\/2025\/09\/now-foods-quercetine-avec-bromelaine-120-capsules-vegetales-.jpg","width":680,"height":680},{"@type":"BreadcrumbList","@id":"https:\/\/vitablanca.ma\/produit\/now-foods-quercetine-avec-bromelaine-120-capsules-vegetales\/#breadcrumb","itemListElement":[{"@type":"ListItem","position":1,"name":"Home","item":"https:\/\/vitablanca.ma\/"},{"@type":"ListItem","position":2,"name":"Tous Les Produits","item":"https:\/\/vitablanca.ma\/tous-les-produits\/"},{"@type":"ListItem","position":3,"name":"Now Foods Querc\u00e9tine avec brom\u00e9la\u00efne, 120 capsules v\u00e9g\u00e9tales"}]},{"@type":"WebSite","@id":"https:\/\/vitablanca.ma\/#website","url":"https:\/\/vitablanca.ma\/","name":"VitaBlanca.ma | Food supplements, health &amp; beauty in Morocco","description":"sell premium vitamins and supplements from USA &amp; Canada, New Zealand, Morocco (NOW Foods, Solgar, Manuka). Fast delivery anywhere in Morocco.","publisher":{"@id":"https:\/\/vitablanca.ma\/#organization"},"alternateName":"VitaBlanca.ma","potentialAction":[{"@type":"SearchAction","target":{"@type":"EntryPoint","urlTemplate":"https:\/\/vitablanca.ma\/?s={search_term_string}"},"query-input":{"@type":"PropertyValueSpecification","valueRequired":true,"valueName":"search_term_string"}}],"inLanguage":"en-US"},{"@type":"Organization","@id":"https:\/\/vitablanca.ma\/#organization","name":"VitaBlanca","url":"https:\/\/vitablanca.ma\/","logo":{"@type":"ImageObject","inLanguage":"en-US","@id":"https:\/\/vitablanca.ma\/#\/schema\/logo\/image\/","url":"https:\/\/vitablanca.ma\/wp-content\/uploads\/2025\/05\/cropped-vitablanca.png","contentUrl":"https:\/\/vitablanca.ma\/wp-content\/uploads\/2025\/05\/cropped-vitablanca.png","width":360,"height":67,"caption":"VitaBlanca"},"image":{"@id":"https:\/\/vitablanca.ma\/#\/schema\/logo\/image\/"},"sameAs":["https:\/\/www.facebook.com\/profile.php?id=61576678196717","https:\/\/www.tiktok.com\/@vitablanca.ma","https:\/\/www.instagram.com\/vitablanca.ma\/"]}]}},"jetpack_sharing_enabled":true,"_links":{"self":[{"href":"https:\/\/vitablanca.ma\/en\/wp-json\/wp\/v2\/product\/25336","targetHints":{"allow":["GET"]}}],"collection":[{"href":"https:\/\/vitablanca.ma\/en\/wp-json\/wp\/v2\/product"}],"about":[{"href":"https:\/\/vitablanca.ma\/en\/wp-json\/wp\/v2\/types\/product"}],"wp:featuredmedia":[{"embeddable":true,"href":"https:\/\/vitablanca.ma\/en\/wp-json\/wp\/v2\/media\/25411"}],"wp:attachment":[{"href":"https:\/\/vitablanca.ma\/en\/wp-json\/wp\/v2\/media?parent=25336"}],"wp:term":[{"taxonomy":"product_brand","embeddable":true,"href":"https:\/\/vitablanca.ma\/en\/wp-json\/wp\/v2\/product_brand?post=25336"},{"taxonomy":"product_cat","embeddable":true,"href":"https:\/\/vitablanca.ma\/en\/wp-json\/wp\/v2\/product_cat?post=25336"},{"taxonomy":"product_tag","embeddable":true,"href":"https:\/\/vitablanca.ma\/en\/wp-json\/wp\/v2\/product_tag?post=25336"}],"curies":[{"name":"wp","href":"https:\/\/api.w.org\/{rel}","templated":true}]}}