{"id":25335,"date":"2025-09-18T01:49:28","date_gmt":"2025-09-18T01:49:28","guid":{"rendered":"https:\/\/vitablanca.ma\/?post_type=product&#038;p=25335"},"modified":"2025-09-22T18:10:26","modified_gmt":"2025-09-22T18:10:26","slug":"now-foods-cod-liver-oill-huile-de-foie-de-morue-extrapuissante-1000-mg-90-capsules","status":"publish","type":"product","link":"https:\/\/vitablanca.ma\/en\/product\/now-foods-cod-liver-oill-huile-de-foie-de-morue-extrapuissante-1000-mg-90-capsules\/","title":{"rendered":"Now Foods Cod Liver Oill ( Huile de foie de morue ) Extrapuissante, 1000 mg, 90 capsules"},"content":{"rendered":"<p data-start=\"151\" data-end=\"507\"><strong data-start=\"151\" data-end=\"178\">Now Foods Cod Liver Oil<\/strong> (Huile de Foie de Morue) est un suppl\u00e9ment naturel et <strong data-start=\"233\" data-end=\"250\">extrapuissant<\/strong> qui fournit <strong data-start=\"263\" data-end=\"311\">1000 mg d&rsquo;huile de foie de morue par capsule<\/strong>. Cette huile est riche en <strong data-start=\"338\" data-end=\"349\">Omega-3<\/strong>, <strong data-start=\"351\" data-end=\"365\">vitamine A<\/strong> And <strong data-start=\"369\" data-end=\"383\">vitamin D<\/strong>, des nutriments essentiels qui soutiennent la sant\u00e9 cardiaque, c\u00e9r\u00e9brale, articulaire et renforcent le syst\u00e8me immunitaire.<\/p>\n<ul data-start=\"509\" data-end=\"1503\">\n<li data-start=\"509\" data-end=\"722\">\n<p data-start=\"511\" data-end=\"722\"><strong data-start=\"511\" data-end=\"543\">Soutien \u00e0 la Sant\u00e9 Cardiaque<\/strong> : Riche en <strong data-start=\"555\" data-end=\"562\">EPA<\/strong> And <strong data-start=\"566\" data-end=\"573\">DHA<\/strong>, des acides gras om\u00e9ga-3, cette huile aide \u00e0 maintenir une circulation sanguine saine, \u00e0 r\u00e9duire l&rsquo;inflammation et \u00e0 soutenir la fonction cardiaque.<\/p>\n<\/li>\n<li data-start=\"723\" data-end=\"895\">\n<p data-start=\"725\" data-end=\"895\"><strong data-start=\"725\" data-end=\"757\">Soutien \u00e0 la Sant\u00e9 C\u00e9r\u00e9brale<\/strong> : Le DHA, en particulier, est crucial pour le bon fonctionnement du cerveau, soutenant la m\u00e9moire, la concentration et la clart\u00e9 mentale.<\/p>\n<\/li>\n<li data-start=\"896\" data-end=\"1109\">\n<p data-start=\"898\" data-end=\"1109\"><strong data-start=\"898\" data-end=\"932\">Renforcement des Articulations<\/strong> : Les om\u00e9ga-3 pr\u00e9sents dans l&rsquo;huile de foie de morue aident \u00e0 r\u00e9duire l&rsquo;inflammation et \u00e0 favoriser la mobilit\u00e9 articulaire, offrant un soutien pour la sant\u00e9 des articulations.<\/p>\n<\/li>\n<li data-start=\"1110\" data-end=\"1329\">\n<p data-start=\"1112\" data-end=\"1329\"><strong data-start=\"1112\" data-end=\"1151\">Renforcement du Syst\u00e8me Immunitaire<\/strong> : La vitamine A et D pr\u00e9sentes dans l&rsquo;huile de foie de morue soutiennent la fonction immunitaire, la sant\u00e9 des yeux et des os, et aident \u00e0 maintenir un syst\u00e8me immunitaire fort.<\/p>\n<\/li>\n<li data-start=\"1330\" data-end=\"1503\">\n<p data-start=\"1332\" data-end=\"1503\"><strong data-start=\"1332\" data-end=\"1354\">Qualit\u00e9 Sup\u00e9rieure<\/strong> : Cette huile de foie de morue est extraite de mani\u00e8re pure et sans contaminants, garantissant une absorption optimale de ses nutriments b\u00e9n\u00e9fiques.<\/p>\n<\/li>\n<\/ul>\n<p data-start=\"1505\" data-end=\"1651\"><strong data-start=\"1505\" data-end=\"1520\">Use<\/strong> : Prenez 1 capsule 1 \u00e0 2 fois par jour, de pr\u00e9f\u00e9rence avec les repas, ou selon les recommandations d\u2019un professionnel de la sant\u00e9.<\/p>\n<h3 data-start=\"1653\" data-end=\"1671\"><strong data-start=\"1657\" data-end=\"1670\">Benefits<\/strong>:<\/h3>\n<ul data-start=\"1672\" data-end=\"2078\">\n<li data-start=\"1672\" data-end=\"1775\">\n<p data-start=\"1674\" data-end=\"1775\"><strong data-start=\"1674\" data-end=\"1705\">Supports heart health<\/strong> en am\u00e9liorant la circulation sanguine et en r\u00e9duisant l&rsquo;inflammation.<\/p>\n<\/li>\n<li data-start=\"1776\" data-end=\"1856\">\n<p data-start=\"1778\" data-end=\"1856\"><strong data-start=\"1778\" data-end=\"1812\">Am\u00e9liore la fonction c\u00e9r\u00e9brale<\/strong> et soutient la m\u00e9moire et la concentration.<\/p>\n<\/li>\n<li data-start=\"1857\" data-end=\"1943\">\n<p data-start=\"1859\" data-end=\"1943\"><strong data-start=\"1859\" data-end=\"1898\">Promotes joint health<\/strong> en r\u00e9duisant les douleurs et l&rsquo;inflammation.<\/p>\n<\/li>\n<li data-start=\"1944\" data-end=\"2009\">\n<p data-start=\"1946\" data-end=\"2009\"><strong data-start=\"1946\" data-end=\"1981\">Strengthens the immune system<\/strong> gr\u00e2ce \u00e0 la vitamine A et D.<\/p>\n<\/li>\n<li data-start=\"2010\" data-end=\"2078\">\n<p data-start=\"2012\" data-end=\"2078\"><strong data-start=\"2012\" data-end=\"2028\">Formule pure<\/strong> pour une absorption maximale et un effet optimal.<\/p>\n<\/li>\n<\/ul>\n<p data-start=\"2080\" data-end=\"2298\" data-is-last-node=\"\" data-is-only-node=\"\"><strong data-start=\"2080\" data-end=\"2107\">Now Foods Cod Liver Oil<\/strong> est id\u00e9al pour ceux qui cherchent \u00e0 soutenir leur sant\u00e9 cardiaque, c\u00e9r\u00e9brale, des articulations, ainsi qu&rsquo;\u00e0 renforcer leur syst\u00e8me immunitaire avec un suppl\u00e9ment naturel et de haute qualit\u00e9.<\/p>","protected":false},"excerpt":{"rendered":"<ul>\n<li>Renforce la sant\u00e9 cardiovasculaire.<\/li>\n<li>Vitamines\u00a0A et D3, EPA, DHA.<\/li>\n<li>Dietary supplement.<\/li>\n<li>Casher, contient de la g\u00e9latine.<\/li>\n<li>Om\u00e9ga-3\/Huiles de poisson.<\/li>\n<li>Entreprise familiale depuis 1968.<\/li>\n<li>Qualit\u00e9 BPF garantie.<\/li>\n<\/ul>","protected":false},"featured_media":25409,"template":"","meta":{"om_disable_all_campaigns":false},"product_brand":[83],"product_cat":[18,3366],"product_tag":[3592,3593,3594,3595,3596,3597,3598],"class_list":{"0":"post-25335","1":"product","2":"type-product","3":"status-publish","4":"has-post-thumbnail","6":"product_brand-now-foods-maroc-prix","7":"product_cat-beaute-sante","8":"product_cat-complements-alimentaires-au-maroc-vitablanca","9":"product_tag-coeur-et-immunite","10":"product_tag-complement-omega-3","11":"product_tag-huile-de-foie-de-morue-extrapuissante-capsules-90","12":"product_tag-huile-de-morue-pour-os","13":"product_tag-now-foods-cod-liver-oil-1000-mg","14":"product_tag-now-foods-supplement-sante-generale","15":"product_tag-vitamine-a-et-d","17":"first","18":"instock","19":"taxable","20":"shipping-taxable","21":"purchasable","22":"product-type-simple"},"yoast_head":"<!-- This site is optimized with the Yoast SEO plugin v27.3 - https:\/\/yoast.com\/product\/yoast-seo-wordpress\/ -->\n<title>Now Foods Cod Liver Oill Huile de foie de morue 90 caps - Maroc<\/title>\n<meta name=\"description\" content=\"D\u00e9couvrez Now Foods Cod Liver Oil, 1000 mg, 90 capsules, une source riche en Om\u00e9ga-3, vitamine A et D pour soutenir la sant\u00e9 cardiaque, c\u00e9r\u00e9brale,\" \/>\n<meta name=\"robots\" content=\"index, follow, max-snippet:-1, max-image-preview:large, max-video-preview:-1\" \/>\n<link rel=\"canonical\" href=\"https:\/\/vitablanca.ma\/en\/product\/now-foods-cod-liver-oill-huile-de-foie-de-morue-extrapuissante-1000-mg-90-capsules\/\" \/>\n<meta property=\"og:locale\" content=\"en_US\" \/>\n<meta property=\"og:type\" content=\"article\" \/>\n<meta property=\"og:title\" content=\"Now Foods Cod Liver Oill Huile de foie de morue 90 caps - Maroc\" \/>\n<meta property=\"og:description\" content=\"D\u00e9couvrez Now Foods Cod Liver Oil, 1000 mg, 90 capsules, une source riche en Om\u00e9ga-3, vitamine A et D pour soutenir la sant\u00e9 cardiaque, c\u00e9r\u00e9brale,\" \/>\n<meta property=\"og:url\" content=\"https:\/\/vitablanca.ma\/en\/product\/now-foods-cod-liver-oill-huile-de-foie-de-morue-extrapuissante-1000-mg-90-capsules\/\" \/>\n<meta property=\"og:site_name\" content=\"Vitablanca.ma &ndash; Sant&eacute;, vitalit&eacute; et bien-&ecirc;tre pour tous les Marocains\" \/>\n<meta property=\"article:publisher\" content=\"https:\/\/www.facebook.com\/profile.php?id=61576678196717\" \/>\n<meta property=\"article:modified_time\" content=\"2025-09-22T18:10:26+00:00\" \/>\n<meta property=\"og:image\" content=\"https:\/\/vitablanca.ma\/wp-content\/uploads\/2025\/09\/now-foods-cod-liver-oill-huile-de-foie-de-morue-extrapuissante-1000-mg-90-cap.jpg\" \/>\n\t<meta property=\"og:image:width\" content=\"680\" \/>\n\t<meta property=\"og:image:height\" content=\"680\" \/>\n\t<meta property=\"og:image:type\" content=\"image\/jpeg\" \/>\n<meta name=\"twitter:card\" content=\"summary_large_image\" \/>\n<meta name=\"twitter:label1\" content=\"Est. reading time\" \/>\n\t<meta name=\"twitter:data1\" content=\"2 minutes\" \/>\n<script type=\"application\/ld+json\" class=\"yoast-schema-graph\">{\"@context\":\"https:\\\/\\\/schema.org\",\"@graph\":[{\"@type\":[\"WebPage\",\"ItemPage\"],\"@id\":\"https:\\\/\\\/vitablanca.ma\\\/produit\\\/now-foods-cod-liver-oill-huile-de-foie-de-morue-extrapuissante-1000-mg-90-capsules\\\/\",\"url\":\"https:\\\/\\\/vitablanca.ma\\\/produit\\\/now-foods-cod-liver-oill-huile-de-foie-de-morue-extrapuissante-1000-mg-90-capsules\\\/\",\"name\":\"Now Foods Cod Liver Oill Huile de foie de morue 90 caps - Maroc\",\"isPartOf\":{\"@id\":\"https:\\\/\\\/vitablanca.ma\\\/#website\"},\"primaryImageOfPage\":{\"@id\":\"https:\\\/\\\/vitablanca.ma\\\/produit\\\/now-foods-cod-liver-oill-huile-de-foie-de-morue-extrapuissante-1000-mg-90-capsules\\\/#primaryimage\"},\"image\":{\"@id\":\"https:\\\/\\\/vitablanca.ma\\\/produit\\\/now-foods-cod-liver-oill-huile-de-foie-de-morue-extrapuissante-1000-mg-90-capsules\\\/#primaryimage\"},\"thumbnailUrl\":\"https:\\\/\\\/vitablanca.ma\\\/wp-content\\\/uploads\\\/2025\\\/09\\\/now-foods-cod-liver-oill-huile-de-foie-de-morue-extrapuissante-1000-mg-90-cap.jpg\",\"datePublished\":\"2025-09-18T01:49:28+00:00\",\"dateModified\":\"2025-09-22T18:10:26+00:00\",\"description\":\"D\u00e9couvrez Now Foods Cod Liver Oil, 1000 mg, 90 capsules, une source riche en Om\u00e9ga-3, vitamine A et D pour soutenir la sant\u00e9 cardiaque, c\u00e9r\u00e9brale,\",\"breadcrumb\":{\"@id\":\"https:\\\/\\\/vitablanca.ma\\\/produit\\\/now-foods-cod-liver-oill-huile-de-foie-de-morue-extrapuissante-1000-mg-90-capsules\\\/#breadcrumb\"},\"inLanguage\":\"en-US\",\"potentialAction\":[{\"@type\":\"ReadAction\",\"target\":[\"https:\\\/\\\/vitablanca.ma\\\/produit\\\/now-foods-cod-liver-oill-huile-de-foie-de-morue-extrapuissante-1000-mg-90-capsules\\\/\"]}]},{\"@type\":\"ImageObject\",\"inLanguage\":\"en-US\",\"@id\":\"https:\\\/\\\/vitablanca.ma\\\/produit\\\/now-foods-cod-liver-oill-huile-de-foie-de-morue-extrapuissante-1000-mg-90-capsules\\\/#primaryimage\",\"url\":\"https:\\\/\\\/vitablanca.ma\\\/wp-content\\\/uploads\\\/2025\\\/09\\\/now-foods-cod-liver-oill-huile-de-foie-de-morue-extrapuissante-1000-mg-90-cap.jpg\",\"contentUrl\":\"https:\\\/\\\/vitablanca.ma\\\/wp-content\\\/uploads\\\/2025\\\/09\\\/now-foods-cod-liver-oill-huile-de-foie-de-morue-extrapuissante-1000-mg-90-cap.jpg\",\"width\":680,\"height\":680},{\"@type\":\"BreadcrumbList\",\"@id\":\"https:\\\/\\\/vitablanca.ma\\\/produit\\\/now-foods-cod-liver-oill-huile-de-foie-de-morue-extrapuissante-1000-mg-90-capsules\\\/#breadcrumb\",\"itemListElement\":[{\"@type\":\"ListItem\",\"position\":1,\"name\":\"Home\",\"item\":\"https:\\\/\\\/vitablanca.ma\\\/\"},{\"@type\":\"ListItem\",\"position\":2,\"name\":\"Tous Les Produits\",\"item\":\"https:\\\/\\\/vitablanca.ma\\\/tous-les-produits\\\/\"},{\"@type\":\"ListItem\",\"position\":3,\"name\":\"Now Foods Cod Liver Oill ( Huile de foie de morue ) Extrapuissante, 1000 mg, 90 capsules\"}]},{\"@type\":\"WebSite\",\"@id\":\"https:\\\/\\\/vitablanca.ma\\\/#website\",\"url\":\"https:\\\/\\\/vitablanca.ma\\\/\",\"name\":\"VitaBlanca.ma | Compl\u00e9ments alimentaires, sant\u00e9 & beaut\u00e9 au Maroc\",\"description\":\"vendre vitamines et compl\u00e9ments premium des USA &amp; Canada, Nouvelle Z\u00e9lande,Maroc (NOW Foods, Solgar, Manuka). Livraison rapide partout au Maroc.\",\"publisher\":{\"@id\":\"https:\\\/\\\/vitablanca.ma\\\/#organization\"},\"alternateName\":\"VitaBlanca.ma\",\"potentialAction\":[{\"@type\":\"SearchAction\",\"target\":{\"@type\":\"EntryPoint\",\"urlTemplate\":\"https:\\\/\\\/vitablanca.ma\\\/?s={search_term_string}\"},\"query-input\":{\"@type\":\"PropertyValueSpecification\",\"valueRequired\":true,\"valueName\":\"search_term_string\"}}],\"inLanguage\":\"en-US\"},{\"@type\":\"Organization\",\"@id\":\"https:\\\/\\\/vitablanca.ma\\\/#organization\",\"name\":\"VitaBlanca\",\"url\":\"https:\\\/\\\/vitablanca.ma\\\/\",\"logo\":{\"@type\":\"ImageObject\",\"inLanguage\":\"en-US\",\"@id\":\"https:\\\/\\\/vitablanca.ma\\\/#\\\/schema\\\/logo\\\/image\\\/\",\"url\":\"https:\\\/\\\/vitablanca.ma\\\/wp-content\\\/uploads\\\/2025\\\/05\\\/cropped-vitablanca.png\",\"contentUrl\":\"https:\\\/\\\/vitablanca.ma\\\/wp-content\\\/uploads\\\/2025\\\/05\\\/cropped-vitablanca.png\",\"width\":360,\"height\":67,\"caption\":\"VitaBlanca\"},\"image\":{\"@id\":\"https:\\\/\\\/vitablanca.ma\\\/#\\\/schema\\\/logo\\\/image\\\/\"},\"sameAs\":[\"https:\\\/\\\/www.facebook.com\\\/profile.php?id=61576678196717\",\"https:\\\/\\\/www.tiktok.com\\\/@vitablanca.ma\",\"https:\\\/\\\/www.instagram.com\\\/vitablanca.ma\\\/\"]}]}<\/script>\n<!-- \/ Yoast SEO plugin. -->","yoast_head_json":{"title":"Now Foods Cod Liver Oill Huile de foie de morue 90 caps - Maroc","description":"D\u00e9couvrez Now Foods Cod Liver Oil, 1000 mg, 90 capsules, une source riche en Om\u00e9ga-3, vitamine A et D pour soutenir la sant\u00e9 cardiaque, c\u00e9r\u00e9brale,","robots":{"index":"index","follow":"follow","max-snippet":"max-snippet:-1","max-image-preview":"max-image-preview:large","max-video-preview":"max-video-preview:-1"},"canonical":"https:\/\/vitablanca.ma\/en\/product\/now-foods-cod-liver-oill-huile-de-foie-de-morue-extrapuissante-1000-mg-90-capsules\/","og_locale":"en_US","og_type":"article","og_title":"Now Foods Cod Liver Oill Huile de foie de morue 90 caps - Maroc","og_description":"D\u00e9couvrez Now Foods Cod Liver Oil, 1000 mg, 90 capsules, une source riche en Om\u00e9ga-3, vitamine A et D pour soutenir la sant\u00e9 cardiaque, c\u00e9r\u00e9brale,","og_url":"https:\/\/vitablanca.ma\/en\/product\/now-foods-cod-liver-oill-huile-de-foie-de-morue-extrapuissante-1000-mg-90-capsules\/","og_site_name":"Vitablanca.ma &ndash; Sant&eacute;, vitalit&eacute; et bien-&ecirc;tre pour tous les Marocains","article_publisher":"https:\/\/www.facebook.com\/profile.php?id=61576678196717","article_modified_time":"2025-09-22T18:10:26+00:00","og_image":[{"width":680,"height":680,"url":"https:\/\/vitablanca.ma\/wp-content\/uploads\/2025\/09\/now-foods-cod-liver-oill-huile-de-foie-de-morue-extrapuissante-1000-mg-90-cap.jpg","type":"image\/jpeg"}],"twitter_card":"summary_large_image","twitter_misc":{"Est. reading time":"2 minutes"},"schema":{"@context":"https:\/\/schema.org","@graph":[{"@type":["WebPage","ItemPage"],"@id":"https:\/\/vitablanca.ma\/produit\/now-foods-cod-liver-oill-huile-de-foie-de-morue-extrapuissante-1000-mg-90-capsules\/","url":"https:\/\/vitablanca.ma\/produit\/now-foods-cod-liver-oill-huile-de-foie-de-morue-extrapuissante-1000-mg-90-capsules\/","name":"Now Foods Cod Liver Oill Huile de foie de morue 90 caps - Maroc","isPartOf":{"@id":"https:\/\/vitablanca.ma\/#website"},"primaryImageOfPage":{"@id":"https:\/\/vitablanca.ma\/produit\/now-foods-cod-liver-oill-huile-de-foie-de-morue-extrapuissante-1000-mg-90-capsules\/#primaryimage"},"image":{"@id":"https:\/\/vitablanca.ma\/produit\/now-foods-cod-liver-oill-huile-de-foie-de-morue-extrapuissante-1000-mg-90-capsules\/#primaryimage"},"thumbnailUrl":"https:\/\/vitablanca.ma\/wp-content\/uploads\/2025\/09\/now-foods-cod-liver-oill-huile-de-foie-de-morue-extrapuissante-1000-mg-90-cap.jpg","datePublished":"2025-09-18T01:49:28+00:00","dateModified":"2025-09-22T18:10:26+00:00","description":"D\u00e9couvrez Now Foods Cod Liver Oil, 1000 mg, 90 capsules, une source riche en Om\u00e9ga-3, vitamine A et D pour soutenir la sant\u00e9 cardiaque, c\u00e9r\u00e9brale,","breadcrumb":{"@id":"https:\/\/vitablanca.ma\/produit\/now-foods-cod-liver-oill-huile-de-foie-de-morue-extrapuissante-1000-mg-90-capsules\/#breadcrumb"},"inLanguage":"en-US","potentialAction":[{"@type":"ReadAction","target":["https:\/\/vitablanca.ma\/produit\/now-foods-cod-liver-oill-huile-de-foie-de-morue-extrapuissante-1000-mg-90-capsules\/"]}]},{"@type":"ImageObject","inLanguage":"en-US","@id":"https:\/\/vitablanca.ma\/produit\/now-foods-cod-liver-oill-huile-de-foie-de-morue-extrapuissante-1000-mg-90-capsules\/#primaryimage","url":"https:\/\/vitablanca.ma\/wp-content\/uploads\/2025\/09\/now-foods-cod-liver-oill-huile-de-foie-de-morue-extrapuissante-1000-mg-90-cap.jpg","contentUrl":"https:\/\/vitablanca.ma\/wp-content\/uploads\/2025\/09\/now-foods-cod-liver-oill-huile-de-foie-de-morue-extrapuissante-1000-mg-90-cap.jpg","width":680,"height":680},{"@type":"BreadcrumbList","@id":"https:\/\/vitablanca.ma\/produit\/now-foods-cod-liver-oill-huile-de-foie-de-morue-extrapuissante-1000-mg-90-capsules\/#breadcrumb","itemListElement":[{"@type":"ListItem","position":1,"name":"Home","item":"https:\/\/vitablanca.ma\/"},{"@type":"ListItem","position":2,"name":"Tous Les Produits","item":"https:\/\/vitablanca.ma\/tous-les-produits\/"},{"@type":"ListItem","position":3,"name":"Now Foods Cod Liver Oill ( Huile de foie de morue ) Extrapuissante, 1000 mg, 90 capsules"}]},{"@type":"WebSite","@id":"https:\/\/vitablanca.ma\/#website","url":"https:\/\/vitablanca.ma\/","name":"VitaBlanca.ma | Food supplements, health &amp; beauty in Morocco","description":"sell premium vitamins and supplements from USA &amp; Canada, New Zealand, Morocco (NOW Foods, Solgar, Manuka). Fast delivery anywhere in Morocco.","publisher":{"@id":"https:\/\/vitablanca.ma\/#organization"},"alternateName":"VitaBlanca.ma","potentialAction":[{"@type":"SearchAction","target":{"@type":"EntryPoint","urlTemplate":"https:\/\/vitablanca.ma\/?s={search_term_string}"},"query-input":{"@type":"PropertyValueSpecification","valueRequired":true,"valueName":"search_term_string"}}],"inLanguage":"en-US"},{"@type":"Organization","@id":"https:\/\/vitablanca.ma\/#organization","name":"VitaBlanca","url":"https:\/\/vitablanca.ma\/","logo":{"@type":"ImageObject","inLanguage":"en-US","@id":"https:\/\/vitablanca.ma\/#\/schema\/logo\/image\/","url":"https:\/\/vitablanca.ma\/wp-content\/uploads\/2025\/05\/cropped-vitablanca.png","contentUrl":"https:\/\/vitablanca.ma\/wp-content\/uploads\/2025\/05\/cropped-vitablanca.png","width":360,"height":67,"caption":"VitaBlanca"},"image":{"@id":"https:\/\/vitablanca.ma\/#\/schema\/logo\/image\/"},"sameAs":["https:\/\/www.facebook.com\/profile.php?id=61576678196717","https:\/\/www.tiktok.com\/@vitablanca.ma","https:\/\/www.instagram.com\/vitablanca.ma\/"]}]}},"jetpack_sharing_enabled":true,"_links":{"self":[{"href":"https:\/\/vitablanca.ma\/en\/wp-json\/wp\/v2\/product\/25335","targetHints":{"allow":["GET"]}}],"collection":[{"href":"https:\/\/vitablanca.ma\/en\/wp-json\/wp\/v2\/product"}],"about":[{"href":"https:\/\/vitablanca.ma\/en\/wp-json\/wp\/v2\/types\/product"}],"wp:featuredmedia":[{"embeddable":true,"href":"https:\/\/vitablanca.ma\/en\/wp-json\/wp\/v2\/media\/25409"}],"wp:attachment":[{"href":"https:\/\/vitablanca.ma\/en\/wp-json\/wp\/v2\/media?parent=25335"}],"wp:term":[{"taxonomy":"product_brand","embeddable":true,"href":"https:\/\/vitablanca.ma\/en\/wp-json\/wp\/v2\/product_brand?post=25335"},{"taxonomy":"product_cat","embeddable":true,"href":"https:\/\/vitablanca.ma\/en\/wp-json\/wp\/v2\/product_cat?post=25335"},{"taxonomy":"product_tag","embeddable":true,"href":"https:\/\/vitablanca.ma\/en\/wp-json\/wp\/v2\/product_tag?post=25335"}],"curies":[{"name":"wp","href":"https:\/\/api.w.org\/{rel}","templated":true}]}}