{"id":25325,"date":"2025-09-18T01:49:26","date_gmt":"2025-09-18T01:49:26","guid":{"rendered":"https:\/\/vitablanca.ma\/?post_type=product&#038;p=25325"},"modified":"2026-03-05T21:34:42","modified_gmt":"2026-03-05T21:34:42","slug":"solgar-picolinate-de-zinc-100-comprimes-anti-oxydant-immunite","status":"publish","type":"product","link":"https:\/\/vitablanca.ma\/en\/product\/solgar-picolinate-de-zinc-100-comprimes-anti-oxydant-immunite\/","title":{"rendered":"Solgar Picolinate de zinc 22mg anti-oxydant, immunit\u00e9 100 comprim\u00e9s"},"content":{"rendered":"<p>Le zinc favorise la sant\u00e9 de la peau ainsi qu\u2019une vision et un go\u00fbt normaux. Il exerce une activit\u00e9 antioxydante et peut soutenir la sant\u00e9 du syst\u00e8me immunitaire. Cette formule fournit du zinc de qualit\u00e9 premium sous forme de picolinate de zinc.<\/p>\n<p>Suggested Use<br \/>\nEn compl\u00e9ment alimentaire chez l&rsquo;adulte, prenez un (1) comprim\u00e9 par jour, de pr\u00e9f\u00e9rence durant un repas ou tel que prescrit par votre professionnel de la sant\u00e9.<\/p>\n<p>Other ingredients<br \/>\nphosphate dicalcique, cellulose microcristalline, acide st\u00e9arique d&rsquo;origine v\u00e9g\u00e9tale, cellulose v\u00e9g\u00e9tale, st\u00e9arate de magn\u00e9sium d&rsquo;origine v\u00e9g\u00e9tale.<\/p>\n<p>Sans : gluten, bl\u00e9, produits laitiers, soja, levure, sucre, sodium, ar\u00f4me, \u00e9dulcorants, conservateurs et colorants artificiels.<\/p>","protected":false},"excerpt":{"rendered":"<p>Since 1947<br \/>\nAntioxydants &amp; renforcement du syst\u00e8me immunitaire et de la peau<br \/>\nGMO-free<br \/>\nGluten, wheat &amp; dairy free<br \/>\nSuitable for vegans<br \/>\nCasher parev\u00e9<br \/>\nFood supplement<\/p>","protected":false},"featured_media":25371,"template":"","meta":{"om_disable_all_campaigns":false},"product_brand":[42],"product_cat":[18,3366],"product_tag":[3549,3550,3551,3552,3553],"class_list":{"0":"post-25325","1":"product","2":"type-product","3":"status-publish","4":"has-post-thumbnail","6":"product_brand-solgar-prix-maroc","7":"product_cat-beaute-sante","8":"product_cat-complements-alimentaires-au-maroc-vitablanca","9":"product_tag-solgar-picolinate-de-zinc","10":"product_tag-zinc-antioxydant-hautement-biodisponible","11":"product_tag-zinc-assimilation-optimale","12":"product_tag-zinc-immunite-complement-alimentaire","13":"product_tag-zinc-peau-cheveux-ongles","15":"first","16":"outofstock","17":"taxable","18":"shipping-taxable","19":"purchasable","20":"product-type-simple"},"yoast_head":"<!-- This site is optimized with the Yoast SEO plugin v27.3 - https:\/\/yoast.com\/product\/yoast-seo-wordpress\/ -->\n<title>Solgar Picolinate de Zinc 22mg 100 Comprim\u00e9s - Maroc Prix<\/title>\n<meta name=\"description\" content=\"Renforcez votre immunit\u00e9 et b\u00e9n\u00e9ficiez des propri\u00e9t\u00e9s antioxydantes du Picolinate de Zinc 22mg de Solgar. 100 comprim\u00e9s pour une sant\u00e9 optimale.\" \/>\n<meta name=\"robots\" content=\"index, follow, max-snippet:-1, max-image-preview:large, max-video-preview:-1\" \/>\n<link rel=\"canonical\" href=\"https:\/\/vitablanca.ma\/en\/product\/solgar-picolinate-de-zinc-100-comprimes-anti-oxydant-immunite\/\" \/>\n<meta property=\"og:locale\" content=\"en_US\" \/>\n<meta property=\"og:type\" content=\"article\" \/>\n<meta property=\"og:title\" content=\"Solgar Picolinate de Zinc 22mg 100 Comprim\u00e9s - Maroc Prix\" \/>\n<meta property=\"og:description\" content=\"Renforcez votre immunit\u00e9 et b\u00e9n\u00e9ficiez des propri\u00e9t\u00e9s antioxydantes du Picolinate de Zinc 22mg de Solgar. 100 comprim\u00e9s pour une sant\u00e9 optimale.\" \/>\n<meta property=\"og:url\" content=\"https:\/\/vitablanca.ma\/en\/product\/solgar-picolinate-de-zinc-100-comprimes-anti-oxydant-immunite\/\" \/>\n<meta property=\"og:site_name\" content=\"Vitablanca.ma &ndash; Sant&eacute;, vitalit&eacute; et bien-&ecirc;tre pour tous les Marocains\" \/>\n<meta property=\"article:publisher\" content=\"https:\/\/www.facebook.com\/profile.php?id=61576678196717\" \/>\n<meta property=\"article:modified_time\" content=\"2026-03-05T21:34:42+00:00\" \/>\n<meta property=\"og:image\" content=\"https:\/\/vitablanca.ma\/wp-content\/uploads\/2025\/09\/solgar-picolinate-de-zinc-100-comprimes-anti-oxydant-immunite-.jpg\" \/>\n\t<meta property=\"og:image:width\" content=\"680\" \/>\n\t<meta property=\"og:image:height\" content=\"680\" \/>\n\t<meta property=\"og:image:type\" content=\"image\/jpeg\" \/>\n<meta name=\"twitter:card\" content=\"summary_large_image\" \/>\n<meta name=\"twitter:label1\" content=\"Est. reading time\" \/>\n\t<meta name=\"twitter:data1\" content=\"1 minute\" \/>\n<script type=\"application\/ld+json\" class=\"yoast-schema-graph\">{\"@context\":\"https:\\\/\\\/schema.org\",\"@graph\":[{\"@type\":[\"WebPage\",\"ItemPage\"],\"@id\":\"https:\\\/\\\/vitablanca.ma\\\/produit\\\/solgar-picolinate-de-zinc-100-comprimes-anti-oxydant-immunite\\\/\",\"url\":\"https:\\\/\\\/vitablanca.ma\\\/produit\\\/solgar-picolinate-de-zinc-100-comprimes-anti-oxydant-immunite\\\/\",\"name\":\"Solgar Picolinate de Zinc 22mg 100 Comprim\u00e9s - Maroc Prix\",\"isPartOf\":{\"@id\":\"https:\\\/\\\/vitablanca.ma\\\/#website\"},\"primaryImageOfPage\":{\"@id\":\"https:\\\/\\\/vitablanca.ma\\\/produit\\\/solgar-picolinate-de-zinc-100-comprimes-anti-oxydant-immunite\\\/#primaryimage\"},\"image\":{\"@id\":\"https:\\\/\\\/vitablanca.ma\\\/produit\\\/solgar-picolinate-de-zinc-100-comprimes-anti-oxydant-immunite\\\/#primaryimage\"},\"thumbnailUrl\":\"https:\\\/\\\/vitablanca.ma\\\/wp-content\\\/uploads\\\/2025\\\/09\\\/solgar-picolinate-de-zinc-100-comprimes-anti-oxydant-immunite-.jpg\",\"datePublished\":\"2025-09-18T01:49:26+00:00\",\"dateModified\":\"2026-03-05T21:34:42+00:00\",\"description\":\"Renforcez votre immunit\u00e9 et b\u00e9n\u00e9ficiez des propri\u00e9t\u00e9s antioxydantes du Picolinate de Zinc 22mg de Solgar. 100 comprim\u00e9s pour une sant\u00e9 optimale.\",\"breadcrumb\":{\"@id\":\"https:\\\/\\\/vitablanca.ma\\\/produit\\\/solgar-picolinate-de-zinc-100-comprimes-anti-oxydant-immunite\\\/#breadcrumb\"},\"inLanguage\":\"en-US\",\"potentialAction\":[{\"@type\":\"ReadAction\",\"target\":[\"https:\\\/\\\/vitablanca.ma\\\/produit\\\/solgar-picolinate-de-zinc-100-comprimes-anti-oxydant-immunite\\\/\"]}]},{\"@type\":\"ImageObject\",\"inLanguage\":\"en-US\",\"@id\":\"https:\\\/\\\/vitablanca.ma\\\/produit\\\/solgar-picolinate-de-zinc-100-comprimes-anti-oxydant-immunite\\\/#primaryimage\",\"url\":\"https:\\\/\\\/vitablanca.ma\\\/wp-content\\\/uploads\\\/2025\\\/09\\\/solgar-picolinate-de-zinc-100-comprimes-anti-oxydant-immunite-.jpg\",\"contentUrl\":\"https:\\\/\\\/vitablanca.ma\\\/wp-content\\\/uploads\\\/2025\\\/09\\\/solgar-picolinate-de-zinc-100-comprimes-anti-oxydant-immunite-.jpg\",\"width\":680,\"height\":680},{\"@type\":\"BreadcrumbList\",\"@id\":\"https:\\\/\\\/vitablanca.ma\\\/produit\\\/solgar-picolinate-de-zinc-100-comprimes-anti-oxydant-immunite\\\/#breadcrumb\",\"itemListElement\":[{\"@type\":\"ListItem\",\"position\":1,\"name\":\"Home\",\"item\":\"https:\\\/\\\/vitablanca.ma\\\/\"},{\"@type\":\"ListItem\",\"position\":2,\"name\":\"Tous Les Produits\",\"item\":\"https:\\\/\\\/vitablanca.ma\\\/tous-les-produits\\\/\"},{\"@type\":\"ListItem\",\"position\":3,\"name\":\"Solgar Picolinate de zinc 22mg anti-oxydant, immunit\u00e9 100 comprim\u00e9s\"}]},{\"@type\":\"WebSite\",\"@id\":\"https:\\\/\\\/vitablanca.ma\\\/#website\",\"url\":\"https:\\\/\\\/vitablanca.ma\\\/\",\"name\":\"VitaBlanca.ma | Compl\u00e9ments alimentaires, sant\u00e9 & beaut\u00e9 au Maroc\",\"description\":\"vendre vitamines et compl\u00e9ments premium des USA &amp; Canada, Nouvelle Z\u00e9lande,Maroc (NOW Foods, Solgar, Manuka). Livraison rapide partout au Maroc.\",\"publisher\":{\"@id\":\"https:\\\/\\\/vitablanca.ma\\\/#organization\"},\"alternateName\":\"VitaBlanca.ma\",\"potentialAction\":[{\"@type\":\"SearchAction\",\"target\":{\"@type\":\"EntryPoint\",\"urlTemplate\":\"https:\\\/\\\/vitablanca.ma\\\/?s={search_term_string}\"},\"query-input\":{\"@type\":\"PropertyValueSpecification\",\"valueRequired\":true,\"valueName\":\"search_term_string\"}}],\"inLanguage\":\"en-US\"},{\"@type\":\"Organization\",\"@id\":\"https:\\\/\\\/vitablanca.ma\\\/#organization\",\"name\":\"VitaBlanca\",\"url\":\"https:\\\/\\\/vitablanca.ma\\\/\",\"logo\":{\"@type\":\"ImageObject\",\"inLanguage\":\"en-US\",\"@id\":\"https:\\\/\\\/vitablanca.ma\\\/#\\\/schema\\\/logo\\\/image\\\/\",\"url\":\"https:\\\/\\\/vitablanca.ma\\\/wp-content\\\/uploads\\\/2025\\\/05\\\/cropped-vitablanca.png\",\"contentUrl\":\"https:\\\/\\\/vitablanca.ma\\\/wp-content\\\/uploads\\\/2025\\\/05\\\/cropped-vitablanca.png\",\"width\":360,\"height\":67,\"caption\":\"VitaBlanca\"},\"image\":{\"@id\":\"https:\\\/\\\/vitablanca.ma\\\/#\\\/schema\\\/logo\\\/image\\\/\"},\"sameAs\":[\"https:\\\/\\\/www.facebook.com\\\/profile.php?id=61576678196717\",\"https:\\\/\\\/www.tiktok.com\\\/@vitablanca.ma\",\"https:\\\/\\\/www.instagram.com\\\/vitablanca.ma\\\/\"]}]}<\/script>\n<!-- \/ Yoast SEO plugin. -->","yoast_head_json":{"title":"Solgar Picolinate de Zinc 22mg 100 Comprim\u00e9s - Maroc Prix","description":"Renforcez votre immunit\u00e9 et b\u00e9n\u00e9ficiez des propri\u00e9t\u00e9s antioxydantes du Picolinate de Zinc 22mg de Solgar. 100 comprim\u00e9s pour une sant\u00e9 optimale.","robots":{"index":"index","follow":"follow","max-snippet":"max-snippet:-1","max-image-preview":"max-image-preview:large","max-video-preview":"max-video-preview:-1"},"canonical":"https:\/\/vitablanca.ma\/en\/product\/solgar-picolinate-de-zinc-100-comprimes-anti-oxydant-immunite\/","og_locale":"en_US","og_type":"article","og_title":"Solgar Picolinate de Zinc 22mg 100 Comprim\u00e9s - Maroc Prix","og_description":"Renforcez votre immunit\u00e9 et b\u00e9n\u00e9ficiez des propri\u00e9t\u00e9s antioxydantes du Picolinate de Zinc 22mg de Solgar. 100 comprim\u00e9s pour une sant\u00e9 optimale.","og_url":"https:\/\/vitablanca.ma\/en\/product\/solgar-picolinate-de-zinc-100-comprimes-anti-oxydant-immunite\/","og_site_name":"Vitablanca.ma &ndash; Sant&eacute;, vitalit&eacute; et bien-&ecirc;tre pour tous les Marocains","article_publisher":"https:\/\/www.facebook.com\/profile.php?id=61576678196717","article_modified_time":"2026-03-05T21:34:42+00:00","og_image":[{"width":680,"height":680,"url":"https:\/\/vitablanca.ma\/wp-content\/uploads\/2025\/09\/solgar-picolinate-de-zinc-100-comprimes-anti-oxydant-immunite-.jpg","type":"image\/jpeg"}],"twitter_card":"summary_large_image","twitter_misc":{"Est. reading time":"1 minute"},"schema":{"@context":"https:\/\/schema.org","@graph":[{"@type":["WebPage","ItemPage"],"@id":"https:\/\/vitablanca.ma\/produit\/solgar-picolinate-de-zinc-100-comprimes-anti-oxydant-immunite\/","url":"https:\/\/vitablanca.ma\/produit\/solgar-picolinate-de-zinc-100-comprimes-anti-oxydant-immunite\/","name":"Solgar Picolinate de Zinc 22mg 100 Comprim\u00e9s - Maroc Prix","isPartOf":{"@id":"https:\/\/vitablanca.ma\/#website"},"primaryImageOfPage":{"@id":"https:\/\/vitablanca.ma\/produit\/solgar-picolinate-de-zinc-100-comprimes-anti-oxydant-immunite\/#primaryimage"},"image":{"@id":"https:\/\/vitablanca.ma\/produit\/solgar-picolinate-de-zinc-100-comprimes-anti-oxydant-immunite\/#primaryimage"},"thumbnailUrl":"https:\/\/vitablanca.ma\/wp-content\/uploads\/2025\/09\/solgar-picolinate-de-zinc-100-comprimes-anti-oxydant-immunite-.jpg","datePublished":"2025-09-18T01:49:26+00:00","dateModified":"2026-03-05T21:34:42+00:00","description":"Renforcez votre immunit\u00e9 et b\u00e9n\u00e9ficiez des propri\u00e9t\u00e9s antioxydantes du Picolinate de Zinc 22mg de Solgar. 100 comprim\u00e9s pour une sant\u00e9 optimale.","breadcrumb":{"@id":"https:\/\/vitablanca.ma\/produit\/solgar-picolinate-de-zinc-100-comprimes-anti-oxydant-immunite\/#breadcrumb"},"inLanguage":"en-US","potentialAction":[{"@type":"ReadAction","target":["https:\/\/vitablanca.ma\/produit\/solgar-picolinate-de-zinc-100-comprimes-anti-oxydant-immunite\/"]}]},{"@type":"ImageObject","inLanguage":"en-US","@id":"https:\/\/vitablanca.ma\/produit\/solgar-picolinate-de-zinc-100-comprimes-anti-oxydant-immunite\/#primaryimage","url":"https:\/\/vitablanca.ma\/wp-content\/uploads\/2025\/09\/solgar-picolinate-de-zinc-100-comprimes-anti-oxydant-immunite-.jpg","contentUrl":"https:\/\/vitablanca.ma\/wp-content\/uploads\/2025\/09\/solgar-picolinate-de-zinc-100-comprimes-anti-oxydant-immunite-.jpg","width":680,"height":680},{"@type":"BreadcrumbList","@id":"https:\/\/vitablanca.ma\/produit\/solgar-picolinate-de-zinc-100-comprimes-anti-oxydant-immunite\/#breadcrumb","itemListElement":[{"@type":"ListItem","position":1,"name":"Home","item":"https:\/\/vitablanca.ma\/"},{"@type":"ListItem","position":2,"name":"Tous Les Produits","item":"https:\/\/vitablanca.ma\/tous-les-produits\/"},{"@type":"ListItem","position":3,"name":"Solgar Picolinate de zinc 22mg anti-oxydant, immunit\u00e9 100 comprim\u00e9s"}]},{"@type":"WebSite","@id":"https:\/\/vitablanca.ma\/#website","url":"https:\/\/vitablanca.ma\/","name":"VitaBlanca.ma | Food supplements, health &amp; beauty in Morocco","description":"sell premium vitamins and supplements from USA &amp; Canada, New Zealand, Morocco (NOW Foods, Solgar, Manuka). Fast delivery anywhere in Morocco.","publisher":{"@id":"https:\/\/vitablanca.ma\/#organization"},"alternateName":"VitaBlanca.ma","potentialAction":[{"@type":"SearchAction","target":{"@type":"EntryPoint","urlTemplate":"https:\/\/vitablanca.ma\/?s={search_term_string}"},"query-input":{"@type":"PropertyValueSpecification","valueRequired":true,"valueName":"search_term_string"}}],"inLanguage":"en-US"},{"@type":"Organization","@id":"https:\/\/vitablanca.ma\/#organization","name":"VitaBlanca","url":"https:\/\/vitablanca.ma\/","logo":{"@type":"ImageObject","inLanguage":"en-US","@id":"https:\/\/vitablanca.ma\/#\/schema\/logo\/image\/","url":"https:\/\/vitablanca.ma\/wp-content\/uploads\/2025\/05\/cropped-vitablanca.png","contentUrl":"https:\/\/vitablanca.ma\/wp-content\/uploads\/2025\/05\/cropped-vitablanca.png","width":360,"height":67,"caption":"VitaBlanca"},"image":{"@id":"https:\/\/vitablanca.ma\/#\/schema\/logo\/image\/"},"sameAs":["https:\/\/www.facebook.com\/profile.php?id=61576678196717","https:\/\/www.tiktok.com\/@vitablanca.ma","https:\/\/www.instagram.com\/vitablanca.ma\/"]}]}},"jetpack_sharing_enabled":true,"_links":{"self":[{"href":"https:\/\/vitablanca.ma\/en\/wp-json\/wp\/v2\/product\/25325","targetHints":{"allow":["GET"]}}],"collection":[{"href":"https:\/\/vitablanca.ma\/en\/wp-json\/wp\/v2\/product"}],"about":[{"href":"https:\/\/vitablanca.ma\/en\/wp-json\/wp\/v2\/types\/product"}],"wp:featuredmedia":[{"embeddable":true,"href":"https:\/\/vitablanca.ma\/en\/wp-json\/wp\/v2\/media\/25371"}],"wp:attachment":[{"href":"https:\/\/vitablanca.ma\/en\/wp-json\/wp\/v2\/media?parent=25325"}],"wp:term":[{"taxonomy":"product_brand","embeddable":true,"href":"https:\/\/vitablanca.ma\/en\/wp-json\/wp\/v2\/product_brand?post=25325"},{"taxonomy":"product_cat","embeddable":true,"href":"https:\/\/vitablanca.ma\/en\/wp-json\/wp\/v2\/product_cat?post=25325"},{"taxonomy":"product_tag","embeddable":true,"href":"https:\/\/vitablanca.ma\/en\/wp-json\/wp\/v2\/product_tag?post=25325"}],"curies":[{"name":"wp","href":"https:\/\/api.w.org\/{rel}","templated":true}]}}