{"id":25323,"date":"2025-09-18T01:49:26","date_gmt":"2025-09-18T01:49:26","guid":{"rendered":"https:\/\/vitablanca.ma\/?post_type=product&#038;p=25323"},"modified":"2025-09-22T18:10:28","modified_gmt":"2025-09-22T18:10:28","slug":"now-foods-nac-600-mg-100-capsules-vegetariennes","status":"publish","type":"product","link":"https:\/\/vitablanca.ma\/en\/product\/now-foods-nac-600-mg-100-capsules-vegetariennes\/","title":{"rendered":"Now Foods NAC, 600 mg, 100 capsules v\u00e9g\u00e9tariennes"},"content":{"rendered":"<article class=\"text-token-text-primary w-full focus:outline-none scroll-mt-[calc(var(--header-height)+min(200px,max(70px,20svh)))]\" dir=\"auto\" tabindex=\"-1\" data-turn-id=\"request-68cc6b80-8420-8331-8eab-ef1038ef2723-6\" data-testid=\"conversation-turn-188\" data-scroll-anchor=\"true\" data-turn=\"assistant\">\n<div class=\"text-base my-auto mx-auto pb-10 [--thread-content-margin:--spacing(4)] thread-sm:[--thread-content-margin:--spacing(6)] thread-lg:[--thread-content-margin:--spacing(16)] px-(--thread-content-margin)\">\n<div class=\"[--thread-content-max-width:40rem] thread-lg:[--thread-content-max-width:48rem] mx-auto max-w-(--thread-content-max-width) flex-1 group\/turn-messages focus-visible:outline-hidden relative flex w-full min-w-0 flex-col agent-turn\" tabindex=\"-1\">\n<div class=\"flex max-w-full flex-col grow\">\n<div class=\"min-h-8 text-message relative flex w-full flex-col items-end gap-2 text-start break-words whitespace-normal [.text-message+&]:mt-5\" dir=\"auto\" data-message-author-role=\"assistant\" data-message-id=\"21682bd0-24ae-4ac0-865c-9123430c0aa8\" data-message-model-slug=\"gpt-5-mini\">\n<div class=\"flex w-full flex-col gap-1 empty:hidden first:pt-[3px]\">\n<div class=\"markdown prose dark:prose-invert w-full break-words light markdown-new-styling\">\n<p data-start=\"105\" data-end=\"470\"><strong data-start=\"105\" data-end=\"142\">Now Foods NAC (N-Acetyl Cysteine)<\/strong> est un puissant antioxydant et un compl\u00e9ment de <strong data-start=\"191\" data-end=\"215\">soutien respiratoire<\/strong> qui fournit <strong data-start=\"228\" data-end=\"245\">600 mg de NAC<\/strong> par capsule v\u00e9g\u00e9tarienne. Le NAC est un pr\u00e9curseur de <strong data-start=\"300\" data-end=\"317\">la glutathion<\/strong>, l\u2019un des antioxydants les plus importants du corps, qui aide \u00e0 prot\u00e9ger les cellules contre les dommages oxydatifs et soutient la fonction immunitaire.<\/p>\n<ul data-start=\"472\" data-end=\"1315\">\n<li data-start=\"472\" data-end=\"654\">\n<p data-start=\"474\" data-end=\"654\"><strong data-start=\"474\" data-end=\"497\">Soutien Antioxydant<\/strong> : Le NAC aide \u00e0 augmenter les niveaux de glutathion dans le corps, r\u00e9duisant ainsi le stress oxydatif et prot\u00e9geant les cellules contre les radicaux libres.<\/p>\n<\/li>\n<li data-start=\"655\" data-end=\"825\">\n<p data-start=\"657\" data-end=\"825\"><strong data-start=\"657\" data-end=\"679\">Sant\u00e9 Respiratoire<\/strong> : Ce suppl\u00e9ment aide \u00e0 maintenir une fonction pulmonaire saine en fluidifiant le mucus et en soutenant la d\u00e9toxification des voies respiratoires.<\/p>\n<\/li>\n<li data-start=\"826\" data-end=\"1020\">\n<p data-start=\"828\" data-end=\"1020\"><strong data-start=\"828\" data-end=\"854\">D\u00e9toxification du Foie<\/strong> : Le NAC soutient la sant\u00e9 du foie en am\u00e9liorant la capacit\u00e9 de d\u00e9toxification, en prot\u00e9geant le foie contre les toxines et en favorisant la r\u00e9g\u00e9n\u00e9ration cellulaire.<\/p>\n<\/li>\n<li data-start=\"1021\" data-end=\"1175\">\n<p data-start=\"1023\" data-end=\"1175\"><strong data-start=\"1023\" data-end=\"1062\">Renforcement du Syst\u00e8me Immunitaire<\/strong> : En tant qu\u2019antioxydant puissant, le NAC aide \u00e0 soutenir et \u00e0 renforcer les d\u00e9fenses naturelles de l\u2019organisme.<\/p>\n<\/li>\n<li data-start=\"1176\" data-end=\"1315\">\n<p data-start=\"1178\" data-end=\"1315\"><strong data-start=\"1178\" data-end=\"1202\">Formule V\u00e9g\u00e9tarienne<\/strong> : Ce suppl\u00e9ment est v\u00e9g\u00e9talien et formul\u00e9 avec des ingr\u00e9dients de qualit\u00e9 pour garantir une absorption optimale.<\/p>\n<\/li>\n<\/ul>\n<p data-start=\"1317\" data-end=\"1466\"><strong data-start=\"1317\" data-end=\"1332\">Utilisation<\/strong> : Prenez 1 capsule 1 \u00e0 2 fois par jour, de pr\u00e9f\u00e9rence pendant les repas, ou selon les recommandations d\u2019un professionnel de la sant\u00e9.<\/p>\n<h3 data-start=\"1468\" data-end=\"1486\"><strong data-start=\"1472\" data-end=\"1485\">Bienfaits<\/strong>:<\/h3>\n<ul data-start=\"1487\" data-end=\"1889\">\n<li data-start=\"1487\" data-end=\"1561\">\n<p data-start=\"1489\" data-end=\"1561\"><strong data-start=\"1489\" data-end=\"1523\">Soutient la sant\u00e9 respiratoire<\/strong> en am\u00e9liorant la fonction pulmonaire.<\/p>\n<\/li>\n<li data-start=\"1562\" data-end=\"1661\">\n<p data-start=\"1564\" data-end=\"1661\"><strong data-start=\"1564\" data-end=\"1589\">Riche en antioxydants<\/strong> pour prot\u00e9ger contre les radicaux libres et r\u00e9duire le stress oxydatif.<\/p>\n<\/li>\n<li data-start=\"1662\" data-end=\"1731\">\n<p data-start=\"1664\" data-end=\"1731\"><strong data-start=\"1664\" data-end=\"1694\">Favorise la d\u00e9toxification<\/strong> du foie et soutient sa r\u00e9g\u00e9n\u00e9ration.<\/p>\n<\/li>\n<li data-start=\"1732\" data-end=\"1819\">\n<p data-start=\"1734\" data-end=\"1819\"><strong data-start=\"1734\" data-end=\"1769\">Renforce le syst\u00e8me immunitaire<\/strong> pour une meilleure d\u00e9fense contre les infections.<\/p>\n<\/li>\n<li data-start=\"1820\" data-end=\"1889\">\n<p data-start=\"1822\" data-end=\"1889\"><strong data-start=\"1822\" data-end=\"1846\">Formule v\u00e9g\u00e9tarienne<\/strong> pour une absorption efficace et naturelle.<\/p>\n<\/li>\n<\/ul>\n<p data-start=\"1891\" data-end=\"2131\" data-is-last-node=\"\" data-is-only-node=\"\"><strong data-start=\"1891\" data-end=\"1915\">Now Foods NAC 600 mg<\/strong> est id\u00e9al pour ceux qui recherchent un soutien antioxydant puissant, une sant\u00e9 respiratoire optimale et une d\u00e9toxification du foie. Ce suppl\u00e9ment naturel contribue \u00e0 la protection cellulaire et au bien-\u00eatre g\u00e9n\u00e9ral.<\/p>\n<\/div>\n<\/div>\n<\/div>\n<\/div>\n<div class=\"flex min-h-[46px] justify-start\"><\/div>\n<div class=\"mt-3 w-full empty:hidden\">\n<div class=\"text-center\"><\/div>\n<\/div>\n<\/div>\n<\/div>\n<\/article>\n<div class=\"pointer-events-none h-px w-px\" aria-hidden=\"true\" data-edge=\"true\"><\/div>\n","protected":false},"excerpt":{"rendered":"<p>La N-ac\u00e9tyl cyst\u00e9ine (NAC) est une forme stable de l&rsquo;acide amin\u00e9 non essentiel L-cyst\u00e9ine. Cet acide amin\u00e9 contenant du soufre, qui agit comme un stabilisateur pour la formation de structures prot\u00e9iques, est \u00e9galement n\u00e9cessaire \u00e0 la formation de glutathion. Le molybd\u00e8ne et le s\u00e9l\u00e9nium sont des oligo-\u00e9l\u00e9ments essentiels qui facilitent la production de plusieurs enzymes importantes.<\/p>\n<h3>Suggested Use<\/h3>\n<p>Prenez 1\u00a0capsule deux fois par jour.<\/p>","protected":false},"featured_media":25366,"template":"","meta":{"om_disable_all_campaigns":false},"product_brand":[83],"product_cat":[18,3366],"product_tag":[3539,3540,3541,3542,3543],"class_list":{"0":"post-25323","1":"product","2":"type-product","3":"status-publish","4":"has-post-thumbnail","6":"product_brand-now-foods-maroc-prix","7":"product_cat-beaute-sante","8":"product_cat-complements-alimentaires-au-maroc-vitablanca","9":"product_tag-complement-detox-foie-poumons","10":"product_tag-n-acetyl-cysteine-now-foods","11":"product_tag-nac-600-mg-100-capsules-vegetariennes","12":"product_tag-nac-antioxydant-naturel-immunite","13":"product_tag-now-foods-nac-600-mg","15":"first","16":"instock","17":"taxable","18":"shipping-taxable","19":"purchasable","20":"product-type-simple"},"yoast_head":"<!-- This site is optimized with the Yoast SEO plugin v27.5 - https:\/\/yoast.com\/product\/yoast-seo-wordpress\/ -->\n<title>Now Foods NAC, 600 mg, 100 capsules v\u00e9g\u00e9tariennes - Maroc Prix<\/title>\n<meta name=\"description\" content=\"D\u00e9couvrez Now Foods NAC 600 mg, 100 capsules , un suppl\u00e9ment puissant pour soutenir la sant\u00e9 respiratoire, renforcer les d\u00e9fenses antioxydantes et favoriser\" \/>\n<meta name=\"robots\" content=\"index, follow, max-snippet:-1, max-image-preview:large, max-video-preview:-1\" \/>\n<link rel=\"canonical\" href=\"https:\/\/vitablanca.ma\/en\/product\/now-foods-nac-600-mg-100-capsules-vegetariennes\/\" \/>\n<meta property=\"og:locale\" content=\"en_US\" \/>\n<meta property=\"og:type\" content=\"article\" \/>\n<meta property=\"og:title\" content=\"Now Foods NAC, 600 mg, 100 capsules v\u00e9g\u00e9tariennes - Maroc Prix\" \/>\n<meta property=\"og:description\" content=\"D\u00e9couvrez Now Foods NAC 600 mg, 100 capsules , un suppl\u00e9ment puissant pour soutenir la sant\u00e9 respiratoire, renforcer les d\u00e9fenses antioxydantes et favoriser\" \/>\n<meta property=\"og:url\" content=\"https:\/\/vitablanca.ma\/en\/product\/now-foods-nac-600-mg-100-capsules-vegetariennes\/\" \/>\n<meta property=\"og:site_name\" content=\"Vitablanca.ma &ndash; Sant&eacute;, vitalit&eacute; et bien-&ecirc;tre pour tous les Marocains\" \/>\n<meta property=\"article:publisher\" content=\"https:\/\/www.facebook.com\/profile.php?id=61576678196717\" \/>\n<meta property=\"article:modified_time\" content=\"2025-09-22T18:10:28+00:00\" \/>\n<meta property=\"og:image\" content=\"https:\/\/vitablanca.ma\/wp-content\/uploads\/2025\/09\/now-foods-nac-600-mg-100-capsules-vegetariennes-.jpg\" \/>\n\t<meta property=\"og:image:width\" content=\"680\" \/>\n\t<meta property=\"og:image:height\" content=\"680\" \/>\n\t<meta property=\"og:image:type\" content=\"image\/jpeg\" \/>\n<meta name=\"twitter:card\" content=\"summary_large_image\" \/>\n<meta name=\"twitter:label1\" content=\"Est. reading time\" \/>\n\t<meta name=\"twitter:data1\" content=\"2 minutes\" \/>\n<script type=\"application\/ld+json\" class=\"yoast-schema-graph\">{\"@context\":\"https:\\\/\\\/schema.org\",\"@graph\":[{\"@type\":[\"WebPage\",\"ItemPage\"],\"@id\":\"https:\\\/\\\/vitablanca.ma\\\/produit\\\/now-foods-nac-600-mg-100-capsules-vegetariennes\\\/\",\"url\":\"https:\\\/\\\/vitablanca.ma\\\/produit\\\/now-foods-nac-600-mg-100-capsules-vegetariennes\\\/\",\"name\":\"Now Foods NAC, 600 mg, 100 capsules v\u00e9g\u00e9tariennes - Maroc Prix\",\"isPartOf\":{\"@id\":\"https:\\\/\\\/vitablanca.ma\\\/#website\"},\"primaryImageOfPage\":{\"@id\":\"https:\\\/\\\/vitablanca.ma\\\/produit\\\/now-foods-nac-600-mg-100-capsules-vegetariennes\\\/#primaryimage\"},\"image\":{\"@id\":\"https:\\\/\\\/vitablanca.ma\\\/produit\\\/now-foods-nac-600-mg-100-capsules-vegetariennes\\\/#primaryimage\"},\"thumbnailUrl\":\"https:\\\/\\\/vitablanca.ma\\\/wp-content\\\/uploads\\\/2025\\\/09\\\/now-foods-nac-600-mg-100-capsules-vegetariennes-.jpg\",\"datePublished\":\"2025-09-18T01:49:26+00:00\",\"dateModified\":\"2025-09-22T18:10:28+00:00\",\"description\":\"D\u00e9couvrez Now Foods NAC 600 mg, 100 capsules , un suppl\u00e9ment puissant pour soutenir la sant\u00e9 respiratoire, renforcer les d\u00e9fenses antioxydantes et favoriser\",\"breadcrumb\":{\"@id\":\"https:\\\/\\\/vitablanca.ma\\\/produit\\\/now-foods-nac-600-mg-100-capsules-vegetariennes\\\/#breadcrumb\"},\"inLanguage\":\"en-US\",\"potentialAction\":[{\"@type\":\"ReadAction\",\"target\":[\"https:\\\/\\\/vitablanca.ma\\\/produit\\\/now-foods-nac-600-mg-100-capsules-vegetariennes\\\/\"]}]},{\"@type\":\"ImageObject\",\"inLanguage\":\"en-US\",\"@id\":\"https:\\\/\\\/vitablanca.ma\\\/produit\\\/now-foods-nac-600-mg-100-capsules-vegetariennes\\\/#primaryimage\",\"url\":\"https:\\\/\\\/vitablanca.ma\\\/wp-content\\\/uploads\\\/2025\\\/09\\\/now-foods-nac-600-mg-100-capsules-vegetariennes-.jpg\",\"contentUrl\":\"https:\\\/\\\/vitablanca.ma\\\/wp-content\\\/uploads\\\/2025\\\/09\\\/now-foods-nac-600-mg-100-capsules-vegetariennes-.jpg\",\"width\":680,\"height\":680},{\"@type\":\"BreadcrumbList\",\"@id\":\"https:\\\/\\\/vitablanca.ma\\\/produit\\\/now-foods-nac-600-mg-100-capsules-vegetariennes\\\/#breadcrumb\",\"itemListElement\":[{\"@type\":\"ListItem\",\"position\":1,\"name\":\"Home\",\"item\":\"https:\\\/\\\/vitablanca.ma\\\/\"},{\"@type\":\"ListItem\",\"position\":2,\"name\":\"Tous Les Produits\",\"item\":\"https:\\\/\\\/vitablanca.ma\\\/tous-les-produits\\\/\"},{\"@type\":\"ListItem\",\"position\":3,\"name\":\"Now Foods NAC, 600 mg, 100 capsules v\u00e9g\u00e9tariennes\"}]},{\"@type\":\"WebSite\",\"@id\":\"https:\\\/\\\/vitablanca.ma\\\/#website\",\"url\":\"https:\\\/\\\/vitablanca.ma\\\/\",\"name\":\"VitaBlanca.ma | Compl\u00e9ments alimentaires, sant\u00e9 & beaut\u00e9 au Maroc\",\"description\":\"vendre vitamines et compl\u00e9ments premium des USA &amp; Canada, Nouvelle Z\u00e9lande,Maroc (NOW Foods, Solgar, Manuka). Livraison rapide partout au Maroc.\",\"publisher\":{\"@id\":\"https:\\\/\\\/vitablanca.ma\\\/#organization\"},\"alternateName\":\"VitaBlanca.ma\",\"potentialAction\":[{\"@type\":\"SearchAction\",\"target\":{\"@type\":\"EntryPoint\",\"urlTemplate\":\"https:\\\/\\\/vitablanca.ma\\\/?s={search_term_string}\"},\"query-input\":{\"@type\":\"PropertyValueSpecification\",\"valueRequired\":true,\"valueName\":\"search_term_string\"}}],\"inLanguage\":\"en-US\"},{\"@type\":\"Organization\",\"@id\":\"https:\\\/\\\/vitablanca.ma\\\/#organization\",\"name\":\"VitaBlanca\",\"url\":\"https:\\\/\\\/vitablanca.ma\\\/\",\"logo\":{\"@type\":\"ImageObject\",\"inLanguage\":\"en-US\",\"@id\":\"https:\\\/\\\/vitablanca.ma\\\/#\\\/schema\\\/logo\\\/image\\\/\",\"url\":\"https:\\\/\\\/vitablanca.ma\\\/wp-content\\\/uploads\\\/2025\\\/05\\\/cropped-vitablanca.png\",\"contentUrl\":\"https:\\\/\\\/vitablanca.ma\\\/wp-content\\\/uploads\\\/2025\\\/05\\\/cropped-vitablanca.png\",\"width\":360,\"height\":67,\"caption\":\"VitaBlanca\"},\"image\":{\"@id\":\"https:\\\/\\\/vitablanca.ma\\\/#\\\/schema\\\/logo\\\/image\\\/\"},\"sameAs\":[\"https:\\\/\\\/www.facebook.com\\\/profile.php?id=61576678196717\",\"https:\\\/\\\/www.tiktok.com\\\/@vitablanca.ma\",\"https:\\\/\\\/www.instagram.com\\\/vitablanca.ma\\\/\"]}]}<\/script>\n<!-- \/ Yoast SEO plugin. -->","yoast_head_json":{"title":"Now Foods NAC, 600 mg, 100 capsules v\u00e9g\u00e9tariennes - Maroc Prix","description":"D\u00e9couvrez Now Foods NAC 600 mg, 100 capsules , un suppl\u00e9ment puissant pour soutenir la sant\u00e9 respiratoire, renforcer les d\u00e9fenses antioxydantes et favoriser","robots":{"index":"index","follow":"follow","max-snippet":"max-snippet:-1","max-image-preview":"max-image-preview:large","max-video-preview":"max-video-preview:-1"},"canonical":"https:\/\/vitablanca.ma\/en\/product\/now-foods-nac-600-mg-100-capsules-vegetariennes\/","og_locale":"en_US","og_type":"article","og_title":"Now Foods NAC, 600 mg, 100 capsules v\u00e9g\u00e9tariennes - Maroc Prix","og_description":"D\u00e9couvrez Now Foods NAC 600 mg, 100 capsules , un suppl\u00e9ment puissant pour soutenir la sant\u00e9 respiratoire, renforcer les d\u00e9fenses antioxydantes et favoriser","og_url":"https:\/\/vitablanca.ma\/en\/product\/now-foods-nac-600-mg-100-capsules-vegetariennes\/","og_site_name":"Vitablanca.ma &ndash; Sant&eacute;, vitalit&eacute; et bien-&ecirc;tre pour tous les Marocains","article_publisher":"https:\/\/www.facebook.com\/profile.php?id=61576678196717","article_modified_time":"2025-09-22T18:10:28+00:00","og_image":[{"width":680,"height":680,"url":"https:\/\/vitablanca.ma\/wp-content\/uploads\/2025\/09\/now-foods-nac-600-mg-100-capsules-vegetariennes-.jpg","type":"image\/jpeg"}],"twitter_card":"summary_large_image","twitter_misc":{"Est. reading time":"2 minutes"},"schema":{"@context":"https:\/\/schema.org","@graph":[{"@type":["WebPage","ItemPage"],"@id":"https:\/\/vitablanca.ma\/produit\/now-foods-nac-600-mg-100-capsules-vegetariennes\/","url":"https:\/\/vitablanca.ma\/produit\/now-foods-nac-600-mg-100-capsules-vegetariennes\/","name":"Now Foods NAC, 600 mg, 100 capsules v\u00e9g\u00e9tariennes - Maroc Prix","isPartOf":{"@id":"https:\/\/vitablanca.ma\/#website"},"primaryImageOfPage":{"@id":"https:\/\/vitablanca.ma\/produit\/now-foods-nac-600-mg-100-capsules-vegetariennes\/#primaryimage"},"image":{"@id":"https:\/\/vitablanca.ma\/produit\/now-foods-nac-600-mg-100-capsules-vegetariennes\/#primaryimage"},"thumbnailUrl":"https:\/\/vitablanca.ma\/wp-content\/uploads\/2025\/09\/now-foods-nac-600-mg-100-capsules-vegetariennes-.jpg","datePublished":"2025-09-18T01:49:26+00:00","dateModified":"2025-09-22T18:10:28+00:00","description":"D\u00e9couvrez Now Foods NAC 600 mg, 100 capsules , un suppl\u00e9ment puissant pour soutenir la sant\u00e9 respiratoire, renforcer les d\u00e9fenses antioxydantes et favoriser","breadcrumb":{"@id":"https:\/\/vitablanca.ma\/produit\/now-foods-nac-600-mg-100-capsules-vegetariennes\/#breadcrumb"},"inLanguage":"en-US","potentialAction":[{"@type":"ReadAction","target":["https:\/\/vitablanca.ma\/produit\/now-foods-nac-600-mg-100-capsules-vegetariennes\/"]}]},{"@type":"ImageObject","inLanguage":"en-US","@id":"https:\/\/vitablanca.ma\/produit\/now-foods-nac-600-mg-100-capsules-vegetariennes\/#primaryimage","url":"https:\/\/vitablanca.ma\/wp-content\/uploads\/2025\/09\/now-foods-nac-600-mg-100-capsules-vegetariennes-.jpg","contentUrl":"https:\/\/vitablanca.ma\/wp-content\/uploads\/2025\/09\/now-foods-nac-600-mg-100-capsules-vegetariennes-.jpg","width":680,"height":680},{"@type":"BreadcrumbList","@id":"https:\/\/vitablanca.ma\/produit\/now-foods-nac-600-mg-100-capsules-vegetariennes\/#breadcrumb","itemListElement":[{"@type":"ListItem","position":1,"name":"Home","item":"https:\/\/vitablanca.ma\/"},{"@type":"ListItem","position":2,"name":"Tous Les Produits","item":"https:\/\/vitablanca.ma\/tous-les-produits\/"},{"@type":"ListItem","position":3,"name":"Now Foods NAC, 600 mg, 100 capsules v\u00e9g\u00e9tariennes"}]},{"@type":"WebSite","@id":"https:\/\/vitablanca.ma\/#website","url":"https:\/\/vitablanca.ma\/","name":"VitaBlanca.ma | Food supplements, health &amp; beauty in Morocco","description":"sell premium vitamins and supplements from USA &amp; Canada, New Zealand, Morocco (NOW Foods, Solgar, Manuka). Fast delivery anywhere in Morocco.","publisher":{"@id":"https:\/\/vitablanca.ma\/#organization"},"alternateName":"VitaBlanca.ma","potentialAction":[{"@type":"SearchAction","target":{"@type":"EntryPoint","urlTemplate":"https:\/\/vitablanca.ma\/?s={search_term_string}"},"query-input":{"@type":"PropertyValueSpecification","valueRequired":true,"valueName":"search_term_string"}}],"inLanguage":"en-US"},{"@type":"Organization","@id":"https:\/\/vitablanca.ma\/#organization","name":"VitaBlanca","url":"https:\/\/vitablanca.ma\/","logo":{"@type":"ImageObject","inLanguage":"en-US","@id":"https:\/\/vitablanca.ma\/#\/schema\/logo\/image\/","url":"https:\/\/vitablanca.ma\/wp-content\/uploads\/2025\/05\/cropped-vitablanca.png","contentUrl":"https:\/\/vitablanca.ma\/wp-content\/uploads\/2025\/05\/cropped-vitablanca.png","width":360,"height":67,"caption":"VitaBlanca"},"image":{"@id":"https:\/\/vitablanca.ma\/#\/schema\/logo\/image\/"},"sameAs":["https:\/\/www.facebook.com\/profile.php?id=61576678196717","https:\/\/www.tiktok.com\/@vitablanca.ma","https:\/\/www.instagram.com\/vitablanca.ma\/"]}]}},"jetpack_sharing_enabled":true,"_links":{"self":[{"href":"https:\/\/vitablanca.ma\/en\/wp-json\/wp\/v2\/product\/25323","targetHints":{"allow":["GET"]}}],"collection":[{"href":"https:\/\/vitablanca.ma\/en\/wp-json\/wp\/v2\/product"}],"about":[{"href":"https:\/\/vitablanca.ma\/en\/wp-json\/wp\/v2\/types\/product"}],"wp:featuredmedia":[{"embeddable":true,"href":"https:\/\/vitablanca.ma\/en\/wp-json\/wp\/v2\/media\/25366"}],"wp:attachment":[{"href":"https:\/\/vitablanca.ma\/en\/wp-json\/wp\/v2\/media?parent=25323"}],"wp:term":[{"taxonomy":"product_brand","embeddable":true,"href":"https:\/\/vitablanca.ma\/en\/wp-json\/wp\/v2\/product_brand?post=25323"},{"taxonomy":"product_cat","embeddable":true,"href":"https:\/\/vitablanca.ma\/en\/wp-json\/wp\/v2\/product_cat?post=25323"},{"taxonomy":"product_tag","embeddable":true,"href":"https:\/\/vitablanca.ma\/en\/wp-json\/wp\/v2\/product_tag?post=25323"}],"curies":[{"name":"wp","href":"https:\/\/api.w.org\/{rel}","templated":true}]}}