{"id":25321,"date":"2025-09-18T01:49:26","date_gmt":"2025-09-18T01:49:26","guid":{"rendered":"https:\/\/vitablanca.ma\/?post_type=product&#038;p=25321"},"modified":"2025-09-22T18:10:28","modified_gmt":"2025-09-22T18:10:28","slug":"now-foods-probiotic-10-25-milliards-25-billion-100-capsules-vegetariennes","status":"publish","type":"product","link":"https:\/\/vitablanca.ma\/en\/product\/now-foods-probiotic-10-25-milliards-25-billion-100-capsules-vegetariennes\/","title":{"rendered":"Now Foods Probiotic-10, 25 milliards, 25 Billion, 100 capsules v\u00e9g\u00e9tariennes"},"content":{"rendered":"<p>Probiotic-10\u2122 de NOW\u00ae offre un spectre \u00e9quilibr\u00e9 d&rsquo;organismes vivants compos\u00e9 de souches bact\u00e9riennes probiotiques r\u00e9sistantes aux acides qui sont connues pour coloniser naturellement le syst\u00e8me digestif humain. Les bact\u00e9ries probiotiques sont essentielles \u00e0 une digestion saine. Elles aident \u00e0 maintenir l&rsquo;int\u00e9grit\u00e9 de la muqueuse intestinale, favorisent une bonne motilit\u00e9 intestinale et participent au processus de d\u00e9toxification. Probiotic-10\u2122 utilise des souches bact\u00e9riennes cliniquement valid\u00e9es pour leur soutien au bon fonctionnement du syst\u00e8me immunitaire.<\/p>\n<p>L&rsquo;identit\u00e9 des souches probiotiques de ce produit a \u00e9t\u00e9 v\u00e9rifi\u00e9e \u00e0 l&rsquo;aide d&rsquo;une technologie d&#8217;empreintes g\u00e9n\u00e9tiques.<\/p>\n<h3>Suggested Use<\/h3>\n<p>Prenez 1\u00a0capsule 1 \u00e0 2\u00a0fois par jour entre les repas ou \u00e0 jeun.<\/p>\n<p>R\u00e9frig\u00e9rer apr\u00e8s ouverture pour que le produit conserve son efficacit\u00e9.<\/p>\n<p>Ce produit est formul\u00e9 pour offrir une puissance de 25\u00a0milliards d&rsquo;UFC jusqu&rsquo;\u00e0 la date de p\u00e9remption.<\/p>\n<p>\u00c9labor\u00e9 sans bl\u00e9, gluten, soja, lait, \u0153ufs, poisson, fruits de mer ou fruits \u00e0 coque. Produit dans un \u00e9tablissement respectant les bonnes pratiques de fabrication qui traite d&rsquo;autres ingr\u00e9dients contenant ces allerg\u00e8nes.<\/p>","protected":false},"excerpt":{"rendered":"<ul>\n<li>10\u00a0souches probiotiques<\/li>\n<li>Flore intestinale saine<\/li>\n<li>Sans produits laitiers, soja &amp; gluten<\/li>\n<li>Souches valid\u00e9es cliniquement<\/li>\n<li>GMO-free<\/li>\n<li>Food supplement<\/li>\n<li>Vegetarian\/Vegan<\/li>\n<li>Kosher<\/li>\n<li>Souche v\u00e9rifi\u00e9e<\/li>\n<li>Digestion<\/li>\n<li>Family business since 1968<\/li>\n<li>GMP quality guaranteed<\/li>\n<\/ul>","protected":false},"featured_media":25362,"template":"","meta":{"om_disable_all_campaigns":false},"product_brand":[83],"product_cat":[18,3366],"product_tag":[3529,3530,3531,3532,3533],"class_list":{"0":"post-25321","1":"product","2":"type-product","3":"status-publish","4":"has-post-thumbnail","6":"product_brand-now-foods-maroc-prix","7":"product_cat-beaute-sante","8":"product_cat-complements-alimentaires-au-maroc-vitablanca","9":"product_tag-complement-flore-intestinale-digestion","10":"product_tag-now-foods-probiotic-10-25-milliards","11":"product_tag-probiotic-10-souches-actives","12":"product_tag-probiotiques-25-billion-now-foods","13":"product_tag-probiotiques-vegetariens-immunite","15":"first","16":"instock","17":"taxable","18":"shipping-taxable","19":"purchasable","20":"product-type-simple"},"yoast_head":"<!-- This site is optimized with the Yoast SEO plugin v27.5 - https:\/\/yoast.com\/product\/yoast-seo-wordpress\/ -->\n<title>Now Foods Probiotic-10 25 milliards 25 Billion 100 capsules - Maroc<\/title>\n<meta name=\"description\" content=\"D\u00e9couvrez Now Foods Probiotic-10, 25 milliards de probiotiques, 100 capsules , un suppl\u00e9ment pour soutenir la sant\u00e9 digestive, renforcer syst\u00e8me immunitaire\" \/>\n<meta name=\"robots\" content=\"index, follow, max-snippet:-1, max-image-preview:large, max-video-preview:-1\" \/>\n<link rel=\"canonical\" href=\"https:\/\/vitablanca.ma\/en\/product\/now-foods-probiotic-10-25-milliards-25-billion-100-capsules-vegetariennes\/\" \/>\n<meta property=\"og:locale\" content=\"en_US\" \/>\n<meta property=\"og:type\" content=\"article\" \/>\n<meta property=\"og:title\" content=\"Now Foods Probiotic-10 25 milliards 25 Billion 100 capsules - Maroc\" \/>\n<meta property=\"og:description\" content=\"D\u00e9couvrez Now Foods Probiotic-10, 25 milliards de probiotiques, 100 capsules , un suppl\u00e9ment pour soutenir la sant\u00e9 digestive, renforcer syst\u00e8me immunitaire\" \/>\n<meta property=\"og:url\" content=\"https:\/\/vitablanca.ma\/en\/product\/now-foods-probiotic-10-25-milliards-25-billion-100-capsules-vegetariennes\/\" \/>\n<meta property=\"og:site_name\" content=\"Vitablanca.ma &ndash; Sant&eacute;, vitalit&eacute; et bien-&ecirc;tre pour tous les Marocains\" \/>\n<meta property=\"article:publisher\" content=\"https:\/\/www.facebook.com\/profile.php?id=61576678196717\" \/>\n<meta property=\"article:modified_time\" content=\"2025-09-22T18:10:28+00:00\" \/>\n<meta property=\"og:image\" content=\"https:\/\/vitablanca.ma\/wp-content\/uploads\/2025\/09\/now-foods-probiotic-10-25-milliards-25-billion-100-capsules-vegetariennes-6.jpg\" \/>\n\t<meta property=\"og:image:width\" content=\"680\" \/>\n\t<meta property=\"og:image:height\" content=\"680\" \/>\n\t<meta property=\"og:image:type\" content=\"image\/jpeg\" \/>\n<meta name=\"twitter:card\" content=\"summary_large_image\" \/>\n<meta name=\"twitter:label1\" content=\"Est. reading time\" \/>\n\t<meta name=\"twitter:data1\" content=\"2 minutes\" \/>\n<script type=\"application\/ld+json\" class=\"yoast-schema-graph\">{\"@context\":\"https:\\\/\\\/schema.org\",\"@graph\":[{\"@type\":[\"WebPage\",\"ItemPage\"],\"@id\":\"https:\\\/\\\/vitablanca.ma\\\/produit\\\/now-foods-probiotic-10-25-milliards-25-billion-100-capsules-vegetariennes\\\/\",\"url\":\"https:\\\/\\\/vitablanca.ma\\\/produit\\\/now-foods-probiotic-10-25-milliards-25-billion-100-capsules-vegetariennes\\\/\",\"name\":\"Now Foods Probiotic-10 25 milliards 25 Billion 100 capsules - Maroc\",\"isPartOf\":{\"@id\":\"https:\\\/\\\/vitablanca.ma\\\/#website\"},\"primaryImageOfPage\":{\"@id\":\"https:\\\/\\\/vitablanca.ma\\\/produit\\\/now-foods-probiotic-10-25-milliards-25-billion-100-capsules-vegetariennes\\\/#primaryimage\"},\"image\":{\"@id\":\"https:\\\/\\\/vitablanca.ma\\\/produit\\\/now-foods-probiotic-10-25-milliards-25-billion-100-capsules-vegetariennes\\\/#primaryimage\"},\"thumbnailUrl\":\"https:\\\/\\\/vitablanca.ma\\\/wp-content\\\/uploads\\\/2025\\\/09\\\/now-foods-probiotic-10-25-milliards-25-billion-100-capsules-vegetariennes-6.jpg\",\"datePublished\":\"2025-09-18T01:49:26+00:00\",\"dateModified\":\"2025-09-22T18:10:28+00:00\",\"description\":\"D\u00e9couvrez Now Foods Probiotic-10, 25 milliards de probiotiques, 100 capsules , un suppl\u00e9ment pour soutenir la sant\u00e9 digestive, renforcer syst\u00e8me immunitaire\",\"breadcrumb\":{\"@id\":\"https:\\\/\\\/vitablanca.ma\\\/produit\\\/now-foods-probiotic-10-25-milliards-25-billion-100-capsules-vegetariennes\\\/#breadcrumb\"},\"inLanguage\":\"en-US\",\"potentialAction\":[{\"@type\":\"ReadAction\",\"target\":[\"https:\\\/\\\/vitablanca.ma\\\/produit\\\/now-foods-probiotic-10-25-milliards-25-billion-100-capsules-vegetariennes\\\/\"]}]},{\"@type\":\"ImageObject\",\"inLanguage\":\"en-US\",\"@id\":\"https:\\\/\\\/vitablanca.ma\\\/produit\\\/now-foods-probiotic-10-25-milliards-25-billion-100-capsules-vegetariennes\\\/#primaryimage\",\"url\":\"https:\\\/\\\/vitablanca.ma\\\/wp-content\\\/uploads\\\/2025\\\/09\\\/now-foods-probiotic-10-25-milliards-25-billion-100-capsules-vegetariennes-6.jpg\",\"contentUrl\":\"https:\\\/\\\/vitablanca.ma\\\/wp-content\\\/uploads\\\/2025\\\/09\\\/now-foods-probiotic-10-25-milliards-25-billion-100-capsules-vegetariennes-6.jpg\",\"width\":680,\"height\":680},{\"@type\":\"BreadcrumbList\",\"@id\":\"https:\\\/\\\/vitablanca.ma\\\/produit\\\/now-foods-probiotic-10-25-milliards-25-billion-100-capsules-vegetariennes\\\/#breadcrumb\",\"itemListElement\":[{\"@type\":\"ListItem\",\"position\":1,\"name\":\"Home\",\"item\":\"https:\\\/\\\/vitablanca.ma\\\/\"},{\"@type\":\"ListItem\",\"position\":2,\"name\":\"Tous Les Produits\",\"item\":\"https:\\\/\\\/vitablanca.ma\\\/tous-les-produits\\\/\"},{\"@type\":\"ListItem\",\"position\":3,\"name\":\"Now Foods Probiotic-10, 25 milliards, 25 Billion, 100 capsules v\u00e9g\u00e9tariennes\"}]},{\"@type\":\"WebSite\",\"@id\":\"https:\\\/\\\/vitablanca.ma\\\/#website\",\"url\":\"https:\\\/\\\/vitablanca.ma\\\/\",\"name\":\"VitaBlanca.ma | Compl\u00e9ments alimentaires, sant\u00e9 & beaut\u00e9 au Maroc\",\"description\":\"vendre vitamines et compl\u00e9ments premium des USA &amp; Canada, Nouvelle Z\u00e9lande,Maroc (NOW Foods, Solgar, Manuka). Livraison rapide partout au Maroc.\",\"publisher\":{\"@id\":\"https:\\\/\\\/vitablanca.ma\\\/#organization\"},\"alternateName\":\"VitaBlanca.ma\",\"potentialAction\":[{\"@type\":\"SearchAction\",\"target\":{\"@type\":\"EntryPoint\",\"urlTemplate\":\"https:\\\/\\\/vitablanca.ma\\\/?s={search_term_string}\"},\"query-input\":{\"@type\":\"PropertyValueSpecification\",\"valueRequired\":true,\"valueName\":\"search_term_string\"}}],\"inLanguage\":\"en-US\"},{\"@type\":\"Organization\",\"@id\":\"https:\\\/\\\/vitablanca.ma\\\/#organization\",\"name\":\"VitaBlanca\",\"url\":\"https:\\\/\\\/vitablanca.ma\\\/\",\"logo\":{\"@type\":\"ImageObject\",\"inLanguage\":\"en-US\",\"@id\":\"https:\\\/\\\/vitablanca.ma\\\/#\\\/schema\\\/logo\\\/image\\\/\",\"url\":\"https:\\\/\\\/vitablanca.ma\\\/wp-content\\\/uploads\\\/2025\\\/05\\\/cropped-vitablanca.png\",\"contentUrl\":\"https:\\\/\\\/vitablanca.ma\\\/wp-content\\\/uploads\\\/2025\\\/05\\\/cropped-vitablanca.png\",\"width\":360,\"height\":67,\"caption\":\"VitaBlanca\"},\"image\":{\"@id\":\"https:\\\/\\\/vitablanca.ma\\\/#\\\/schema\\\/logo\\\/image\\\/\"},\"sameAs\":[\"https:\\\/\\\/www.facebook.com\\\/profile.php?id=61576678196717\",\"https:\\\/\\\/www.tiktok.com\\\/@vitablanca.ma\",\"https:\\\/\\\/www.instagram.com\\\/vitablanca.ma\\\/\"]}]}<\/script>\n<!-- \/ Yoast SEO plugin. -->","yoast_head_json":{"title":"Now Foods Probiotic-10 25 milliards 25 Billion 100 capsules - Maroc","description":"D\u00e9couvrez Now Foods Probiotic-10, 25 milliards de probiotiques, 100 capsules , un suppl\u00e9ment pour soutenir la sant\u00e9 digestive, renforcer syst\u00e8me immunitaire","robots":{"index":"index","follow":"follow","max-snippet":"max-snippet:-1","max-image-preview":"max-image-preview:large","max-video-preview":"max-video-preview:-1"},"canonical":"https:\/\/vitablanca.ma\/en\/product\/now-foods-probiotic-10-25-milliards-25-billion-100-capsules-vegetariennes\/","og_locale":"en_US","og_type":"article","og_title":"Now Foods Probiotic-10 25 milliards 25 Billion 100 capsules - Maroc","og_description":"D\u00e9couvrez Now Foods Probiotic-10, 25 milliards de probiotiques, 100 capsules , un suppl\u00e9ment pour soutenir la sant\u00e9 digestive, renforcer syst\u00e8me immunitaire","og_url":"https:\/\/vitablanca.ma\/en\/product\/now-foods-probiotic-10-25-milliards-25-billion-100-capsules-vegetariennes\/","og_site_name":"Vitablanca.ma &ndash; Sant&eacute;, vitalit&eacute; et bien-&ecirc;tre pour tous les Marocains","article_publisher":"https:\/\/www.facebook.com\/profile.php?id=61576678196717","article_modified_time":"2025-09-22T18:10:28+00:00","og_image":[{"width":680,"height":680,"url":"https:\/\/vitablanca.ma\/wp-content\/uploads\/2025\/09\/now-foods-probiotic-10-25-milliards-25-billion-100-capsules-vegetariennes-6.jpg","type":"image\/jpeg"}],"twitter_card":"summary_large_image","twitter_misc":{"Est. reading time":"2 minutes"},"schema":{"@context":"https:\/\/schema.org","@graph":[{"@type":["WebPage","ItemPage"],"@id":"https:\/\/vitablanca.ma\/produit\/now-foods-probiotic-10-25-milliards-25-billion-100-capsules-vegetariennes\/","url":"https:\/\/vitablanca.ma\/produit\/now-foods-probiotic-10-25-milliards-25-billion-100-capsules-vegetariennes\/","name":"Now Foods Probiotic-10 25 milliards 25 Billion 100 capsules - Maroc","isPartOf":{"@id":"https:\/\/vitablanca.ma\/#website"},"primaryImageOfPage":{"@id":"https:\/\/vitablanca.ma\/produit\/now-foods-probiotic-10-25-milliards-25-billion-100-capsules-vegetariennes\/#primaryimage"},"image":{"@id":"https:\/\/vitablanca.ma\/produit\/now-foods-probiotic-10-25-milliards-25-billion-100-capsules-vegetariennes\/#primaryimage"},"thumbnailUrl":"https:\/\/vitablanca.ma\/wp-content\/uploads\/2025\/09\/now-foods-probiotic-10-25-milliards-25-billion-100-capsules-vegetariennes-6.jpg","datePublished":"2025-09-18T01:49:26+00:00","dateModified":"2025-09-22T18:10:28+00:00","description":"D\u00e9couvrez Now Foods Probiotic-10, 25 milliards de probiotiques, 100 capsules , un suppl\u00e9ment pour soutenir la sant\u00e9 digestive, renforcer syst\u00e8me immunitaire","breadcrumb":{"@id":"https:\/\/vitablanca.ma\/produit\/now-foods-probiotic-10-25-milliards-25-billion-100-capsules-vegetariennes\/#breadcrumb"},"inLanguage":"en-US","potentialAction":[{"@type":"ReadAction","target":["https:\/\/vitablanca.ma\/produit\/now-foods-probiotic-10-25-milliards-25-billion-100-capsules-vegetariennes\/"]}]},{"@type":"ImageObject","inLanguage":"en-US","@id":"https:\/\/vitablanca.ma\/produit\/now-foods-probiotic-10-25-milliards-25-billion-100-capsules-vegetariennes\/#primaryimage","url":"https:\/\/vitablanca.ma\/wp-content\/uploads\/2025\/09\/now-foods-probiotic-10-25-milliards-25-billion-100-capsules-vegetariennes-6.jpg","contentUrl":"https:\/\/vitablanca.ma\/wp-content\/uploads\/2025\/09\/now-foods-probiotic-10-25-milliards-25-billion-100-capsules-vegetariennes-6.jpg","width":680,"height":680},{"@type":"BreadcrumbList","@id":"https:\/\/vitablanca.ma\/produit\/now-foods-probiotic-10-25-milliards-25-billion-100-capsules-vegetariennes\/#breadcrumb","itemListElement":[{"@type":"ListItem","position":1,"name":"Home","item":"https:\/\/vitablanca.ma\/"},{"@type":"ListItem","position":2,"name":"Tous Les Produits","item":"https:\/\/vitablanca.ma\/tous-les-produits\/"},{"@type":"ListItem","position":3,"name":"Now Foods Probiotic-10, 25 milliards, 25 Billion, 100 capsules v\u00e9g\u00e9tariennes"}]},{"@type":"WebSite","@id":"https:\/\/vitablanca.ma\/#website","url":"https:\/\/vitablanca.ma\/","name":"VitaBlanca.ma | Food supplements, health &amp; beauty in Morocco","description":"sell premium vitamins and supplements from USA &amp; Canada, New Zealand, Morocco (NOW Foods, Solgar, Manuka). Fast delivery anywhere in Morocco.","publisher":{"@id":"https:\/\/vitablanca.ma\/#organization"},"alternateName":"VitaBlanca.ma","potentialAction":[{"@type":"SearchAction","target":{"@type":"EntryPoint","urlTemplate":"https:\/\/vitablanca.ma\/?s={search_term_string}"},"query-input":{"@type":"PropertyValueSpecification","valueRequired":true,"valueName":"search_term_string"}}],"inLanguage":"en-US"},{"@type":"Organization","@id":"https:\/\/vitablanca.ma\/#organization","name":"VitaBlanca","url":"https:\/\/vitablanca.ma\/","logo":{"@type":"ImageObject","inLanguage":"en-US","@id":"https:\/\/vitablanca.ma\/#\/schema\/logo\/image\/","url":"https:\/\/vitablanca.ma\/wp-content\/uploads\/2025\/05\/cropped-vitablanca.png","contentUrl":"https:\/\/vitablanca.ma\/wp-content\/uploads\/2025\/05\/cropped-vitablanca.png","width":360,"height":67,"caption":"VitaBlanca"},"image":{"@id":"https:\/\/vitablanca.ma\/#\/schema\/logo\/image\/"},"sameAs":["https:\/\/www.facebook.com\/profile.php?id=61576678196717","https:\/\/www.tiktok.com\/@vitablanca.ma","https:\/\/www.instagram.com\/vitablanca.ma\/"]}]}},"jetpack_sharing_enabled":true,"_links":{"self":[{"href":"https:\/\/vitablanca.ma\/en\/wp-json\/wp\/v2\/product\/25321","targetHints":{"allow":["GET"]}}],"collection":[{"href":"https:\/\/vitablanca.ma\/en\/wp-json\/wp\/v2\/product"}],"about":[{"href":"https:\/\/vitablanca.ma\/en\/wp-json\/wp\/v2\/types\/product"}],"wp:featuredmedia":[{"embeddable":true,"href":"https:\/\/vitablanca.ma\/en\/wp-json\/wp\/v2\/media\/25362"}],"wp:attachment":[{"href":"https:\/\/vitablanca.ma\/en\/wp-json\/wp\/v2\/media?parent=25321"}],"wp:term":[{"taxonomy":"product_brand","embeddable":true,"href":"https:\/\/vitablanca.ma\/en\/wp-json\/wp\/v2\/product_brand?post=25321"},{"taxonomy":"product_cat","embeddable":true,"href":"https:\/\/vitablanca.ma\/en\/wp-json\/wp\/v2\/product_cat?post=25321"},{"taxonomy":"product_tag","embeddable":true,"href":"https:\/\/vitablanca.ma\/en\/wp-json\/wp\/v2\/product_tag?post=25321"}],"curies":[{"name":"wp","href":"https:\/\/api.w.org\/{rel}","templated":true}]}}