{"id":25319,"date":"2025-09-18T01:49:25","date_gmt":"2025-09-18T01:49:25","guid":{"rendered":"https:\/\/vitablanca.ma\/?post_type=product&#038;p=25319"},"modified":"2025-09-22T18:10:29","modified_gmt":"2025-09-22T18:10:29","slug":"garden-of-life-women-probiotiques-pour-femmes-50-milliards-systeme-digestif-immunitaire-30-caps","status":"publish","type":"product","link":"https:\/\/vitablanca.ma\/en\/product\/garden-of-life-women-probiotiques-pour-femmes-50-milliards-systeme-digestif-immunitaire-30-caps\/","title":{"rendered":"Garden Of Life Women Probiotiques pour Femmes 50 Milliards, syst\u00e8me digestif immunitaire 30 capsules"},"content":{"rendered":"<p>Formul\u00e9 par un expert en sant\u00e9 c\u00e9r\u00e9brale et en microbiome humain, neurologue certifi\u00e9 par le Conseil de l\u2019ordre et membre de l\u2019American College of Nutrition (Coll\u00e8ge am\u00e9ricain de la nutrition) et auteur figurant en t\u00eate de la liste des best-sellers du New York Times<\/p>\n<p>Dr. Perlmutter a cr\u00e9\u00e9 cette formule unique exclusivement destin\u00e9e pour les femmes, avec un nombre \u00e9lev\u00e9 de probiotiques b\u00e9n\u00e9fiques fabriqu\u00e9s \u00e0 partir de diverses souches r\u00e9sistantes \u00e0 l\u2019acide gastrique et \u00e0 la bile, pour aider les syst\u00e8mes digestifs et immunitaires des femmes<br \/>\nContient un m\u00e9lange diversifi\u00e9 de lactobacilles et de bifidobact\u00e9ries.<\/p>\n<p>Renforcement du syst\u00e8me immunitaire<\/p>\n<p>50 milliards d\u2019UFC, 16 probiotiques<\/p>\n<p>Innovation<\/p>\n<p>\u200bNouvelle technologie de bouteille \u00e0 dessicant pour une conservation longue dur\u00e9e des probiotiques.<\/p>\n<p>\u00b9\u00c0 la date de p\u00e9remption dans les conditions de conservation recommand\u00e9es.<br \/>\nSuggested Use<br \/>\nChez l\u2019adulte, prenez 1 capsule par jour. \u00c0 prendre pendant ou en dehors des repas. Les capsules peuvent \u00eatre ouvertes. Le contenu des capsules peut \u00eatre pris directement avec de l\u2019eau ou des jus. Ne convient pas aux enfants.<\/p>","protected":false},"excerpt":{"rendered":"<p>Conservation longue dur\u00e9e &#8211; Promesse d&rsquo;efficacit\u00e9<br \/>\nPas de r\u00e9frig\u00e9ration requise<br \/>\nProtege Syst\u00e8me reproductif, digestif et immunitaire<br \/>\n50 milliards garantis &#8211; 16 souches probiotiques<br \/>\nAide \u00e0 maintenir une bonne sant\u00e9 f\u00e9minine<br \/>\nAide au fonctionnement du syst\u00e8me immunitaire et du syst\u00e8me digestif<br \/>\nCertifi\u00e9 sans OGM par Non GMO Project<br \/>\nGluten free<br \/>\nSans produit laitier<br \/>\nSoy-free<br \/>\nCompl\u00e9ment probiotique brut<br \/>\nSuitable for vegetarians<br \/>\nConservation longue dur\u00e9e\u00b9<\/p>","protected":false},"featured_media":25358,"template":"","meta":{"om_disable_all_campaigns":false},"product_brand":[3630],"product_cat":[18,3366],"product_tag":[3518,3519,3520,3521,3522,3523,1029],"class_list":{"0":"post-25319","1":"product","2":"type-product","3":"status-publish","4":"has-post-thumbnail","6":"product_brand-garden-of-life","7":"product_cat-beaute-sante","8":"product_cat-complements-alimentaires-au-maroc-vitablanca","9":"product_tag-capsules-probiotiques","10":"product_tag-equilibre-vaginal","11":"product_tag-flore-intestinale","12":"product_tag-garden-of-life-probiotiques-femmes","13":"product_tag-probiotiques-50-milliards","14":"product_tag-sante-digestive-feminine","15":"product_tag-systeme-immunitaire","17":"first","18":"instock","19":"taxable","20":"shipping-taxable","21":"purchasable","22":"product-type-simple"},"yoast_head":"<!-- This site is optimized with the Yoast SEO plugin v27.5 - https:\/\/yoast.com\/product\/yoast-seo-wordpress\/ -->\n<title>Garden Of Life Women Probiotiques Femmes 50 Milliards - Maroc<\/title>\n<meta name=\"description\" content=\"D\u00e9couvrez Garden of Life Women&#039;s Probiotics, 50 milliards de CFU, 30 capsules, un suppl\u00e9ment probiotique con\u00e7u sp\u00e9cifiquement pour les femmes,\" \/>\n<meta name=\"robots\" content=\"index, follow, max-snippet:-1, max-image-preview:large, max-video-preview:-1\" \/>\n<link rel=\"canonical\" href=\"https:\/\/vitablanca.ma\/en\/product\/garden-of-life-women-probiotiques-pour-femmes-50-milliards-systeme-digestif-immunitaire-30-caps\/\" \/>\n<meta property=\"og:locale\" content=\"en_US\" \/>\n<meta property=\"og:type\" content=\"article\" \/>\n<meta property=\"og:title\" content=\"Garden Of Life Women Probiotiques Femmes 50 Milliards - Maroc\" \/>\n<meta property=\"og:description\" content=\"D\u00e9couvrez Garden of Life Women&#039;s Probiotics, 50 milliards de CFU, 30 capsules, un suppl\u00e9ment probiotique con\u00e7u sp\u00e9cifiquement pour les femmes,\" \/>\n<meta property=\"og:url\" content=\"https:\/\/vitablanca.ma\/en\/product\/garden-of-life-women-probiotiques-pour-femmes-50-milliards-systeme-digestif-immunitaire-30-caps\/\" \/>\n<meta property=\"og:site_name\" content=\"Vitablanca.ma &ndash; Sant&eacute;, vitalit&eacute; et bien-&ecirc;tre pour tous les Marocains\" \/>\n<meta property=\"article:publisher\" content=\"https:\/\/www.facebook.com\/profile.php?id=61576678196717\" \/>\n<meta property=\"article:modified_time\" content=\"2025-09-22T18:10:29+00:00\" \/>\n<meta property=\"og:image\" content=\"https:\/\/vitablanca.ma\/wp-content\/uploads\/2025\/09\/Garden-Of-Life-Women-Probiotiques-pour-Femmes-50-Milliards-systeme-digestif-immunitaire-30-Caps.jpg\" \/>\n\t<meta property=\"og:image:width\" content=\"680\" \/>\n\t<meta property=\"og:image:height\" content=\"680\" \/>\n\t<meta property=\"og:image:type\" content=\"image\/jpeg\" \/>\n<meta name=\"twitter:card\" content=\"summary_large_image\" \/>\n<meta name=\"twitter:label1\" content=\"Est. reading time\" \/>\n\t<meta name=\"twitter:data1\" content=\"2 minutes\" \/>\n<script type=\"application\/ld+json\" class=\"yoast-schema-graph\">{\"@context\":\"https:\\\/\\\/schema.org\",\"@graph\":[{\"@type\":[\"WebPage\",\"ItemPage\"],\"@id\":\"https:\\\/\\\/vitablanca.ma\\\/produit\\\/garden-of-life-women-probiotiques-pour-femmes-50-milliards-systeme-digestif-immunitaire-30-caps\\\/\",\"url\":\"https:\\\/\\\/vitablanca.ma\\\/produit\\\/garden-of-life-women-probiotiques-pour-femmes-50-milliards-systeme-digestif-immunitaire-30-caps\\\/\",\"name\":\"Garden Of Life Women Probiotiques Femmes 50 Milliards - Maroc\",\"isPartOf\":{\"@id\":\"https:\\\/\\\/vitablanca.ma\\\/#website\"},\"primaryImageOfPage\":{\"@id\":\"https:\\\/\\\/vitablanca.ma\\\/produit\\\/garden-of-life-women-probiotiques-pour-femmes-50-milliards-systeme-digestif-immunitaire-30-caps\\\/#primaryimage\"},\"image\":{\"@id\":\"https:\\\/\\\/vitablanca.ma\\\/produit\\\/garden-of-life-women-probiotiques-pour-femmes-50-milliards-systeme-digestif-immunitaire-30-caps\\\/#primaryimage\"},\"thumbnailUrl\":\"https:\\\/\\\/vitablanca.ma\\\/wp-content\\\/uploads\\\/2025\\\/09\\\/Garden-Of-Life-Women-Probiotiques-pour-Femmes-50-Milliards-systeme-digestif-immunitaire-30-Caps.jpg\",\"datePublished\":\"2025-09-18T01:49:25+00:00\",\"dateModified\":\"2025-09-22T18:10:29+00:00\",\"description\":\"D\u00e9couvrez Garden of Life Women's Probiotics, 50 milliards de CFU, 30 capsules, un suppl\u00e9ment probiotique con\u00e7u sp\u00e9cifiquement pour les femmes,\",\"breadcrumb\":{\"@id\":\"https:\\\/\\\/vitablanca.ma\\\/produit\\\/garden-of-life-women-probiotiques-pour-femmes-50-milliards-systeme-digestif-immunitaire-30-caps\\\/#breadcrumb\"},\"inLanguage\":\"en-US\",\"potentialAction\":[{\"@type\":\"ReadAction\",\"target\":[\"https:\\\/\\\/vitablanca.ma\\\/produit\\\/garden-of-life-women-probiotiques-pour-femmes-50-milliards-systeme-digestif-immunitaire-30-caps\\\/\"]}]},{\"@type\":\"ImageObject\",\"inLanguage\":\"en-US\",\"@id\":\"https:\\\/\\\/vitablanca.ma\\\/produit\\\/garden-of-life-women-probiotiques-pour-femmes-50-milliards-systeme-digestif-immunitaire-30-caps\\\/#primaryimage\",\"url\":\"https:\\\/\\\/vitablanca.ma\\\/wp-content\\\/uploads\\\/2025\\\/09\\\/Garden-Of-Life-Women-Probiotiques-pour-Femmes-50-Milliards-systeme-digestif-immunitaire-30-Caps.jpg\",\"contentUrl\":\"https:\\\/\\\/vitablanca.ma\\\/wp-content\\\/uploads\\\/2025\\\/09\\\/Garden-Of-Life-Women-Probiotiques-pour-Femmes-50-Milliards-systeme-digestif-immunitaire-30-Caps.jpg\",\"width\":680,\"height\":680},{\"@type\":\"BreadcrumbList\",\"@id\":\"https:\\\/\\\/vitablanca.ma\\\/produit\\\/garden-of-life-women-probiotiques-pour-femmes-50-milliards-systeme-digestif-immunitaire-30-caps\\\/#breadcrumb\",\"itemListElement\":[{\"@type\":\"ListItem\",\"position\":1,\"name\":\"Home\",\"item\":\"https:\\\/\\\/vitablanca.ma\\\/\"},{\"@type\":\"ListItem\",\"position\":2,\"name\":\"Tous Les Produits\",\"item\":\"https:\\\/\\\/vitablanca.ma\\\/tous-les-produits\\\/\"},{\"@type\":\"ListItem\",\"position\":3,\"name\":\"Garden Of Life Women Probiotiques pour Femmes 50 Milliards, syst\u00e8me digestif immunitaire 30 capsules\"}]},{\"@type\":\"WebSite\",\"@id\":\"https:\\\/\\\/vitablanca.ma\\\/#website\",\"url\":\"https:\\\/\\\/vitablanca.ma\\\/\",\"name\":\"VitaBlanca.ma | Compl\u00e9ments alimentaires, sant\u00e9 & beaut\u00e9 au Maroc\",\"description\":\"vendre vitamines et compl\u00e9ments premium des USA &amp; Canada, Nouvelle Z\u00e9lande,Maroc (NOW Foods, Solgar, Manuka). Livraison rapide partout au Maroc.\",\"publisher\":{\"@id\":\"https:\\\/\\\/vitablanca.ma\\\/#organization\"},\"alternateName\":\"VitaBlanca.ma\",\"potentialAction\":[{\"@type\":\"SearchAction\",\"target\":{\"@type\":\"EntryPoint\",\"urlTemplate\":\"https:\\\/\\\/vitablanca.ma\\\/?s={search_term_string}\"},\"query-input\":{\"@type\":\"PropertyValueSpecification\",\"valueRequired\":true,\"valueName\":\"search_term_string\"}}],\"inLanguage\":\"en-US\"},{\"@type\":\"Organization\",\"@id\":\"https:\\\/\\\/vitablanca.ma\\\/#organization\",\"name\":\"VitaBlanca\",\"url\":\"https:\\\/\\\/vitablanca.ma\\\/\",\"logo\":{\"@type\":\"ImageObject\",\"inLanguage\":\"en-US\",\"@id\":\"https:\\\/\\\/vitablanca.ma\\\/#\\\/schema\\\/logo\\\/image\\\/\",\"url\":\"https:\\\/\\\/vitablanca.ma\\\/wp-content\\\/uploads\\\/2025\\\/05\\\/cropped-vitablanca.png\",\"contentUrl\":\"https:\\\/\\\/vitablanca.ma\\\/wp-content\\\/uploads\\\/2025\\\/05\\\/cropped-vitablanca.png\",\"width\":360,\"height\":67,\"caption\":\"VitaBlanca\"},\"image\":{\"@id\":\"https:\\\/\\\/vitablanca.ma\\\/#\\\/schema\\\/logo\\\/image\\\/\"},\"sameAs\":[\"https:\\\/\\\/www.facebook.com\\\/profile.php?id=61576678196717\",\"https:\\\/\\\/www.tiktok.com\\\/@vitablanca.ma\",\"https:\\\/\\\/www.instagram.com\\\/vitablanca.ma\\\/\"]}]}<\/script>\n<!-- \/ Yoast SEO plugin. -->","yoast_head_json":{"title":"Garden Of Life Women Probiotiques Femmes 50 Milliards - Maroc","description":"D\u00e9couvrez Garden of Life Women's Probiotics, 50 milliards de CFU, 30 capsules, un suppl\u00e9ment probiotique con\u00e7u sp\u00e9cifiquement pour les femmes,","robots":{"index":"index","follow":"follow","max-snippet":"max-snippet:-1","max-image-preview":"max-image-preview:large","max-video-preview":"max-video-preview:-1"},"canonical":"https:\/\/vitablanca.ma\/en\/product\/garden-of-life-women-probiotiques-pour-femmes-50-milliards-systeme-digestif-immunitaire-30-caps\/","og_locale":"en_US","og_type":"article","og_title":"Garden Of Life Women Probiotiques Femmes 50 Milliards - Maroc","og_description":"D\u00e9couvrez Garden of Life Women's Probiotics, 50 milliards de CFU, 30 capsules, un suppl\u00e9ment probiotique con\u00e7u sp\u00e9cifiquement pour les femmes,","og_url":"https:\/\/vitablanca.ma\/en\/product\/garden-of-life-women-probiotiques-pour-femmes-50-milliards-systeme-digestif-immunitaire-30-caps\/","og_site_name":"Vitablanca.ma &ndash; Sant&eacute;, vitalit&eacute; et bien-&ecirc;tre pour tous les Marocains","article_publisher":"https:\/\/www.facebook.com\/profile.php?id=61576678196717","article_modified_time":"2025-09-22T18:10:29+00:00","og_image":[{"width":680,"height":680,"url":"https:\/\/vitablanca.ma\/wp-content\/uploads\/2025\/09\/Garden-Of-Life-Women-Probiotiques-pour-Femmes-50-Milliards-systeme-digestif-immunitaire-30-Caps.jpg","type":"image\/jpeg"}],"twitter_card":"summary_large_image","twitter_misc":{"Est. reading time":"2 minutes"},"schema":{"@context":"https:\/\/schema.org","@graph":[{"@type":["WebPage","ItemPage"],"@id":"https:\/\/vitablanca.ma\/produit\/garden-of-life-women-probiotiques-pour-femmes-50-milliards-systeme-digestif-immunitaire-30-caps\/","url":"https:\/\/vitablanca.ma\/produit\/garden-of-life-women-probiotiques-pour-femmes-50-milliards-systeme-digestif-immunitaire-30-caps\/","name":"Garden Of Life Women Probiotiques Femmes 50 Milliards - Maroc","isPartOf":{"@id":"https:\/\/vitablanca.ma\/#website"},"primaryImageOfPage":{"@id":"https:\/\/vitablanca.ma\/produit\/garden-of-life-women-probiotiques-pour-femmes-50-milliards-systeme-digestif-immunitaire-30-caps\/#primaryimage"},"image":{"@id":"https:\/\/vitablanca.ma\/produit\/garden-of-life-women-probiotiques-pour-femmes-50-milliards-systeme-digestif-immunitaire-30-caps\/#primaryimage"},"thumbnailUrl":"https:\/\/vitablanca.ma\/wp-content\/uploads\/2025\/09\/Garden-Of-Life-Women-Probiotiques-pour-Femmes-50-Milliards-systeme-digestif-immunitaire-30-Caps.jpg","datePublished":"2025-09-18T01:49:25+00:00","dateModified":"2025-09-22T18:10:29+00:00","description":"D\u00e9couvrez Garden of Life Women's Probiotics, 50 milliards de CFU, 30 capsules, un suppl\u00e9ment probiotique con\u00e7u sp\u00e9cifiquement pour les femmes,","breadcrumb":{"@id":"https:\/\/vitablanca.ma\/produit\/garden-of-life-women-probiotiques-pour-femmes-50-milliards-systeme-digestif-immunitaire-30-caps\/#breadcrumb"},"inLanguage":"en-US","potentialAction":[{"@type":"ReadAction","target":["https:\/\/vitablanca.ma\/produit\/garden-of-life-women-probiotiques-pour-femmes-50-milliards-systeme-digestif-immunitaire-30-caps\/"]}]},{"@type":"ImageObject","inLanguage":"en-US","@id":"https:\/\/vitablanca.ma\/produit\/garden-of-life-women-probiotiques-pour-femmes-50-milliards-systeme-digestif-immunitaire-30-caps\/#primaryimage","url":"https:\/\/vitablanca.ma\/wp-content\/uploads\/2025\/09\/Garden-Of-Life-Women-Probiotiques-pour-Femmes-50-Milliards-systeme-digestif-immunitaire-30-Caps.jpg","contentUrl":"https:\/\/vitablanca.ma\/wp-content\/uploads\/2025\/09\/Garden-Of-Life-Women-Probiotiques-pour-Femmes-50-Milliards-systeme-digestif-immunitaire-30-Caps.jpg","width":680,"height":680},{"@type":"BreadcrumbList","@id":"https:\/\/vitablanca.ma\/produit\/garden-of-life-women-probiotiques-pour-femmes-50-milliards-systeme-digestif-immunitaire-30-caps\/#breadcrumb","itemListElement":[{"@type":"ListItem","position":1,"name":"Home","item":"https:\/\/vitablanca.ma\/"},{"@type":"ListItem","position":2,"name":"Tous Les Produits","item":"https:\/\/vitablanca.ma\/tous-les-produits\/"},{"@type":"ListItem","position":3,"name":"Garden Of Life Women Probiotiques pour Femmes 50 Milliards, syst\u00e8me digestif immunitaire 30 capsules"}]},{"@type":"WebSite","@id":"https:\/\/vitablanca.ma\/#website","url":"https:\/\/vitablanca.ma\/","name":"VitaBlanca.ma | Food supplements, health &amp; beauty in Morocco","description":"sell premium vitamins and supplements from USA &amp; Canada, New Zealand, Morocco (NOW Foods, Solgar, Manuka). Fast delivery anywhere in Morocco.","publisher":{"@id":"https:\/\/vitablanca.ma\/#organization"},"alternateName":"VitaBlanca.ma","potentialAction":[{"@type":"SearchAction","target":{"@type":"EntryPoint","urlTemplate":"https:\/\/vitablanca.ma\/?s={search_term_string}"},"query-input":{"@type":"PropertyValueSpecification","valueRequired":true,"valueName":"search_term_string"}}],"inLanguage":"en-US"},{"@type":"Organization","@id":"https:\/\/vitablanca.ma\/#organization","name":"VitaBlanca","url":"https:\/\/vitablanca.ma\/","logo":{"@type":"ImageObject","inLanguage":"en-US","@id":"https:\/\/vitablanca.ma\/#\/schema\/logo\/image\/","url":"https:\/\/vitablanca.ma\/wp-content\/uploads\/2025\/05\/cropped-vitablanca.png","contentUrl":"https:\/\/vitablanca.ma\/wp-content\/uploads\/2025\/05\/cropped-vitablanca.png","width":360,"height":67,"caption":"VitaBlanca"},"image":{"@id":"https:\/\/vitablanca.ma\/#\/schema\/logo\/image\/"},"sameAs":["https:\/\/www.facebook.com\/profile.php?id=61576678196717","https:\/\/www.tiktok.com\/@vitablanca.ma","https:\/\/www.instagram.com\/vitablanca.ma\/"]}]}},"jetpack_sharing_enabled":true,"_links":{"self":[{"href":"https:\/\/vitablanca.ma\/en\/wp-json\/wp\/v2\/product\/25319","targetHints":{"allow":["GET"]}}],"collection":[{"href":"https:\/\/vitablanca.ma\/en\/wp-json\/wp\/v2\/product"}],"about":[{"href":"https:\/\/vitablanca.ma\/en\/wp-json\/wp\/v2\/types\/product"}],"wp:featuredmedia":[{"embeddable":true,"href":"https:\/\/vitablanca.ma\/en\/wp-json\/wp\/v2\/media\/25358"}],"wp:attachment":[{"href":"https:\/\/vitablanca.ma\/en\/wp-json\/wp\/v2\/media?parent=25319"}],"wp:term":[{"taxonomy":"product_brand","embeddable":true,"href":"https:\/\/vitablanca.ma\/en\/wp-json\/wp\/v2\/product_brand?post=25319"},{"taxonomy":"product_cat","embeddable":true,"href":"https:\/\/vitablanca.ma\/en\/wp-json\/wp\/v2\/product_cat?post=25319"},{"taxonomy":"product_tag","embeddable":true,"href":"https:\/\/vitablanca.ma\/en\/wp-json\/wp\/v2\/product_tag?post=25319"}],"curies":[{"name":"wp","href":"https:\/\/api.w.org\/{rel}","templated":true}]}}