{"id":25318,"date":"2025-09-18T01:49:25","date_gmt":"2025-09-18T01:49:25","guid":{"rendered":"https:\/\/vitablanca.ma\/?post_type=product&#038;p=25318"},"modified":"2025-09-22T18:10:29","modified_gmt":"2025-09-22T18:10:29","slug":"doctors-best-lutein-20mg-featuring-lutemax-soy-free-eye-health-180-softgels","status":"publish","type":"product","link":"https:\/\/vitablanca.ma\/en\/product\/doctors-best-lutein-20mg-featuring-lutemax-soy-free-eye-health-180-softgels\/","title":{"rendered":"Doctor&rsquo;s BEST Lutein 20mg Featuring Lutemax Soy Free, Eye Health, ,180 Softgels"},"content":{"rendered":"<p>Chez Doctor&rsquo;s Best, nous sommes en mission contre la \u201clumi\u00e8re bleue\u201d. Notre formule sp\u00e9ciale contient du Lutemax\u00a02020\u00ae, un m\u00e9lange de lut\u00e9ine et de z\u00e9axanthine de qualit\u00e9 premium. Celui-ci prot\u00e8ge les yeux des dommages potentiels caus\u00e9s par la lumi\u00e8re bleue \u00e0 haute \u00e9nergie, notamment lors de l&rsquo;exposition quotidienne aux \u00e9crans num\u00e9riques, \u00e0 la lumi\u00e8re du soleil et \u00e0 l&rsquo;\u00e9clairage int\u00e9rieur.<\/p>","protected":false},"excerpt":{"rendered":"<ul>\n<li>La meilleure lut\u00e9ine avec Lutemax fournit de la lut\u00e9ine, de la z\u00e9axanthine et de la m\u00e9so-z\u00e9axanthine<\/li>\n<li>Remarque sur le produit\u00a0: l&rsquo;exposition \u00e0 la chaleur ou \u00e0 la lumi\u00e8re du soleil peut entra\u00eener la fonte\/l&rsquo;endommagement du produit. Par cons\u00e9quent, les clients doivent \u00eatre disponibles lors de la livraison du produit<\/li>\n<li>Ces trois carot\u00e9no\u00efdes s&rsquo;accumulent naturellement dans la r\u00e9tine et favorisent une bonne d\u00e9tection de la lumi\u00e8re et un contr\u00f4le de l&rsquo;\u00e9blouissement<\/li>\n<li>La m\u00e9so-z\u00e9axanthine est importante pour la sant\u00e9 de la r\u00e9tine, elle est tr\u00e8s rare dans l&rsquo;alimentation<\/li>\n<li>Cette formule \u00e0 haute absorption est enti\u00e8rement r\u00e9active et non tamponn\u00e9e.<\/li>\n<\/ul>","protected":false},"featured_media":25356,"template":"","meta":{"om_disable_all_campaigns":false},"product_brand":[1982],"product_cat":[18,3366],"product_tag":[3511,3512,3513,3514,3515,3481,3516,3517],"class_list":{"0":"post-25318","1":"product","2":"type-product","3":"status-publish","4":"has-post-thumbnail","6":"product_brand-doctors-best-maroc-prix","7":"product_cat-beaute-sante","8":"product_cat-complements-alimentaires-au-maroc-vitablanca","9":"product_tag-complement-pour-sante-oculaire","10":"product_tag-complements","11":"product_tag-doctors-best-lutein-20-mg","12":"product_tag-lutein-sans-soja-180-softgels","13":"product_tag-lutemax-2020-yeux-vision","14":"product_tag-prix-maroc","15":"product_tag-protection-lumiere-bleue-et-uv","16":"product_tag-vitamins","18":"first","19":"instock","20":"sale","21":"taxable","22":"shipping-taxable","23":"purchasable","24":"product-type-simple"},"yoast_head":"<!-- This site is optimized with the Yoast SEO plugin v27.5 - https:\/\/yoast.com\/product\/yoast-seo-wordpress\/ -->\n<title>Doctor&#039;s BEST Lutein 20mg Featuring 180 Softgels - Maroc Prix<\/title>\n<meta name=\"description\" content=\"Achetez Doctor&#039;s Best Lutein 20mg Lutemax 180 softgels sans soja au Maroc. Prot\u00e8ge la vision, filtre la lumi\u00e8re bleue et soutient la sant\u00e9 oculaire.\" \/>\n<meta name=\"robots\" content=\"index, follow, max-snippet:-1, max-image-preview:large, max-video-preview:-1\" \/>\n<link rel=\"canonical\" href=\"https:\/\/vitablanca.ma\/en\/product\/doctors-best-lutein-20mg-featuring-lutemax-soy-free-eye-health-180-softgels\/\" \/>\n<meta property=\"og:locale\" content=\"en_US\" \/>\n<meta property=\"og:type\" content=\"article\" \/>\n<meta property=\"og:title\" content=\"Doctor&#039;s BEST Lutein 20mg Featuring 180 Softgels - Maroc Prix\" \/>\n<meta property=\"og:description\" content=\"Achetez Doctor&#039;s Best Lutein 20mg Lutemax 180 softgels sans soja au Maroc. Prot\u00e8ge la vision, filtre la lumi\u00e8re bleue et soutient la sant\u00e9 oculaire.\" \/>\n<meta property=\"og:url\" content=\"https:\/\/vitablanca.ma\/en\/product\/doctors-best-lutein-20mg-featuring-lutemax-soy-free-eye-health-180-softgels\/\" \/>\n<meta property=\"og:site_name\" content=\"Vitablanca.ma &ndash; Sant&eacute;, vitalit&eacute; et bien-&ecirc;tre pour tous les Marocains\" \/>\n<meta property=\"article:publisher\" content=\"https:\/\/www.facebook.com\/profile.php?id=61576678196717\" \/>\n<meta property=\"article:modified_time\" content=\"2025-09-22T18:10:29+00:00\" \/>\n<meta property=\"og:image\" content=\"https:\/\/vitablanca.ma\/wp-content\/uploads\/2025\/09\/WhatsApp-Image-2025-08-16-at-00.25.59.jpeg\" \/>\n\t<meta property=\"og:image:width\" content=\"1170\" \/>\n\t<meta property=\"og:image:height\" content=\"1487\" \/>\n\t<meta property=\"og:image:type\" content=\"image\/jpeg\" \/>\n<meta name=\"twitter:card\" content=\"summary_large_image\" \/>\n<meta name=\"twitter:label1\" content=\"Est. reading time\" \/>\n\t<meta name=\"twitter:data1\" content=\"1 minute\" \/>\n<script type=\"application\/ld+json\" class=\"yoast-schema-graph\">{\"@context\":\"https:\\\/\\\/schema.org\",\"@graph\":[{\"@type\":[\"WebPage\",\"ItemPage\"],\"@id\":\"https:\\\/\\\/vitablanca.ma\\\/produit\\\/doctors-best-lutein-20mg-featuring-lutemax-soy-free-eye-health-180-softgels\\\/\",\"url\":\"https:\\\/\\\/vitablanca.ma\\\/produit\\\/doctors-best-lutein-20mg-featuring-lutemax-soy-free-eye-health-180-softgels\\\/\",\"name\":\"Doctor's BEST Lutein 20mg Featuring 180 Softgels - Maroc Prix\",\"isPartOf\":{\"@id\":\"https:\\\/\\\/vitablanca.ma\\\/#website\"},\"primaryImageOfPage\":{\"@id\":\"https:\\\/\\\/vitablanca.ma\\\/produit\\\/doctors-best-lutein-20mg-featuring-lutemax-soy-free-eye-health-180-softgels\\\/#primaryimage\"},\"image\":{\"@id\":\"https:\\\/\\\/vitablanca.ma\\\/produit\\\/doctors-best-lutein-20mg-featuring-lutemax-soy-free-eye-health-180-softgels\\\/#primaryimage\"},\"thumbnailUrl\":\"https:\\\/\\\/vitablanca.ma\\\/wp-content\\\/uploads\\\/2025\\\/09\\\/WhatsApp-Image-2025-08-16-at-00.25.59.jpeg\",\"datePublished\":\"2025-09-18T01:49:25+00:00\",\"dateModified\":\"2025-09-22T18:10:29+00:00\",\"description\":\"Achetez Doctor's Best Lutein 20mg Lutemax 180 softgels sans soja au Maroc. Prot\u00e8ge la vision, filtre la lumi\u00e8re bleue et soutient la sant\u00e9 oculaire.\",\"breadcrumb\":{\"@id\":\"https:\\\/\\\/vitablanca.ma\\\/produit\\\/doctors-best-lutein-20mg-featuring-lutemax-soy-free-eye-health-180-softgels\\\/#breadcrumb\"},\"inLanguage\":\"en-US\",\"potentialAction\":[{\"@type\":\"ReadAction\",\"target\":[\"https:\\\/\\\/vitablanca.ma\\\/produit\\\/doctors-best-lutein-20mg-featuring-lutemax-soy-free-eye-health-180-softgels\\\/\"]}]},{\"@type\":\"ImageObject\",\"inLanguage\":\"en-US\",\"@id\":\"https:\\\/\\\/vitablanca.ma\\\/produit\\\/doctors-best-lutein-20mg-featuring-lutemax-soy-free-eye-health-180-softgels\\\/#primaryimage\",\"url\":\"https:\\\/\\\/vitablanca.ma\\\/wp-content\\\/uploads\\\/2025\\\/09\\\/WhatsApp-Image-2025-08-16-at-00.25.59.jpeg\",\"contentUrl\":\"https:\\\/\\\/vitablanca.ma\\\/wp-content\\\/uploads\\\/2025\\\/09\\\/WhatsApp-Image-2025-08-16-at-00.25.59.jpeg\",\"width\":1170,\"height\":1487},{\"@type\":\"BreadcrumbList\",\"@id\":\"https:\\\/\\\/vitablanca.ma\\\/produit\\\/doctors-best-lutein-20mg-featuring-lutemax-soy-free-eye-health-180-softgels\\\/#breadcrumb\",\"itemListElement\":[{\"@type\":\"ListItem\",\"position\":1,\"name\":\"Home\",\"item\":\"https:\\\/\\\/vitablanca.ma\\\/\"},{\"@type\":\"ListItem\",\"position\":2,\"name\":\"Tous Les Produits\",\"item\":\"https:\\\/\\\/vitablanca.ma\\\/tous-les-produits\\\/\"},{\"@type\":\"ListItem\",\"position\":3,\"name\":\"Doctor&#8217;s BEST Lutein 20mg Featuring Lutemax Soy Free, Eye Health, ,180 Softgels\"}]},{\"@type\":\"WebSite\",\"@id\":\"https:\\\/\\\/vitablanca.ma\\\/#website\",\"url\":\"https:\\\/\\\/vitablanca.ma\\\/\",\"name\":\"VitaBlanca.ma | Compl\u00e9ments alimentaires, sant\u00e9 & beaut\u00e9 au Maroc\",\"description\":\"vendre vitamines et compl\u00e9ments premium des USA &amp; Canada, Nouvelle Z\u00e9lande,Maroc (NOW Foods, Solgar, Manuka). Livraison rapide partout au Maroc.\",\"publisher\":{\"@id\":\"https:\\\/\\\/vitablanca.ma\\\/#organization\"},\"alternateName\":\"VitaBlanca.ma\",\"potentialAction\":[{\"@type\":\"SearchAction\",\"target\":{\"@type\":\"EntryPoint\",\"urlTemplate\":\"https:\\\/\\\/vitablanca.ma\\\/?s={search_term_string}\"},\"query-input\":{\"@type\":\"PropertyValueSpecification\",\"valueRequired\":true,\"valueName\":\"search_term_string\"}}],\"inLanguage\":\"en-US\"},{\"@type\":\"Organization\",\"@id\":\"https:\\\/\\\/vitablanca.ma\\\/#organization\",\"name\":\"VitaBlanca\",\"url\":\"https:\\\/\\\/vitablanca.ma\\\/\",\"logo\":{\"@type\":\"ImageObject\",\"inLanguage\":\"en-US\",\"@id\":\"https:\\\/\\\/vitablanca.ma\\\/#\\\/schema\\\/logo\\\/image\\\/\",\"url\":\"https:\\\/\\\/vitablanca.ma\\\/wp-content\\\/uploads\\\/2025\\\/05\\\/cropped-vitablanca.png\",\"contentUrl\":\"https:\\\/\\\/vitablanca.ma\\\/wp-content\\\/uploads\\\/2025\\\/05\\\/cropped-vitablanca.png\",\"width\":360,\"height\":67,\"caption\":\"VitaBlanca\"},\"image\":{\"@id\":\"https:\\\/\\\/vitablanca.ma\\\/#\\\/schema\\\/logo\\\/image\\\/\"},\"sameAs\":[\"https:\\\/\\\/www.facebook.com\\\/profile.php?id=61576678196717\",\"https:\\\/\\\/www.tiktok.com\\\/@vitablanca.ma\",\"https:\\\/\\\/www.instagram.com\\\/vitablanca.ma\\\/\"]}]}<\/script>\n<!-- \/ Yoast SEO plugin. -->","yoast_head_json":{"title":"Doctor's BEST Lutein 20mg Featuring 180 Softgels - Maroc Prix","description":"Achetez Doctor's Best Lutein 20mg Lutemax 180 softgels sans soja au Maroc. Prot\u00e8ge la vision, filtre la lumi\u00e8re bleue et soutient la sant\u00e9 oculaire.","robots":{"index":"index","follow":"follow","max-snippet":"max-snippet:-1","max-image-preview":"max-image-preview:large","max-video-preview":"max-video-preview:-1"},"canonical":"https:\/\/vitablanca.ma\/en\/product\/doctors-best-lutein-20mg-featuring-lutemax-soy-free-eye-health-180-softgels\/","og_locale":"en_US","og_type":"article","og_title":"Doctor's BEST Lutein 20mg Featuring 180 Softgels - Maroc Prix","og_description":"Achetez Doctor's Best Lutein 20mg Lutemax 180 softgels sans soja au Maroc. Prot\u00e8ge la vision, filtre la lumi\u00e8re bleue et soutient la sant\u00e9 oculaire.","og_url":"https:\/\/vitablanca.ma\/en\/product\/doctors-best-lutein-20mg-featuring-lutemax-soy-free-eye-health-180-softgels\/","og_site_name":"Vitablanca.ma &ndash; Sant&eacute;, vitalit&eacute; et bien-&ecirc;tre pour tous les Marocains","article_publisher":"https:\/\/www.facebook.com\/profile.php?id=61576678196717","article_modified_time":"2025-09-22T18:10:29+00:00","og_image":[{"width":1170,"height":1487,"url":"https:\/\/vitablanca.ma\/wp-content\/uploads\/2025\/09\/WhatsApp-Image-2025-08-16-at-00.25.59.jpeg","type":"image\/jpeg"}],"twitter_card":"summary_large_image","twitter_misc":{"Est. reading time":"1 minute"},"schema":{"@context":"https:\/\/schema.org","@graph":[{"@type":["WebPage","ItemPage"],"@id":"https:\/\/vitablanca.ma\/produit\/doctors-best-lutein-20mg-featuring-lutemax-soy-free-eye-health-180-softgels\/","url":"https:\/\/vitablanca.ma\/produit\/doctors-best-lutein-20mg-featuring-lutemax-soy-free-eye-health-180-softgels\/","name":"Doctor's BEST Lutein 20mg Featuring 180 Softgels - Maroc Prix","isPartOf":{"@id":"https:\/\/vitablanca.ma\/#website"},"primaryImageOfPage":{"@id":"https:\/\/vitablanca.ma\/produit\/doctors-best-lutein-20mg-featuring-lutemax-soy-free-eye-health-180-softgels\/#primaryimage"},"image":{"@id":"https:\/\/vitablanca.ma\/produit\/doctors-best-lutein-20mg-featuring-lutemax-soy-free-eye-health-180-softgels\/#primaryimage"},"thumbnailUrl":"https:\/\/vitablanca.ma\/wp-content\/uploads\/2025\/09\/WhatsApp-Image-2025-08-16-at-00.25.59.jpeg","datePublished":"2025-09-18T01:49:25+00:00","dateModified":"2025-09-22T18:10:29+00:00","description":"Achetez Doctor's Best Lutein 20mg Lutemax 180 softgels sans soja au Maroc. Prot\u00e8ge la vision, filtre la lumi\u00e8re bleue et soutient la sant\u00e9 oculaire.","breadcrumb":{"@id":"https:\/\/vitablanca.ma\/produit\/doctors-best-lutein-20mg-featuring-lutemax-soy-free-eye-health-180-softgels\/#breadcrumb"},"inLanguage":"en-US","potentialAction":[{"@type":"ReadAction","target":["https:\/\/vitablanca.ma\/produit\/doctors-best-lutein-20mg-featuring-lutemax-soy-free-eye-health-180-softgels\/"]}]},{"@type":"ImageObject","inLanguage":"en-US","@id":"https:\/\/vitablanca.ma\/produit\/doctors-best-lutein-20mg-featuring-lutemax-soy-free-eye-health-180-softgels\/#primaryimage","url":"https:\/\/vitablanca.ma\/wp-content\/uploads\/2025\/09\/WhatsApp-Image-2025-08-16-at-00.25.59.jpeg","contentUrl":"https:\/\/vitablanca.ma\/wp-content\/uploads\/2025\/09\/WhatsApp-Image-2025-08-16-at-00.25.59.jpeg","width":1170,"height":1487},{"@type":"BreadcrumbList","@id":"https:\/\/vitablanca.ma\/produit\/doctors-best-lutein-20mg-featuring-lutemax-soy-free-eye-health-180-softgels\/#breadcrumb","itemListElement":[{"@type":"ListItem","position":1,"name":"Home","item":"https:\/\/vitablanca.ma\/"},{"@type":"ListItem","position":2,"name":"Tous Les Produits","item":"https:\/\/vitablanca.ma\/tous-les-produits\/"},{"@type":"ListItem","position":3,"name":"Doctor&#8217;s BEST Lutein 20mg Featuring Lutemax Soy Free, Eye Health, ,180 Softgels"}]},{"@type":"WebSite","@id":"https:\/\/vitablanca.ma\/#website","url":"https:\/\/vitablanca.ma\/","name":"VitaBlanca.ma | Food supplements, health &amp; beauty in Morocco","description":"sell premium vitamins and supplements from USA &amp; Canada, New Zealand, Morocco (NOW Foods, Solgar, Manuka). Fast delivery anywhere in Morocco.","publisher":{"@id":"https:\/\/vitablanca.ma\/#organization"},"alternateName":"VitaBlanca.ma","potentialAction":[{"@type":"SearchAction","target":{"@type":"EntryPoint","urlTemplate":"https:\/\/vitablanca.ma\/?s={search_term_string}"},"query-input":{"@type":"PropertyValueSpecification","valueRequired":true,"valueName":"search_term_string"}}],"inLanguage":"en-US"},{"@type":"Organization","@id":"https:\/\/vitablanca.ma\/#organization","name":"VitaBlanca","url":"https:\/\/vitablanca.ma\/","logo":{"@type":"ImageObject","inLanguage":"en-US","@id":"https:\/\/vitablanca.ma\/#\/schema\/logo\/image\/","url":"https:\/\/vitablanca.ma\/wp-content\/uploads\/2025\/05\/cropped-vitablanca.png","contentUrl":"https:\/\/vitablanca.ma\/wp-content\/uploads\/2025\/05\/cropped-vitablanca.png","width":360,"height":67,"caption":"VitaBlanca"},"image":{"@id":"https:\/\/vitablanca.ma\/#\/schema\/logo\/image\/"},"sameAs":["https:\/\/www.facebook.com\/profile.php?id=61576678196717","https:\/\/www.tiktok.com\/@vitablanca.ma","https:\/\/www.instagram.com\/vitablanca.ma\/"]}]}},"jetpack_sharing_enabled":true,"_links":{"self":[{"href":"https:\/\/vitablanca.ma\/en\/wp-json\/wp\/v2\/product\/25318","targetHints":{"allow":["GET"]}}],"collection":[{"href":"https:\/\/vitablanca.ma\/en\/wp-json\/wp\/v2\/product"}],"about":[{"href":"https:\/\/vitablanca.ma\/en\/wp-json\/wp\/v2\/types\/product"}],"wp:featuredmedia":[{"embeddable":true,"href":"https:\/\/vitablanca.ma\/en\/wp-json\/wp\/v2\/media\/25356"}],"wp:attachment":[{"href":"https:\/\/vitablanca.ma\/en\/wp-json\/wp\/v2\/media?parent=25318"}],"wp:term":[{"taxonomy":"product_brand","embeddable":true,"href":"https:\/\/vitablanca.ma\/en\/wp-json\/wp\/v2\/product_brand?post=25318"},{"taxonomy":"product_cat","embeddable":true,"href":"https:\/\/vitablanca.ma\/en\/wp-json\/wp\/v2\/product_cat?post=25318"},{"taxonomy":"product_tag","embeddable":true,"href":"https:\/\/vitablanca.ma\/en\/wp-json\/wp\/v2\/product_tag?post=25318"}],"curies":[{"name":"wp","href":"https:\/\/api.w.org\/{rel}","templated":true}]}}